{"id":8,"date":"2017-10-20T23:20:03","date_gmt":"2017-10-20T21:20:03","guid":{"rendered":"https:\/\/linmot.com\/?page_id=8"},"modified":"2024-07-08T11:35:41","modified_gmt":"2024-07-08T09:35:41","slug":"branchen","status":"publish","type":"page","link":"https:\/\/linmot.com\/de\/branchen\/","title":{"rendered":"Branchenl\u00f6sungen"},"content":{"rendered":"<p><strong>Passende Branchenl\u00f6sungen &#8211; LinMot Linearmotoren und Servo Drive sind f\u00fcr den Einsatz in rauer und anspruchsvoller Industrieumgebung ausgelegt. Sie zeichnen sich durch herausragende technische Eigenschaften, wartungsarmen Betrieb und extreme Langlebigkeit aus. Die geschlossene Bauart und das Eingiessen s\u00e4mtlicher Motorenkomponenten in einem massiven Eisenrohr sowie die integrierte Positionssensorik auf Basis von Magnetfeldsensoren erm\u00f6glichen den zuverl\u00e4ssigen Betrieb der Motoren selbst in schmutziger Umgebung oder im Nassbereich (bis Schutzklasse IP69K).<\/strong><\/p>\n<p>Mit den verschiedenen Produktreihen von LinMot stehen sowohl Antriebssysteme f\u00fcr komplexe Servomotoranwendungen wie auch f\u00fcr einfache Aufgaben aus der Pneumatik zur Verf\u00fcgung. All diese Eigenschaften machen industrielle Linearmotoren zur idealen L\u00f6sung f\u00fcr lineare Bewegungen in Verpackungsmaschinen, Handlingeinrichtungen, Textilmaschinen, Sondermaschinen und vielen anderen Anwendungen.<\/p>\n<div class=\"row\">\n<div class=\"col-md-4\">\n<h4>Lebensmittel<\/h4>\n<img loading=\"lazy\" decoding=\"async\" class=\"alignnone wp-image-2543 size-full\" src=\"https:\/\/linmot.com\/de\/wp-content\/uploads\/sites\/2\/2021\/11\/lebensmittel-300x200-1.jpg\" alt=\"\" width=\"300\" height=\"200\" \/>\n<p class=\"bodytext\" align=\"justify\">Innovative Antriebstechnik f\u00fcr die Optimierung von Herstellungs- und Verpackungsprozessen von Lebensmittel.<\/p>\n<p><a class=\"button\" href=\"\/de\/branchen\/lebensmittel\/\" rel=\"noopener\">Mehr dazu<\/a><\/p>\n<\/div>\n<div class=\"col-md-4\">\n<h4>Handling &amp; Montage<\/h4>\n<img loading=\"lazy\" decoding=\"async\" class=\"alignnone size-full wp-image-2534\" src=\"https:\/\/linmot.com\/de\/wp-content\/uploads\/sites\/2\/2021\/11\/handling-montage-300x200-1.jpg\" alt=\"\" width=\"300\" height=\"200\" \/>\n<p class=\"bodytext\" align=\"justify\">Hauptansatz f\u00fcr eine leistungsf\u00e4higere Fertigung sind modular aufgebaute Anlagen, in denen Elemente auf einfachste Weise rekonfiguriert werden k\u00f6nnen.<\/p>\n<p><a class=\"button\" href=\"\/de\/branchen\/handling-montage\/\" rel=\"noopener\">Mehr dazu<\/a><\/p>\n<\/div>\n<div class=\"col-md-4\">\n<h4>Automobilindustrie<\/h4>\n<img loading=\"lazy\" decoding=\"async\" class=\"alignnone wp-image-2541 size-full\" src=\"https:\/\/linmot.com\/de\/wp-content\/uploads\/sites\/2\/2021\/11\/automobilindustrie-300x200-1.jpg\" alt=\"\" width=\"300\" height=\"200\" \/>\n<p class=\"bodytext\" align=\"justify\">LinMot bietet der Automobilindustrie vereinfacht Funktions- und Dauertests in der Automobilindustrie, sowie flexible L\u00f6sungen bei grossen St\u00fcckzahlen in der Montagetechnik.<\/p>\n<p><a class=\"button\" href=\"\/de\/branchen\/automobil\/\" rel=\"noopener\">Mehr dazu<\/a><\/p>\n<\/div>\n<\/div>\n<div class=\"row\">\n<div class=\"col-md-4\">\n<h4>Textil<\/h4>\n<img loading=\"lazy\" decoding=\"async\" class=\"alignnone wp-image-2540 size-full\" src=\"https:\/\/linmot.com\/de\/wp-content\/uploads\/sites\/2\/2021\/11\/textil-300x200-1.jpg\" alt=\"\" width=\"300\" height=\"200\" \/>\n<p class=\"bodytext\" align=\"justify\">Die Anforderungen, welche die Textilindustrie heute an Webmaschinen stellt, sind vielf\u00e4ltig: Gefordert wird ein flexibler und schonender Materialeinsatz, extreme Musterungsvielfalt, eine absolute Funktionssicherheit und fehlerfreie Ware.<\/p>\n<p><a class=\"button\" href=\"\/de\/branchen\/textil\/\" rel=\"noopener\">Mehr dazu<\/a><\/p>\n<\/div>\n<div class=\"col-md-4\">\n<h4>Life Science<\/h4>\n<img loading=\"lazy\" decoding=\"async\" class=\"alignnone size-full wp-image-5134\" src=\"https:\/\/linmot.com\/de\/wp-content\/uploads\/sites\/2\/2024\/07\/life-science-soluzioni.jpg\" alt=\"\" width=\"300\" height=\"200\" \/>\n<p class=\"bodytext\" align=\"justify\">Im Bereich der Life Science ist der Bau von Maschinen zur Produktaufbereitung von entscheidender Bedeutung.<\/p>\n<p><a class=\"button\" href=\"\/de\/branchen\/life-science\/\" rel=\"noopener\">Mehr dazu<\/a><\/p>\n<\/div>\n<div class=\"col-md-4\">\n<h4>Halbleiter &amp; Elektronik<\/h4>\n<img loading=\"lazy\" decoding=\"async\" class=\"alignnone size-full wp-image-2539\" src=\"https:\/\/linmot.com\/de\/wp-content\/uploads\/sites\/2\/2021\/11\/halbleiter-elektronik-300x200-1.jpg\" alt=\"\" width=\"300\" height=\"200\" \/>\n<p class=\"bodytext\" align=\"justify\">In der Halbleiterindustrie ist die Verf\u00fcgbarkeit von Anlagen und Maschinen eine absolute Forderung. Eine moderne Elektronikfertigung muss mit h\u00e4ufigen Produktwechseln zurechtkommen.<\/p>\n<p><a class=\"button\" href=\"\/de\/branchen\/halbleiter-elektronik\/\" rel=\"noopener\">Mehr dazu<\/a><\/p>\n<\/div>\n<\/div>\n<div class=\"row\">\n<div class=\"col-md-4\">\n<h4>Laborautomation<\/h4>\n<img loading=\"lazy\" decoding=\"async\" class=\"alignnone size-full wp-image-2538\" src=\"https:\/\/linmot.com\/de\/wp-content\/uploads\/sites\/2\/2021\/11\/laborautomation-300x200-1.jpg\" alt=\"\" width=\"300\" height=\"200\" \/>\n<p class=\"bodytext\" align=\"justify\">Laborautomation gewinnt in den modernen Life Sciences eine immer gr\u00f6\u00dfere Bedeutung. Der Anspruch immer mehr Datenpunkte zu erzeugen, dabei Fehler zu vermeiden, die Experimente nachvollziehbar zu dokumentieren und gleichzeitig die Kosten zu senken, treibt diese Entwicklung.<\/p>\n<p><a class=\"button\" href=\"\/de\/branchen\/laborautomation\/\" rel=\"noopener\">Mehr dazu<\/a><\/p>\n<\/div>\n<div class=\"col-md-4\">\n<h4>Drucken &amp; Etikettieren<\/h4>\n<img loading=\"lazy\" decoding=\"async\" class=\"alignnone size-full wp-image-2537\" src=\"https:\/\/linmot.com\/de\/wp-content\/uploads\/sites\/2\/2021\/11\/drucken-etikettieren-300x200-1.jpg\" alt=\"\" width=\"300\" height=\"200\" \/>\n<p class=\"bodytext\" align=\"justify\">Die zentrale Herausforderung im Bereich des Druckens und Etikettierens ist die kosteneffiziente und fehlerfreie Produktion von Auftr\u00e4gen mit kurzer Laufl\u00e4nge bei reproduzierbarer hoher Qualit\u00e4t. Eine hochdynamische, pr\u00e4zise Antriebstechnologie ist dabei von grosser Bedeutung.<\/p>\n<p><a class=\"button\" href=\"\/de\/branchen\/drucken-etikettieren\/\" rel=\"noopener\">Mehr dazu<\/a><\/p>\n<\/div>\n<div class=\"col-md-4\">\n<h4>Verpacken<\/h4>\n<img loading=\"lazy\" decoding=\"async\" class=\"alignnone size-full wp-image-2536\" src=\"https:\/\/linmot.com\/de\/wp-content\/uploads\/sites\/2\/2021\/11\/verpacken-300x200-1.jpg\" alt=\"\" width=\"300\" height=\"200\" \/>\n<p class=\"bodytext\" align=\"justify\">Verpackungen sind aus dem Alltag nicht mehr Wegzudenken. Mit der Vielfalt an Produkten die uns t\u00e4glich begegnen geht auch die Vielfalt von Verpackungsarten einher. Dabei ist nicht nur die Funktionalit\u00e4t und das Design entscheidend, sondern auch die Produktion.<\/p>\n<p><a class=\"button\" href=\"\/de\/branchen\/verpacken\/\" rel=\"noopener\">Mehr dazu<\/a><\/p>\n<\/div>\n<\/div>\n<div class=\"row\">\n<div class=\"col-md-4\">\n<h4>Medizin &amp; Pharma<\/h4>\n<img loading=\"lazy\" decoding=\"async\" class=\"alignnone size-full wp-image-2535\" src=\"https:\/\/linmot.com\/de\/wp-content\/uploads\/sites\/2\/2021\/11\/medizin-pharma-300x200-1.jpg\" alt=\"\" width=\"300\" height=\"200\" \/>\n<p class=\"bodytext\" align=\"justify\">Das Einsatzspektrum von Linearantrieben im Medizin und Pharma-Sektor ist sehr breit angelegt. Bedarf es des Handlings von Blutproben, m\u00fcssen Pillen gez\u00e4hlt bzw. aufgef\u00fcllt werden oder geht es um das anspruchsvolle Verpacken von Arzneimittel, LinMot Antriebskomponenten bieten ein H\u00f6chstmass an Dynamik und Pr\u00e4zision zur Realisierung dieser Aufgaben.<\/p>\n<p><a class=\"button\" href=\"\/de\/branchen\/medizin-pharma\/\" rel=\"noopener\">Mehr dazu<\/a><\/p>\n<\/div>\n<div class=\"col-md-4\">\n<h4><strong>Holzbearbeitung<\/strong><\/h4>\n<img loading=\"lazy\" decoding=\"async\" class=\"alignnone wp-image-2542 size-full\" src=\"https:\/\/linmot.com\/de\/wp-content\/uploads\/sites\/2\/2021\/11\/holzbearbeitung-300x200-1.jpg\" alt=\"\" width=\"300\" height=\"200\" \/>\n<p class=\"bodytext\" align=\"justify\">Hohe Effizien, kompromissslose Funktionalit\u00e4t, Zuverl\u00e4ssigkeit und eine hohe Verf\u00fcgbarkeit: Lineartechnologie in der Holzbearbeitung.<\/p>\n<p><a class=\"button\" href=\"\/de\/branchen\/holzbearbeitung\/\" rel=\"noopener\">Mehr dazu<\/a><\/p>\n<\/div>\n<\/div>\n","protected":false},"excerpt":{"rendered":"<p>Passende Branchenl\u00f6sungen &#8211; LinMot Linearmotoren und Servo Drive sind f\u00fcr den Einsatz in rauer und anspruchsvoller Industrieumgebung ausgelegt. Sie zeichnen sich durch herausragende technische Eigenschaften, wartungsarmen Betrieb und extreme Langlebigkeit aus. Die geschlossene Bauart und das Eingiessen s\u00e4mtlicher Motorenkomponenten in einem massiven Eisenrohr sowie die integrierte Positionssensorik auf Basis von Magnetfeldsensoren erm\u00f6glichen den zuverl\u00e4ssigen Betrieb [&hellip;]<\/p>\n","protected":false},"author":1,"featured_media":0,"parent":0,"menu_order":102,"comment_status":"closed","ping_status":"closed","template":"","meta":{"_acf_changed":false,"footnotes":""},"class_list":["post-8","page","type-page","status-publish","hentry"],"acf":[],"yoast_head":"<!-- This site is optimized with the Yoast SEO Premium plugin v20.9 (Yoast SEO v27.3) - https:\/\/yoast.com\/product\/yoast-seo-premium-wordpress\/ -->\n<title>Branchenl\u00f6sungen von LinMot &amp; MagSpring<\/title>\n<meta name=\"description\" content=\"Passende Branchenl\u00f6sungen - Linearmotoren und Servo Drive sind f\u00fcr den Einsatz in rauer und anspruchsvoller Industrieumgebung ausgelegt.\" \/>\n<meta name=\"robots\" content=\"index, follow, max-snippet:-1, max-image-preview:large, max-video-preview:-1\" \/>\n<link rel=\"canonical\" href=\"https:\/\/linmot.com\/de\/branchen\/\" \/>\n<meta property=\"og:locale\" content=\"de_DE\" \/>\n<meta property=\"og:type\" content=\"article\" \/>\n<meta property=\"og:title\" content=\"Branchenl\u00f6sungen | Linear Motion Technology Leader | LinMot\" \/>\n<meta property=\"og:description\" content=\"Passende Branchenl\u00f6sungen - Linearmotoren und Servo Drive sind f\u00fcr den Einsatz in rauer und anspruchsvoller Industrieumgebung ausgelegt.\" \/>\n<meta property=\"og:url\" content=\"https:\/\/linmot.com\/de\/branchen\/\" \/>\n<meta property=\"og:site_name\" content=\"LinMot &amp; MagSpring - Deutsch\" \/>\n<meta property=\"article:modified_time\" content=\"2024-07-08T09:35:41+00:00\" \/>\n<meta property=\"og:image\" content=\"https:\/\/linmot.com\/de\/wp-content\/uploads\/sites\/2\/2017\/10\/LinMot-Solutions-Food-Products-Industry.jpg\" \/>\n\t<meta property=\"og:image:width\" content=\"940\" \/>\n\t<meta property=\"og:image:height\" content=\"300\" \/>\n\t<meta property=\"og:image:type\" content=\"image\/jpeg\" \/>\n<meta name=\"twitter:card\" content=\"summary_large_image\" \/>\n<meta name=\"twitter:title\" content=\"Branchenl\u00f6sungen | Linear Motion Technology Leader | LinMot\" \/>\n<meta name=\"twitter:description\" content=\"Passende Branchenl\u00f6sungen - Linearmotoren und Servo Drive sind f\u00fcr den Einsatz in rauer und anspruchsvoller Industrieumgebung ausgelegt.\" \/>\n<meta name=\"twitter:image\" content=\"https:\/\/linmot.com\/de\/wp-content\/uploads\/sites\/2\/2017\/10\/LinMot-Solutions-Food-Products-Industry.jpg\" \/>\n<meta name=\"twitter:label1\" content=\"Gesch\u00e4tzte Lesezeit\" \/>\n\t<meta name=\"twitter:data1\" content=\"5 Minuten\" \/>\n<script type=\"application\/ld+json\" class=\"yoast-schema-graph\">{\"@context\":\"https:\\\/\\\/schema.org\",\"@graph\":[{\"@type\":\"WebPage\",\"@id\":\"https:\\\/\\\/linmot.com\\\/de\\\/branchen\\\/\",\"url\":\"https:\\\/\\\/linmot.com\\\/de\\\/branchen\\\/\",\"name\":\"Branchenl\u00f6sungen von LinMot & MagSpring\",\"isPartOf\":{\"@id\":\"https:\\\/\\\/linmot.com\\\/de\\\/#website\"},\"primaryImageOfPage\":{\"@id\":\"https:\\\/\\\/linmot.com\\\/de\\\/branchen\\\/#primaryimage\"},\"image\":{\"@id\":\"https:\\\/\\\/linmot.com\\\/de\\\/branchen\\\/#primaryimage\"},\"thumbnailUrl\":\"https:\\\/\\\/linmot.com\\\/de\\\/wp-content\\\/uploads\\\/sites\\\/2\\\/2021\\\/11\\\/lebensmittel-300x200-1.jpg\",\"datePublished\":\"2017-10-20T21:20:03+00:00\",\"dateModified\":\"2024-07-08T09:35:41+00:00\",\"description\":\"Passende Branchenl\u00f6sungen - Linearmotoren und Servo Drive sind f\u00fcr den Einsatz in rauer und anspruchsvoller Industrieumgebung ausgelegt.\",\"breadcrumb\":{\"@id\":\"https:\\\/\\\/linmot.com\\\/de\\\/branchen\\\/#breadcrumb\"},\"inLanguage\":\"de\",\"potentialAction\":[{\"@type\":\"ReadAction\",\"target\":[\"https:\\\/\\\/linmot.com\\\/de\\\/branchen\\\/\"]}]},{\"@type\":\"ImageObject\",\"inLanguage\":\"de\",\"@id\":\"https:\\\/\\\/linmot.com\\\/de\\\/branchen\\\/#primaryimage\",\"url\":\"https:\\\/\\\/linmot.com\\\/de\\\/wp-content\\\/uploads\\\/sites\\\/2\\\/2021\\\/11\\\/lebensmittel-300x200-1.jpg\",\"contentUrl\":\"https:\\\/\\\/linmot.com\\\/de\\\/wp-content\\\/uploads\\\/sites\\\/2\\\/2021\\\/11\\\/lebensmittel-300x200-1.jpg\",\"width\":300,\"height\":200,\"caption\":\"Lebensmittelindustrie\"},{\"@type\":\"BreadcrumbList\",\"@id\":\"https:\\\/\\\/linmot.com\\\/de\\\/branchen\\\/#breadcrumb\",\"itemListElement\":[{\"@type\":\"ListItem\",\"position\":1,\"name\":\"LinMot\",\"item\":\"https:\\\/\\\/linmot.com\\\/de\\\/\"},{\"@type\":\"ListItem\",\"position\":2,\"name\":\"Branchenl\u00f6sungen\"}]},{\"@type\":\"WebSite\",\"@id\":\"https:\\\/\\\/linmot.com\\\/de\\\/#website\",\"url\":\"https:\\\/\\\/linmot.com\\\/de\\\/\",\"name\":\"LinMot & MagSpring - Industrielle Linearmotoren\",\"description\":\"Hochwertigen Linearmotoren und Linearmotorsystemen\",\"publisher\":{\"@id\":\"https:\\\/\\\/linmot.com\\\/de\\\/#organization\"},\"potentialAction\":[{\"@type\":\"SearchAction\",\"target\":{\"@type\":\"EntryPoint\",\"urlTemplate\":\"https:\\\/\\\/linmot.com\\\/de\\\/?s={search_term_string}\"},\"query-input\":{\"@type\":\"PropertyValueSpecification\",\"valueRequired\":true,\"valueName\":\"search_term_string\"}}],\"inLanguage\":\"de\"},{\"@type\":\"Organization\",\"@id\":\"https:\\\/\\\/linmot.com\\\/de\\\/#organization\",\"name\":\"NTI AG - LinMot & MagSpring\",\"url\":\"https:\\\/\\\/linmot.com\\\/de\\\/\",\"logo\":{\"@type\":\"ImageObject\",\"inLanguage\":\"de\",\"@id\":\"https:\\\/\\\/linmot.com\\\/de\\\/#\\\/schema\\\/logo\\\/image\\\/\",\"url\":\"https:\\\/\\\/linmot.com\\\/de\\\/wp-content\\\/uploads\\\/sites\\\/2\\\/2022\\\/01\\\/social-logo.jpg\",\"contentUrl\":\"https:\\\/\\\/linmot.com\\\/de\\\/wp-content\\\/uploads\\\/sites\\\/2\\\/2022\\\/01\\\/social-logo.jpg\",\"width\":800,\"height\":500,\"caption\":\"NTI AG - LinMot & MagSpring\"},\"image\":{\"@id\":\"https:\\\/\\\/linmot.com\\\/de\\\/#\\\/schema\\\/logo\\\/image\\\/\"},\"sameAs\":[\"https:\\\/\\\/www.linkedin.com\\\/company\\\/nti-ag-linmot-magspring\",\"https:\\\/\\\/www.youtube.com\\\/user\\\/LinMotEurope\",\"https:\\\/\\\/www.xing.com\\\/pages\\\/linmot-magspring\"]}]}<\/script>\n<!-- \/ Yoast SEO Premium plugin. -->","yoast_head_json":{"title":"Branchenl\u00f6sungen von LinMot & MagSpring","description":"Passende Branchenl\u00f6sungen - Linearmotoren und Servo Drive sind f\u00fcr den Einsatz in rauer und anspruchsvoller Industrieumgebung ausgelegt.","robots":{"index":"index","follow":"follow","max-snippet":"max-snippet:-1","max-image-preview":"max-image-preview:large","max-video-preview":"max-video-preview:-1"},"canonical":"https:\/\/linmot.com\/de\/branchen\/","og_locale":"de_DE","og_type":"article","og_title":"Branchenl\u00f6sungen | Linear Motion Technology Leader | LinMot","og_description":"Passende Branchenl\u00f6sungen - Linearmotoren und Servo Drive sind f\u00fcr den Einsatz in rauer und anspruchsvoller Industrieumgebung ausgelegt.","og_url":"https:\/\/linmot.com\/de\/branchen\/","og_site_name":"LinMot &amp; MagSpring - Deutsch","article_modified_time":"2024-07-08T09:35:41+00:00","og_image":[{"width":940,"height":300,"url":"https:\/\/linmot.com\/de\/wp-content\/uploads\/sites\/2\/2017\/10\/LinMot-Solutions-Food-Products-Industry.jpg","type":"image\/jpeg"}],"twitter_card":"summary_large_image","twitter_title":"Branchenl\u00f6sungen | Linear Motion Technology Leader | LinMot","twitter_description":"Passende Branchenl\u00f6sungen - Linearmotoren und Servo Drive sind f\u00fcr den Einsatz in rauer und anspruchsvoller Industrieumgebung ausgelegt.","twitter_image":"https:\/\/linmot.com\/de\/wp-content\/uploads\/sites\/2\/2017\/10\/LinMot-Solutions-Food-Products-Industry.jpg","twitter_misc":{"Gesch\u00e4tzte Lesezeit":"5 Minuten"},"schema":{"@context":"https:\/\/schema.org","@graph":[{"@type":"WebPage","@id":"https:\/\/linmot.com\/de\/branchen\/","url":"https:\/\/linmot.com\/de\/branchen\/","name":"Branchenl\u00f6sungen von LinMot & MagSpring","isPartOf":{"@id":"https:\/\/linmot.com\/de\/#website"},"primaryImageOfPage":{"@id":"https:\/\/linmot.com\/de\/branchen\/#primaryimage"},"image":{"@id":"https:\/\/linmot.com\/de\/branchen\/#primaryimage"},"thumbnailUrl":"https:\/\/linmot.com\/de\/wp-content\/uploads\/sites\/2\/2021\/11\/lebensmittel-300x200-1.jpg","datePublished":"2017-10-20T21:20:03+00:00","dateModified":"2024-07-08T09:35:41+00:00","description":"Passende Branchenl\u00f6sungen - Linearmotoren und Servo Drive sind f\u00fcr den Einsatz in rauer und anspruchsvoller Industrieumgebung ausgelegt.","breadcrumb":{"@id":"https:\/\/linmot.com\/de\/branchen\/#breadcrumb"},"inLanguage":"de","potentialAction":[{"@type":"ReadAction","target":["https:\/\/linmot.com\/de\/branchen\/"]}]},{"@type":"ImageObject","inLanguage":"de","@id":"https:\/\/linmot.com\/de\/branchen\/#primaryimage","url":"https:\/\/linmot.com\/de\/wp-content\/uploads\/sites\/2\/2021\/11\/lebensmittel-300x200-1.jpg","contentUrl":"https:\/\/linmot.com\/de\/wp-content\/uploads\/sites\/2\/2021\/11\/lebensmittel-300x200-1.jpg","width":300,"height":200,"caption":"Lebensmittelindustrie"},{"@type":"BreadcrumbList","@id":"https:\/\/linmot.com\/de\/branchen\/#breadcrumb","itemListElement":[{"@type":"ListItem","position":1,"name":"LinMot","item":"https:\/\/linmot.com\/de\/"},{"@type":"ListItem","position":2,"name":"Branchenl\u00f6sungen"}]},{"@type":"WebSite","@id":"https:\/\/linmot.com\/de\/#website","url":"https:\/\/linmot.com\/de\/","name":"LinMot & MagSpring - Industrielle Linearmotoren","description":"Hochwertigen Linearmotoren und Linearmotorsystemen","publisher":{"@id":"https:\/\/linmot.com\/de\/#organization"},"potentialAction":[{"@type":"SearchAction","target":{"@type":"EntryPoint","urlTemplate":"https:\/\/linmot.com\/de\/?s={search_term_string}"},"query-input":{"@type":"PropertyValueSpecification","valueRequired":true,"valueName":"search_term_string"}}],"inLanguage":"de"},{"@type":"Organization","@id":"https:\/\/linmot.com\/de\/#organization","name":"NTI AG - LinMot & MagSpring","url":"https:\/\/linmot.com\/de\/","logo":{"@type":"ImageObject","inLanguage":"de","@id":"https:\/\/linmot.com\/de\/#\/schema\/logo\/image\/","url":"https:\/\/linmot.com\/de\/wp-content\/uploads\/sites\/2\/2022\/01\/social-logo.jpg","contentUrl":"https:\/\/linmot.com\/de\/wp-content\/uploads\/sites\/2\/2022\/01\/social-logo.jpg","width":800,"height":500,"caption":"NTI AG - LinMot & MagSpring"},"image":{"@id":"https:\/\/linmot.com\/de\/#\/schema\/logo\/image\/"},"sameAs":["https:\/\/www.linkedin.com\/company\/nti-ag-linmot-magspring","https:\/\/www.youtube.com\/user\/LinMotEurope","https:\/\/www.xing.com\/pages\/linmot-magspring"]}]}},"_links":{"self":[{"href":"https:\/\/linmot.com\/de\/wp-json\/wp\/v2\/pages\/8","targetHints":{"allow":["GET"]}}],"collection":[{"href":"https:\/\/linmot.com\/de\/wp-json\/wp\/v2\/pages"}],"about":[{"href":"https:\/\/linmot.com\/de\/wp-json\/wp\/v2\/types\/page"}],"author":[{"embeddable":true,"href":"https:\/\/linmot.com\/de\/wp-json\/wp\/v2\/users\/1"}],"replies":[{"embeddable":true,"href":"https:\/\/linmot.com\/de\/wp-json\/wp\/v2\/comments?post=8"}],"version-history":[{"count":18,"href":"https:\/\/linmot.com\/de\/wp-json\/wp\/v2\/pages\/8\/revisions"}],"predecessor-version":[{"id":5135,"href":"https:\/\/linmot.com\/de\/wp-json\/wp\/v2\/pages\/8\/revisions\/5135"}],"wp:attachment":[{"href":"https:\/\/linmot.com\/de\/wp-json\/wp\/v2\/media?parent=8"}],"curies":[{"name":"wp","href":"https:\/\/api.w.org\/{rel}","templated":true}]}}