{"id":763,"date":"2018-08-22T14:33:34","date_gmt":"2018-08-22T12:33:34","guid":{"rendered":"https:\/\/linmot.com\/de\/?page_id=763"},"modified":"2026-01-29T11:41:59","modified_gmt":"2026-01-29T10:41:59","slug":"linmot-talk","status":"publish","type":"page","link":"https:\/\/linmot.com\/de\/download\/linmot-talk-drive-konfiguration\/linmot-talk\/","title":{"rendered":"LinMot-Talk"},"content":{"rendered":"<h2>Software Version 6.14<\/h2>\n<p>For servo drive series:<\/p>\n<p>A1100-CO<\/p>\n<p>B8050\/MB8050-ML (MC-Link), -EC, -IP, -PN, -PL, -SC<\/p>\n<p>C1100-CO, -DS, -EC, -PN, -RS, -SE<\/p>\n<p>C1250-CC, -CM, -DS, -EC, -IP, -LU, &#8211; PD, -PL, -PN, -SE, -SC<\/p>\n<p>C1250-MI, -CC, -DS\/EC, -CM, -LU, -PD\/PN, -PL, -SC<\/p>\n<p>C1251-2S, -PDS, -PNS, -FSoE<\/p>\n<p>C1450-DS, -EC, -IP, -LU, -PD, -PL, -PN, -SC, -SE<\/p>\n<p>E1200-CO, -DP, -DS, -EC, -IP, -LU, -PL, -PN, -RS, -SC, -SE<\/p>\n<p>E1400-CO, -DP, -DS, -EC, -IP, -LU, -PD, -PL, -PN, -RS, -SC, -SE<\/p>\n<p>I1150-DS, -EC, -SE<\/p>\n<p>Supported OS: Win10, Win11; all 32 &amp; 64 Bit<\/p>\n<p>B1100 and E1100 servo drive series are supported until LinMot-Talk 6.9 Build 20210430. See under <a href=\"\/de\/download\/linmot-talk-drive-konfiguration\/linmot-talk\/old-releases\/\">old releases<\/a>.<\/p>\n<div class=\"row\">\n<div class=\"col-md-4\">\n<h4 class=\"download-title\">LinMot-Talk 6.14 Build 20260111<\/h4>\n<\/div>\n<div class=\"col-md-8\">\n<div class=\"download-box\"><a href=\"https:\/\/linmot.com\/fileadmin\/user_upload\/Downloads\/software-firmware\/servo-drives\/linmot-talk-6\/LinMot-Talk_V6S14_B20260111.exe\" target=\"_blank\" rel=\"noopener noreferrer\" download=\"\"><span class=\"name\"> Setup <\/span><span class=\"size\">252 MB<\/span><\/a><\/div>\n<\/div>\n<\/div>\n<div class=\"row\">\n<div class=\"col-md-4\">\n<h4 class=\"download-title\">Release Infos 6.14 20260111<\/h4>\n<\/div>\n<div class=\"col-md-8\">\n<div class=\"download-box\"><a href=\"https:\/\/linmot.com\/de\/wp-content\/uploads\/sites\/2\/2026\/01\/260111-releaseinfo.pdf\" target=\"_blank\" rel=\"noopener noreferrer\"><span class=\"name\">PDF<\/span><span class=\"size\">1 MB<\/span><\/a><\/div>\n<\/div>\n<\/div>\n<div class=\"row\">\n<div class=\"col-md-4\">\n<h4 class=\"download-title\">LinMot-Talk 6.14 Build 20260111<br \/>\nPortable Version<\/h4>\n<p class=\"bodytext\">The portable version is used in the following cases:<\/p>\n<ul>\n<li>If no software may be installed<\/li>\n<li>Admin rights for program downloads via setup are not available<\/li>\n<li>Other problems occur<\/li>\n<li>For Windows XP (no setup for XP)<\/li>\n<\/ul>\n<\/div>\n<div class=\"col-md-8\">\n<div class=\"download-box\"><a href=\"https:\/\/linmot.com\/fileadmin\/user_upload\/Downloads\/software-firmware\/servo-drives\/linmot-talk-6\/0187-0001_SW_6V14_LinMot-Talk_6.14_Build_20260111.zip\" target=\"_blank\" rel=\"noopener noreferrer\"><span class=\"name\">ZIP<\/span><span class=\"size\">350 MB<\/span><\/a><\/div>\n<\/div>\n<\/div>\n<p><b>Old Releases<\/b><br \/>\n<a class=\"button\" href=\"\/de\/download\/linmot-talk-drive-konfiguration\/linmot-talk\/old-releases\/\">View Old Releases<\/a><\/p>\n<hr \/>\n<h2>Manuals<\/h2>\n<p>The below documentation is as well included in the subdirectory \\doc of the installed software. GSD file for PROFIBUS, EDS files for CANopen and DeviceNet, XML file for EtherCAT and XDD file for POWERLINK can be found in the subdirectory \\Firmware\\.<\/p>\n<div class=\"row\">\n<div class=\"col-md-4\">\n<h4 class=\"download-title\">LinMot-Talk 6 User Manual<\/h4>\n<p class=\"bodytext\">LinMot-Talk 6 User Manual<\/p>\n<\/div>\n<div class=\"col-md-8\">\n<div class=\"download-box\"><a href=\"https:\/\/linmot.com\/fileadmin\/\/user_upload\/Downloads\/software-firmware\/servo-drives\/linmot-talk-6\/0185-1059-E_6V16_MA_LinMotTalk.pdf\" target=\"_blank\" rel=\"noopener noreferrer\"><span class=\"name\">English<\/span><span class=\"size\">15.9 MB<\/span><\/a><\/div>\n<\/div>\n<\/div>\n<div class=\"row\">\n<div class=\"col-md-4\">\n<h4 class=\"download-title\">Software Manuals<\/h4>\n<p class=\"bodytext\">Documentation of:<\/p>\n<ul>\n<li>Applications<\/li>\n<li>Control EC Motors<\/li>\n<li>Interfaces<\/li>\n<li>Motion Control<\/li>\n<li>Quick Start<\/li>\n<\/ul>\n<\/div>\n<div class=\"col-md-8\">\n<div class=\"download-box\"><a href=\"https:\/\/shop.linmot.com\/D\/dokumentation\/software-dokumentation\/drive-sw-handb%c3%bccher.htm\" target=\"_blank\" rel=\"noopener noreferrer\"><span class=\"name\">Software Manuals on e-Catalogue<\/span><\/a><\/div>\n<\/div>\n<\/div>\n<hr \/>\n<h2>Packages for Local Update<\/h2>\n<p>The handling of these packages is described in the LinMot-Talk User Manual. The packages can be used from LinMot-Talk version 6.10.<\/p>\n<div class=\"row\">\n<div class=\"col-md-4\">\n<h4 class=\"download-title\">Motor Package<\/h4>\n<\/div>\n<div class=\"col-md-8\">\n<div class=\"download-box\"><a href=\"https:\/\/linmot.com\/fileadmin\/user_upload\/Downloads\/software-firmware\/servo-drives\/linmot-talk-6\/250630-motoren.zip\" target=\"_blank\" rel=\"noopener noreferrer\"><span class=\"name\">ZIP<\/span><span class=\"size\">13 MB<\/span><\/a><\/div>\n<\/div>\n<\/div>\n<div class=\"row\">\n<div class=\"col-md-4\">\n<h4 class=\"download-title\">Older Releases Package<\/h4>\n<\/div>\n<div class=\"col-md-8\">\n<div class=\"download-box\"><a href=\"https:\/\/linmot.com\/fileadmin\/user_upload\/Downloads\/software-firmware\/servo-drives\/linmot-talk-6\/250630-older-releases-package.zip\" target=\"_blank\" rel=\"noopener noreferrer\"><span class=\"name\">ZIP<\/span><span class=\"size\">1.16 GB<\/span><\/a><\/div>\n<\/div>\n<\/div>\n","protected":false},"excerpt":{"rendered":"<p>Software Version 6.14 For servo drive series: A1100-CO B8050\/MB8050-ML (MC-Link), -EC, -IP, -PN, -PL, -SC C1100-CO, -DS, -EC, -PN, -RS, -SE C1250-CC, -CM, -DS, -EC, -IP, -LU, &#8211; PD, -PL, -PN, -SE, -SC C1250-MI, -CC, -DS\/EC, -CM, -LU, -PD\/PN, -PL, -SC C1251-2S, -PDS, -PNS, -FSoE C1450-DS, -EC, -IP, -LU, -PD, -PL, -PN, -SC, -SE E1200-CO, [&hellip;]<\/p>\n","protected":false},"author":1,"featured_media":0,"parent":427,"menu_order":87,"comment_status":"closed","ping_status":"closed","template":"","meta":{"_acf_changed":false,"footnotes":""},"class_list":["post-763","page","type-page","status-publish","hentry"],"acf":[],"yoast_head":"<!-- This site is optimized with the Yoast SEO Premium plugin v20.9 (Yoast SEO v27.3) - https:\/\/yoast.com\/product\/yoast-seo-premium-wordpress\/ -->\n<title>LinMot-Talk | Linear Motion Technology Leader | LinMot<\/title>\n<meta name=\"description\" content=\"Hier finden Sie s\u00e4mtliche Daten, die Sie zur Installation von LinMot-Talk ben\u00f6tigen. Auch n\u00fctzliche Anleitungen sind hier verlinkt.\" \/>\n<meta name=\"robots\" content=\"index, follow, max-snippet:-1, max-image-preview:large, max-video-preview:-1\" \/>\n<link rel=\"canonical\" href=\"https:\/\/linmot.com\/download\/linmot-talk-drive-configuration\/linmot-talk\/\" \/>\n<meta property=\"og:locale\" content=\"de_DE\" \/>\n<meta property=\"og:type\" content=\"article\" \/>\n<meta property=\"og:title\" content=\"LinMot-Talk\" \/>\n<meta property=\"og:description\" content=\"Hier finden Sie s\u00e4mtliche Daten, die Sie zur Installation von LinMot-Talk ben\u00f6tigen. Auch n\u00fctzliche Anleitungen sind hier verlinkt.\" \/>\n<meta property=\"og:url\" content=\"https:\/\/linmot.com\/download\/linmot-talk-drive-configuration\/linmot-talk\/\" \/>\n<meta property=\"og:site_name\" content=\"LinMot &amp; MagSpring - Deutsch\" \/>\n<meta property=\"article:modified_time\" content=\"2026-01-29T10:41:59+00:00\" \/>\n<meta property=\"og:image\" content=\"https:\/\/linmot.com\/de\/wp-content\/uploads\/sites\/2\/2022\/01\/social-logo.jpg\" \/>\n\t<meta property=\"og:image:width\" content=\"800\" \/>\n\t<meta property=\"og:image:height\" content=\"500\" \/>\n\t<meta property=\"og:image:type\" content=\"image\/jpeg\" \/>\n<meta name=\"twitter:card\" content=\"summary_large_image\" \/>\n<meta name=\"twitter:label1\" content=\"Gesch\u00e4tzte Lesezeit\" \/>\n\t<meta name=\"twitter:data1\" content=\"2 Minuten\" \/>\n<script type=\"application\/ld+json\" class=\"yoast-schema-graph\">{\"@context\":\"https:\\\/\\\/schema.org\",\"@graph\":[{\"@type\":\"WebPage\",\"@id\":\"https:\\\/\\\/linmot.com\\\/de\\\/download\\\/linmot-talk-drive-konfiguration\\\/linmot-talk\\\/\",\"url\":\"https:\\\/\\\/linmot.com\\\/download\\\/linmot-talk-drive-configuration\\\/linmot-talk\\\/\",\"name\":\"LinMot-Talk | Linear Motion Technology Leader | LinMot\",\"isPartOf\":{\"@id\":\"https:\\\/\\\/linmot.com\\\/de\\\/#website\"},\"datePublished\":\"2018-08-22T12:33:34+00:00\",\"dateModified\":\"2026-01-29T10:41:59+00:00\",\"description\":\"Hier finden Sie s\u00e4mtliche Daten, die Sie zur Installation von LinMot-Talk ben\u00f6tigen. Auch n\u00fctzliche Anleitungen sind hier verlinkt.\",\"breadcrumb\":{\"@id\":\"https:\\\/\\\/linmot.com\\\/download\\\/linmot-talk-drive-configuration\\\/linmot-talk\\\/#breadcrumb\"},\"inLanguage\":\"de\",\"potentialAction\":[{\"@type\":\"ReadAction\",\"target\":[\"https:\\\/\\\/linmot.com\\\/download\\\/linmot-talk-drive-configuration\\\/linmot-talk\\\/\"]}]},{\"@type\":\"BreadcrumbList\",\"@id\":\"https:\\\/\\\/linmot.com\\\/download\\\/linmot-talk-drive-configuration\\\/linmot-talk\\\/#breadcrumb\",\"itemListElement\":[{\"@type\":\"ListItem\",\"position\":1,\"name\":\"LinMot\",\"item\":\"https:\\\/\\\/linmot.com\\\/de\\\/\"},{\"@type\":\"ListItem\",\"position\":2,\"name\":\"Download\",\"item\":\"https:\\\/\\\/linmot.com\\\/de\\\/download\\\/\"},{\"@type\":\"ListItem\",\"position\":3,\"name\":\"LinMot Talk (Drive-Konfiguration)\",\"item\":\"https:\\\/\\\/linmot.com\\\/de\\\/download\\\/linmot-talk-drive-konfiguration\\\/\"},{\"@type\":\"ListItem\",\"position\":4,\"name\":\"LinMot-Talk\"}]},{\"@type\":\"WebSite\",\"@id\":\"https:\\\/\\\/linmot.com\\\/de\\\/#website\",\"url\":\"https:\\\/\\\/linmot.com\\\/de\\\/\",\"name\":\"LinMot & MagSpring - Industrielle Linearmotoren\",\"description\":\"Hochwertigen Linearmotoren und Linearmotorsystemen\",\"publisher\":{\"@id\":\"https:\\\/\\\/linmot.com\\\/de\\\/#organization\"},\"potentialAction\":[{\"@type\":\"SearchAction\",\"target\":{\"@type\":\"EntryPoint\",\"urlTemplate\":\"https:\\\/\\\/linmot.com\\\/de\\\/?s={search_term_string}\"},\"query-input\":{\"@type\":\"PropertyValueSpecification\",\"valueRequired\":true,\"valueName\":\"search_term_string\"}}],\"inLanguage\":\"de\"},{\"@type\":\"Organization\",\"@id\":\"https:\\\/\\\/linmot.com\\\/de\\\/#organization\",\"name\":\"NTI AG - LinMot & MagSpring\",\"url\":\"https:\\\/\\\/linmot.com\\\/de\\\/\",\"logo\":{\"@type\":\"ImageObject\",\"inLanguage\":\"de\",\"@id\":\"https:\\\/\\\/linmot.com\\\/de\\\/#\\\/schema\\\/logo\\\/image\\\/\",\"url\":\"https:\\\/\\\/linmot.com\\\/de\\\/wp-content\\\/uploads\\\/sites\\\/2\\\/2022\\\/01\\\/social-logo.jpg\",\"contentUrl\":\"https:\\\/\\\/linmot.com\\\/de\\\/wp-content\\\/uploads\\\/sites\\\/2\\\/2022\\\/01\\\/social-logo.jpg\",\"width\":800,\"height\":500,\"caption\":\"NTI AG - LinMot & MagSpring\"},\"image\":{\"@id\":\"https:\\\/\\\/linmot.com\\\/de\\\/#\\\/schema\\\/logo\\\/image\\\/\"},\"sameAs\":[\"https:\\\/\\\/www.linkedin.com\\\/company\\\/nti-ag-linmot-magspring\",\"https:\\\/\\\/www.youtube.com\\\/user\\\/LinMotEurope\",\"https:\\\/\\\/www.xing.com\\\/pages\\\/linmot-magspring\"]}]}<\/script>\n<!-- \/ Yoast SEO Premium plugin. -->","yoast_head_json":{"title":"LinMot-Talk | Linear Motion Technology Leader | LinMot","description":"Hier finden Sie s\u00e4mtliche Daten, die Sie zur Installation von LinMot-Talk ben\u00f6tigen. Auch n\u00fctzliche Anleitungen sind hier verlinkt.","robots":{"index":"index","follow":"follow","max-snippet":"max-snippet:-1","max-image-preview":"max-image-preview:large","max-video-preview":"max-video-preview:-1"},"canonical":"https:\/\/linmot.com\/download\/linmot-talk-drive-configuration\/linmot-talk\/","og_locale":"de_DE","og_type":"article","og_title":"LinMot-Talk","og_description":"Hier finden Sie s\u00e4mtliche Daten, die Sie zur Installation von LinMot-Talk ben\u00f6tigen. Auch n\u00fctzliche Anleitungen sind hier verlinkt.","og_url":"https:\/\/linmot.com\/download\/linmot-talk-drive-configuration\/linmot-talk\/","og_site_name":"LinMot &amp; MagSpring - Deutsch","article_modified_time":"2026-01-29T10:41:59+00:00","og_image":[{"width":800,"height":500,"url":"https:\/\/linmot.com\/de\/wp-content\/uploads\/sites\/2\/2022\/01\/social-logo.jpg","type":"image\/jpeg"}],"twitter_card":"summary_large_image","twitter_misc":{"Gesch\u00e4tzte Lesezeit":"2 Minuten"},"schema":{"@context":"https:\/\/schema.org","@graph":[{"@type":"WebPage","@id":"https:\/\/linmot.com\/de\/download\/linmot-talk-drive-konfiguration\/linmot-talk\/","url":"https:\/\/linmot.com\/download\/linmot-talk-drive-configuration\/linmot-talk\/","name":"LinMot-Talk | Linear Motion Technology Leader | LinMot","isPartOf":{"@id":"https:\/\/linmot.com\/de\/#website"},"datePublished":"2018-08-22T12:33:34+00:00","dateModified":"2026-01-29T10:41:59+00:00","description":"Hier finden Sie s\u00e4mtliche Daten, die Sie zur Installation von LinMot-Talk ben\u00f6tigen. Auch n\u00fctzliche Anleitungen sind hier verlinkt.","breadcrumb":{"@id":"https:\/\/linmot.com\/download\/linmot-talk-drive-configuration\/linmot-talk\/#breadcrumb"},"inLanguage":"de","potentialAction":[{"@type":"ReadAction","target":["https:\/\/linmot.com\/download\/linmot-talk-drive-configuration\/linmot-talk\/"]}]},{"@type":"BreadcrumbList","@id":"https:\/\/linmot.com\/download\/linmot-talk-drive-configuration\/linmot-talk\/#breadcrumb","itemListElement":[{"@type":"ListItem","position":1,"name":"LinMot","item":"https:\/\/linmot.com\/de\/"},{"@type":"ListItem","position":2,"name":"Download","item":"https:\/\/linmot.com\/de\/download\/"},{"@type":"ListItem","position":3,"name":"LinMot Talk (Drive-Konfiguration)","item":"https:\/\/linmot.com\/de\/download\/linmot-talk-drive-konfiguration\/"},{"@type":"ListItem","position":4,"name":"LinMot-Talk"}]},{"@type":"WebSite","@id":"https:\/\/linmot.com\/de\/#website","url":"https:\/\/linmot.com\/de\/","name":"LinMot & MagSpring - Industrielle Linearmotoren","description":"Hochwertigen Linearmotoren und Linearmotorsystemen","publisher":{"@id":"https:\/\/linmot.com\/de\/#organization"},"potentialAction":[{"@type":"SearchAction","target":{"@type":"EntryPoint","urlTemplate":"https:\/\/linmot.com\/de\/?s={search_term_string}"},"query-input":{"@type":"PropertyValueSpecification","valueRequired":true,"valueName":"search_term_string"}}],"inLanguage":"de"},{"@type":"Organization","@id":"https:\/\/linmot.com\/de\/#organization","name":"NTI AG - LinMot & MagSpring","url":"https:\/\/linmot.com\/de\/","logo":{"@type":"ImageObject","inLanguage":"de","@id":"https:\/\/linmot.com\/de\/#\/schema\/logo\/image\/","url":"https:\/\/linmot.com\/de\/wp-content\/uploads\/sites\/2\/2022\/01\/social-logo.jpg","contentUrl":"https:\/\/linmot.com\/de\/wp-content\/uploads\/sites\/2\/2022\/01\/social-logo.jpg","width":800,"height":500,"caption":"NTI AG - LinMot & MagSpring"},"image":{"@id":"https:\/\/linmot.com\/de\/#\/schema\/logo\/image\/"},"sameAs":["https:\/\/www.linkedin.com\/company\/nti-ag-linmot-magspring","https:\/\/www.youtube.com\/user\/LinMotEurope","https:\/\/www.xing.com\/pages\/linmot-magspring"]}]}},"_links":{"self":[{"href":"https:\/\/linmot.com\/de\/wp-json\/wp\/v2\/pages\/763","targetHints":{"allow":["GET"]}}],"collection":[{"href":"https:\/\/linmot.com\/de\/wp-json\/wp\/v2\/pages"}],"about":[{"href":"https:\/\/linmot.com\/de\/wp-json\/wp\/v2\/types\/page"}],"author":[{"embeddable":true,"href":"https:\/\/linmot.com\/de\/wp-json\/wp\/v2\/users\/1"}],"replies":[{"embeddable":true,"href":"https:\/\/linmot.com\/de\/wp-json\/wp\/v2\/comments?post=763"}],"version-history":[{"count":125,"href":"https:\/\/linmot.com\/de\/wp-json\/wp\/v2\/pages\/763\/revisions"}],"predecessor-version":[{"id":6287,"href":"https:\/\/linmot.com\/de\/wp-json\/wp\/v2\/pages\/763\/revisions\/6287"}],"up":[{"embeddable":true,"href":"https:\/\/linmot.com\/de\/wp-json\/wp\/v2\/pages\/427"}],"wp:attachment":[{"href":"https:\/\/linmot.com\/de\/wp-json\/wp\/v2\/media?parent=763"}],"curies":[{"name":"wp","href":"https:\/\/api.w.org\/{rel}","templated":true}]}}