{"id":696,"date":"2018-08-14T13:05:27","date_gmt":"2018-08-14T11:05:27","guid":{"rendered":"https:\/\/linmot.com\/de\/?page_id=696"},"modified":"2024-08-28T15:49:37","modified_gmt":"2024-08-28T13:49:37","slug":"linearmotoren-mit-integriertem-drive","status":"publish","type":"page","link":"https:\/\/linmot.com\/de\/produkte\/linearmotoren-mit-integriertem-drive\/","title":{"rendered":"Linearmotoren mit integriertem Drive"},"content":{"rendered":"<p align=\"justify\"><strong>Die PD03 Antriebseinheit besteht aus einem kompakten Linearmotor mit integriertem Drive. Durch dieses innovative Konzept kann erstmals auch bei linearen Direktantrieben auf den Regler im Schaltschrank verzichtet werden, so dass die Installationszeit und der Arbeitsaufwand stark reduziert werden. \u00dcber das hinaus erschliesst sich dem Anwender die M\u00f6glichkeit, mehrere Ger\u00e4te \u00fcber eine Daisy Chain Verkettung effizient zu koppeln. Durch diese neue Motorengeneration lassen sich modulare Maschinenkonzepte auf einfachste Art und Weise realisieren.<\/strong><\/p>\n<hr \/>\n<div class=\"row\">\n<div class=\"col-sm-2\">\n<p><a class=\"button\" href=\"#details\">1. Details<\/a><\/p>\n<\/div>\n<div class=\"col-sm-1\">\n<\/div>\n<div class=\"col-sm-2\">\n<p><a class=\"button\" href=\"#kontakt\">2. Kontakt<\/a><\/p>\n<\/div>\n<\/div>\n<hr \/>\n<h3 id=\"details\">1. Details<\/h3>\n<p align=\"justify\">Im Inneren des PD03 steckt ein <a href=\"\/de\/produkte\/linearmotoren\/\">Linearmotor<\/a> der Serie 37Sx120FHP. Dieser Kurzmotor-Typ erreicht eine Spitzenkraft von 255 N und eine Spitzengeschwindiggeit von 3.8 m\/s. Durch ein gut abgestimmtes L\u00e4uferprogramm ergibt sich ein Hubbereich bis 400 mm. Wie auch alle anderen LinMot Motoren zeichnet sich dieser Typ ebenfalls durch die freie Positionierbarkeit, eine hohe Prozessstabilit\u00e4t und eine hohe Lebensdauer ohne verschleissanf\u00e4llige Komponenten aus.<\/p>\n<p align=\"justify\">Der Drive verf\u00fcgt \u00fcber eine Industrial Ethernet Schnittstelle. EtherCAT mit den Ger\u00e4teprofilen LinMot I\/O (-EC), CiA402 (-DS) und SoE (-SE) ist verf\u00fcgbar. Andere Schnittstellen auf Anfrage. Die Konfig-Schnittstelle und die DIP Switches sind hinter einem Schutzdeckel verbaut, welcher die geforderte Dichtigkeit garantiert. Der komplette Motor mit integriertem Drive ist gem\u00e4ss Schutzklasse IP 65 gegen Staub-Einwirkung und Strahlwasser gesch\u00fctzt.<\/p>\n<div class=\"row\">\n<div class=\"col-md-5\">\n<ul>\n<li>High-Performance Linearmotor mit integriertem Drive<\/li>\n<li>Kompakte Abmessungen<\/li>\n<li>Hohe Dynamik<\/li>\n<li>Geeignet f\u00fcr Daisy Chain Verkettung<\/li>\n<li>Integrierter Montageflansch<\/li>\n<li>Geringer Verkabelungsaufwand<\/li>\n<\/ul>\n<p><a class=\"btn btn-active\" href=\"https:\/\/shop.linmot.com\/D\/linearmotoren-mit-drives.htm\" target=\"_blank\" rel=\"noopener noreferrer\">Zu den Details im e-Katalog<\/a><\/p>\n<\/div>\n<div class=\"col-md-7\">\n<div class=\"carousel slide\" id=\"4230e29f0e34fe2a63f70cd1c636fcee\" data-ride=\"carousel\">  <div class=\"carousel-inner\" role=\"listbox\">    <div class=\"item active\">      <img decoding=\"async\" src=\"https:\/\/linmot.com\/de\/wp-content\/uploads\/sites\/2\/2018\/08\/2018-Linmot-PD03-1.jpg\" alt=\"...\">    <\/div>    <div class=\"item\">      <img decoding=\"async\" src=\"https:\/\/linmot.com\/de\/wp-content\/uploads\/sites\/2\/2018\/08\/2018-Linmot-PD03_2.jpg\" alt=\"...\">    <\/div>    <div class=\"item\">      <img decoding=\"async\" src=\"https:\/\/linmot.com\/de\/wp-content\/uploads\/sites\/2\/2018\/08\/2018-Linmot-PD03_3.jpg\" alt=\"...\">    <\/div>  <\/div><div class=\"navigation\"><a class=\"left carousel-control\" href=\"#4230e29f0e34fe2a63f70cd1c636fcee\" role=\"button\" data-slide=\"prev\"><\/a><a class=\"right carousel-control\" href=\"#4230e29f0e34fe2a63f70cd1c636fcee\" role=\"button\" data-slide=\"next\"><\/a><\/div><\/div>\n<\/div>\n<\/div>\n<blockquote><p>Innovatives Produktkonzept durch das, der Regler im Schaltschrank nicht mehr notwendig ist<\/p><\/blockquote>\n<h3 id=\"kontakt\">2. Kontakt<\/h3>\n<div class=\"row download\">\n<div class=\"col-md-6\">\n<h4 class=\"download-title\">Fragen zu den Linearmotoren?<\/h4>\n<p class=\"bodytext\">Wir stehen Ihnen f\u00fcr Fragen gerne zur Verf\u00fcgung.<br \/>\nMelden Sie sich hierf\u00fcr \u00fcber das folgende Formular bei uns oder rufen Sie uns an unter:<\/p>\n<p class=\"bodytext\">Tel: +49 (0)201 858940 0<\/p>\n<p class=\"bodytext\">Das LinMot-Team<\/p>\n<\/div>\n<div class=\"col-md-1\">\n<\/div>\n<div class=\"col-md-5\">\n\n<div class=\"wpcf7 no-js\" id=\"wpcf7-f1617-o1\" lang=\"de-DE\" dir=\"ltr\" data-wpcf7-id=\"1617\">\n<div class=\"screen-reader-response\"><p role=\"status\" aria-live=\"polite\" aria-atomic=\"true\"><\/p> <ul><\/ul><\/div>\n<form action=\"\/de\/wp-json\/wp\/v2\/pages\/696#wpcf7-f1617-o1\" method=\"post\" class=\"wpcf7-form init\" aria-label=\"Kontaktformular\" novalidate=\"novalidate\" data-status=\"init\">\n<fieldset class=\"hidden-fields-container\"><input type=\"hidden\" name=\"_wpcf7\" value=\"1617\" \/><input type=\"hidden\" name=\"_wpcf7_version\" value=\"6.1.5\" \/><input type=\"hidden\" name=\"_wpcf7_locale\" value=\"de_DE\" \/><input type=\"hidden\" name=\"_wpcf7_unit_tag\" value=\"wpcf7-f1617-o1\" \/><input type=\"hidden\" name=\"_wpcf7_container_post\" value=\"0\" \/><input type=\"hidden\" name=\"_wpcf7_posted_data_hash\" value=\"\" \/><input type=\"hidden\" name=\"_wpcf7_recaptcha_response\" value=\"\" \/>\n<\/fieldset>\n<label> Ihr Name<br>\n    <span class=\"wpcf7-form-control-wrap\" data-name=\"your-name\"><input size=\"40\" maxlength=\"400\" class=\"wpcf7-form-control wpcf7-text wpcf7-validates-as-required\" aria-required=\"true\" aria-invalid=\"false\" value=\"\" type=\"text\" name=\"your-name\" \/><\/span> <\/label>\n<br>\n<label> Ihre Firma<br>\n    <span class=\"wpcf7-form-control-wrap\" data-name=\"your-company\"><input size=\"40\" maxlength=\"400\" class=\"wpcf7-form-control wpcf7-text wpcf7-validates-as-required\" aria-required=\"true\" aria-invalid=\"false\" value=\"\" type=\"text\" name=\"your-company\" \/><\/span> <\/label>\n<br>\n<label> Postleitzahl<br>\n    <span class=\"wpcf7-form-control-wrap\" data-name=\"your-plz\"><input class=\"wpcf7-form-control wpcf7-number wpcf7-validates-as-required wpcf7-validates-as-number\" aria-required=\"true\" aria-invalid=\"false\" value=\"\" type=\"number\" name=\"your-plz\" \/><\/span> <\/label>\n<br>\n<label> Land<br>\n    <span class=\"wpcf7-form-control-wrap\" data-name=\"your-country\"><input size=\"40\" maxlength=\"400\" class=\"wpcf7-form-control wpcf7-text wpcf7-validates-as-required\" aria-required=\"true\" aria-invalid=\"false\" value=\"\" type=\"text\" name=\"your-country\" \/><\/span> <\/label>\n<br>\n<label> Telefonnummer<br>\n    <span class=\"wpcf7-form-control-wrap\" data-name=\"your-telephone\"><input size=\"40\" maxlength=\"400\" class=\"wpcf7-form-control wpcf7-tel wpcf7-text wpcf7-validates-as-tel\" aria-invalid=\"false\" value=\"\" type=\"tel\" name=\"your-telephone\" \/><\/span> <\/label>\n<br>\n<label> E-Mail-Adresse<br>\n    <span class=\"wpcf7-form-control-wrap\" data-name=\"your-email\"><input size=\"40\" maxlength=\"400\" class=\"wpcf7-form-control wpcf7-email wpcf7-validates-as-required wpcf7-text wpcf7-validates-as-email\" aria-required=\"true\" aria-invalid=\"false\" value=\"\" type=\"email\" name=\"your-email\" \/><\/span> <\/label>\n<br>\n<label> Ihre Frage<br>\n    <span class=\"wpcf7-form-control-wrap\" data-name=\"your-message\"><textarea cols=\"40\" rows=\"10\" maxlength=\"2000\" class=\"wpcf7-form-control wpcf7-textarea\" aria-invalid=\"false\" name=\"your-message\"><\/textarea><\/span> <\/label>\n<br>\n<input class=\"wpcf7-form-control wpcf7-submit has-spinner\" type=\"submit\" value=\"Senden\" \/><div class=\"wpcf7-response-output\" aria-hidden=\"true\"><\/div>\n<\/form>\n<\/div>\n\n<\/div>\n<\/div>\n","protected":false},"excerpt":{"rendered":"<p>Die PD03 Antriebseinheit besteht aus einem kompakten Linearmotor mit integriertem Drive. Durch dieses innovative Konzept kann erstmals auch bei linearen Direktantrieben auf den Regler im Schaltschrank verzichtet werden, so dass die Installationszeit und der Arbeitsaufwand stark reduziert werden. \u00dcber das hinaus erschliesst sich dem Anwender die M\u00f6glichkeit, mehrere Ger\u00e4te \u00fcber eine Daisy Chain Verkettung effizient [&hellip;]<\/p>\n","protected":false},"author":1,"featured_media":0,"parent":6,"menu_order":60,"comment_status":"closed","ping_status":"closed","template":"","meta":{"_acf_changed":false,"footnotes":""},"class_list":["post-696","page","type-page","status-publish","hentry"],"acf":[],"yoast_head":"<!-- This site is optimized with the Yoast SEO Premium plugin v20.9 (Yoast SEO v27.3) - https:\/\/yoast.com\/product\/yoast-seo-premium-wordpress\/ -->\n<title>PD03 Linearmotoren mit integriertem Drive | LinMot<\/title>\n<meta name=\"description\" content=\"Die PD03 Antriebseinheit besteht aus einem kompakten Linearmotor mit integriertem Drive, womit der Regler im Schaltschrank \u00fcberfl\u00fcssig ist.\" \/>\n<meta name=\"robots\" content=\"index, follow, max-snippet:-1, max-image-preview:large, max-video-preview:-1\" \/>\n<link rel=\"canonical\" href=\"https:\/\/linmot.com\/de\/produkte\/linearmotoren-mit-integriertem-drive\/\" \/>\n<meta property=\"og:locale\" content=\"de_DE\" \/>\n<meta property=\"og:type\" content=\"article\" \/>\n<meta property=\"og:title\" content=\"PD03 Linearmotoren mit integriertem Drive | LinMot\" \/>\n<meta property=\"og:description\" content=\"Die PD03 Antriebseinheit besteht aus einem kompakten Linearmotor mit integriertem Drive, womit der Regler im Schaltschrank \u00fcberfl\u00fcssig ist.\" \/>\n<meta property=\"og:url\" content=\"https:\/\/linmot.com\/de\/produkte\/linearmotoren-mit-integriertem-drive\/\" \/>\n<meta property=\"og:site_name\" content=\"LinMot &amp; MagSpring - Deutsch\" \/>\n<meta property=\"article:modified_time\" content=\"2024-08-28T13:49:37+00:00\" \/>\n<meta property=\"og:image\" content=\"https:\/\/linmot.com\/de\/wp-content\/uploads\/sites\/2\/2022\/01\/social-logo.jpg\" \/>\n\t<meta property=\"og:image:width\" content=\"800\" \/>\n\t<meta property=\"og:image:height\" content=\"500\" \/>\n\t<meta property=\"og:image:type\" content=\"image\/jpeg\" \/>\n<meta name=\"twitter:card\" content=\"summary_large_image\" \/>\n<meta name=\"twitter:title\" content=\"PD03 Linearmotoren mit integriertem Drive | LinMot\" \/>\n<meta name=\"twitter:description\" content=\"Die PD03 Antriebseinheit besteht aus einem kompakten Linearmotor mit integriertem Drive, womit der Regler im Schaltschrank \u00fcberfl\u00fcssig ist.\" \/>\n<meta name=\"twitter:label1\" content=\"Gesch\u00e4tzte Lesezeit\" \/>\n\t<meta name=\"twitter:data1\" content=\"2 Minuten\" \/>\n<script type=\"application\/ld+json\" class=\"yoast-schema-graph\">{\"@context\":\"https:\\\/\\\/schema.org\",\"@graph\":[{\"@type\":\"WebPage\",\"@id\":\"https:\\\/\\\/linmot.com\\\/de\\\/produkte\\\/linearmotoren-mit-integriertem-drive\\\/\",\"url\":\"https:\\\/\\\/linmot.com\\\/de\\\/produkte\\\/linearmotoren-mit-integriertem-drive\\\/\",\"name\":\"PD03 Linearmotoren mit integriertem Drive | LinMot\",\"isPartOf\":{\"@id\":\"https:\\\/\\\/linmot.com\\\/de\\\/#website\"},\"datePublished\":\"2018-08-14T11:05:27+00:00\",\"dateModified\":\"2024-08-28T13:49:37+00:00\",\"description\":\"Die PD03 Antriebseinheit besteht aus einem kompakten Linearmotor mit integriertem Drive, womit der Regler im Schaltschrank \u00fcberfl\u00fcssig ist.\",\"breadcrumb\":{\"@id\":\"https:\\\/\\\/linmot.com\\\/de\\\/produkte\\\/linearmotoren-mit-integriertem-drive\\\/#breadcrumb\"},\"inLanguage\":\"de\",\"potentialAction\":[{\"@type\":\"ReadAction\",\"target\":[\"https:\\\/\\\/linmot.com\\\/de\\\/produkte\\\/linearmotoren-mit-integriertem-drive\\\/\"]}]},{\"@type\":\"BreadcrumbList\",\"@id\":\"https:\\\/\\\/linmot.com\\\/de\\\/produkte\\\/linearmotoren-mit-integriertem-drive\\\/#breadcrumb\",\"itemListElement\":[{\"@type\":\"ListItem\",\"position\":1,\"name\":\"LinMot\",\"item\":\"https:\\\/\\\/linmot.com\\\/de\\\/\"},{\"@type\":\"ListItem\",\"position\":2,\"name\":\"Produkte\",\"item\":\"https:\\\/\\\/linmot.com\\\/de\\\/produkte\\\/\"},{\"@type\":\"ListItem\",\"position\":3,\"name\":\"Linearmotoren mit integriertem Drive\"}]},{\"@type\":\"WebSite\",\"@id\":\"https:\\\/\\\/linmot.com\\\/de\\\/#website\",\"url\":\"https:\\\/\\\/linmot.com\\\/de\\\/\",\"name\":\"LinMot & MagSpring - Industrielle Linearmotoren\",\"description\":\"Hochwertigen Linearmotoren und Linearmotorsystemen\",\"publisher\":{\"@id\":\"https:\\\/\\\/linmot.com\\\/de\\\/#organization\"},\"potentialAction\":[{\"@type\":\"SearchAction\",\"target\":{\"@type\":\"EntryPoint\",\"urlTemplate\":\"https:\\\/\\\/linmot.com\\\/de\\\/?s={search_term_string}\"},\"query-input\":{\"@type\":\"PropertyValueSpecification\",\"valueRequired\":true,\"valueName\":\"search_term_string\"}}],\"inLanguage\":\"de\"},{\"@type\":\"Organization\",\"@id\":\"https:\\\/\\\/linmot.com\\\/de\\\/#organization\",\"name\":\"NTI AG - LinMot & MagSpring\",\"url\":\"https:\\\/\\\/linmot.com\\\/de\\\/\",\"logo\":{\"@type\":\"ImageObject\",\"inLanguage\":\"de\",\"@id\":\"https:\\\/\\\/linmot.com\\\/de\\\/#\\\/schema\\\/logo\\\/image\\\/\",\"url\":\"https:\\\/\\\/linmot.com\\\/de\\\/wp-content\\\/uploads\\\/sites\\\/2\\\/2022\\\/01\\\/social-logo.jpg\",\"contentUrl\":\"https:\\\/\\\/linmot.com\\\/de\\\/wp-content\\\/uploads\\\/sites\\\/2\\\/2022\\\/01\\\/social-logo.jpg\",\"width\":800,\"height\":500,\"caption\":\"NTI AG - LinMot & MagSpring\"},\"image\":{\"@id\":\"https:\\\/\\\/linmot.com\\\/de\\\/#\\\/schema\\\/logo\\\/image\\\/\"},\"sameAs\":[\"https:\\\/\\\/www.linkedin.com\\\/company\\\/nti-ag-linmot-magspring\",\"https:\\\/\\\/www.youtube.com\\\/user\\\/LinMotEurope\",\"https:\\\/\\\/www.xing.com\\\/pages\\\/linmot-magspring\"]}]}<\/script>\n<!-- \/ Yoast SEO Premium plugin. -->","yoast_head_json":{"title":"PD03 Linearmotoren mit integriertem Drive | LinMot","description":"Die PD03 Antriebseinheit besteht aus einem kompakten Linearmotor mit integriertem Drive, womit der Regler im Schaltschrank \u00fcberfl\u00fcssig ist.","robots":{"index":"index","follow":"follow","max-snippet":"max-snippet:-1","max-image-preview":"max-image-preview:large","max-video-preview":"max-video-preview:-1"},"canonical":"https:\/\/linmot.com\/de\/produkte\/linearmotoren-mit-integriertem-drive\/","og_locale":"de_DE","og_type":"article","og_title":"PD03 Linearmotoren mit integriertem Drive | LinMot","og_description":"Die PD03 Antriebseinheit besteht aus einem kompakten Linearmotor mit integriertem Drive, womit der Regler im Schaltschrank \u00fcberfl\u00fcssig ist.","og_url":"https:\/\/linmot.com\/de\/produkte\/linearmotoren-mit-integriertem-drive\/","og_site_name":"LinMot &amp; MagSpring - Deutsch","article_modified_time":"2024-08-28T13:49:37+00:00","og_image":[{"width":800,"height":500,"url":"https:\/\/linmot.com\/de\/wp-content\/uploads\/sites\/2\/2022\/01\/social-logo.jpg","type":"image\/jpeg"}],"twitter_card":"summary_large_image","twitter_title":"PD03 Linearmotoren mit integriertem Drive | LinMot","twitter_description":"Die PD03 Antriebseinheit besteht aus einem kompakten Linearmotor mit integriertem Drive, womit der Regler im Schaltschrank \u00fcberfl\u00fcssig ist.","twitter_misc":{"Gesch\u00e4tzte Lesezeit":"2 Minuten"},"schema":{"@context":"https:\/\/schema.org","@graph":[{"@type":"WebPage","@id":"https:\/\/linmot.com\/de\/produkte\/linearmotoren-mit-integriertem-drive\/","url":"https:\/\/linmot.com\/de\/produkte\/linearmotoren-mit-integriertem-drive\/","name":"PD03 Linearmotoren mit integriertem Drive | LinMot","isPartOf":{"@id":"https:\/\/linmot.com\/de\/#website"},"datePublished":"2018-08-14T11:05:27+00:00","dateModified":"2024-08-28T13:49:37+00:00","description":"Die PD03 Antriebseinheit besteht aus einem kompakten Linearmotor mit integriertem Drive, womit der Regler im Schaltschrank \u00fcberfl\u00fcssig ist.","breadcrumb":{"@id":"https:\/\/linmot.com\/de\/produkte\/linearmotoren-mit-integriertem-drive\/#breadcrumb"},"inLanguage":"de","potentialAction":[{"@type":"ReadAction","target":["https:\/\/linmot.com\/de\/produkte\/linearmotoren-mit-integriertem-drive\/"]}]},{"@type":"BreadcrumbList","@id":"https:\/\/linmot.com\/de\/produkte\/linearmotoren-mit-integriertem-drive\/#breadcrumb","itemListElement":[{"@type":"ListItem","position":1,"name":"LinMot","item":"https:\/\/linmot.com\/de\/"},{"@type":"ListItem","position":2,"name":"Produkte","item":"https:\/\/linmot.com\/de\/produkte\/"},{"@type":"ListItem","position":3,"name":"Linearmotoren mit integriertem Drive"}]},{"@type":"WebSite","@id":"https:\/\/linmot.com\/de\/#website","url":"https:\/\/linmot.com\/de\/","name":"LinMot & MagSpring - Industrielle Linearmotoren","description":"Hochwertigen Linearmotoren und Linearmotorsystemen","publisher":{"@id":"https:\/\/linmot.com\/de\/#organization"},"potentialAction":[{"@type":"SearchAction","target":{"@type":"EntryPoint","urlTemplate":"https:\/\/linmot.com\/de\/?s={search_term_string}"},"query-input":{"@type":"PropertyValueSpecification","valueRequired":true,"valueName":"search_term_string"}}],"inLanguage":"de"},{"@type":"Organization","@id":"https:\/\/linmot.com\/de\/#organization","name":"NTI AG - LinMot & MagSpring","url":"https:\/\/linmot.com\/de\/","logo":{"@type":"ImageObject","inLanguage":"de","@id":"https:\/\/linmot.com\/de\/#\/schema\/logo\/image\/","url":"https:\/\/linmot.com\/de\/wp-content\/uploads\/sites\/2\/2022\/01\/social-logo.jpg","contentUrl":"https:\/\/linmot.com\/de\/wp-content\/uploads\/sites\/2\/2022\/01\/social-logo.jpg","width":800,"height":500,"caption":"NTI AG - LinMot & MagSpring"},"image":{"@id":"https:\/\/linmot.com\/de\/#\/schema\/logo\/image\/"},"sameAs":["https:\/\/www.linkedin.com\/company\/nti-ag-linmot-magspring","https:\/\/www.youtube.com\/user\/LinMotEurope","https:\/\/www.xing.com\/pages\/linmot-magspring"]}]}},"_links":{"self":[{"href":"https:\/\/linmot.com\/de\/wp-json\/wp\/v2\/pages\/696","targetHints":{"allow":["GET"]}}],"collection":[{"href":"https:\/\/linmot.com\/de\/wp-json\/wp\/v2\/pages"}],"about":[{"href":"https:\/\/linmot.com\/de\/wp-json\/wp\/v2\/types\/page"}],"author":[{"embeddable":true,"href":"https:\/\/linmot.com\/de\/wp-json\/wp\/v2\/users\/1"}],"replies":[{"embeddable":true,"href":"https:\/\/linmot.com\/de\/wp-json\/wp\/v2\/comments?post=696"}],"version-history":[{"count":13,"href":"https:\/\/linmot.com\/de\/wp-json\/wp\/v2\/pages\/696\/revisions"}],"predecessor-version":[{"id":5227,"href":"https:\/\/linmot.com\/de\/wp-json\/wp\/v2\/pages\/696\/revisions\/5227"}],"up":[{"embeddable":true,"href":"https:\/\/linmot.com\/de\/wp-json\/wp\/v2\/pages\/6"}],"wp:attachment":[{"href":"https:\/\/linmot.com\/de\/wp-json\/wp\/v2\/media?parent=696"}],"curies":[{"name":"wp","href":"https:\/\/api.w.org\/{rel}","templated":true}]}}