{"id":6390,"date":"2026-04-16T15:48:51","date_gmt":"2026-04-16T13:48:51","guid":{"rendered":"https:\/\/linmot.com\/de\/?page_id=6390"},"modified":"2026-04-16T16:48:12","modified_gmt":"2026-04-16T14:48:12","slug":"transferportal-tp03","status":"publish","type":"page","link":"https:\/\/linmot.com\/de\/produkte\/flat-robots-und-systeme\/transferportal-tp03\/","title":{"rendered":"Transferportal TP03"},"content":{"rendered":"<p align=\"justify\"><strong>Das Transferportal TP03 von LinMot ist ein standardisiertes Linienportal f\u00fcr pr\u00e4zises, kompaktes Zwei-Achs-Handling und Transferaufgaben in der industriellen Automation.<\/strong><\/p>\n<p align=\"justify\">Das System besteht aus einem stabilen <strong>Basismodul FM01 oder EM01<\/strong> f\u00fcr erh\u00f6hte Steifigkeit sowie einem <strong>DM03 Vertikalmodul<\/strong>. Diese Kombination erm\u00f6glicht flexibel konfigurierbare Portalanwendungen mit dynamischen Bewegungsabl\u00e4ufen und hoher Positioniergenauigkeit. Alle Achsen k\u00f6nnen unabh\u00e4ngig voneinander angesteuert und parametriert werden.<\/p>\n<p align=\"justify\">Das Transferportal TP03 l\u00e4sst sich optional mit dem <strong>LinMot Kraftsensor DM03xxFS<\/strong>, dem <strong>Greifer GM50<\/strong> oder dem <strong>Drehgreifer GM51<\/strong> erweitern. S\u00e4mtliche LinMot Komponenten sind <strong>direkt montierbar<\/strong>, zus\u00e4tzliche Adapterplatten sind nicht erforderlich. Dadurch wird der mechanische Integrationsaufwand deutlich reduziert.<\/p>\n<p align=\"justify\">Das System ist wahlweise <strong>komplett vormontiert<\/strong> oder <strong>als modulares Baukastensystem<\/strong> erh\u00e4ltlich und erm\u00f6glicht so eine einfache Integration sowie kundenspezifische Anpassungen. Eine integrierte, optimierte <strong>Schleppketten und Schlauchf\u00fchrung<\/strong> (mehrere Ausf\u00fchrungen w\u00e4hlbar) mit <strong>vormontierten Kabeln<\/strong> sorgt f\u00fcr eine saubere, betriebssichere Medienf\u00fchrung und verk\u00fcrzt die Montagezeit.<\/p>\n<hr \/>\n<div class=\"row\">\n<div class=\"col-sm-2\">\n<p><a class=\"button\" href=\"#details\">1. Details<\/a><\/p>\n<\/div>\n<div class=\"col-sm-1\">\n<\/div>\n<div class=\"col-sm-2\">\n<p><a class=\"button\" href=\"#kontakt\">2. Kontakt<\/a><\/p>\n<\/div>\n<\/div>\n<hr \/>\n<h3 id=\"details\">1. Details<\/h3>\n<img loading=\"lazy\" decoding=\"async\" class=\"wp-image-6411 size-full aligncenter\" src=\"https:\/\/linmot.com\/de\/wp-content\/uploads\/sites\/2\/2026\/04\/linmot-transferportal-tp03.jpg\" alt=\"\" width=\"780\" height=\"520\" srcset=\"https:\/\/linmot.com\/de\/wp-content\/uploads\/sites\/2\/2026\/04\/linmot-transferportal-tp03.jpg 780w, https:\/\/linmot.com\/de\/wp-content\/uploads\/sites\/2\/2026\/04\/linmot-transferportal-tp03-300x200.jpg 300w, https:\/\/linmot.com\/de\/wp-content\/uploads\/sites\/2\/2026\/04\/linmot-transferportal-tp03-768x512.jpg 768w\" sizes=\"auto, (max-width: 780px) 100vw, 780px\" \/>\n<div class=\"row\">\n<div class=\"col-sm-6\">\n<ul>\n<li>Schnell integrierbares X\u2011Z\u2011Portal ohne Adapterplatten<\/li>\n<li>Hohe Steifigkeit f\u00fcr pr\u00e4zises, dynamisches Handling<\/li>\n<\/ul>\n<\/div>\n<div class=\"col-sm-6\">\n<ul>\n<li>Modular erweiterbar mit Greifer und Kraftsensor<\/li>\n<li>Vormontierte Kabel reduzieren Montagezeit deutlich<\/li>\n<\/ul>\n<\/div>\n<\/div>\n<hr \/>\n<h3 id=\"kontakt\">2. Kontakt<\/h3>\n<div class=\"row download\">\n<div class=\"col-md-6\">\n<h4 class=\"download-title\">Fragen zum Transferportal TP03?<\/h4>\n<p class=\"bodytext\">Wir stehen Ihnen f\u00fcr Fragen gerne zur Verf\u00fcgung.<br \/>\nMelden Sie sich hierf\u00fcr \u00fcber das folgende Formular bei uns oder rufen Sie uns an unter:<\/p>\n<p class=\"bodytext\">Tel: +49 (0)201 858940 0<\/p>\n<p class=\"bodytext\">Das LinMot-Team<\/p>\n<\/div>\n<div class=\"col-md-1\">\n<\/div>\n<div class=\"col-md-5\">\n\n<div class=\"wpcf7 no-js\" id=\"wpcf7-f1617-o1\" lang=\"de-DE\" dir=\"ltr\" data-wpcf7-id=\"1617\">\n<div class=\"screen-reader-response\"><p role=\"status\" aria-live=\"polite\" aria-atomic=\"true\"><\/p> <ul><\/ul><\/div>\n<form action=\"\/de\/wp-json\/wp\/v2\/pages\/6390#wpcf7-f1617-o1\" method=\"post\" class=\"wpcf7-form init\" aria-label=\"Kontaktformular\" novalidate=\"novalidate\" data-status=\"init\">\n<fieldset class=\"hidden-fields-container\"><input type=\"hidden\" name=\"_wpcf7\" value=\"1617\" \/><input type=\"hidden\" name=\"_wpcf7_version\" value=\"6.1.5\" \/><input type=\"hidden\" name=\"_wpcf7_locale\" value=\"de_DE\" \/><input type=\"hidden\" name=\"_wpcf7_unit_tag\" value=\"wpcf7-f1617-o1\" \/><input type=\"hidden\" name=\"_wpcf7_container_post\" value=\"0\" \/><input type=\"hidden\" name=\"_wpcf7_posted_data_hash\" value=\"\" \/><input type=\"hidden\" name=\"_wpcf7_recaptcha_response\" value=\"\" \/>\n<\/fieldset>\n<label> Ihr Name<br>\n    <span class=\"wpcf7-form-control-wrap\" data-name=\"your-name\"><input size=\"40\" maxlength=\"400\" class=\"wpcf7-form-control wpcf7-text wpcf7-validates-as-required\" aria-required=\"true\" aria-invalid=\"false\" value=\"\" type=\"text\" name=\"your-name\" \/><\/span> <\/label>\n<br>\n<label> Ihre Firma<br>\n    <span class=\"wpcf7-form-control-wrap\" data-name=\"your-company\"><input size=\"40\" maxlength=\"400\" class=\"wpcf7-form-control wpcf7-text wpcf7-validates-as-required\" aria-required=\"true\" aria-invalid=\"false\" value=\"\" type=\"text\" name=\"your-company\" \/><\/span> <\/label>\n<br>\n<label> Postleitzahl<br>\n    <span class=\"wpcf7-form-control-wrap\" data-name=\"your-plz\"><input class=\"wpcf7-form-control wpcf7-number wpcf7-validates-as-required wpcf7-validates-as-number\" aria-required=\"true\" aria-invalid=\"false\" value=\"\" type=\"number\" name=\"your-plz\" \/><\/span> <\/label>\n<br>\n<label> Land<br>\n    <span class=\"wpcf7-form-control-wrap\" data-name=\"your-country\"><input size=\"40\" maxlength=\"400\" class=\"wpcf7-form-control wpcf7-text wpcf7-validates-as-required\" aria-required=\"true\" aria-invalid=\"false\" value=\"\" type=\"text\" name=\"your-country\" \/><\/span> <\/label>\n<br>\n<label> Telefonnummer<br>\n    <span class=\"wpcf7-form-control-wrap\" data-name=\"your-telephone\"><input size=\"40\" maxlength=\"400\" class=\"wpcf7-form-control wpcf7-tel wpcf7-text wpcf7-validates-as-tel\" aria-invalid=\"false\" value=\"\" type=\"tel\" name=\"your-telephone\" \/><\/span> <\/label>\n<br>\n<label> E-Mail-Adresse<br>\n    <span class=\"wpcf7-form-control-wrap\" data-name=\"your-email\"><input size=\"40\" maxlength=\"400\" class=\"wpcf7-form-control wpcf7-email wpcf7-validates-as-required wpcf7-text wpcf7-validates-as-email\" aria-required=\"true\" aria-invalid=\"false\" value=\"\" type=\"email\" name=\"your-email\" \/><\/span> <\/label>\n<br>\n<label> Ihre Frage<br>\n    <span class=\"wpcf7-form-control-wrap\" data-name=\"your-message\"><textarea cols=\"40\" rows=\"10\" maxlength=\"2000\" class=\"wpcf7-form-control wpcf7-textarea\" aria-invalid=\"false\" name=\"your-message\"><\/textarea><\/span> <\/label>\n<br>\n<input class=\"wpcf7-form-control wpcf7-submit has-spinner\" type=\"submit\" value=\"Senden\" \/><div class=\"wpcf7-response-output\" aria-hidden=\"true\"><\/div>\n<\/form>\n<\/div>\n\n<\/div>\n<\/div>\n","protected":false},"excerpt":{"rendered":"<p>Das Transferportal TP03 von LinMot ist ein standardisiertes Linienportal f\u00fcr pr\u00e4zises, kompaktes Zwei-Achs-Handling und Transferaufgaben in der industriellen Automation. Das System besteht aus einem stabilen Basismodul FM01 oder EM01 f\u00fcr erh\u00f6hte Steifigkeit sowie einem DM03 Vertikalmodul. Diese Kombination erm\u00f6glicht flexibel konfigurierbare Portalanwendungen mit dynamischen Bewegungsabl\u00e4ufen und hoher Positioniergenauigkeit. Alle Achsen k\u00f6nnen unabh\u00e4ngig voneinander angesteuert und [&hellip;]<\/p>\n","protected":false},"author":9,"featured_media":0,"parent":5561,"menu_order":3,"comment_status":"closed","ping_status":"closed","template":"","meta":{"_acf_changed":false,"footnotes":""},"class_list":["post-6390","page","type-page","status-publish","hentry"],"acf":[],"yoast_head":"<!-- This site is optimized with the Yoast SEO Premium plugin v20.9 (Yoast SEO v27.3) - https:\/\/yoast.com\/product\/yoast-seo-premium-wordpress\/ -->\n<title>Transferportal TP03 | Linear Motion Technology Leader | LinMot<\/title>\n<meta name=\"description\" content=\"TP03 ist ein standardisiertes Linienportal f\u00fcr pr\u00e4zises, kompaktes Zwei-Achs-Handling und Transferaufgaben in der industriellen Automation.\" \/>\n<meta name=\"robots\" content=\"index, follow, max-snippet:-1, max-image-preview:large, max-video-preview:-1\" \/>\n<link rel=\"canonical\" href=\"https:\/\/linmot.com\/de\/produkte\/flat-robots-und-systeme\/transferportal-tp03\/\" \/>\n<meta property=\"og:locale\" content=\"de_DE\" \/>\n<meta property=\"og:type\" content=\"article\" \/>\n<meta property=\"og:title\" content=\"Transferportal TP03\" \/>\n<meta property=\"og:description\" content=\"TP03 ist ein standardisiertes Linienportal f\u00fcr pr\u00e4zises, kompaktes Zwei-Achs-Handling und Transferaufgaben in der industriellen Automation.\" \/>\n<meta property=\"og:url\" content=\"https:\/\/linmot.com\/de\/produkte\/flat-robots-und-systeme\/transferportal-tp03\/\" \/>\n<meta property=\"og:site_name\" content=\"LinMot &amp; MagSpring - Deutsch\" \/>\n<meta property=\"article:modified_time\" content=\"2026-04-16T14:48:12+00:00\" \/>\n<meta property=\"og:image\" content=\"https:\/\/linmot.com\/de\/wp-content\/uploads\/sites\/2\/2026\/04\/linmot-transferportal-tp03.jpg\" \/>\n\t<meta property=\"og:image:width\" content=\"780\" \/>\n\t<meta property=\"og:image:height\" content=\"520\" \/>\n\t<meta property=\"og:image:type\" content=\"image\/jpeg\" \/>\n<meta name=\"twitter:card\" content=\"summary_large_image\" \/>\n<meta name=\"twitter:label1\" content=\"Gesch\u00e4tzte Lesezeit\" \/>\n\t<meta name=\"twitter:data1\" content=\"2 Minuten\" \/>\n<script type=\"application\/ld+json\" class=\"yoast-schema-graph\">{\"@context\":\"https:\\\/\\\/schema.org\",\"@graph\":[{\"@type\":\"WebPage\",\"@id\":\"https:\\\/\\\/linmot.com\\\/de\\\/produkte\\\/flat-robots-und-systeme\\\/transferportal-tp03\\\/\",\"url\":\"https:\\\/\\\/linmot.com\\\/de\\\/produkte\\\/flat-robots-und-systeme\\\/transferportal-tp03\\\/\",\"name\":\"Transferportal TP03 | Linear Motion Technology Leader | LinMot\",\"isPartOf\":{\"@id\":\"https:\\\/\\\/linmot.com\\\/de\\\/#website\"},\"primaryImageOfPage\":{\"@id\":\"https:\\\/\\\/linmot.com\\\/de\\\/produkte\\\/flat-robots-und-systeme\\\/transferportal-tp03\\\/#primaryimage\"},\"image\":{\"@id\":\"https:\\\/\\\/linmot.com\\\/de\\\/produkte\\\/flat-robots-und-systeme\\\/transferportal-tp03\\\/#primaryimage\"},\"thumbnailUrl\":\"https:\\\/\\\/linmot.com\\\/de\\\/wp-content\\\/uploads\\\/sites\\\/2\\\/2026\\\/04\\\/linmot-transferportal-tp03.jpg\",\"datePublished\":\"2026-04-16T13:48:51+00:00\",\"dateModified\":\"2026-04-16T14:48:12+00:00\",\"description\":\"TP03 ist ein standardisiertes Linienportal f\u00fcr pr\u00e4zises, kompaktes Zwei-Achs-Handling und Transferaufgaben in der industriellen Automation.\",\"breadcrumb\":{\"@id\":\"https:\\\/\\\/linmot.com\\\/de\\\/produkte\\\/flat-robots-und-systeme\\\/transferportal-tp03\\\/#breadcrumb\"},\"inLanguage\":\"de\",\"potentialAction\":[{\"@type\":\"ReadAction\",\"target\":[\"https:\\\/\\\/linmot.com\\\/de\\\/produkte\\\/flat-robots-und-systeme\\\/transferportal-tp03\\\/\"]}]},{\"@type\":\"ImageObject\",\"inLanguage\":\"de\",\"@id\":\"https:\\\/\\\/linmot.com\\\/de\\\/produkte\\\/flat-robots-und-systeme\\\/transferportal-tp03\\\/#primaryimage\",\"url\":\"https:\\\/\\\/linmot.com\\\/de\\\/wp-content\\\/uploads\\\/sites\\\/2\\\/2026\\\/04\\\/linmot-transferportal-tp03.jpg\",\"contentUrl\":\"https:\\\/\\\/linmot.com\\\/de\\\/wp-content\\\/uploads\\\/sites\\\/2\\\/2026\\\/04\\\/linmot-transferportal-tp03.jpg\",\"width\":780,\"height\":520},{\"@type\":\"BreadcrumbList\",\"@id\":\"https:\\\/\\\/linmot.com\\\/de\\\/produkte\\\/flat-robots-und-systeme\\\/transferportal-tp03\\\/#breadcrumb\",\"itemListElement\":[{\"@type\":\"ListItem\",\"position\":1,\"name\":\"LinMot\",\"item\":\"https:\\\/\\\/linmot.com\\\/de\\\/\"},{\"@type\":\"ListItem\",\"position\":2,\"name\":\"Produkte\",\"item\":\"https:\\\/\\\/linmot.com\\\/de\\\/produkte\\\/\"},{\"@type\":\"ListItem\",\"position\":3,\"name\":\"Flat Robots und Systeme\",\"item\":\"https:\\\/\\\/linmot.com\\\/de\\\/produkte\\\/flat-robots-und-systeme\\\/\"},{\"@type\":\"ListItem\",\"position\":4,\"name\":\"Transferportal TP03\"}]},{\"@type\":\"WebSite\",\"@id\":\"https:\\\/\\\/linmot.com\\\/de\\\/#website\",\"url\":\"https:\\\/\\\/linmot.com\\\/de\\\/\",\"name\":\"LinMot & MagSpring - Industrielle Linearmotoren\",\"description\":\"Hochwertigen Linearmotoren und Linearmotorsystemen\",\"publisher\":{\"@id\":\"https:\\\/\\\/linmot.com\\\/de\\\/#organization\"},\"potentialAction\":[{\"@type\":\"SearchAction\",\"target\":{\"@type\":\"EntryPoint\",\"urlTemplate\":\"https:\\\/\\\/linmot.com\\\/de\\\/?s={search_term_string}\"},\"query-input\":{\"@type\":\"PropertyValueSpecification\",\"valueRequired\":true,\"valueName\":\"search_term_string\"}}],\"inLanguage\":\"de\"},{\"@type\":\"Organization\",\"@id\":\"https:\\\/\\\/linmot.com\\\/de\\\/#organization\",\"name\":\"NTI AG - LinMot & MagSpring\",\"url\":\"https:\\\/\\\/linmot.com\\\/de\\\/\",\"logo\":{\"@type\":\"ImageObject\",\"inLanguage\":\"de\",\"@id\":\"https:\\\/\\\/linmot.com\\\/de\\\/#\\\/schema\\\/logo\\\/image\\\/\",\"url\":\"https:\\\/\\\/linmot.com\\\/de\\\/wp-content\\\/uploads\\\/sites\\\/2\\\/2022\\\/01\\\/social-logo.jpg\",\"contentUrl\":\"https:\\\/\\\/linmot.com\\\/de\\\/wp-content\\\/uploads\\\/sites\\\/2\\\/2022\\\/01\\\/social-logo.jpg\",\"width\":800,\"height\":500,\"caption\":\"NTI AG - LinMot & MagSpring\"},\"image\":{\"@id\":\"https:\\\/\\\/linmot.com\\\/de\\\/#\\\/schema\\\/logo\\\/image\\\/\"},\"sameAs\":[\"https:\\\/\\\/www.linkedin.com\\\/company\\\/nti-ag-linmot-magspring\",\"https:\\\/\\\/www.youtube.com\\\/user\\\/LinMotEurope\",\"https:\\\/\\\/www.xing.com\\\/pages\\\/linmot-magspring\"]}]}<\/script>\n<!-- \/ Yoast SEO Premium plugin. -->","yoast_head_json":{"title":"Transferportal TP03 | Linear Motion Technology Leader | LinMot","description":"TP03 ist ein standardisiertes Linienportal f\u00fcr pr\u00e4zises, kompaktes Zwei-Achs-Handling und Transferaufgaben in der industriellen Automation.","robots":{"index":"index","follow":"follow","max-snippet":"max-snippet:-1","max-image-preview":"max-image-preview:large","max-video-preview":"max-video-preview:-1"},"canonical":"https:\/\/linmot.com\/de\/produkte\/flat-robots-und-systeme\/transferportal-tp03\/","og_locale":"de_DE","og_type":"article","og_title":"Transferportal TP03","og_description":"TP03 ist ein standardisiertes Linienportal f\u00fcr pr\u00e4zises, kompaktes Zwei-Achs-Handling und Transferaufgaben in der industriellen Automation.","og_url":"https:\/\/linmot.com\/de\/produkte\/flat-robots-und-systeme\/transferportal-tp03\/","og_site_name":"LinMot &amp; MagSpring - Deutsch","article_modified_time":"2026-04-16T14:48:12+00:00","og_image":[{"width":780,"height":520,"url":"https:\/\/linmot.com\/de\/wp-content\/uploads\/sites\/2\/2026\/04\/linmot-transferportal-tp03.jpg","type":"image\/jpeg"}],"twitter_card":"summary_large_image","twitter_misc":{"Gesch\u00e4tzte Lesezeit":"2 Minuten"},"schema":{"@context":"https:\/\/schema.org","@graph":[{"@type":"WebPage","@id":"https:\/\/linmot.com\/de\/produkte\/flat-robots-und-systeme\/transferportal-tp03\/","url":"https:\/\/linmot.com\/de\/produkte\/flat-robots-und-systeme\/transferportal-tp03\/","name":"Transferportal TP03 | Linear Motion Technology Leader | LinMot","isPartOf":{"@id":"https:\/\/linmot.com\/de\/#website"},"primaryImageOfPage":{"@id":"https:\/\/linmot.com\/de\/produkte\/flat-robots-und-systeme\/transferportal-tp03\/#primaryimage"},"image":{"@id":"https:\/\/linmot.com\/de\/produkte\/flat-robots-und-systeme\/transferportal-tp03\/#primaryimage"},"thumbnailUrl":"https:\/\/linmot.com\/de\/wp-content\/uploads\/sites\/2\/2026\/04\/linmot-transferportal-tp03.jpg","datePublished":"2026-04-16T13:48:51+00:00","dateModified":"2026-04-16T14:48:12+00:00","description":"TP03 ist ein standardisiertes Linienportal f\u00fcr pr\u00e4zises, kompaktes Zwei-Achs-Handling und Transferaufgaben in der industriellen Automation.","breadcrumb":{"@id":"https:\/\/linmot.com\/de\/produkte\/flat-robots-und-systeme\/transferportal-tp03\/#breadcrumb"},"inLanguage":"de","potentialAction":[{"@type":"ReadAction","target":["https:\/\/linmot.com\/de\/produkte\/flat-robots-und-systeme\/transferportal-tp03\/"]}]},{"@type":"ImageObject","inLanguage":"de","@id":"https:\/\/linmot.com\/de\/produkte\/flat-robots-und-systeme\/transferportal-tp03\/#primaryimage","url":"https:\/\/linmot.com\/de\/wp-content\/uploads\/sites\/2\/2026\/04\/linmot-transferportal-tp03.jpg","contentUrl":"https:\/\/linmot.com\/de\/wp-content\/uploads\/sites\/2\/2026\/04\/linmot-transferportal-tp03.jpg","width":780,"height":520},{"@type":"BreadcrumbList","@id":"https:\/\/linmot.com\/de\/produkte\/flat-robots-und-systeme\/transferportal-tp03\/#breadcrumb","itemListElement":[{"@type":"ListItem","position":1,"name":"LinMot","item":"https:\/\/linmot.com\/de\/"},{"@type":"ListItem","position":2,"name":"Produkte","item":"https:\/\/linmot.com\/de\/produkte\/"},{"@type":"ListItem","position":3,"name":"Flat Robots und Systeme","item":"https:\/\/linmot.com\/de\/produkte\/flat-robots-und-systeme\/"},{"@type":"ListItem","position":4,"name":"Transferportal TP03"}]},{"@type":"WebSite","@id":"https:\/\/linmot.com\/de\/#website","url":"https:\/\/linmot.com\/de\/","name":"LinMot & MagSpring - Industrielle Linearmotoren","description":"Hochwertigen Linearmotoren und Linearmotorsystemen","publisher":{"@id":"https:\/\/linmot.com\/de\/#organization"},"potentialAction":[{"@type":"SearchAction","target":{"@type":"EntryPoint","urlTemplate":"https:\/\/linmot.com\/de\/?s={search_term_string}"},"query-input":{"@type":"PropertyValueSpecification","valueRequired":true,"valueName":"search_term_string"}}],"inLanguage":"de"},{"@type":"Organization","@id":"https:\/\/linmot.com\/de\/#organization","name":"NTI AG - LinMot & MagSpring","url":"https:\/\/linmot.com\/de\/","logo":{"@type":"ImageObject","inLanguage":"de","@id":"https:\/\/linmot.com\/de\/#\/schema\/logo\/image\/","url":"https:\/\/linmot.com\/de\/wp-content\/uploads\/sites\/2\/2022\/01\/social-logo.jpg","contentUrl":"https:\/\/linmot.com\/de\/wp-content\/uploads\/sites\/2\/2022\/01\/social-logo.jpg","width":800,"height":500,"caption":"NTI AG - LinMot & MagSpring"},"image":{"@id":"https:\/\/linmot.com\/de\/#\/schema\/logo\/image\/"},"sameAs":["https:\/\/www.linkedin.com\/company\/nti-ag-linmot-magspring","https:\/\/www.youtube.com\/user\/LinMotEurope","https:\/\/www.xing.com\/pages\/linmot-magspring"]}]}},"_links":{"self":[{"href":"https:\/\/linmot.com\/de\/wp-json\/wp\/v2\/pages\/6390","targetHints":{"allow":["GET"]}}],"collection":[{"href":"https:\/\/linmot.com\/de\/wp-json\/wp\/v2\/pages"}],"about":[{"href":"https:\/\/linmot.com\/de\/wp-json\/wp\/v2\/types\/page"}],"author":[{"embeddable":true,"href":"https:\/\/linmot.com\/de\/wp-json\/wp\/v2\/users\/9"}],"replies":[{"embeddable":true,"href":"https:\/\/linmot.com\/de\/wp-json\/wp\/v2\/comments?post=6390"}],"version-history":[{"count":10,"href":"https:\/\/linmot.com\/de\/wp-json\/wp\/v2\/pages\/6390\/revisions"}],"predecessor-version":[{"id":6434,"href":"https:\/\/linmot.com\/de\/wp-json\/wp\/v2\/pages\/6390\/revisions\/6434"}],"up":[{"embeddable":true,"href":"https:\/\/linmot.com\/de\/wp-json\/wp\/v2\/pages\/5561"}],"wp:attachment":[{"href":"https:\/\/linmot.com\/de\/wp-json\/wp\/v2\/media?parent=6390"}],"curies":[{"name":"wp","href":"https:\/\/api.w.org\/{rel}","templated":true}]}}