{"id":6128,"date":"2026-02-09T09:00:31","date_gmt":"2026-02-09T08:00:31","guid":{"rendered":"https:\/\/linmot.com\/de\/?page_id=6128"},"modified":"2026-02-09T14:30:55","modified_gmt":"2026-02-09T13:30:55","slug":"linmot-pilot-download","status":"publish","type":"page","link":"https:\/\/linmot.com\/de\/download\/linmot-pilot-download\/","title":{"rendered":"LinMot-Pilot Download"},"content":{"rendered":"<p>Softwareversion 1.2.0.0<br \/>\nSeparate Installationsdateien je nach Drive-Serie<\/p>\n<div class=\"row\">\n<div class=\"col-md-4\">\n<h4 class=\"download-title\">LinMot-Pilot 1.2.0.0 Build 20260203<\/h4>\n<p>F\u00fcr C1250-MI Drives<\/p>\n<\/div>\n<div class=\"col-md-8\">\n<div class=\"download-box\"><a href=\"https:\/\/linmot.com\/fileadmin\/user_upload\/Downloads\/software-firmware\/technology-modules\/LinMot-Pilot_1.2.0.0_TM01_FW1.6.1_20260203.tgz\" target=\"_blank\" rel=\"noopener noreferrer\" download=\"\"><span class=\"name\">.TGZ<\/span><span class=\"size\">10.4 MB<\/span><\/a><\/div>\n<\/div>\n<\/div>\n<div class=\"row\">\n<div class=\"col-md-4\">\n<h4 class=\"download-title\">LinMot-Pilot Benutzerhandbuch<\/h4>\n<\/div>\n<div class=\"col-md-8\">\n<div class=\"download-box\"><a href=\"https:\/\/shop.linmot.com\/D\/product\/0187-1000\" target=\"_blank\" rel=\"noopener noreferrer\" download=\"\"><span class=\"name\">eKatalog<\/span>zum Download<\/a><\/div>\n<\/div>\n<\/div>\n<div class=\"row\">\n<div class=\"col-md-4\">\n<h4 class=\"download-title\">LinMot-Pilot Installationsanleitung<\/h4>\n<\/div>\n<div class=\"col-md-8\">\n<div class=\"download-box\"><a href=\"https:\/\/shop.linmot.com\/D\/product\/0150-6553\" target=\"_blank\" rel=\"noopener noreferrer\"><span class=\"name\">eKatalog<\/span>zum Download<\/a><\/div>\n<\/div>\n<\/div>\n<hr \/>\n<p><b>Fr\u00fchere Ver\u00f6ffentlichungen<\/b><br \/>\n<a class=\"button\" href=\"\/de\/download\/linmot-pilot-download\/linmot-pilot-fruehere-veroeffentlichungen\/\">Zu den fr\u00fcheren Ver\u00f6ffentlichungen<\/a><\/p>\n","protected":false},"excerpt":{"rendered":"<p>Softwareversion 1.2.0.0 Separate Installationsdateien je nach Drive-Serie LinMot-Pilot 1.2.0.0 Build 20260203 F\u00fcr C1250-MI Drives .TGZ10.4 MB LinMot-Pilot Benutzerhandbuch eKatalogzum Download LinMot-Pilot Installationsanleitung eKatalogzum Download Fr\u00fchere Ver\u00f6ffentlichungen Zu den fr\u00fcheren Ver\u00f6ffentlichungen<\/p>\n","protected":false},"author":9,"featured_media":0,"parent":10,"menu_order":5,"comment_status":"closed","ping_status":"closed","template":"","meta":{"_acf_changed":false,"footnotes":""},"class_list":["post-6128","page","type-page","status-publish","hentry"],"acf":[],"yoast_head":"<!-- This site is optimized with the Yoast SEO Premium plugin v20.9 (Yoast SEO v27.3) - https:\/\/yoast.com\/product\/yoast-seo-premium-wordpress\/ -->\n<title>LinMot-Pilot Download | Linear Motion Technology Leader | LinMot<\/title>\n<meta name=\"description\" content=\"LinMot-Pilot Download | Linear Motion Technology Leader | LinMot\" \/>\n<meta name=\"robots\" content=\"index, follow, max-snippet:-1, max-image-preview:large, max-video-preview:-1\" \/>\n<link rel=\"canonical\" href=\"https:\/\/linmot.com\/de\/download\/linmot-pilot-download\/\" \/>\n<meta property=\"og:locale\" content=\"de_DE\" \/>\n<meta property=\"og:type\" content=\"article\" \/>\n<meta property=\"og:title\" content=\"LinMot-Pilot Download\" \/>\n<meta property=\"og:description\" content=\"LinMot-Pilot Download | Linear Motion Technology Leader | LinMot\" \/>\n<meta property=\"og:url\" content=\"https:\/\/linmot.com\/de\/download\/linmot-pilot-download\/\" \/>\n<meta property=\"og:site_name\" content=\"LinMot &amp; MagSpring - Deutsch\" \/>\n<meta property=\"article:modified_time\" content=\"2026-02-09T13:30:55+00:00\" \/>\n<meta property=\"og:image\" content=\"https:\/\/linmot.com\/de\/wp-content\/uploads\/sites\/2\/2022\/01\/social-logo.jpg\" \/>\n\t<meta property=\"og:image:width\" content=\"800\" \/>\n\t<meta property=\"og:image:height\" content=\"500\" \/>\n\t<meta property=\"og:image:type\" content=\"image\/jpeg\" \/>\n<meta name=\"twitter:card\" content=\"summary_large_image\" \/>\n<meta name=\"twitter:label1\" content=\"Gesch\u00e4tzte Lesezeit\" \/>\n\t<meta name=\"twitter:data1\" content=\"1 Minute\" \/>\n<script type=\"application\/ld+json\" class=\"yoast-schema-graph\">{\"@context\":\"https:\\\/\\\/schema.org\",\"@graph\":[{\"@type\":\"WebPage\",\"@id\":\"https:\\\/\\\/linmot.com\\\/de\\\/download\\\/linmot-pilot-download\\\/\",\"url\":\"https:\\\/\\\/linmot.com\\\/de\\\/download\\\/linmot-pilot-download\\\/\",\"name\":\"LinMot-Pilot Download | Linear Motion Technology Leader | LinMot\",\"isPartOf\":{\"@id\":\"https:\\\/\\\/linmot.com\\\/de\\\/#website\"},\"datePublished\":\"2026-02-09T08:00:31+00:00\",\"dateModified\":\"2026-02-09T13:30:55+00:00\",\"description\":\"LinMot-Pilot Download | Linear Motion Technology Leader | LinMot\",\"breadcrumb\":{\"@id\":\"https:\\\/\\\/linmot.com\\\/de\\\/download\\\/linmot-pilot-download\\\/#breadcrumb\"},\"inLanguage\":\"de\",\"potentialAction\":[{\"@type\":\"ReadAction\",\"target\":[\"https:\\\/\\\/linmot.com\\\/de\\\/download\\\/linmot-pilot-download\\\/\"]}]},{\"@type\":\"BreadcrumbList\",\"@id\":\"https:\\\/\\\/linmot.com\\\/de\\\/download\\\/linmot-pilot-download\\\/#breadcrumb\",\"itemListElement\":[{\"@type\":\"ListItem\",\"position\":1,\"name\":\"LinMot\",\"item\":\"https:\\\/\\\/linmot.com\\\/de\\\/\"},{\"@type\":\"ListItem\",\"position\":2,\"name\":\"Download\",\"item\":\"https:\\\/\\\/linmot.com\\\/de\\\/download\\\/\"},{\"@type\":\"ListItem\",\"position\":3,\"name\":\"LinMot-Pilot Download\"}]},{\"@type\":\"WebSite\",\"@id\":\"https:\\\/\\\/linmot.com\\\/de\\\/#website\",\"url\":\"https:\\\/\\\/linmot.com\\\/de\\\/\",\"name\":\"LinMot & MagSpring - Industrielle Linearmotoren\",\"description\":\"Hochwertigen Linearmotoren und Linearmotorsystemen\",\"publisher\":{\"@id\":\"https:\\\/\\\/linmot.com\\\/de\\\/#organization\"},\"potentialAction\":[{\"@type\":\"SearchAction\",\"target\":{\"@type\":\"EntryPoint\",\"urlTemplate\":\"https:\\\/\\\/linmot.com\\\/de\\\/?s={search_term_string}\"},\"query-input\":{\"@type\":\"PropertyValueSpecification\",\"valueRequired\":true,\"valueName\":\"search_term_string\"}}],\"inLanguage\":\"de\"},{\"@type\":\"Organization\",\"@id\":\"https:\\\/\\\/linmot.com\\\/de\\\/#organization\",\"name\":\"NTI AG - LinMot & MagSpring\",\"url\":\"https:\\\/\\\/linmot.com\\\/de\\\/\",\"logo\":{\"@type\":\"ImageObject\",\"inLanguage\":\"de\",\"@id\":\"https:\\\/\\\/linmot.com\\\/de\\\/#\\\/schema\\\/logo\\\/image\\\/\",\"url\":\"https:\\\/\\\/linmot.com\\\/de\\\/wp-content\\\/uploads\\\/sites\\\/2\\\/2022\\\/01\\\/social-logo.jpg\",\"contentUrl\":\"https:\\\/\\\/linmot.com\\\/de\\\/wp-content\\\/uploads\\\/sites\\\/2\\\/2022\\\/01\\\/social-logo.jpg\",\"width\":800,\"height\":500,\"caption\":\"NTI AG - LinMot & MagSpring\"},\"image\":{\"@id\":\"https:\\\/\\\/linmot.com\\\/de\\\/#\\\/schema\\\/logo\\\/image\\\/\"},\"sameAs\":[\"https:\\\/\\\/www.linkedin.com\\\/company\\\/nti-ag-linmot-magspring\",\"https:\\\/\\\/www.youtube.com\\\/user\\\/LinMotEurope\",\"https:\\\/\\\/www.xing.com\\\/pages\\\/linmot-magspring\"]}]}<\/script>\n<!-- \/ Yoast SEO Premium plugin. -->","yoast_head_json":{"title":"LinMot-Pilot Download | Linear Motion Technology Leader | LinMot","description":"LinMot-Pilot Download | Linear Motion Technology Leader | LinMot","robots":{"index":"index","follow":"follow","max-snippet":"max-snippet:-1","max-image-preview":"max-image-preview:large","max-video-preview":"max-video-preview:-1"},"canonical":"https:\/\/linmot.com\/de\/download\/linmot-pilot-download\/","og_locale":"de_DE","og_type":"article","og_title":"LinMot-Pilot Download","og_description":"LinMot-Pilot Download | Linear Motion Technology Leader | LinMot","og_url":"https:\/\/linmot.com\/de\/download\/linmot-pilot-download\/","og_site_name":"LinMot &amp; MagSpring - Deutsch","article_modified_time":"2026-02-09T13:30:55+00:00","og_image":[{"width":800,"height":500,"url":"https:\/\/linmot.com\/de\/wp-content\/uploads\/sites\/2\/2022\/01\/social-logo.jpg","type":"image\/jpeg"}],"twitter_card":"summary_large_image","twitter_misc":{"Gesch\u00e4tzte Lesezeit":"1 Minute"},"schema":{"@context":"https:\/\/schema.org","@graph":[{"@type":"WebPage","@id":"https:\/\/linmot.com\/de\/download\/linmot-pilot-download\/","url":"https:\/\/linmot.com\/de\/download\/linmot-pilot-download\/","name":"LinMot-Pilot Download | Linear Motion Technology Leader | LinMot","isPartOf":{"@id":"https:\/\/linmot.com\/de\/#website"},"datePublished":"2026-02-09T08:00:31+00:00","dateModified":"2026-02-09T13:30:55+00:00","description":"LinMot-Pilot Download | Linear Motion Technology Leader | LinMot","breadcrumb":{"@id":"https:\/\/linmot.com\/de\/download\/linmot-pilot-download\/#breadcrumb"},"inLanguage":"de","potentialAction":[{"@type":"ReadAction","target":["https:\/\/linmot.com\/de\/download\/linmot-pilot-download\/"]}]},{"@type":"BreadcrumbList","@id":"https:\/\/linmot.com\/de\/download\/linmot-pilot-download\/#breadcrumb","itemListElement":[{"@type":"ListItem","position":1,"name":"LinMot","item":"https:\/\/linmot.com\/de\/"},{"@type":"ListItem","position":2,"name":"Download","item":"https:\/\/linmot.com\/de\/download\/"},{"@type":"ListItem","position":3,"name":"LinMot-Pilot Download"}]},{"@type":"WebSite","@id":"https:\/\/linmot.com\/de\/#website","url":"https:\/\/linmot.com\/de\/","name":"LinMot & MagSpring - Industrielle Linearmotoren","description":"Hochwertigen Linearmotoren und Linearmotorsystemen","publisher":{"@id":"https:\/\/linmot.com\/de\/#organization"},"potentialAction":[{"@type":"SearchAction","target":{"@type":"EntryPoint","urlTemplate":"https:\/\/linmot.com\/de\/?s={search_term_string}"},"query-input":{"@type":"PropertyValueSpecification","valueRequired":true,"valueName":"search_term_string"}}],"inLanguage":"de"},{"@type":"Organization","@id":"https:\/\/linmot.com\/de\/#organization","name":"NTI AG - LinMot & MagSpring","url":"https:\/\/linmot.com\/de\/","logo":{"@type":"ImageObject","inLanguage":"de","@id":"https:\/\/linmot.com\/de\/#\/schema\/logo\/image\/","url":"https:\/\/linmot.com\/de\/wp-content\/uploads\/sites\/2\/2022\/01\/social-logo.jpg","contentUrl":"https:\/\/linmot.com\/de\/wp-content\/uploads\/sites\/2\/2022\/01\/social-logo.jpg","width":800,"height":500,"caption":"NTI AG - LinMot & MagSpring"},"image":{"@id":"https:\/\/linmot.com\/de\/#\/schema\/logo\/image\/"},"sameAs":["https:\/\/www.linkedin.com\/company\/nti-ag-linmot-magspring","https:\/\/www.youtube.com\/user\/LinMotEurope","https:\/\/www.xing.com\/pages\/linmot-magspring"]}]}},"_links":{"self":[{"href":"https:\/\/linmot.com\/de\/wp-json\/wp\/v2\/pages\/6128","targetHints":{"allow":["GET"]}}],"collection":[{"href":"https:\/\/linmot.com\/de\/wp-json\/wp\/v2\/pages"}],"about":[{"href":"https:\/\/linmot.com\/de\/wp-json\/wp\/v2\/types\/page"}],"author":[{"embeddable":true,"href":"https:\/\/linmot.com\/de\/wp-json\/wp\/v2\/users\/9"}],"replies":[{"embeddable":true,"href":"https:\/\/linmot.com\/de\/wp-json\/wp\/v2\/comments?post=6128"}],"version-history":[{"count":17,"href":"https:\/\/linmot.com\/de\/wp-json\/wp\/v2\/pages\/6128\/revisions"}],"predecessor-version":[{"id":6311,"href":"https:\/\/linmot.com\/de\/wp-json\/wp\/v2\/pages\/6128\/revisions\/6311"}],"up":[{"embeddable":true,"href":"https:\/\/linmot.com\/de\/wp-json\/wp\/v2\/pages\/10"}],"wp:attachment":[{"href":"https:\/\/linmot.com\/de\/wp-json\/wp\/v2\/media?parent=6128"}],"curies":[{"name":"wp","href":"https:\/\/api.w.org\/{rel}","templated":true}]}}