{"id":6070,"date":"2025-11-11T15:19:30","date_gmt":"2025-11-11T14:19:30","guid":{"rendered":"https:\/\/linmot.com\/de\/?page_id=6070"},"modified":"2026-01-29T14:01:15","modified_gmt":"2026-01-29T13:01:15","slug":"linmot-pilot-weniger-programmieren-mehr-bewegen","status":"publish","type":"page","link":"https:\/\/linmot.com\/de\/produkte\/linmot-pilot-weniger-programmieren-mehr-bewegen\/","title":{"rendered":"LinMot Pilot &#8211; Weniger programmieren, mehr bewegen"},"content":{"rendered":"<p><strong>LinMot Pilot ist eine intuitive No-Code-Robotersteuerung f\u00fcr mehrachsige LinMot Flat Robots, f\u00fcr die keine SPS oder Programmierkenntnisse erforderlich sind.<\/strong><\/p>\n<p>\u00dcber ein browserbasiertes Interface lassen sich Bewegungsabl\u00e4ufe schnell einlernen, konfigurieren und ausf\u00fchren. Dank vorgefertigter Befehle und Teach-In-Funktionen lassen sich einfache Anwendungen wie Pick-and-Place bis hin zu anspruchsvolleren Aufgaben wie Verschrauben oder Bandsynchronisation einfach umsetzen. Da Steuerung und Anlagen-HMI in einer Plattform vereint sind, wird wertvolle Zeit bei der Programmierung und Inbetriebnahme gespart.<\/p>\n<hr \/>\n<div class=\"row\">\n<div class=\"col-sm-2\">\n<p><a class=\"button\" href=\"#details\">1. Details<\/a><\/p>\n<\/div>\n<div class=\"col-sm-1\">\n<\/div>\n<div class=\"col-sm-2\">\n<p><a class=\"button\" href=\"#videos\">2. Videos<\/a><\/p>\n<\/div>\n<div class=\"col-sm-1\">\n<\/div>\n<div class=\"col-sm-2\">\n<p><a class=\"button\" href=\"#anwendung\">3. Anwendung<\/a><\/p>\n<\/div>\n<div class=\"col-sm-1\">\n<\/div>\n<div class=\"col-sm-2\">\n<p><a class=\"button\" href=\"#kontakt\">4. Kontakt<\/a><\/p>\n<\/div>\n<\/div>\n<hr \/>\n<h3 id=\"details\">1. Details<\/h3>\n<div class=\"row\">\n<div class=\"col-sm-7\">\n<img loading=\"lazy\" decoding=\"async\" class=\"alignnone size-full wp-image-6087\" src=\"https:\/\/linmot.com\/de\/wp-content\/uploads\/sites\/2\/2025\/11\/linmot-pilot-screen-1.jpg\" alt=\"\" width=\"950\" height=\"668\" srcset=\"https:\/\/linmot.com\/de\/wp-content\/uploads\/sites\/2\/2025\/11\/linmot-pilot-screen-1.jpg 950w, https:\/\/linmot.com\/de\/wp-content\/uploads\/sites\/2\/2025\/11\/linmot-pilot-screen-1-300x211.jpg 300w, https:\/\/linmot.com\/de\/wp-content\/uploads\/sites\/2\/2025\/11\/linmot-pilot-screen-1-768x540.jpg 768w\" sizes=\"auto, (max-width: 950px) 100vw, 950px\" \/>\n<\/div>\n<div class=\"col-sm-5\">\n<h3>Programmieren wie ein Profi &#8211; ohne Vorkenntnisse<\/h3>\n<ul>\n<li>No-Code-Plattform \u2013 keine Programmierkenntnisse erforderlich<\/li>\n<li>Keine Entwicklungsumgebung n\u00f6tig \u2013 direkt im Browser arbeiten<\/li>\n<li>Intuitive Bedienung \u2013 Programme testen und anpassen ohne H\u00fcrden<\/li>\n<li>Minimale Einarbeitungszeit \u2013 sofort einsatzbereit<\/li>\n<li>Schnelles Prototyping \u2013 rasch von der Idee zur Bewegung<\/li>\n<li>Know-how-basierte Anwendungen \u2013 prozessspezifische Anwendungen per Wizard parametrisiert<\/li>\n<\/ul>\n<\/div>\n<\/div>\n<hr \/>\n<div class=\"row\">\n<div class=\"col-sm-5\">\n<h3>Verf\u00fcgbare Funktionen in LinMot Pilot<\/h3>\n<ul>\n<li>Logikbefehle<\/li>\n<li>Bewegungsbefehle<\/li>\n<li>IO-Ansteuerung &amp; Variablenverwaltung<\/li>\n<li>Personalisierbare Oberfl\u00e4che<\/li>\n<\/ul>\n<p>Zuk\u00fcnftig mit Know-how-basierten Applikationen erweiterbar<\/p>\n<ul>\n<li>F\u00f6rderband Tracking<\/li>\n<li>Kamera Interface<\/li>\n<li>Verschliessen und Verschrauben<\/li>\n<li>Palettierung<\/li>\n<li>&#8230;und vieles mehr<\/li>\n<\/ul>\n<\/div>\n<div class=\"col-sm-7\">\n<img loading=\"lazy\" decoding=\"async\" class=\"alignnone size-full wp-image-6098\" src=\"https:\/\/linmot.com\/de\/wp-content\/uploads\/sites\/2\/2025\/11\/linmot-pilot-tablet-3.jpg\" alt=\"\" width=\"798\" height=\"561\" srcset=\"https:\/\/linmot.com\/de\/wp-content\/uploads\/sites\/2\/2025\/11\/linmot-pilot-tablet-3.jpg 798w, https:\/\/linmot.com\/de\/wp-content\/uploads\/sites\/2\/2025\/11\/linmot-pilot-tablet-3-300x211.jpg 300w, https:\/\/linmot.com\/de\/wp-content\/uploads\/sites\/2\/2025\/11\/linmot-pilot-tablet-3-768x540.jpg 768w\" sizes=\"auto, (max-width: 798px) 100vw, 798px\" \/>\n<\/div>\n<\/div>\n<hr \/>\n<h3>Personalisierbares Interface (bald erh\u00e4ltlich)<\/h3>\n<ul>\n<li>Zeigen Sie relevante Informationen auf Ihrer Registerkarte \u201eOperation\u201c an<\/li>\n<li>Klare und moderne Designelemente<\/li>\n<li>Visualisierung von Prozessdaten, Zykluszeiten und vielen anderen Informationen des Systems<\/li>\n<li>Benutzerdefinierte Steuerelemente f\u00fcr den schnellen Zugriff auf Variablen oder Funktionen<\/li>\n<li>Passen Sie die Benutzeroberfl\u00e4che an die Anforderungen Ihrer Anwendung an<\/li>\n<\/ul>\n<img loading=\"lazy\" decoding=\"async\" class=\"alignnone size-full wp-image-6102\" src=\"https:\/\/linmot.com\/de\/wp-content\/uploads\/sites\/2\/2025\/11\/linmot-pilot-dashboard-2.jpg\" alt=\"\" width=\"1200\" height=\"673\" srcset=\"https:\/\/linmot.com\/de\/wp-content\/uploads\/sites\/2\/2025\/11\/linmot-pilot-dashboard-2.jpg 1200w, https:\/\/linmot.com\/de\/wp-content\/uploads\/sites\/2\/2025\/11\/linmot-pilot-dashboard-2-300x168.jpg 300w, https:\/\/linmot.com\/de\/wp-content\/uploads\/sites\/2\/2025\/11\/linmot-pilot-dashboard-2-1024x574.jpg 1024w, https:\/\/linmot.com\/de\/wp-content\/uploads\/sites\/2\/2025\/11\/linmot-pilot-dashboard-2-768x431.jpg 768w\" sizes=\"auto, (max-width: 1200px) 100vw, 1200px\" \/>\n<hr \/>\n<div class=\"row\">\n<div class=\"col-sm-6\">\n<h3>Die Roboter Steuerung: Das Technologiemodul TM01<\/h3>\n<ul>\n<li>Bis zu 8 Achsen<\/li>\n<li>4-Kern-Prozessor mit 1.5 GHz<\/li>\n<li>2 ms Zykluszeit<\/li>\n<li>Profinet oder EthernetIP mit SPS<\/li>\n<li>EtherCAT u.a. mit Feldbus-IOs<\/li>\n<li>Industrie 4.0 dank OPC UA<\/li>\n<\/ul>\n<\/div>\n<div class=\"col-sm-6\">\n<img loading=\"lazy\" decoding=\"async\" class=\"alignnone size-full wp-image-6111\" src=\"https:\/\/linmot.com\/de\/wp-content\/uploads\/sites\/2\/2025\/11\/linmot-pilot-tm01-3.jpg\" alt=\"\" width=\"239\" height=\"250\" \/>\n<p>&nbsp;<\/p>\n<\/div>\n<\/div>\n<div class=\"row\">\n<div class=\"col-sm-2\">\n<img loading=\"lazy\" decoding=\"async\" class=\"alignnone size-full wp-image-3626\" src=\"https:\/\/linmot.com\/de\/wp-content\/uploads\/sites\/2\/2022\/07\/Profinet-Logo.jpg\" alt=\"Profinet Logo\" width=\"167\" height=\"88\" \/>\n<\/div>\n<div class=\"col-sm-2\">\n<img loading=\"lazy\" decoding=\"async\" class=\"alignnone size-full wp-image-4142\" src=\"https:\/\/linmot.com\/de\/wp-content\/uploads\/sites\/2\/2023\/03\/ethernet-ip-logo.jpg\" alt=\"\" width=\"170\" height=\"66\" \/>\n<p>&nbsp;<\/p>\n<\/div>\n<div class=\"col-sm-2\">\n<img loading=\"lazy\" decoding=\"async\" class=\"alignnone size-full wp-image-6076\" src=\"https:\/\/linmot.com\/de\/wp-content\/uploads\/sites\/2\/2025\/11\/opc-ua-logo.jpg\" alt=\"\" width=\"566\" height=\"135\" srcset=\"https:\/\/linmot.com\/de\/wp-content\/uploads\/sites\/2\/2025\/11\/opc-ua-logo.jpg 566w, https:\/\/linmot.com\/de\/wp-content\/uploads\/sites\/2\/2025\/11\/opc-ua-logo-300x72.jpg 300w\" sizes=\"auto, (max-width: 566px) 100vw, 566px\" \/>\n<\/div>\n<div class=\"col-sm-6\">\n<\/div>\n<\/div>\n<p><strong>Mit zus\u00e4tzlichem Gateway auch kompatibel mit<\/strong><br \/>\n<div class=\"row\">\n<div class=\"col-sm-2\">\n<img loading=\"lazy\" decoding=\"async\" class=\"alignnone size-full wp-image-4143\" src=\"https:\/\/linmot.com\/de\/wp-content\/uploads\/sites\/2\/2023\/03\/ethernet-powerlink-logo.jpg\" alt=\"\" width=\"158\" height=\"66\" \/>\n<\/div>\n<div class=\"col-sm-2\">\n<img loading=\"lazy\" decoding=\"async\" class=\"alignnone size-full wp-image-4141\" src=\"https:\/\/linmot.com\/de\/wp-content\/uploads\/sites\/2\/2023\/03\/ethercat-logo.jpg\" alt=\"\" width=\"158\" height=\"66\" \/>\n<\/div>\n<div class=\"col-sm-2\">\n<img loading=\"lazy\" decoding=\"async\" class=\"alignnone size-full wp-image-4145\" src=\"https:\/\/linmot.com\/de\/wp-content\/uploads\/sites\/2\/2023\/03\/sercos-automation-logo.jpg\" alt=\"\" width=\"130\" height=\"66\" \/>\n<\/div>\n<\/div>\n<h3 id=\"videos\">2. Videos<\/h3>\n<div class=\"row download\">\n<div class=\"col-md-6\">\n<h4 class=\"download-title\">Die No-Code-Robotersteuerung f\u00fcr LinMot Systeme<\/h4>\n<p class=\"bodytext\" align=\"justify\">Haben wir Ihr Interesse geweckt? Vereinbaren Sie eine Live-Demonstration bei Ihrem Vertriebspartner, oder erhalten Sie Zugriff auf unsere Remote-Test-Umgebung.<\/p>\n<\/div>\n<div class=\"col-md-1\">\n<\/div>\n<div class=\"col-md-5\">\n<div class=\"brlbs-cmpnt-container brlbs-cmpnt-content-blocker brlbs-cmpnt-with-individual-styles\" data-borlabs-cookie-content-blocker-id=\"youtube-content-blocker\" data-borlabs-cookie-content=\"PGlmcmFtZSB0aXRsZT0iWW91VHViZSB2aWRlbyBwbGF5ZXIiIHNyYz0iaHR0cHM6Ly93d3cueW91dHViZS1ub2Nvb2tpZS5jb20vZW1iZWQvakJPcHIzZW9KX3ciIHdpZHRoPSIzOTQiIGhlaWdodD0iMjIwIiBmcmFtZWJvcmRlcj0iMCIgYWxsb3dmdWxsc2NyZWVuPSJhbGxvd2Z1bGxzY3JlZW4iPjwvaWZyYW1lPg==\">\n<div class=\"brlbs-cmpnt-cb-preset-c brlbs-cmpnt-cb-youtube\">\n<div class=\"brlbs-cmpnt-cb-thumbnail\" style=\"background-image: url('https:\/\/linmot.com\/de\/wp-content\/uploads\/borlabs-cookie\/2\/yt_jBOpr3eoJ_w_hqdefault.jpg')\"><\/div>\n<div class=\"brlbs-cmpnt-cb-main\">\n<div class=\"brlbs-cmpnt-cb-play-button\"><\/div>\n<div class=\"brlbs-cmpnt-cb-content\">\n<p class=\"brlbs-cmpnt-cb-description\">Sie sehen gerade einen Platzhalterinhalt von <strong>YouTube<\/strong>. Um auf den eigentlichen Inhalt zuzugreifen, klicken Sie auf die Schaltfl\u00e4che unten. Bitte beachten Sie, dass dabei Daten an Drittanbieter weitergegeben werden.<\/p>\n<p> <a class=\"brlbs-cmpnt-cb-provider-toggle\" href=\"#\" data-borlabs-cookie-show-provider-information role=\"button\">Mehr Informationen<\/a> <\/div>\n<div class=\"brlbs-cmpnt-cb-buttons\"> <a class=\"brlbs-cmpnt-cb-btn\" href=\"#\" data-borlabs-cookie-unblock role=\"button\">Inhalt entsperren<\/a> <a class=\"brlbs-cmpnt-cb-btn\" href=\"#\" data-borlabs-cookie-accept-service role=\"button\" style=\"display: inherit\">Erforderlichen Service akzeptieren und Inhalte entsperren<\/a> <\/div>\n<\/p><\/div>\n<\/p><\/div>\n<\/div>\n<\/div>\n<\/div>\n<h3 id=\"anwendung\">3. Anwendung<\/h3>\n<div class=\"row download\">\n<div class=\"col-md-3\">\n<h4 class=\"download-title\">Take me to the Pilot<\/h4>\n<p class=\"bodytext\" align=\"justify\">Wir haben mit Reto Brumann, Product Manager Robotics bei LinMot und verantwortlicher Kopf hinter LinMot Pilot, \u00fcber die Idee, die Funktionen und das Potenzial dieser smarten L\u00f6sung gesprochen. Ein Interview \u00fcber Fachkr\u00e4ftemangel, benutzerfreundliche Technik und den Mut zur Vereinfachung.<\/p>\n<p><a class=\"button\" href=\"\/de\/blog\/take-me-to-the-pilot\/\">Zum Artikel<\/a><br \/>\n<\/div>\n<div class=\"col-md-2\">\n<img loading=\"lazy\" decoding=\"async\" class=\"alignnone size-full wp-image-6201\" src=\"https:\/\/linmot.com\/de\/wp-content\/uploads\/sites\/2\/2025\/12\/linmot-pilot-preview-picture.jpg\" alt=\"\" width=\"220\" height=\"220\" srcset=\"https:\/\/linmot.com\/de\/wp-content\/uploads\/sites\/2\/2025\/12\/linmot-pilot-preview-picture.jpg 220w, https:\/\/linmot.com\/de\/wp-content\/uploads\/sites\/2\/2025\/12\/linmot-pilot-preview-picture-150x150.jpg 150w\" sizes=\"auto, (max-width: 220px) 100vw, 220px\" \/><br \/>\n<\/div>\n<\/div>\n<h3 id=\"kontakt\">4. Kontakt<\/h3>\n<div class=\"row download\">\n<div class=\"col-md-6\">\n<h4 class=\"download-title\">Fragen zu LinMot Pilot?<\/h4>\n<p class=\"bodytext\" align=\"justify\">Wir stehen Ihnen gerne f\u00fcr Ihre Fragen oder eine Beratung zur Verf\u00fcgung.<br \/>\nKontaktieren Sie uns \u00fcber das nachfolgende Formular oder telefonisch unter:<\/p>\n<p class=\"bodytext\">Schweiz: +41 (0)56 544 71 00<br \/>\nDeutschland: +49 (0)201 858940 0<br \/>\nUSA: 262-743-2555<\/p>\n<p class=\"bodytext\">Das LinMot-Team<\/p>\n<\/div>\n<div class=\"col-md-1\">\n<\/div>\n<div class=\"col-md-5\">\n\n<div class=\"wpcf7 no-js\" id=\"wpcf7-f1617-o1\" lang=\"de-DE\" dir=\"ltr\" data-wpcf7-id=\"1617\">\n<div class=\"screen-reader-response\"><p role=\"status\" aria-live=\"polite\" aria-atomic=\"true\"><\/p> <ul><\/ul><\/div>\n<form action=\"\/de\/wp-json\/wp\/v2\/pages\/6070#wpcf7-f1617-o1\" method=\"post\" class=\"wpcf7-form init\" aria-label=\"Kontaktformular\" novalidate=\"novalidate\" data-status=\"init\">\n<fieldset class=\"hidden-fields-container\"><input type=\"hidden\" name=\"_wpcf7\" value=\"1617\" \/><input type=\"hidden\" name=\"_wpcf7_version\" value=\"6.1.5\" \/><input type=\"hidden\" name=\"_wpcf7_locale\" value=\"de_DE\" \/><input type=\"hidden\" name=\"_wpcf7_unit_tag\" value=\"wpcf7-f1617-o1\" \/><input type=\"hidden\" name=\"_wpcf7_container_post\" value=\"0\" \/><input type=\"hidden\" name=\"_wpcf7_posted_data_hash\" value=\"\" \/><input type=\"hidden\" name=\"_wpcf7_recaptcha_response\" value=\"\" \/>\n<\/fieldset>\n<label> Ihr Name<br>\n    <span class=\"wpcf7-form-control-wrap\" data-name=\"your-name\"><input size=\"40\" maxlength=\"400\" class=\"wpcf7-form-control wpcf7-text wpcf7-validates-as-required\" aria-required=\"true\" aria-invalid=\"false\" value=\"\" type=\"text\" name=\"your-name\" \/><\/span> <\/label>\n<br>\n<label> Ihre Firma<br>\n    <span class=\"wpcf7-form-control-wrap\" data-name=\"your-company\"><input size=\"40\" maxlength=\"400\" class=\"wpcf7-form-control wpcf7-text wpcf7-validates-as-required\" aria-required=\"true\" aria-invalid=\"false\" value=\"\" type=\"text\" name=\"your-company\" \/><\/span> <\/label>\n<br>\n<label> Postleitzahl<br>\n    <span class=\"wpcf7-form-control-wrap\" data-name=\"your-plz\"><input class=\"wpcf7-form-control wpcf7-number wpcf7-validates-as-required wpcf7-validates-as-number\" aria-required=\"true\" aria-invalid=\"false\" value=\"\" type=\"number\" name=\"your-plz\" \/><\/span> <\/label>\n<br>\n<label> Land<br>\n    <span class=\"wpcf7-form-control-wrap\" data-name=\"your-country\"><input size=\"40\" maxlength=\"400\" class=\"wpcf7-form-control wpcf7-text wpcf7-validates-as-required\" aria-required=\"true\" aria-invalid=\"false\" value=\"\" type=\"text\" name=\"your-country\" \/><\/span> <\/label>\n<br>\n<label> Telefonnummer<br>\n    <span class=\"wpcf7-form-control-wrap\" data-name=\"your-telephone\"><input size=\"40\" maxlength=\"400\" class=\"wpcf7-form-control wpcf7-tel wpcf7-text wpcf7-validates-as-tel\" aria-invalid=\"false\" value=\"\" type=\"tel\" name=\"your-telephone\" \/><\/span> <\/label>\n<br>\n<label> E-Mail-Adresse<br>\n    <span class=\"wpcf7-form-control-wrap\" data-name=\"your-email\"><input size=\"40\" maxlength=\"400\" class=\"wpcf7-form-control wpcf7-email wpcf7-validates-as-required wpcf7-text wpcf7-validates-as-email\" aria-required=\"true\" aria-invalid=\"false\" value=\"\" type=\"email\" name=\"your-email\" \/><\/span> <\/label>\n<br>\n<label> Ihre Frage<br>\n    <span class=\"wpcf7-form-control-wrap\" data-name=\"your-message\"><textarea cols=\"40\" rows=\"10\" maxlength=\"2000\" class=\"wpcf7-form-control wpcf7-textarea\" aria-invalid=\"false\" name=\"your-message\"><\/textarea><\/span> <\/label>\n<br>\n<input class=\"wpcf7-form-control wpcf7-submit has-spinner\" type=\"submit\" value=\"Senden\" \/><div class=\"wpcf7-response-output\" aria-hidden=\"true\"><\/div>\n<\/form>\n<\/div>\n\n<\/div>\n<\/div>\n","protected":false},"excerpt":{"rendered":"<p>LinMot Pilot ist eine intuitive No-Code-Robotersteuerung f\u00fcr mehrachsige LinMot Flat Robots, f\u00fcr die keine SPS oder Programmierkenntnisse erforderlich sind. \u00dcber ein browserbasiertes Interface lassen sich Bewegungsabl\u00e4ufe schnell einlernen, konfigurieren und ausf\u00fchren. Dank vorgefertigter Befehle und Teach-In-Funktionen lassen sich einfache Anwendungen wie Pick-and-Place bis hin zu anspruchsvolleren Aufgaben wie Verschrauben oder Bandsynchronisation einfach umsetzen. Da Steuerung [&hellip;]<\/p>\n","protected":false},"author":9,"featured_media":0,"parent":6,"menu_order":6,"comment_status":"closed","ping_status":"closed","template":"","meta":{"_acf_changed":false,"footnotes":""},"class_list":["post-6070","page","type-page","status-publish","hentry"],"acf":[],"yoast_head":"<!-- This site is optimized with the Yoast SEO Premium plugin v20.9 (Yoast SEO v27.3) - https:\/\/yoast.com\/product\/yoast-seo-premium-wordpress\/ -->\n<title>LinMot Pilot - Weniger programmieren, mehr bewegen | LinMot<\/title>\n<meta name=\"description\" content=\"LinMot Pilot ist eine intuitive No-Code-Steuerungsplattform f\u00fcr mehrachsige LinMot Systeme, f\u00fcr die keine SPS oder Programmierkenntnisse erforderlich sind.\" \/>\n<meta name=\"robots\" content=\"index, follow, max-snippet:-1, max-image-preview:large, max-video-preview:-1\" \/>\n<link rel=\"canonical\" href=\"https:\/\/linmot.com\/de\/produkte\/linmot-pilot-weniger-programmieren-mehr-bewegen\/\" \/>\n<meta property=\"og:locale\" content=\"de_DE\" \/>\n<meta property=\"og:type\" content=\"article\" \/>\n<meta property=\"og:title\" content=\"LinMot Pilot - Weniger programmieren, mehr bewegen\" \/>\n<meta property=\"og:description\" content=\"LinMot Pilot ist eine intuitive No-Code-Steuerungsplattform f\u00fcr mehrachsige LinMot Systeme, f\u00fcr die keine SPS oder Programmierkenntnisse erforderlich sind.\" \/>\n<meta property=\"og:url\" content=\"https:\/\/linmot.com\/de\/produkte\/linmot-pilot-weniger-programmieren-mehr-bewegen\/\" \/>\n<meta property=\"og:site_name\" content=\"LinMot &amp; MagSpring - Deutsch\" \/>\n<meta property=\"article:modified_time\" content=\"2026-01-29T13:01:15+00:00\" \/>\n<meta property=\"og:image\" content=\"https:\/\/linmot.com\/de\/wp-content\/uploads\/sites\/2\/2025\/11\/linmot-pilot-screen-1.jpg\" \/>\n\t<meta property=\"og:image:width\" content=\"950\" \/>\n\t<meta property=\"og:image:height\" content=\"668\" \/>\n\t<meta property=\"og:image:type\" content=\"image\/jpeg\" \/>\n<meta name=\"twitter:card\" content=\"summary_large_image\" \/>\n<meta name=\"twitter:label1\" content=\"Gesch\u00e4tzte Lesezeit\" \/>\n\t<meta name=\"twitter:data1\" content=\"5 Minuten\" \/>\n<script type=\"application\/ld+json\" class=\"yoast-schema-graph\">{\"@context\":\"https:\\\/\\\/schema.org\",\"@graph\":[{\"@type\":\"WebPage\",\"@id\":\"https:\\\/\\\/linmot.com\\\/de\\\/produkte\\\/linmot-pilot-weniger-programmieren-mehr-bewegen\\\/\",\"url\":\"https:\\\/\\\/linmot.com\\\/de\\\/produkte\\\/linmot-pilot-weniger-programmieren-mehr-bewegen\\\/\",\"name\":\"LinMot Pilot - Weniger programmieren, mehr bewegen | LinMot\",\"isPartOf\":{\"@id\":\"https:\\\/\\\/linmot.com\\\/de\\\/#website\"},\"primaryImageOfPage\":{\"@id\":\"https:\\\/\\\/linmot.com\\\/de\\\/produkte\\\/linmot-pilot-weniger-programmieren-mehr-bewegen\\\/#primaryimage\"},\"image\":{\"@id\":\"https:\\\/\\\/linmot.com\\\/de\\\/produkte\\\/linmot-pilot-weniger-programmieren-mehr-bewegen\\\/#primaryimage\"},\"thumbnailUrl\":\"https:\\\/\\\/linmot.com\\\/de\\\/wp-content\\\/uploads\\\/sites\\\/2\\\/2025\\\/11\\\/linmot-pilot-screen-1.jpg\",\"datePublished\":\"2025-11-11T14:19:30+00:00\",\"dateModified\":\"2026-01-29T13:01:15+00:00\",\"description\":\"LinMot Pilot ist eine intuitive No-Code-Steuerungsplattform f\u00fcr mehrachsige LinMot Systeme, f\u00fcr die keine SPS oder Programmierkenntnisse erforderlich sind.\",\"breadcrumb\":{\"@id\":\"https:\\\/\\\/linmot.com\\\/de\\\/produkte\\\/linmot-pilot-weniger-programmieren-mehr-bewegen\\\/#breadcrumb\"},\"inLanguage\":\"de\",\"potentialAction\":[{\"@type\":\"ReadAction\",\"target\":[\"https:\\\/\\\/linmot.com\\\/de\\\/produkte\\\/linmot-pilot-weniger-programmieren-mehr-bewegen\\\/\"]}]},{\"@type\":\"ImageObject\",\"inLanguage\":\"de\",\"@id\":\"https:\\\/\\\/linmot.com\\\/de\\\/produkte\\\/linmot-pilot-weniger-programmieren-mehr-bewegen\\\/#primaryimage\",\"url\":\"https:\\\/\\\/linmot.com\\\/de\\\/wp-content\\\/uploads\\\/sites\\\/2\\\/2025\\\/11\\\/linmot-pilot-screen-1.jpg\",\"contentUrl\":\"https:\\\/\\\/linmot.com\\\/de\\\/wp-content\\\/uploads\\\/sites\\\/2\\\/2025\\\/11\\\/linmot-pilot-screen-1.jpg\",\"width\":950,\"height\":668},{\"@type\":\"BreadcrumbList\",\"@id\":\"https:\\\/\\\/linmot.com\\\/de\\\/produkte\\\/linmot-pilot-weniger-programmieren-mehr-bewegen\\\/#breadcrumb\",\"itemListElement\":[{\"@type\":\"ListItem\",\"position\":1,\"name\":\"LinMot\",\"item\":\"https:\\\/\\\/linmot.com\\\/de\\\/\"},{\"@type\":\"ListItem\",\"position\":2,\"name\":\"Produkte\",\"item\":\"https:\\\/\\\/linmot.com\\\/de\\\/produkte\\\/\"},{\"@type\":\"ListItem\",\"position\":3,\"name\":\"LinMot Pilot &#8211; Weniger programmieren, mehr bewegen\"}]},{\"@type\":\"WebSite\",\"@id\":\"https:\\\/\\\/linmot.com\\\/de\\\/#website\",\"url\":\"https:\\\/\\\/linmot.com\\\/de\\\/\",\"name\":\"LinMot & MagSpring - Industrielle Linearmotoren\",\"description\":\"Hochwertigen Linearmotoren und Linearmotorsystemen\",\"publisher\":{\"@id\":\"https:\\\/\\\/linmot.com\\\/de\\\/#organization\"},\"potentialAction\":[{\"@type\":\"SearchAction\",\"target\":{\"@type\":\"EntryPoint\",\"urlTemplate\":\"https:\\\/\\\/linmot.com\\\/de\\\/?s={search_term_string}\"},\"query-input\":{\"@type\":\"PropertyValueSpecification\",\"valueRequired\":true,\"valueName\":\"search_term_string\"}}],\"inLanguage\":\"de\"},{\"@type\":\"Organization\",\"@id\":\"https:\\\/\\\/linmot.com\\\/de\\\/#organization\",\"name\":\"NTI AG - LinMot & MagSpring\",\"url\":\"https:\\\/\\\/linmot.com\\\/de\\\/\",\"logo\":{\"@type\":\"ImageObject\",\"inLanguage\":\"de\",\"@id\":\"https:\\\/\\\/linmot.com\\\/de\\\/#\\\/schema\\\/logo\\\/image\\\/\",\"url\":\"https:\\\/\\\/linmot.com\\\/de\\\/wp-content\\\/uploads\\\/sites\\\/2\\\/2022\\\/01\\\/social-logo.jpg\",\"contentUrl\":\"https:\\\/\\\/linmot.com\\\/de\\\/wp-content\\\/uploads\\\/sites\\\/2\\\/2022\\\/01\\\/social-logo.jpg\",\"width\":800,\"height\":500,\"caption\":\"NTI AG - LinMot & MagSpring\"},\"image\":{\"@id\":\"https:\\\/\\\/linmot.com\\\/de\\\/#\\\/schema\\\/logo\\\/image\\\/\"},\"sameAs\":[\"https:\\\/\\\/www.linkedin.com\\\/company\\\/nti-ag-linmot-magspring\",\"https:\\\/\\\/www.youtube.com\\\/user\\\/LinMotEurope\",\"https:\\\/\\\/www.xing.com\\\/pages\\\/linmot-magspring\"]}]}<\/script>\n<!-- \/ Yoast SEO Premium plugin. -->","yoast_head_json":{"title":"LinMot Pilot - Weniger programmieren, mehr bewegen | LinMot","description":"LinMot Pilot ist eine intuitive No-Code-Steuerungsplattform f\u00fcr mehrachsige LinMot Systeme, f\u00fcr die keine SPS oder Programmierkenntnisse erforderlich sind.","robots":{"index":"index","follow":"follow","max-snippet":"max-snippet:-1","max-image-preview":"max-image-preview:large","max-video-preview":"max-video-preview:-1"},"canonical":"https:\/\/linmot.com\/de\/produkte\/linmot-pilot-weniger-programmieren-mehr-bewegen\/","og_locale":"de_DE","og_type":"article","og_title":"LinMot Pilot - Weniger programmieren, mehr bewegen","og_description":"LinMot Pilot ist eine intuitive No-Code-Steuerungsplattform f\u00fcr mehrachsige LinMot Systeme, f\u00fcr die keine SPS oder Programmierkenntnisse erforderlich sind.","og_url":"https:\/\/linmot.com\/de\/produkte\/linmot-pilot-weniger-programmieren-mehr-bewegen\/","og_site_name":"LinMot &amp; MagSpring - Deutsch","article_modified_time":"2026-01-29T13:01:15+00:00","og_image":[{"width":950,"height":668,"url":"https:\/\/linmot.com\/de\/wp-content\/uploads\/sites\/2\/2025\/11\/linmot-pilot-screen-1.jpg","type":"image\/jpeg"}],"twitter_card":"summary_large_image","twitter_misc":{"Gesch\u00e4tzte Lesezeit":"5 Minuten"},"schema":{"@context":"https:\/\/schema.org","@graph":[{"@type":"WebPage","@id":"https:\/\/linmot.com\/de\/produkte\/linmot-pilot-weniger-programmieren-mehr-bewegen\/","url":"https:\/\/linmot.com\/de\/produkte\/linmot-pilot-weniger-programmieren-mehr-bewegen\/","name":"LinMot Pilot - Weniger programmieren, mehr bewegen | LinMot","isPartOf":{"@id":"https:\/\/linmot.com\/de\/#website"},"primaryImageOfPage":{"@id":"https:\/\/linmot.com\/de\/produkte\/linmot-pilot-weniger-programmieren-mehr-bewegen\/#primaryimage"},"image":{"@id":"https:\/\/linmot.com\/de\/produkte\/linmot-pilot-weniger-programmieren-mehr-bewegen\/#primaryimage"},"thumbnailUrl":"https:\/\/linmot.com\/de\/wp-content\/uploads\/sites\/2\/2025\/11\/linmot-pilot-screen-1.jpg","datePublished":"2025-11-11T14:19:30+00:00","dateModified":"2026-01-29T13:01:15+00:00","description":"LinMot Pilot ist eine intuitive No-Code-Steuerungsplattform f\u00fcr mehrachsige LinMot Systeme, f\u00fcr die keine SPS oder Programmierkenntnisse erforderlich sind.","breadcrumb":{"@id":"https:\/\/linmot.com\/de\/produkte\/linmot-pilot-weniger-programmieren-mehr-bewegen\/#breadcrumb"},"inLanguage":"de","potentialAction":[{"@type":"ReadAction","target":["https:\/\/linmot.com\/de\/produkte\/linmot-pilot-weniger-programmieren-mehr-bewegen\/"]}]},{"@type":"ImageObject","inLanguage":"de","@id":"https:\/\/linmot.com\/de\/produkte\/linmot-pilot-weniger-programmieren-mehr-bewegen\/#primaryimage","url":"https:\/\/linmot.com\/de\/wp-content\/uploads\/sites\/2\/2025\/11\/linmot-pilot-screen-1.jpg","contentUrl":"https:\/\/linmot.com\/de\/wp-content\/uploads\/sites\/2\/2025\/11\/linmot-pilot-screen-1.jpg","width":950,"height":668},{"@type":"BreadcrumbList","@id":"https:\/\/linmot.com\/de\/produkte\/linmot-pilot-weniger-programmieren-mehr-bewegen\/#breadcrumb","itemListElement":[{"@type":"ListItem","position":1,"name":"LinMot","item":"https:\/\/linmot.com\/de\/"},{"@type":"ListItem","position":2,"name":"Produkte","item":"https:\/\/linmot.com\/de\/produkte\/"},{"@type":"ListItem","position":3,"name":"LinMot Pilot &#8211; Weniger programmieren, mehr bewegen"}]},{"@type":"WebSite","@id":"https:\/\/linmot.com\/de\/#website","url":"https:\/\/linmot.com\/de\/","name":"LinMot & MagSpring - Industrielle Linearmotoren","description":"Hochwertigen Linearmotoren und Linearmotorsystemen","publisher":{"@id":"https:\/\/linmot.com\/de\/#organization"},"potentialAction":[{"@type":"SearchAction","target":{"@type":"EntryPoint","urlTemplate":"https:\/\/linmot.com\/de\/?s={search_term_string}"},"query-input":{"@type":"PropertyValueSpecification","valueRequired":true,"valueName":"search_term_string"}}],"inLanguage":"de"},{"@type":"Organization","@id":"https:\/\/linmot.com\/de\/#organization","name":"NTI AG - LinMot & MagSpring","url":"https:\/\/linmot.com\/de\/","logo":{"@type":"ImageObject","inLanguage":"de","@id":"https:\/\/linmot.com\/de\/#\/schema\/logo\/image\/","url":"https:\/\/linmot.com\/de\/wp-content\/uploads\/sites\/2\/2022\/01\/social-logo.jpg","contentUrl":"https:\/\/linmot.com\/de\/wp-content\/uploads\/sites\/2\/2022\/01\/social-logo.jpg","width":800,"height":500,"caption":"NTI AG - LinMot & MagSpring"},"image":{"@id":"https:\/\/linmot.com\/de\/#\/schema\/logo\/image\/"},"sameAs":["https:\/\/www.linkedin.com\/company\/nti-ag-linmot-magspring","https:\/\/www.youtube.com\/user\/LinMotEurope","https:\/\/www.xing.com\/pages\/linmot-magspring"]}]}},"_links":{"self":[{"href":"https:\/\/linmot.com\/de\/wp-json\/wp\/v2\/pages\/6070","targetHints":{"allow":["GET"]}}],"collection":[{"href":"https:\/\/linmot.com\/de\/wp-json\/wp\/v2\/pages"}],"about":[{"href":"https:\/\/linmot.com\/de\/wp-json\/wp\/v2\/types\/page"}],"author":[{"embeddable":true,"href":"https:\/\/linmot.com\/de\/wp-json\/wp\/v2\/users\/9"}],"replies":[{"embeddable":true,"href":"https:\/\/linmot.com\/de\/wp-json\/wp\/v2\/comments?post=6070"}],"version-history":[{"count":46,"href":"https:\/\/linmot.com\/de\/wp-json\/wp\/v2\/pages\/6070\/revisions"}],"predecessor-version":[{"id":6288,"href":"https:\/\/linmot.com\/de\/wp-json\/wp\/v2\/pages\/6070\/revisions\/6288"}],"up":[{"embeddable":true,"href":"https:\/\/linmot.com\/de\/wp-json\/wp\/v2\/pages\/6"}],"wp:attachment":[{"href":"https:\/\/linmot.com\/de\/wp-json\/wp\/v2\/media?parent=6070"}],"curies":[{"name":"wp","href":"https:\/\/api.w.org\/{rel}","templated":true}]}}