{"id":5919,"date":"2025-10-22T14:56:30","date_gmt":"2025-10-22T12:56:30","guid":{"rendered":"https:\/\/linmot.com\/de\/?page_id=5919"},"modified":"2026-02-19T10:57:41","modified_gmt":"2026-02-19T09:57:41","slug":"bosch-rexroth-ctrlx-world","status":"publish","type":"page","link":"https:\/\/linmot.com\/de\/unternehmensprofil\/partner\/bosch-rexroth-ctrlx-world\/","title":{"rendered":"Bosch Rexroth &#8211; ctrlX World"},"content":{"rendered":"<hr \/>\n<div class=\"row\">\n<div class=\"col-sm-2\">\n<a id=\"top\" class=\"button\" href=\"#partnership\">1. Partnerschaft<\/a><\/p>\n<\/div>\n<div class=\"col-sm-2\">\n<a class=\"button\" href=\"#note\">2. Integration<\/a><\/p>\n<\/div>\n<div class=\"col-sm-2\">\n<a class=\"button\" href=\"#products\">3. Produkte<\/a><\/p>\n<\/div>\n<div class=\"col-sm-2\">\n<a class=\"button\" href=\"#headquarters\">4. Kontakt<\/a><br \/>\n<\/div>\n<\/div>\n<hr \/>\n<h2 id=\"partnership\">1. LinMot &amp; Bosch Rexroth<\/h2>\n<div class=\"row\">\n<div class=\"col-md-9\">\n<p>LinMot ist Technologiepartner der Bosch Rexroth AG und ab sofort Teil des ctrlX World Partner Netzwerks rund um ctrX AUTOMATION \u2013 einer Plattform, die neue Ma\u00dfst\u00e4be in der industriellen Automatisierung setzt.<\/p>\n<p>Unsere hochdynamischen Linearmotoren und Direktantriebe lassen sich nahtlos in die offene ctrlX-Architektur integrieren und bieten maximale Flexibilit\u00e4t, Zuverl\u00e4ssigkeit und Effizienz. Durch die Kombination unserer mechatronischen L\u00f6sungen mit ctrlX AUTOMATION erm\u00f6glichen wir Plug-and-Play-Integration, Echtzeitkommunikation und eine einfache Skalierung.<\/p>\n<p>Unsere L\u00f6sungen sind ideal f\u00fcr anspruchsvolle Industrieumgebungen und unterst\u00fctzen moderne I4.0-Konzepte durch intelligente Datenverarbeitung und Maschinenkommunikation.<\/p>\n<\/div>\n<div class=\"col-md-3\">\n<img loading=\"lazy\" decoding=\"async\" class=\"alignnone size-full wp-image-5920\" src=\"https:\/\/linmot.com\/de\/wp-content\/uploads\/sites\/2\/2025\/08\/bosch-rexroth-logo.jpg\" alt=\"\" width=\"400\" height=\"168\" srcset=\"https:\/\/linmot.com\/de\/wp-content\/uploads\/sites\/2\/2025\/08\/bosch-rexroth-logo.jpg 400w, https:\/\/linmot.com\/de\/wp-content\/uploads\/sites\/2\/2025\/08\/bosch-rexroth-logo-300x126.jpg 300w\" sizes=\"auto, (max-width: 400px) 100vw, 400px\" \/>\n<\/div>\n<\/div>\n<p style=\"text-align: right;\"><a href=\"\/de\/unternehmensprofil\/partner\/bosch-rexroth-ctrlx-world\/#top\" rel=\"noopener\">Zum Seitenanfang<\/a><\/p>\n<hr \/>\n<h2 id=\"note\">2. So integrieren Sie LinMot in ctrlX AUTOMATION<\/h2>\n<p>So integrieren Sie LinMot-Antriebe mit LinMot EtherCAT-Schnittstelle (DS402 CoE) als synchrone Bewegungsachse in ctrlX AUTOMATION von Bosch Rexroth.<\/p>\n<div class=\"row\">\n<div class=\"col-sm-6\">\n<a class=\"button\" href=\"http:\/\/www.ctrlx-automation.com\/\" target=\"_blank\" rel=\"noopener\">Zur Installationsanleitung<\/a><\/p>\n<\/div>\n<div class=\"col-sm-6\">\n<\/div>\n<\/div>\n<p style=\"text-align: right;\"><a href=\"\/de\/unternehmensprofil\/partner\/bosch-rexroth-ctrlx-world\/#top\" rel=\"noopener\">Zum Seitenanfang<\/a><\/p>\n<hr \/>\n<h2 id=\"products\">3. LinMot-Produkte<\/h2>\n<div class=\"row\">\n<div class=\"col-md-4\">\n<h4>Linearmotoren<\/h4>\n<img loading=\"lazy\" decoding=\"async\" class=\"alignnone size-full wp-image-1744\" src=\"https:\/\/linmot.com\/wp-content\/uploads\/2025\/01\/linearmotoren-product-overview.jpg\" alt=\"\" width=\"300\" height=\"199\" \/>\n<p><a class=\"button\" href=\"https:\/\/linmot.com\/de\/produkte\/linearmotoren\/\" target=\"_same\" rel=\"noopener\">Zum Produkt<\/a><\/p>\n<p align=\"justify\">Die Motoren von LinMot sind elektromagnetische Direktantriebe in tubularer Form. Die lineare Bewegung wird ohne Zwischenschaltung von mechanischen Getrieben, Spindeln oder Riemen rein elektrisch und verschleissfrei erzeugt.<\/p>\n<\/div>\n<div class=\"col-md-4\">\n<h4>Linearf\u00fchrungen und -module<\/h4>\n<img loading=\"lazy\" decoding=\"async\" class=\"alignnone size-full wp-image-1742\" src=\"https:\/\/linmot.com\/wp-content\/uploads\/2025\/01\/dm01-product-overview.jpg\" alt=\"\" width=\"300\" height=\"199\" \/>\n<p><a class=\"button\" href=\"https:\/\/linmot.com\/de\/produkte\/linearfuehrungen-linearmodule\/\" target=\"_same\" rel=\"noopener\">Zum Produkt<\/a><\/p>\n<p align=\"justify\">LinMot Linearf\u00fchrungen sind kompakte F\u00fchrungseinheiten f\u00fcr Linearmotoren. Die F\u00fchrungen werden zur Lagerung der Last, zur Aufnahme von externen Kr\u00e4ften, Dreh- und Biegemomenten und zugleich als Verdrehsicherung eingesetzt.<\/p>\n<\/div>\n<div class=\"col-md-4\">\n<h4>Hubdreh-Motoren<\/h4>\n<img loading=\"lazy\" decoding=\"async\" class=\"alignnone size-full wp-image-1740\" src=\"https:\/\/linmot.com\/wp-content\/uploads\/2025\/01\/hubdreh-product-overview.jpg\" alt=\"\" width=\"300\" height=\"199\" \/>\n<p><a class=\"button\" href=\"\/de\/produkte\/hubdreh-motoren-uebersicht\/\" target=\"_same\" rel=\"noopener\">Zum Produkt<\/a><\/p>\n<p align=\"justify\">Die Hubdreh-Motoren von LinMot zeichnen sich durch eine ausgezeichnete Flexibilit\u00e4t, Dynamik und Geschwindigkeit aus. Mit ihnen lassen sich sowohl Linear-, wie auch Rotationsbewegungen realisieren.<\/p>\n<\/div>\n<\/div>\n<div class=\"row\">\n<div class=\"col-md-4\">\n<h4>Flat Robots und Systeme<\/h4>\n<img loading=\"lazy\" decoding=\"async\" class=\"aligncenter wp-image-5581 size-full\" src=\"https:\/\/linmot.com\/de\/wp-content\/uploads\/sites\/2\/2025\/02\/flat-robots-und-systeme-produkteuebersicht.png\" alt=\"\" width=\"300\" height=\"199\" \/>\n<p><a class=\"button\" href=\"\/de\/produkte\/flat-robots-und-systeme\/\" target=\"_same\" rel=\"noopener\">Zum Produkt<\/a><\/p>\n<p align=\"justify\">LinMot Flat Robots und Systeme bieten innovative und einfach konfigurierbare Gantry-, Semi-Gantry- und Pick-and-Place-L\u00f6sungen. Mit den einsatzfertigen Mehrachssystemen lassen sich auch komplexe branchenspezifische Anforderungen schnell und pr\u00e4zise umsetzen.<\/p>\n<\/div>\n<div class=\"col-md-4\">\n<h4>Elektrische Greifer<\/h4>\n<img loading=\"lazy\" decoding=\"async\" class=\"aligncenter size-full wp-image-5751\" src=\"https:\/\/linmot.com\/de\/wp-content\/uploads\/sites\/2\/2025\/04\/electric-gripper-linmot-product-overview.jpg\" alt=\"\" width=\"300\" height=\"200\" \/>\n<p><a class=\"button\" href=\"\/de\/produkte\/greifer-drehgreifer\/\" target=\"_same\" rel=\"noopener\">Zum Produkt<\/a><\/p>\n<p align=\"justify\">LinMot Greifer sind hochdynamische L\u00f6sungen f\u00fcr anspruchsvolle Pick-and-Place-, Montage- und Schraubaufgaben. Neben schnellen Schliess- und \u00d6ffnungszeiten erm\u00f6glichen sie eine freie Fingerpositionierung sowie Kraftregelung.<\/p>\n<\/div>\n<div class=\"col-md-4\">\n<h4>Servo Drives<\/h4>\n<img loading=\"lazy\" decoding=\"async\" class=\"alignnone size-full wp-image-1746\" src=\"https:\/\/linmot.com\/wp-content\/uploads\/2025\/01\/servo-drives-product-overview.jpg\" alt=\"\" width=\"300\" height=\"199\" \/>\n<p><a class=\"button\" href=\"https:\/\/linmot.com\/de\/produkte\/servo-drives\" target=\"_same\" rel=\"noopener\">Zum Produkt<\/a><\/p>\n<p align=\"justify\">LinMot Servo Drive sind kompakte Positioniersteuerungen mit einem oder mehreren Leistungsteilen zur Ansteuerung der Motoren sowie einem intelligenten Steuerteil mit integrierter Positionsregelung. Das Steuerteil \u00fcbernimmt s\u00e4mtliche antriebsbezogenen Regel- und \u00dcberwachungsfunktionen.<\/p>\n<\/div>\n<\/div>\n<div class=\"row\">\n<div class=\"col-md-4\">\n<h4>MagSpring<\/h4>\n<img loading=\"lazy\" decoding=\"async\" class=\"alignnone size-full wp-image-1745\" src=\"https:\/\/linmot.com\/wp-content\/uploads\/2025\/01\/magspring-product-overview.jpg\" alt=\"\" width=\"300\" height=\"199\" \/>\n<p><a class=\"button\" href=\"\/de\/produkte\/magspring\" target=\"_same\" rel=\"noopener\">Zum Produkt<\/a><\/p>\n<p align=\"justify\">MagSpring Produkte lassen sich am besten mit dem Begriff \u201cMagnetische Feder\u201d umschreiben. Der Begriff Feder ist allerdings in dem Sinne zu verstehen, dass MagSpring Komponenten eine konstante Kraft \u00fcber den gesamten Arbeitsbereich erzeugen, w\u00e4hrend eine typische Kennlinie einer mechanischen Feder eine wegabh\u00e4ngige Zunahme der Kraft aufweist.<\/p>\n<\/div>\n<div class=\"col-md-4\">\n<h4>Zubeh\u00f6r<\/h4>\n<img loading=\"lazy\" decoding=\"async\" class=\"alignnone size-full wp-image-1747\" src=\"https:\/\/linmot.com\/de\/wp-content\/uploads\/sites\/2\/2021\/05\/Zubehoer-Produkteuebersicht.jpg\" alt=\"\" width=\"300\" height=\"199\" \/>\n<p><a class=\"button\" href=\"https:\/\/linmot.com\/de\/produkte\/zubehoer\/\" target=\"_same\" rel=\"noopener\">Zum Produkt<\/a><\/p>\n<p align=\"justify\">Das auf die Linearmotoren abgestimmte Zubeh\u00f6rprogramm von LinMot erlaubt die schnelle und unkomplizierte Realisierung und Inbetriebnahme der unterschiedlichsten Aufgabestellungen.<\/p>\n<\/div>\n<\/div>\n<p style=\"text-align: right;\"><a href=\"\/de\/unternehmensprofil\/partner\/bosch-rexroth-ctrlx-world\/#top\" rel=\"noopener\">Zum Seitenanfang<\/a><\/p>\n<hr \/>\n<h2 id=\"headquarters\">4. Kontakt<\/h2>\n<div class=\"row\">\n<div class=\"col-md-4\">\n<strong>LinMot\/NTI AG<\/strong><br \/>\nBodenaeckerstrasse 2<br \/>\nSpreitenbach, Z\u00fcrich CH-8957<br \/>\nSwitzerland<\/p>\n<p><a class=\"button\" href=\"mailto:office@linmot.com\" rel=\"noopener\">Schreiben Sie uns eine E-Mail<\/a><\/p>\n<\/div>\n<\/div>\n<p style=\"text-align: right;\"><a href=\"\/de\/unternehmensprofil\/partner\/bosch-rexroth-ctrlx-world\/#top\" rel=\"noopener\">Zum Seitenanfang<\/a><\/p>\n","protected":false},"excerpt":{"rendered":"<p>1. LinMot &amp; Bosch Rexroth Zum Seitenanfang 2. So integrieren Sie LinMot in ctrlX AUTOMATION So integrieren Sie LinMot-Antriebe mit LinMot EtherCAT-Schnittstelle (DS402 CoE) als synchrone Bewegungsachse in ctrlX AUTOMATION von Bosch Rexroth. Zum Seitenanfang 3. LinMot-Produkte Zum Seitenanfang 4. Kontakt Zum Seitenanfang<\/p>\n","protected":false},"author":9,"featured_media":0,"parent":28,"menu_order":9,"comment_status":"closed","ping_status":"closed","template":"","meta":{"_acf_changed":false,"footnotes":""},"class_list":["post-5919","page","type-page","status-publish","hentry"],"acf":[],"yoast_head":"<!-- This site is optimized with the Yoast SEO Premium plugin v20.9 (Yoast SEO v27.3) - https:\/\/yoast.com\/product\/yoast-seo-premium-wordpress\/ -->\n<title>LinMot Partnerschaft mit Bosch Rexroth - ctrlX World | LinMot<\/title>\n<meta name=\"description\" content=\"LinMot ist Technologiepartner der Bosch Rexroth GmbH und wird ein Teil des ctrlX World Netzwerks \u2013 einer Plattform, die neue Ma\u00dfst\u00e4be in der industriellen Automatisierung setzt.\" \/>\n<meta name=\"robots\" content=\"index, follow, max-snippet:-1, max-image-preview:large, max-video-preview:-1\" \/>\n<link rel=\"canonical\" href=\"https:\/\/linmot.com\/de\/unternehmensprofil\/partner\/bosch-rexroth-ctrlx-world\/\" \/>\n<meta property=\"og:locale\" content=\"de_DE\" \/>\n<meta property=\"og:type\" content=\"article\" \/>\n<meta property=\"og:title\" content=\"Bosch Rexroth - ctrlX World\" \/>\n<meta property=\"og:description\" content=\"LinMot ist Technologiepartner der Bosch Rexroth GmbH und wird ein Teil des ctrlX World Netzwerks \u2013 einer Plattform, die neue Ma\u00dfst\u00e4be in der industriellen Automatisierung setzt.\" \/>\n<meta property=\"og:url\" content=\"https:\/\/linmot.com\/de\/unternehmensprofil\/partner\/bosch-rexroth-ctrlx-world\/\" \/>\n<meta property=\"og:site_name\" content=\"LinMot &amp; MagSpring - Deutsch\" \/>\n<meta property=\"article:modified_time\" content=\"2026-02-19T09:57:41+00:00\" \/>\n<meta property=\"og:image\" content=\"https:\/\/linmot.com\/de\/wp-content\/uploads\/sites\/2\/2025\/08\/bosch-rexroth-logo.jpg\" \/>\n\t<meta property=\"og:image:width\" content=\"400\" \/>\n\t<meta property=\"og:image:height\" content=\"168\" \/>\n\t<meta property=\"og:image:type\" content=\"image\/jpeg\" \/>\n<meta name=\"twitter:card\" content=\"summary_large_image\" \/>\n<meta name=\"twitter:label1\" content=\"Gesch\u00e4tzte Lesezeit\" \/>\n\t<meta name=\"twitter:data1\" content=\"5 Minuten\" \/>\n<script type=\"application\/ld+json\" class=\"yoast-schema-graph\">{\"@context\":\"https:\\\/\\\/schema.org\",\"@graph\":[{\"@type\":\"WebPage\",\"@id\":\"https:\\\/\\\/linmot.com\\\/de\\\/unternehmensprofil\\\/partner\\\/bosch-rexroth-ctrlx-world\\\/\",\"url\":\"https:\\\/\\\/linmot.com\\\/de\\\/unternehmensprofil\\\/partner\\\/bosch-rexroth-ctrlx-world\\\/\",\"name\":\"LinMot Partnerschaft mit Bosch Rexroth - ctrlX World | LinMot\",\"isPartOf\":{\"@id\":\"https:\\\/\\\/linmot.com\\\/de\\\/#website\"},\"primaryImageOfPage\":{\"@id\":\"https:\\\/\\\/linmot.com\\\/de\\\/unternehmensprofil\\\/partner\\\/bosch-rexroth-ctrlx-world\\\/#primaryimage\"},\"image\":{\"@id\":\"https:\\\/\\\/linmot.com\\\/de\\\/unternehmensprofil\\\/partner\\\/bosch-rexroth-ctrlx-world\\\/#primaryimage\"},\"thumbnailUrl\":\"https:\\\/\\\/linmot.com\\\/de\\\/wp-content\\\/uploads\\\/sites\\\/2\\\/2025\\\/08\\\/bosch-rexroth-logo.jpg\",\"datePublished\":\"2025-10-22T12:56:30+00:00\",\"dateModified\":\"2026-02-19T09:57:41+00:00\",\"description\":\"LinMot ist Technologiepartner der Bosch Rexroth GmbH und wird ein Teil des ctrlX World Netzwerks \u2013 einer Plattform, die neue Ma\u00dfst\u00e4be in der industriellen Automatisierung setzt.\",\"breadcrumb\":{\"@id\":\"https:\\\/\\\/linmot.com\\\/de\\\/unternehmensprofil\\\/partner\\\/bosch-rexroth-ctrlx-world\\\/#breadcrumb\"},\"inLanguage\":\"de\",\"potentialAction\":[{\"@type\":\"ReadAction\",\"target\":[\"https:\\\/\\\/linmot.com\\\/de\\\/unternehmensprofil\\\/partner\\\/bosch-rexroth-ctrlx-world\\\/\"]}]},{\"@type\":\"ImageObject\",\"inLanguage\":\"de\",\"@id\":\"https:\\\/\\\/linmot.com\\\/de\\\/unternehmensprofil\\\/partner\\\/bosch-rexroth-ctrlx-world\\\/#primaryimage\",\"url\":\"https:\\\/\\\/linmot.com\\\/de\\\/wp-content\\\/uploads\\\/sites\\\/2\\\/2025\\\/08\\\/bosch-rexroth-logo.jpg\",\"contentUrl\":\"https:\\\/\\\/linmot.com\\\/de\\\/wp-content\\\/uploads\\\/sites\\\/2\\\/2025\\\/08\\\/bosch-rexroth-logo.jpg\",\"width\":400,\"height\":168},{\"@type\":\"BreadcrumbList\",\"@id\":\"https:\\\/\\\/linmot.com\\\/de\\\/unternehmensprofil\\\/partner\\\/bosch-rexroth-ctrlx-world\\\/#breadcrumb\",\"itemListElement\":[{\"@type\":\"ListItem\",\"position\":1,\"name\":\"LinMot\",\"item\":\"https:\\\/\\\/linmot.com\\\/de\\\/\"},{\"@type\":\"ListItem\",\"position\":2,\"name\":\"Unternehmensprofil der NTI AG\",\"item\":\"https:\\\/\\\/linmot.com\\\/de\\\/unternehmensprofil\\\/\"},{\"@type\":\"ListItem\",\"position\":3,\"name\":\"Partner\",\"item\":\"https:\\\/\\\/linmot.com\\\/de\\\/unternehmensprofil\\\/partner\\\/\"},{\"@type\":\"ListItem\",\"position\":4,\"name\":\"Bosch Rexroth &#8211; ctrlX World\"}]},{\"@type\":\"WebSite\",\"@id\":\"https:\\\/\\\/linmot.com\\\/de\\\/#website\",\"url\":\"https:\\\/\\\/linmot.com\\\/de\\\/\",\"name\":\"LinMot & MagSpring - Industrielle Linearmotoren\",\"description\":\"Hochwertigen Linearmotoren und Linearmotorsystemen\",\"publisher\":{\"@id\":\"https:\\\/\\\/linmot.com\\\/de\\\/#organization\"},\"potentialAction\":[{\"@type\":\"SearchAction\",\"target\":{\"@type\":\"EntryPoint\",\"urlTemplate\":\"https:\\\/\\\/linmot.com\\\/de\\\/?s={search_term_string}\"},\"query-input\":{\"@type\":\"PropertyValueSpecification\",\"valueRequired\":true,\"valueName\":\"search_term_string\"}}],\"inLanguage\":\"de\"},{\"@type\":\"Organization\",\"@id\":\"https:\\\/\\\/linmot.com\\\/de\\\/#organization\",\"name\":\"NTI AG - LinMot & MagSpring\",\"url\":\"https:\\\/\\\/linmot.com\\\/de\\\/\",\"logo\":{\"@type\":\"ImageObject\",\"inLanguage\":\"de\",\"@id\":\"https:\\\/\\\/linmot.com\\\/de\\\/#\\\/schema\\\/logo\\\/image\\\/\",\"url\":\"https:\\\/\\\/linmot.com\\\/de\\\/wp-content\\\/uploads\\\/sites\\\/2\\\/2022\\\/01\\\/social-logo.jpg\",\"contentUrl\":\"https:\\\/\\\/linmot.com\\\/de\\\/wp-content\\\/uploads\\\/sites\\\/2\\\/2022\\\/01\\\/social-logo.jpg\",\"width\":800,\"height\":500,\"caption\":\"NTI AG - LinMot & MagSpring\"},\"image\":{\"@id\":\"https:\\\/\\\/linmot.com\\\/de\\\/#\\\/schema\\\/logo\\\/image\\\/\"},\"sameAs\":[\"https:\\\/\\\/www.linkedin.com\\\/company\\\/nti-ag-linmot-magspring\",\"https:\\\/\\\/www.youtube.com\\\/user\\\/LinMotEurope\",\"https:\\\/\\\/www.xing.com\\\/pages\\\/linmot-magspring\"]}]}<\/script>\n<!-- \/ Yoast SEO Premium plugin. -->","yoast_head_json":{"title":"LinMot Partnerschaft mit Bosch Rexroth - ctrlX World | LinMot","description":"LinMot ist Technologiepartner der Bosch Rexroth GmbH und wird ein Teil des ctrlX World Netzwerks \u2013 einer Plattform, die neue Ma\u00dfst\u00e4be in der industriellen Automatisierung setzt.","robots":{"index":"index","follow":"follow","max-snippet":"max-snippet:-1","max-image-preview":"max-image-preview:large","max-video-preview":"max-video-preview:-1"},"canonical":"https:\/\/linmot.com\/de\/unternehmensprofil\/partner\/bosch-rexroth-ctrlx-world\/","og_locale":"de_DE","og_type":"article","og_title":"Bosch Rexroth - ctrlX World","og_description":"LinMot ist Technologiepartner der Bosch Rexroth GmbH und wird ein Teil des ctrlX World Netzwerks \u2013 einer Plattform, die neue Ma\u00dfst\u00e4be in der industriellen Automatisierung setzt.","og_url":"https:\/\/linmot.com\/de\/unternehmensprofil\/partner\/bosch-rexroth-ctrlx-world\/","og_site_name":"LinMot &amp; MagSpring - Deutsch","article_modified_time":"2026-02-19T09:57:41+00:00","og_image":[{"width":400,"height":168,"url":"https:\/\/linmot.com\/de\/wp-content\/uploads\/sites\/2\/2025\/08\/bosch-rexroth-logo.jpg","type":"image\/jpeg"}],"twitter_card":"summary_large_image","twitter_misc":{"Gesch\u00e4tzte Lesezeit":"5 Minuten"},"schema":{"@context":"https:\/\/schema.org","@graph":[{"@type":"WebPage","@id":"https:\/\/linmot.com\/de\/unternehmensprofil\/partner\/bosch-rexroth-ctrlx-world\/","url":"https:\/\/linmot.com\/de\/unternehmensprofil\/partner\/bosch-rexroth-ctrlx-world\/","name":"LinMot Partnerschaft mit Bosch Rexroth - ctrlX World | LinMot","isPartOf":{"@id":"https:\/\/linmot.com\/de\/#website"},"primaryImageOfPage":{"@id":"https:\/\/linmot.com\/de\/unternehmensprofil\/partner\/bosch-rexroth-ctrlx-world\/#primaryimage"},"image":{"@id":"https:\/\/linmot.com\/de\/unternehmensprofil\/partner\/bosch-rexroth-ctrlx-world\/#primaryimage"},"thumbnailUrl":"https:\/\/linmot.com\/de\/wp-content\/uploads\/sites\/2\/2025\/08\/bosch-rexroth-logo.jpg","datePublished":"2025-10-22T12:56:30+00:00","dateModified":"2026-02-19T09:57:41+00:00","description":"LinMot ist Technologiepartner der Bosch Rexroth GmbH und wird ein Teil des ctrlX World Netzwerks \u2013 einer Plattform, die neue Ma\u00dfst\u00e4be in der industriellen Automatisierung setzt.","breadcrumb":{"@id":"https:\/\/linmot.com\/de\/unternehmensprofil\/partner\/bosch-rexroth-ctrlx-world\/#breadcrumb"},"inLanguage":"de","potentialAction":[{"@type":"ReadAction","target":["https:\/\/linmot.com\/de\/unternehmensprofil\/partner\/bosch-rexroth-ctrlx-world\/"]}]},{"@type":"ImageObject","inLanguage":"de","@id":"https:\/\/linmot.com\/de\/unternehmensprofil\/partner\/bosch-rexroth-ctrlx-world\/#primaryimage","url":"https:\/\/linmot.com\/de\/wp-content\/uploads\/sites\/2\/2025\/08\/bosch-rexroth-logo.jpg","contentUrl":"https:\/\/linmot.com\/de\/wp-content\/uploads\/sites\/2\/2025\/08\/bosch-rexroth-logo.jpg","width":400,"height":168},{"@type":"BreadcrumbList","@id":"https:\/\/linmot.com\/de\/unternehmensprofil\/partner\/bosch-rexroth-ctrlx-world\/#breadcrumb","itemListElement":[{"@type":"ListItem","position":1,"name":"LinMot","item":"https:\/\/linmot.com\/de\/"},{"@type":"ListItem","position":2,"name":"Unternehmensprofil der NTI AG","item":"https:\/\/linmot.com\/de\/unternehmensprofil\/"},{"@type":"ListItem","position":3,"name":"Partner","item":"https:\/\/linmot.com\/de\/unternehmensprofil\/partner\/"},{"@type":"ListItem","position":4,"name":"Bosch Rexroth &#8211; ctrlX World"}]},{"@type":"WebSite","@id":"https:\/\/linmot.com\/de\/#website","url":"https:\/\/linmot.com\/de\/","name":"LinMot & MagSpring - Industrielle Linearmotoren","description":"Hochwertigen Linearmotoren und Linearmotorsystemen","publisher":{"@id":"https:\/\/linmot.com\/de\/#organization"},"potentialAction":[{"@type":"SearchAction","target":{"@type":"EntryPoint","urlTemplate":"https:\/\/linmot.com\/de\/?s={search_term_string}"},"query-input":{"@type":"PropertyValueSpecification","valueRequired":true,"valueName":"search_term_string"}}],"inLanguage":"de"},{"@type":"Organization","@id":"https:\/\/linmot.com\/de\/#organization","name":"NTI AG - LinMot & MagSpring","url":"https:\/\/linmot.com\/de\/","logo":{"@type":"ImageObject","inLanguage":"de","@id":"https:\/\/linmot.com\/de\/#\/schema\/logo\/image\/","url":"https:\/\/linmot.com\/de\/wp-content\/uploads\/sites\/2\/2022\/01\/social-logo.jpg","contentUrl":"https:\/\/linmot.com\/de\/wp-content\/uploads\/sites\/2\/2022\/01\/social-logo.jpg","width":800,"height":500,"caption":"NTI AG - LinMot & MagSpring"},"image":{"@id":"https:\/\/linmot.com\/de\/#\/schema\/logo\/image\/"},"sameAs":["https:\/\/www.linkedin.com\/company\/nti-ag-linmot-magspring","https:\/\/www.youtube.com\/user\/LinMotEurope","https:\/\/www.xing.com\/pages\/linmot-magspring"]}]}},"_links":{"self":[{"href":"https:\/\/linmot.com\/de\/wp-json\/wp\/v2\/pages\/5919","targetHints":{"allow":["GET"]}}],"collection":[{"href":"https:\/\/linmot.com\/de\/wp-json\/wp\/v2\/pages"}],"about":[{"href":"https:\/\/linmot.com\/de\/wp-json\/wp\/v2\/types\/page"}],"author":[{"embeddable":true,"href":"https:\/\/linmot.com\/de\/wp-json\/wp\/v2\/users\/9"}],"replies":[{"embeddable":true,"href":"https:\/\/linmot.com\/de\/wp-json\/wp\/v2\/comments?post=5919"}],"version-history":[{"count":13,"href":"https:\/\/linmot.com\/de\/wp-json\/wp\/v2\/pages\/5919\/revisions"}],"predecessor-version":[{"id":6339,"href":"https:\/\/linmot.com\/de\/wp-json\/wp\/v2\/pages\/5919\/revisions\/6339"}],"up":[{"embeddable":true,"href":"https:\/\/linmot.com\/de\/wp-json\/wp\/v2\/pages\/28"}],"wp:attachment":[{"href":"https:\/\/linmot.com\/de\/wp-json\/wp\/v2\/media?parent=5919"}],"curies":[{"name":"wp","href":"https:\/\/api.w.org\/{rel}","templated":true}]}}