{"id":5905,"date":"2025-08-14T10:24:14","date_gmt":"2025-08-14T08:24:14","guid":{"rendered":"https:\/\/linmot.com\/de\/?page_id=5905"},"modified":"2026-04-15T09:00:14","modified_gmt":"2026-04-15T07:00:14","slug":"rockwell-automation-technologie-partner","status":"publish","type":"page","link":"https:\/\/linmot.com\/de\/unternehmensprofil\/partner\/rockwell-automation-technologie-partner\/","title":{"rendered":"Rockwell Automation &#8211; Technologie Partner"},"content":{"rendered":"<hr \/>\n<div class=\"row\">\n<div class=\"col-sm-2\">\n<a id=\"top\" class=\"button\" href=\"#partnership\">1. Partnerschaft<\/a><\/p>\n<\/div>\n<div class=\"col-sm-2\">\n<a class=\"button\" href=\"#note\">2. Integration<\/a><\/p>\n<\/div>\n<div class=\"col-sm-2\">\n<a class=\"button\" href=\"#products\">3. Produkte<\/a><\/p>\n<\/div>\n<div class=\"col-sm-2\">\n<a class=\"button\" href=\"#report\">4. Geschichte<\/a><\/p>\n<\/div>\n<div class=\"col-sm-2\">\n<a class=\"button\" href=\"#headquarters\">5. Kontakt<\/a><br \/>\n<\/div>\n<\/div>\n<hr \/>\n<h2 id=\"partnership\">1. LinMot &amp; Rockwell Automation<\/h2>\n<div class=\"row\">\n<div class=\"col-md-9\">\n<p>Optimieren Sie Ihre Fertigungsprozesse mit Linearmotorl\u00f6sungen von LinMot\u00ae und steigern Sie Ihre Produktivit\u00e4t bei minimalen Ausfallzeiten!<\/p>\n<p>\u2022 Innovative Motoren f\u00fchren hochdynamische lineare und lineare Drehbewegungen aus.<br \/>\n\u2022 Die hochmoderne Motortechnologie reduziert nachweislich den Wartungsaufwand.<br \/>\n\u2022 Erh\u00f6ht die Geschwindigkeit und verl\u00e4ngert die Lebensdauer \u2013 bis zu mehreren Milliarden Zyklen in realen Anwendungen.<br \/>\n\u2022 Es gibt keine Riemen, Schrauben, Nocken oder Zahnr\u00e4der, die mit der Zeit verschlei\u00dfen.<br \/>\n\u2022 Jeder Motor verf\u00fcgt \u00fcber ein Direktantriebssystem und bietet h\u00f6chste Zuverl\u00e4ssigkeit und Flexibilit\u00e4t.<br \/>\n\u2022 Unsere Motoren und Antriebe sind f\u00fcr die nahtlose Integration in jedes \u00fcbergeordnete Steuerungssystem ausgelegt.<\/p>\n<p>Damit eignen sich unsere Produkte ideal f\u00fcr raue Industrieumgebungen, einschlie\u00dflich Produktions- und Automatisierungsanwendungen. Integrieren Sie sie zusammen mit unseren MagSprings und DC-Servoantrieben in Ihre bestehenden Anlagen, um das optimale Antriebssystem zu schaffen.<\/p>\n<p>Tausende Kunden haben ihre Produktzyklen mit der LinMot-Motorentechnologie optimiert. Entdecken Sie, wie wir gemeinsam Ihre Fertigungsprozesse revolutionieren k\u00f6nnen. Unsere Experten empfehlen Ihnen ma\u00dfgeschneiderte L\u00f6sungen f\u00fcr Ihre spezifischen Anwendungen.<\/p>\n<\/div>\n<div class=\"col-md-3\">\n<img loading=\"lazy\" decoding=\"async\" class=\"size-full wp-image-4310 aligncenter\" src=\"https:\/\/linmot.com\/wp-content\/uploads\/2023\/09\/rockwell-automation-technology-partner.jpg\" alt=\"\" width=\"400\" height=\"112\" \/>\n<\/div>\n<\/div>\n<p style=\"text-align: right;\"><a href=\"\/de\/unternehmensprofil\/partner\/rockwell-automation-technologie-partner\/#top\" rel=\"noopener\">Zum Seitenanfang<\/a><\/p>\n<hr \/>\n<h2 id=\"note\">2. So integrieren Sie LinMot in die Rockwell-Welt<\/h2>\n<p>Anleitung zur Integration von LinMot-Antrieben mit LinMot EtherNet\/IP CIP Sync-Schnittstelle (MI oder CM) in einer Rockwell Automation-Umgebung als Bewegungsachse.<\/p>\n<p><a class=\"button\" href=\"https:\/\/download.linmot.com\/plc_lib\/examples\/Rockwell_CM\/\" target=\"_blank\" rel=\"noopener\">Laden Sie das Demopaket mit Beispielprojekten und Dokumentation herunter<\/a><\/p>\n<div class=\"brlbs-cmpnt-container brlbs-cmpnt-content-blocker brlbs-cmpnt-with-individual-styles\" data-borlabs-cookie-content-blocker-id=\"youtube-content-blocker\" data-borlabs-cookie-content=\"PGlmcmFtZSB0aXRsZT0iWW91VHViZSB2aWRlbyBwbGF5ZXIiIHNyYz0iaHR0cHM6Ly93d3cueW91dHViZS1ub2Nvb2tpZS5jb20vZW1iZWQvLW4ySVRJUUNobzg\/c2k9eHhpVVAzeUNBdVA4QXQxNiIgd2lkdGg9IjU2MCIgaGVpZ2h0PSIzMTUiIGZyYW1lYm9yZGVyPSIwIiBhbGxvd2Z1bGxzY3JlZW49ImFsbG93ZnVsbHNjcmVlbiI+PC9pZnJhbWU+\">\n<div class=\"brlbs-cmpnt-cb-preset-c brlbs-cmpnt-cb-youtube\">\n<div class=\"brlbs-cmpnt-cb-thumbnail\" style=\"background-image: url('https:\/\/linmot.com\/de\/wp-content\/uploads\/borlabs-cookie\/2\/yt_-n2ITIQCho8_hqdefault.jpg')\"><\/div>\n<div class=\"brlbs-cmpnt-cb-main\">\n<div class=\"brlbs-cmpnt-cb-play-button\"><\/div>\n<div class=\"brlbs-cmpnt-cb-content\">\n<p class=\"brlbs-cmpnt-cb-description\">Sie sehen gerade einen Platzhalterinhalt von <strong>YouTube<\/strong>. Um auf den eigentlichen Inhalt zuzugreifen, klicken Sie auf die Schaltfl\u00e4che unten. Bitte beachten Sie, dass dabei Daten an Drittanbieter weitergegeben werden.<\/p>\n<p> <a class=\"brlbs-cmpnt-cb-provider-toggle\" href=\"#\" data-borlabs-cookie-show-provider-information role=\"button\">Mehr Informationen<\/a> <\/div>\n<div class=\"brlbs-cmpnt-cb-buttons\"> <a class=\"brlbs-cmpnt-cb-btn\" href=\"#\" data-borlabs-cookie-unblock role=\"button\">Inhalt entsperren<\/a> <a class=\"brlbs-cmpnt-cb-btn\" href=\"#\" data-borlabs-cookie-accept-service role=\"button\" style=\"display: inherit\">Erforderlichen Service akzeptieren und Inhalte entsperren<\/a> <\/div>\n<\/p><\/div>\n<\/p><\/div>\n<\/div>\n<p>Eine vollst\u00e4ndige Anleitung zur Integration von LinMot-Motoren in Rockwell Automation CIP Sync finden Sie auf unserem YouTube-Kanal:<\/p>\n<p><a class=\"button\" href=\"https:\/\/www.youtube.com\/playlist?list=PLMSLCScLnf95PmjyZv8sl6zuHKhci8uln\" rel=\"noopener\">Zur YouTube-Playlist<\/a><\/p>\n<img loading=\"lazy\" decoding=\"async\" class=\"size-full wp-image-4308 aligncenter\" src=\"https:\/\/linmot.com\/wp-content\/uploads\/2023\/09\/plc-commissioning-rockwell.jpg\" alt=\"\" width=\"700\" height=\"259\" \/>\n<h6>Bildquelle: Rockwell Automation<\/h6>\n<p style=\"text-align: right;\"><a href=\"\/de\/unternehmensprofil\/partner\/rockwell-automation-technologie-partner\/#top\" rel=\"noopener\">Zum Seitenanfang<\/a><\/p>\n<hr \/>\n<h2 id=\"products\">3. LinMot-Produkte<\/h2>\n<div class=\"row\">\n<div class=\"col-md-4\">\n<strong>Servo Drives<\/strong><br \/>\n<img loading=\"lazy\" decoding=\"async\" class=\"alignnone size-full wp-image-1746\" src=\"https:\/\/linmot.com\/wp-content\/uploads\/2025\/01\/servo-drives-product-overview.jpg\" alt=\"\" width=\"300\" height=\"199\" \/><\/p>\n<p><a class=\"button\" href=\"\/de\/produkte\/servo-drives\/\" rel=\"noopener\">Mehr dazu<\/a><\/p>\n<p>LinMot-Servoantriebe sind kompakte Positioniersteuerungen mit einem oder mehreren Antriebsmodulen zur Steuerung der Motoren und einer intelligenten Steuereinheit mit integrierter Positionsregelung. Die Steuereinheit \u00fcbernimmt alle antriebsbezogenen Steuerungs- und \u00dcberwachungsfunktionen.<\/p>\n<\/div>\n<div class=\"col-md-4\">\n<strong>Linearmotoren<\/strong><br \/>\n<img loading=\"lazy\" decoding=\"async\" class=\"alignnone size-full wp-image-1744\" src=\"https:\/\/linmot.com\/wp-content\/uploads\/2025\/01\/linearmotoren-product-overview.jpg\" alt=\"\" width=\"300\" height=\"199\" \/><\/p>\n<p><a class=\"button\" href=\"\/de\/produkte\/linearmotoren\/\" rel=\"noopener\">Mehr dazu<\/a><\/p>\n<p>LinMot-Motoren sind elektromagnetische Direktantriebe in Rohrbauweise. Die lineare Bewegung wird vollst\u00e4ndig elektrisch und verschlei\u00dffrei ohne mechanische Getriebe, Spindeln oder Riemen erzeugt.<\/p>\n<\/div>\n<div class=\"col-md-4\">\n<strong>Linearf\u00fchrungen und -module<\/strong><br \/>\n<img loading=\"lazy\" decoding=\"async\" class=\"alignnone size-full wp-image-1742\" src=\"https:\/\/linmot.com\/wp-content\/uploads\/2025\/01\/dm01-product-overview.jpg\" alt=\"\" width=\"300\" height=\"199\" \/><\/p>\n<p><a class=\"button\" href=\"\/de\/produkte\/linearfuehrungen-linearmodule\/\" rel=\"noopener\">Mehr dazu<\/a><\/p>\n<p>LinMot-Linearf\u00fchrungen sind kompakte F\u00fchrungseinheiten f\u00fcr Linearmotoren. Die F\u00fchrungen dienen zur Aufnahme der Last, zur Aufnahme von \u00e4u\u00dferen Kr\u00e4ften, zur Aufnahme von Torsions- und Biegemomenten und gleichzeitig als Verdrehsicherung.<\/p>\n<\/div>\n<\/div>\n<div class=\"row\">\n<div class=\"col-md-4\">\n<h4>Hubdreh-Motoren<\/h4>\n<img loading=\"lazy\" decoding=\"async\" class=\"alignnone size-full wp-image-1740\" src=\"https:\/\/linmot.com\/wp-content\/uploads\/2025\/01\/hubdreh-product-overview.jpg\" alt=\"\" width=\"300\" height=\"199\" \/>\n<p><a class=\"button\" href=\"\/de\/produkte\/hubdreh-motoren-uebersicht\/\" rel=\"noopener\">Mehr dazu<\/a><\/p>\n<p>Die Linear-Rotationsmotoren von LinMot zeichnen sich durch hervorragende Flexibilit\u00e4t, Dynamik und Geschwindigkeit aus. Sie k\u00f6nnen sowohl f\u00fcr lineare als auch f\u00fcr rotatorische Bewegungen eingesetzt werden.<\/p>\n<\/div>\n<div class=\"col-md-4\">\n<h4>MagSpring<\/h4>\n<img loading=\"lazy\" decoding=\"async\" class=\"alignnone size-full wp-image-1745\" src=\"https:\/\/linmot.com\/wp-content\/uploads\/2025\/01\/magspring-product-overview.jpg\" alt=\"\" width=\"300\" height=\"199\" \/>\n<p><a class=\"button\" href=\"\/de\/produkte\/magspring\/\" rel=\"noopener\">Mehr dazu<\/a><\/p>\n<p>MagSpring-Produkte lassen sich am besten mit dem Begriff \u201eMagnetfeder\u201d beschreiben. Der Begriff Feder ist dabei in dem Sinne zu verstehen, dass MagSpring-Komponenten \u00fcber den gesamten Arbeitsbereich eine konstante Kraft erzeugen, w\u00e4hrend eine typische Kennlinie einer mechanischen Feder einen wegabh\u00e4ngigen Kraftanstieg aufweist.<\/p>\n<\/div>\n<div class=\"col-md-4\">\n<h4>Zubeh\u00f6r<\/h4>\n<img loading=\"lazy\" decoding=\"async\" class=\"alignnone size-full wp-image-1747\" src=\"https:\/\/linmot.com\/de\/wp-content\/uploads\/sites\/2\/2021\/05\/Zubehoer-Produkteuebersicht.jpg\" alt=\"\" width=\"300\" height=\"199\" \/>\n<p><a class=\"button\" href=\"\/de\/produkte\/zubehoer\/\" rel=\"noopener\">Mehr dazu<\/a><\/p>\n<p>Das auf die Linearmotoren abgestimmte Zubeh\u00f6rprogramm von LinMot erm\u00f6glicht die schnelle und unkomplizierte Realisierung und Inbetriebnahme einer Vielzahl von Aufgabenstellungen.<\/p>\n<\/div>\n<\/div>\n<p style=\"text-align: right;\"><a href=\"\/de\/unternehmensprofil\/partner\/rockwell-automation-technologie-partner\/#top\" rel=\"noopener\">Zum Seitenanfang<\/a><\/p>\n<hr \/>\n<h2 id=\"report\">4. Erfolgsgeschichte<\/h2>\n<img loading=\"lazy\" decoding=\"async\" class=\"alignnone size-full wp-image-1713 aligncenter\" src=\"https:\/\/linmot.com\/de\/wp-content\/uploads\/sites\/2\/2021\/05\/laufen-lassen.gif\" alt=\"\" width=\"540\" height=\"304\" \/>\n<p>F\u00fcll- und Verschlie\u00dfprozesse lassen sich mit linearen Dreh-Direktmotoren dynamisch und flexibel realisieren. Deshalb setzt der renommierte Verpackungsmaschinenhersteller OPTIMA sie in den Verschlie\u00dfeinheiten seiner Monoblock- und Freistellmaschinen ein. Ein weiterer wichtiger Grund ist, dass die Motoren Daten \u00fcber die tats\u00e4chlich erzeugten Hub- und Drehmomentwerte direkt zur laufenden Qualit\u00e4tssicherung oder zur nachgelagerten Prozessanalyse liefern. Damit unterst\u00fctzt dieser Antriebstyp moderne Industrie 4.0-Konzepte durchweg.<\/p>\n<p><a class=\"button\" href=\"\/de\/blog\/in-linie-mit-industrie-4-0\/\" rel=\"noopener\">Lesen Sie den gesamten Anwendungsbericht<\/a><\/p>\n<p style=\"text-align: right;\"><a href=\"\/de\/unternehmensprofil\/partner\/rockwell-automation-technologie-partner\/#top\" rel=\"noopener\">Zum Seitenanfang<\/a><\/p>\n<hr \/>\n<h2 id=\"headquarters\">5. Kontakt<\/h2>\n<div class=\"row\">\n<div class=\"col-md-4\">\n<strong>LinMot USA Inc<\/strong><br \/>\nN1922 State Road 120, Unit 1<br \/>\nLake Geneva, Wisconsin 53147<br \/>\nUSA<\/p>\n<p><a class=\"button\" href=\"mailto:usaorders@linmot.com\" rel=\"noopener\">Schreiben Sie uns eine E-Mail<\/a><\/p>\n<\/div>\n<div class=\"col-md-4\">\n<strong>LinMot\/NTI AG<\/strong><br \/>\nBodenaeckerstrasse 2<br \/>\nSpreitenbach, Z\u00fcrich CH-8957<br \/>\nSwitzerland<\/p>\n<p><a class=\"button\" href=\"mailto:office@linmot.com\" rel=\"noopener\">Schreiben Sie uns eine E-Mail<\/a><\/p>\n<\/div>\n<\/div>\n<p style=\"text-align: right;\"><a href=\"\/de\/unternehmensprofil\/partner\/rockwell-automation-technologie-partner\/#top\" rel=\"noopener\">Zum Seitenanfang<\/a><\/p>\n","protected":false},"excerpt":{"rendered":"<p>1. LinMot &amp; Rockwell Automation Zum Seitenanfang 2. So integrieren Sie LinMot in die Rockwell-Welt Anleitung zur Integration von LinMot-Antrieben mit LinMot EtherNet\/IP CIP Sync-Schnittstelle (MI oder CM) in einer Rockwell Automation-Umgebung als Bewegungsachse. Laden Sie das Demopaket mit Beispielprojekten und Dokumentation herunter Sie sehen gerade einen Platzhalterinhalt von YouTube. Um auf den eigentlichen Inhalt [&hellip;]<\/p>\n","protected":false},"author":9,"featured_media":0,"parent":28,"menu_order":10,"comment_status":"closed","ping_status":"closed","template":"","meta":{"_acf_changed":false,"footnotes":""},"class_list":["post-5905","page","type-page","status-publish","hentry"],"acf":[],"yoast_head":"<!-- This site is optimized with the Yoast SEO Premium plugin v20.9 (Yoast SEO v27.3) - https:\/\/yoast.com\/product\/yoast-seo-premium-wordpress\/ -->\n<title>Rockwell Automation - Technologie Partner | LinMot<\/title>\n<meta name=\"description\" content=\"Anleitung zur Integration von LinMot-Antrieben mit LinMot EtherNet\/IP CIP Sync-Schnittstelle in einer Rockwell Automation-Umgebung als Bewegungsachse.\" \/>\n<meta name=\"robots\" content=\"index, follow, max-snippet:-1, max-image-preview:large, max-video-preview:-1\" \/>\n<link rel=\"canonical\" href=\"https:\/\/linmot.com\/de\/unternehmensprofil\/partner\/rockwell-automation-technologie-partner\/\" \/>\n<meta property=\"og:locale\" content=\"de_DE\" \/>\n<meta property=\"og:type\" content=\"article\" \/>\n<meta property=\"og:title\" content=\"Rockwell Automation - Technologie Partner\" \/>\n<meta property=\"og:description\" content=\"Anleitung zur Integration von LinMot-Antrieben mit LinMot EtherNet\/IP CIP Sync-Schnittstelle in einer Rockwell Automation-Umgebung als Bewegungsachse.\" \/>\n<meta property=\"og:url\" content=\"https:\/\/linmot.com\/de\/unternehmensprofil\/partner\/rockwell-automation-technologie-partner\/\" \/>\n<meta property=\"og:site_name\" content=\"LinMot &amp; MagSpring - Deutsch\" \/>\n<meta property=\"article:modified_time\" content=\"2026-04-15T07:00:14+00:00\" \/>\n<meta property=\"og:image\" content=\"https:\/\/linmot.com\/de\/wp-content\/uploads\/sites\/2\/2022\/01\/social-logo.jpg\" \/>\n\t<meta property=\"og:image:width\" content=\"800\" \/>\n\t<meta property=\"og:image:height\" content=\"500\" \/>\n\t<meta property=\"og:image:type\" content=\"image\/jpeg\" \/>\n<meta name=\"twitter:card\" content=\"summary_large_image\" \/>\n<meta name=\"twitter:label1\" content=\"Gesch\u00e4tzte Lesezeit\" \/>\n\t<meta name=\"twitter:data1\" content=\"6 Minuten\" \/>\n<script type=\"application\/ld+json\" class=\"yoast-schema-graph\">{\"@context\":\"https:\\\/\\\/schema.org\",\"@graph\":[{\"@type\":\"WebPage\",\"@id\":\"https:\\\/\\\/linmot.com\\\/de\\\/unternehmensprofil\\\/partner\\\/rockwell-automation-technologie-partner\\\/\",\"url\":\"https:\\\/\\\/linmot.com\\\/de\\\/unternehmensprofil\\\/partner\\\/rockwell-automation-technologie-partner\\\/\",\"name\":\"Rockwell Automation - Technologie Partner | LinMot\",\"isPartOf\":{\"@id\":\"https:\\\/\\\/linmot.com\\\/de\\\/#website\"},\"primaryImageOfPage\":{\"@id\":\"https:\\\/\\\/linmot.com\\\/de\\\/unternehmensprofil\\\/partner\\\/rockwell-automation-technologie-partner\\\/#primaryimage\"},\"image\":{\"@id\":\"https:\\\/\\\/linmot.com\\\/de\\\/unternehmensprofil\\\/partner\\\/rockwell-automation-technologie-partner\\\/#primaryimage\"},\"thumbnailUrl\":\"https:\\\/\\\/linmot.com\\\/wp-content\\\/uploads\\\/2023\\\/09\\\/rockwell-automation-technology-partner.jpg\",\"datePublished\":\"2025-08-14T08:24:14+00:00\",\"dateModified\":\"2026-04-15T07:00:14+00:00\",\"description\":\"Anleitung zur Integration von LinMot-Antrieben mit LinMot EtherNet\\\/IP CIP Sync-Schnittstelle in einer Rockwell Automation-Umgebung als Bewegungsachse.\",\"breadcrumb\":{\"@id\":\"https:\\\/\\\/linmot.com\\\/de\\\/unternehmensprofil\\\/partner\\\/rockwell-automation-technologie-partner\\\/#breadcrumb\"},\"inLanguage\":\"de\",\"potentialAction\":[{\"@type\":\"ReadAction\",\"target\":[\"https:\\\/\\\/linmot.com\\\/de\\\/unternehmensprofil\\\/partner\\\/rockwell-automation-technologie-partner\\\/\"]}]},{\"@type\":\"ImageObject\",\"inLanguage\":\"de\",\"@id\":\"https:\\\/\\\/linmot.com\\\/de\\\/unternehmensprofil\\\/partner\\\/rockwell-automation-technologie-partner\\\/#primaryimage\",\"url\":\"https:\\\/\\\/linmot.com\\\/wp-content\\\/uploads\\\/2023\\\/09\\\/rockwell-automation-technology-partner.jpg\",\"contentUrl\":\"https:\\\/\\\/linmot.com\\\/wp-content\\\/uploads\\\/2023\\\/09\\\/rockwell-automation-technology-partner.jpg\"},{\"@type\":\"BreadcrumbList\",\"@id\":\"https:\\\/\\\/linmot.com\\\/de\\\/unternehmensprofil\\\/partner\\\/rockwell-automation-technologie-partner\\\/#breadcrumb\",\"itemListElement\":[{\"@type\":\"ListItem\",\"position\":1,\"name\":\"LinMot\",\"item\":\"https:\\\/\\\/linmot.com\\\/de\\\/\"},{\"@type\":\"ListItem\",\"position\":2,\"name\":\"Unternehmensprofil der NTI AG\",\"item\":\"https:\\\/\\\/linmot.com\\\/de\\\/unternehmensprofil\\\/\"},{\"@type\":\"ListItem\",\"position\":3,\"name\":\"Partner\",\"item\":\"https:\\\/\\\/linmot.com\\\/de\\\/unternehmensprofil\\\/partner\\\/\"},{\"@type\":\"ListItem\",\"position\":4,\"name\":\"Rockwell Automation &#8211; Technologie Partner\"}]},{\"@type\":\"WebSite\",\"@id\":\"https:\\\/\\\/linmot.com\\\/de\\\/#website\",\"url\":\"https:\\\/\\\/linmot.com\\\/de\\\/\",\"name\":\"LinMot & MagSpring - Industrielle Linearmotoren\",\"description\":\"Hochwertigen Linearmotoren und Linearmotorsystemen\",\"publisher\":{\"@id\":\"https:\\\/\\\/linmot.com\\\/de\\\/#organization\"},\"potentialAction\":[{\"@type\":\"SearchAction\",\"target\":{\"@type\":\"EntryPoint\",\"urlTemplate\":\"https:\\\/\\\/linmot.com\\\/de\\\/?s={search_term_string}\"},\"query-input\":{\"@type\":\"PropertyValueSpecification\",\"valueRequired\":true,\"valueName\":\"search_term_string\"}}],\"inLanguage\":\"de\"},{\"@type\":\"Organization\",\"@id\":\"https:\\\/\\\/linmot.com\\\/de\\\/#organization\",\"name\":\"NTI AG - LinMot & MagSpring\",\"url\":\"https:\\\/\\\/linmot.com\\\/de\\\/\",\"logo\":{\"@type\":\"ImageObject\",\"inLanguage\":\"de\",\"@id\":\"https:\\\/\\\/linmot.com\\\/de\\\/#\\\/schema\\\/logo\\\/image\\\/\",\"url\":\"https:\\\/\\\/linmot.com\\\/de\\\/wp-content\\\/uploads\\\/sites\\\/2\\\/2022\\\/01\\\/social-logo.jpg\",\"contentUrl\":\"https:\\\/\\\/linmot.com\\\/de\\\/wp-content\\\/uploads\\\/sites\\\/2\\\/2022\\\/01\\\/social-logo.jpg\",\"width\":800,\"height\":500,\"caption\":\"NTI AG - LinMot & MagSpring\"},\"image\":{\"@id\":\"https:\\\/\\\/linmot.com\\\/de\\\/#\\\/schema\\\/logo\\\/image\\\/\"},\"sameAs\":[\"https:\\\/\\\/www.linkedin.com\\\/company\\\/nti-ag-linmot-magspring\",\"https:\\\/\\\/www.youtube.com\\\/user\\\/LinMotEurope\",\"https:\\\/\\\/www.xing.com\\\/pages\\\/linmot-magspring\"]}]}<\/script>\n<!-- \/ Yoast SEO Premium plugin. -->","yoast_head_json":{"title":"Rockwell Automation - Technologie Partner | LinMot","description":"Anleitung zur Integration von LinMot-Antrieben mit LinMot EtherNet\/IP CIP Sync-Schnittstelle in einer Rockwell Automation-Umgebung als Bewegungsachse.","robots":{"index":"index","follow":"follow","max-snippet":"max-snippet:-1","max-image-preview":"max-image-preview:large","max-video-preview":"max-video-preview:-1"},"canonical":"https:\/\/linmot.com\/de\/unternehmensprofil\/partner\/rockwell-automation-technologie-partner\/","og_locale":"de_DE","og_type":"article","og_title":"Rockwell Automation - Technologie Partner","og_description":"Anleitung zur Integration von LinMot-Antrieben mit LinMot EtherNet\/IP CIP Sync-Schnittstelle in einer Rockwell Automation-Umgebung als Bewegungsachse.","og_url":"https:\/\/linmot.com\/de\/unternehmensprofil\/partner\/rockwell-automation-technologie-partner\/","og_site_name":"LinMot &amp; MagSpring - Deutsch","article_modified_time":"2026-04-15T07:00:14+00:00","og_image":[{"width":800,"height":500,"url":"https:\/\/linmot.com\/de\/wp-content\/uploads\/sites\/2\/2022\/01\/social-logo.jpg","type":"image\/jpeg"}],"twitter_card":"summary_large_image","twitter_misc":{"Gesch\u00e4tzte Lesezeit":"6 Minuten"},"schema":{"@context":"https:\/\/schema.org","@graph":[{"@type":"WebPage","@id":"https:\/\/linmot.com\/de\/unternehmensprofil\/partner\/rockwell-automation-technologie-partner\/","url":"https:\/\/linmot.com\/de\/unternehmensprofil\/partner\/rockwell-automation-technologie-partner\/","name":"Rockwell Automation - Technologie Partner | LinMot","isPartOf":{"@id":"https:\/\/linmot.com\/de\/#website"},"primaryImageOfPage":{"@id":"https:\/\/linmot.com\/de\/unternehmensprofil\/partner\/rockwell-automation-technologie-partner\/#primaryimage"},"image":{"@id":"https:\/\/linmot.com\/de\/unternehmensprofil\/partner\/rockwell-automation-technologie-partner\/#primaryimage"},"thumbnailUrl":"https:\/\/linmot.com\/wp-content\/uploads\/2023\/09\/rockwell-automation-technology-partner.jpg","datePublished":"2025-08-14T08:24:14+00:00","dateModified":"2026-04-15T07:00:14+00:00","description":"Anleitung zur Integration von LinMot-Antrieben mit LinMot EtherNet\/IP CIP Sync-Schnittstelle in einer Rockwell Automation-Umgebung als Bewegungsachse.","breadcrumb":{"@id":"https:\/\/linmot.com\/de\/unternehmensprofil\/partner\/rockwell-automation-technologie-partner\/#breadcrumb"},"inLanguage":"de","potentialAction":[{"@type":"ReadAction","target":["https:\/\/linmot.com\/de\/unternehmensprofil\/partner\/rockwell-automation-technologie-partner\/"]}]},{"@type":"ImageObject","inLanguage":"de","@id":"https:\/\/linmot.com\/de\/unternehmensprofil\/partner\/rockwell-automation-technologie-partner\/#primaryimage","url":"https:\/\/linmot.com\/wp-content\/uploads\/2023\/09\/rockwell-automation-technology-partner.jpg","contentUrl":"https:\/\/linmot.com\/wp-content\/uploads\/2023\/09\/rockwell-automation-technology-partner.jpg"},{"@type":"BreadcrumbList","@id":"https:\/\/linmot.com\/de\/unternehmensprofil\/partner\/rockwell-automation-technologie-partner\/#breadcrumb","itemListElement":[{"@type":"ListItem","position":1,"name":"LinMot","item":"https:\/\/linmot.com\/de\/"},{"@type":"ListItem","position":2,"name":"Unternehmensprofil der NTI AG","item":"https:\/\/linmot.com\/de\/unternehmensprofil\/"},{"@type":"ListItem","position":3,"name":"Partner","item":"https:\/\/linmot.com\/de\/unternehmensprofil\/partner\/"},{"@type":"ListItem","position":4,"name":"Rockwell Automation &#8211; Technologie Partner"}]},{"@type":"WebSite","@id":"https:\/\/linmot.com\/de\/#website","url":"https:\/\/linmot.com\/de\/","name":"LinMot & MagSpring - Industrielle Linearmotoren","description":"Hochwertigen Linearmotoren und Linearmotorsystemen","publisher":{"@id":"https:\/\/linmot.com\/de\/#organization"},"potentialAction":[{"@type":"SearchAction","target":{"@type":"EntryPoint","urlTemplate":"https:\/\/linmot.com\/de\/?s={search_term_string}"},"query-input":{"@type":"PropertyValueSpecification","valueRequired":true,"valueName":"search_term_string"}}],"inLanguage":"de"},{"@type":"Organization","@id":"https:\/\/linmot.com\/de\/#organization","name":"NTI AG - LinMot & MagSpring","url":"https:\/\/linmot.com\/de\/","logo":{"@type":"ImageObject","inLanguage":"de","@id":"https:\/\/linmot.com\/de\/#\/schema\/logo\/image\/","url":"https:\/\/linmot.com\/de\/wp-content\/uploads\/sites\/2\/2022\/01\/social-logo.jpg","contentUrl":"https:\/\/linmot.com\/de\/wp-content\/uploads\/sites\/2\/2022\/01\/social-logo.jpg","width":800,"height":500,"caption":"NTI AG - LinMot & MagSpring"},"image":{"@id":"https:\/\/linmot.com\/de\/#\/schema\/logo\/image\/"},"sameAs":["https:\/\/www.linkedin.com\/company\/nti-ag-linmot-magspring","https:\/\/www.youtube.com\/user\/LinMotEurope","https:\/\/www.xing.com\/pages\/linmot-magspring"]}]}},"_links":{"self":[{"href":"https:\/\/linmot.com\/de\/wp-json\/wp\/v2\/pages\/5905","targetHints":{"allow":["GET"]}}],"collection":[{"href":"https:\/\/linmot.com\/de\/wp-json\/wp\/v2\/pages"}],"about":[{"href":"https:\/\/linmot.com\/de\/wp-json\/wp\/v2\/types\/page"}],"author":[{"embeddable":true,"href":"https:\/\/linmot.com\/de\/wp-json\/wp\/v2\/users\/9"}],"replies":[{"embeddable":true,"href":"https:\/\/linmot.com\/de\/wp-json\/wp\/v2\/comments?post=5905"}],"version-history":[{"count":9,"href":"https:\/\/linmot.com\/de\/wp-json\/wp\/v2\/pages\/5905\/revisions"}],"predecessor-version":[{"id":6410,"href":"https:\/\/linmot.com\/de\/wp-json\/wp\/v2\/pages\/5905\/revisions\/6410"}],"up":[{"embeddable":true,"href":"https:\/\/linmot.com\/de\/wp-json\/wp\/v2\/pages\/28"}],"wp:attachment":[{"href":"https:\/\/linmot.com\/de\/wp-json\/wp\/v2\/media?parent=5905"}],"curies":[{"name":"wp","href":"https:\/\/api.w.org\/{rel}","templated":true}]}}