{"id":5857,"date":"2025-06-26T10:16:22","date_gmt":"2025-06-26T08:16:22","guid":{"rendered":"https:\/\/linmot.com\/de\/?page_id=5857"},"modified":"2025-06-26T13:34:16","modified_gmt":"2025-06-26T11:34:16","slug":"edelstahl-pick-and-place-module-pp13","status":"publish","type":"page","link":"https:\/\/linmot.com\/de\/produkte\/flat-robots-und-systeme\/edelstahl-pick-and-place-module-pp13\/","title":{"rendered":"Edelstahl Pick-and-Place Module PP13"},"content":{"rendered":"<p align=\"justify\"><strong>Die Edelstahl Pick-and-Place Module PP13 von LinMot sind standardisierte Mehrachssysteme bestehend aus den bew\u00e4hrten Edelstahlf\u00fchrungen. Alle Achsen k\u00f6nnen unabh\u00e4ngig voneinander geregelt werden und erm\u00f6glichen somit sehr flexibel einstellbare Pick-and-Place Anwendungen. Um die Vertikalachse zu entlasten und somit die die auftretende Gewichtskraft passiv zu kompensieren sind die F\u00fchrungen Module mit einer MagSpring\u00ae ausgestattet.<\/strong><\/p>\n<p align=\"justify\">Jedes Pick-and-Place Modul wird dem Kunden fertig montiert geliefert und muss nicht aus einzelnen Teilen zusammengestellt werden. Dar\u00fcber hinaus erm\u00f6glicht der modulare Aufbau des Systems gleichzeitig schnell umsetzbare Anpassungen an die Kundenw\u00fcnsche.<\/p>\n<p align=\"justify\">Das PP13 ist ein Pick-and-Place-System aus Edelstahl, das auch eine innovative L\u00f6sung f\u00fcr das Kabelmanagement integriert. Aufgrund seiner Edelstahl-Ausf\u00fchrung eignet sich das System besonders f\u00fcr Anwendungen in der Lebensmittel-, Pharma- und Verpackungsindustrie. Es sind sechs unterschiedliche Baugr\u00f6ssen mit diversen Hubvariationen der beiden Edelstahlachsen erh\u00e4ltlich.<\/p>\n<hr \/>\n<div class=\"row\">\n<div class=\"col-sm-2\">\n<p><a class=\"button\" href=\"#details\">1. Details<\/a><\/p>\n<\/div>\n<div class=\"col-sm-1\">\n<\/div>\n<div class=\"col-sm-2\">\n<p><a class=\"button\" href=\"#kontakt\">2. Kontakt<\/a><\/p>\n<\/div>\n<\/div>\n<hr \/>\n<h3 id=\"details\">1. Details<\/h3>\n<img loading=\"lazy\" decoding=\"async\" class=\"aligncenter size-full wp-image-5880\" src=\"https:\/\/linmot.com\/de\/wp-content\/uploads\/sites\/2\/2025\/06\/pick-and-place-edelstahl-module-pp13.jpg\" alt=\"\" width=\"780\" height=\"402\" srcset=\"https:\/\/linmot.com\/de\/wp-content\/uploads\/sites\/2\/2025\/06\/pick-and-place-edelstahl-module-pp13.jpg 780w, https:\/\/linmot.com\/de\/wp-content\/uploads\/sites\/2\/2025\/06\/pick-and-place-edelstahl-module-pp13-300x155.jpg 300w, https:\/\/linmot.com\/de\/wp-content\/uploads\/sites\/2\/2025\/06\/pick-and-place-edelstahl-module-pp13-768x396.jpg 768w\" sizes=\"auto, (max-width: 780px) 100vw, 780px\" \/>\n<div class=\"row\">\n<div class=\"col-sm-6\">\n<ul>\n<li>Jede Achse komplett aus Edelstahl<\/li>\n<li>Korrosionsbest\u00e4ndig gegen Reinigungsmittel<\/li>\n<\/ul>\n<\/div>\n<div class=\"col-sm-6\">\n<ul>\n<li>Kleiner Footprint durch schlanke Bauweise<\/li>\n<li>Integriertes Kabelmanagement als Option<\/li>\n<\/ul>\n<\/div>\n<\/div>\n<p><a class=\"btn btn-active\" href=\"https:\/\/shop.linmot.com\/D\/flat-robots-&amp;-systeme\/pick-&amp;-place-edelstahl-pp13.htm\" target=\"_blank\" rel=\"noopener noreferrer\">Zu den Details im e-Katalog<\/a><\/p>\n<hr \/>\n<h3 id=\"kontakt\">2. Kontakt<\/h3>\n<div class=\"row download\">\n<div class=\"col-md-6\">\n<h4 class=\"download-title\">Fragen zu den edelstahl Pick &amp; Place-Modulen?<\/h4>\n<p class=\"bodytext\">Wir stehen Ihnen f\u00fcr Fragen gerne zur Verf\u00fcgung.<br \/>\nMelden Sie sich hierf\u00fcr \u00fcber das folgende Formular bei uns oder rufen Sie uns an unter:<\/p>\n<p class=\"bodytext\">Tel: +49 (0)201 858940 0<\/p>\n<p class=\"bodytext\">Das LinMot-Team<\/p>\n<\/div>\n<div class=\"col-md-1\">\n<\/div>\n<div class=\"col-md-5\">\n\n<div class=\"wpcf7 no-js\" id=\"wpcf7-f1617-o1\" lang=\"de-DE\" dir=\"ltr\" data-wpcf7-id=\"1617\">\n<div class=\"screen-reader-response\"><p role=\"status\" aria-live=\"polite\" aria-atomic=\"true\"><\/p> <ul><\/ul><\/div>\n<form action=\"\/de\/wp-json\/wp\/v2\/pages\/5857#wpcf7-f1617-o1\" method=\"post\" class=\"wpcf7-form init\" aria-label=\"Kontaktformular\" novalidate=\"novalidate\" data-status=\"init\">\n<fieldset class=\"hidden-fields-container\"><input type=\"hidden\" name=\"_wpcf7\" value=\"1617\" \/><input type=\"hidden\" name=\"_wpcf7_version\" value=\"6.1.5\" \/><input type=\"hidden\" name=\"_wpcf7_locale\" value=\"de_DE\" \/><input type=\"hidden\" name=\"_wpcf7_unit_tag\" value=\"wpcf7-f1617-o1\" \/><input type=\"hidden\" name=\"_wpcf7_container_post\" value=\"0\" \/><input type=\"hidden\" name=\"_wpcf7_posted_data_hash\" value=\"\" \/><input type=\"hidden\" name=\"_wpcf7_recaptcha_response\" value=\"\" \/>\n<\/fieldset>\n<label> Ihr Name<br>\n    <span class=\"wpcf7-form-control-wrap\" data-name=\"your-name\"><input size=\"40\" maxlength=\"400\" class=\"wpcf7-form-control wpcf7-text wpcf7-validates-as-required\" aria-required=\"true\" aria-invalid=\"false\" value=\"\" type=\"text\" name=\"your-name\" \/><\/span> <\/label>\n<br>\n<label> Ihre Firma<br>\n    <span class=\"wpcf7-form-control-wrap\" data-name=\"your-company\"><input size=\"40\" maxlength=\"400\" class=\"wpcf7-form-control wpcf7-text wpcf7-validates-as-required\" aria-required=\"true\" aria-invalid=\"false\" value=\"\" type=\"text\" name=\"your-company\" \/><\/span> <\/label>\n<br>\n<label> Postleitzahl<br>\n    <span class=\"wpcf7-form-control-wrap\" data-name=\"your-plz\"><input class=\"wpcf7-form-control wpcf7-number wpcf7-validates-as-required wpcf7-validates-as-number\" aria-required=\"true\" aria-invalid=\"false\" value=\"\" type=\"number\" name=\"your-plz\" \/><\/span> <\/label>\n<br>\n<label> Land<br>\n    <span class=\"wpcf7-form-control-wrap\" data-name=\"your-country\"><input size=\"40\" maxlength=\"400\" class=\"wpcf7-form-control wpcf7-text wpcf7-validates-as-required\" aria-required=\"true\" aria-invalid=\"false\" value=\"\" type=\"text\" name=\"your-country\" \/><\/span> <\/label>\n<br>\n<label> Telefonnummer<br>\n    <span class=\"wpcf7-form-control-wrap\" data-name=\"your-telephone\"><input size=\"40\" maxlength=\"400\" class=\"wpcf7-form-control wpcf7-tel wpcf7-text wpcf7-validates-as-tel\" aria-invalid=\"false\" value=\"\" type=\"tel\" name=\"your-telephone\" \/><\/span> <\/label>\n<br>\n<label> E-Mail-Adresse<br>\n    <span class=\"wpcf7-form-control-wrap\" data-name=\"your-email\"><input size=\"40\" maxlength=\"400\" class=\"wpcf7-form-control wpcf7-email wpcf7-validates-as-required wpcf7-text wpcf7-validates-as-email\" aria-required=\"true\" aria-invalid=\"false\" value=\"\" type=\"email\" name=\"your-email\" \/><\/span> <\/label>\n<br>\n<label> Ihre Frage<br>\n    <span class=\"wpcf7-form-control-wrap\" data-name=\"your-message\"><textarea cols=\"40\" rows=\"10\" maxlength=\"2000\" class=\"wpcf7-form-control wpcf7-textarea\" aria-invalid=\"false\" name=\"your-message\"><\/textarea><\/span> <\/label>\n<br>\n<input class=\"wpcf7-form-control wpcf7-submit has-spinner\" type=\"submit\" value=\"Senden\" \/><div class=\"wpcf7-response-output\" aria-hidden=\"true\"><\/div>\n<\/form>\n<\/div>\n\n<\/div>\n<\/div>\n","protected":false},"excerpt":{"rendered":"<p>Die Edelstahl Pick-and-Place Module PP13 von LinMot sind standardisierte Mehrachssysteme bestehend aus den bew\u00e4hrten Edelstahlf\u00fchrungen. Alle Achsen k\u00f6nnen unabh\u00e4ngig voneinander geregelt werden und erm\u00f6glichen somit sehr flexibel einstellbare Pick-and-Place Anwendungen. Um die Vertikalachse zu entlasten und somit die die auftretende Gewichtskraft passiv zu kompensieren sind die F\u00fchrungen Module mit einer MagSpring\u00ae ausgestattet. Jedes Pick-and-Place Modul [&hellip;]<\/p>\n","protected":false},"author":9,"featured_media":0,"parent":5561,"menu_order":8,"comment_status":"closed","ping_status":"closed","template":"","meta":{"_acf_changed":false,"footnotes":""},"class_list":["post-5857","page","type-page","status-publish","hentry"],"acf":[],"yoast_head":"<!-- This site is optimized with the Yoast SEO Premium plugin v20.9 (Yoast SEO v27.2) - https:\/\/yoast.com\/product\/yoast-seo-premium-wordpress\/ -->\n<title>Edelstahl Pick-and-Place Module PP13 | LinMot<\/title>\n<meta name=\"description\" content=\"Die Edelstahl Pick-and-Place Module PP13 von LinMot sind standardisierte Mehrachssysteme bestehend aus den bew\u00e4hrten Edelstahlf\u00fchrungen.\" \/>\n<meta name=\"robots\" content=\"index, follow, max-snippet:-1, max-image-preview:large, max-video-preview:-1\" \/>\n<link rel=\"canonical\" href=\"https:\/\/linmot.com\/de\/produkte\/flat-robots-und-systeme\/edelstahl-pick-and-place-module-pp13\/\" \/>\n<meta property=\"og:locale\" content=\"de_DE\" \/>\n<meta property=\"og:type\" content=\"article\" \/>\n<meta property=\"og:title\" content=\"Edelstahl Pick-and-Place Module PP13\" \/>\n<meta property=\"og:description\" content=\"Die Edelstahl Pick-and-Place Module PP13 von LinMot sind standardisierte Mehrachssysteme bestehend aus den bew\u00e4hrten Edelstahlf\u00fchrungen.\" \/>\n<meta property=\"og:url\" content=\"https:\/\/linmot.com\/de\/produkte\/flat-robots-und-systeme\/edelstahl-pick-and-place-module-pp13\/\" \/>\n<meta property=\"og:site_name\" content=\"LinMot &amp; MagSpring - Deutsch\" \/>\n<meta property=\"article:modified_time\" content=\"2025-06-26T11:34:16+00:00\" \/>\n<meta property=\"og:image\" content=\"https:\/\/linmot.com\/de\/wp-content\/uploads\/sites\/2\/2025\/06\/pick-and-place-edelstahl-module-pp13.jpg\" \/>\n\t<meta property=\"og:image:width\" content=\"780\" \/>\n\t<meta property=\"og:image:height\" content=\"402\" \/>\n\t<meta property=\"og:image:type\" content=\"image\/jpeg\" \/>\n<meta name=\"twitter:card\" content=\"summary_large_image\" \/>\n<meta name=\"twitter:label1\" content=\"Gesch\u00e4tzte Lesezeit\" \/>\n\t<meta name=\"twitter:data1\" content=\"2 Minuten\" \/>\n<script type=\"application\/ld+json\" class=\"yoast-schema-graph\">{\"@context\":\"https:\/\/schema.org\",\"@graph\":[{\"@type\":\"WebPage\",\"@id\":\"https:\/\/linmot.com\/de\/produkte\/flat-robots-und-systeme\/edelstahl-pick-and-place-module-pp13\/\",\"url\":\"https:\/\/linmot.com\/de\/produkte\/flat-robots-und-systeme\/edelstahl-pick-and-place-module-pp13\/\",\"name\":\"Edelstahl Pick-and-Place Module PP13 | LinMot\",\"isPartOf\":{\"@id\":\"https:\/\/linmot.com\/de\/#website\"},\"primaryImageOfPage\":{\"@id\":\"https:\/\/linmot.com\/de\/produkte\/flat-robots-und-systeme\/edelstahl-pick-and-place-module-pp13\/#primaryimage\"},\"image\":{\"@id\":\"https:\/\/linmot.com\/de\/produkte\/flat-robots-und-systeme\/edelstahl-pick-and-place-module-pp13\/#primaryimage\"},\"thumbnailUrl\":\"https:\/\/linmot.com\/de\/wp-content\/uploads\/sites\/2\/2025\/06\/pick-and-place-edelstahl-module-pp13.jpg\",\"datePublished\":\"2025-06-26T08:16:22+00:00\",\"dateModified\":\"2025-06-26T11:34:16+00:00\",\"description\":\"Die Edelstahl Pick-and-Place Module PP13 von LinMot sind standardisierte Mehrachssysteme bestehend aus den bew\u00e4hrten Edelstahlf\u00fchrungen.\",\"breadcrumb\":{\"@id\":\"https:\/\/linmot.com\/de\/produkte\/flat-robots-und-systeme\/edelstahl-pick-and-place-module-pp13\/#breadcrumb\"},\"inLanguage\":\"de\",\"potentialAction\":[{\"@type\":\"ReadAction\",\"target\":[\"https:\/\/linmot.com\/de\/produkte\/flat-robots-und-systeme\/edelstahl-pick-and-place-module-pp13\/\"]}]},{\"@type\":\"ImageObject\",\"inLanguage\":\"de\",\"@id\":\"https:\/\/linmot.com\/de\/produkte\/flat-robots-und-systeme\/edelstahl-pick-and-place-module-pp13\/#primaryimage\",\"url\":\"https:\/\/linmot.com\/de\/wp-content\/uploads\/sites\/2\/2025\/06\/pick-and-place-edelstahl-module-pp13.jpg\",\"contentUrl\":\"https:\/\/linmot.com\/de\/wp-content\/uploads\/sites\/2\/2025\/06\/pick-and-place-edelstahl-module-pp13.jpg\",\"width\":780,\"height\":402},{\"@type\":\"BreadcrumbList\",\"@id\":\"https:\/\/linmot.com\/de\/produkte\/flat-robots-und-systeme\/edelstahl-pick-and-place-module-pp13\/#breadcrumb\",\"itemListElement\":[{\"@type\":\"ListItem\",\"position\":1,\"name\":\"LinMot\",\"item\":\"https:\/\/linmot.com\/de\/\"},{\"@type\":\"ListItem\",\"position\":2,\"name\":\"Produkte\",\"item\":\"https:\/\/linmot.com\/de\/produkte\/\"},{\"@type\":\"ListItem\",\"position\":3,\"name\":\"Flat Robots und Systeme\",\"item\":\"https:\/\/linmot.com\/de\/produkte\/flat-robots-und-systeme\/\"},{\"@type\":\"ListItem\",\"position\":4,\"name\":\"Edelstahl Pick-and-Place Module PP13\"}]},{\"@type\":\"WebSite\",\"@id\":\"https:\/\/linmot.com\/de\/#website\",\"url\":\"https:\/\/linmot.com\/de\/\",\"name\":\"LinMot & MagSpring - Industrielle Linearmotoren\",\"description\":\"Hochwertigen Linearmotoren und Linearmotorsystemen\",\"publisher\":{\"@id\":\"https:\/\/linmot.com\/de\/#organization\"},\"potentialAction\":[{\"@type\":\"SearchAction\",\"target\":{\"@type\":\"EntryPoint\",\"urlTemplate\":\"https:\/\/linmot.com\/de\/?s={search_term_string}\"},\"query-input\":{\"@type\":\"PropertyValueSpecification\",\"valueRequired\":true,\"valueName\":\"search_term_string\"}}],\"inLanguage\":\"de\"},{\"@type\":\"Organization\",\"@id\":\"https:\/\/linmot.com\/de\/#organization\",\"name\":\"NTI AG - LinMot & MagSpring\",\"url\":\"https:\/\/linmot.com\/de\/\",\"logo\":{\"@type\":\"ImageObject\",\"inLanguage\":\"de\",\"@id\":\"https:\/\/linmot.com\/de\/#\/schema\/logo\/image\/\",\"url\":\"https:\/\/linmot.com\/de\/wp-content\/uploads\/sites\/2\/2022\/01\/social-logo.jpg\",\"contentUrl\":\"https:\/\/linmot.com\/de\/wp-content\/uploads\/sites\/2\/2022\/01\/social-logo.jpg\",\"width\":800,\"height\":500,\"caption\":\"NTI AG - LinMot & MagSpring\"},\"image\":{\"@id\":\"https:\/\/linmot.com\/de\/#\/schema\/logo\/image\/\"},\"sameAs\":[\"https:\/\/www.linkedin.com\/company\/nti-ag-linmot-magspring\",\"https:\/\/www.youtube.com\/user\/LinMotEurope\",\"https:\/\/www.xing.com\/pages\/linmot-magspring\"]}]}<\/script>\n<!-- \/ Yoast SEO Premium plugin. -->","yoast_head_json":{"title":"Edelstahl Pick-and-Place Module PP13 | LinMot","description":"Die Edelstahl Pick-and-Place Module PP13 von LinMot sind standardisierte Mehrachssysteme bestehend aus den bew\u00e4hrten Edelstahlf\u00fchrungen.","robots":{"index":"index","follow":"follow","max-snippet":"max-snippet:-1","max-image-preview":"max-image-preview:large","max-video-preview":"max-video-preview:-1"},"canonical":"https:\/\/linmot.com\/de\/produkte\/flat-robots-und-systeme\/edelstahl-pick-and-place-module-pp13\/","og_locale":"de_DE","og_type":"article","og_title":"Edelstahl Pick-and-Place Module PP13","og_description":"Die Edelstahl Pick-and-Place Module PP13 von LinMot sind standardisierte Mehrachssysteme bestehend aus den bew\u00e4hrten Edelstahlf\u00fchrungen.","og_url":"https:\/\/linmot.com\/de\/produkte\/flat-robots-und-systeme\/edelstahl-pick-and-place-module-pp13\/","og_site_name":"LinMot &amp; MagSpring - Deutsch","article_modified_time":"2025-06-26T11:34:16+00:00","og_image":[{"width":780,"height":402,"url":"https:\/\/linmot.com\/de\/wp-content\/uploads\/sites\/2\/2025\/06\/pick-and-place-edelstahl-module-pp13.jpg","type":"image\/jpeg"}],"twitter_card":"summary_large_image","twitter_misc":{"Gesch\u00e4tzte Lesezeit":"2 Minuten"},"schema":{"@context":"https:\/\/schema.org","@graph":[{"@type":"WebPage","@id":"https:\/\/linmot.com\/de\/produkte\/flat-robots-und-systeme\/edelstahl-pick-and-place-module-pp13\/","url":"https:\/\/linmot.com\/de\/produkte\/flat-robots-und-systeme\/edelstahl-pick-and-place-module-pp13\/","name":"Edelstahl Pick-and-Place Module PP13 | LinMot","isPartOf":{"@id":"https:\/\/linmot.com\/de\/#website"},"primaryImageOfPage":{"@id":"https:\/\/linmot.com\/de\/produkte\/flat-robots-und-systeme\/edelstahl-pick-and-place-module-pp13\/#primaryimage"},"image":{"@id":"https:\/\/linmot.com\/de\/produkte\/flat-robots-und-systeme\/edelstahl-pick-and-place-module-pp13\/#primaryimage"},"thumbnailUrl":"https:\/\/linmot.com\/de\/wp-content\/uploads\/sites\/2\/2025\/06\/pick-and-place-edelstahl-module-pp13.jpg","datePublished":"2025-06-26T08:16:22+00:00","dateModified":"2025-06-26T11:34:16+00:00","description":"Die Edelstahl Pick-and-Place Module PP13 von LinMot sind standardisierte Mehrachssysteme bestehend aus den bew\u00e4hrten Edelstahlf\u00fchrungen.","breadcrumb":{"@id":"https:\/\/linmot.com\/de\/produkte\/flat-robots-und-systeme\/edelstahl-pick-and-place-module-pp13\/#breadcrumb"},"inLanguage":"de","potentialAction":[{"@type":"ReadAction","target":["https:\/\/linmot.com\/de\/produkte\/flat-robots-und-systeme\/edelstahl-pick-and-place-module-pp13\/"]}]},{"@type":"ImageObject","inLanguage":"de","@id":"https:\/\/linmot.com\/de\/produkte\/flat-robots-und-systeme\/edelstahl-pick-and-place-module-pp13\/#primaryimage","url":"https:\/\/linmot.com\/de\/wp-content\/uploads\/sites\/2\/2025\/06\/pick-and-place-edelstahl-module-pp13.jpg","contentUrl":"https:\/\/linmot.com\/de\/wp-content\/uploads\/sites\/2\/2025\/06\/pick-and-place-edelstahl-module-pp13.jpg","width":780,"height":402},{"@type":"BreadcrumbList","@id":"https:\/\/linmot.com\/de\/produkte\/flat-robots-und-systeme\/edelstahl-pick-and-place-module-pp13\/#breadcrumb","itemListElement":[{"@type":"ListItem","position":1,"name":"LinMot","item":"https:\/\/linmot.com\/de\/"},{"@type":"ListItem","position":2,"name":"Produkte","item":"https:\/\/linmot.com\/de\/produkte\/"},{"@type":"ListItem","position":3,"name":"Flat Robots und Systeme","item":"https:\/\/linmot.com\/de\/produkte\/flat-robots-und-systeme\/"},{"@type":"ListItem","position":4,"name":"Edelstahl Pick-and-Place Module PP13"}]},{"@type":"WebSite","@id":"https:\/\/linmot.com\/de\/#website","url":"https:\/\/linmot.com\/de\/","name":"LinMot & MagSpring - Industrielle Linearmotoren","description":"Hochwertigen Linearmotoren und Linearmotorsystemen","publisher":{"@id":"https:\/\/linmot.com\/de\/#organization"},"potentialAction":[{"@type":"SearchAction","target":{"@type":"EntryPoint","urlTemplate":"https:\/\/linmot.com\/de\/?s={search_term_string}"},"query-input":{"@type":"PropertyValueSpecification","valueRequired":true,"valueName":"search_term_string"}}],"inLanguage":"de"},{"@type":"Organization","@id":"https:\/\/linmot.com\/de\/#organization","name":"NTI AG - LinMot & MagSpring","url":"https:\/\/linmot.com\/de\/","logo":{"@type":"ImageObject","inLanguage":"de","@id":"https:\/\/linmot.com\/de\/#\/schema\/logo\/image\/","url":"https:\/\/linmot.com\/de\/wp-content\/uploads\/sites\/2\/2022\/01\/social-logo.jpg","contentUrl":"https:\/\/linmot.com\/de\/wp-content\/uploads\/sites\/2\/2022\/01\/social-logo.jpg","width":800,"height":500,"caption":"NTI AG - LinMot & MagSpring"},"image":{"@id":"https:\/\/linmot.com\/de\/#\/schema\/logo\/image\/"},"sameAs":["https:\/\/www.linkedin.com\/company\/nti-ag-linmot-magspring","https:\/\/www.youtube.com\/user\/LinMotEurope","https:\/\/www.xing.com\/pages\/linmot-magspring"]}]}},"_links":{"self":[{"href":"https:\/\/linmot.com\/de\/wp-json\/wp\/v2\/pages\/5857","targetHints":{"allow":["GET"]}}],"collection":[{"href":"https:\/\/linmot.com\/de\/wp-json\/wp\/v2\/pages"}],"about":[{"href":"https:\/\/linmot.com\/de\/wp-json\/wp\/v2\/types\/page"}],"author":[{"embeddable":true,"href":"https:\/\/linmot.com\/de\/wp-json\/wp\/v2\/users\/9"}],"replies":[{"embeddable":true,"href":"https:\/\/linmot.com\/de\/wp-json\/wp\/v2\/comments?post=5857"}],"version-history":[{"count":4,"href":"https:\/\/linmot.com\/de\/wp-json\/wp\/v2\/pages\/5857\/revisions"}],"predecessor-version":[{"id":5882,"href":"https:\/\/linmot.com\/de\/wp-json\/wp\/v2\/pages\/5857\/revisions\/5882"}],"up":[{"embeddable":true,"href":"https:\/\/linmot.com\/de\/wp-json\/wp\/v2\/pages\/5561"}],"wp:attachment":[{"href":"https:\/\/linmot.com\/de\/wp-json\/wp\/v2\/media?parent=5857"}],"curies":[{"name":"wp","href":"https:\/\/api.w.org\/{rel}","templated":true}]}}