{"id":58,"date":"2017-10-20T23:34:41","date_gmt":"2017-10-20T21:34:41","guid":{"rendered":"https:\/\/linmot.com\/?page_id=58"},"modified":"2024-05-01T16:43:33","modified_gmt":"2024-05-01T14:43:33","slug":"lebensmittel","status":"publish","type":"page","link":"https:\/\/linmot.com\/de\/branchen\/lebensmittel\/","title":{"rendered":"Lebensmittel"},"content":{"rendered":"<p><strong>Innovative Antriebstechnik f\u00fcr die Optimierung von Herstellungs- und Verpackungsprozessen von Lebensmittel.<\/strong><\/p>\n<img loading=\"lazy\" decoding=\"async\" class=\"aligncenter size-full wp-image-196\" src=\"https:\/\/linmot.com\/wp-content\/uploads\/2017\/10\/LinMot-Solutions-Food-Products-Industry.jpg\" alt=\"\" width=\"940\" height=\"300\" srcset=\"https:\/\/linmot.com\/de\/wp-content\/uploads\/sites\/2\/2017\/10\/LinMot-Solutions-Food-Products-Industry.jpg 940w, https:\/\/linmot.com\/de\/wp-content\/uploads\/sites\/2\/2017\/10\/LinMot-Solutions-Food-Products-Industry-300x96.jpg 300w, https:\/\/linmot.com\/de\/wp-content\/uploads\/sites\/2\/2017\/10\/LinMot-Solutions-Food-Products-Industry-768x245.jpg 768w\" sizes=\"auto, (max-width: 940px) 100vw, 940px\" \/>\n<p>Die meisten Lebensmittel, die wir verbrauchen, stammen nicht mehr direkt vom Erzeuger, sondern durchlaufen eine Reihe industrieller Verarbeitungs- und Verpackungsprozesse, bevor sie im Supermarktregal bzw. in unserem Einkaufskorb landen. Die Automatisierungstechnik ist ein grundlegender Baustein aller Nahrungsmittel- und Verpackungsmaschinen. Sich h\u00e4ufig \u00e4ndernde Verpackungen in immer kleineren Losgr\u00f6\u00dfen oder immer gr\u00f6\u00dfere Ausbringungsmengen geh\u00f6ren zu den g\u00e4ngigen Anforderungen an die Maschinenbauer. Hinzu kommt noch die Forderung nach vollkommener Kontrolle und Protokollierung der Prozesse. Jeder Hersteller und Verarbeiter von Lebensmitteln m\u00f6chte eine sichere und \u00fcberwachte Produktion von der zu verarbeitenden Ware haben. Hierbei muss auch zwingend die Einhaltung des Verbraucherschutzes des Produktes, im Sinne g\u00e4ngiger Hygienerichtlinien, beachtet werden.<\/p>\n<p>LinMot Antriebe bieten dem Maschinenbauer die optimalen Komponenten, um den Herstellungs- bzw. Verpackungsprozess im Lebensmittelbereich in Bewegung zu setzen.<br \/>\nSpeziell hierf\u00fcr wurden verschiedene Linearmotortypen in hoch hygienischer INOX Bauweise entwickelt.<br \/>\nDiese k\u00f6nnen standardm\u00e4ssig, hochdynamische lineare oder linear-rotative Bewegungen unter dem Geh\u00e4use eines einzelnen Motortyps, ausf\u00fchren.<br \/>\nZusammen mit der freien Programmierbarkeit der Bewegungsparameter \u00fcber den Drive, erzielen die Motoren ein hohes Mass an Flexibilit\u00e4t f\u00fcr Anwendungen wie z.B.:<\/p>\n<div class=\"row\">\n<div class=\"col-sm-4\">\n<ul>\n<li>Abf\u00fcllen von Getr\u00e4nken<\/li>\n<li>Produkte in Verpackungen ablegen<\/li>\n<li>Produkte wiegen<\/li>\n<li>Erzeugnisse dosieren<\/li>\n<\/ul>\n<\/div>\n<div class=\"col-sm-4\">\n<ul>\n<li>Sortieren \u00fcber Pusher oder Pull Nose<\/li>\n<li>Produkte ausschlagen<\/li>\n<li>Lebensmittel schneiden<\/li>\n<li>Verpacken<\/li>\n<\/ul>\n<\/div>\n<div class=\"col-sm-4\">\n<ul>\n<li>Versiegeln<\/li>\n<li>Verdichten<\/li>\n<li>etc.<\/li>\n<\/ul>\n<\/div>\n<\/div>\n<hr \/>\n<div class=\"brlbs-cmpnt-container brlbs-cmpnt-content-blocker brlbs-cmpnt-with-individual-styles\" data-borlabs-cookie-content-blocker-id=\"yumpu\" data-borlabs-cookie-content=\"PGlmcmFtZSB3aWR0aD0iOTQwcHgiIGhlaWdodD0iNzkzcHgiIHNyYz0iaHR0cHM6Ly93d3cueXVtcHUuY29tL2RlL2VtYmVkL3ZpZXcvb1VjbElGcnZKTng1UHRFMSIgZnJhbWVib3JkZXI9IjAiIGFsbG93ZnVsbHNjcmVlbj0idHJ1ZSIgIGFsbG93dHJhbnNwYXJlbmN5PSJ0cnVlIj48L2lmcmFtZT4=\">\n<div class=\"brlbs-cmpnt-cb-preset-a\">\n<p class=\"brlbs-cmpnt-cb-description\">Sie sehen gerade einen Platzhalterinhalt von <strong>Yumpu<\/strong>. Um auf den eigentlichen Inhalt zuzugreifen, klicken Sie auf die Schaltfl\u00e4che unten. Bitte beachten Sie, dass dabei Daten an Drittanbieter weitergegeben werden.<\/p>\n<div class=\"brlbs-cmpnt-cb-buttons\"> <a class=\"brlbs-cmpnt-cb-btn\" href=\"#\" data-borlabs-cookie-unblock role=\"button\">Inhalt entsperren<\/a> <a class=\"brlbs-cmpnt-cb-btn\" href=\"#\" data-borlabs-cookie-accept-service role=\"button\" style=\"display: inherit\">Erforderlichen Service akzeptieren und Inhalte entsperren<\/a> <\/div>\n<p> <a class=\"brlbs-cmpnt-cb-provider-toggle\" href=\"#\" data-borlabs-cookie-show-provider-information role=\"button\">Mehr Informationen<\/a> <\/div>\n<\/div>\n<hr>\n<h2>Anwendungsberichte aus der Lebensmittelindustrie<\/h2>\n<div class=\"row download\">\n<div class=\"col-md-3\">\n<h4 class=\"download-title\">INOX Linearmotoren sorgen f\u00fcr gesunde Zuchtfische<\/h4>\n<p class=\"bodytext\" align=\"justify\">Bis zu 20.000 Zuchtfische impft die von Skala Maskon entwickelte Maschine VX-8 automatisch in der Stunde. Sie hat damit das Potential, den Einsatz von Medikamenten in Aquakulturen erheblich zur\u00fcckzudr\u00e4ngen und die Versorgung der Weltbev\u00f6lkerung mit gesundem Fisch zu sichern.<\/p>\n<p><a class=\"button\" href=\"\/de\/blog\/inox-linearmotoren-sorgen-fuer-gesunde-zuchtfische\/\">Zum Artikel<\/a><br \/>\n<\/div>\n<div class=\"col-md-2\">\n<img loading=\"lazy\" decoding=\"async\" class=\"alignnone wp-image-3295 size-full\" src=\"https:\/\/linmot.com\/de\/wp-content\/uploads\/sites\/2\/2022\/04\/inox-zuchtfisch.jpg\" alt=\"\" width=\"220\" height=\"220\" \/><br \/>\n<\/div>\n<div class=\"col-md-2\">\n<\/div>\n<div class=\"col-md-3\">\n<h4 class=\"download-title\">Formvollendete Antriebstechnik<\/h4>\n<p class=\"bodytext\" align=\"justify\">Seitdem die Chocolat Frey AG j\u00fcngst die Produktion ihrer stark nachgefragten Napolitains erweiterte, profitiert jetzt auch der gr\u00f6\u00dfte Schweizer Schokoladenhersteller von den Vorteilen der fortschrittlichen Technik und stellt unterschiedlichste Sorten seiner kleinen Schokoladent\u00e4felchen mit noch h\u00f6herer Qualit\u00e4t, Prozesssicherheit und Produktivit\u00e4t her.<\/p>\n<p><a class=\"button\" href=\"\/de\/blog\/formvollendete-antriebstechnik\/\">Zum Artikel<\/a><br \/>\n<\/div>\n<div class=\"col-md-2\">\n<img loading=\"lazy\" decoding=\"async\" class=\"alignnone wp-image-3296 size-full\" src=\"https:\/\/linmot.com\/de\/wp-content\/uploads\/sites\/2\/2022\/04\/ultimate-drive-technology.jpg\" alt=\"\" width=\"220\" height=\"220\" \/><br \/>\n<\/div>\n<\/div>\n<div class=\"row download\">\n<div class=\"col-md-3\">\n<h4 class=\"download-title\">Umleiten wertvoller Fischteile mit Linearmotoren<\/h4>\n<p class=\"bodytext\" align=\"justify\">Valka, ein isl\u00e4ndisches Hightech-Unternehmen, das fortschrittliche Systeme f\u00fcr Fischverarbeitung entwirft und baut, stattet seine Trenn- und Sortiermaschinen mit LinMot-Edelstahlmotoren aus, um die Geschwindigkeit und Genauigkeit zu gew\u00e4hrleisten, die in einer schwierigen Waschumgebung erforderlich sind.<\/p>\n<p><a class=\"button\" href=\"\/de\/blog\/das-trennen-einer-delikatesse-umleiten-wertvoller-fischteile-mit-linearmotoren\/\">Zum Artikel<\/a><br \/>\n<\/div>\n<div class=\"col-md-2\">\n<img loading=\"lazy\" decoding=\"async\" class=\"alignnone wp-image-3296 size-full\" src=\"https:\/\/linmot.com\/wp-content\/uploads\/2022\/08\/valka-application-report.jpg\" alt=\"\" width=\"220\" height=\"220\" \/><br \/>\n<\/div>\n<div class=\"col-md-2\">\n<\/div>\n<div class=\"col-md-3\">\n<h4 class=\"download-title\">Vertikal-Slicer f\u00fcr gegarte Fleischprodukte<\/h4>\n<p class=\"bodytext\" align=\"justify\">Gegarte Gefl\u00fcgelbrustfilets so in d\u00fcnne Scheiben zu schneiden, dass die nat\u00fcrliche Form des hochwertigen Produkts erhalten bleibt, war bisher automatisiert nicht m\u00f6glich. Der Spezialist f\u00fcr Gefl\u00fcgelfleisch-Slicer, Food Technology Thielemann, hat jetzt als Weltneuheit eine L\u00f6sung f\u00fcr diese Aufgabe vorgestellt.<\/p>\n<p><a class=\"button\" href=\"\/de\/blog\/mehr-als-reine-formsache-vertikal-slicer-fuer-gegarte-fleischprodukte\/\">Zum Artikel<\/a><br \/>\n<\/div>\n<div class=\"col-md-2\">\n<img loading=\"lazy\" decoding=\"async\" class=\"alignnone wp-image-3296 size-full\" src=\"https:\/\/linmot.com\/wp-content\/uploads\/2022\/08\/vertikal-slicer-application-report.jpg\" alt=\"\" width=\"220\" height=\"220\" \/><br \/>\n<\/div>\n<\/div>\n<div class=\"row download\">\n<div class=\"col-md-3\">\n<h4 class=\"download-title\">Getr\u00e4nkeindustrie 4.0<\/h4>\n<p class=\"bodytext\" align=\"justify\">Sperrige Bauweise, umfallende Flaschen und geringe Linienleistung \u2013 all das ist Vergangenheit. Die staatlich subventionierten Entwicklungen der Syscona Kontrollsysteme GmbH, gepaart mit Linearmotoren von LinMot ebnen gemeinsam den Weg zu einem bedarfsgerechten und digitalen Strukturwandel von Produktions- und Kontrollprozessen der Getr\u00e4nkeindustrie.<\/p>\n<p><a class=\"button\" href=\"\/de\/blog\/getraenkeindustrie-4-0-angetrieben-durch-lineartechnik-von-linmot\/\">Zum Artikel<\/a><br \/>\n<\/div>\n<div class=\"col-md-2\">\n<img loading=\"lazy\" decoding=\"async\" class=\"aligncenter size-full wp-image-4057\" src=\"https:\/\/linmot.com\/de\/wp-content\/uploads\/sites\/2\/2023\/01\/vorschau-getraenkeindustrie-4_0.jpg\" alt=\"\" width=\"220\" height=\"220\" srcset=\"https:\/\/linmot.com\/de\/wp-content\/uploads\/sites\/2\/2023\/01\/vorschau-getraenkeindustrie-4_0.jpg 220w, https:\/\/linmot.com\/de\/wp-content\/uploads\/sites\/2\/2023\/01\/vorschau-getraenkeindustrie-4_0-150x150.jpg 150w\" sizes=\"auto, (max-width: 220px) 100vw, 220px\" \/><br \/>\n<\/div>\n<div class=\"col-md-2\">\n<\/div>\n<div class=\"col-md-3\">\n<h4 class=\"download-title\">LinMot Hubdreh-Motoren und Wing-Cap-Verschl\u00fcsse<\/h4>\n<p class=\"bodytext\" align=\"justify\">200 Millionen Liter Milch und 60 Millionen Liter Rahm. Diese beeindruckenden Mengen an Fl\u00fcssigkeiten werden j\u00e4hrlich in der Mittelland Molkerei AG von Emmi in Suhr verarbeitet. Mittendrin: die Hubdreh-Motoren von LinMot und Wing-Cap Verschl\u00fcsse.<\/p>\n<p><a class=\"button\" href=\"\/de\/blog\/die-loesung-fuer-verschuettete-milch-linmot-hubdreh-motoren-und-wing-cap-verschluesse\/\">Zum Artikel<\/a><br \/>\n<\/div>\n<div class=\"col-md-2\">\n<img loading=\"lazy\" decoding=\"async\" class=\"aligncenter size-full wp-image-4046\" src=\"https:\/\/linmot.com\/de\/wp-content\/uploads\/sites\/2\/2023\/01\/vorschau-emmi-wing-cap-verschluesse.jpg\" alt=\"\" width=\"220\" height=\"220\" srcset=\"https:\/\/linmot.com\/de\/wp-content\/uploads\/sites\/2\/2023\/01\/vorschau-emmi-wing-cap-verschluesse.jpg 220w, https:\/\/linmot.com\/de\/wp-content\/uploads\/sites\/2\/2023\/01\/vorschau-emmi-wing-cap-verschluesse-150x150.jpg 150w\" sizes=\"auto, (max-width: 220px) 100vw, 220px\" \/>\n<\/div>\n<\/div>\n<div class=\"row download\">\n<div class=\"col-md-3\">\n<h4 class=\"download-title\">Flexibel und schnell abf\u00fcllen<\/h4>\n<p class=\"bodytext\" align=\"justify\">Die Vorteile einer Dosierung auf Basis einer Durchflussmessung mit denen einer Kolbendosierung in einer Rundl\u00e4ufer-F\u00fcllmaschine zu vereinen, ist der Wunsch vieler Anwender. T\u00f6lke, einem Spezialisten f\u00fcr Verpackungsmaschinen, ist dieses Kunstst\u00fcck mit dem Einsatz von LinMot-Linearmotoren nun gelungen.<\/p>\n<p><a class=\"button\" href=\"\/de\/blog\/flexibel-und-schnell-abfuellen\/\">Zum Artikel<\/a><br \/>\n<\/div>\n<div class=\"col-md-2\">\n<img loading=\"lazy\" decoding=\"async\" class=\"alignnone wp-image-3280\" src=\"https:\/\/linmot.com\/de\/wp-content\/uploads\/sites\/2\/2022\/04\/flexibel-und-schnell-abfuellen.jpg\" alt=\"\" width=\"220\" height=\"220\" srcset=\"https:\/\/linmot.com\/de\/wp-content\/uploads\/sites\/2\/2022\/04\/flexibel-und-schnell-abfuellen.jpg 300w, https:\/\/linmot.com\/de\/wp-content\/uploads\/sites\/2\/2022\/04\/flexibel-und-schnell-abfuellen-150x150.jpg 150w\" sizes=\"auto, (max-width: 220px) 100vw, 220px\" \/><br \/>\n<\/div>\n<\/div>\n","protected":false},"excerpt":{"rendered":"<p>Innovative Antriebstechnik f\u00fcr die Optimierung von Herstellungs- und Verpackungsprozessen von Lebensmittel. Die meisten Lebensmittel, die wir verbrauchen, stammen nicht mehr direkt vom Erzeuger, sondern durchlaufen eine Reihe industrieller Verarbeitungs- und Verpackungsprozesse, bevor sie im Supermarktregal bzw. in unserem Einkaufskorb landen. Die Automatisierungstechnik ist ein grundlegender Baustein aller Nahrungsmittel- und Verpackungsmaschinen. Sich h\u00e4ufig \u00e4ndernde Verpackungen in [&hellip;]<\/p>\n","protected":false},"author":1,"featured_media":0,"parent":8,"menu_order":107,"comment_status":"closed","ping_status":"closed","template":"","meta":{"_acf_changed":false,"footnotes":""},"class_list":["post-58","page","type-page","status-publish","hentry"],"acf":[],"yoast_head":"<!-- This site is optimized with the Yoast SEO Premium plugin v20.9 (Yoast SEO v27.3) - https:\/\/yoast.com\/product\/yoast-seo-premium-wordpress\/ -->\n<title>Lebensmittel \u2013 Wiegen, Sortieren, Abf\u00fcllen, Verschliessen | LinMot<\/title>\n<meta name=\"description\" content=\"LinMot bietet Maschinenbauer innovative Antriebstechnik, um den Herstellungs- und Verpackungsprozess von Lebensmittel zu optimieren.\" \/>\n<meta name=\"robots\" content=\"index, follow, max-snippet:-1, max-image-preview:large, max-video-preview:-1\" \/>\n<link rel=\"canonical\" href=\"https:\/\/linmot.com\/de\/branchen\/lebensmittel\/\" \/>\n<meta property=\"og:locale\" content=\"de_DE\" \/>\n<meta property=\"og:type\" content=\"article\" \/>\n<meta property=\"og:title\" content=\"Lebensmittel \u2013 Wiegen, Sortieren, Abf\u00fcllen, Verschliessen | LinMot\" \/>\n<meta property=\"og:description\" content=\"LinMot bietet Maschinenbauer innovative Antriebstechnik, um den Herstellungs- und Verpackungsprozess von Lebensmittel zu optimieren.\" \/>\n<meta property=\"og:url\" content=\"https:\/\/linmot.com\/de\/branchen\/lebensmittel\/\" \/>\n<meta property=\"og:site_name\" content=\"LinMot &amp; MagSpring - Deutsch\" \/>\n<meta property=\"article:modified_time\" content=\"2024-05-01T14:43:33+00:00\" \/>\n<meta property=\"og:image\" content=\"https:\/\/linmot.com\/de\/wp-content\/uploads\/sites\/2\/2017\/10\/LinMot-Solutions-Food-Products-Industry.jpg\" \/>\n\t<meta property=\"og:image:width\" content=\"940\" \/>\n\t<meta property=\"og:image:height\" content=\"300\" \/>\n\t<meta property=\"og:image:type\" content=\"image\/jpeg\" \/>\n<meta name=\"twitter:card\" content=\"summary_large_image\" \/>\n<meta name=\"twitter:title\" content=\"Lebensmittel \u2013 Wiegen, Sortieren, Abf\u00fcllen, Verschliessen | LinMot\" \/>\n<meta name=\"twitter:description\" content=\"LinMot bietet Maschinenbauer innovative Antriebstechnik, um den Herstellungs- und Verpackungsprozess von Lebensmittel zu optimieren.\" \/>\n<meta name=\"twitter:image\" content=\"https:\/\/linmot.com\/de\/wp-content\/uploads\/sites\/2\/2017\/10\/LinMot-Solutions-Food-Products-Industry.jpg\" \/>\n<meta name=\"twitter:label1\" content=\"Gesch\u00e4tzte Lesezeit\" \/>\n\t<meta name=\"twitter:data1\" content=\"5 Minuten\" \/>\n<script type=\"application\/ld+json\" class=\"yoast-schema-graph\">{\"@context\":\"https:\\\/\\\/schema.org\",\"@graph\":[{\"@type\":\"WebPage\",\"@id\":\"https:\\\/\\\/linmot.com\\\/de\\\/branchen\\\/lebensmittel\\\/\",\"url\":\"https:\\\/\\\/linmot.com\\\/de\\\/branchen\\\/lebensmittel\\\/\",\"name\":\"Lebensmittel \u2013 Wiegen, Sortieren, Abf\u00fcllen, Verschliessen | LinMot\",\"isPartOf\":{\"@id\":\"https:\\\/\\\/linmot.com\\\/de\\\/#website\"},\"primaryImageOfPage\":{\"@id\":\"https:\\\/\\\/linmot.com\\\/de\\\/branchen\\\/lebensmittel\\\/#primaryimage\"},\"image\":{\"@id\":\"https:\\\/\\\/linmot.com\\\/de\\\/branchen\\\/lebensmittel\\\/#primaryimage\"},\"thumbnailUrl\":\"https:\\\/\\\/linmot.com\\\/wp-content\\\/uploads\\\/2017\\\/10\\\/LinMot-Solutions-Food-Products-Industry.jpg\",\"datePublished\":\"2017-10-20T21:34:41+00:00\",\"dateModified\":\"2024-05-01T14:43:33+00:00\",\"description\":\"LinMot bietet Maschinenbauer innovative Antriebstechnik, um den Herstellungs- und Verpackungsprozess von Lebensmittel zu optimieren.\",\"breadcrumb\":{\"@id\":\"https:\\\/\\\/linmot.com\\\/de\\\/branchen\\\/lebensmittel\\\/#breadcrumb\"},\"inLanguage\":\"de\",\"potentialAction\":[{\"@type\":\"ReadAction\",\"target\":[\"https:\\\/\\\/linmot.com\\\/de\\\/branchen\\\/lebensmittel\\\/\"]}]},{\"@type\":\"ImageObject\",\"inLanguage\":\"de\",\"@id\":\"https:\\\/\\\/linmot.com\\\/de\\\/branchen\\\/lebensmittel\\\/#primaryimage\",\"url\":\"https:\\\/\\\/linmot.com\\\/wp-content\\\/uploads\\\/2017\\\/10\\\/LinMot-Solutions-Food-Products-Industry.jpg\",\"contentUrl\":\"https:\\\/\\\/linmot.com\\\/wp-content\\\/uploads\\\/2017\\\/10\\\/LinMot-Solutions-Food-Products-Industry.jpg\"},{\"@type\":\"BreadcrumbList\",\"@id\":\"https:\\\/\\\/linmot.com\\\/de\\\/branchen\\\/lebensmittel\\\/#breadcrumb\",\"itemListElement\":[{\"@type\":\"ListItem\",\"position\":1,\"name\":\"LinMot\",\"item\":\"https:\\\/\\\/linmot.com\\\/de\\\/\"},{\"@type\":\"ListItem\",\"position\":2,\"name\":\"Branchenl\u00f6sungen\",\"item\":\"https:\\\/\\\/linmot.com\\\/de\\\/branchen\\\/\"},{\"@type\":\"ListItem\",\"position\":3,\"name\":\"Lebensmittel\"}]},{\"@type\":\"WebSite\",\"@id\":\"https:\\\/\\\/linmot.com\\\/de\\\/#website\",\"url\":\"https:\\\/\\\/linmot.com\\\/de\\\/\",\"name\":\"LinMot & MagSpring - Industrielle Linearmotoren\",\"description\":\"Hochwertigen Linearmotoren und Linearmotorsystemen\",\"publisher\":{\"@id\":\"https:\\\/\\\/linmot.com\\\/de\\\/#organization\"},\"potentialAction\":[{\"@type\":\"SearchAction\",\"target\":{\"@type\":\"EntryPoint\",\"urlTemplate\":\"https:\\\/\\\/linmot.com\\\/de\\\/?s={search_term_string}\"},\"query-input\":{\"@type\":\"PropertyValueSpecification\",\"valueRequired\":true,\"valueName\":\"search_term_string\"}}],\"inLanguage\":\"de\"},{\"@type\":\"Organization\",\"@id\":\"https:\\\/\\\/linmot.com\\\/de\\\/#organization\",\"name\":\"NTI AG - LinMot & MagSpring\",\"url\":\"https:\\\/\\\/linmot.com\\\/de\\\/\",\"logo\":{\"@type\":\"ImageObject\",\"inLanguage\":\"de\",\"@id\":\"https:\\\/\\\/linmot.com\\\/de\\\/#\\\/schema\\\/logo\\\/image\\\/\",\"url\":\"https:\\\/\\\/linmot.com\\\/de\\\/wp-content\\\/uploads\\\/sites\\\/2\\\/2022\\\/01\\\/social-logo.jpg\",\"contentUrl\":\"https:\\\/\\\/linmot.com\\\/de\\\/wp-content\\\/uploads\\\/sites\\\/2\\\/2022\\\/01\\\/social-logo.jpg\",\"width\":800,\"height\":500,\"caption\":\"NTI AG - LinMot & MagSpring\"},\"image\":{\"@id\":\"https:\\\/\\\/linmot.com\\\/de\\\/#\\\/schema\\\/logo\\\/image\\\/\"},\"sameAs\":[\"https:\\\/\\\/www.linkedin.com\\\/company\\\/nti-ag-linmot-magspring\",\"https:\\\/\\\/www.youtube.com\\\/user\\\/LinMotEurope\",\"https:\\\/\\\/www.xing.com\\\/pages\\\/linmot-magspring\"]}]}<\/script>\n<!-- \/ Yoast SEO Premium plugin. -->","yoast_head_json":{"title":"Lebensmittel \u2013 Wiegen, Sortieren, Abf\u00fcllen, Verschliessen | LinMot","description":"LinMot bietet Maschinenbauer innovative Antriebstechnik, um den Herstellungs- und Verpackungsprozess von Lebensmittel zu optimieren.","robots":{"index":"index","follow":"follow","max-snippet":"max-snippet:-1","max-image-preview":"max-image-preview:large","max-video-preview":"max-video-preview:-1"},"canonical":"https:\/\/linmot.com\/de\/branchen\/lebensmittel\/","og_locale":"de_DE","og_type":"article","og_title":"Lebensmittel \u2013 Wiegen, Sortieren, Abf\u00fcllen, Verschliessen | LinMot","og_description":"LinMot bietet Maschinenbauer innovative Antriebstechnik, um den Herstellungs- und Verpackungsprozess von Lebensmittel zu optimieren.","og_url":"https:\/\/linmot.com\/de\/branchen\/lebensmittel\/","og_site_name":"LinMot &amp; MagSpring - Deutsch","article_modified_time":"2024-05-01T14:43:33+00:00","og_image":[{"width":940,"height":300,"url":"https:\/\/linmot.com\/de\/wp-content\/uploads\/sites\/2\/2017\/10\/LinMot-Solutions-Food-Products-Industry.jpg","type":"image\/jpeg"}],"twitter_card":"summary_large_image","twitter_title":"Lebensmittel \u2013 Wiegen, Sortieren, Abf\u00fcllen, Verschliessen | LinMot","twitter_description":"LinMot bietet Maschinenbauer innovative Antriebstechnik, um den Herstellungs- und Verpackungsprozess von Lebensmittel zu optimieren.","twitter_image":"https:\/\/linmot.com\/de\/wp-content\/uploads\/sites\/2\/2017\/10\/LinMot-Solutions-Food-Products-Industry.jpg","twitter_misc":{"Gesch\u00e4tzte Lesezeit":"5 Minuten"},"schema":{"@context":"https:\/\/schema.org","@graph":[{"@type":"WebPage","@id":"https:\/\/linmot.com\/de\/branchen\/lebensmittel\/","url":"https:\/\/linmot.com\/de\/branchen\/lebensmittel\/","name":"Lebensmittel \u2013 Wiegen, Sortieren, Abf\u00fcllen, Verschliessen | LinMot","isPartOf":{"@id":"https:\/\/linmot.com\/de\/#website"},"primaryImageOfPage":{"@id":"https:\/\/linmot.com\/de\/branchen\/lebensmittel\/#primaryimage"},"image":{"@id":"https:\/\/linmot.com\/de\/branchen\/lebensmittel\/#primaryimage"},"thumbnailUrl":"https:\/\/linmot.com\/wp-content\/uploads\/2017\/10\/LinMot-Solutions-Food-Products-Industry.jpg","datePublished":"2017-10-20T21:34:41+00:00","dateModified":"2024-05-01T14:43:33+00:00","description":"LinMot bietet Maschinenbauer innovative Antriebstechnik, um den Herstellungs- und Verpackungsprozess von Lebensmittel zu optimieren.","breadcrumb":{"@id":"https:\/\/linmot.com\/de\/branchen\/lebensmittel\/#breadcrumb"},"inLanguage":"de","potentialAction":[{"@type":"ReadAction","target":["https:\/\/linmot.com\/de\/branchen\/lebensmittel\/"]}]},{"@type":"ImageObject","inLanguage":"de","@id":"https:\/\/linmot.com\/de\/branchen\/lebensmittel\/#primaryimage","url":"https:\/\/linmot.com\/wp-content\/uploads\/2017\/10\/LinMot-Solutions-Food-Products-Industry.jpg","contentUrl":"https:\/\/linmot.com\/wp-content\/uploads\/2017\/10\/LinMot-Solutions-Food-Products-Industry.jpg"},{"@type":"BreadcrumbList","@id":"https:\/\/linmot.com\/de\/branchen\/lebensmittel\/#breadcrumb","itemListElement":[{"@type":"ListItem","position":1,"name":"LinMot","item":"https:\/\/linmot.com\/de\/"},{"@type":"ListItem","position":2,"name":"Branchenl\u00f6sungen","item":"https:\/\/linmot.com\/de\/branchen\/"},{"@type":"ListItem","position":3,"name":"Lebensmittel"}]},{"@type":"WebSite","@id":"https:\/\/linmot.com\/de\/#website","url":"https:\/\/linmot.com\/de\/","name":"LinMot & MagSpring - Industrielle Linearmotoren","description":"Hochwertigen Linearmotoren und Linearmotorsystemen","publisher":{"@id":"https:\/\/linmot.com\/de\/#organization"},"potentialAction":[{"@type":"SearchAction","target":{"@type":"EntryPoint","urlTemplate":"https:\/\/linmot.com\/de\/?s={search_term_string}"},"query-input":{"@type":"PropertyValueSpecification","valueRequired":true,"valueName":"search_term_string"}}],"inLanguage":"de"},{"@type":"Organization","@id":"https:\/\/linmot.com\/de\/#organization","name":"NTI AG - LinMot & MagSpring","url":"https:\/\/linmot.com\/de\/","logo":{"@type":"ImageObject","inLanguage":"de","@id":"https:\/\/linmot.com\/de\/#\/schema\/logo\/image\/","url":"https:\/\/linmot.com\/de\/wp-content\/uploads\/sites\/2\/2022\/01\/social-logo.jpg","contentUrl":"https:\/\/linmot.com\/de\/wp-content\/uploads\/sites\/2\/2022\/01\/social-logo.jpg","width":800,"height":500,"caption":"NTI AG - LinMot & MagSpring"},"image":{"@id":"https:\/\/linmot.com\/de\/#\/schema\/logo\/image\/"},"sameAs":["https:\/\/www.linkedin.com\/company\/nti-ag-linmot-magspring","https:\/\/www.youtube.com\/user\/LinMotEurope","https:\/\/www.xing.com\/pages\/linmot-magspring"]}]}},"_links":{"self":[{"href":"https:\/\/linmot.com\/de\/wp-json\/wp\/v2\/pages\/58","targetHints":{"allow":["GET"]}}],"collection":[{"href":"https:\/\/linmot.com\/de\/wp-json\/wp\/v2\/pages"}],"about":[{"href":"https:\/\/linmot.com\/de\/wp-json\/wp\/v2\/types\/page"}],"author":[{"embeddable":true,"href":"https:\/\/linmot.com\/de\/wp-json\/wp\/v2\/users\/1"}],"replies":[{"embeddable":true,"href":"https:\/\/linmot.com\/de\/wp-json\/wp\/v2\/comments?post=58"}],"version-history":[{"count":21,"href":"https:\/\/linmot.com\/de\/wp-json\/wp\/v2\/pages\/58\/revisions"}],"predecessor-version":[{"id":5085,"href":"https:\/\/linmot.com\/de\/wp-json\/wp\/v2\/pages\/58\/revisions\/5085"}],"up":[{"embeddable":true,"href":"https:\/\/linmot.com\/de\/wp-json\/wp\/v2\/pages\/8"}],"wp:attachment":[{"href":"https:\/\/linmot.com\/de\/wp-json\/wp\/v2\/media?parent=58"}],"curies":[{"name":"wp","href":"https:\/\/api.w.org\/{rel}","templated":true}]}}