{"id":56,"date":"2017-10-20T23:34:34","date_gmt":"2017-10-20T21:34:34","guid":{"rendered":"https:\/\/linmot.com\/?page_id=56"},"modified":"2023-05-10T16:40:52","modified_gmt":"2023-05-10T14:40:52","slug":"textil","status":"publish","type":"page","link":"https:\/\/linmot.com\/de\/branchen\/textil\/","title":{"rendered":"Textilbranche"},"content":{"rendered":"<p><strong>Wie LinMot den hohen Anforderungen in der Textilbranche mit Antriebstechnik gerecht wird.<\/strong><\/p>\n<img loading=\"lazy\" decoding=\"async\" class=\"aligncenter wp-image-205 size-full\" src=\"https:\/\/linmot.com\/de\/wp-content\/uploads\/sites\/2\/2017\/10\/LinMot-Solutions-Textile-Machines-Industry.jpg\" alt=\"LinMot in der Textilbranche\" width=\"940\" height=\"300\" srcset=\"https:\/\/linmot.com\/de\/wp-content\/uploads\/sites\/2\/2017\/10\/LinMot-Solutions-Textile-Machines-Industry.jpg 940w, https:\/\/linmot.com\/de\/wp-content\/uploads\/sites\/2\/2017\/10\/LinMot-Solutions-Textile-Machines-Industry-300x96.jpg 300w, https:\/\/linmot.com\/de\/wp-content\/uploads\/sites\/2\/2017\/10\/LinMot-Solutions-Textile-Machines-Industry-768x245.jpg 768w\" sizes=\"auto, (max-width: 940px) 100vw, 940px\" \/>\n<p>Die Anforderungen, welche die Textilindustrie heute an Webmaschinen stellt, sind vielf\u00e4ltig: Gefordert wird ein flexibler und schonender Materialeinsatz, extreme Musterungsvielfalt, eine absolute Funktionssicherheit und fehlerfreie Ware. Zudem verlangt die Branche, dass Stillstandszeiten so gering wie m\u00f6glich gehalten werden und die Produktivit\u00e4t gesteigert wird.<\/p>\n<blockquote><p>Der Einsatz von LinMot Antriebskomponenten hilft in einem hohen Mass, Antworten auf die Anforderungen des Marktes zu geben<\/p><\/blockquote>\n<p><a href=\"https:\/\/linmot.com\/de\/produkte\/linearmotoren\/\">LinMot Linearmotoren<\/a> zeichnen sich durch hochdynamische Bewegungen und eine starke Schmutzunempfindlichkeit aus. Dar\u00fcber hinaus haben sie keinerlei verschleissanf\u00e4llige Komponenten und garantieren somit eine lange Lebensdauer. Diese Vorz\u00fcge kommen seit Jahren in den neusten Webmaschinen zum Tragen. Die Motoren werden beispielsweise zum Verlegen und Positionieren von Zusatzf\u00e4den eingesetzt. Vor allem wenn es um das Stickweben geht, \u00fcbernehmen sie die Antriebsarbeit der Stickachsen. Auch f\u00fcr das pr\u00e4zise Aufwickeln von Textilgarn werden Linearmotoren favorisiert genutzt. Hierzu hat LinMot einen kompletten Funktionsbaustein programmiert, welcher den ganzen Wickelprozess steuert und durch die \u00fcbergeordnete Steuerung einfach abgerufen werden kann.<\/p>\n<p>Durch die fortlaufende Weiterentwicklung der Linearmotoren werden sich auch zuk\u00fcnftig weitere Einsatzm\u00f6glichkeiten in der Textilindustrie ergeben.<\/p>\n","protected":false},"excerpt":{"rendered":"<p>Wie LinMot den hohen Anforderungen in der Textilbranche mit Antriebstechnik gerecht wird. Die Anforderungen, welche die Textilindustrie heute an Webmaschinen stellt, sind vielf\u00e4ltig: Gefordert wird ein flexibler und schonender Materialeinsatz, extreme Musterungsvielfalt, eine absolute Funktionssicherheit und fehlerfreie Ware. Zudem verlangt die Branche, dass Stillstandszeiten so gering wie m\u00f6glich gehalten werden und die Produktivit\u00e4t gesteigert wird. [&hellip;]<\/p>\n","protected":false},"author":1,"featured_media":0,"parent":8,"menu_order":112,"comment_status":"closed","ping_status":"closed","template":"","meta":{"_acf_changed":false,"footnotes":""},"class_list":["post-56","page","type-page","status-publish","hentry"],"acf":[],"yoast_head":"<!-- This site is optimized with the Yoast SEO Premium plugin v20.9 (Yoast SEO v27.4) - https:\/\/yoast.com\/product\/yoast-seo-premium-wordpress\/ -->\n<title>Textil \u2013 Stickweben, Verlegen Zusatzf\u00e4den, Aufwickeln | LinMot<\/title>\n<meta name=\"description\" content=\"LinMot zeichnet sich in der Textilbranche durch hochdynamische Bewegungen und hoher Zuverl\u00e4ssigkeit in staubiger, verschmutzer Umgebung aus.\" \/>\n<meta name=\"robots\" content=\"index, follow, max-snippet:-1, max-image-preview:large, max-video-preview:-1\" \/>\n<link rel=\"canonical\" href=\"https:\/\/linmot.com\/de\/branchen\/textil\/\" \/>\n<meta property=\"og:locale\" content=\"de_DE\" \/>\n<meta property=\"og:type\" content=\"article\" \/>\n<meta property=\"og:title\" content=\"Textil \u2013 Stickweben, Verlegen Zusatzf\u00e4den, Aufwickeln | LinMot\" \/>\n<meta property=\"og:description\" content=\"LinMot zeichnet sich in der Textilbranche durch hochdynamische Bewegungen und hoher Zuverl\u00e4ssigkeit in staubiger, verschmutzer Umgebung aus.\" \/>\n<meta property=\"og:url\" content=\"https:\/\/linmot.com\/de\/branchen\/textil\/\" \/>\n<meta property=\"og:site_name\" content=\"LinMot &amp; MagSpring - Deutsch\" \/>\n<meta property=\"article:modified_time\" content=\"2023-05-10T14:40:52+00:00\" \/>\n<meta property=\"og:image\" content=\"https:\/\/linmot.com\/de\/wp-content\/uploads\/sites\/2\/2017\/10\/LinMot-Solutions-Textile-Machines-Industry.jpg\" \/>\n<meta name=\"twitter:card\" content=\"summary_large_image\" \/>\n<meta name=\"twitter:title\" content=\"Textil \u2013 Stickweben, Verlegen Zusatzf\u00e4den, Aufwickeln | LinMot\" \/>\n<meta name=\"twitter:description\" content=\"LinMot zeichnet sich in der Textilbranche durch hochdynamische Bewegungen und hoher Zuverl\u00e4ssigkeit in staubiger, verschmutzer Umgebung aus.\" \/>\n<meta name=\"twitter:label1\" content=\"Gesch\u00e4tzte Lesezeit\" \/>\n\t<meta name=\"twitter:data1\" content=\"2 Minuten\" \/>\n<script type=\"application\/ld+json\" class=\"yoast-schema-graph\">{\"@context\":\"https:\\\/\\\/schema.org\",\"@graph\":[{\"@type\":\"WebPage\",\"@id\":\"https:\\\/\\\/linmot.com\\\/de\\\/branchen\\\/textil\\\/\",\"url\":\"https:\\\/\\\/linmot.com\\\/de\\\/branchen\\\/textil\\\/\",\"name\":\"Textil \u2013 Stickweben, Verlegen Zusatzf\u00e4den, Aufwickeln | LinMot\",\"isPartOf\":{\"@id\":\"https:\\\/\\\/linmot.com\\\/de\\\/#website\"},\"primaryImageOfPage\":{\"@id\":\"https:\\\/\\\/linmot.com\\\/de\\\/branchen\\\/textil\\\/#primaryimage\"},\"image\":{\"@id\":\"https:\\\/\\\/linmot.com\\\/de\\\/branchen\\\/textil\\\/#primaryimage\"},\"thumbnailUrl\":\"https:\\\/\\\/linmot.com\\\/de\\\/wp-content\\\/uploads\\\/sites\\\/2\\\/2017\\\/10\\\/LinMot-Solutions-Textile-Machines-Industry.jpg\",\"datePublished\":\"2017-10-20T21:34:34+00:00\",\"dateModified\":\"2023-05-10T14:40:52+00:00\",\"description\":\"LinMot zeichnet sich in der Textilbranche durch hochdynamische Bewegungen und hoher Zuverl\u00e4ssigkeit in staubiger, verschmutzer Umgebung aus.\",\"breadcrumb\":{\"@id\":\"https:\\\/\\\/linmot.com\\\/de\\\/branchen\\\/textil\\\/#breadcrumb\"},\"inLanguage\":\"de\",\"potentialAction\":[{\"@type\":\"ReadAction\",\"target\":[\"https:\\\/\\\/linmot.com\\\/de\\\/branchen\\\/textil\\\/\"]}]},{\"@type\":\"ImageObject\",\"inLanguage\":\"de\",\"@id\":\"https:\\\/\\\/linmot.com\\\/de\\\/branchen\\\/textil\\\/#primaryimage\",\"url\":\"https:\\\/\\\/linmot.com\\\/de\\\/wp-content\\\/uploads\\\/sites\\\/2\\\/2017\\\/10\\\/LinMot-Solutions-Textile-Machines-Industry.jpg\",\"contentUrl\":\"https:\\\/\\\/linmot.com\\\/de\\\/wp-content\\\/uploads\\\/sites\\\/2\\\/2017\\\/10\\\/LinMot-Solutions-Textile-Machines-Industry.jpg\",\"width\":940,\"height\":300,\"caption\":\"Branchenl\u00f6sungen f\u00fcr Textilbranche\"},{\"@type\":\"BreadcrumbList\",\"@id\":\"https:\\\/\\\/linmot.com\\\/de\\\/branchen\\\/textil\\\/#breadcrumb\",\"itemListElement\":[{\"@type\":\"ListItem\",\"position\":1,\"name\":\"LinMot\",\"item\":\"https:\\\/\\\/linmot.com\\\/de\\\/\"},{\"@type\":\"ListItem\",\"position\":2,\"name\":\"Branchenl\u00f6sungen\",\"item\":\"https:\\\/\\\/linmot.com\\\/de\\\/branchen\\\/\"},{\"@type\":\"ListItem\",\"position\":3,\"name\":\"Textilbranche\"}]},{\"@type\":\"WebSite\",\"@id\":\"https:\\\/\\\/linmot.com\\\/de\\\/#website\",\"url\":\"https:\\\/\\\/linmot.com\\\/de\\\/\",\"name\":\"LinMot & MagSpring - Industrielle Linearmotoren\",\"description\":\"Hochwertigen Linearmotoren und Linearmotorsystemen\",\"publisher\":{\"@id\":\"https:\\\/\\\/linmot.com\\\/de\\\/#organization\"},\"potentialAction\":[{\"@type\":\"SearchAction\",\"target\":{\"@type\":\"EntryPoint\",\"urlTemplate\":\"https:\\\/\\\/linmot.com\\\/de\\\/?s={search_term_string}\"},\"query-input\":{\"@type\":\"PropertyValueSpecification\",\"valueRequired\":true,\"valueName\":\"search_term_string\"}}],\"inLanguage\":\"de\"},{\"@type\":\"Organization\",\"@id\":\"https:\\\/\\\/linmot.com\\\/de\\\/#organization\",\"name\":\"NTI AG - LinMot & MagSpring\",\"url\":\"https:\\\/\\\/linmot.com\\\/de\\\/\",\"logo\":{\"@type\":\"ImageObject\",\"inLanguage\":\"de\",\"@id\":\"https:\\\/\\\/linmot.com\\\/de\\\/#\\\/schema\\\/logo\\\/image\\\/\",\"url\":\"https:\\\/\\\/linmot.com\\\/de\\\/wp-content\\\/uploads\\\/sites\\\/2\\\/2022\\\/01\\\/social-logo.jpg\",\"contentUrl\":\"https:\\\/\\\/linmot.com\\\/de\\\/wp-content\\\/uploads\\\/sites\\\/2\\\/2022\\\/01\\\/social-logo.jpg\",\"width\":800,\"height\":500,\"caption\":\"NTI AG - LinMot & MagSpring\"},\"image\":{\"@id\":\"https:\\\/\\\/linmot.com\\\/de\\\/#\\\/schema\\\/logo\\\/image\\\/\"},\"sameAs\":[\"https:\\\/\\\/www.linkedin.com\\\/company\\\/nti-ag-linmot-magspring\",\"https:\\\/\\\/www.youtube.com\\\/user\\\/LinMotEurope\",\"https:\\\/\\\/www.xing.com\\\/pages\\\/linmot-magspring\"]}]}<\/script>\n<!-- \/ Yoast SEO Premium plugin. -->","yoast_head_json":{"title":"Textil \u2013 Stickweben, Verlegen Zusatzf\u00e4den, Aufwickeln | LinMot","description":"LinMot zeichnet sich in der Textilbranche durch hochdynamische Bewegungen und hoher Zuverl\u00e4ssigkeit in staubiger, verschmutzer Umgebung aus.","robots":{"index":"index","follow":"follow","max-snippet":"max-snippet:-1","max-image-preview":"max-image-preview:large","max-video-preview":"max-video-preview:-1"},"canonical":"https:\/\/linmot.com\/de\/branchen\/textil\/","og_locale":"de_DE","og_type":"article","og_title":"Textil \u2013 Stickweben, Verlegen Zusatzf\u00e4den, Aufwickeln | LinMot","og_description":"LinMot zeichnet sich in der Textilbranche durch hochdynamische Bewegungen und hoher Zuverl\u00e4ssigkeit in staubiger, verschmutzer Umgebung aus.","og_url":"https:\/\/linmot.com\/de\/branchen\/textil\/","og_site_name":"LinMot &amp; MagSpring - Deutsch","article_modified_time":"2023-05-10T14:40:52+00:00","og_image":[{"url":"https:\/\/linmot.com\/de\/wp-content\/uploads\/sites\/2\/2017\/10\/LinMot-Solutions-Textile-Machines-Industry.jpg","type":"","width":"","height":""}],"twitter_card":"summary_large_image","twitter_title":"Textil \u2013 Stickweben, Verlegen Zusatzf\u00e4den, Aufwickeln | LinMot","twitter_description":"LinMot zeichnet sich in der Textilbranche durch hochdynamische Bewegungen und hoher Zuverl\u00e4ssigkeit in staubiger, verschmutzer Umgebung aus.","twitter_misc":{"Gesch\u00e4tzte Lesezeit":"2 Minuten"},"schema":{"@context":"https:\/\/schema.org","@graph":[{"@type":"WebPage","@id":"https:\/\/linmot.com\/de\/branchen\/textil\/","url":"https:\/\/linmot.com\/de\/branchen\/textil\/","name":"Textil \u2013 Stickweben, Verlegen Zusatzf\u00e4den, Aufwickeln | LinMot","isPartOf":{"@id":"https:\/\/linmot.com\/de\/#website"},"primaryImageOfPage":{"@id":"https:\/\/linmot.com\/de\/branchen\/textil\/#primaryimage"},"image":{"@id":"https:\/\/linmot.com\/de\/branchen\/textil\/#primaryimage"},"thumbnailUrl":"https:\/\/linmot.com\/de\/wp-content\/uploads\/sites\/2\/2017\/10\/LinMot-Solutions-Textile-Machines-Industry.jpg","datePublished":"2017-10-20T21:34:34+00:00","dateModified":"2023-05-10T14:40:52+00:00","description":"LinMot zeichnet sich in der Textilbranche durch hochdynamische Bewegungen und hoher Zuverl\u00e4ssigkeit in staubiger, verschmutzer Umgebung aus.","breadcrumb":{"@id":"https:\/\/linmot.com\/de\/branchen\/textil\/#breadcrumb"},"inLanguage":"de","potentialAction":[{"@type":"ReadAction","target":["https:\/\/linmot.com\/de\/branchen\/textil\/"]}]},{"@type":"ImageObject","inLanguage":"de","@id":"https:\/\/linmot.com\/de\/branchen\/textil\/#primaryimage","url":"https:\/\/linmot.com\/de\/wp-content\/uploads\/sites\/2\/2017\/10\/LinMot-Solutions-Textile-Machines-Industry.jpg","contentUrl":"https:\/\/linmot.com\/de\/wp-content\/uploads\/sites\/2\/2017\/10\/LinMot-Solutions-Textile-Machines-Industry.jpg","width":940,"height":300,"caption":"Branchenl\u00f6sungen f\u00fcr Textilbranche"},{"@type":"BreadcrumbList","@id":"https:\/\/linmot.com\/de\/branchen\/textil\/#breadcrumb","itemListElement":[{"@type":"ListItem","position":1,"name":"LinMot","item":"https:\/\/linmot.com\/de\/"},{"@type":"ListItem","position":2,"name":"Branchenl\u00f6sungen","item":"https:\/\/linmot.com\/de\/branchen\/"},{"@type":"ListItem","position":3,"name":"Textilbranche"}]},{"@type":"WebSite","@id":"https:\/\/linmot.com\/de\/#website","url":"https:\/\/linmot.com\/de\/","name":"LinMot & MagSpring - Industrielle Linearmotoren","description":"Hochwertigen Linearmotoren und Linearmotorsystemen","publisher":{"@id":"https:\/\/linmot.com\/de\/#organization"},"potentialAction":[{"@type":"SearchAction","target":{"@type":"EntryPoint","urlTemplate":"https:\/\/linmot.com\/de\/?s={search_term_string}"},"query-input":{"@type":"PropertyValueSpecification","valueRequired":true,"valueName":"search_term_string"}}],"inLanguage":"de"},{"@type":"Organization","@id":"https:\/\/linmot.com\/de\/#organization","name":"NTI AG - LinMot & MagSpring","url":"https:\/\/linmot.com\/de\/","logo":{"@type":"ImageObject","inLanguage":"de","@id":"https:\/\/linmot.com\/de\/#\/schema\/logo\/image\/","url":"https:\/\/linmot.com\/de\/wp-content\/uploads\/sites\/2\/2022\/01\/social-logo.jpg","contentUrl":"https:\/\/linmot.com\/de\/wp-content\/uploads\/sites\/2\/2022\/01\/social-logo.jpg","width":800,"height":500,"caption":"NTI AG - LinMot & MagSpring"},"image":{"@id":"https:\/\/linmot.com\/de\/#\/schema\/logo\/image\/"},"sameAs":["https:\/\/www.linkedin.com\/company\/nti-ag-linmot-magspring","https:\/\/www.youtube.com\/user\/LinMotEurope","https:\/\/www.xing.com\/pages\/linmot-magspring"]}]}},"_links":{"self":[{"href":"https:\/\/linmot.com\/de\/wp-json\/wp\/v2\/pages\/56","targetHints":{"allow":["GET"]}}],"collection":[{"href":"https:\/\/linmot.com\/de\/wp-json\/wp\/v2\/pages"}],"about":[{"href":"https:\/\/linmot.com\/de\/wp-json\/wp\/v2\/types\/page"}],"author":[{"embeddable":true,"href":"https:\/\/linmot.com\/de\/wp-json\/wp\/v2\/users\/1"}],"replies":[{"embeddable":true,"href":"https:\/\/linmot.com\/de\/wp-json\/wp\/v2\/comments?post=56"}],"version-history":[{"count":12,"href":"https:\/\/linmot.com\/de\/wp-json\/wp\/v2\/pages\/56\/revisions"}],"predecessor-version":[{"id":1722,"href":"https:\/\/linmot.com\/de\/wp-json\/wp\/v2\/pages\/56\/revisions\/1722"}],"up":[{"embeddable":true,"href":"https:\/\/linmot.com\/de\/wp-json\/wp\/v2\/pages\/8"}],"wp:attachment":[{"href":"https:\/\/linmot.com\/de\/wp-json\/wp\/v2\/media?parent=56"}],"curies":[{"name":"wp","href":"https:\/\/api.w.org\/{rel}","templated":true}]}}