{"id":5561,"date":"2025-02-03T11:55:04","date_gmt":"2025-02-03T10:55:04","guid":{"rendered":"https:\/\/linmot.com\/de\/?page_id=5561"},"modified":"2026-04-16T16:25:32","modified_gmt":"2026-04-16T14:25:32","slug":"flat-robots-und-systeme","status":"publish","type":"page","link":"https:\/\/linmot.com\/de\/produkte\/flat-robots-und-systeme\/","title":{"rendered":"Flat Robots und Systeme"},"content":{"rendered":"<p align=\"justify\"><strong>Um komplexen Produktionsanforderungen, Sicherheitsvorschriften und nachhaltigen Prozessen gerecht zu werden, bieten die bauraumoptimierten LinMot Flat Robots und Systeme innovative, hochdynamische und individuell auf die Kundenapplikation zugeschnittene L\u00f6sungen in allen Bereichen der Automation.<\/strong><\/p>\n<p align=\"justify\">In den einsatzfertigen LinMot Flat Robots und Systemen werden LinMot Linearmotoren, Module, F\u00fchrungen und Greifer durch ein flexibles Baukastensystem zu bew\u00e4hrten Strukturen wie Semi-Gantry, Gantry, Pick-and-Place oder anderen Mehrachssystemen kombiniert. Damit k\u00f6nnen branchen- und kundenspezifische, auch sehr komplexe Anforderungen schnell und pr\u00e4zise umgesetzt werden. Dabei bleiben die LinMot Flat Robots und Systeme \u00e4usserst platzsparend, st\u00f6rkonturarm, wartungsfreundlich und individuell skalierbar.<\/p>\n<hr \/>\n<div class=\"row\">\n<div class=\"col-md-6\">\n<h3>Pick-and-Place Module PP03<\/h3>\n<ul>\n<li>Ausgezeichnete Dynamik<\/li>\n<li>Kurze Taktzeiten f\u00fcr Highspeed-Montage<\/li>\n<li>Sofort einsatzbereit dank Plug-and-Play<\/li>\n<li>Breite Optionsauswahl durch Baukastensystem<\/li>\n<\/ul>\n<\/div>\n<div class=\"col-md-1\">\n<\/div>\n<div class=\"col-md-5\">\n<img loading=\"lazy\" decoding=\"async\" class=\"alignnone size-full wp-image-5607\" src=\"https:\/\/linmot.com\/wp-content\/uploads\/2026\/04\/pick-and-place-pp03.jpg\" alt=\"\" width=\"450\" height=\"427\" \/>\n<\/div>\n<\/div>\n<hr \/>\n<div class=\"row\">\n<div class=\"col-md-6\">\n<h3>Edelstahl Pick-and-Place Module PP13<\/h3>\n<ul>\n<li>Jede Achse komplett aus Edelstahl<\/li>\n<li>Korrosionsbest\u00e4ndig gegen Reinigungsmittel<\/li>\n<li>Kleiner Footprint durch schlanke Bauweise<\/li>\n<li>Integriertes Kabelmanagement als Option<\/li>\n<\/ul>\n<p><a class=\"button\" href=\"\/de\/produkte\/flat-robots-und-systeme\/edelstahl-pick-and-place-module-pp13\/\">Mehr zu Pick-and-Place Modulen<\/a><\/p>\n<\/div>\n<div class=\"col-md-1\">\n<\/div>\n<div class=\"col-md-5\">\n<div class=\"carousel slide\" id=\"643cf2ee5a5328d32349cef9d47d6880\" data-ride=\"carousel\">  <div class=\"carousel-inner\" role=\"listbox\">    <div class=\"item active\">      <img decoding=\"async\" src=\"https:\/\/linmot.com\/de\/wp-content\/uploads\/sites\/2\/2025\/06\/edelstahl-pick-and-place-module-pp13-01.jpg\" alt=\"...\">    <\/div>    <div class=\"item\">      <img decoding=\"async\" src=\"https:\/\/linmot.com\/de\/wp-content\/uploads\/sites\/2\/2025\/06\/edelstahl-pick-and-place-module-pp13-02.jpg\" alt=\"...\">    <\/div>    <div class=\"item\">      <img decoding=\"async\" src=\"https:\/\/linmot.com\/de\/wp-content\/uploads\/sites\/2\/2025\/06\/edelstahl-pick-and-place-module-pp13-03.jpg\" alt=\"...\">    <\/div>  <\/div><div class=\"navigation\"><a class=\"left carousel-control\" href=\"#643cf2ee5a5328d32349cef9d47d6880\" role=\"button\" data-slide=\"prev\"><\/a><a class=\"right carousel-control\" href=\"#643cf2ee5a5328d32349cef9d47d6880\" role=\"button\" data-slide=\"next\"><\/a><\/div><\/div>\n<\/div>\n<\/div>\n<hr \/>\n<div class=\"row\">\n<div class=\"col-md-6\">\n<h3>Pick, Place-and-Rotate Module PP05<\/h3>\n<ul>\n<li>Linear-rotative Z-Achse<\/li>\n<li>Hohe Individualisierbarkeit<\/li>\n<li>Breite Optionsauswahl<\/li>\n<li>Kleiner Footprint durch schlanke Bauweise<\/li>\n<\/ul>\n<p><a class=\"button\" href=\"\/de\/produkte\/flat-robots-und-systeme\/pick-and-place-module\/pick-and-place-module-pp05\/\">Mehr zu PP05<\/a><\/p>\n<\/div>\n<div class=\"col-md-1\">\n<\/div>\n<div class=\"col-md-5\">\n<div class=\"carousel slide\" id=\"7e1cacfb27da22fb243ff2debf4443a0\" data-ride=\"carousel\">  <div class=\"carousel-inner\" role=\"listbox\">    <div class=\"item active\">      <img decoding=\"async\" src=\"https:\/\/linmot.com\/de\/wp-content\/uploads\/sites\/2\/2025\/09\/pick-and-rotate-pp05.jpg\" alt=\"...\">    <\/div>  <\/div><div class=\"navigation\"><\/div><\/div>\n<\/div>\n<\/div>\n<hr \/>\n<div class=\"row\">\n<div class=\"col-md-6\">\n<h3>Vertikalachse VA01<\/h3>\n<ul>\n<li>Vormontierte Z-Achse f\u00fcr schnelle Integration<\/li>\n<li>Kompakte Handling Einheit mit Greifer oder Drehgreifer<\/li>\n<li>Direkt montierbar \u2013 keine Adapterplatten erforderlich<\/li>\n<li>Vormontierte Kabel reduzieren Montagezeit deutlich<\/li>\n<\/ul>\n<p><a class=\"button\" href=\"\/de\/produkte\/flat-robots-und-systeme\/vertikalachse-va01\/\">Mehr zum VA01<\/a><\/p>\n<\/div>\n<div class=\"col-md-1\">\n<\/div>\n<div class=\"col-md-5\">\n<img loading=\"lazy\" decoding=\"async\" class=\"alignnone size-full wp-image-5607\" src=\"https:\/\/linmot.com\/de\/wp-content\/uploads\/sites\/2\/2026\/04\/flat-robots-vertikalachse-va01.jpg\" alt=\"\" width=\"450\" height=\"567\" \/>\n<\/div>\n<\/div>\n<hr \/>\n<div class=\"row\">\n<div class=\"col-md-6\">\n<h3>Semi Gantry SG01<\/h3>\n<ul>\n<li>Gewichtsoptimierter Ausleger f\u00fcr dynamische Bewegungen <\/li>\n<li>Direkt montierbare Module ohne Adapterplatten<\/li>\n<li>Integrierte Schleppkette und Schlauchf\u00fchrungen als Option<\/li>\n<\/ul>\n<p><a class=\"button\" href=\"\/de\/produkte\/flat-robots-und-systeme\/semi-gantry-sg01\/\">Mehr zum SG01<\/a><\/p>\n<\/div>\n<div class=\"col-md-1\">\n<\/div>\n<div class=\"col-md-5\">\n<p><img loading=\"lazy\" decoding=\"async\" class=\"wp-image-6413 size-full aligncenter\" src=\"https:\/\/linmot.com\/de\/wp-content\/uploads\/sites\/2\/2026\/04\/linmot-semi-gantry-sg01.jpg\" alt=\"\" width=\"780\" height=\"353\" srcset=\"https:\/\/linmot.com\/de\/wp-content\/uploads\/sites\/2\/2026\/04\/linmot-semi-gantry-sg01.jpg 780w, https:\/\/linmot.com\/de\/wp-content\/uploads\/sites\/2\/2026\/04\/linmot-semi-gantry-sg01-300x136.jpg 300w, https:\/\/linmot.com\/de\/wp-content\/uploads\/sites\/2\/2026\/04\/linmot-semi-gantry-sg01-768x348.jpg 768w\" sizes=\"auto, (max-width: 780px) 100vw, 780px\" \/><br \/>\n<\/div>\n<\/div>\n<hr \/>\n<div class=\"row\">\n<div class=\"col-md-6\">\n<h3>Transferportal TP03<\/h3>\n<ul>\n<li>Schnell integrierbares X\u2011Z\u2011Portal ohne Adapterplatten <\/li>\n<li>Hohe Steifigkeit f\u00fcr pr\u00e4zises, dynamisches Handling <\/li>\n<li>Modular erweiterbar mit Greifer und Kraftsensor <\/li>\n<li>Vormontierte Kabel reduzieren Montagezeit deutlich<\/li>\n<\/ul>\n<p><a class=\"button\" href=\"\/de\/produkte\/flat-robots-und-systeme\/transferportal-tp03\/\">Mehr zum TP03<\/a><\/p>\n<\/div>\n<div class=\"col-md-1\">\n<\/div>\n<div class=\"col-md-5\">\n<img loading=\"lazy\" decoding=\"async\" class=\"wp-image-6411 size-full aligncenter\" src=\"https:\/\/linmot.com\/de\/wp-content\/uploads\/sites\/2\/2026\/04\/linmot-transferportal-tp03.jpg\" alt=\"\" width=\"780\" height=\"520\" srcset=\"https:\/\/linmot.com\/de\/wp-content\/uploads\/sites\/2\/2026\/04\/linmot-transferportal-tp03.jpg 780w, https:\/\/linmot.com\/de\/wp-content\/uploads\/sites\/2\/2026\/04\/linmot-transferportal-tp03-300x200.jpg 300w, https:\/\/linmot.com\/de\/wp-content\/uploads\/sites\/2\/2026\/04\/linmot-transferportal-tp03-768x512.jpg 768w\" sizes=\"auto, (max-width: 780px) 100vw, 780px\" \/>\n<\/div>\n<\/div>\n<hr \/>\n<h2>Fragen zu unseren Flat Robots und Systeme?<\/h2>\n<p>Wir stehen Ihnen gerne f\u00fcr Ihre Fragen oder eine Beratung zur Verf\u00fcgung. Kontaktieren Sie uns unter Tel: +49 (0)201 858940 0 oder \u00fcber das nachfolgende Formular:<\/p>\n\n<div class=\"wpcf7 no-js\" id=\"wpcf7-f1617-o1\" lang=\"de-DE\" dir=\"ltr\" data-wpcf7-id=\"1617\">\n<div class=\"screen-reader-response\"><p role=\"status\" aria-live=\"polite\" aria-atomic=\"true\"><\/p> <ul><\/ul><\/div>\n<form action=\"\/de\/wp-json\/wp\/v2\/pages\/5561#wpcf7-f1617-o1\" method=\"post\" class=\"wpcf7-form init\" aria-label=\"Kontaktformular\" novalidate=\"novalidate\" data-status=\"init\">\n<fieldset class=\"hidden-fields-container\"><input type=\"hidden\" name=\"_wpcf7\" value=\"1617\" \/><input type=\"hidden\" name=\"_wpcf7_version\" value=\"6.1.5\" \/><input type=\"hidden\" name=\"_wpcf7_locale\" value=\"de_DE\" \/><input type=\"hidden\" name=\"_wpcf7_unit_tag\" value=\"wpcf7-f1617-o1\" \/><input type=\"hidden\" name=\"_wpcf7_container_post\" value=\"0\" \/><input type=\"hidden\" name=\"_wpcf7_posted_data_hash\" value=\"\" \/><input type=\"hidden\" name=\"_wpcf7_recaptcha_response\" value=\"\" \/>\n<\/fieldset>\n<label> Ihr Name<br>\n    <span class=\"wpcf7-form-control-wrap\" data-name=\"your-name\"><input size=\"40\" maxlength=\"400\" class=\"wpcf7-form-control wpcf7-text wpcf7-validates-as-required\" aria-required=\"true\" aria-invalid=\"false\" value=\"\" type=\"text\" name=\"your-name\" \/><\/span> <\/label>\n<br>\n<label> Ihre Firma<br>\n    <span class=\"wpcf7-form-control-wrap\" data-name=\"your-company\"><input size=\"40\" maxlength=\"400\" class=\"wpcf7-form-control wpcf7-text wpcf7-validates-as-required\" aria-required=\"true\" aria-invalid=\"false\" value=\"\" type=\"text\" name=\"your-company\" \/><\/span> <\/label>\n<br>\n<label> Postleitzahl<br>\n    <span class=\"wpcf7-form-control-wrap\" data-name=\"your-plz\"><input class=\"wpcf7-form-control wpcf7-number wpcf7-validates-as-required wpcf7-validates-as-number\" aria-required=\"true\" aria-invalid=\"false\" value=\"\" type=\"number\" name=\"your-plz\" \/><\/span> <\/label>\n<br>\n<label> Land<br>\n    <span class=\"wpcf7-form-control-wrap\" data-name=\"your-country\"><input size=\"40\" maxlength=\"400\" class=\"wpcf7-form-control wpcf7-text wpcf7-validates-as-required\" aria-required=\"true\" aria-invalid=\"false\" value=\"\" type=\"text\" name=\"your-country\" \/><\/span> <\/label>\n<br>\n<label> Telefonnummer<br>\n    <span class=\"wpcf7-form-control-wrap\" data-name=\"your-telephone\"><input size=\"40\" maxlength=\"400\" class=\"wpcf7-form-control wpcf7-tel wpcf7-text wpcf7-validates-as-tel\" aria-invalid=\"false\" value=\"\" type=\"tel\" name=\"your-telephone\" \/><\/span> <\/label>\n<br>\n<label> E-Mail-Adresse<br>\n    <span class=\"wpcf7-form-control-wrap\" data-name=\"your-email\"><input size=\"40\" maxlength=\"400\" class=\"wpcf7-form-control wpcf7-email wpcf7-validates-as-required wpcf7-text wpcf7-validates-as-email\" aria-required=\"true\" aria-invalid=\"false\" value=\"\" type=\"email\" name=\"your-email\" \/><\/span> <\/label>\n<br>\n<label> Ihre Frage<br>\n    <span class=\"wpcf7-form-control-wrap\" data-name=\"your-message\"><textarea cols=\"40\" rows=\"10\" maxlength=\"2000\" class=\"wpcf7-form-control wpcf7-textarea\" aria-invalid=\"false\" name=\"your-message\"><\/textarea><\/span> <\/label>\n<br>\n<input class=\"wpcf7-form-control wpcf7-submit has-spinner\" type=\"submit\" value=\"Senden\" \/><div class=\"wpcf7-response-output\" aria-hidden=\"true\"><\/div>\n<\/form>\n<\/div>\n\n","protected":false},"excerpt":{"rendered":"<p>Um komplexen Produktionsanforderungen, Sicherheitsvorschriften und nachhaltigen Prozessen gerecht zu werden, bieten die bauraumoptimierten LinMot Flat Robots und Systeme innovative, hochdynamische und individuell auf die Kundenapplikation zugeschnittene L\u00f6sungen in allen Bereichen der Automation. In den einsatzfertigen LinMot Flat Robots und Systemen werden LinMot Linearmotoren, Module, F\u00fchrungen und Greifer durch ein flexibles Baukastensystem zu bew\u00e4hrten Strukturen wie [&hellip;]<\/p>\n","protected":false},"author":9,"featured_media":0,"parent":6,"menu_order":21,"comment_status":"closed","ping_status":"closed","template":"","meta":{"_acf_changed":false,"footnotes":""},"class_list":["post-5561","page","type-page","status-publish","hentry"],"acf":[],"yoast_head":"<!-- This site is optimized with the Yoast SEO Premium plugin v20.9 (Yoast SEO v27.3) - https:\/\/yoast.com\/product\/yoast-seo-premium-wordpress\/ -->\n<title>Flat Robots und Systeme | Linear Motion Technology Leader<\/title>\n<meta name=\"description\" content=\"In den einsatzfertigen LinMot Flat Robots und Systemen werden LinMot Linearmotoren, Module, F\u00fchrungen und Greifer durch ein flexibles Baukastensystem zu bew\u00e4hrten Strukturen wie Semi-Gantry, Gantry, Pick-and-Place oder anderen Mehrachssystemen kombiniert.\" \/>\n<meta name=\"robots\" content=\"index, follow, max-snippet:-1, max-image-preview:large, max-video-preview:-1\" \/>\n<link rel=\"canonical\" href=\"https:\/\/linmot.com\/de\/produkte\/flat-robots-und-systeme\/\" \/>\n<meta property=\"og:locale\" content=\"de_DE\" \/>\n<meta property=\"og:type\" content=\"article\" \/>\n<meta property=\"og:title\" content=\"Flat Robots und Systeme\" \/>\n<meta property=\"og:description\" content=\"In den einsatzfertigen LinMot Flat Robots und Systemen werden LinMot Linearmotoren, Module, F\u00fchrungen und Greifer durch ein flexibles Baukastensystem zu bew\u00e4hrten Strukturen wie Semi-Gantry, Gantry, Pick-and-Place oder anderen Mehrachssystemen kombiniert.\" \/>\n<meta property=\"og:url\" content=\"https:\/\/linmot.com\/de\/produkte\/flat-robots-und-systeme\/\" \/>\n<meta property=\"og:site_name\" content=\"LinMot &amp; MagSpring - Deutsch\" \/>\n<meta property=\"article:modified_time\" content=\"2026-04-16T14:25:32+00:00\" \/>\n<meta property=\"og:image\" content=\"https:\/\/linmot.com\/de\/wp-content\/uploads\/sites\/2\/2022\/01\/social-logo.jpg\" \/>\n\t<meta property=\"og:image:width\" content=\"800\" \/>\n\t<meta property=\"og:image:height\" content=\"500\" \/>\n\t<meta property=\"og:image:type\" content=\"image\/jpeg\" \/>\n<meta name=\"twitter:card\" content=\"summary_large_image\" \/>\n<meta name=\"twitter:label1\" content=\"Gesch\u00e4tzte Lesezeit\" \/>\n\t<meta name=\"twitter:data1\" content=\"2 Minuten\" \/>\n<script type=\"application\/ld+json\" class=\"yoast-schema-graph\">{\"@context\":\"https:\\\/\\\/schema.org\",\"@graph\":[{\"@type\":\"WebPage\",\"@id\":\"https:\\\/\\\/linmot.com\\\/de\\\/produkte\\\/flat-robots-und-systeme\\\/\",\"url\":\"https:\\\/\\\/linmot.com\\\/de\\\/produkte\\\/flat-robots-und-systeme\\\/\",\"name\":\"Flat Robots und Systeme | Linear Motion Technology Leader\",\"isPartOf\":{\"@id\":\"https:\\\/\\\/linmot.com\\\/de\\\/#website\"},\"primaryImageOfPage\":{\"@id\":\"https:\\\/\\\/linmot.com\\\/de\\\/produkte\\\/flat-robots-und-systeme\\\/#primaryimage\"},\"image\":{\"@id\":\"https:\\\/\\\/linmot.com\\\/de\\\/produkte\\\/flat-robots-und-systeme\\\/#primaryimage\"},\"thumbnailUrl\":\"https:\\\/\\\/linmot.com\\\/wp-content\\\/uploads\\\/2026\\\/04\\\/pick-and-place-pp03.jpg\",\"datePublished\":\"2025-02-03T10:55:04+00:00\",\"dateModified\":\"2026-04-16T14:25:32+00:00\",\"description\":\"In den einsatzfertigen LinMot Flat Robots und Systemen werden LinMot Linearmotoren, Module, F\u00fchrungen und Greifer durch ein flexibles Baukastensystem zu bew\u00e4hrten Strukturen wie Semi-Gantry, Gantry, Pick-and-Place oder anderen Mehrachssystemen kombiniert.\",\"breadcrumb\":{\"@id\":\"https:\\\/\\\/linmot.com\\\/de\\\/produkte\\\/flat-robots-und-systeme\\\/#breadcrumb\"},\"inLanguage\":\"de\",\"potentialAction\":[{\"@type\":\"ReadAction\",\"target\":[\"https:\\\/\\\/linmot.com\\\/de\\\/produkte\\\/flat-robots-und-systeme\\\/\"]}]},{\"@type\":\"ImageObject\",\"inLanguage\":\"de\",\"@id\":\"https:\\\/\\\/linmot.com\\\/de\\\/produkte\\\/flat-robots-und-systeme\\\/#primaryimage\",\"url\":\"https:\\\/\\\/linmot.com\\\/wp-content\\\/uploads\\\/2026\\\/04\\\/pick-and-place-pp03.jpg\",\"contentUrl\":\"https:\\\/\\\/linmot.com\\\/wp-content\\\/uploads\\\/2026\\\/04\\\/pick-and-place-pp03.jpg\"},{\"@type\":\"BreadcrumbList\",\"@id\":\"https:\\\/\\\/linmot.com\\\/de\\\/produkte\\\/flat-robots-und-systeme\\\/#breadcrumb\",\"itemListElement\":[{\"@type\":\"ListItem\",\"position\":1,\"name\":\"LinMot\",\"item\":\"https:\\\/\\\/linmot.com\\\/de\\\/\"},{\"@type\":\"ListItem\",\"position\":2,\"name\":\"Produkte\",\"item\":\"https:\\\/\\\/linmot.com\\\/de\\\/produkte\\\/\"},{\"@type\":\"ListItem\",\"position\":3,\"name\":\"Flat Robots und Systeme\"}]},{\"@type\":\"WebSite\",\"@id\":\"https:\\\/\\\/linmot.com\\\/de\\\/#website\",\"url\":\"https:\\\/\\\/linmot.com\\\/de\\\/\",\"name\":\"LinMot & MagSpring - Industrielle Linearmotoren\",\"description\":\"Hochwertigen Linearmotoren und Linearmotorsystemen\",\"publisher\":{\"@id\":\"https:\\\/\\\/linmot.com\\\/de\\\/#organization\"},\"potentialAction\":[{\"@type\":\"SearchAction\",\"target\":{\"@type\":\"EntryPoint\",\"urlTemplate\":\"https:\\\/\\\/linmot.com\\\/de\\\/?s={search_term_string}\"},\"query-input\":{\"@type\":\"PropertyValueSpecification\",\"valueRequired\":true,\"valueName\":\"search_term_string\"}}],\"inLanguage\":\"de\"},{\"@type\":\"Organization\",\"@id\":\"https:\\\/\\\/linmot.com\\\/de\\\/#organization\",\"name\":\"NTI AG - LinMot & MagSpring\",\"url\":\"https:\\\/\\\/linmot.com\\\/de\\\/\",\"logo\":{\"@type\":\"ImageObject\",\"inLanguage\":\"de\",\"@id\":\"https:\\\/\\\/linmot.com\\\/de\\\/#\\\/schema\\\/logo\\\/image\\\/\",\"url\":\"https:\\\/\\\/linmot.com\\\/de\\\/wp-content\\\/uploads\\\/sites\\\/2\\\/2022\\\/01\\\/social-logo.jpg\",\"contentUrl\":\"https:\\\/\\\/linmot.com\\\/de\\\/wp-content\\\/uploads\\\/sites\\\/2\\\/2022\\\/01\\\/social-logo.jpg\",\"width\":800,\"height\":500,\"caption\":\"NTI AG - LinMot & MagSpring\"},\"image\":{\"@id\":\"https:\\\/\\\/linmot.com\\\/de\\\/#\\\/schema\\\/logo\\\/image\\\/\"},\"sameAs\":[\"https:\\\/\\\/www.linkedin.com\\\/company\\\/nti-ag-linmot-magspring\",\"https:\\\/\\\/www.youtube.com\\\/user\\\/LinMotEurope\",\"https:\\\/\\\/www.xing.com\\\/pages\\\/linmot-magspring\"]}]}<\/script>\n<!-- \/ Yoast SEO Premium plugin. -->","yoast_head_json":{"title":"Flat Robots und Systeme | Linear Motion Technology Leader","description":"In den einsatzfertigen LinMot Flat Robots und Systemen werden LinMot Linearmotoren, Module, F\u00fchrungen und Greifer durch ein flexibles Baukastensystem zu bew\u00e4hrten Strukturen wie Semi-Gantry, Gantry, Pick-and-Place oder anderen Mehrachssystemen kombiniert.","robots":{"index":"index","follow":"follow","max-snippet":"max-snippet:-1","max-image-preview":"max-image-preview:large","max-video-preview":"max-video-preview:-1"},"canonical":"https:\/\/linmot.com\/de\/produkte\/flat-robots-und-systeme\/","og_locale":"de_DE","og_type":"article","og_title":"Flat Robots und Systeme","og_description":"In den einsatzfertigen LinMot Flat Robots und Systemen werden LinMot Linearmotoren, Module, F\u00fchrungen und Greifer durch ein flexibles Baukastensystem zu bew\u00e4hrten Strukturen wie Semi-Gantry, Gantry, Pick-and-Place oder anderen Mehrachssystemen kombiniert.","og_url":"https:\/\/linmot.com\/de\/produkte\/flat-robots-und-systeme\/","og_site_name":"LinMot &amp; MagSpring - Deutsch","article_modified_time":"2026-04-16T14:25:32+00:00","og_image":[{"width":800,"height":500,"url":"https:\/\/linmot.com\/de\/wp-content\/uploads\/sites\/2\/2022\/01\/social-logo.jpg","type":"image\/jpeg"}],"twitter_card":"summary_large_image","twitter_misc":{"Gesch\u00e4tzte Lesezeit":"2 Minuten"},"schema":{"@context":"https:\/\/schema.org","@graph":[{"@type":"WebPage","@id":"https:\/\/linmot.com\/de\/produkte\/flat-robots-und-systeme\/","url":"https:\/\/linmot.com\/de\/produkte\/flat-robots-und-systeme\/","name":"Flat Robots und Systeme | Linear Motion Technology Leader","isPartOf":{"@id":"https:\/\/linmot.com\/de\/#website"},"primaryImageOfPage":{"@id":"https:\/\/linmot.com\/de\/produkte\/flat-robots-und-systeme\/#primaryimage"},"image":{"@id":"https:\/\/linmot.com\/de\/produkte\/flat-robots-und-systeme\/#primaryimage"},"thumbnailUrl":"https:\/\/linmot.com\/wp-content\/uploads\/2026\/04\/pick-and-place-pp03.jpg","datePublished":"2025-02-03T10:55:04+00:00","dateModified":"2026-04-16T14:25:32+00:00","description":"In den einsatzfertigen LinMot Flat Robots und Systemen werden LinMot Linearmotoren, Module, F\u00fchrungen und Greifer durch ein flexibles Baukastensystem zu bew\u00e4hrten Strukturen wie Semi-Gantry, Gantry, Pick-and-Place oder anderen Mehrachssystemen kombiniert.","breadcrumb":{"@id":"https:\/\/linmot.com\/de\/produkte\/flat-robots-und-systeme\/#breadcrumb"},"inLanguage":"de","potentialAction":[{"@type":"ReadAction","target":["https:\/\/linmot.com\/de\/produkte\/flat-robots-und-systeme\/"]}]},{"@type":"ImageObject","inLanguage":"de","@id":"https:\/\/linmot.com\/de\/produkte\/flat-robots-und-systeme\/#primaryimage","url":"https:\/\/linmot.com\/wp-content\/uploads\/2026\/04\/pick-and-place-pp03.jpg","contentUrl":"https:\/\/linmot.com\/wp-content\/uploads\/2026\/04\/pick-and-place-pp03.jpg"},{"@type":"BreadcrumbList","@id":"https:\/\/linmot.com\/de\/produkte\/flat-robots-und-systeme\/#breadcrumb","itemListElement":[{"@type":"ListItem","position":1,"name":"LinMot","item":"https:\/\/linmot.com\/de\/"},{"@type":"ListItem","position":2,"name":"Produkte","item":"https:\/\/linmot.com\/de\/produkte\/"},{"@type":"ListItem","position":3,"name":"Flat Robots und Systeme"}]},{"@type":"WebSite","@id":"https:\/\/linmot.com\/de\/#website","url":"https:\/\/linmot.com\/de\/","name":"LinMot & MagSpring - Industrielle Linearmotoren","description":"Hochwertigen Linearmotoren und Linearmotorsystemen","publisher":{"@id":"https:\/\/linmot.com\/de\/#organization"},"potentialAction":[{"@type":"SearchAction","target":{"@type":"EntryPoint","urlTemplate":"https:\/\/linmot.com\/de\/?s={search_term_string}"},"query-input":{"@type":"PropertyValueSpecification","valueRequired":true,"valueName":"search_term_string"}}],"inLanguage":"de"},{"@type":"Organization","@id":"https:\/\/linmot.com\/de\/#organization","name":"NTI AG - LinMot & MagSpring","url":"https:\/\/linmot.com\/de\/","logo":{"@type":"ImageObject","inLanguage":"de","@id":"https:\/\/linmot.com\/de\/#\/schema\/logo\/image\/","url":"https:\/\/linmot.com\/de\/wp-content\/uploads\/sites\/2\/2022\/01\/social-logo.jpg","contentUrl":"https:\/\/linmot.com\/de\/wp-content\/uploads\/sites\/2\/2022\/01\/social-logo.jpg","width":800,"height":500,"caption":"NTI AG - LinMot & MagSpring"},"image":{"@id":"https:\/\/linmot.com\/de\/#\/schema\/logo\/image\/"},"sameAs":["https:\/\/www.linkedin.com\/company\/nti-ag-linmot-magspring","https:\/\/www.youtube.com\/user\/LinMotEurope","https:\/\/www.xing.com\/pages\/linmot-magspring"]}]}},"_links":{"self":[{"href":"https:\/\/linmot.com\/de\/wp-json\/wp\/v2\/pages\/5561","targetHints":{"allow":["GET"]}}],"collection":[{"href":"https:\/\/linmot.com\/de\/wp-json\/wp\/v2\/pages"}],"about":[{"href":"https:\/\/linmot.com\/de\/wp-json\/wp\/v2\/types\/page"}],"author":[{"embeddable":true,"href":"https:\/\/linmot.com\/de\/wp-json\/wp\/v2\/users\/9"}],"replies":[{"embeddable":true,"href":"https:\/\/linmot.com\/de\/wp-json\/wp\/v2\/comments?post=5561"}],"version-history":[{"count":24,"href":"https:\/\/linmot.com\/de\/wp-json\/wp\/v2\/pages\/5561\/revisions"}],"predecessor-version":[{"id":6433,"href":"https:\/\/linmot.com\/de\/wp-json\/wp\/v2\/pages\/5561\/revisions\/6433"}],"up":[{"embeddable":true,"href":"https:\/\/linmot.com\/de\/wp-json\/wp\/v2\/pages\/6"}],"wp:attachment":[{"href":"https:\/\/linmot.com\/de\/wp-json\/wp\/v2\/media?parent=5561"}],"curies":[{"name":"wp","href":"https:\/\/api.w.org\/{rel}","templated":true}]}}