{"id":548,"date":"2018-05-14T02:41:24","date_gmt":"2018-05-14T00:41:24","guid":{"rendered":"https:\/\/linmot.com\/?page_id=548"},"modified":"2023-05-17T16:44:14","modified_gmt":"2023-05-17T14:44:14","slug":"rma-formular","status":"publish","type":"page","link":"https:\/\/linmot.com\/de\/support\/rma-formular\/","title":{"rendered":"RMA Formular"},"content":{"rendered":"","protected":false},"excerpt":{"rendered":"","protected":false},"author":1,"featured_media":0,"parent":251,"menu_order":123,"comment_status":"closed","ping_status":"closed","template":"","meta":{"_acf_changed":false,"footnotes":""},"class_list":["post-548","page","type-page","status-publish","hentry"],"acf":[],"yoast_head":"<!-- This site is optimized with the Yoast SEO Premium plugin v20.9 (Yoast SEO v27.3) - https:\/\/yoast.com\/product\/yoast-seo-premium-wordpress\/ -->\n<title>RMA Formular \u2013 Return Merchandise Authorisation | LinMot<\/title>\n<meta name=\"description\" content=\"F\u00fcr den Fall, dass Sie erhaltene Waren von LinMot \u00fcberpr\u00fcfen lassen m\u00f6chten, k\u00f6nnen Sie uns diese mittels unserem RMA Formular anmelden.\" \/>\n<meta name=\"robots\" content=\"index, follow, max-snippet:-1, max-image-preview:large, max-video-preview:-1\" \/>\n<link rel=\"canonical\" href=\"https:\/\/linmot.com\/de\/support\/rma-formular\/\" \/>\n<meta property=\"og:locale\" content=\"de_DE\" \/>\n<meta property=\"og:type\" content=\"article\" \/>\n<meta property=\"og:title\" content=\"RMA Formular \u2013 Return Merchandise Authorisation | LinMot\" \/>\n<meta property=\"og:description\" content=\"F\u00fcr den Fall, dass Sie erhaltene Waren von LinMot \u00fcberpr\u00fcfen lassen m\u00f6chten, k\u00f6nnen Sie uns diese mittels unserem RMA Formular anmelden.\" \/>\n<meta property=\"og:url\" content=\"https:\/\/linmot.com\/de\/support\/rma-formular\/\" \/>\n<meta property=\"og:site_name\" content=\"LinMot &amp; MagSpring - Deutsch\" \/>\n<meta property=\"article:modified_time\" content=\"2023-05-17T14:44:14+00:00\" \/>\n<meta property=\"og:image\" content=\"https:\/\/linmot.com\/de\/wp-content\/uploads\/sites\/2\/2021\/05\/LinMot-Firmengebaeude.jpg\" \/>\n\t<meta property=\"og:image:width\" content=\"560\" \/>\n\t<meta property=\"og:image:height\" content=\"282\" \/>\n\t<meta property=\"og:image:type\" content=\"image\/jpeg\" \/>\n<meta name=\"twitter:card\" content=\"summary_large_image\" \/>\n<meta name=\"twitter:title\" content=\"RMA Formular \u2013 Return Merchandise Authorisation | LinMot\" \/>\n<meta name=\"twitter:description\" content=\"F\u00fcr den Fall, dass Sie erhaltene Waren von LinMot \u00fcberpr\u00fcfen lassen m\u00f6chten, k\u00f6nnen Sie uns diese mittels unserem RMA Formular anmelden.\" \/>\n<meta name=\"twitter:image\" content=\"https:\/\/linmot.com\/de\/wp-content\/uploads\/sites\/2\/2021\/05\/LinMot-Firmengebaeude.jpg\" \/>\n<script type=\"application\/ld+json\" class=\"yoast-schema-graph\">{\"@context\":\"https:\\\/\\\/schema.org\",\"@graph\":[{\"@type\":\"WebPage\",\"@id\":\"https:\\\/\\\/linmot.com\\\/de\\\/support\\\/rma-formular\\\/\",\"url\":\"https:\\\/\\\/linmot.com\\\/de\\\/support\\\/rma-formular\\\/\",\"name\":\"RMA Formular \u2013 Return Merchandise Authorisation | LinMot\",\"isPartOf\":{\"@id\":\"https:\\\/\\\/linmot.com\\\/de\\\/#website\"},\"datePublished\":\"2018-05-14T00:41:24+00:00\",\"dateModified\":\"2023-05-17T14:44:14+00:00\",\"description\":\"F\u00fcr den Fall, dass Sie erhaltene Waren von LinMot \u00fcberpr\u00fcfen lassen m\u00f6chten, k\u00f6nnen Sie uns diese mittels unserem RMA Formular anmelden.\",\"breadcrumb\":{\"@id\":\"https:\\\/\\\/linmot.com\\\/de\\\/support\\\/rma-formular\\\/#breadcrumb\"},\"inLanguage\":\"de\",\"potentialAction\":[{\"@type\":\"ReadAction\",\"target\":[\"https:\\\/\\\/linmot.com\\\/de\\\/support\\\/rma-formular\\\/\"]}]},{\"@type\":\"BreadcrumbList\",\"@id\":\"https:\\\/\\\/linmot.com\\\/de\\\/support\\\/rma-formular\\\/#breadcrumb\",\"itemListElement\":[{\"@type\":\"ListItem\",\"position\":1,\"name\":\"LinMot\",\"item\":\"https:\\\/\\\/linmot.com\\\/de\\\/\"},{\"@type\":\"ListItem\",\"position\":2,\"name\":\"Support\",\"item\":\"https:\\\/\\\/linmot.com\\\/de\\\/support\\\/\"},{\"@type\":\"ListItem\",\"position\":3,\"name\":\"RMA Formular\"}]},{\"@type\":\"WebSite\",\"@id\":\"https:\\\/\\\/linmot.com\\\/de\\\/#website\",\"url\":\"https:\\\/\\\/linmot.com\\\/de\\\/\",\"name\":\"LinMot & MagSpring - Industrielle Linearmotoren\",\"description\":\"Hochwertigen Linearmotoren und Linearmotorsystemen\",\"publisher\":{\"@id\":\"https:\\\/\\\/linmot.com\\\/de\\\/#organization\"},\"potentialAction\":[{\"@type\":\"SearchAction\",\"target\":{\"@type\":\"EntryPoint\",\"urlTemplate\":\"https:\\\/\\\/linmot.com\\\/de\\\/?s={search_term_string}\"},\"query-input\":{\"@type\":\"PropertyValueSpecification\",\"valueRequired\":true,\"valueName\":\"search_term_string\"}}],\"inLanguage\":\"de\"},{\"@type\":\"Organization\",\"@id\":\"https:\\\/\\\/linmot.com\\\/de\\\/#organization\",\"name\":\"NTI AG - LinMot & MagSpring\",\"url\":\"https:\\\/\\\/linmot.com\\\/de\\\/\",\"logo\":{\"@type\":\"ImageObject\",\"inLanguage\":\"de\",\"@id\":\"https:\\\/\\\/linmot.com\\\/de\\\/#\\\/schema\\\/logo\\\/image\\\/\",\"url\":\"https:\\\/\\\/linmot.com\\\/de\\\/wp-content\\\/uploads\\\/sites\\\/2\\\/2022\\\/01\\\/social-logo.jpg\",\"contentUrl\":\"https:\\\/\\\/linmot.com\\\/de\\\/wp-content\\\/uploads\\\/sites\\\/2\\\/2022\\\/01\\\/social-logo.jpg\",\"width\":800,\"height\":500,\"caption\":\"NTI AG - LinMot & MagSpring\"},\"image\":{\"@id\":\"https:\\\/\\\/linmot.com\\\/de\\\/#\\\/schema\\\/logo\\\/image\\\/\"},\"sameAs\":[\"https:\\\/\\\/www.linkedin.com\\\/company\\\/nti-ag-linmot-magspring\",\"https:\\\/\\\/www.youtube.com\\\/user\\\/LinMotEurope\",\"https:\\\/\\\/www.xing.com\\\/pages\\\/linmot-magspring\"]}]}<\/script>\n<!-- \/ Yoast SEO Premium plugin. -->","yoast_head_json":{"title":"RMA Formular \u2013 Return Merchandise Authorisation | LinMot","description":"F\u00fcr den Fall, dass Sie erhaltene Waren von LinMot \u00fcberpr\u00fcfen lassen m\u00f6chten, k\u00f6nnen Sie uns diese mittels unserem RMA Formular anmelden.","robots":{"index":"index","follow":"follow","max-snippet":"max-snippet:-1","max-image-preview":"max-image-preview:large","max-video-preview":"max-video-preview:-1"},"canonical":"https:\/\/linmot.com\/de\/support\/rma-formular\/","og_locale":"de_DE","og_type":"article","og_title":"RMA Formular \u2013 Return Merchandise Authorisation | LinMot","og_description":"F\u00fcr den Fall, dass Sie erhaltene Waren von LinMot \u00fcberpr\u00fcfen lassen m\u00f6chten, k\u00f6nnen Sie uns diese mittels unserem RMA Formular anmelden.","og_url":"https:\/\/linmot.com\/de\/support\/rma-formular\/","og_site_name":"LinMot &amp; MagSpring - Deutsch","article_modified_time":"2023-05-17T14:44:14+00:00","og_image":[{"width":560,"height":282,"url":"https:\/\/linmot.com\/de\/wp-content\/uploads\/sites\/2\/2021\/05\/LinMot-Firmengebaeude.jpg","type":"image\/jpeg"}],"twitter_card":"summary_large_image","twitter_title":"RMA Formular \u2013 Return Merchandise Authorisation | LinMot","twitter_description":"F\u00fcr den Fall, dass Sie erhaltene Waren von LinMot \u00fcberpr\u00fcfen lassen m\u00f6chten, k\u00f6nnen Sie uns diese mittels unserem RMA Formular anmelden.","twitter_image":"https:\/\/linmot.com\/de\/wp-content\/uploads\/sites\/2\/2021\/05\/LinMot-Firmengebaeude.jpg","schema":{"@context":"https:\/\/schema.org","@graph":[{"@type":"WebPage","@id":"https:\/\/linmot.com\/de\/support\/rma-formular\/","url":"https:\/\/linmot.com\/de\/support\/rma-formular\/","name":"RMA Formular \u2013 Return Merchandise Authorisation | LinMot","isPartOf":{"@id":"https:\/\/linmot.com\/de\/#website"},"datePublished":"2018-05-14T00:41:24+00:00","dateModified":"2023-05-17T14:44:14+00:00","description":"F\u00fcr den Fall, dass Sie erhaltene Waren von LinMot \u00fcberpr\u00fcfen lassen m\u00f6chten, k\u00f6nnen Sie uns diese mittels unserem RMA Formular anmelden.","breadcrumb":{"@id":"https:\/\/linmot.com\/de\/support\/rma-formular\/#breadcrumb"},"inLanguage":"de","potentialAction":[{"@type":"ReadAction","target":["https:\/\/linmot.com\/de\/support\/rma-formular\/"]}]},{"@type":"BreadcrumbList","@id":"https:\/\/linmot.com\/de\/support\/rma-formular\/#breadcrumb","itemListElement":[{"@type":"ListItem","position":1,"name":"LinMot","item":"https:\/\/linmot.com\/de\/"},{"@type":"ListItem","position":2,"name":"Support","item":"https:\/\/linmot.com\/de\/support\/"},{"@type":"ListItem","position":3,"name":"RMA Formular"}]},{"@type":"WebSite","@id":"https:\/\/linmot.com\/de\/#website","url":"https:\/\/linmot.com\/de\/","name":"LinMot & MagSpring - Industrielle Linearmotoren","description":"Hochwertigen Linearmotoren und Linearmotorsystemen","publisher":{"@id":"https:\/\/linmot.com\/de\/#organization"},"potentialAction":[{"@type":"SearchAction","target":{"@type":"EntryPoint","urlTemplate":"https:\/\/linmot.com\/de\/?s={search_term_string}"},"query-input":{"@type":"PropertyValueSpecification","valueRequired":true,"valueName":"search_term_string"}}],"inLanguage":"de"},{"@type":"Organization","@id":"https:\/\/linmot.com\/de\/#organization","name":"NTI AG - LinMot & MagSpring","url":"https:\/\/linmot.com\/de\/","logo":{"@type":"ImageObject","inLanguage":"de","@id":"https:\/\/linmot.com\/de\/#\/schema\/logo\/image\/","url":"https:\/\/linmot.com\/de\/wp-content\/uploads\/sites\/2\/2022\/01\/social-logo.jpg","contentUrl":"https:\/\/linmot.com\/de\/wp-content\/uploads\/sites\/2\/2022\/01\/social-logo.jpg","width":800,"height":500,"caption":"NTI AG - LinMot & MagSpring"},"image":{"@id":"https:\/\/linmot.com\/de\/#\/schema\/logo\/image\/"},"sameAs":["https:\/\/www.linkedin.com\/company\/nti-ag-linmot-magspring","https:\/\/www.youtube.com\/user\/LinMotEurope","https:\/\/www.xing.com\/pages\/linmot-magspring"]}]}},"_links":{"self":[{"href":"https:\/\/linmot.com\/de\/wp-json\/wp\/v2\/pages\/548","targetHints":{"allow":["GET"]}}],"collection":[{"href":"https:\/\/linmot.com\/de\/wp-json\/wp\/v2\/pages"}],"about":[{"href":"https:\/\/linmot.com\/de\/wp-json\/wp\/v2\/types\/page"}],"author":[{"embeddable":true,"href":"https:\/\/linmot.com\/de\/wp-json\/wp\/v2\/users\/1"}],"replies":[{"embeddable":true,"href":"https:\/\/linmot.com\/de\/wp-json\/wp\/v2\/comments?post=548"}],"version-history":[{"count":3,"href":"https:\/\/linmot.com\/de\/wp-json\/wp\/v2\/pages\/548\/revisions"}],"predecessor-version":[{"id":3603,"href":"https:\/\/linmot.com\/de\/wp-json\/wp\/v2\/pages\/548\/revisions\/3603"}],"up":[{"embeddable":true,"href":"https:\/\/linmot.com\/de\/wp-json\/wp\/v2\/pages\/251"}],"wp:attachment":[{"href":"https:\/\/linmot.com\/de\/wp-json\/wp\/v2\/media?parent=548"}],"curies":[{"name":"wp","href":"https:\/\/api.w.org\/{rel}","templated":true}]}}