{"id":54,"date":"2017-10-20T23:34:25","date_gmt":"2017-10-20T21:34:25","guid":{"rendered":"https:\/\/linmot.com\/?page_id=54"},"modified":"2023-05-10T16:54:18","modified_gmt":"2023-05-10T14:54:18","slug":"holzbearbeitung","status":"publish","type":"page","link":"https:\/\/linmot.com\/de\/branchen\/holzbearbeitung\/","title":{"rendered":"Holzbearbeitung"},"content":{"rendered":"<p><strong>Lineartechnologie in der Holzbearbeitung: Hohe Effizien, kompromissslose Funktionalit\u00e4t, Zuverl\u00e4ssigkeit und eine hohe Verf\u00fcgbarkeit.<br \/>\n<\/strong><\/p>\n<img loading=\"lazy\" decoding=\"async\" class=\"aligncenter wp-image-199 size-full\" src=\"https:\/\/linmot.com\/de\/wp-content\/uploads\/sites\/2\/2017\/10\/LinMot-Solutions-Wood-Processing-Industry.jpg\" alt=\"Lineartechnologie in der Holzbearbeitung\" width=\"940\" height=\"300\" srcset=\"https:\/\/linmot.com\/de\/wp-content\/uploads\/sites\/2\/2017\/10\/LinMot-Solutions-Wood-Processing-Industry.jpg 940w, https:\/\/linmot.com\/de\/wp-content\/uploads\/sites\/2\/2017\/10\/LinMot-Solutions-Wood-Processing-Industry-300x96.jpg 300w, https:\/\/linmot.com\/de\/wp-content\/uploads\/sites\/2\/2017\/10\/LinMot-Solutions-Wood-Processing-Industry-768x245.jpg 768w\" sizes=\"auto, (max-width: 940px) 100vw, 940px\" \/>\n<p>Die Schnelllebigkeit wechselnder Wohnstile und die Wettbewerbssituation verpflichten die M\u00f6belhersteller auf \u00e4u\u00dferst variable Lieferprogramme. Kleine St\u00fcckzahlen sind in der Fertigung daher mittlerweile eine g\u00e4ngige Forderung an die M\u00f6belindustrie und ihre Zulieferer \u2013 selbstverst\u00e4ndlich bei maximalem Teiledurchsatz. Immer auch unter Beachtung der maximalen Wertsch\u00f6pfung, die in allen Industriebereichen unverzichtbar geworden ist. Bei Maschinen zur Holzbearbeitung spielt deshalb neben hoher Effizienz und kompromissloser Funktionalit\u00e4t, die bestm\u00f6gliche Materialausnutzung eine wichtige Rolle.<\/p>\n<p>Der Einsatz von <a href=\"https:\/\/linmot.com\/de\/produkte\/linearmotoren\/\">Linearmotoren<\/a> leistet einen grossen Beitrag, diese Anforderungen zu erf\u00fcllen.<\/p>\n<blockquote><p>Die Lineartechnologie sorgt beispielsweise f\u00fcr eine automatische Schrittbreitenverstellung, um einen optimalen Materialzuschnitt zu garantieren.<\/p><\/blockquote>\n<p>Mit der Applikation einer \u201efliegenden Schere\u201c kann beispielsweise ein S\u00e4ge- oder Fr\u00e4svorgang derart synchronisiert werden, dass das Werkzeug synchron mit dem Material verf\u00e4hrt und dieses w\u00e4hrend der Bewegung bearbeitet. Weitere Aufgaben der Antriebe sind das schnelle Verfahren mehrerer Bohrwerke, ein exaktes Zuschneiden von Endlosmaterialien oder das Zuf\u00fchren \/ Handling des Materials zur Maschine.<\/p>\n<div class=\"row\">\n<div class=\"col-sm-4\">\n<ul>\n<li>Automatische Schnittbreitenverstellung<\/li>\n<li>Zuschneiden von Endlosmaterial<\/li>\n<\/ul>\n<\/div>\n<div class=\"col-sm-4\">\n<ul>\n<li>Schnelles Verfahren von Bohrwerken<\/li>\n<\/ul>\n<\/div>\n<div class=\"col-sm-4\">\n<ul>\n<li>Materialhandling<\/li>\n<\/ul>\n<\/div>\n<\/div>\n<p>Mit unseren Hubdreh-Motoren k\u00f6nnen alternativ L\u00f6cher gebohrt werden. Durch die integrierten Sensoren kann genau die gewollte Bohrtiefe gew\u00e4hrleistet und dokumentiert werden. Durch die hohe IP-Schutzklasse schaden feine Holzpartikel nicht den Motoren und garantieren eine lange Lebensdauer.<\/p>\n<p>Zudem k\u00f6nnen mit zus\u00e4tzlichen Kraftsensoren F\u00fcgeprozesse auf einen Bruchteil der ben\u00f6tigten F\u00fcgekraft geregelt werden. So wird eine gleichbleibende Qualit\u00e4t stets garantiert.<\/p>\n","protected":false},"excerpt":{"rendered":"<p>Lineartechnologie in der Holzbearbeitung: Hohe Effizien, kompromissslose Funktionalit\u00e4t, Zuverl\u00e4ssigkeit und eine hohe Verf\u00fcgbarkeit. Die Schnelllebigkeit wechselnder Wohnstile und die Wettbewerbssituation verpflichten die M\u00f6belhersteller auf \u00e4u\u00dferst variable Lieferprogramme. Kleine St\u00fcckzahlen sind in der Fertigung daher mittlerweile eine g\u00e4ngige Forderung an die M\u00f6belindustrie und ihre Zulieferer \u2013 selbstverst\u00e4ndlich bei maximalem Teiledurchsatz. Immer auch unter Beachtung der maximalen [&hellip;]<\/p>\n","protected":false},"author":1,"featured_media":0,"parent":8,"menu_order":103,"comment_status":"closed","ping_status":"closed","template":"","meta":{"_acf_changed":false,"footnotes":""},"class_list":["post-54","page","type-page","status-publish","hentry"],"acf":[],"yoast_head":"<!-- This site is optimized with the Yoast SEO Premium plugin v20.9 (Yoast SEO v27.2) - https:\/\/yoast.com\/product\/yoast-seo-premium-wordpress\/ -->\n<title>Holzbearbeitung - synchronisierte S\u00e4ge- oder Fr\u00e4svorg\u00e4nge<\/title>\n<meta name=\"description\" content=\"Bei Maschinen zur Holzbearbeitung sind hohe Effizienz, kompromisslose Funktionalit\u00e4t, Zuverl\u00e4ssigkeit und hohe Verf\u00fcgbarkeit entscheidend.\" \/>\n<meta name=\"robots\" content=\"index, follow, max-snippet:-1, max-image-preview:large, max-video-preview:-1\" \/>\n<link rel=\"canonical\" href=\"https:\/\/linmot.com\/de\/branchen\/holzbearbeitung\/\" \/>\n<meta property=\"og:locale\" content=\"de_DE\" \/>\n<meta property=\"og:type\" content=\"article\" \/>\n<meta property=\"og:title\" content=\"Holzbearbeitung - synchronisierte S\u00e4ge- oder Fr\u00e4svorg\u00e4nge\" \/>\n<meta property=\"og:description\" content=\"Bei Maschinen zur Holzbearbeitung sind hohe Effizienz, kompromisslose Funktionalit\u00e4t, Zuverl\u00e4ssigkeit und hohe Verf\u00fcgbarkeit entscheidend.\" \/>\n<meta property=\"og:url\" content=\"https:\/\/linmot.com\/de\/branchen\/holzbearbeitung\/\" \/>\n<meta property=\"og:site_name\" content=\"LinMot &amp; MagSpring - Deutsch\" \/>\n<meta property=\"article:modified_time\" content=\"2023-05-10T14:54:18+00:00\" \/>\n<meta property=\"og:image\" content=\"https:\/\/linmot.com\/de\/wp-content\/uploads\/sites\/2\/2017\/10\/LinMot-Solutions-Wood-Processing-Industry.jpg\" \/>\n<meta name=\"twitter:card\" content=\"summary_large_image\" \/>\n<meta name=\"twitter:title\" content=\"Holzbearbeitung - synchronisierte S\u00e4ge- oder Fr\u00e4svorg\u00e4nge\" \/>\n<meta name=\"twitter:description\" content=\"Bei Maschinen zur Holzbearbeitung sind hohe Effizienz, kompromisslose Funktionalit\u00e4t, Zuverl\u00e4ssigkeit und hohe Verf\u00fcgbarkeit entscheidend.\" \/>\n<meta name=\"twitter:label1\" content=\"Gesch\u00e4tzte Lesezeit\" \/>\n\t<meta name=\"twitter:data1\" content=\"2 Minuten\" \/>\n<script type=\"application\/ld+json\" class=\"yoast-schema-graph\">{\"@context\":\"https:\/\/schema.org\",\"@graph\":[{\"@type\":\"WebPage\",\"@id\":\"https:\/\/linmot.com\/de\/branchen\/holzbearbeitung\/\",\"url\":\"https:\/\/linmot.com\/de\/branchen\/holzbearbeitung\/\",\"name\":\"Holzbearbeitung - synchronisierte S\u00e4ge- oder Fr\u00e4svorg\u00e4nge\",\"isPartOf\":{\"@id\":\"https:\/\/linmot.com\/de\/#website\"},\"primaryImageOfPage\":{\"@id\":\"https:\/\/linmot.com\/de\/branchen\/holzbearbeitung\/#primaryimage\"},\"image\":{\"@id\":\"https:\/\/linmot.com\/de\/branchen\/holzbearbeitung\/#primaryimage\"},\"thumbnailUrl\":\"https:\/\/linmot.com\/de\/wp-content\/uploads\/sites\/2\/2017\/10\/LinMot-Solutions-Wood-Processing-Industry.jpg\",\"datePublished\":\"2017-10-20T21:34:25+00:00\",\"dateModified\":\"2023-05-10T14:54:18+00:00\",\"description\":\"Bei Maschinen zur Holzbearbeitung sind hohe Effizienz, kompromisslose Funktionalit\u00e4t, Zuverl\u00e4ssigkeit und hohe Verf\u00fcgbarkeit entscheidend.\",\"breadcrumb\":{\"@id\":\"https:\/\/linmot.com\/de\/branchen\/holzbearbeitung\/#breadcrumb\"},\"inLanguage\":\"de\",\"potentialAction\":[{\"@type\":\"ReadAction\",\"target\":[\"https:\/\/linmot.com\/de\/branchen\/holzbearbeitung\/\"]}]},{\"@type\":\"ImageObject\",\"inLanguage\":\"de\",\"@id\":\"https:\/\/linmot.com\/de\/branchen\/holzbearbeitung\/#primaryimage\",\"url\":\"https:\/\/linmot.com\/de\/wp-content\/uploads\/sites\/2\/2017\/10\/LinMot-Solutions-Wood-Processing-Industry.jpg\",\"contentUrl\":\"https:\/\/linmot.com\/de\/wp-content\/uploads\/sites\/2\/2017\/10\/LinMot-Solutions-Wood-Processing-Industry.jpg\",\"width\":940,\"height\":300,\"caption\":\"Branchenl\u00f6sungen f\u00fcr die Holzbearbeitung\"},{\"@type\":\"BreadcrumbList\",\"@id\":\"https:\/\/linmot.com\/de\/branchen\/holzbearbeitung\/#breadcrumb\",\"itemListElement\":[{\"@type\":\"ListItem\",\"position\":1,\"name\":\"LinMot\",\"item\":\"https:\/\/linmot.com\/de\/\"},{\"@type\":\"ListItem\",\"position\":2,\"name\":\"Branchenl\u00f6sungen\",\"item\":\"https:\/\/linmot.com\/de\/branchen\/\"},{\"@type\":\"ListItem\",\"position\":3,\"name\":\"Holzbearbeitung\"}]},{\"@type\":\"WebSite\",\"@id\":\"https:\/\/linmot.com\/de\/#website\",\"url\":\"https:\/\/linmot.com\/de\/\",\"name\":\"LinMot & MagSpring - Industrielle Linearmotoren\",\"description\":\"Hochwertigen Linearmotoren und Linearmotorsystemen\",\"publisher\":{\"@id\":\"https:\/\/linmot.com\/de\/#organization\"},\"potentialAction\":[{\"@type\":\"SearchAction\",\"target\":{\"@type\":\"EntryPoint\",\"urlTemplate\":\"https:\/\/linmot.com\/de\/?s={search_term_string}\"},\"query-input\":{\"@type\":\"PropertyValueSpecification\",\"valueRequired\":true,\"valueName\":\"search_term_string\"}}],\"inLanguage\":\"de\"},{\"@type\":\"Organization\",\"@id\":\"https:\/\/linmot.com\/de\/#organization\",\"name\":\"NTI AG - LinMot & MagSpring\",\"url\":\"https:\/\/linmot.com\/de\/\",\"logo\":{\"@type\":\"ImageObject\",\"inLanguage\":\"de\",\"@id\":\"https:\/\/linmot.com\/de\/#\/schema\/logo\/image\/\",\"url\":\"https:\/\/linmot.com\/de\/wp-content\/uploads\/sites\/2\/2022\/01\/social-logo.jpg\",\"contentUrl\":\"https:\/\/linmot.com\/de\/wp-content\/uploads\/sites\/2\/2022\/01\/social-logo.jpg\",\"width\":800,\"height\":500,\"caption\":\"NTI AG - LinMot & MagSpring\"},\"image\":{\"@id\":\"https:\/\/linmot.com\/de\/#\/schema\/logo\/image\/\"},\"sameAs\":[\"https:\/\/www.linkedin.com\/company\/nti-ag-linmot-magspring\",\"https:\/\/www.youtube.com\/user\/LinMotEurope\",\"https:\/\/www.xing.com\/pages\/linmot-magspring\"]}]}<\/script>\n<!-- \/ Yoast SEO Premium plugin. -->","yoast_head_json":{"title":"Holzbearbeitung - synchronisierte S\u00e4ge- oder Fr\u00e4svorg\u00e4nge","description":"Bei Maschinen zur Holzbearbeitung sind hohe Effizienz, kompromisslose Funktionalit\u00e4t, Zuverl\u00e4ssigkeit und hohe Verf\u00fcgbarkeit entscheidend.","robots":{"index":"index","follow":"follow","max-snippet":"max-snippet:-1","max-image-preview":"max-image-preview:large","max-video-preview":"max-video-preview:-1"},"canonical":"https:\/\/linmot.com\/de\/branchen\/holzbearbeitung\/","og_locale":"de_DE","og_type":"article","og_title":"Holzbearbeitung - synchronisierte S\u00e4ge- oder Fr\u00e4svorg\u00e4nge","og_description":"Bei Maschinen zur Holzbearbeitung sind hohe Effizienz, kompromisslose Funktionalit\u00e4t, Zuverl\u00e4ssigkeit und hohe Verf\u00fcgbarkeit entscheidend.","og_url":"https:\/\/linmot.com\/de\/branchen\/holzbearbeitung\/","og_site_name":"LinMot &amp; MagSpring - Deutsch","article_modified_time":"2023-05-10T14:54:18+00:00","og_image":[{"url":"https:\/\/linmot.com\/de\/wp-content\/uploads\/sites\/2\/2017\/10\/LinMot-Solutions-Wood-Processing-Industry.jpg","type":"","width":"","height":""}],"twitter_card":"summary_large_image","twitter_title":"Holzbearbeitung - synchronisierte S\u00e4ge- oder Fr\u00e4svorg\u00e4nge","twitter_description":"Bei Maschinen zur Holzbearbeitung sind hohe Effizienz, kompromisslose Funktionalit\u00e4t, Zuverl\u00e4ssigkeit und hohe Verf\u00fcgbarkeit entscheidend.","twitter_misc":{"Gesch\u00e4tzte Lesezeit":"2 Minuten"},"schema":{"@context":"https:\/\/schema.org","@graph":[{"@type":"WebPage","@id":"https:\/\/linmot.com\/de\/branchen\/holzbearbeitung\/","url":"https:\/\/linmot.com\/de\/branchen\/holzbearbeitung\/","name":"Holzbearbeitung - synchronisierte S\u00e4ge- oder Fr\u00e4svorg\u00e4nge","isPartOf":{"@id":"https:\/\/linmot.com\/de\/#website"},"primaryImageOfPage":{"@id":"https:\/\/linmot.com\/de\/branchen\/holzbearbeitung\/#primaryimage"},"image":{"@id":"https:\/\/linmot.com\/de\/branchen\/holzbearbeitung\/#primaryimage"},"thumbnailUrl":"https:\/\/linmot.com\/de\/wp-content\/uploads\/sites\/2\/2017\/10\/LinMot-Solutions-Wood-Processing-Industry.jpg","datePublished":"2017-10-20T21:34:25+00:00","dateModified":"2023-05-10T14:54:18+00:00","description":"Bei Maschinen zur Holzbearbeitung sind hohe Effizienz, kompromisslose Funktionalit\u00e4t, Zuverl\u00e4ssigkeit und hohe Verf\u00fcgbarkeit entscheidend.","breadcrumb":{"@id":"https:\/\/linmot.com\/de\/branchen\/holzbearbeitung\/#breadcrumb"},"inLanguage":"de","potentialAction":[{"@type":"ReadAction","target":["https:\/\/linmot.com\/de\/branchen\/holzbearbeitung\/"]}]},{"@type":"ImageObject","inLanguage":"de","@id":"https:\/\/linmot.com\/de\/branchen\/holzbearbeitung\/#primaryimage","url":"https:\/\/linmot.com\/de\/wp-content\/uploads\/sites\/2\/2017\/10\/LinMot-Solutions-Wood-Processing-Industry.jpg","contentUrl":"https:\/\/linmot.com\/de\/wp-content\/uploads\/sites\/2\/2017\/10\/LinMot-Solutions-Wood-Processing-Industry.jpg","width":940,"height":300,"caption":"Branchenl\u00f6sungen f\u00fcr die Holzbearbeitung"},{"@type":"BreadcrumbList","@id":"https:\/\/linmot.com\/de\/branchen\/holzbearbeitung\/#breadcrumb","itemListElement":[{"@type":"ListItem","position":1,"name":"LinMot","item":"https:\/\/linmot.com\/de\/"},{"@type":"ListItem","position":2,"name":"Branchenl\u00f6sungen","item":"https:\/\/linmot.com\/de\/branchen\/"},{"@type":"ListItem","position":3,"name":"Holzbearbeitung"}]},{"@type":"WebSite","@id":"https:\/\/linmot.com\/de\/#website","url":"https:\/\/linmot.com\/de\/","name":"LinMot & MagSpring - Industrielle Linearmotoren","description":"Hochwertigen Linearmotoren und Linearmotorsystemen","publisher":{"@id":"https:\/\/linmot.com\/de\/#organization"},"potentialAction":[{"@type":"SearchAction","target":{"@type":"EntryPoint","urlTemplate":"https:\/\/linmot.com\/de\/?s={search_term_string}"},"query-input":{"@type":"PropertyValueSpecification","valueRequired":true,"valueName":"search_term_string"}}],"inLanguage":"de"},{"@type":"Organization","@id":"https:\/\/linmot.com\/de\/#organization","name":"NTI AG - LinMot & MagSpring","url":"https:\/\/linmot.com\/de\/","logo":{"@type":"ImageObject","inLanguage":"de","@id":"https:\/\/linmot.com\/de\/#\/schema\/logo\/image\/","url":"https:\/\/linmot.com\/de\/wp-content\/uploads\/sites\/2\/2022\/01\/social-logo.jpg","contentUrl":"https:\/\/linmot.com\/de\/wp-content\/uploads\/sites\/2\/2022\/01\/social-logo.jpg","width":800,"height":500,"caption":"NTI AG - LinMot & MagSpring"},"image":{"@id":"https:\/\/linmot.com\/de\/#\/schema\/logo\/image\/"},"sameAs":["https:\/\/www.linkedin.com\/company\/nti-ag-linmot-magspring","https:\/\/www.youtube.com\/user\/LinMotEurope","https:\/\/www.xing.com\/pages\/linmot-magspring"]}]}},"_links":{"self":[{"href":"https:\/\/linmot.com\/de\/wp-json\/wp\/v2\/pages\/54","targetHints":{"allow":["GET"]}}],"collection":[{"href":"https:\/\/linmot.com\/de\/wp-json\/wp\/v2\/pages"}],"about":[{"href":"https:\/\/linmot.com\/de\/wp-json\/wp\/v2\/types\/page"}],"author":[{"embeddable":true,"href":"https:\/\/linmot.com\/de\/wp-json\/wp\/v2\/users\/1"}],"replies":[{"embeddable":true,"href":"https:\/\/linmot.com\/de\/wp-json\/wp\/v2\/comments?post=54"}],"version-history":[{"count":11,"href":"https:\/\/linmot.com\/de\/wp-json\/wp\/v2\/pages\/54\/revisions"}],"predecessor-version":[{"id":1717,"href":"https:\/\/linmot.com\/de\/wp-json\/wp\/v2\/pages\/54\/revisions\/1717"}],"up":[{"embeddable":true,"href":"https:\/\/linmot.com\/de\/wp-json\/wp\/v2\/pages\/8"}],"wp:attachment":[{"href":"https:\/\/linmot.com\/de\/wp-json\/wp\/v2\/media?parent=54"}],"curies":[{"name":"wp","href":"https:\/\/api.w.org\/{rel}","templated":true}]}}