{"id":5359,"date":"2024-11-06T14:24:33","date_gmt":"2024-11-06T13:24:33","guid":{"rendered":"https:\/\/linmot.com\/de\/?page_id=5359"},"modified":"2025-04-10T11:21:42","modified_gmt":"2025-04-10T09:21:42","slug":"greifer-drehgreifer","status":"publish","type":"page","link":"https:\/\/linmot.com\/de\/produkte\/greifer-drehgreifer\/","title":{"rendered":"Elektrische Greifer"},"content":{"rendered":"<p align=\"justify\"><strong>Die elektrischen Greifer von LinMot sind hochdynamische L\u00f6sungen f\u00fcr anspruchsvolle Pick-and-Place-, Montage-, Schraub- und viele andere Aufgaben. Neben schnellen Schliess- und \u00d6ffnungszeiten erm\u00f6glichen sie freie Fingerpositionierung sowie Kraftregelung, wodurch Greifbewegungen individuell angepasst und besonders sanft gestaltet werden k\u00f6nnen. Dar\u00fcber hinaus erfolgt die Positions\u00fcberwachung der Greiffinger \u00fcber den Linearmotor, wodurch sowohl externe Sensoren als auch rotationsst\u00f6rende Kabel \u00fcberfl\u00fcssig werden. F\u00fcr den Einsatz in Branchen mit hohen Hygieneanforderungen wie Pharma-, Lebensmittel- und Chemieindustrie sind LinMot Greifer auch in Edelstahlausf\u00fchrung erh\u00e4ltlich.<\/strong><\/p>\n<hr \/>\n<h3>Greifer GM01<\/h3>\n<div class=\"row\">\n<div class=\"col-md-7\">\n<p>Mehrachsiger Parallelgreifer aus Edelstahl<\/p>\n<ul>\n<li>Edelstahl EN 1.4404\/316L<\/li>\n<li>Leichte Materialien (FDA)<\/li>\n<li>100% Prozess\u00fcberwachung und Nachvollziehbarkeit<\/li>\n<li>Hoher Freiheitsgrad bei Position und Klemmkraft<\/li>\n<\/ul>\n<p><a class=\"button\" href=\"\/de\/produkte\/greifer-drehgreifer\/greifer-gm01\/\">Mehr zum Greifer GM01<\/a><\/p>\n<\/div>\n<div class=\"col-md-5\">\n<img loading=\"lazy\" decoding=\"async\" class=\"aligncenter size-full wp-image-5755\" src=\"https:\/\/linmot.com\/de\/wp-content\/uploads\/sites\/2\/2025\/04\/electric-gripper-gm01-linear-motor.jpg\" alt=\"\" width=\"736\" height=\"332\" srcset=\"https:\/\/linmot.com\/de\/wp-content\/uploads\/sites\/2\/2025\/04\/electric-gripper-gm01-linear-motor.jpg 736w, https:\/\/linmot.com\/de\/wp-content\/uploads\/sites\/2\/2025\/04\/electric-gripper-gm01-linear-motor-300x135.jpg 300w\" sizes=\"auto, (max-width: 736px) 100vw, 736px\" \/>\n<\/div>\n<\/div>\n<h3>Greifer GM50<\/h3>\n<div class=\"row\">\n<div class=\"col-md-6\">\n2-Finger Parallelgreifer<\/p>\n<ul>\n<li>Weniger als 20 ms Schliess- oder \u00d6ffnungszeit<\/li>\n<li>Frei programmierbare Bewegungsprofile<\/li>\n<li>Kraftreduziertes Greifen durch Linearmotor<\/li>\n<li>Nachhaltig bei niedrigem Energieverbrauch<\/li>\n<\/ul>\n<p><a class=\"button\" href=\"\/de\/produkte\/greifer-drehgreifer\/greifer-gm50-5\/\">Mehr zum Greifer GM50<\/a><\/p>\n<\/div>\n<div class=\"col-md-1\">\n<\/div>\n<div class=\"col-md-5\">\n<img loading=\"lazy\" decoding=\"async\" class=\"aligncenter size-full wp-image-5756\" src=\"https:\/\/linmot.com\/de\/wp-content\/uploads\/sites\/2\/2025\/04\/electric-gripper-gm50-linear-motor.jpg\" alt=\"\" width=\"736\" height=\"332\" srcset=\"https:\/\/linmot.com\/de\/wp-content\/uploads\/sites\/2\/2025\/04\/electric-gripper-gm50-linear-motor.jpg 736w, https:\/\/linmot.com\/de\/wp-content\/uploads\/sites\/2\/2025\/04\/electric-gripper-gm50-linear-motor-300x135.jpg 300w\" sizes=\"auto, (max-width: 736px) 100vw, 736px\" \/>\n<\/div>\n<\/div>\n<h3>Drehgreifer GM51<\/h3>\n<div class=\"row\">\n<div class=\"col-md-6\">\n2-Finger Parallelgreifer mit Rotationsmotor<\/p>\n<ul>\n<li>Rotationsmotor mit endloser Drehung<\/li>\n<li>Ohne rotationsst\u00f6rende Kabel<\/li>\n<li>Hohe Pr\u00e4zision in der Winkelpositionierung<\/li>\n<li>Frei programmierbare Bewegungsprofile<\/li>\n<\/ul>\n<p><a class=\"button\" href=\"\/de\/produkte\/greifer-drehgreifer\/greifer-gm51-5\/\">Mehr zum Greifer GM51<\/a><\/p>\n<\/div>\n<div class=\"col-md-1\">\n<\/div>\n<div class=\"col-md-5\">\n<img loading=\"lazy\" decoding=\"async\" class=\"aligncenter size-full wp-image-5757\" src=\"https:\/\/linmot.com\/de\/wp-content\/uploads\/sites\/2\/2025\/04\/electric-gripper-gm51-linear-motor.jpg\" alt=\"\" width=\"736\" height=\"332\" srcset=\"https:\/\/linmot.com\/de\/wp-content\/uploads\/sites\/2\/2025\/04\/electric-gripper-gm51-linear-motor.jpg 736w, https:\/\/linmot.com\/de\/wp-content\/uploads\/sites\/2\/2025\/04\/electric-gripper-gm51-linear-motor-300x135.jpg 300w\" sizes=\"auto, (max-width: 736px) 100vw, 736px\" \/>\n<\/div>\n<\/div>\n<hr \/>\n<h2>Fragen zu unseren Greifern?<\/h2>\n<p>Wir stehen Ihnen gerne f\u00fcr Ihre Fragen oder eine Beratung zur Verf\u00fcgung. Kontaktieren Sie uns unter Tel: +49 (0)201 858940 0 oder \u00fcber das nachfolgende Formular:<\/p>\n\n<div class=\"wpcf7 no-js\" id=\"wpcf7-f1617-o1\" lang=\"de-DE\" dir=\"ltr\" data-wpcf7-id=\"1617\">\n<div class=\"screen-reader-response\"><p role=\"status\" aria-live=\"polite\" aria-atomic=\"true\"><\/p> <ul><\/ul><\/div>\n<form action=\"\/de\/wp-json\/wp\/v2\/pages\/5359#wpcf7-f1617-o1\" method=\"post\" class=\"wpcf7-form init\" aria-label=\"Kontaktformular\" novalidate=\"novalidate\" data-status=\"init\">\n<fieldset class=\"hidden-fields-container\"><input type=\"hidden\" name=\"_wpcf7\" value=\"1617\" \/><input type=\"hidden\" name=\"_wpcf7_version\" value=\"6.1.5\" \/><input type=\"hidden\" name=\"_wpcf7_locale\" value=\"de_DE\" \/><input type=\"hidden\" name=\"_wpcf7_unit_tag\" value=\"wpcf7-f1617-o1\" \/><input type=\"hidden\" name=\"_wpcf7_container_post\" value=\"0\" \/><input type=\"hidden\" name=\"_wpcf7_posted_data_hash\" value=\"\" \/><input type=\"hidden\" name=\"_wpcf7_recaptcha_response\" value=\"\" \/>\n<\/fieldset>\n<label> Ihr Name<br>\n    <span class=\"wpcf7-form-control-wrap\" data-name=\"your-name\"><input size=\"40\" maxlength=\"400\" class=\"wpcf7-form-control wpcf7-text wpcf7-validates-as-required\" aria-required=\"true\" aria-invalid=\"false\" value=\"\" type=\"text\" name=\"your-name\" \/><\/span> <\/label>\n<br>\n<label> Ihre Firma<br>\n    <span class=\"wpcf7-form-control-wrap\" data-name=\"your-company\"><input size=\"40\" maxlength=\"400\" class=\"wpcf7-form-control wpcf7-text wpcf7-validates-as-required\" aria-required=\"true\" aria-invalid=\"false\" value=\"\" type=\"text\" name=\"your-company\" \/><\/span> <\/label>\n<br>\n<label> Postleitzahl<br>\n    <span class=\"wpcf7-form-control-wrap\" data-name=\"your-plz\"><input class=\"wpcf7-form-control wpcf7-number wpcf7-validates-as-required wpcf7-validates-as-number\" aria-required=\"true\" aria-invalid=\"false\" value=\"\" type=\"number\" name=\"your-plz\" \/><\/span> <\/label>\n<br>\n<label> Land<br>\n    <span class=\"wpcf7-form-control-wrap\" data-name=\"your-country\"><input size=\"40\" maxlength=\"400\" class=\"wpcf7-form-control wpcf7-text wpcf7-validates-as-required\" aria-required=\"true\" aria-invalid=\"false\" value=\"\" type=\"text\" name=\"your-country\" \/><\/span> <\/label>\n<br>\n<label> Telefonnummer<br>\n    <span class=\"wpcf7-form-control-wrap\" data-name=\"your-telephone\"><input size=\"40\" maxlength=\"400\" class=\"wpcf7-form-control wpcf7-tel wpcf7-text wpcf7-validates-as-tel\" aria-invalid=\"false\" value=\"\" type=\"tel\" name=\"your-telephone\" \/><\/span> <\/label>\n<br>\n<label> E-Mail-Adresse<br>\n    <span class=\"wpcf7-form-control-wrap\" data-name=\"your-email\"><input size=\"40\" maxlength=\"400\" class=\"wpcf7-form-control wpcf7-email wpcf7-validates-as-required wpcf7-text wpcf7-validates-as-email\" aria-required=\"true\" aria-invalid=\"false\" value=\"\" type=\"email\" name=\"your-email\" \/><\/span> <\/label>\n<br>\n<label> Ihre Frage<br>\n    <span class=\"wpcf7-form-control-wrap\" data-name=\"your-message\"><textarea cols=\"40\" rows=\"10\" maxlength=\"2000\" class=\"wpcf7-form-control wpcf7-textarea\" aria-invalid=\"false\" name=\"your-message\"><\/textarea><\/span> <\/label>\n<br>\n<input class=\"wpcf7-form-control wpcf7-submit has-spinner\" type=\"submit\" value=\"Senden\" \/><div class=\"wpcf7-response-output\" aria-hidden=\"true\"><\/div>\n<\/form>\n<\/div>\n\n","protected":false},"excerpt":{"rendered":"<p>Die elektrischen Greifer von LinMot sind hochdynamische L\u00f6sungen f\u00fcr anspruchsvolle Pick-and-Place-, Montage-, Schraub- und viele andere Aufgaben. Neben schnellen Schliess- und \u00d6ffnungszeiten erm\u00f6glichen sie freie Fingerpositionierung sowie Kraftregelung, wodurch Greifbewegungen individuell angepasst und besonders sanft gestaltet werden k\u00f6nnen. Dar\u00fcber hinaus erfolgt die Positions\u00fcberwachung der Greiffinger \u00fcber den Linearmotor, wodurch sowohl externe Sensoren als auch rotationsst\u00f6rende [&hellip;]<\/p>\n","protected":false},"author":9,"featured_media":0,"parent":6,"menu_order":27,"comment_status":"closed","ping_status":"closed","template":"","meta":{"_acf_changed":false,"footnotes":""},"class_list":["post-5359","page","type-page","status-publish","hentry"],"acf":[],"yoast_head":"<!-- This site is optimized with the Yoast SEO Premium plugin v20.9 (Yoast SEO v27.4) - https:\/\/yoast.com\/product\/yoast-seo-premium-wordpress\/ -->\n<title>Elektrische Greifer | Linear Motion Technology Leader | LinMot<\/title>\n<meta name=\"description\" content=\"Die Greifer LinMot GM50 und GM51 sind hochdynamische L\u00f6sungen f\u00fcr anspruchsvolle Pick-and-Place-, Montage- und Schraubaufgaben.\" \/>\n<meta name=\"robots\" content=\"index, follow, max-snippet:-1, max-image-preview:large, max-video-preview:-1\" \/>\n<link rel=\"canonical\" href=\"https:\/\/linmot.com\/de\/produkte\/greifer-drehgreifer\/\" \/>\n<meta property=\"og:locale\" content=\"de_DE\" \/>\n<meta property=\"og:type\" content=\"article\" \/>\n<meta property=\"og:title\" content=\"Elektrische Greifer\" \/>\n<meta property=\"og:description\" content=\"Die Greifer LinMot GM50 und GM51 sind hochdynamische L\u00f6sungen f\u00fcr anspruchsvolle Pick-and-Place-, Montage- und Schraubaufgaben.\" \/>\n<meta property=\"og:url\" content=\"https:\/\/linmot.com\/de\/produkte\/greifer-drehgreifer\/\" \/>\n<meta property=\"og:site_name\" content=\"LinMot &amp; MagSpring - Deutsch\" \/>\n<meta property=\"article:modified_time\" content=\"2025-04-10T09:21:42+00:00\" \/>\n<meta property=\"og:image\" content=\"https:\/\/linmot.com\/de\/wp-content\/uploads\/sites\/2\/2025\/04\/electric-gripper-gm01-linear-motor.jpg\" \/>\n\t<meta property=\"og:image:width\" content=\"736\" \/>\n\t<meta property=\"og:image:height\" content=\"332\" \/>\n\t<meta property=\"og:image:type\" content=\"image\/jpeg\" \/>\n<meta name=\"twitter:card\" content=\"summary_large_image\" \/>\n<meta name=\"twitter:label1\" content=\"Gesch\u00e4tzte Lesezeit\" \/>\n\t<meta name=\"twitter:data1\" content=\"2 Minuten\" \/>\n<script type=\"application\/ld+json\" class=\"yoast-schema-graph\">{\"@context\":\"https:\\\/\\\/schema.org\",\"@graph\":[{\"@type\":\"WebPage\",\"@id\":\"https:\\\/\\\/linmot.com\\\/de\\\/produkte\\\/greifer-drehgreifer\\\/\",\"url\":\"https:\\\/\\\/linmot.com\\\/de\\\/produkte\\\/greifer-drehgreifer\\\/\",\"name\":\"Elektrische Greifer | Linear Motion Technology Leader | LinMot\",\"isPartOf\":{\"@id\":\"https:\\\/\\\/linmot.com\\\/de\\\/#website\"},\"primaryImageOfPage\":{\"@id\":\"https:\\\/\\\/linmot.com\\\/de\\\/produkte\\\/greifer-drehgreifer\\\/#primaryimage\"},\"image\":{\"@id\":\"https:\\\/\\\/linmot.com\\\/de\\\/produkte\\\/greifer-drehgreifer\\\/#primaryimage\"},\"thumbnailUrl\":\"https:\\\/\\\/linmot.com\\\/de\\\/wp-content\\\/uploads\\\/sites\\\/2\\\/2025\\\/04\\\/electric-gripper-gm01-linear-motor.jpg\",\"datePublished\":\"2024-11-06T13:24:33+00:00\",\"dateModified\":\"2025-04-10T09:21:42+00:00\",\"description\":\"Die Greifer LinMot GM50 und GM51 sind hochdynamische L\u00f6sungen f\u00fcr anspruchsvolle Pick-and-Place-, Montage- und Schraubaufgaben.\",\"breadcrumb\":{\"@id\":\"https:\\\/\\\/linmot.com\\\/de\\\/produkte\\\/greifer-drehgreifer\\\/#breadcrumb\"},\"inLanguage\":\"de\",\"potentialAction\":[{\"@type\":\"ReadAction\",\"target\":[\"https:\\\/\\\/linmot.com\\\/de\\\/produkte\\\/greifer-drehgreifer\\\/\"]}]},{\"@type\":\"ImageObject\",\"inLanguage\":\"de\",\"@id\":\"https:\\\/\\\/linmot.com\\\/de\\\/produkte\\\/greifer-drehgreifer\\\/#primaryimage\",\"url\":\"https:\\\/\\\/linmot.com\\\/de\\\/wp-content\\\/uploads\\\/sites\\\/2\\\/2025\\\/04\\\/electric-gripper-gm01-linear-motor.jpg\",\"contentUrl\":\"https:\\\/\\\/linmot.com\\\/de\\\/wp-content\\\/uploads\\\/sites\\\/2\\\/2025\\\/04\\\/electric-gripper-gm01-linear-motor.jpg\",\"width\":736,\"height\":332},{\"@type\":\"BreadcrumbList\",\"@id\":\"https:\\\/\\\/linmot.com\\\/de\\\/produkte\\\/greifer-drehgreifer\\\/#breadcrumb\",\"itemListElement\":[{\"@type\":\"ListItem\",\"position\":1,\"name\":\"LinMot\",\"item\":\"https:\\\/\\\/linmot.com\\\/de\\\/\"},{\"@type\":\"ListItem\",\"position\":2,\"name\":\"Produkte\",\"item\":\"https:\\\/\\\/linmot.com\\\/de\\\/produkte\\\/\"},{\"@type\":\"ListItem\",\"position\":3,\"name\":\"Elektrische Greifer\"}]},{\"@type\":\"WebSite\",\"@id\":\"https:\\\/\\\/linmot.com\\\/de\\\/#website\",\"url\":\"https:\\\/\\\/linmot.com\\\/de\\\/\",\"name\":\"LinMot & MagSpring - Industrielle Linearmotoren\",\"description\":\"Hochwertigen Linearmotoren und Linearmotorsystemen\",\"publisher\":{\"@id\":\"https:\\\/\\\/linmot.com\\\/de\\\/#organization\"},\"potentialAction\":[{\"@type\":\"SearchAction\",\"target\":{\"@type\":\"EntryPoint\",\"urlTemplate\":\"https:\\\/\\\/linmot.com\\\/de\\\/?s={search_term_string}\"},\"query-input\":{\"@type\":\"PropertyValueSpecification\",\"valueRequired\":true,\"valueName\":\"search_term_string\"}}],\"inLanguage\":\"de\"},{\"@type\":\"Organization\",\"@id\":\"https:\\\/\\\/linmot.com\\\/de\\\/#organization\",\"name\":\"NTI AG - LinMot & MagSpring\",\"url\":\"https:\\\/\\\/linmot.com\\\/de\\\/\",\"logo\":{\"@type\":\"ImageObject\",\"inLanguage\":\"de\",\"@id\":\"https:\\\/\\\/linmot.com\\\/de\\\/#\\\/schema\\\/logo\\\/image\\\/\",\"url\":\"https:\\\/\\\/linmot.com\\\/de\\\/wp-content\\\/uploads\\\/sites\\\/2\\\/2022\\\/01\\\/social-logo.jpg\",\"contentUrl\":\"https:\\\/\\\/linmot.com\\\/de\\\/wp-content\\\/uploads\\\/sites\\\/2\\\/2022\\\/01\\\/social-logo.jpg\",\"width\":800,\"height\":500,\"caption\":\"NTI AG - LinMot & MagSpring\"},\"image\":{\"@id\":\"https:\\\/\\\/linmot.com\\\/de\\\/#\\\/schema\\\/logo\\\/image\\\/\"},\"sameAs\":[\"https:\\\/\\\/www.linkedin.com\\\/company\\\/nti-ag-linmot-magspring\",\"https:\\\/\\\/www.youtube.com\\\/user\\\/LinMotEurope\",\"https:\\\/\\\/www.xing.com\\\/pages\\\/linmot-magspring\"]}]}<\/script>\n<!-- \/ Yoast SEO Premium plugin. -->","yoast_head_json":{"title":"Elektrische Greifer | Linear Motion Technology Leader | LinMot","description":"Die Greifer LinMot GM50 und GM51 sind hochdynamische L\u00f6sungen f\u00fcr anspruchsvolle Pick-and-Place-, Montage- und Schraubaufgaben.","robots":{"index":"index","follow":"follow","max-snippet":"max-snippet:-1","max-image-preview":"max-image-preview:large","max-video-preview":"max-video-preview:-1"},"canonical":"https:\/\/linmot.com\/de\/produkte\/greifer-drehgreifer\/","og_locale":"de_DE","og_type":"article","og_title":"Elektrische Greifer","og_description":"Die Greifer LinMot GM50 und GM51 sind hochdynamische L\u00f6sungen f\u00fcr anspruchsvolle Pick-and-Place-, Montage- und Schraubaufgaben.","og_url":"https:\/\/linmot.com\/de\/produkte\/greifer-drehgreifer\/","og_site_name":"LinMot &amp; MagSpring - Deutsch","article_modified_time":"2025-04-10T09:21:42+00:00","og_image":[{"width":736,"height":332,"url":"https:\/\/linmot.com\/de\/wp-content\/uploads\/sites\/2\/2025\/04\/electric-gripper-gm01-linear-motor.jpg","type":"image\/jpeg"}],"twitter_card":"summary_large_image","twitter_misc":{"Gesch\u00e4tzte Lesezeit":"2 Minuten"},"schema":{"@context":"https:\/\/schema.org","@graph":[{"@type":"WebPage","@id":"https:\/\/linmot.com\/de\/produkte\/greifer-drehgreifer\/","url":"https:\/\/linmot.com\/de\/produkte\/greifer-drehgreifer\/","name":"Elektrische Greifer | Linear Motion Technology Leader | LinMot","isPartOf":{"@id":"https:\/\/linmot.com\/de\/#website"},"primaryImageOfPage":{"@id":"https:\/\/linmot.com\/de\/produkte\/greifer-drehgreifer\/#primaryimage"},"image":{"@id":"https:\/\/linmot.com\/de\/produkte\/greifer-drehgreifer\/#primaryimage"},"thumbnailUrl":"https:\/\/linmot.com\/de\/wp-content\/uploads\/sites\/2\/2025\/04\/electric-gripper-gm01-linear-motor.jpg","datePublished":"2024-11-06T13:24:33+00:00","dateModified":"2025-04-10T09:21:42+00:00","description":"Die Greifer LinMot GM50 und GM51 sind hochdynamische L\u00f6sungen f\u00fcr anspruchsvolle Pick-and-Place-, Montage- und Schraubaufgaben.","breadcrumb":{"@id":"https:\/\/linmot.com\/de\/produkte\/greifer-drehgreifer\/#breadcrumb"},"inLanguage":"de","potentialAction":[{"@type":"ReadAction","target":["https:\/\/linmot.com\/de\/produkte\/greifer-drehgreifer\/"]}]},{"@type":"ImageObject","inLanguage":"de","@id":"https:\/\/linmot.com\/de\/produkte\/greifer-drehgreifer\/#primaryimage","url":"https:\/\/linmot.com\/de\/wp-content\/uploads\/sites\/2\/2025\/04\/electric-gripper-gm01-linear-motor.jpg","contentUrl":"https:\/\/linmot.com\/de\/wp-content\/uploads\/sites\/2\/2025\/04\/electric-gripper-gm01-linear-motor.jpg","width":736,"height":332},{"@type":"BreadcrumbList","@id":"https:\/\/linmot.com\/de\/produkte\/greifer-drehgreifer\/#breadcrumb","itemListElement":[{"@type":"ListItem","position":1,"name":"LinMot","item":"https:\/\/linmot.com\/de\/"},{"@type":"ListItem","position":2,"name":"Produkte","item":"https:\/\/linmot.com\/de\/produkte\/"},{"@type":"ListItem","position":3,"name":"Elektrische Greifer"}]},{"@type":"WebSite","@id":"https:\/\/linmot.com\/de\/#website","url":"https:\/\/linmot.com\/de\/","name":"LinMot & MagSpring - Industrielle Linearmotoren","description":"Hochwertigen Linearmotoren und Linearmotorsystemen","publisher":{"@id":"https:\/\/linmot.com\/de\/#organization"},"potentialAction":[{"@type":"SearchAction","target":{"@type":"EntryPoint","urlTemplate":"https:\/\/linmot.com\/de\/?s={search_term_string}"},"query-input":{"@type":"PropertyValueSpecification","valueRequired":true,"valueName":"search_term_string"}}],"inLanguage":"de"},{"@type":"Organization","@id":"https:\/\/linmot.com\/de\/#organization","name":"NTI AG - LinMot & MagSpring","url":"https:\/\/linmot.com\/de\/","logo":{"@type":"ImageObject","inLanguage":"de","@id":"https:\/\/linmot.com\/de\/#\/schema\/logo\/image\/","url":"https:\/\/linmot.com\/de\/wp-content\/uploads\/sites\/2\/2022\/01\/social-logo.jpg","contentUrl":"https:\/\/linmot.com\/de\/wp-content\/uploads\/sites\/2\/2022\/01\/social-logo.jpg","width":800,"height":500,"caption":"NTI AG - LinMot & MagSpring"},"image":{"@id":"https:\/\/linmot.com\/de\/#\/schema\/logo\/image\/"},"sameAs":["https:\/\/www.linkedin.com\/company\/nti-ag-linmot-magspring","https:\/\/www.youtube.com\/user\/LinMotEurope","https:\/\/www.xing.com\/pages\/linmot-magspring"]}]}},"_links":{"self":[{"href":"https:\/\/linmot.com\/de\/wp-json\/wp\/v2\/pages\/5359","targetHints":{"allow":["GET"]}}],"collection":[{"href":"https:\/\/linmot.com\/de\/wp-json\/wp\/v2\/pages"}],"about":[{"href":"https:\/\/linmot.com\/de\/wp-json\/wp\/v2\/types\/page"}],"author":[{"embeddable":true,"href":"https:\/\/linmot.com\/de\/wp-json\/wp\/v2\/users\/9"}],"replies":[{"embeddable":true,"href":"https:\/\/linmot.com\/de\/wp-json\/wp\/v2\/comments?post=5359"}],"version-history":[{"count":18,"href":"https:\/\/linmot.com\/de\/wp-json\/wp\/v2\/pages\/5359\/revisions"}],"predecessor-version":[{"id":5772,"href":"https:\/\/linmot.com\/de\/wp-json\/wp\/v2\/pages\/5359\/revisions\/5772"}],"up":[{"embeddable":true,"href":"https:\/\/linmot.com\/de\/wp-json\/wp\/v2\/pages\/6"}],"wp:attachment":[{"href":"https:\/\/linmot.com\/de\/wp-json\/wp\/v2\/media?parent=5359"}],"curies":[{"name":"wp","href":"https:\/\/api.w.org\/{rel}","templated":true}]}}