{"id":5352,"date":"2024-11-06T14:24:50","date_gmt":"2024-11-06T13:24:50","guid":{"rendered":"https:\/\/linmot.com\/de\/?page_id=5352"},"modified":"2025-04-10T17:08:57","modified_gmt":"2025-04-10T15:08:57","slug":"greifer-gm50-5","status":"publish","type":"page","link":"https:\/\/linmot.com\/de\/produkte\/greifer-drehgreifer\/greifer-gm50-5\/","title":{"rendered":"Greifer GM50"},"content":{"rendered":"<p align=\"justify\"><strong>Der GM50 ist ein elektrischer 2-Finger Parallelgreifer, der entwickelt wurde, um leichte Objekte blitzschnell zu handhaben. Die Greiffinger werden durch die multifunktionalen LinMot Servo Drives gesteuert, wodurch ihre Bewegungseigenschaften frei programmierbar sind. So k\u00f6nnen anwendungsspezifische Anforderungen an Geschwindigkeit, Positionierung und Krafteinleitung optimal erf\u00fcllt werden.<\/strong><\/p>\n<hr \/>\n<div class=\"row\">\n<div class=\"col-sm-2\">\n<p><a class=\"button\" href=\"#details\">1. Details<\/a><\/p>\n<\/div>\n<div class=\"col-sm-1\">\n<\/div>\n<div class=\"col-sm-2\">\n<p><a class=\"button\" href=\"#videos\">2. Videos<\/a><\/p>\n<\/div>\n<div class=\"col-sm-1\">\n<\/div>\n<div class=\"col-sm-2\">\n<p><a class=\"button\" href=\"#kontakt\">3. Kontakt<\/a><\/p>\n<\/div>\n<\/div>\n<hr \/>\n<h3 id=\"details\">1. Details<\/h3>\n<img loading=\"lazy\" decoding=\"async\" class=\"aligncenter size-full wp-image-5761\" src=\"https:\/\/linmot.com\/de\/wp-content\/uploads\/sites\/2\/2025\/04\/gripper-gm50-linmot.jpg\" alt=\"\" width=\"766\" height=\"495\" srcset=\"https:\/\/linmot.com\/de\/wp-content\/uploads\/sites\/2\/2025\/04\/gripper-gm50-linmot.jpg 766w, https:\/\/linmot.com\/de\/wp-content\/uploads\/sites\/2\/2025\/04\/gripper-gm50-linmot-300x194.jpg 300w\" sizes=\"auto, (max-width: 766px) 100vw, 766px\" \/>\n<div class=\"row\">\n<div class=\"col-sm-6\">\n<ul>\n<li>Weniger als 20 ms Schliess- oder \u00d6ffnungszeit<\/li>\n<li>Frei programmierbare Bewegungsprofile<\/li>\n<\/ul>\n<\/div>\n<div class=\"col-sm-6\">\n<ul>\n<li>Kraftreduziertes Greifen durch Linearmotor<\/li>\n<li>Nachhaltig bei niedrigem Energieverbrauch<\/li>\n<\/ul>\n<\/div>\n<\/div>\n<div class=\"row\">\n<div class=\"col-sm-6\">\n<p><a class=\"button\" href=\"https:\/\/linmot.com\/de\/wp-content\/uploads\/sites\/2\/2024\/11\/Flyer_GM50_GM51.pdf\" target=\"_blank\" rel=\"noopener\">Zum Flyer (PDF)<\/a><\/p>\n<\/div>\n<div class=\"col-sm-6\">\n<p><a class=\"button\" href=\"https:\/\/shop.linmot.com\/index.php?searchWord=GM50&amp;page=search&amp;resetSearch=1&amp;pageNav=1&amp;resetProductFilter=1&amp;offsetFulltextSearch=0&amp;offsetProduct=0\" target=\"_blank\" rel=\"noopener\">Zu den Details im e-Katalog<\/a><\/p>\n<\/div>\n<\/div>\n<h3 id=\"videos\">2. Videos<\/h3>\n<div class=\"row download\">\n<div class=\"col-md-6\">\n<h4 class=\"download-title\">LinMot Servo Gripper GM50<\/h4>\n<p class=\"bodytext\" align=\"justify\">Der Servomotor des Greifers GM50 erlaubt individuelle Fingerpositionierung und einstellbare Kraftkontrolle, wodurch das Greifen spezifisch angepasst werden kann. Ein besonderes Sicherheitsmerkmal ist die F\u00e4higkeit, die Greifkraft der MagSpring bei Stromausfall aufrechtzuerhalten, w\u00e4hrend der Greifer einfach von Hand ge\u00f6ffnet werden kann.<\/p>\n<\/div>\n<div class=\"col-md-1\">\n<\/div>\n<div class=\"col-md-5\">\n<div class=\"brlbs-cmpnt-container brlbs-cmpnt-content-blocker brlbs-cmpnt-with-individual-styles\" data-borlabs-cookie-content-blocker-id=\"youtube-content-blocker\" data-borlabs-cookie-content=\"PGlmcmFtZSB0aXRsZT0iWW91VHViZSB2aWRlbyBwbGF5ZXIiIHNyYz0iaHR0cHM6Ly93d3cueW91dHViZS1ub2Nvb2tpZS5jb20vZW1iZWQvcEROUTFhZGI3cEk\/c2k9dGxxdkhmNWJtRTByVXZhNCIgd2lkdGg9IjM5NCIgaGVpZ2h0PSIyMjAiIGZyYW1lYm9yZGVyPSIwIiBhbGxvd2Z1bGxzY3JlZW49ImFsbG93ZnVsbHNjcmVlbiI+PC9pZnJhbWU+\">\n<div class=\"brlbs-cmpnt-cb-preset-c brlbs-cmpnt-cb-youtube\">\n<div class=\"brlbs-cmpnt-cb-thumbnail\" style=\"background-image: url('https:\/\/linmot.com\/de\/wp-content\/uploads\/borlabs-cookie\/2\/yt_pDNQ1adb7pI_hqdefault.jpg')\"><\/div>\n<div class=\"brlbs-cmpnt-cb-main\">\n<div class=\"brlbs-cmpnt-cb-play-button\"><\/div>\n<div class=\"brlbs-cmpnt-cb-content\">\n<p class=\"brlbs-cmpnt-cb-description\">Sie sehen gerade einen Platzhalterinhalt von <strong>YouTube<\/strong>. Um auf den eigentlichen Inhalt zuzugreifen, klicken Sie auf die Schaltfl\u00e4che unten. Bitte beachten Sie, dass dabei Daten an Drittanbieter weitergegeben werden.<\/p>\n<p> <a class=\"brlbs-cmpnt-cb-provider-toggle\" href=\"#\" data-borlabs-cookie-show-provider-information role=\"button\">Mehr Informationen<\/a> <\/div>\n<div class=\"brlbs-cmpnt-cb-buttons\"> <a class=\"brlbs-cmpnt-cb-btn\" href=\"#\" data-borlabs-cookie-unblock role=\"button\">Inhalt entsperren<\/a> <a class=\"brlbs-cmpnt-cb-btn\" href=\"#\" data-borlabs-cookie-accept-service role=\"button\" style=\"display: inherit\">Erforderlichen Service akzeptieren und Inhalte entsperren<\/a> <\/div>\n<\/p><\/div>\n<\/p><\/div>\n<\/div>\n<\/div>\n<\/div>\n<h3 id=\"kontakt\">3. Kontakt<\/h3>\n<div class=\"row download\">\n<div class=\"col-md-6\">\n<h4 class=\"download-title\">Fragen zum Greifer GM50?<\/h4>\n<p class=\"bodytext\">Wir stehen Ihnen f\u00fcr Fragen gerne zur Verf\u00fcgung.<br \/>\nMelden Sie sich hierf\u00fcr \u00fcber das folgende Formular bei uns oder rufen Sie uns an unter:<\/p>\n<p class=\"bodytext\">Tel: +49 (0)201 858940 0<\/p>\n<p class=\"bodytext\">Das LinMot-Team<\/p>\n<\/div>\n<div class=\"col-md-1\">\n<\/div>\n<div class=\"col-md-5\">\n\n<div class=\"wpcf7 no-js\" id=\"wpcf7-f1617-o1\" lang=\"de-DE\" dir=\"ltr\" data-wpcf7-id=\"1617\">\n<div class=\"screen-reader-response\"><p role=\"status\" aria-live=\"polite\" aria-atomic=\"true\"><\/p> <ul><\/ul><\/div>\n<form action=\"\/de\/wp-json\/wp\/v2\/pages\/5352#wpcf7-f1617-o1\" method=\"post\" class=\"wpcf7-form init\" aria-label=\"Kontaktformular\" novalidate=\"novalidate\" data-status=\"init\">\n<fieldset class=\"hidden-fields-container\"><input type=\"hidden\" name=\"_wpcf7\" value=\"1617\" \/><input type=\"hidden\" name=\"_wpcf7_version\" value=\"6.1.5\" \/><input type=\"hidden\" name=\"_wpcf7_locale\" value=\"de_DE\" \/><input type=\"hidden\" name=\"_wpcf7_unit_tag\" value=\"wpcf7-f1617-o1\" \/><input type=\"hidden\" name=\"_wpcf7_container_post\" value=\"0\" \/><input type=\"hidden\" name=\"_wpcf7_posted_data_hash\" value=\"\" \/><input type=\"hidden\" name=\"_wpcf7_recaptcha_response\" value=\"\" \/>\n<\/fieldset>\n<label> Ihr Name<br>\n    <span class=\"wpcf7-form-control-wrap\" data-name=\"your-name\"><input size=\"40\" maxlength=\"400\" class=\"wpcf7-form-control wpcf7-text wpcf7-validates-as-required\" aria-required=\"true\" aria-invalid=\"false\" value=\"\" type=\"text\" name=\"your-name\" \/><\/span> <\/label>\n<br>\n<label> Ihre Firma<br>\n    <span class=\"wpcf7-form-control-wrap\" data-name=\"your-company\"><input size=\"40\" maxlength=\"400\" class=\"wpcf7-form-control wpcf7-text wpcf7-validates-as-required\" aria-required=\"true\" aria-invalid=\"false\" value=\"\" type=\"text\" name=\"your-company\" \/><\/span> <\/label>\n<br>\n<label> Postleitzahl<br>\n    <span class=\"wpcf7-form-control-wrap\" data-name=\"your-plz\"><input class=\"wpcf7-form-control wpcf7-number wpcf7-validates-as-required wpcf7-validates-as-number\" aria-required=\"true\" aria-invalid=\"false\" value=\"\" type=\"number\" name=\"your-plz\" \/><\/span> <\/label>\n<br>\n<label> Land<br>\n    <span class=\"wpcf7-form-control-wrap\" data-name=\"your-country\"><input size=\"40\" maxlength=\"400\" class=\"wpcf7-form-control wpcf7-text wpcf7-validates-as-required\" aria-required=\"true\" aria-invalid=\"false\" value=\"\" type=\"text\" name=\"your-country\" \/><\/span> <\/label>\n<br>\n<label> Telefonnummer<br>\n    <span class=\"wpcf7-form-control-wrap\" data-name=\"your-telephone\"><input size=\"40\" maxlength=\"400\" class=\"wpcf7-form-control wpcf7-tel wpcf7-text wpcf7-validates-as-tel\" aria-invalid=\"false\" value=\"\" type=\"tel\" name=\"your-telephone\" \/><\/span> <\/label>\n<br>\n<label> E-Mail-Adresse<br>\n    <span class=\"wpcf7-form-control-wrap\" data-name=\"your-email\"><input size=\"40\" maxlength=\"400\" class=\"wpcf7-form-control wpcf7-email wpcf7-validates-as-required wpcf7-text wpcf7-validates-as-email\" aria-required=\"true\" aria-invalid=\"false\" value=\"\" type=\"email\" name=\"your-email\" \/><\/span> <\/label>\n<br>\n<label> Ihre Frage<br>\n    <span class=\"wpcf7-form-control-wrap\" data-name=\"your-message\"><textarea cols=\"40\" rows=\"10\" maxlength=\"2000\" class=\"wpcf7-form-control wpcf7-textarea\" aria-invalid=\"false\" name=\"your-message\"><\/textarea><\/span> <\/label>\n<br>\n<input class=\"wpcf7-form-control wpcf7-submit has-spinner\" type=\"submit\" value=\"Senden\" \/><div class=\"wpcf7-response-output\" aria-hidden=\"true\"><\/div>\n<\/form>\n<\/div>\n\n<\/div>\n<\/div>\n","protected":false},"excerpt":{"rendered":"<p>Der GM50 ist ein elektrischer 2-Finger Parallelgreifer, der entwickelt wurde, um leichte Objekte blitzschnell zu handhaben. Die Greiffinger werden durch die multifunktionalen LinMot Servo Drives gesteuert, wodurch ihre Bewegungseigenschaften frei programmierbar sind. So k\u00f6nnen anwendungsspezifische Anforderungen an Geschwindigkeit, Positionierung und Krafteinleitung optimal erf\u00fcllt werden. 1. Details 2. Videos 3. Kontakt<\/p>\n","protected":false},"author":9,"featured_media":0,"parent":5359,"menu_order":30,"comment_status":"closed","ping_status":"closed","template":"","meta":{"_acf_changed":false,"footnotes":""},"class_list":["post-5352","page","type-page","status-publish","hentry"],"acf":[],"yoast_head":"<!-- This site is optimized with the Yoast SEO Premium plugin v20.9 (Yoast SEO v27.2) - https:\/\/yoast.com\/product\/yoast-seo-premium-wordpress\/ -->\n<title>Greifer GM50 | Linear Motion Technology Leader | LinMot<\/title>\n<meta name=\"description\" content=\"Der GM50 ist ein elektrischer Hochgeschwindigkeitsgreifer, der entwickelt wurde, um leichte Objekte blitzschnell zu handhaben.\" \/>\n<meta name=\"robots\" content=\"index, follow, max-snippet:-1, max-image-preview:large, max-video-preview:-1\" \/>\n<link rel=\"canonical\" href=\"https:\/\/linmot.com\/de\/produkte\/greifer-drehgreifer\/greifer-gm50-5\/\" \/>\n<meta property=\"og:locale\" content=\"de_DE\" \/>\n<meta property=\"og:type\" content=\"article\" \/>\n<meta property=\"og:title\" content=\"Greifer GM50 | Linear Motion Technology Leader | LinMot\" \/>\n<meta property=\"og:description\" content=\"Der GM50 ist ein elektrischer Hochgeschwindigkeitsgreifer, der entwickelt wurde, um leichte Objekte blitzschnell zu handhaben.\" \/>\n<meta property=\"og:url\" content=\"https:\/\/linmot.com\/de\/produkte\/greifer-drehgreifer\/greifer-gm50-5\/\" \/>\n<meta property=\"og:site_name\" content=\"LinMot &amp; MagSpring - Deutsch\" \/>\n<meta property=\"article:modified_time\" content=\"2025-04-10T15:08:57+00:00\" \/>\n<meta property=\"og:image\" content=\"https:\/\/linmot.com\/de\/wp-content\/uploads\/sites\/2\/2025\/04\/gripper-gm50-linmot.jpg\" \/>\n\t<meta property=\"og:image:width\" content=\"766\" \/>\n\t<meta property=\"og:image:height\" content=\"495\" \/>\n\t<meta property=\"og:image:type\" content=\"image\/jpeg\" \/>\n<meta name=\"twitter:card\" content=\"summary_large_image\" \/>\n<meta name=\"twitter:title\" content=\"Greifer GM50 | Linear Motion Technology Leader | LinMot\" \/>\n<meta name=\"twitter:description\" content=\"Der GM50 ist ein elektrischer Hochgeschwindigkeitsgreifer, der entwickelt wurde, um leichte Objekte blitzschnell zu handhaben.\" \/>\n<meta name=\"twitter:label1\" content=\"Gesch\u00e4tzte Lesezeit\" \/>\n\t<meta name=\"twitter:data1\" content=\"2 Minuten\" \/>\n<script type=\"application\/ld+json\" class=\"yoast-schema-graph\">{\"@context\":\"https:\/\/schema.org\",\"@graph\":[{\"@type\":\"WebPage\",\"@id\":\"https:\/\/linmot.com\/de\/produkte\/greifer-drehgreifer\/greifer-gm50-5\/\",\"url\":\"https:\/\/linmot.com\/de\/produkte\/greifer-drehgreifer\/greifer-gm50-5\/\",\"name\":\"Greifer GM50 | Linear Motion Technology Leader | LinMot\",\"isPartOf\":{\"@id\":\"https:\/\/linmot.com\/de\/#website\"},\"primaryImageOfPage\":{\"@id\":\"https:\/\/linmot.com\/de\/produkte\/greifer-drehgreifer\/greifer-gm50-5\/#primaryimage\"},\"image\":{\"@id\":\"https:\/\/linmot.com\/de\/produkte\/greifer-drehgreifer\/greifer-gm50-5\/#primaryimage\"},\"thumbnailUrl\":\"https:\/\/linmot.com\/de\/wp-content\/uploads\/sites\/2\/2025\/04\/gripper-gm50-linmot.jpg\",\"datePublished\":\"2024-11-06T13:24:50+00:00\",\"dateModified\":\"2025-04-10T15:08:57+00:00\",\"description\":\"Der GM50 ist ein elektrischer Hochgeschwindigkeitsgreifer, der entwickelt wurde, um leichte Objekte blitzschnell zu handhaben.\",\"breadcrumb\":{\"@id\":\"https:\/\/linmot.com\/de\/produkte\/greifer-drehgreifer\/greifer-gm50-5\/#breadcrumb\"},\"inLanguage\":\"de\",\"potentialAction\":[{\"@type\":\"ReadAction\",\"target\":[\"https:\/\/linmot.com\/de\/produkte\/greifer-drehgreifer\/greifer-gm50-5\/\"]}]},{\"@type\":\"ImageObject\",\"inLanguage\":\"de\",\"@id\":\"https:\/\/linmot.com\/de\/produkte\/greifer-drehgreifer\/greifer-gm50-5\/#primaryimage\",\"url\":\"https:\/\/linmot.com\/de\/wp-content\/uploads\/sites\/2\/2025\/04\/gripper-gm50-linmot.jpg\",\"contentUrl\":\"https:\/\/linmot.com\/de\/wp-content\/uploads\/sites\/2\/2025\/04\/gripper-gm50-linmot.jpg\",\"width\":766,\"height\":495},{\"@type\":\"BreadcrumbList\",\"@id\":\"https:\/\/linmot.com\/de\/produkte\/greifer-drehgreifer\/greifer-gm50-5\/#breadcrumb\",\"itemListElement\":[{\"@type\":\"ListItem\",\"position\":1,\"name\":\"LinMot\",\"item\":\"https:\/\/linmot.com\/de\/\"},{\"@type\":\"ListItem\",\"position\":2,\"name\":\"Produkte\",\"item\":\"https:\/\/linmot.com\/de\/produkte\/\"},{\"@type\":\"ListItem\",\"position\":3,\"name\":\"Elektrische Greifer\",\"item\":\"https:\/\/linmot.com\/de\/produkte\/greifer-drehgreifer\/\"},{\"@type\":\"ListItem\",\"position\":4,\"name\":\"Greifer GM50\"}]},{\"@type\":\"WebSite\",\"@id\":\"https:\/\/linmot.com\/de\/#website\",\"url\":\"https:\/\/linmot.com\/de\/\",\"name\":\"LinMot & MagSpring - Industrielle Linearmotoren\",\"description\":\"Hochwertigen Linearmotoren und Linearmotorsystemen\",\"publisher\":{\"@id\":\"https:\/\/linmot.com\/de\/#organization\"},\"potentialAction\":[{\"@type\":\"SearchAction\",\"target\":{\"@type\":\"EntryPoint\",\"urlTemplate\":\"https:\/\/linmot.com\/de\/?s={search_term_string}\"},\"query-input\":{\"@type\":\"PropertyValueSpecification\",\"valueRequired\":true,\"valueName\":\"search_term_string\"}}],\"inLanguage\":\"de\"},{\"@type\":\"Organization\",\"@id\":\"https:\/\/linmot.com\/de\/#organization\",\"name\":\"NTI AG - LinMot & MagSpring\",\"url\":\"https:\/\/linmot.com\/de\/\",\"logo\":{\"@type\":\"ImageObject\",\"inLanguage\":\"de\",\"@id\":\"https:\/\/linmot.com\/de\/#\/schema\/logo\/image\/\",\"url\":\"https:\/\/linmot.com\/de\/wp-content\/uploads\/sites\/2\/2022\/01\/social-logo.jpg\",\"contentUrl\":\"https:\/\/linmot.com\/de\/wp-content\/uploads\/sites\/2\/2022\/01\/social-logo.jpg\",\"width\":800,\"height\":500,\"caption\":\"NTI AG - LinMot & MagSpring\"},\"image\":{\"@id\":\"https:\/\/linmot.com\/de\/#\/schema\/logo\/image\/\"},\"sameAs\":[\"https:\/\/www.linkedin.com\/company\/nti-ag-linmot-magspring\",\"https:\/\/www.youtube.com\/user\/LinMotEurope\",\"https:\/\/www.xing.com\/pages\/linmot-magspring\"]}]}<\/script>\n<!-- \/ Yoast SEO Premium plugin. -->","yoast_head_json":{"title":"Greifer GM50 | Linear Motion Technology Leader | LinMot","description":"Der GM50 ist ein elektrischer Hochgeschwindigkeitsgreifer, der entwickelt wurde, um leichte Objekte blitzschnell zu handhaben.","robots":{"index":"index","follow":"follow","max-snippet":"max-snippet:-1","max-image-preview":"max-image-preview:large","max-video-preview":"max-video-preview:-1"},"canonical":"https:\/\/linmot.com\/de\/produkte\/greifer-drehgreifer\/greifer-gm50-5\/","og_locale":"de_DE","og_type":"article","og_title":"Greifer GM50 | Linear Motion Technology Leader | LinMot","og_description":"Der GM50 ist ein elektrischer Hochgeschwindigkeitsgreifer, der entwickelt wurde, um leichte Objekte blitzschnell zu handhaben.","og_url":"https:\/\/linmot.com\/de\/produkte\/greifer-drehgreifer\/greifer-gm50-5\/","og_site_name":"LinMot &amp; MagSpring - Deutsch","article_modified_time":"2025-04-10T15:08:57+00:00","og_image":[{"width":766,"height":495,"url":"https:\/\/linmot.com\/de\/wp-content\/uploads\/sites\/2\/2025\/04\/gripper-gm50-linmot.jpg","type":"image\/jpeg"}],"twitter_card":"summary_large_image","twitter_title":"Greifer GM50 | Linear Motion Technology Leader | LinMot","twitter_description":"Der GM50 ist ein elektrischer Hochgeschwindigkeitsgreifer, der entwickelt wurde, um leichte Objekte blitzschnell zu handhaben.","twitter_misc":{"Gesch\u00e4tzte Lesezeit":"2 Minuten"},"schema":{"@context":"https:\/\/schema.org","@graph":[{"@type":"WebPage","@id":"https:\/\/linmot.com\/de\/produkte\/greifer-drehgreifer\/greifer-gm50-5\/","url":"https:\/\/linmot.com\/de\/produkte\/greifer-drehgreifer\/greifer-gm50-5\/","name":"Greifer GM50 | Linear Motion Technology Leader | LinMot","isPartOf":{"@id":"https:\/\/linmot.com\/de\/#website"},"primaryImageOfPage":{"@id":"https:\/\/linmot.com\/de\/produkte\/greifer-drehgreifer\/greifer-gm50-5\/#primaryimage"},"image":{"@id":"https:\/\/linmot.com\/de\/produkte\/greifer-drehgreifer\/greifer-gm50-5\/#primaryimage"},"thumbnailUrl":"https:\/\/linmot.com\/de\/wp-content\/uploads\/sites\/2\/2025\/04\/gripper-gm50-linmot.jpg","datePublished":"2024-11-06T13:24:50+00:00","dateModified":"2025-04-10T15:08:57+00:00","description":"Der GM50 ist ein elektrischer Hochgeschwindigkeitsgreifer, der entwickelt wurde, um leichte Objekte blitzschnell zu handhaben.","breadcrumb":{"@id":"https:\/\/linmot.com\/de\/produkte\/greifer-drehgreifer\/greifer-gm50-5\/#breadcrumb"},"inLanguage":"de","potentialAction":[{"@type":"ReadAction","target":["https:\/\/linmot.com\/de\/produkte\/greifer-drehgreifer\/greifer-gm50-5\/"]}]},{"@type":"ImageObject","inLanguage":"de","@id":"https:\/\/linmot.com\/de\/produkte\/greifer-drehgreifer\/greifer-gm50-5\/#primaryimage","url":"https:\/\/linmot.com\/de\/wp-content\/uploads\/sites\/2\/2025\/04\/gripper-gm50-linmot.jpg","contentUrl":"https:\/\/linmot.com\/de\/wp-content\/uploads\/sites\/2\/2025\/04\/gripper-gm50-linmot.jpg","width":766,"height":495},{"@type":"BreadcrumbList","@id":"https:\/\/linmot.com\/de\/produkte\/greifer-drehgreifer\/greifer-gm50-5\/#breadcrumb","itemListElement":[{"@type":"ListItem","position":1,"name":"LinMot","item":"https:\/\/linmot.com\/de\/"},{"@type":"ListItem","position":2,"name":"Produkte","item":"https:\/\/linmot.com\/de\/produkte\/"},{"@type":"ListItem","position":3,"name":"Elektrische Greifer","item":"https:\/\/linmot.com\/de\/produkte\/greifer-drehgreifer\/"},{"@type":"ListItem","position":4,"name":"Greifer GM50"}]},{"@type":"WebSite","@id":"https:\/\/linmot.com\/de\/#website","url":"https:\/\/linmot.com\/de\/","name":"LinMot & MagSpring - Industrielle Linearmotoren","description":"Hochwertigen Linearmotoren und Linearmotorsystemen","publisher":{"@id":"https:\/\/linmot.com\/de\/#organization"},"potentialAction":[{"@type":"SearchAction","target":{"@type":"EntryPoint","urlTemplate":"https:\/\/linmot.com\/de\/?s={search_term_string}"},"query-input":{"@type":"PropertyValueSpecification","valueRequired":true,"valueName":"search_term_string"}}],"inLanguage":"de"},{"@type":"Organization","@id":"https:\/\/linmot.com\/de\/#organization","name":"NTI AG - LinMot & MagSpring","url":"https:\/\/linmot.com\/de\/","logo":{"@type":"ImageObject","inLanguage":"de","@id":"https:\/\/linmot.com\/de\/#\/schema\/logo\/image\/","url":"https:\/\/linmot.com\/de\/wp-content\/uploads\/sites\/2\/2022\/01\/social-logo.jpg","contentUrl":"https:\/\/linmot.com\/de\/wp-content\/uploads\/sites\/2\/2022\/01\/social-logo.jpg","width":800,"height":500,"caption":"NTI AG - LinMot & MagSpring"},"image":{"@id":"https:\/\/linmot.com\/de\/#\/schema\/logo\/image\/"},"sameAs":["https:\/\/www.linkedin.com\/company\/nti-ag-linmot-magspring","https:\/\/www.youtube.com\/user\/LinMotEurope","https:\/\/www.xing.com\/pages\/linmot-magspring"]}]}},"_links":{"self":[{"href":"https:\/\/linmot.com\/de\/wp-json\/wp\/v2\/pages\/5352","targetHints":{"allow":["GET"]}}],"collection":[{"href":"https:\/\/linmot.com\/de\/wp-json\/wp\/v2\/pages"}],"about":[{"href":"https:\/\/linmot.com\/de\/wp-json\/wp\/v2\/types\/page"}],"author":[{"embeddable":true,"href":"https:\/\/linmot.com\/de\/wp-json\/wp\/v2\/users\/9"}],"replies":[{"embeddable":true,"href":"https:\/\/linmot.com\/de\/wp-json\/wp\/v2\/comments?post=5352"}],"version-history":[{"count":18,"href":"https:\/\/linmot.com\/de\/wp-json\/wp\/v2\/pages\/5352\/revisions"}],"predecessor-version":[{"id":5777,"href":"https:\/\/linmot.com\/de\/wp-json\/wp\/v2\/pages\/5352\/revisions\/5777"}],"up":[{"embeddable":true,"href":"https:\/\/linmot.com\/de\/wp-json\/wp\/v2\/pages\/5359"}],"wp:attachment":[{"href":"https:\/\/linmot.com\/de\/wp-json\/wp\/v2\/media?parent=5352"}],"curies":[{"name":"wp","href":"https:\/\/api.w.org\/{rel}","templated":true}]}}