{"id":52,"date":"2017-10-20T23:34:10","date_gmt":"2017-10-20T21:34:10","guid":{"rendered":"https:\/\/linmot.com\/?page_id=52"},"modified":"2023-05-10T14:49:02","modified_gmt":"2023-05-10T12:49:02","slug":"automobil","status":"publish","type":"page","link":"https:\/\/linmot.com\/de\/branchen\/automobil\/","title":{"rendered":"Automobilindustrie"},"content":{"rendered":"<p><strong>LinMot bietet der Automobilindustrie vereinfacht Funktions- und Dauertests in der Automobilindustrie, sowie flexible L\u00f6sungen bei grossen St\u00fcckzahlen in der Montagetechnik.<\/strong><\/p>\n<img loading=\"lazy\" decoding=\"async\" class=\"aligncenter wp-image-202 size-full\" src=\"https:\/\/linmot.com\/de\/wp-content\/uploads\/sites\/2\/2017\/10\/LinMot-Solutions-Automotive-Industry.jpg\" alt=\"LinMot in der Automobilindustrie\" width=\"940\" height=\"300\" srcset=\"https:\/\/linmot.com\/de\/wp-content\/uploads\/sites\/2\/2017\/10\/LinMot-Solutions-Automotive-Industry.jpg 940w, https:\/\/linmot.com\/de\/wp-content\/uploads\/sites\/2\/2017\/10\/LinMot-Solutions-Automotive-Industry-300x96.jpg 300w, https:\/\/linmot.com\/de\/wp-content\/uploads\/sites\/2\/2017\/10\/LinMot-Solutions-Automotive-Industry-768x245.jpg 768w\" sizes=\"auto, (max-width: 940px) 100vw, 940px\" \/>\n<p>Die Herausforderungen einer modernen Automobilfertigung sind vor allem der zunehmende Wettbewerb, wachsender Kostendruck und die steigende Modellvielfalt.<br \/>\nUm diesen Faktoren effektiv zu begegnen, bedarf es einer konsequenten Optimierung \u00fcber alle Prozesse hinweg.<\/p>\n<blockquote><p>Lineare Antriebskomponenten von LinMot f\u00fchren zu mehr Flexibilit\u00e4t und Produktivit\u00e4t in der Automobilindustrie.<\/p><\/blockquote>\n<p>So k\u00f6nnen nicht nur Funktions- und Dauertests bei Automobilen effektiv realisiert werden, sondern auch Applikationen entlang des Herstellungsprozesses.<br \/>\nDazu geh\u00f6ren vor allem Applikationen im Bereich der Montage, des Materialmanagement und der <a href=\"https:\/\/linmot.com\/de\/produkte\/servo-drives\/\">Fehler\u00fcberpr\u00fcfung<\/a>.<\/p>\n<p>Um den hohen Qualit\u00e4tsanforderungen der Automobilindustrie gerecht zu werden, kann durch Process Monitoring jederzeit einzelne Prozessvorg\u00e4nge \u00fcberpr\u00fcft, \u00fcberwacht und schlussendlich dokumentiert werden. Dies bringt Sicherheit und steigert die Qualit\u00e4t f\u00fcr das Endprodukt.<\/p>\n<p>Durch diesen Vorgang f\u00e4llt zudem eine zus\u00e4tzliche Qualit\u00e4ts\u00fcberwachung weg. Dies senkt die Betriebskosten der Anlage.<\/p>\n<p>Bei hohen Taktraten k\u00f6nnen durch Linearantriebe die Wartungsarbeiten reduziert werden, da Linearmotoren praktisch verschleissfrei arbeiten.<\/p>\n","protected":false},"excerpt":{"rendered":"<p>LinMot bietet der Automobilindustrie vereinfacht Funktions- und Dauertests in der Automobilindustrie, sowie flexible L\u00f6sungen bei grossen St\u00fcckzahlen in der Montagetechnik. Die Herausforderungen einer modernen Automobilfertigung sind vor allem der zunehmende Wettbewerb, wachsender Kostendruck und die steigende Modellvielfalt. Um diesen Faktoren effektiv zu begegnen, bedarf es einer konsequenten Optimierung \u00fcber alle Prozesse hinweg. Lineare Antriebskomponenten von [&hellip;]<\/p>\n","protected":false},"author":1,"featured_media":0,"parent":8,"menu_order":110,"comment_status":"closed","ping_status":"closed","template":"","meta":{"_acf_changed":false,"footnotes":""},"class_list":["post-52","page","type-page","status-publish","hentry"],"acf":[],"yoast_head":"<!-- This site is optimized with the Yoast SEO Premium plugin v20.9 (Yoast SEO v27.2) - https:\/\/yoast.com\/product\/yoast-seo-premium-wordpress\/ -->\n<title>Automobilindustrie \u2013 Funktions- und Dauertests, Applikationen<\/title>\n<meta name=\"description\" content=\"Vereinfacht Funktions- und Dauertests in der Automobilindustrie und flexible L\u00f6sungen bei grossen St\u00fcckzahlen in der Montagetechnik.\" \/>\n<meta name=\"robots\" content=\"index, follow, max-snippet:-1, max-image-preview:large, max-video-preview:-1\" \/>\n<link rel=\"canonical\" href=\"https:\/\/linmot.com\/de\/branchen\/automobil\/\" \/>\n<meta property=\"og:locale\" content=\"de_DE\" \/>\n<meta property=\"og:type\" content=\"article\" \/>\n<meta property=\"og:title\" content=\"Automobilindustrie \u2013 Funktions- und Dauertests, Applikationen\" \/>\n<meta property=\"og:description\" content=\"Vereinfacht Funktions- und Dauertests in der Automobilindustrie und flexible L\u00f6sungen bei grossen St\u00fcckzahlen in der Montagetechnik.\" \/>\n<meta property=\"og:url\" content=\"https:\/\/linmot.com\/de\/branchen\/automobil\/\" \/>\n<meta property=\"og:site_name\" content=\"LinMot &amp; MagSpring - Deutsch\" \/>\n<meta property=\"article:modified_time\" content=\"2023-05-10T12:49:02+00:00\" \/>\n<meta property=\"og:image\" content=\"https:\/\/linmot.com\/de\/wp-content\/uploads\/sites\/2\/2017\/10\/LinMot-Solutions-Automotive-Industry.jpg\" \/>\n\t<meta property=\"og:image:width\" content=\"940\" \/>\n\t<meta property=\"og:image:height\" content=\"300\" \/>\n\t<meta property=\"og:image:type\" content=\"image\/jpeg\" \/>\n<meta name=\"twitter:card\" content=\"summary_large_image\" \/>\n<meta name=\"twitter:title\" content=\"Automobilindustrie \u2013 Funktions- und Dauertests, Applikationen\" \/>\n<meta name=\"twitter:description\" content=\"Vereinfacht Funktions- und Dauertests in der Automobilindustrie und flexible L\u00f6sungen bei grossen St\u00fcckzahlen in der Montagetechnik.\" \/>\n<meta name=\"twitter:image\" content=\"https:\/\/linmot.com\/de\/wp-content\/uploads\/sites\/2\/2017\/10\/LinMot-Solutions-Automotive-Industry.jpg\" \/>\n<meta name=\"twitter:label1\" content=\"Gesch\u00e4tzte Lesezeit\" \/>\n\t<meta name=\"twitter:data1\" content=\"2 Minuten\" \/>\n<script type=\"application\/ld+json\" class=\"yoast-schema-graph\">{\"@context\":\"https:\/\/schema.org\",\"@graph\":[{\"@type\":\"WebPage\",\"@id\":\"https:\/\/linmot.com\/de\/branchen\/automobil\/\",\"url\":\"https:\/\/linmot.com\/de\/branchen\/automobil\/\",\"name\":\"Automobilindustrie \u2013 Funktions- und Dauertests, Applikationen\",\"isPartOf\":{\"@id\":\"https:\/\/linmot.com\/de\/#website\"},\"primaryImageOfPage\":{\"@id\":\"https:\/\/linmot.com\/de\/branchen\/automobil\/#primaryimage\"},\"image\":{\"@id\":\"https:\/\/linmot.com\/de\/branchen\/automobil\/#primaryimage\"},\"thumbnailUrl\":\"https:\/\/linmot.com\/de\/wp-content\/uploads\/sites\/2\/2017\/10\/LinMot-Solutions-Automotive-Industry.jpg\",\"datePublished\":\"2017-10-20T21:34:10+00:00\",\"dateModified\":\"2023-05-10T12:49:02+00:00\",\"description\":\"Vereinfacht Funktions- und Dauertests in der Automobilindustrie und flexible L\u00f6sungen bei grossen St\u00fcckzahlen in der Montagetechnik.\",\"breadcrumb\":{\"@id\":\"https:\/\/linmot.com\/de\/branchen\/automobil\/#breadcrumb\"},\"inLanguage\":\"de\",\"potentialAction\":[{\"@type\":\"ReadAction\",\"target\":[\"https:\/\/linmot.com\/de\/branchen\/automobil\/\"]}]},{\"@type\":\"ImageObject\",\"inLanguage\":\"de\",\"@id\":\"https:\/\/linmot.com\/de\/branchen\/automobil\/#primaryimage\",\"url\":\"https:\/\/linmot.com\/de\/wp-content\/uploads\/sites\/2\/2017\/10\/LinMot-Solutions-Automotive-Industry.jpg\",\"contentUrl\":\"https:\/\/linmot.com\/de\/wp-content\/uploads\/sites\/2\/2017\/10\/LinMot-Solutions-Automotive-Industry.jpg\",\"width\":940,\"height\":300,\"caption\":\"Branchenl\u00f6sungen f\u00fcr die Automobilindustrie\"},{\"@type\":\"BreadcrumbList\",\"@id\":\"https:\/\/linmot.com\/de\/branchen\/automobil\/#breadcrumb\",\"itemListElement\":[{\"@type\":\"ListItem\",\"position\":1,\"name\":\"LinMot\",\"item\":\"https:\/\/linmot.com\/de\/\"},{\"@type\":\"ListItem\",\"position\":2,\"name\":\"Branchenl\u00f6sungen\",\"item\":\"https:\/\/linmot.com\/de\/branchen\/\"},{\"@type\":\"ListItem\",\"position\":3,\"name\":\"Automobilindustrie\"}]},{\"@type\":\"WebSite\",\"@id\":\"https:\/\/linmot.com\/de\/#website\",\"url\":\"https:\/\/linmot.com\/de\/\",\"name\":\"LinMot & MagSpring - Industrielle Linearmotoren\",\"description\":\"Hochwertigen Linearmotoren und Linearmotorsystemen\",\"publisher\":{\"@id\":\"https:\/\/linmot.com\/de\/#organization\"},\"potentialAction\":[{\"@type\":\"SearchAction\",\"target\":{\"@type\":\"EntryPoint\",\"urlTemplate\":\"https:\/\/linmot.com\/de\/?s={search_term_string}\"},\"query-input\":{\"@type\":\"PropertyValueSpecification\",\"valueRequired\":true,\"valueName\":\"search_term_string\"}}],\"inLanguage\":\"de\"},{\"@type\":\"Organization\",\"@id\":\"https:\/\/linmot.com\/de\/#organization\",\"name\":\"NTI AG - LinMot & MagSpring\",\"url\":\"https:\/\/linmot.com\/de\/\",\"logo\":{\"@type\":\"ImageObject\",\"inLanguage\":\"de\",\"@id\":\"https:\/\/linmot.com\/de\/#\/schema\/logo\/image\/\",\"url\":\"https:\/\/linmot.com\/de\/wp-content\/uploads\/sites\/2\/2022\/01\/social-logo.jpg\",\"contentUrl\":\"https:\/\/linmot.com\/de\/wp-content\/uploads\/sites\/2\/2022\/01\/social-logo.jpg\",\"width\":800,\"height\":500,\"caption\":\"NTI AG - LinMot & MagSpring\"},\"image\":{\"@id\":\"https:\/\/linmot.com\/de\/#\/schema\/logo\/image\/\"},\"sameAs\":[\"https:\/\/www.linkedin.com\/company\/nti-ag-linmot-magspring\",\"https:\/\/www.youtube.com\/user\/LinMotEurope\",\"https:\/\/www.xing.com\/pages\/linmot-magspring\"]}]}<\/script>\n<!-- \/ Yoast SEO Premium plugin. -->","yoast_head_json":{"title":"Automobilindustrie \u2013 Funktions- und Dauertests, Applikationen","description":"Vereinfacht Funktions- und Dauertests in der Automobilindustrie und flexible L\u00f6sungen bei grossen St\u00fcckzahlen in der Montagetechnik.","robots":{"index":"index","follow":"follow","max-snippet":"max-snippet:-1","max-image-preview":"max-image-preview:large","max-video-preview":"max-video-preview:-1"},"canonical":"https:\/\/linmot.com\/de\/branchen\/automobil\/","og_locale":"de_DE","og_type":"article","og_title":"Automobilindustrie \u2013 Funktions- und Dauertests, Applikationen","og_description":"Vereinfacht Funktions- und Dauertests in der Automobilindustrie und flexible L\u00f6sungen bei grossen St\u00fcckzahlen in der Montagetechnik.","og_url":"https:\/\/linmot.com\/de\/branchen\/automobil\/","og_site_name":"LinMot &amp; MagSpring - Deutsch","article_modified_time":"2023-05-10T12:49:02+00:00","og_image":[{"width":940,"height":300,"url":"https:\/\/linmot.com\/de\/wp-content\/uploads\/sites\/2\/2017\/10\/LinMot-Solutions-Automotive-Industry.jpg","type":"image\/jpeg"}],"twitter_card":"summary_large_image","twitter_title":"Automobilindustrie \u2013 Funktions- und Dauertests, Applikationen","twitter_description":"Vereinfacht Funktions- und Dauertests in der Automobilindustrie und flexible L\u00f6sungen bei grossen St\u00fcckzahlen in der Montagetechnik.","twitter_image":"https:\/\/linmot.com\/de\/wp-content\/uploads\/sites\/2\/2017\/10\/LinMot-Solutions-Automotive-Industry.jpg","twitter_misc":{"Gesch\u00e4tzte Lesezeit":"2 Minuten"},"schema":{"@context":"https:\/\/schema.org","@graph":[{"@type":"WebPage","@id":"https:\/\/linmot.com\/de\/branchen\/automobil\/","url":"https:\/\/linmot.com\/de\/branchen\/automobil\/","name":"Automobilindustrie \u2013 Funktions- und Dauertests, Applikationen","isPartOf":{"@id":"https:\/\/linmot.com\/de\/#website"},"primaryImageOfPage":{"@id":"https:\/\/linmot.com\/de\/branchen\/automobil\/#primaryimage"},"image":{"@id":"https:\/\/linmot.com\/de\/branchen\/automobil\/#primaryimage"},"thumbnailUrl":"https:\/\/linmot.com\/de\/wp-content\/uploads\/sites\/2\/2017\/10\/LinMot-Solutions-Automotive-Industry.jpg","datePublished":"2017-10-20T21:34:10+00:00","dateModified":"2023-05-10T12:49:02+00:00","description":"Vereinfacht Funktions- und Dauertests in der Automobilindustrie und flexible L\u00f6sungen bei grossen St\u00fcckzahlen in der Montagetechnik.","breadcrumb":{"@id":"https:\/\/linmot.com\/de\/branchen\/automobil\/#breadcrumb"},"inLanguage":"de","potentialAction":[{"@type":"ReadAction","target":["https:\/\/linmot.com\/de\/branchen\/automobil\/"]}]},{"@type":"ImageObject","inLanguage":"de","@id":"https:\/\/linmot.com\/de\/branchen\/automobil\/#primaryimage","url":"https:\/\/linmot.com\/de\/wp-content\/uploads\/sites\/2\/2017\/10\/LinMot-Solutions-Automotive-Industry.jpg","contentUrl":"https:\/\/linmot.com\/de\/wp-content\/uploads\/sites\/2\/2017\/10\/LinMot-Solutions-Automotive-Industry.jpg","width":940,"height":300,"caption":"Branchenl\u00f6sungen f\u00fcr die Automobilindustrie"},{"@type":"BreadcrumbList","@id":"https:\/\/linmot.com\/de\/branchen\/automobil\/#breadcrumb","itemListElement":[{"@type":"ListItem","position":1,"name":"LinMot","item":"https:\/\/linmot.com\/de\/"},{"@type":"ListItem","position":2,"name":"Branchenl\u00f6sungen","item":"https:\/\/linmot.com\/de\/branchen\/"},{"@type":"ListItem","position":3,"name":"Automobilindustrie"}]},{"@type":"WebSite","@id":"https:\/\/linmot.com\/de\/#website","url":"https:\/\/linmot.com\/de\/","name":"LinMot & MagSpring - Industrielle Linearmotoren","description":"Hochwertigen Linearmotoren und Linearmotorsystemen","publisher":{"@id":"https:\/\/linmot.com\/de\/#organization"},"potentialAction":[{"@type":"SearchAction","target":{"@type":"EntryPoint","urlTemplate":"https:\/\/linmot.com\/de\/?s={search_term_string}"},"query-input":{"@type":"PropertyValueSpecification","valueRequired":true,"valueName":"search_term_string"}}],"inLanguage":"de"},{"@type":"Organization","@id":"https:\/\/linmot.com\/de\/#organization","name":"NTI AG - LinMot & MagSpring","url":"https:\/\/linmot.com\/de\/","logo":{"@type":"ImageObject","inLanguage":"de","@id":"https:\/\/linmot.com\/de\/#\/schema\/logo\/image\/","url":"https:\/\/linmot.com\/de\/wp-content\/uploads\/sites\/2\/2022\/01\/social-logo.jpg","contentUrl":"https:\/\/linmot.com\/de\/wp-content\/uploads\/sites\/2\/2022\/01\/social-logo.jpg","width":800,"height":500,"caption":"NTI AG - LinMot & MagSpring"},"image":{"@id":"https:\/\/linmot.com\/de\/#\/schema\/logo\/image\/"},"sameAs":["https:\/\/www.linkedin.com\/company\/nti-ag-linmot-magspring","https:\/\/www.youtube.com\/user\/LinMotEurope","https:\/\/www.xing.com\/pages\/linmot-magspring"]}]}},"_links":{"self":[{"href":"https:\/\/linmot.com\/de\/wp-json\/wp\/v2\/pages\/52","targetHints":{"allow":["GET"]}}],"collection":[{"href":"https:\/\/linmot.com\/de\/wp-json\/wp\/v2\/pages"}],"about":[{"href":"https:\/\/linmot.com\/de\/wp-json\/wp\/v2\/types\/page"}],"author":[{"embeddable":true,"href":"https:\/\/linmot.com\/de\/wp-json\/wp\/v2\/users\/1"}],"replies":[{"embeddable":true,"href":"https:\/\/linmot.com\/de\/wp-json\/wp\/v2\/comments?post=52"}],"version-history":[{"count":11,"href":"https:\/\/linmot.com\/de\/wp-json\/wp\/v2\/pages\/52\/revisions"}],"predecessor-version":[{"id":1719,"href":"https:\/\/linmot.com\/de\/wp-json\/wp\/v2\/pages\/52\/revisions\/1719"}],"up":[{"embeddable":true,"href":"https:\/\/linmot.com\/de\/wp-json\/wp\/v2\/pages\/8"}],"wp:attachment":[{"href":"https:\/\/linmot.com\/de\/wp-json\/wp\/v2\/media?parent=52"}],"curies":[{"name":"wp","href":"https:\/\/api.w.org\/{rel}","templated":true}]}}