{"id":5125,"date":"2024-07-08T09:19:35","date_gmt":"2024-07-08T07:19:35","guid":{"rendered":"https:\/\/linmot.com\/de\/?page_id=5125"},"modified":"2024-09-04T14:14:28","modified_gmt":"2024-09-04T12:14:28","slug":"life-science","status":"publish","type":"page","link":"https:\/\/linmot.com\/de\/branchen\/life-science\/","title":{"rendered":"Life Science"},"content":{"rendered":"<p><strong>Im Bereich der Life Science ist der Bau von Maschinen zur Produktaufbereitung von entscheidender Bedeutung.<br \/>\n<\/strong><\/p>\n<img loading=\"lazy\" decoding=\"async\" class=\"aligncenter wp-image-5126 size-full\" src=\"https:\/\/linmot.com\/de\/wp-content\/uploads\/sites\/2\/2024\/07\/LinMot-Solutions-Life-Science.jpg\" alt=\"Branchenl\u00f6sungen f\u00fcr Life Science\" width=\"940\" height=\"300\" srcset=\"https:\/\/linmot.com\/de\/wp-content\/uploads\/sites\/2\/2024\/07\/LinMot-Solutions-Life-Science.jpg 940w, https:\/\/linmot.com\/de\/wp-content\/uploads\/sites\/2\/2024\/07\/LinMot-Solutions-Life-Science-300x96.jpg 300w, https:\/\/linmot.com\/de\/wp-content\/uploads\/sites\/2\/2024\/07\/LinMot-Solutions-Life-Science-768x245.jpg 768w\" sizes=\"auto, (max-width: 940px) 100vw, 940px\" \/>\n<p>Um Pr\u00e4zision, Zuverl\u00e4ssigkeit und Sicherheit zu gew\u00e4hrleisten, ist der Einsatz spezieller, qualitativ hochwertiger Ger\u00e4te unerl\u00e4sslich. Diese Maschinen m\u00fcssen strengen Normen entsprechen, da selbst der kleinste Fehler die Ergebnisse und die Produktsicherheit beeintr\u00e4chtigen kann. Der Einsatz modernster Komponenten, langlebiger Materialien und fortschrittlicher Technologien gew\u00e4hrleistet eine hervorragende und dauerhafte Leistung. Investitionen in Qualit\u00e4t steigern nicht nur die Produktionseffizienz, sondern auch den Ruf des Unternehmens und schaffen Vertrauen und Zufriedenheit auf dem immer anspruchsvolleren Life-Science-Markt.<\/p>\n<p>Die Linearantriebe von LinMot spielen dabei eine entscheidende Rolle. Dank ihrer hohen Pr\u00e4zision und Wiederholgenauigkeit eignen sie sich ideal f\u00fcr Anwendungen, bei denen es auf pr\u00e4zise Bewegungen ankommt, was in der Life-Science-Industrie besonders wichtig ist. Zudem bieten LinMot Linearantriebe eine aussergew\u00f6hnliche Zuverl\u00e4ssigkeit, die einen reibungslosen Produktionsprozess ohne ungeplante Stillst\u00e4nde garantiert.<\/p>\n<p>Besonders hervorzuheben ist, dass die Linearantriebe von LinMot auch in Edelstahl erh\u00e4ltlich sind. Dadurch eignen sie sich besonders f\u00fcr sterile Umgebungen, da sie leicht zu reinigen und zu desinfizieren sind und somit h\u00f6chste Hygienestandards erf\u00fcllen. Gerade in der Life-Science-Industrie, wo Sauberkeit und Hygiene oberste Priorit\u00e4t haben, ist diese Eigenschaft unabdingbar.<\/p>\n<p>Eine \u00dcbersicht s\u00e4mtlicher LinMot-Produkte erwartet Sie auf dieser Seite:<\/p>\n<p><a class=\"button\" href=\"\/de\/die-produkteuebersicht-von-linmot-und-magspring\/\">Zur Produkt\u00fcbersicht<\/a><\/p>\n<hr \/>\n<h2>Anwendungsberichte aus der Life Science Industrie<\/h2>\n<div class=\"row download\">\n<div class=\"col-md-3\">\n<h4 class=\"download-title\">LinMot Systeme in Pharmamaschinen von AFAQ<\/h4>\n<p class=\"bodytext\" align=\"justify\">Als f\u00fchrendes Unternehmen in der MENA-Region (Middle East and North Africa) f\u00fcr pharmazeutische Maschinen und Produktionslinien unternimmt AFAQ gro\u00dfe Anstrengungen beim Vergleich und bei der Auswahl von hochmodernen Systemen, die in seiner Maschinen (DropFill-SC Serie f\u00fcr Abf\u00fcllung und Verschliessen von Augentropfen) eingesetzt werden.<\/p>\n<p><a class=\"button\" href=\"\/de\/blog\/linmot-systeme-in-pharmamaschinen-von-afaq\/\">Zum Artikel<\/a><br \/>\n<\/div>\n<div class=\"col-md-2\">\n<img loading=\"lazy\" decoding=\"async\" class=\"alignnone wp-image-3296 size-full\" src=\"https:\/\/linmot.com\/wp-content\/uploads\/2022\/08\/afaq-pharmaceutical-machines-application-report.jpg\" alt=\"\" width=\"220\" height=\"220\" \/><br \/>\n<\/div>\n<div class=\"col-md-2\">\n<\/div>\n<div class=\"col-md-3\">\n<h4 class=\"download-title\">Der Kampf gegen Medikamentenf\u00e4lschung<\/h4>\n<p class=\"bodytext\" align=\"justify\">Mit \u00fcber 6 Milliarden prozessierten Produkten pro Jahr und mit der f\u00fchrenden Technologie der Linearantriebe von LinMot bilden die einzigartigen Codierungsmaschinen von Hicof die Speerspitze der Initiative in F\u00e4lschungssicherheit.<\/p>\n<p><a class=\"button\" href=\"\/de\/blog\/der-kampf-gegen-medikamentenfaelschung-driven-by-linmot\/\">Zum Artikel<\/a><br \/>\n<\/div>\n<div class=\"col-md-2\">\n<img loading=\"lazy\" decoding=\"async\" class=\"alignnone wp-image-3296 size-full\" src=\"https:\/\/linmot.com\/wp-content\/uploads\/2022\/08\/fight-against-counterfeit-medications-application-report.jpg\" alt=\"\" width=\"220\" height=\"220\" \/><br \/>\n<\/div>\n<\/div>\n<div class=\"row download\">\n<div class=\"col-md-3\">\n<h4 class=\"download-title\">Pharmaproduktion in Zeiten der Covid-19-Pandemie<\/h4>\n<p class=\"bodytext\" align=\"justify\">Multiformat Abf\u00fcll- und Verschliessanlagen der Zellwag Pharmtech AG mit pr\u00e4zisen Hubdreh-Motoren von LinMot.<\/p>\n<p><a class=\"button\" href=\"\/de\/blog\/pharmaproduktion-in-zeiten-der-covid-19-pandemie\/\">Zum Artikel<\/a><br \/>\n<\/div>\n<div class=\"col-md-2\">\n<img loading=\"lazy\" decoding=\"async\" class=\"alignnone wp-image-3296 size-full\" src=\"https:\/\/linmot.com\/wp-content\/uploads\/2022\/08\/pharmaceutical-production-during-covid-19-application-report.jpg\" alt=\"\" width=\"220\" height=\"220\" \/><br \/>\n<\/div>\n<div class=\"col-md-2\">\n<\/div>\n<\/div>\n","protected":false},"excerpt":{"rendered":"<p>Im Bereich der Life Science ist der Bau von Maschinen zur Produktaufbereitung von entscheidender Bedeutung. Um Pr\u00e4zision, Zuverl\u00e4ssigkeit und Sicherheit zu gew\u00e4hrleisten, ist der Einsatz spezieller, qualitativ hochwertiger Ger\u00e4te unerl\u00e4sslich. Diese Maschinen m\u00fcssen strengen Normen entsprechen, da selbst der kleinste Fehler die Ergebnisse und die Produktsicherheit beeintr\u00e4chtigen kann. Der Einsatz modernster Komponenten, langlebiger Materialien und [&hellip;]<\/p>\n","protected":false},"author":9,"featured_media":0,"parent":8,"menu_order":18,"comment_status":"closed","ping_status":"closed","template":"","meta":{"_acf_changed":false,"footnotes":""},"class_list":["post-5125","page","type-page","status-publish","hentry"],"acf":[],"yoast_head":"<!-- This site is optimized with the Yoast SEO Premium plugin v20.9 (Yoast SEO v27.3) - https:\/\/yoast.com\/product\/yoast-seo-premium-wordpress\/ -->\n<title>Die Branchenl\u00f6sungen f\u00fcr die Life Science Branche<\/title>\n<meta name=\"description\" content=\"Im Bereich der Life Science ist der Bau von Maschinen zur Produktaufbereitung von entscheidender Bedeutung.\" \/>\n<meta name=\"robots\" content=\"index, follow, max-snippet:-1, max-image-preview:large, max-video-preview:-1\" \/>\n<link rel=\"canonical\" href=\"https:\/\/linmot.com\/de\/branchen\/life-science\/\" \/>\n<meta property=\"og:locale\" content=\"de_DE\" \/>\n<meta property=\"og:type\" content=\"article\" \/>\n<meta property=\"og:title\" content=\"Life Science - Branchenl\u00f6sungen | LinMot\" \/>\n<meta property=\"og:description\" content=\"Im Bereich der Life Science ist der Bau von Maschinen zur Produktaufbereitung von entscheidender Bedeutung\" \/>\n<meta property=\"og:url\" content=\"https:\/\/linmot.com\/de\/branchen\/life-science\/\" \/>\n<meta property=\"og:site_name\" content=\"LinMot &amp; MagSpring - Deutsch\" \/>\n<meta property=\"article:modified_time\" content=\"2024-09-04T12:14:28+00:00\" \/>\n<meta property=\"og:image\" content=\"https:\/\/linmot.com\/de\/wp-content\/uploads\/sites\/2\/2024\/07\/LinMot-Solutions-Life-Science.jpg\" \/>\n\t<meta property=\"og:image:width\" content=\"940\" \/>\n\t<meta property=\"og:image:height\" content=\"300\" \/>\n\t<meta property=\"og:image:type\" content=\"image\/jpeg\" \/>\n<meta name=\"twitter:card\" content=\"summary_large_image\" \/>\n<meta name=\"twitter:title\" content=\"Life Science\" \/>\n<meta name=\"twitter:label1\" content=\"Gesch\u00e4tzte Lesezeit\" \/>\n\t<meta name=\"twitter:data1\" content=\"3 Minuten\" \/>\n<script type=\"application\/ld+json\" class=\"yoast-schema-graph\">{\"@context\":\"https:\\\/\\\/schema.org\",\"@graph\":[{\"@type\":\"WebPage\",\"@id\":\"https:\\\/\\\/linmot.com\\\/de\\\/branchen\\\/life-science\\\/\",\"url\":\"https:\\\/\\\/linmot.com\\\/de\\\/branchen\\\/life-science\\\/\",\"name\":\"Die Branchenl\u00f6sungen f\u00fcr die Life Science Branche\",\"isPartOf\":{\"@id\":\"https:\\\/\\\/linmot.com\\\/de\\\/#website\"},\"primaryImageOfPage\":{\"@id\":\"https:\\\/\\\/linmot.com\\\/de\\\/branchen\\\/life-science\\\/#primaryimage\"},\"image\":{\"@id\":\"https:\\\/\\\/linmot.com\\\/de\\\/branchen\\\/life-science\\\/#primaryimage\"},\"thumbnailUrl\":\"https:\\\/\\\/linmot.com\\\/de\\\/wp-content\\\/uploads\\\/sites\\\/2\\\/2024\\\/07\\\/LinMot-Solutions-Life-Science.jpg\",\"datePublished\":\"2024-07-08T07:19:35+00:00\",\"dateModified\":\"2024-09-04T12:14:28+00:00\",\"description\":\"Im Bereich der Life Science ist der Bau von Maschinen zur Produktaufbereitung von entscheidender Bedeutung.\",\"breadcrumb\":{\"@id\":\"https:\\\/\\\/linmot.com\\\/de\\\/branchen\\\/life-science\\\/#breadcrumb\"},\"inLanguage\":\"de\",\"potentialAction\":[{\"@type\":\"ReadAction\",\"target\":[\"https:\\\/\\\/linmot.com\\\/de\\\/branchen\\\/life-science\\\/\"]}]},{\"@type\":\"ImageObject\",\"inLanguage\":\"de\",\"@id\":\"https:\\\/\\\/linmot.com\\\/de\\\/branchen\\\/life-science\\\/#primaryimage\",\"url\":\"https:\\\/\\\/linmot.com\\\/de\\\/wp-content\\\/uploads\\\/sites\\\/2\\\/2024\\\/07\\\/LinMot-Solutions-Life-Science.jpg\",\"contentUrl\":\"https:\\\/\\\/linmot.com\\\/de\\\/wp-content\\\/uploads\\\/sites\\\/2\\\/2024\\\/07\\\/LinMot-Solutions-Life-Science.jpg\",\"width\":940,\"height\":300,\"caption\":\"Branchenl\u00f6sungen f\u00fcr Life Science\"},{\"@type\":\"BreadcrumbList\",\"@id\":\"https:\\\/\\\/linmot.com\\\/de\\\/branchen\\\/life-science\\\/#breadcrumb\",\"itemListElement\":[{\"@type\":\"ListItem\",\"position\":1,\"name\":\"LinMot\",\"item\":\"https:\\\/\\\/linmot.com\\\/de\\\/\"},{\"@type\":\"ListItem\",\"position\":2,\"name\":\"Branchenl\u00f6sungen\",\"item\":\"https:\\\/\\\/linmot.com\\\/de\\\/branchen\\\/\"},{\"@type\":\"ListItem\",\"position\":3,\"name\":\"Life Science\"}]},{\"@type\":\"WebSite\",\"@id\":\"https:\\\/\\\/linmot.com\\\/de\\\/#website\",\"url\":\"https:\\\/\\\/linmot.com\\\/de\\\/\",\"name\":\"LinMot & MagSpring - Industrielle Linearmotoren\",\"description\":\"Hochwertigen Linearmotoren und Linearmotorsystemen\",\"publisher\":{\"@id\":\"https:\\\/\\\/linmot.com\\\/de\\\/#organization\"},\"potentialAction\":[{\"@type\":\"SearchAction\",\"target\":{\"@type\":\"EntryPoint\",\"urlTemplate\":\"https:\\\/\\\/linmot.com\\\/de\\\/?s={search_term_string}\"},\"query-input\":{\"@type\":\"PropertyValueSpecification\",\"valueRequired\":true,\"valueName\":\"search_term_string\"}}],\"inLanguage\":\"de\"},{\"@type\":\"Organization\",\"@id\":\"https:\\\/\\\/linmot.com\\\/de\\\/#organization\",\"name\":\"NTI AG - LinMot & MagSpring\",\"url\":\"https:\\\/\\\/linmot.com\\\/de\\\/\",\"logo\":{\"@type\":\"ImageObject\",\"inLanguage\":\"de\",\"@id\":\"https:\\\/\\\/linmot.com\\\/de\\\/#\\\/schema\\\/logo\\\/image\\\/\",\"url\":\"https:\\\/\\\/linmot.com\\\/de\\\/wp-content\\\/uploads\\\/sites\\\/2\\\/2022\\\/01\\\/social-logo.jpg\",\"contentUrl\":\"https:\\\/\\\/linmot.com\\\/de\\\/wp-content\\\/uploads\\\/sites\\\/2\\\/2022\\\/01\\\/social-logo.jpg\",\"width\":800,\"height\":500,\"caption\":\"NTI AG - LinMot & MagSpring\"},\"image\":{\"@id\":\"https:\\\/\\\/linmot.com\\\/de\\\/#\\\/schema\\\/logo\\\/image\\\/\"},\"sameAs\":[\"https:\\\/\\\/www.linkedin.com\\\/company\\\/nti-ag-linmot-magspring\",\"https:\\\/\\\/www.youtube.com\\\/user\\\/LinMotEurope\",\"https:\\\/\\\/www.xing.com\\\/pages\\\/linmot-magspring\"]}]}<\/script>\n<!-- \/ Yoast SEO Premium plugin. -->","yoast_head_json":{"title":"Die Branchenl\u00f6sungen f\u00fcr die Life Science Branche","description":"Im Bereich der Life Science ist der Bau von Maschinen zur Produktaufbereitung von entscheidender Bedeutung.","robots":{"index":"index","follow":"follow","max-snippet":"max-snippet:-1","max-image-preview":"max-image-preview:large","max-video-preview":"max-video-preview:-1"},"canonical":"https:\/\/linmot.com\/de\/branchen\/life-science\/","og_locale":"de_DE","og_type":"article","og_title":"Life Science - Branchenl\u00f6sungen | LinMot","og_description":"Im Bereich der Life Science ist der Bau von Maschinen zur Produktaufbereitung von entscheidender Bedeutung","og_url":"https:\/\/linmot.com\/de\/branchen\/life-science\/","og_site_name":"LinMot &amp; MagSpring - Deutsch","article_modified_time":"2024-09-04T12:14:28+00:00","og_image":[{"width":940,"height":300,"url":"https:\/\/linmot.com\/de\/wp-content\/uploads\/sites\/2\/2024\/07\/LinMot-Solutions-Life-Science.jpg","type":"image\/jpeg"}],"twitter_card":"summary_large_image","twitter_title":"Life Science","twitter_misc":{"Gesch\u00e4tzte Lesezeit":"3 Minuten"},"schema":{"@context":"https:\/\/schema.org","@graph":[{"@type":"WebPage","@id":"https:\/\/linmot.com\/de\/branchen\/life-science\/","url":"https:\/\/linmot.com\/de\/branchen\/life-science\/","name":"Die Branchenl\u00f6sungen f\u00fcr die Life Science Branche","isPartOf":{"@id":"https:\/\/linmot.com\/de\/#website"},"primaryImageOfPage":{"@id":"https:\/\/linmot.com\/de\/branchen\/life-science\/#primaryimage"},"image":{"@id":"https:\/\/linmot.com\/de\/branchen\/life-science\/#primaryimage"},"thumbnailUrl":"https:\/\/linmot.com\/de\/wp-content\/uploads\/sites\/2\/2024\/07\/LinMot-Solutions-Life-Science.jpg","datePublished":"2024-07-08T07:19:35+00:00","dateModified":"2024-09-04T12:14:28+00:00","description":"Im Bereich der Life Science ist der Bau von Maschinen zur Produktaufbereitung von entscheidender Bedeutung.","breadcrumb":{"@id":"https:\/\/linmot.com\/de\/branchen\/life-science\/#breadcrumb"},"inLanguage":"de","potentialAction":[{"@type":"ReadAction","target":["https:\/\/linmot.com\/de\/branchen\/life-science\/"]}]},{"@type":"ImageObject","inLanguage":"de","@id":"https:\/\/linmot.com\/de\/branchen\/life-science\/#primaryimage","url":"https:\/\/linmot.com\/de\/wp-content\/uploads\/sites\/2\/2024\/07\/LinMot-Solutions-Life-Science.jpg","contentUrl":"https:\/\/linmot.com\/de\/wp-content\/uploads\/sites\/2\/2024\/07\/LinMot-Solutions-Life-Science.jpg","width":940,"height":300,"caption":"Branchenl\u00f6sungen f\u00fcr Life Science"},{"@type":"BreadcrumbList","@id":"https:\/\/linmot.com\/de\/branchen\/life-science\/#breadcrumb","itemListElement":[{"@type":"ListItem","position":1,"name":"LinMot","item":"https:\/\/linmot.com\/de\/"},{"@type":"ListItem","position":2,"name":"Branchenl\u00f6sungen","item":"https:\/\/linmot.com\/de\/branchen\/"},{"@type":"ListItem","position":3,"name":"Life Science"}]},{"@type":"WebSite","@id":"https:\/\/linmot.com\/de\/#website","url":"https:\/\/linmot.com\/de\/","name":"LinMot & MagSpring - Industrielle Linearmotoren","description":"Hochwertigen Linearmotoren und Linearmotorsystemen","publisher":{"@id":"https:\/\/linmot.com\/de\/#organization"},"potentialAction":[{"@type":"SearchAction","target":{"@type":"EntryPoint","urlTemplate":"https:\/\/linmot.com\/de\/?s={search_term_string}"},"query-input":{"@type":"PropertyValueSpecification","valueRequired":true,"valueName":"search_term_string"}}],"inLanguage":"de"},{"@type":"Organization","@id":"https:\/\/linmot.com\/de\/#organization","name":"NTI AG - LinMot & MagSpring","url":"https:\/\/linmot.com\/de\/","logo":{"@type":"ImageObject","inLanguage":"de","@id":"https:\/\/linmot.com\/de\/#\/schema\/logo\/image\/","url":"https:\/\/linmot.com\/de\/wp-content\/uploads\/sites\/2\/2022\/01\/social-logo.jpg","contentUrl":"https:\/\/linmot.com\/de\/wp-content\/uploads\/sites\/2\/2022\/01\/social-logo.jpg","width":800,"height":500,"caption":"NTI AG - LinMot & MagSpring"},"image":{"@id":"https:\/\/linmot.com\/de\/#\/schema\/logo\/image\/"},"sameAs":["https:\/\/www.linkedin.com\/company\/nti-ag-linmot-magspring","https:\/\/www.youtube.com\/user\/LinMotEurope","https:\/\/www.xing.com\/pages\/linmot-magspring"]}]}},"_links":{"self":[{"href":"https:\/\/linmot.com\/de\/wp-json\/wp\/v2\/pages\/5125","targetHints":{"allow":["GET"]}}],"collection":[{"href":"https:\/\/linmot.com\/de\/wp-json\/wp\/v2\/pages"}],"about":[{"href":"https:\/\/linmot.com\/de\/wp-json\/wp\/v2\/types\/page"}],"author":[{"embeddable":true,"href":"https:\/\/linmot.com\/de\/wp-json\/wp\/v2\/users\/9"}],"replies":[{"embeddable":true,"href":"https:\/\/linmot.com\/de\/wp-json\/wp\/v2\/comments?post=5125"}],"version-history":[{"count":4,"href":"https:\/\/linmot.com\/de\/wp-json\/wp\/v2\/pages\/5125\/revisions"}],"predecessor-version":[{"id":5132,"href":"https:\/\/linmot.com\/de\/wp-json\/wp\/v2\/pages\/5125\/revisions\/5132"}],"up":[{"embeddable":true,"href":"https:\/\/linmot.com\/de\/wp-json\/wp\/v2\/pages\/8"}],"wp:attachment":[{"href":"https:\/\/linmot.com\/de\/wp-json\/wp\/v2\/media?parent=5125"}],"curies":[{"name":"wp","href":"https:\/\/api.w.org\/{rel}","templated":true}]}}