{"id":48,"date":"2017-10-20T23:33:40","date_gmt":"2017-10-20T21:33:40","guid":{"rendered":"https:\/\/linmot.com\/?page_id=48"},"modified":"2025-10-16T12:12:14","modified_gmt":"2025-10-16T10:12:14","slug":"magspring","status":"publish","type":"page","link":"https:\/\/linmot.com\/de\/produkte\/magspring\/","title":{"rendered":"MagSpring"},"content":{"rendered":"<p><strong>MagSpring Produkte lassen sich am besten mit dem Begriff \u201cMagnetische Feder\u201d umschreiben. Der Begriff Feder ist allerdings in dem Sinne zu verstehen, dass MagSpring Komponenten eine konstante Kraft \u00fcber den gesamten Arbeitsbereich erzeugen, w\u00e4hrend eine typische Kennlinie einer mechanischen Feder eine wegabh\u00e4ngige Zunahme der Kraft aufweist. Durch die wegunabh\u00e4ngige Krafterzeugung lassen sich MagSpring&#8217;s vorz\u00fcglich f\u00fcr die Kompensation von Gewichtkr\u00e4ften in vertikalen Antriebsanordnungen einsetzen.<\/strong><\/p>\n<hr \/>\n<div class=\"row\">\n<div class=\"col-sm-2\">\n<p><a class=\"button\" href=\"#details\">1. Details<\/a><\/p>\n<\/div>\n<div class=\"col-sm-1\">\n<\/div>\n<div class=\"col-sm-2\">\n<p><a class=\"button\" href=\"#videos\">2. Videos<\/a><\/p>\n<\/div>\n<div class=\"col-sm-1\">\n<\/div>\n<div class=\"col-sm-2\">\n<p><a class=\"button\" href=\"#anwendung\">3. Anwendung<\/a><\/p>\n<\/div>\n<div class=\"col-sm-1\">\n<\/div>\n<div class=\"col-sm-2\">\n<p><a class=\"button\" href=\"#kontakt\">4. Kontakt<\/a><\/p>\n<\/div>\n<\/div>\n<hr \/>\n<h3 id=\"details\">1. Details<\/h3>\n<p>Das Produkt besteht aus 2 Hauptkomponenten. Dabei umgibt der Stator, den im Zentrum liegenden L\u00e4ufer. Je nach St\u00e4rkeklasse der MagSpring befinden sich die Permanentmagnete entweder im Stator, im L\u00e4ufer oder in beiden Komponenten. Die Lagerung des L\u00e4ufers erfolgt \u00fcber eine integrierte Gleitf\u00fchrung, sodass MagSpring Produkte konstruktiv, vergleichbar mit Gasdruckfedern eingesetzt werden k\u00f6nnen.<\/p>\n<blockquote><p>Konstante Kraft \u00fcber den ganzen Hub<\/p><\/blockquote>\n<p>Die Funktionsweise beruht auf der Anziehungskraft von Permanentmagneten. Entsprechend ist keine Energieversorgung (Strom, Druckluft etc.) notwendig, sodass auch sicherheitstechnisch relevante Anwendungen m\u00f6glich sind. Durch die spezielle Ausf\u00fchrung der flussf\u00fchrenden Komponenten sowie der Magnete werden die stark nichtlinearen Zusammenh\u00e4nge zwischen Kraft und Weg von Magnet-Eisen-Anordnungen in einen konstanten Kraftverlauf \u00fcbergef\u00fchrt.<\/p>\n<div class=\"row\">\n<div class=\"col-md-5\">\n<ul>\n<li>Rein passiv, ben\u00f6tigt weder Strom noch Druckluft<\/li>\n<li>Unterschiedliche Hubbereiche und Kr\u00e4fte<\/li>\n<li>Kr\u00e4fte bis 60 N<\/li>\n<li>H\u00fcbe bis 350 mm<\/li>\n<li>Kombinierbar mit H-F\u00fchrung<\/li>\n<li>Auch f\u00fcr dynamische Bewegungen geeignet<\/li>\n<li>Einfache Konstruktion<\/li>\n<\/ul>\n<\/div>\n<div class=\"col-md-7\">\n<div class=\"carousel slide\" id=\"fd3b136153e0decdc57f207b115e08f2\" data-ride=\"carousel\">  <div class=\"carousel-inner\" role=\"listbox\">    <div class=\"item active\">      <img decoding=\"async\" src=\"https:\/\/linmot.com\/de\/wp-content\/uploads\/sites\/2\/2017\/10\/MagSpring-4-Linmot.jpg\" alt=\"...\">    <\/div>    <div class=\"item\">      <img decoding=\"async\" src=\"https:\/\/linmot.com\/de\/wp-content\/uploads\/sites\/2\/2017\/10\/MagSpring-1-Linmot.jpg\" alt=\"...\">    <\/div>    <div class=\"item\">      <img decoding=\"async\" src=\"https:\/\/linmot.com\/de\/wp-content\/uploads\/sites\/2\/2017\/10\/MagSpring-2-Linmot.jpg\" alt=\"...\">    <\/div>    <div class=\"item\">      <img decoding=\"async\" src=\"https:\/\/linmot.com\/de\/wp-content\/uploads\/sites\/2\/2017\/10\/MagSpring-3-Linmot.jpg\" alt=\"...\">    <\/div>  <\/div><div class=\"navigation\"><a class=\"left carousel-control\" href=\"#fd3b136153e0decdc57f207b115e08f2\" role=\"button\" data-slide=\"prev\"><\/a><a class=\"right carousel-control\" href=\"#fd3b136153e0decdc57f207b115e08f2\" role=\"button\" data-slide=\"next\"><\/a><\/div><\/div>\n<\/div>\n<\/div>\n<blockquote><p>Ausfallsicherung und Kompensation der Gewichtskraft<\/p><\/blockquote>\n<p>Die konstante Kraft \u00fcber den ganzen Hubbereich eignet sich vorz\u00fcglich als Ausfallsicherung und f\u00fcr die Kompensation der Gewichtskraft bei vertikaler Einbaulage. Dank der Gewichtskraft-Kompensation durch die MagSpring wird der Linearmotor nur noch f\u00fcr die Positionierung bzw. das Aufbringen der dynamischen Kr\u00e4fte eingesetzt und kann entsprechend kleiner dimensioniert werden.<\/p>\n<p><a class=\"btn btn-active\" href=\"https:\/\/shop.linmot.com\/D\/magspring.htm\" target=\"_blank\" rel=\"noopener noreferrer\">Zu den Details im e-Katalog<\/a><\/p>\n<h2>Produktvorteile<\/h2>\n<p>Dank der konstanten Kraft- Wegkennlinie sind nebst dem Gewichtsausgleich bei vertikaler Einbaulage zahlreiche weitere Einsatzf\u00e4lle, wie etwa die lageunabh\u00e4ngige Erzeugung einer konstanten Anpresskraft, das Aufbringen einer konstanten Haltekraft \u00fcber einen grossen Hubbereich oder die einseitige Kraftunterst\u00fctzung bei komplexen Antriebsaufgaben realisierbar.<\/p>\n<div class=\"row\">\n<div class=\"col-md-4\">\n<h4>Befestigung<\/h4>\n<p>Die Statoren k\u00f6nnen wahlweise \u00fcber das Feingewinde oder eine Klemmung befestigt werden. F\u00fcr beide Baugr\u00f6ssen gibt es geeignete Befestigungsflansche. Bei der Fixierung des L\u00e4ufers an der Lastmasse ist darauf zu achten, dass Parallelit\u00e4tsfehler durch eine flexible Befestigung ausgeglichen werden.<br \/>\n<\/div>\n<div class=\"col-md-4\">\n<h4>Haltefunktion (Power-off)<\/h4>\n<p>Da MagSpring&#8217;s rein passive Elemente sind, kann im stromlosen Zustand eine definierte Funktion bzw. Lage einer Einrichtung sichergestellt werden. Z. B. das Hochheben eines Greifers oder Druckkopfes in vertikalen Anordnungen oder das Einziehen oder Ausfahren eines Schiebers mit konstanter Kraft.<br \/>\n<\/div>\n<div class=\"col-md-4\">\n<h4>Sichere Warteposition<\/h4>\n<p>Bei einer Unterbrechung der elektrischen Energieversorgung verhindert die MagSpring zudem, dass die Vertikalachse in den unteren Endanschlag f\u00e4llt. Ist die Kraft der MagSpring gr\u00f6sser als die Gewichtskraft, wird die Achse auf die obere Endposition gezogen.<br \/>\n<\/div>\n<\/div>\n<div class=\"row\">\n<div class=\"col-md-4\">\n<h4>Gewichtskraftkompensation<\/h4>\n<p>Bei vertikaler Einbaulage m\u00fcssen Linearmotoren und andere Direktantriebe dauernd eine konstante Kraft aufbringen, um der Gewichtskraft entgegen zu wirken.<\/p>\n<p>Mit einer parallel zum Linearmotor eingebauten MagSpring kann die Gewichtkraft passiv kompensiert werden. Der Linearmotor wird nur noch f\u00fcr den eigentlichen Positionierbetrieb bzw. das Aufbringen der dynamischen Kr\u00e4fte eingesetzt und kann entsprechend kleiner dimensioniert werden.<br \/>\n<\/div>\n<div class=\"col-md-4\">\n<h4>Anwendung konstante Kraft<\/h4>\n<p>Dank der konstanten Kraft-Wegkennlinie sind vielf\u00e4ltige weitere Einsatzf\u00e4lle m\u00f6glich, wie etwa die lageunabh\u00e4ngige Erzeugung einer konstanten Anpresskraft, das Aufbringen einer konstanten Haltekraft \u00fcber einen grossen Hubbereich oder die einseitige Kraftunterst\u00fctzung in Antriebsaufgaben.<\/p>\n<p>Die effektive Kraft liegt aufgrund der Material- und Fertigungstoleranz im Bereich von +\/-10% der Nennkraft.<br \/>\n<\/div>\n<\/div>\n<h3 id=\"videos\">2. Videos<\/h3>\n<div class=\"row download\">\n<div class=\"col-md-6\">\n<h4 class=\"download-title\">LinMot E Retraktion<\/h4>\n<p class=\"bodytext\">Im Falle eines Stromausfalls zieht die MagSpring die Welle des Linear-Rotationsmotors in eine sichere Position zur\u00fcck.<\/p>\n<\/div>\n<div class=\"col-md-1\">\n<\/div>\n<div class=\"col-md-5\">\n<div class=\"brlbs-cmpnt-container brlbs-cmpnt-content-blocker brlbs-cmpnt-with-individual-styles\" data-borlabs-cookie-content-blocker-id=\"youtube-content-blocker\" data-borlabs-cookie-content=\"PGlmcmFtZSB0aXRsZT0iWW91VHViZSB2aWRlbyBwbGF5ZXIiIHNyYz0iaHR0cHM6Ly93d3cueW91dHViZS1ub2Nvb2tpZS5jb20vZW1iZWQvaXVCdndIS01Ra1EiIHdpZHRoPSIzOTQiIGhlaWdodD0iMjIwIiBmcmFtZWJvcmRlcj0iMCIgYWxsb3dmdWxsc2NyZWVuPSJhbGxvd2Z1bGxzY3JlZW4iPjwvaWZyYW1lPg==\">\n<div class=\"brlbs-cmpnt-cb-preset-c brlbs-cmpnt-cb-youtube\">\n<div class=\"brlbs-cmpnt-cb-thumbnail\" style=\"background-image: url('https:\/\/linmot.com\/de\/wp-content\/uploads\/borlabs-cookie\/2\/yt_iuBvwHKMQkQ_hqdefault.jpg')\"><\/div>\n<div class=\"brlbs-cmpnt-cb-main\">\n<div class=\"brlbs-cmpnt-cb-play-button\"><\/div>\n<div class=\"brlbs-cmpnt-cb-content\">\n<p class=\"brlbs-cmpnt-cb-description\">Sie sehen gerade einen Platzhalterinhalt von <strong>YouTube<\/strong>. Um auf den eigentlichen Inhalt zuzugreifen, klicken Sie auf die Schaltfl\u00e4che unten. Bitte beachten Sie, dass dabei Daten an Drittanbieter weitergegeben werden.<\/p>\n<p> <a class=\"brlbs-cmpnt-cb-provider-toggle\" href=\"#\" data-borlabs-cookie-show-provider-information role=\"button\">Mehr Informationen<\/a> <\/div>\n<div class=\"brlbs-cmpnt-cb-buttons\"> <a class=\"brlbs-cmpnt-cb-btn\" href=\"#\" data-borlabs-cookie-unblock role=\"button\">Inhalt entsperren<\/a> <a class=\"brlbs-cmpnt-cb-btn\" href=\"#\" data-borlabs-cookie-accept-service role=\"button\" style=\"display: inherit\">Erforderlichen Service akzeptieren und Inhalte entsperren<\/a> <\/div>\n<\/p><\/div>\n<\/p><\/div>\n<\/div>\n<\/div>\n<\/div>\n<h3 id=\"anwendung\">3. Anwendung<\/h3>\n<div class=\"row download\">\n<div class=\"col-md-4\">\n<h4 class=\"download-title\">Massen zum Schweben bringen mit MagSpring<\/h4>\n<p class=\"bodytext\">Sollen bei vertikaler Einbaulage von Direktantrieben schnelle Zykluszeiten erreicht werden oder ein Abst\u00fcrzen einer Achse bei Stromausfall vermieden werden, ist eine Kompensation des Eigengewichts erforderlich. Bisher kommen hier vornehmlich mechanische Federn oder pneumatische Systeme zum Einsatz, die aber mit einigen Nachteilen behaftet sind. Eine \u201amagnetische Feder\u2018 von MagSpring ist in vielen F\u00e4llen daher die bessere Alternative.<\/p>\n<p><a class=\"button\" href=\"https:\/\/linmot.com\/de\/blog\/massen-zum-schweben-bringen-mit-magspring\/\">Zum Artikel<\/a><br \/>\n<\/div>\n<div class=\"col-md-8\">\n<img loading=\"lazy\" decoding=\"async\" class=\"alignnone wp-image-1765 size-full\" src=\"https:\/\/linmot.com\/de\/wp-content\/uploads\/sites\/2\/2021\/10\/MagSpring-Anwendungsbericht.jpg\" alt=\"MagSpring von LinMot\" width=\"615\" height=\"255\" \/><br \/>\n<\/div>\n<\/div>\n<h3 id=\"kontakt\">4. Kontakt<\/h3>\n<div class=\"row download\">\n<div class=\"col-md-6\">\n<h4 class=\"download-title\">Fragen zu MagSpring?<\/h4>\n<p class=\"bodytext\">Wir stehen Ihnen f\u00fcr Fragen gerne zur Verf\u00fcgung.<br \/>\nMelden Sie sich hierf\u00fcr \u00fcber das folgende Formular bei uns oder rufen Sie uns an unter:<\/p>\n<p class=\"bodytext\">Tel: +49 (0)201 858940 0<\/p>\n<p class=\"bodytext\">Das LinMot-Team<\/p>\n<\/div>\n<div class=\"col-md-1\">\n<\/div>\n<div class=\"col-md-5\">\n\n<div class=\"wpcf7 no-js\" id=\"wpcf7-f1617-o1\" lang=\"de-DE\" dir=\"ltr\" data-wpcf7-id=\"1617\">\n<div class=\"screen-reader-response\"><p role=\"status\" aria-live=\"polite\" aria-atomic=\"true\"><\/p> <ul><\/ul><\/div>\n<form action=\"\/de\/wp-json\/wp\/v2\/pages\/48#wpcf7-f1617-o1\" method=\"post\" class=\"wpcf7-form init\" aria-label=\"Kontaktformular\" novalidate=\"novalidate\" data-status=\"init\">\n<fieldset class=\"hidden-fields-container\"><input type=\"hidden\" name=\"_wpcf7\" value=\"1617\" \/><input type=\"hidden\" name=\"_wpcf7_version\" value=\"6.1.5\" \/><input type=\"hidden\" name=\"_wpcf7_locale\" value=\"de_DE\" \/><input type=\"hidden\" name=\"_wpcf7_unit_tag\" value=\"wpcf7-f1617-o1\" \/><input type=\"hidden\" name=\"_wpcf7_container_post\" value=\"0\" \/><input type=\"hidden\" name=\"_wpcf7_posted_data_hash\" value=\"\" \/><input type=\"hidden\" name=\"_wpcf7_recaptcha_response\" value=\"\" \/>\n<\/fieldset>\n<label> Ihr Name<br>\n    <span class=\"wpcf7-form-control-wrap\" data-name=\"your-name\"><input size=\"40\" maxlength=\"400\" class=\"wpcf7-form-control wpcf7-text wpcf7-validates-as-required\" aria-required=\"true\" aria-invalid=\"false\" value=\"\" type=\"text\" name=\"your-name\" \/><\/span> <\/label>\n<br>\n<label> Ihre Firma<br>\n    <span class=\"wpcf7-form-control-wrap\" data-name=\"your-company\"><input size=\"40\" maxlength=\"400\" class=\"wpcf7-form-control wpcf7-text wpcf7-validates-as-required\" aria-required=\"true\" aria-invalid=\"false\" value=\"\" type=\"text\" name=\"your-company\" \/><\/span> <\/label>\n<br>\n<label> Postleitzahl<br>\n    <span class=\"wpcf7-form-control-wrap\" data-name=\"your-plz\"><input class=\"wpcf7-form-control wpcf7-number wpcf7-validates-as-required wpcf7-validates-as-number\" aria-required=\"true\" aria-invalid=\"false\" value=\"\" type=\"number\" name=\"your-plz\" \/><\/span> <\/label>\n<br>\n<label> Land<br>\n    <span class=\"wpcf7-form-control-wrap\" data-name=\"your-country\"><input size=\"40\" maxlength=\"400\" class=\"wpcf7-form-control wpcf7-text wpcf7-validates-as-required\" aria-required=\"true\" aria-invalid=\"false\" value=\"\" type=\"text\" name=\"your-country\" \/><\/span> <\/label>\n<br>\n<label> Telefonnummer<br>\n    <span class=\"wpcf7-form-control-wrap\" data-name=\"your-telephone\"><input size=\"40\" maxlength=\"400\" class=\"wpcf7-form-control wpcf7-tel wpcf7-text wpcf7-validates-as-tel\" aria-invalid=\"false\" value=\"\" type=\"tel\" name=\"your-telephone\" \/><\/span> <\/label>\n<br>\n<label> E-Mail-Adresse<br>\n    <span class=\"wpcf7-form-control-wrap\" data-name=\"your-email\"><input size=\"40\" maxlength=\"400\" class=\"wpcf7-form-control wpcf7-email wpcf7-validates-as-required wpcf7-text wpcf7-validates-as-email\" aria-required=\"true\" aria-invalid=\"false\" value=\"\" type=\"email\" name=\"your-email\" \/><\/span> <\/label>\n<br>\n<label> Ihre Frage<br>\n    <span class=\"wpcf7-form-control-wrap\" data-name=\"your-message\"><textarea cols=\"40\" rows=\"10\" maxlength=\"2000\" class=\"wpcf7-form-control wpcf7-textarea\" aria-invalid=\"false\" name=\"your-message\"><\/textarea><\/span> <\/label>\n<br>\n<input class=\"wpcf7-form-control wpcf7-submit has-spinner\" type=\"submit\" value=\"Senden\" \/><div class=\"wpcf7-response-output\" aria-hidden=\"true\"><\/div>\n<\/form>\n<\/div>\n\n<\/div>\n<\/div>\n","protected":false},"excerpt":{"rendered":"<p>MagSpring Produkte lassen sich am besten mit dem Begriff \u201cMagnetische Feder\u201d umschreiben. Der Begriff Feder ist allerdings in dem Sinne zu verstehen, dass MagSpring Komponenten eine konstante Kraft \u00fcber den gesamten Arbeitsbereich erzeugen, w\u00e4hrend eine typische Kennlinie einer mechanischen Feder eine wegabh\u00e4ngige Zunahme der Kraft aufweist. Durch die wegunabh\u00e4ngige Krafterzeugung lassen sich MagSpring&#8217;s vorz\u00fcglich f\u00fcr [&hellip;]<\/p>\n","protected":false},"author":1,"featured_media":0,"parent":6,"menu_order":71,"comment_status":"closed","ping_status":"closed","template":"","meta":{"_acf_changed":false,"footnotes":""},"class_list":["post-48","page","type-page","status-publish","hentry"],"acf":[],"yoast_head":"<!-- This site is optimized with the Yoast SEO Premium plugin v20.9 (Yoast SEO v27.3) - https:\/\/yoast.com\/product\/yoast-seo-premium-wordpress\/ -->\n<title>MagSpring \u2013 Konstante Kraft \u00fcber den ganzen Hubbereich | LinMot<\/title>\n<meta name=\"description\" content=\"Die konstante Kraft der MagSpring \u00fcber den ganzen Hubbereich eignet sich f\u00fcr die Kompensation der Gewichtskraft bei vertikaler Einbaulage.\" \/>\n<meta name=\"robots\" content=\"index, follow, max-snippet:-1, max-image-preview:large, max-video-preview:-1\" \/>\n<link rel=\"canonical\" href=\"https:\/\/linmot.com\/de\/produkte\/magspring\/\" \/>\n<meta property=\"og:locale\" content=\"de_DE\" \/>\n<meta property=\"og:type\" content=\"article\" \/>\n<meta property=\"og:title\" content=\"MagSpring \u2013 Konstante Kraft \u00fcber den ganzen Hubbereich | LinMot\" \/>\n<meta property=\"og:description\" content=\"Die konstante Kraft der MagSpring \u00fcber den ganzen Hubbereich eignet sich f\u00fcr die Kompensation der Gewichtskraft bei vertikaler Einbaulage.\" \/>\n<meta property=\"og:url\" content=\"https:\/\/linmot.com\/de\/produkte\/magspring\/\" \/>\n<meta property=\"og:site_name\" content=\"LinMot &amp; MagSpring - Deutsch\" \/>\n<meta property=\"article:modified_time\" content=\"2025-10-16T10:12:14+00:00\" \/>\n<meta property=\"og:image\" content=\"https:\/\/linmot.com\/de\/wp-content\/uploads\/sites\/2\/2021\/10\/MagSpring-Anwendungsbericht.jpg\" \/>\n<meta name=\"twitter:card\" content=\"summary_large_image\" \/>\n<meta name=\"twitter:title\" content=\"MagSpring \u2013 Konstante Kraft \u00fcber den ganzen Hubbereich | LinMot\" \/>\n<meta name=\"twitter:description\" content=\"Die konstante Kraft der MagSpring \u00fcber den ganzen Hubbereich eignet sich f\u00fcr die Kompensation der Gewichtskraft bei vertikaler Einbaulage.\" \/>\n<meta name=\"twitter:label1\" content=\"Gesch\u00e4tzte Lesezeit\" \/>\n\t<meta name=\"twitter:data1\" content=\"5 Minuten\" \/>\n<script type=\"application\/ld+json\" class=\"yoast-schema-graph\">{\"@context\":\"https:\\\/\\\/schema.org\",\"@graph\":[{\"@type\":\"WebPage\",\"@id\":\"https:\\\/\\\/linmot.com\\\/de\\\/produkte\\\/magspring\\\/\",\"url\":\"https:\\\/\\\/linmot.com\\\/de\\\/produkte\\\/magspring\\\/\",\"name\":\"MagSpring \u2013 Konstante Kraft \u00fcber den ganzen Hubbereich | LinMot\",\"isPartOf\":{\"@id\":\"https:\\\/\\\/linmot.com\\\/de\\\/#website\"},\"primaryImageOfPage\":{\"@id\":\"https:\\\/\\\/linmot.com\\\/de\\\/produkte\\\/magspring\\\/#primaryimage\"},\"image\":{\"@id\":\"https:\\\/\\\/linmot.com\\\/de\\\/produkte\\\/magspring\\\/#primaryimage\"},\"thumbnailUrl\":\"https:\\\/\\\/linmot.com\\\/de\\\/wp-content\\\/uploads\\\/sites\\\/2\\\/2021\\\/10\\\/MagSpring-Anwendungsbericht.jpg\",\"datePublished\":\"2017-10-20T21:33:40+00:00\",\"dateModified\":\"2025-10-16T10:12:14+00:00\",\"description\":\"Die konstante Kraft der MagSpring \u00fcber den ganzen Hubbereich eignet sich f\u00fcr die Kompensation der Gewichtskraft bei vertikaler Einbaulage.\",\"breadcrumb\":{\"@id\":\"https:\\\/\\\/linmot.com\\\/de\\\/produkte\\\/magspring\\\/#breadcrumb\"},\"inLanguage\":\"de\",\"potentialAction\":[{\"@type\":\"ReadAction\",\"target\":[\"https:\\\/\\\/linmot.com\\\/de\\\/produkte\\\/magspring\\\/\"]}]},{\"@type\":\"ImageObject\",\"inLanguage\":\"de\",\"@id\":\"https:\\\/\\\/linmot.com\\\/de\\\/produkte\\\/magspring\\\/#primaryimage\",\"url\":\"https:\\\/\\\/linmot.com\\\/de\\\/wp-content\\\/uploads\\\/sites\\\/2\\\/2021\\\/10\\\/MagSpring-Anwendungsbericht.jpg\",\"contentUrl\":\"https:\\\/\\\/linmot.com\\\/de\\\/wp-content\\\/uploads\\\/sites\\\/2\\\/2021\\\/10\\\/MagSpring-Anwendungsbericht.jpg\",\"width\":615,\"height\":276,\"caption\":\"Visualisierung von MagSpring\"},{\"@type\":\"BreadcrumbList\",\"@id\":\"https:\\\/\\\/linmot.com\\\/de\\\/produkte\\\/magspring\\\/#breadcrumb\",\"itemListElement\":[{\"@type\":\"ListItem\",\"position\":1,\"name\":\"LinMot\",\"item\":\"https:\\\/\\\/linmot.com\\\/de\\\/\"},{\"@type\":\"ListItem\",\"position\":2,\"name\":\"Produkte\",\"item\":\"https:\\\/\\\/linmot.com\\\/de\\\/produkte\\\/\"},{\"@type\":\"ListItem\",\"position\":3,\"name\":\"MagSpring\"}]},{\"@type\":\"WebSite\",\"@id\":\"https:\\\/\\\/linmot.com\\\/de\\\/#website\",\"url\":\"https:\\\/\\\/linmot.com\\\/de\\\/\",\"name\":\"LinMot & MagSpring - Industrielle Linearmotoren\",\"description\":\"Hochwertigen Linearmotoren und Linearmotorsystemen\",\"publisher\":{\"@id\":\"https:\\\/\\\/linmot.com\\\/de\\\/#organization\"},\"potentialAction\":[{\"@type\":\"SearchAction\",\"target\":{\"@type\":\"EntryPoint\",\"urlTemplate\":\"https:\\\/\\\/linmot.com\\\/de\\\/?s={search_term_string}\"},\"query-input\":{\"@type\":\"PropertyValueSpecification\",\"valueRequired\":true,\"valueName\":\"search_term_string\"}}],\"inLanguage\":\"de\"},{\"@type\":\"Organization\",\"@id\":\"https:\\\/\\\/linmot.com\\\/de\\\/#organization\",\"name\":\"NTI AG - LinMot & MagSpring\",\"url\":\"https:\\\/\\\/linmot.com\\\/de\\\/\",\"logo\":{\"@type\":\"ImageObject\",\"inLanguage\":\"de\",\"@id\":\"https:\\\/\\\/linmot.com\\\/de\\\/#\\\/schema\\\/logo\\\/image\\\/\",\"url\":\"https:\\\/\\\/linmot.com\\\/de\\\/wp-content\\\/uploads\\\/sites\\\/2\\\/2022\\\/01\\\/social-logo.jpg\",\"contentUrl\":\"https:\\\/\\\/linmot.com\\\/de\\\/wp-content\\\/uploads\\\/sites\\\/2\\\/2022\\\/01\\\/social-logo.jpg\",\"width\":800,\"height\":500,\"caption\":\"NTI AG - LinMot & MagSpring\"},\"image\":{\"@id\":\"https:\\\/\\\/linmot.com\\\/de\\\/#\\\/schema\\\/logo\\\/image\\\/\"},\"sameAs\":[\"https:\\\/\\\/www.linkedin.com\\\/company\\\/nti-ag-linmot-magspring\",\"https:\\\/\\\/www.youtube.com\\\/user\\\/LinMotEurope\",\"https:\\\/\\\/www.xing.com\\\/pages\\\/linmot-magspring\"]}]}<\/script>\n<!-- \/ Yoast SEO Premium plugin. -->","yoast_head_json":{"title":"MagSpring \u2013 Konstante Kraft \u00fcber den ganzen Hubbereich | LinMot","description":"Die konstante Kraft der MagSpring \u00fcber den ganzen Hubbereich eignet sich f\u00fcr die Kompensation der Gewichtskraft bei vertikaler Einbaulage.","robots":{"index":"index","follow":"follow","max-snippet":"max-snippet:-1","max-image-preview":"max-image-preview:large","max-video-preview":"max-video-preview:-1"},"canonical":"https:\/\/linmot.com\/de\/produkte\/magspring\/","og_locale":"de_DE","og_type":"article","og_title":"MagSpring \u2013 Konstante Kraft \u00fcber den ganzen Hubbereich | LinMot","og_description":"Die konstante Kraft der MagSpring \u00fcber den ganzen Hubbereich eignet sich f\u00fcr die Kompensation der Gewichtskraft bei vertikaler Einbaulage.","og_url":"https:\/\/linmot.com\/de\/produkte\/magspring\/","og_site_name":"LinMot &amp; MagSpring - Deutsch","article_modified_time":"2025-10-16T10:12:14+00:00","og_image":[{"url":"https:\/\/linmot.com\/de\/wp-content\/uploads\/sites\/2\/2021\/10\/MagSpring-Anwendungsbericht.jpg","type":"","width":"","height":""}],"twitter_card":"summary_large_image","twitter_title":"MagSpring \u2013 Konstante Kraft \u00fcber den ganzen Hubbereich | LinMot","twitter_description":"Die konstante Kraft der MagSpring \u00fcber den ganzen Hubbereich eignet sich f\u00fcr die Kompensation der Gewichtskraft bei vertikaler Einbaulage.","twitter_misc":{"Gesch\u00e4tzte Lesezeit":"5 Minuten"},"schema":{"@context":"https:\/\/schema.org","@graph":[{"@type":"WebPage","@id":"https:\/\/linmot.com\/de\/produkte\/magspring\/","url":"https:\/\/linmot.com\/de\/produkte\/magspring\/","name":"MagSpring \u2013 Konstante Kraft \u00fcber den ganzen Hubbereich | LinMot","isPartOf":{"@id":"https:\/\/linmot.com\/de\/#website"},"primaryImageOfPage":{"@id":"https:\/\/linmot.com\/de\/produkte\/magspring\/#primaryimage"},"image":{"@id":"https:\/\/linmot.com\/de\/produkte\/magspring\/#primaryimage"},"thumbnailUrl":"https:\/\/linmot.com\/de\/wp-content\/uploads\/sites\/2\/2021\/10\/MagSpring-Anwendungsbericht.jpg","datePublished":"2017-10-20T21:33:40+00:00","dateModified":"2025-10-16T10:12:14+00:00","description":"Die konstante Kraft der MagSpring \u00fcber den ganzen Hubbereich eignet sich f\u00fcr die Kompensation der Gewichtskraft bei vertikaler Einbaulage.","breadcrumb":{"@id":"https:\/\/linmot.com\/de\/produkte\/magspring\/#breadcrumb"},"inLanguage":"de","potentialAction":[{"@type":"ReadAction","target":["https:\/\/linmot.com\/de\/produkte\/magspring\/"]}]},{"@type":"ImageObject","inLanguage":"de","@id":"https:\/\/linmot.com\/de\/produkte\/magspring\/#primaryimage","url":"https:\/\/linmot.com\/de\/wp-content\/uploads\/sites\/2\/2021\/10\/MagSpring-Anwendungsbericht.jpg","contentUrl":"https:\/\/linmot.com\/de\/wp-content\/uploads\/sites\/2\/2021\/10\/MagSpring-Anwendungsbericht.jpg","width":615,"height":276,"caption":"Visualisierung von MagSpring"},{"@type":"BreadcrumbList","@id":"https:\/\/linmot.com\/de\/produkte\/magspring\/#breadcrumb","itemListElement":[{"@type":"ListItem","position":1,"name":"LinMot","item":"https:\/\/linmot.com\/de\/"},{"@type":"ListItem","position":2,"name":"Produkte","item":"https:\/\/linmot.com\/de\/produkte\/"},{"@type":"ListItem","position":3,"name":"MagSpring"}]},{"@type":"WebSite","@id":"https:\/\/linmot.com\/de\/#website","url":"https:\/\/linmot.com\/de\/","name":"LinMot & MagSpring - Industrielle Linearmotoren","description":"Hochwertigen Linearmotoren und Linearmotorsystemen","publisher":{"@id":"https:\/\/linmot.com\/de\/#organization"},"potentialAction":[{"@type":"SearchAction","target":{"@type":"EntryPoint","urlTemplate":"https:\/\/linmot.com\/de\/?s={search_term_string}"},"query-input":{"@type":"PropertyValueSpecification","valueRequired":true,"valueName":"search_term_string"}}],"inLanguage":"de"},{"@type":"Organization","@id":"https:\/\/linmot.com\/de\/#organization","name":"NTI AG - LinMot & MagSpring","url":"https:\/\/linmot.com\/de\/","logo":{"@type":"ImageObject","inLanguage":"de","@id":"https:\/\/linmot.com\/de\/#\/schema\/logo\/image\/","url":"https:\/\/linmot.com\/de\/wp-content\/uploads\/sites\/2\/2022\/01\/social-logo.jpg","contentUrl":"https:\/\/linmot.com\/de\/wp-content\/uploads\/sites\/2\/2022\/01\/social-logo.jpg","width":800,"height":500,"caption":"NTI AG - LinMot & MagSpring"},"image":{"@id":"https:\/\/linmot.com\/de\/#\/schema\/logo\/image\/"},"sameAs":["https:\/\/www.linkedin.com\/company\/nti-ag-linmot-magspring","https:\/\/www.youtube.com\/user\/LinMotEurope","https:\/\/www.xing.com\/pages\/linmot-magspring"]}]}},"_links":{"self":[{"href":"https:\/\/linmot.com\/de\/wp-json\/wp\/v2\/pages\/48","targetHints":{"allow":["GET"]}}],"collection":[{"href":"https:\/\/linmot.com\/de\/wp-json\/wp\/v2\/pages"}],"about":[{"href":"https:\/\/linmot.com\/de\/wp-json\/wp\/v2\/types\/page"}],"author":[{"embeddable":true,"href":"https:\/\/linmot.com\/de\/wp-json\/wp\/v2\/users\/1"}],"replies":[{"embeddable":true,"href":"https:\/\/linmot.com\/de\/wp-json\/wp\/v2\/comments?post=48"}],"version-history":[{"count":27,"href":"https:\/\/linmot.com\/de\/wp-json\/wp\/v2\/pages\/48\/revisions"}],"predecessor-version":[{"id":6029,"href":"https:\/\/linmot.com\/de\/wp-json\/wp\/v2\/pages\/48\/revisions\/6029"}],"up":[{"embeddable":true,"href":"https:\/\/linmot.com\/de\/wp-json\/wp\/v2\/pages\/6"}],"wp:attachment":[{"href":"https:\/\/linmot.com\/de\/wp-json\/wp\/v2\/media?parent=48"}],"curies":[{"name":"wp","href":"https:\/\/api.w.org\/{rel}","templated":true}]}}