{"id":475,"date":"2018-04-24T18:45:50","date_gmt":"2018-04-24T16:45:50","guid":{"rendered":"https:\/\/linmot.com\/?page_id=475"},"modified":"2022-07-27T10:40:25","modified_gmt":"2022-07-27T08:40:25","slug":"wartung","status":"publish","type":"page","link":"https:\/\/linmot.com\/de\/wartung\/","title":{"rendered":"Wartung"},"content":{"rendered":"<h2>LinMot Designer &#8211; Anleitungen<\/h2>\n<div class=\"row\">\n<div class=\"col-md-6\">\n<h4>LinMot H-guide Maintenance and Alignment<\/h4>\n<div class=\"brlbs-cmpnt-container brlbs-cmpnt-content-blocker brlbs-cmpnt-with-individual-styles\" data-borlabs-cookie-content-blocker-id=\"youtube-content-blocker\" data-borlabs-cookie-content=\"PGlmcmFtZSBzcmM9Ii8vd3d3LnlvdXR1YmUtbm9jb29raWUuY29tL2VtYmVkL2dpMWM2UV8xamJBIiB3aWR0aD0iNDYwIiBoZWlnaHQ9IjI4OCIgZnJhbWVib3JkZXI9IjAiIGFsbG93ZnVsbHNjcmVlbj0iYWxsb3dmdWxsc2NyZWVuIj48L2lmcmFtZT4=\">\n<div class=\"brlbs-cmpnt-cb-preset-c brlbs-cmpnt-cb-youtube\">\n<div class=\"brlbs-cmpnt-cb-thumbnail\" style=\"background-image: url('https:\/\/linmot.com\/de\/wp-content\/uploads\/borlabs-cookie\/2\/yt_gi1c6Q_1jbA_hqdefault.jpg')\"><\/div>\n<div class=\"brlbs-cmpnt-cb-main\">\n<div class=\"brlbs-cmpnt-cb-play-button\"><\/div>\n<div class=\"brlbs-cmpnt-cb-content\">\n<p class=\"brlbs-cmpnt-cb-description\">Sie sehen gerade einen Platzhalterinhalt von <strong>YouTube<\/strong>. Um auf den eigentlichen Inhalt zuzugreifen, klicken Sie auf die Schaltfl\u00e4che unten. Bitte beachten Sie, dass dabei Daten an Drittanbieter weitergegeben werden.<\/p>\n<p> <a class=\"brlbs-cmpnt-cb-provider-toggle\" href=\"#\" data-borlabs-cookie-show-provider-information role=\"button\">Mehr Informationen<\/a> <\/div>\n<div class=\"brlbs-cmpnt-cb-buttons\"> <a class=\"brlbs-cmpnt-cb-btn\" href=\"#\" data-borlabs-cookie-unblock role=\"button\">Inhalt entsperren<\/a> <a class=\"brlbs-cmpnt-cb-btn\" href=\"#\" data-borlabs-cookie-accept-service role=\"button\" style=\"display: inherit\">Erforderlichen Service akzeptieren und Inhalte entsperren<\/a> <\/div>\n<\/p><\/div>\n<\/p><\/div>\n<\/div>\n<p>For more information about the guide&#8217;s maintenance and assembly instructions, please visit the category Linear Guides in our e-Catalogue.<br \/>\n<\/div>\n<div class=\"col-md-6\">\n<h4>F-Guide Stator and Slider Replacement<\/h4>\n<div class=\"brlbs-cmpnt-container brlbs-cmpnt-content-blocker brlbs-cmpnt-with-individual-styles\" data-borlabs-cookie-content-blocker-id=\"youtube-content-blocker\" data-borlabs-cookie-content=\"PGlmcmFtZSBzcmM9Ii8vd3d3LnlvdXR1YmUtbm9jb29raWUuY29tL2VtYmVkL0pPNW1MZDlJVXZRIiB3aWR0aD0iNDYwIiBoZWlnaHQ9IjI4OCIgZnJhbWVib3JkZXI9IjAiIGFsbG93ZnVsbHNjcmVlbj0iYWxsb3dmdWxsc2NyZWVuIj48L2lmcmFtZT4=\">\n<div class=\"brlbs-cmpnt-cb-preset-c brlbs-cmpnt-cb-youtube\">\n<div class=\"brlbs-cmpnt-cb-thumbnail\" style=\"background-image: url('https:\/\/linmot.com\/de\/wp-content\/uploads\/borlabs-cookie\/2\/yt_JO5mLd9IUvQ_hqdefault.jpg')\"><\/div>\n<div class=\"brlbs-cmpnt-cb-main\">\n<div class=\"brlbs-cmpnt-cb-play-button\"><\/div>\n<div class=\"brlbs-cmpnt-cb-content\">\n<p class=\"brlbs-cmpnt-cb-description\">Sie sehen gerade einen Platzhalterinhalt von <strong>YouTube<\/strong>. Um auf den eigentlichen Inhalt zuzugreifen, klicken Sie auf die Schaltfl\u00e4che unten. Bitte beachten Sie, dass dabei Daten an Drittanbieter weitergegeben werden.<\/p>\n<p> <a class=\"brlbs-cmpnt-cb-provider-toggle\" href=\"#\" data-borlabs-cookie-show-provider-information role=\"button\">Mehr Informationen<\/a> <\/div>\n<div class=\"brlbs-cmpnt-cb-buttons\"> <a class=\"brlbs-cmpnt-cb-btn\" href=\"#\" data-borlabs-cookie-unblock role=\"button\">Inhalt entsperren<\/a> <a class=\"brlbs-cmpnt-cb-btn\" href=\"#\" data-borlabs-cookie-accept-service role=\"button\" style=\"display: inherit\">Erforderlichen Service akzeptieren und Inhalte entsperren<\/a> <\/div>\n<\/p><\/div>\n<\/p><\/div>\n<\/div>\n<p>This video outlines the procedures for replacing the stator and slider in LinMot F01-48 guides.<br \/>\n<\/div>\n<\/div>\n","protected":false},"excerpt":{"rendered":"<p>LinMot Designer &#8211; Anleitungen<\/p>\n","protected":false},"author":1,"featured_media":0,"parent":0,"menu_order":133,"comment_status":"closed","ping_status":"closed","template":"","meta":{"_acf_changed":false,"footnotes":""},"class_list":["post-475","page","type-page","status-publish","hentry"],"acf":[],"yoast_head":"<!-- This site is optimized with the Yoast SEO Premium plugin v20.9 (Yoast SEO v27.2) - https:\/\/yoast.com\/product\/yoast-seo-premium-wordpress\/ -->\n<title>Wartung \u2013 Wie halte ich meine Motoren instand? | LinMot<\/title>\n<meta name=\"description\" content=\"Durch eine korrekte Wartung k\u00f6nnen Sie den gr\u00f6ssten Nutzen aus den Motoren ziehen. Diese Videos geben Ihnen kurze Anleitungen hierf\u00fcr.\" \/>\n<meta name=\"robots\" content=\"index, follow, max-snippet:-1, max-image-preview:large, max-video-preview:-1\" \/>\n<link rel=\"canonical\" href=\"https:\/\/linmot.com\/de\/wartung\/\" \/>\n<meta property=\"og:locale\" content=\"de_DE\" \/>\n<meta property=\"og:type\" content=\"article\" \/>\n<meta property=\"og:title\" content=\"Wartung\" \/>\n<meta property=\"og:description\" content=\"Durch eine korrekte Wartung k\u00f6nnen Sie den gr\u00f6ssten Nutzen aus den Motoren ziehen. Diese Videos geben Ihnen kurze Anleitungen hierf\u00fcr.\" \/>\n<meta property=\"og:url\" content=\"https:\/\/linmot.com\/de\/wartung\/\" \/>\n<meta property=\"og:site_name\" content=\"LinMot &amp; MagSpring - Deutsch\" \/>\n<meta property=\"article:modified_time\" content=\"2022-07-27T08:40:25+00:00\" \/>\n<meta property=\"og:image\" content=\"https:\/\/linmot.com\/de\/wp-content\/uploads\/sites\/2\/2022\/01\/social-logo.jpg\" \/>\n\t<meta property=\"og:image:width\" content=\"800\" \/>\n\t<meta property=\"og:image:height\" content=\"500\" \/>\n\t<meta property=\"og:image:type\" content=\"image\/jpeg\" \/>\n<meta name=\"twitter:card\" content=\"summary_large_image\" \/>\n<meta name=\"twitter:label1\" content=\"Gesch\u00e4tzte Lesezeit\" \/>\n\t<meta name=\"twitter:data1\" content=\"1 Minute\" \/>\n<script type=\"application\/ld+json\" class=\"yoast-schema-graph\">{\"@context\":\"https:\/\/schema.org\",\"@graph\":[{\"@type\":\"WebPage\",\"@id\":\"https:\/\/linmot.com\/de\/wartung\/\",\"url\":\"https:\/\/linmot.com\/de\/wartung\/\",\"name\":\"Wartung \u2013 Wie halte ich meine Motoren instand? | LinMot\",\"isPartOf\":{\"@id\":\"https:\/\/linmot.com\/de\/#website\"},\"datePublished\":\"2018-04-24T16:45:50+00:00\",\"dateModified\":\"2022-07-27T08:40:25+00:00\",\"description\":\"Durch eine korrekte Wartung k\u00f6nnen Sie den gr\u00f6ssten Nutzen aus den Motoren ziehen. Diese Videos geben Ihnen kurze Anleitungen hierf\u00fcr.\",\"breadcrumb\":{\"@id\":\"https:\/\/linmot.com\/de\/wartung\/#breadcrumb\"},\"inLanguage\":\"de\",\"potentialAction\":[{\"@type\":\"ReadAction\",\"target\":[\"https:\/\/linmot.com\/de\/wartung\/\"]}]},{\"@type\":\"BreadcrumbList\",\"@id\":\"https:\/\/linmot.com\/de\/wartung\/#breadcrumb\",\"itemListElement\":[{\"@type\":\"ListItem\",\"position\":1,\"name\":\"LinMot\",\"item\":\"https:\/\/linmot.com\/de\/\"},{\"@type\":\"ListItem\",\"position\":2,\"name\":\"Wartung\"}]},{\"@type\":\"WebSite\",\"@id\":\"https:\/\/linmot.com\/de\/#website\",\"url\":\"https:\/\/linmot.com\/de\/\",\"name\":\"LinMot & MagSpring - Industrielle Linearmotoren\",\"description\":\"Hochwertigen Linearmotoren und Linearmotorsystemen\",\"publisher\":{\"@id\":\"https:\/\/linmot.com\/de\/#organization\"},\"potentialAction\":[{\"@type\":\"SearchAction\",\"target\":{\"@type\":\"EntryPoint\",\"urlTemplate\":\"https:\/\/linmot.com\/de\/?s={search_term_string}\"},\"query-input\":{\"@type\":\"PropertyValueSpecification\",\"valueRequired\":true,\"valueName\":\"search_term_string\"}}],\"inLanguage\":\"de\"},{\"@type\":\"Organization\",\"@id\":\"https:\/\/linmot.com\/de\/#organization\",\"name\":\"NTI AG - LinMot & MagSpring\",\"url\":\"https:\/\/linmot.com\/de\/\",\"logo\":{\"@type\":\"ImageObject\",\"inLanguage\":\"de\",\"@id\":\"https:\/\/linmot.com\/de\/#\/schema\/logo\/image\/\",\"url\":\"https:\/\/linmot.com\/de\/wp-content\/uploads\/sites\/2\/2022\/01\/social-logo.jpg\",\"contentUrl\":\"https:\/\/linmot.com\/de\/wp-content\/uploads\/sites\/2\/2022\/01\/social-logo.jpg\",\"width\":800,\"height\":500,\"caption\":\"NTI AG - LinMot & MagSpring\"},\"image\":{\"@id\":\"https:\/\/linmot.com\/de\/#\/schema\/logo\/image\/\"},\"sameAs\":[\"https:\/\/www.linkedin.com\/company\/nti-ag-linmot-magspring\",\"https:\/\/www.youtube.com\/user\/LinMotEurope\",\"https:\/\/www.xing.com\/pages\/linmot-magspring\"]}]}<\/script>\n<!-- \/ Yoast SEO Premium plugin. -->","yoast_head_json":{"title":"Wartung \u2013 Wie halte ich meine Motoren instand? | LinMot","description":"Durch eine korrekte Wartung k\u00f6nnen Sie den gr\u00f6ssten Nutzen aus den Motoren ziehen. Diese Videos geben Ihnen kurze Anleitungen hierf\u00fcr.","robots":{"index":"index","follow":"follow","max-snippet":"max-snippet:-1","max-image-preview":"max-image-preview:large","max-video-preview":"max-video-preview:-1"},"canonical":"https:\/\/linmot.com\/de\/wartung\/","og_locale":"de_DE","og_type":"article","og_title":"Wartung","og_description":"Durch eine korrekte Wartung k\u00f6nnen Sie den gr\u00f6ssten Nutzen aus den Motoren ziehen. Diese Videos geben Ihnen kurze Anleitungen hierf\u00fcr.","og_url":"https:\/\/linmot.com\/de\/wartung\/","og_site_name":"LinMot &amp; MagSpring - Deutsch","article_modified_time":"2022-07-27T08:40:25+00:00","og_image":[{"width":800,"height":500,"url":"https:\/\/linmot.com\/de\/wp-content\/uploads\/sites\/2\/2022\/01\/social-logo.jpg","type":"image\/jpeg"}],"twitter_card":"summary_large_image","twitter_misc":{"Gesch\u00e4tzte Lesezeit":"1 Minute"},"schema":{"@context":"https:\/\/schema.org","@graph":[{"@type":"WebPage","@id":"https:\/\/linmot.com\/de\/wartung\/","url":"https:\/\/linmot.com\/de\/wartung\/","name":"Wartung \u2013 Wie halte ich meine Motoren instand? | LinMot","isPartOf":{"@id":"https:\/\/linmot.com\/de\/#website"},"datePublished":"2018-04-24T16:45:50+00:00","dateModified":"2022-07-27T08:40:25+00:00","description":"Durch eine korrekte Wartung k\u00f6nnen Sie den gr\u00f6ssten Nutzen aus den Motoren ziehen. Diese Videos geben Ihnen kurze Anleitungen hierf\u00fcr.","breadcrumb":{"@id":"https:\/\/linmot.com\/de\/wartung\/#breadcrumb"},"inLanguage":"de","potentialAction":[{"@type":"ReadAction","target":["https:\/\/linmot.com\/de\/wartung\/"]}]},{"@type":"BreadcrumbList","@id":"https:\/\/linmot.com\/de\/wartung\/#breadcrumb","itemListElement":[{"@type":"ListItem","position":1,"name":"LinMot","item":"https:\/\/linmot.com\/de\/"},{"@type":"ListItem","position":2,"name":"Wartung"}]},{"@type":"WebSite","@id":"https:\/\/linmot.com\/de\/#website","url":"https:\/\/linmot.com\/de\/","name":"LinMot & MagSpring - Industrielle Linearmotoren","description":"Hochwertigen Linearmotoren und Linearmotorsystemen","publisher":{"@id":"https:\/\/linmot.com\/de\/#organization"},"potentialAction":[{"@type":"SearchAction","target":{"@type":"EntryPoint","urlTemplate":"https:\/\/linmot.com\/de\/?s={search_term_string}"},"query-input":{"@type":"PropertyValueSpecification","valueRequired":true,"valueName":"search_term_string"}}],"inLanguage":"de"},{"@type":"Organization","@id":"https:\/\/linmot.com\/de\/#organization","name":"NTI AG - LinMot & MagSpring","url":"https:\/\/linmot.com\/de\/","logo":{"@type":"ImageObject","inLanguage":"de","@id":"https:\/\/linmot.com\/de\/#\/schema\/logo\/image\/","url":"https:\/\/linmot.com\/de\/wp-content\/uploads\/sites\/2\/2022\/01\/social-logo.jpg","contentUrl":"https:\/\/linmot.com\/de\/wp-content\/uploads\/sites\/2\/2022\/01\/social-logo.jpg","width":800,"height":500,"caption":"NTI AG - LinMot & MagSpring"},"image":{"@id":"https:\/\/linmot.com\/de\/#\/schema\/logo\/image\/"},"sameAs":["https:\/\/www.linkedin.com\/company\/nti-ag-linmot-magspring","https:\/\/www.youtube.com\/user\/LinMotEurope","https:\/\/www.xing.com\/pages\/linmot-magspring"]}]}},"_links":{"self":[{"href":"https:\/\/linmot.com\/de\/wp-json\/wp\/v2\/pages\/475","targetHints":{"allow":["GET"]}}],"collection":[{"href":"https:\/\/linmot.com\/de\/wp-json\/wp\/v2\/pages"}],"about":[{"href":"https:\/\/linmot.com\/de\/wp-json\/wp\/v2\/types\/page"}],"author":[{"embeddable":true,"href":"https:\/\/linmot.com\/de\/wp-json\/wp\/v2\/users\/1"}],"replies":[{"embeddable":true,"href":"https:\/\/linmot.com\/de\/wp-json\/wp\/v2\/comments?post=475"}],"version-history":[{"count":5,"href":"https:\/\/linmot.com\/de\/wp-json\/wp\/v2\/pages\/475\/revisions"}],"predecessor-version":[{"id":3611,"href":"https:\/\/linmot.com\/de\/wp-json\/wp\/v2\/pages\/475\/revisions\/3611"}],"wp:attachment":[{"href":"https:\/\/linmot.com\/de\/wp-json\/wp\/v2\/media?parent=475"}],"curies":[{"name":"wp","href":"https:\/\/api.w.org\/{rel}","templated":true}]}}