{"id":4675,"date":"2023-10-30T10:59:24","date_gmt":"2023-10-30T09:59:24","guid":{"rendered":"https:\/\/linmot.com\/de\/?page_id=4675"},"modified":"2026-01-08T11:29:08","modified_gmt":"2026-01-08T10:29:08","slug":"linear-by-linmot","status":"publish","type":"page","link":"https:\/\/linmot.com\/de\/linear-by-linmot\/","title":{"rendered":"LINEAR by LinMot"},"content":{"rendered":"<p><strong>Erfolgsgeschichten verlaufen in den seltensten F\u00e4llen linear. Herausforderungen und Chancen, Iterationen und Rotationen pr\u00e4gen sie. Mit LINEAR m\u00f6chten wir Ihnen genau diese Geschichten erz\u00e4hlen. Geschichten von Unternehmern, die mit LinMot innovative Wege gehen, von Entwicklern, die mit unserem Support Hindernisse \u00fcberwinden und von Kunden, die mit unseren Produkten und Dienstleistungen ihre Ziele erreichen. <\/strong><\/p>\n<p><strong>Es erwarten Sie nicht nur spannende Erfolgsgeschichten unserer Kunden, sondern auch detaillierte Einblicke in unsere Produkteinnovationen. Ausserdem thematisieren einige Artikel Fakten und Zahlen rund um unsere Linearmotoren, die Sie garantiert \u00fcberraschen werden.<\/strong><\/p>\n<hr \/>\n<h3 id=\"3rd\">Was erwartet Sie in der neusten Ausgabe von LINEAR?<\/h3>\n<img loading=\"lazy\" decoding=\"async\" class=\"wp-image-6146 size-full aligncenter\" src=\"https:\/\/linmot.com\/de\/wp-content\/uploads\/sites\/2\/2025\/12\/linear-nov-25.jpg\" alt=\"\" width=\"454\" height=\"408\" srcset=\"https:\/\/linmot.com\/de\/wp-content\/uploads\/sites\/2\/2025\/12\/linear-nov-25.jpg 454w, https:\/\/linmot.com\/de\/wp-content\/uploads\/sites\/2\/2025\/12\/linear-nov-25-300x270.jpg 300w\" sizes=\"auto, (max-width: 454px) 100vw, 454px\" \/>\n<p><strong>Artikel zu unseren Produkten<\/strong><\/p>\n<ul>\n<li>Neuheiten | Edelstahl in neuer Form<\/li>\n<li>Neuheiten | Modulare Systeme f\u00fcr mehr Flexibilit\u00e4t<\/li>\n<li>Neuheiten | Unsere neuen Drives im \u00dcberblick<\/li>\n<li>Neue Dimensionen | Mehr Modul- und Motorgr\u00f6ssen<\/li>\n<li>MagSpring | Eine spannende L\u00f6sung f\u00fcr Entspannung<\/li>\n<li>LinMot Pilot | Die neue No-Code-Steuerungsplattform<\/li>\n<\/ul>\n<p><strong>Erfolgsgeschichten<\/strong><\/p>\n<ul>\n<li>KISTLER | Starke Partner, starke Performance<\/li>\n<li>TEAM Automation Berlin | LinMot Flat Robots im Einsatz<\/li>\n<\/ul>\n<p><strong>Fakten &amp; Zahlen<\/strong><\/p>\n<ul>\n<li>Neue Webseite | Fortschritt im neuen Design<\/li>\n<li>Timeline | Eine Reise mit Antrieb<\/li>\n<li>LinMot GmbH | Unser Team stellt sich vor<\/li>\n<li>Coming Soon | Ein Blick auf kommende Neuheiten<\/li>\n<\/ul>\n<p><a class=\"button\" href=\"https:\/\/linmot.com\/fileadmin\/user_upload\/Downloads\/LINEAR\/linear_doppelseite_2025_de.pdf\" target=\"_blank\" rel=\"noopener\">3. Ausgabe von LINEAR zum Download (PDF)<\/a><\/p>\n<hr \/>\n<h3 id=\"2nd\">Was erwartet Sie in der zweiten Ausgabe von LINEAR?<\/h3>\n<img loading=\"lazy\" decoding=\"async\" class=\"aligncenter wp-image-5451 size-full\" src=\"https:\/\/linmot.com\/de\/wp-content\/uploads\/sites\/2\/2024\/11\/linear-ausgabe-2-cover.jpg\" alt=\"\" width=\"454\" height=\"408\" srcset=\"https:\/\/linmot.com\/de\/wp-content\/uploads\/sites\/2\/2024\/11\/linear-ausgabe-2-cover.jpg 454w, https:\/\/linmot.com\/de\/wp-content\/uploads\/sites\/2\/2024\/11\/linear-ausgabe-2-cover-300x270.jpg 300w\" sizes=\"auto, (max-width: 454px) 100vw, 454px\" \/>\n<p><strong>Artikel zu unseren Produkten<\/strong><\/p>\n<ul>\n<li>GM02 Edelstahlgreifer<\/li>\n<li>DM03 Z-Achse mit integriertem Lastausgleich<\/li>\n<li>Aussen blau Innen gr\u00fcn &#8211; LinMot an der Anuga FoodTec<\/li>\n<li>GM50 Hochgeschwindigkeitsgreifer<\/li>\n<li>GM51 Hochgeschwindigkeits-Drehgreifer<\/li>\n<li>PR02 Hebelarmanwendung f\u00fcr Pick-and-Place<\/li>\n<li>PR03 Langer Hub und geringe Masse f\u00fcr perfektes Sortieren<\/li>\n<li>Vielseitige Antriebe mit funktionaler Sicherheit<\/li>\n<\/ul>\n<p><strong>Erfolgsgeschichten<\/strong><\/p>\n<ul>\n<li>LinMot | Investition in Ihre Zukunft: Das LinMot Forschungs- und Entwicklungszentrum<\/li>\n<li>APA | Die neue Abf\u00fcllanlage ist ein Showroom smarter Antriebsl\u00f6sungen<\/li>\n<li>Weckerle Machines | Was ist Skinification? LinMot als Antrieb neuer Kosmetiktrends<\/li>\n<li>PAMOCO | Il futuro \u00e8 arrivato &#8211; Die Zukunfts ist da<\/li>\n<li>PROVICURVE | Intelligente Ausleitsysteme mit LinMot machen vieles besser<\/li>\n<\/ul>\n<p><strong>Fakten &amp; Zahlen<\/strong><\/p>\n<ul>\n<li>Kennen Sie schon? Unser neues Design<\/li>\n<li>Wussten Sie, dass Sie LinMot l\u00e4ngst kennen? LinMot in der Automobilindustrie<\/li>\n<li>Hall of Fame<\/li>\n<\/ul>\n<p><a class=\"button\" href=\"https:\/\/linmot.com\/fileadmin\/user_upload\/Downloads\/LINEAR\/linear_doppelseite_2024_de.pdf\" target=\"_blank\" rel=\"noopener\">2. Ausgabe von LINEAR zum Download (PDF)<\/a><\/p>\n<hr \/>\n<h3>Die zweite Ausgabe von LINEAR zum Durchbl\u00e4ttern<\/h3>\n<div class=\"brlbs-cmpnt-container brlbs-cmpnt-content-blocker brlbs-cmpnt-with-individual-styles\" data-borlabs-cookie-content-blocker-id=\"yumpu\" data-borlabs-cookie-content=\"PGlmcmFtZSBzcmM9Imh0dHBzOi8vd3d3Lnl1bXB1LmNvbS9kZS9lbWJlZC92aWV3L0gxd0xSVHREMnB1YnltTVUiIHdpZHRoPSI5NDBweCIgaGVpZ2h0PSI3MzdweCIgZnJhbWVib3JkZXI9IjAiIGFsbG93ZnVsbHNjcmVlbj0iYWxsb3dmdWxsc2NyZWVuIj48L2lmcmFtZT4=\">\n<div class=\"brlbs-cmpnt-cb-preset-a\">\n<p class=\"brlbs-cmpnt-cb-description\">Sie sehen gerade einen Platzhalterinhalt von <strong>Yumpu<\/strong>. Um auf den eigentlichen Inhalt zuzugreifen, klicken Sie auf die Schaltfl\u00e4che unten. Bitte beachten Sie, dass dabei Daten an Drittanbieter weitergegeben werden.<\/p>\n<div class=\"brlbs-cmpnt-cb-buttons\"> <a class=\"brlbs-cmpnt-cb-btn\" href=\"#\" data-borlabs-cookie-unblock role=\"button\">Inhalt entsperren<\/a> <a class=\"brlbs-cmpnt-cb-btn\" href=\"#\" data-borlabs-cookie-accept-service role=\"button\" style=\"display: inherit\">Erforderlichen Service akzeptieren und Inhalte entsperren<\/a> <\/div>\n<p> <a class=\"brlbs-cmpnt-cb-provider-toggle\" href=\"#\" data-borlabs-cookie-show-provider-information role=\"button\">Mehr Informationen<\/a> <\/div>\n<\/div>\n<hr \/>\n<h3 id=\"1st\">Was erwartet Sie in der ersten Ausgabe von LINEAR?<\/h3>\n<img loading=\"lazy\" decoding=\"async\" class=\"aligncenter wp-image-4774 size-full\" src=\"https:\/\/linmot.com\/de\/wp-content\/uploads\/sites\/2\/2023\/11\/linear-3d-darstellung.png\" alt=\"\" width=\"454\" height=\"408\" srcset=\"https:\/\/linmot.com\/de\/wp-content\/uploads\/sites\/2\/2023\/11\/linear-3d-darstellung.png 454w, https:\/\/linmot.com\/de\/wp-content\/uploads\/sites\/2\/2023\/11\/linear-3d-darstellung-300x270.png 300w\" sizes=\"auto, (max-width: 454px) 100vw, 454px\" \/>\n<p><strong>Artikel zu unseren Produkten<\/strong><\/p>\n<ul>\n<li>Hubdreh-Motor PR02-38<\/li>\n<li>LinMot Multi-Interface-Drive<\/li>\n<li>Linearmodul DM03<\/li>\n<li>LinMot Technologiemodul TM01<\/li>\n<li>Functional Safety<\/li>\n<li>P01-48-M01 mit integriertem Montagflansch<\/li>\n<li>Greifermodul GM01<\/li>\n<li>Transformer Track<\/li>\n<li>Fragen und Antwroten zu den reinraumtauglichen LinMot Linearmodulen<\/li>\n<\/ul>\n<p><strong>Erfolgsgeschichten<\/strong><\/p>\n<ul>\n<li>GARDENA | Kein Tropfen auf den heissen Stein: Wie man Wasser tropfenweise dorthin bringt, wo es Pflanzen brauchen: an die Wurzeln<\/li>\n<li>Kr\u00f6ning | Kreislauf in Schwung gebracht: F\u00fcr eine klimafreundliche Revolution in der Verpackungsindustrie<\/li>\n<li>Emmi | Bitte nicht kleckern: Welche Verschl\u00fcsse verhindern, dass wir uns morgens mit Milch verkleckern.<\/li>\n<\/ul>\n<p><strong>Fakten &amp; Zahlen<\/strong><\/p>\n<ul>\n<li>LinMot in Las Vegas: Die gr\u00f6sste Messe des Jahres in Nordamerika<\/li>\n<li>Grosses Kino gef\u00e4llig? Unsere besten Videos im Netz<\/li>\n<li>Sie m\u00f6chten noch mehr \u00fcber uns wissen? Auch digital sind wir zunehmend aktiv<\/li>\n<li>Support im Fokus: Das Support-Team von LinMot stellt sich vor<\/li>\n<li>Techfacts: Wussen Sie, dass&#8230;?<\/li>\n<\/ul>\n<p><a class=\"button\" href=\"https:\/\/linmot.com\/de\/wp-content\/uploads\/sites\/2\/2024\/03\/Linmot_Linear_de_gesamt_web.pdf\" target=\"_blank\" rel=\"noopener\">Erste Ausgabe von LINEAR zum Download (PDF)<\/a><\/p>\n<hr \/>\n<h3>Die erste Ausgabe von LINEAR zum Durchbl\u00e4ttern<\/h3>\n<div class=\"brlbs-cmpnt-container brlbs-cmpnt-content-blocker brlbs-cmpnt-with-individual-styles\" data-borlabs-cookie-content-blocker-id=\"yumpu\" data-borlabs-cookie-content=\"PGlmcmFtZSBzcmM9Imh0dHBzOi8vd3d3Lnl1bXB1LmNvbS9kZS9lbWJlZC92aWV3L3dSdHNlSm83UEszaGJPVHIiIHdpZHRoPSI5NDBweCIgaGVpZ2h0PSI3NDlweCIgZnJhbWVib3JkZXI9IjAiIGFsbG93ZnVsbHNjcmVlbj0iYWxsb3dmdWxsc2NyZWVuIj48L2lmcmFtZT4=\">\n<div class=\"brlbs-cmpnt-cb-preset-a\">\n<p class=\"brlbs-cmpnt-cb-description\">Sie sehen gerade einen Platzhalterinhalt von <strong>Yumpu<\/strong>. Um auf den eigentlichen Inhalt zuzugreifen, klicken Sie auf die Schaltfl\u00e4che unten. Bitte beachten Sie, dass dabei Daten an Drittanbieter weitergegeben werden.<\/p>\n<div class=\"brlbs-cmpnt-cb-buttons\"> <a class=\"brlbs-cmpnt-cb-btn\" href=\"#\" data-borlabs-cookie-unblock role=\"button\">Inhalt entsperren<\/a> <a class=\"brlbs-cmpnt-cb-btn\" href=\"#\" data-borlabs-cookie-accept-service role=\"button\" style=\"display: inherit\">Erforderlichen Service akzeptieren und Inhalte entsperren<\/a> <\/div>\n<p> <a class=\"brlbs-cmpnt-cb-provider-toggle\" href=\"#\" data-borlabs-cookie-show-provider-information role=\"button\">Mehr Informationen<\/a> <\/div>\n<\/div>\n","protected":false},"excerpt":{"rendered":"<p>Erfolgsgeschichten verlaufen in den seltensten F\u00e4llen linear. Herausforderungen und Chancen, Iterationen und Rotationen pr\u00e4gen sie. Mit LINEAR m\u00f6chten wir Ihnen genau diese Geschichten erz\u00e4hlen. Geschichten von Unternehmern, die mit LinMot innovative Wege gehen, von Entwicklern, die mit unserem Support Hindernisse \u00fcberwinden und von Kunden, die mit unseren Produkten und Dienstleistungen ihre Ziele erreichen. Es erwarten [&hellip;]<\/p>\n","protected":false},"author":9,"featured_media":0,"parent":0,"menu_order":10,"comment_status":"closed","ping_status":"closed","template":"","meta":{"_acf_changed":false,"footnotes":""},"class_list":["post-4675","page","type-page","status-publish","hentry"],"acf":[],"yoast_head":"<!-- This site is optimized with the Yoast SEO Premium plugin v20.9 (Yoast SEO v27.2) - https:\/\/yoast.com\/product\/yoast-seo-premium-wordpress\/ -->\n<title>LINEAR by LinMot<\/title>\n<meta name=\"description\" content=\"Erfolgsgeschichten verlaufen in den seltensten F\u00e4llen linear. Mit LINEAR m\u00f6chten wir Ihnen genau diese Geschichten erz\u00e4hlen.\" \/>\n<meta name=\"robots\" content=\"index, follow, max-snippet:-1, max-image-preview:large, max-video-preview:-1\" \/>\n<link rel=\"canonical\" href=\"https:\/\/linmot.com\/de\/linear-by-linmot\/\" \/>\n<meta property=\"og:locale\" content=\"de_DE\" \/>\n<meta property=\"og:type\" content=\"article\" \/>\n<meta property=\"og:title\" content=\"LINEAR by LinMot\" \/>\n<meta property=\"og:description\" content=\"Erfolgsgeschichten verlaufen in den seltensten F\u00e4llen linear. Mit LINEAR m\u00f6chten wir Ihnen genau diese Geschichten erz\u00e4hlen.\" \/>\n<meta property=\"og:url\" content=\"https:\/\/linmot.com\/de\/linear-by-linmot\/\" \/>\n<meta property=\"og:site_name\" content=\"LinMot &amp; MagSpring - Deutsch\" \/>\n<meta property=\"article:modified_time\" content=\"2026-01-08T10:29:08+00:00\" \/>\n<meta property=\"og:image\" content=\"https:\/\/linmot.com\/de\/wp-content\/uploads\/sites\/2\/2025\/12\/linear-nov-25.jpg\" \/>\n\t<meta property=\"og:image:width\" content=\"454\" \/>\n\t<meta property=\"og:image:height\" content=\"408\" \/>\n\t<meta property=\"og:image:type\" content=\"image\/jpeg\" \/>\n<meta name=\"twitter:card\" content=\"summary_large_image\" \/>\n<meta name=\"twitter:label1\" content=\"Gesch\u00e4tzte Lesezeit\" \/>\n\t<meta name=\"twitter:data1\" content=\"4 Minuten\" \/>\n<script type=\"application\/ld+json\" class=\"yoast-schema-graph\">{\"@context\":\"https:\/\/schema.org\",\"@graph\":[{\"@type\":\"WebPage\",\"@id\":\"https:\/\/linmot.com\/de\/linear-by-linmot\/\",\"url\":\"https:\/\/linmot.com\/de\/linear-by-linmot\/\",\"name\":\"LINEAR by LinMot\",\"isPartOf\":{\"@id\":\"https:\/\/linmot.com\/de\/#website\"},\"primaryImageOfPage\":{\"@id\":\"https:\/\/linmot.com\/de\/linear-by-linmot\/#primaryimage\"},\"image\":{\"@id\":\"https:\/\/linmot.com\/de\/linear-by-linmot\/#primaryimage\"},\"thumbnailUrl\":\"https:\/\/linmot.com\/de\/wp-content\/uploads\/sites\/2\/2025\/12\/linear-nov-25.jpg\",\"datePublished\":\"2023-10-30T09:59:24+00:00\",\"dateModified\":\"2026-01-08T10:29:08+00:00\",\"description\":\"Erfolgsgeschichten verlaufen in den seltensten F\u00e4llen linear. Mit LINEAR m\u00f6chten wir Ihnen genau diese Geschichten erz\u00e4hlen.\",\"breadcrumb\":{\"@id\":\"https:\/\/linmot.com\/de\/linear-by-linmot\/#breadcrumb\"},\"inLanguage\":\"de\",\"potentialAction\":[{\"@type\":\"ReadAction\",\"target\":[\"https:\/\/linmot.com\/de\/linear-by-linmot\/\"]}]},{\"@type\":\"ImageObject\",\"inLanguage\":\"de\",\"@id\":\"https:\/\/linmot.com\/de\/linear-by-linmot\/#primaryimage\",\"url\":\"https:\/\/linmot.com\/de\/wp-content\/uploads\/sites\/2\/2025\/12\/linear-nov-25.jpg\",\"contentUrl\":\"https:\/\/linmot.com\/de\/wp-content\/uploads\/sites\/2\/2025\/12\/linear-nov-25.jpg\",\"width\":454,\"height\":408},{\"@type\":\"BreadcrumbList\",\"@id\":\"https:\/\/linmot.com\/de\/linear-by-linmot\/#breadcrumb\",\"itemListElement\":[{\"@type\":\"ListItem\",\"position\":1,\"name\":\"LinMot\",\"item\":\"https:\/\/linmot.com\/de\/\"},{\"@type\":\"ListItem\",\"position\":2,\"name\":\"LINEAR by LinMot\"}]},{\"@type\":\"WebSite\",\"@id\":\"https:\/\/linmot.com\/de\/#website\",\"url\":\"https:\/\/linmot.com\/de\/\",\"name\":\"LinMot & MagSpring - Industrielle Linearmotoren\",\"description\":\"Hochwertigen Linearmotoren und Linearmotorsystemen\",\"publisher\":{\"@id\":\"https:\/\/linmot.com\/de\/#organization\"},\"potentialAction\":[{\"@type\":\"SearchAction\",\"target\":{\"@type\":\"EntryPoint\",\"urlTemplate\":\"https:\/\/linmot.com\/de\/?s={search_term_string}\"},\"query-input\":{\"@type\":\"PropertyValueSpecification\",\"valueRequired\":true,\"valueName\":\"search_term_string\"}}],\"inLanguage\":\"de\"},{\"@type\":\"Organization\",\"@id\":\"https:\/\/linmot.com\/de\/#organization\",\"name\":\"NTI AG - LinMot & MagSpring\",\"url\":\"https:\/\/linmot.com\/de\/\",\"logo\":{\"@type\":\"ImageObject\",\"inLanguage\":\"de\",\"@id\":\"https:\/\/linmot.com\/de\/#\/schema\/logo\/image\/\",\"url\":\"https:\/\/linmot.com\/de\/wp-content\/uploads\/sites\/2\/2022\/01\/social-logo.jpg\",\"contentUrl\":\"https:\/\/linmot.com\/de\/wp-content\/uploads\/sites\/2\/2022\/01\/social-logo.jpg\",\"width\":800,\"height\":500,\"caption\":\"NTI AG - LinMot & MagSpring\"},\"image\":{\"@id\":\"https:\/\/linmot.com\/de\/#\/schema\/logo\/image\/\"},\"sameAs\":[\"https:\/\/www.linkedin.com\/company\/nti-ag-linmot-magspring\",\"https:\/\/www.youtube.com\/user\/LinMotEurope\",\"https:\/\/www.xing.com\/pages\/linmot-magspring\"]}]}<\/script>\n<!-- \/ Yoast SEO Premium plugin. -->","yoast_head_json":{"title":"LINEAR by LinMot","description":"Erfolgsgeschichten verlaufen in den seltensten F\u00e4llen linear. Mit LINEAR m\u00f6chten wir Ihnen genau diese Geschichten erz\u00e4hlen.","robots":{"index":"index","follow":"follow","max-snippet":"max-snippet:-1","max-image-preview":"max-image-preview:large","max-video-preview":"max-video-preview:-1"},"canonical":"https:\/\/linmot.com\/de\/linear-by-linmot\/","og_locale":"de_DE","og_type":"article","og_title":"LINEAR by LinMot","og_description":"Erfolgsgeschichten verlaufen in den seltensten F\u00e4llen linear. Mit LINEAR m\u00f6chten wir Ihnen genau diese Geschichten erz\u00e4hlen.","og_url":"https:\/\/linmot.com\/de\/linear-by-linmot\/","og_site_name":"LinMot &amp; MagSpring - Deutsch","article_modified_time":"2026-01-08T10:29:08+00:00","og_image":[{"width":454,"height":408,"url":"https:\/\/linmot.com\/de\/wp-content\/uploads\/sites\/2\/2025\/12\/linear-nov-25.jpg","type":"image\/jpeg"}],"twitter_card":"summary_large_image","twitter_misc":{"Gesch\u00e4tzte Lesezeit":"4 Minuten"},"schema":{"@context":"https:\/\/schema.org","@graph":[{"@type":"WebPage","@id":"https:\/\/linmot.com\/de\/linear-by-linmot\/","url":"https:\/\/linmot.com\/de\/linear-by-linmot\/","name":"LINEAR by LinMot","isPartOf":{"@id":"https:\/\/linmot.com\/de\/#website"},"primaryImageOfPage":{"@id":"https:\/\/linmot.com\/de\/linear-by-linmot\/#primaryimage"},"image":{"@id":"https:\/\/linmot.com\/de\/linear-by-linmot\/#primaryimage"},"thumbnailUrl":"https:\/\/linmot.com\/de\/wp-content\/uploads\/sites\/2\/2025\/12\/linear-nov-25.jpg","datePublished":"2023-10-30T09:59:24+00:00","dateModified":"2026-01-08T10:29:08+00:00","description":"Erfolgsgeschichten verlaufen in den seltensten F\u00e4llen linear. Mit LINEAR m\u00f6chten wir Ihnen genau diese Geschichten erz\u00e4hlen.","breadcrumb":{"@id":"https:\/\/linmot.com\/de\/linear-by-linmot\/#breadcrumb"},"inLanguage":"de","potentialAction":[{"@type":"ReadAction","target":["https:\/\/linmot.com\/de\/linear-by-linmot\/"]}]},{"@type":"ImageObject","inLanguage":"de","@id":"https:\/\/linmot.com\/de\/linear-by-linmot\/#primaryimage","url":"https:\/\/linmot.com\/de\/wp-content\/uploads\/sites\/2\/2025\/12\/linear-nov-25.jpg","contentUrl":"https:\/\/linmot.com\/de\/wp-content\/uploads\/sites\/2\/2025\/12\/linear-nov-25.jpg","width":454,"height":408},{"@type":"BreadcrumbList","@id":"https:\/\/linmot.com\/de\/linear-by-linmot\/#breadcrumb","itemListElement":[{"@type":"ListItem","position":1,"name":"LinMot","item":"https:\/\/linmot.com\/de\/"},{"@type":"ListItem","position":2,"name":"LINEAR by LinMot"}]},{"@type":"WebSite","@id":"https:\/\/linmot.com\/de\/#website","url":"https:\/\/linmot.com\/de\/","name":"LinMot & MagSpring - Industrielle Linearmotoren","description":"Hochwertigen Linearmotoren und Linearmotorsystemen","publisher":{"@id":"https:\/\/linmot.com\/de\/#organization"},"potentialAction":[{"@type":"SearchAction","target":{"@type":"EntryPoint","urlTemplate":"https:\/\/linmot.com\/de\/?s={search_term_string}"},"query-input":{"@type":"PropertyValueSpecification","valueRequired":true,"valueName":"search_term_string"}}],"inLanguage":"de"},{"@type":"Organization","@id":"https:\/\/linmot.com\/de\/#organization","name":"NTI AG - LinMot & MagSpring","url":"https:\/\/linmot.com\/de\/","logo":{"@type":"ImageObject","inLanguage":"de","@id":"https:\/\/linmot.com\/de\/#\/schema\/logo\/image\/","url":"https:\/\/linmot.com\/de\/wp-content\/uploads\/sites\/2\/2022\/01\/social-logo.jpg","contentUrl":"https:\/\/linmot.com\/de\/wp-content\/uploads\/sites\/2\/2022\/01\/social-logo.jpg","width":800,"height":500,"caption":"NTI AG - LinMot & MagSpring"},"image":{"@id":"https:\/\/linmot.com\/de\/#\/schema\/logo\/image\/"},"sameAs":["https:\/\/www.linkedin.com\/company\/nti-ag-linmot-magspring","https:\/\/www.youtube.com\/user\/LinMotEurope","https:\/\/www.xing.com\/pages\/linmot-magspring"]}]}},"_links":{"self":[{"href":"https:\/\/linmot.com\/de\/wp-json\/wp\/v2\/pages\/4675","targetHints":{"allow":["GET"]}}],"collection":[{"href":"https:\/\/linmot.com\/de\/wp-json\/wp\/v2\/pages"}],"about":[{"href":"https:\/\/linmot.com\/de\/wp-json\/wp\/v2\/types\/page"}],"author":[{"embeddable":true,"href":"https:\/\/linmot.com\/de\/wp-json\/wp\/v2\/users\/9"}],"replies":[{"embeddable":true,"href":"https:\/\/linmot.com\/de\/wp-json\/wp\/v2\/comments?post=4675"}],"version-history":[{"count":51,"href":"https:\/\/linmot.com\/de\/wp-json\/wp\/v2\/pages\/4675\/revisions"}],"predecessor-version":[{"id":6260,"href":"https:\/\/linmot.com\/de\/wp-json\/wp\/v2\/pages\/4675\/revisions\/6260"}],"wp:attachment":[{"href":"https:\/\/linmot.com\/de\/wp-json\/wp\/v2\/media?parent=4675"}],"curies":[{"name":"wp","href":"https:\/\/api.w.org\/{rel}","templated":true}]}}