{"id":46,"date":"2017-10-20T23:33:25","date_gmt":"2017-10-20T21:33:25","guid":{"rendered":"https:\/\/linmot.com\/?page_id=46"},"modified":"2024-09-09T15:48:23","modified_gmt":"2024-09-09T13:48:23","slug":"servo-drives","status":"publish","type":"page","link":"https:\/\/linmot.com\/de\/produkte\/servo-drives\/","title":{"rendered":"Servo Drives"},"content":{"rendered":"<p align=\"justify\"><strong>Die umfassende Auswahl an LinMot Servo Drives bestechen durch ihre Schnelligkeit, hohe Flexibilit\u00e4t und den grossen Funktionsumfang. Zudem lassen sie sich spielendleicht in jede Art von Anwendung integrieren. Die Konzeption unserer Antriebe sind auf pr\u00e4zise Steuerung, ein optimales Kraft-\/Drehmomentverh\u00e4ltnis und auf eine Vielzahl von Funktionen ausgerichtet. Damit erg\u00e4nzen wir optimal das breite Angebot an Linearmotoren, integrierten Linearmodulen sowie den Hubdrehmotoren. Entscheidend ist zudem, dass unsere Servoantriebe einfach zu bedienen sind und zuverl\u00e4ssig arbeiten \u2013 so sparen Sie Zeit und Geld.<\/strong><\/p>\n<hr \/>\n<div class=\"row\">\n<div class=\"col-md-7\">\n<strong>Flexibel &amp; Integrierbar<\/strong><\/p>\n<ul>\n<li>Breites Anwendungsspektrum: Von einfachen Punkt-zu-Punkt bis komplexen mehrachsigen Anwendungen.<\/li>\n<li>Diskrete analoge und digitale, sowie serielle Schnittstellen, Feldbusse und echtzeit Ethernet.<\/li>\n<li>Technologiefunktionen wie Kraft-\/Drehmomentregelung und Prozess\u00fcberwachung<\/li>\n<\/ul>\n<p><strong>Sicher &amp; Zuverl\u00e4ssig<\/strong><\/p>\n<ul>\n<li>Antriebe verf\u00fcgbar mit oder ohne STO<\/li>\n<li>Funktionale Sicherheit SIL2 und PL d mit SLS, SOS, SS1, SS2, SBC, SBT<\/li>\n<li>Zus\u00e4tzlich zu CE und UL sind optional Verst\u00e4rkereing\u00e4nge f\u00fcr Messanwendungen inklusive Kalibrierungszertifikat verf\u00fcgbar<\/li>\n<\/ul>\n<p><strong>Benutzerfreundlich<\/strong><\/p>\n<ul>\n<li>Sofort betriebsbereit und die M\u00f6glichkeit, alles via Feldbus zu Parametrieren<\/li>\n<li>Kompaktes, schlankes Design, sowie einfache Installation und Inbetriebnahme<\/li>\n<li>Funktionsbl\u00f6cke und Programmbeispiele f\u00fcr alle g\u00e4ngigen SPSen<\/li>\n<\/ul>\n<p><a class=\"btn btn-active\" href=\"https:\/\/shop.linmot.com\/D\/servo-drives.htm\" target=\"_blank\" rel=\"noopener noreferrer\">Zu den Details im e-Katalog<\/a><\/p>\n<\/div>\n<div class=\"col-md-5\">\n<img loading=\"lazy\" decoding=\"async\" class=\"aligncenter size-full wp-image-3095\" src=\"https:\/\/linmot.com\/de\/wp-content\/uploads\/sites\/2\/2022\/03\/linmot-servoantriebe-uebersichtsbild.jpg\" alt=\"\" width=\"197\" height=\"350\" srcset=\"https:\/\/linmot.com\/de\/wp-content\/uploads\/sites\/2\/2022\/03\/linmot-servoantriebe-uebersichtsbild.jpg 197w, https:\/\/linmot.com\/de\/wp-content\/uploads\/sites\/2\/2022\/03\/linmot-servoantriebe-uebersichtsbild-169x300.jpg 169w\" sizes=\"auto, (max-width: 197px) 100vw, 197px\" \/>\n<\/div>\n<\/div>\n<hr \/>\n<div class=\"row\">\n<div class=\"col-md-7\">\n<h3>Funktionale Sicherheit<\/h3>\n<p align=\"justify\">LinMot integriert die entsprechenden Sicherheitsfunktionen und einige neue Zusatzfunktionen direkt in den Antrieb und Motor und achtet darauf, dass sie baugleich mit bestehenden Produkten sind.<\/p>\n<p><a class=\"button\" href=\"\/de\/produkte\/servo-drives\/funktionale-sicherheit\/\">Mehr dazu<\/a><\/p>\n<\/div>\n<div class=\"col-md-5\">\n<img loading=\"lazy\" decoding=\"async\" class=\"alignnone wp-image-3621 size-full\" src=\"https:\/\/linmot.com\/wp-content\/uploads\/2022\/08\/functional-safety.jpg\" alt=\"Funktionale Sicherheit von LinMot\" width=\"560\" height=\"332\" \/>\n<\/div>\n<\/div>\n<hr \/>\n<div class=\"row\">\n<div class=\"col-md-7\">\n<h3>Prozess\u00fcberwachung<\/h3>\n<p align=\"justify\">LinMot Drives zeichnen sich durch ihre sehr schnelle Zykluszeit aus und k\u00f6nnen dadurch einzelne Messpunkte mit h\u00f6chstm\u00f6glicher Abtastrate erfassen. Der Anwender erh\u00e4lt dadurch ein detailliertes Prozessbild und kann aufgrund dieser Daten entscheiden, ob der Prozess gelungen ist oder nicht.<\/p>\n<p><a class=\"button\" href=\"\/de\/produkte\/servo-drives\/prozessueberwachung\/\">Mehr dazu<\/a><\/p>\n<\/div>\n<div class=\"col-md-5\">\n<img loading=\"lazy\" decoding=\"async\" class=\"aligncenter wp-image-2813 size-full\" src=\"https:\/\/linmot.com\/de\/wp-content\/uploads\/sites\/2\/2022\/01\/monitoring-windows-servo-drive.jpg\" alt=\"Prozess\u00fcberwachung von LinMot\" width=\"355\" height=\"237\" srcset=\"https:\/\/linmot.com\/de\/wp-content\/uploads\/sites\/2\/2022\/01\/monitoring-windows-servo-drive.jpg 355w, https:\/\/linmot.com\/de\/wp-content\/uploads\/sites\/2\/2022\/01\/monitoring-windows-servo-drive-300x200.jpg 300w\" sizes=\"auto, (max-width: 355px) 100vw, 355px\" \/>\n<\/div>\n<\/div>\n<hr \/>\n<div class=\"row\">\n<div class=\"col-md-7\">\n<h3>Feldbusschnittstellen<\/h3>\n<p align=\"justify\">Die Anbindung an die \u00dcbergeordnete Steuerung kann \u00fcber analoge, digitale oder serielle Schnittstellen, Feldbusse oder ETHERNET erfolgen. Die Vielfalt an Feldbusschnittstellen und Protokollen erm\u00f6glicht die einfache Einbindung der LinMot Servo Drives an jede Steuerung, sei es eine SPS, ein Industrie PC oder eine propriet\u00e4re Steuerung.<\/p>\n<p><a class=\"button\" href=\"\/de\/produkte\/servo-drives\/feldbusschnittstellen\/\">Mehr dazu<\/a><\/p>\n<\/div>\n<div class=\"col-md-5\">\n<img loading=\"lazy\" decoding=\"async\" class=\"aligncenter wp-image-3153 size-full\" src=\"https:\/\/linmot.com\/wp-content\/uploads\/2022\/03\/fieldbus-grafik.jpg\" alt=\"Feldbusschnittstellen\" width=\"350\" height=\"324\" \/>\n<\/div>\n<\/div>\n<hr \/>\n<h2>Fragen?<\/h2>\n<p>Wir stehen Ihnen gerne f\u00fcr Ihre Fragen zur Verf\u00fcgung.<\/p>\n<p><a class=\"button\" href=\"\/de\/contact\/\">Finden Sie Ihren lokalen Ansprechspartner<\/a><\/p>\n","protected":false},"excerpt":{"rendered":"<p>Die umfassende Auswahl an LinMot Servo Drives bestechen durch ihre Schnelligkeit, hohe Flexibilit\u00e4t und den grossen Funktionsumfang. Zudem lassen sie sich spielendleicht in jede Art von Anwendung integrieren. Die Konzeption unserer Antriebe sind auf pr\u00e4zise Steuerung, ein optimales Kraft-\/Drehmomentverh\u00e4ltnis und auf eine Vielzahl von Funktionen ausgerichtet. Damit erg\u00e4nzen wir optimal das breite Angebot an Linearmotoren, [&hellip;]<\/p>\n","protected":false},"author":1,"featured_media":0,"parent":6,"menu_order":61,"comment_status":"closed","ping_status":"closed","template":"","meta":{"_acf_changed":false,"footnotes":""},"class_list":["post-46","page","type-page","status-publish","hentry"],"acf":[],"yoast_head":"<!-- This site is optimized with the Yoast SEO Premium plugin v20.9 (Yoast SEO v27.4) - https:\/\/yoast.com\/product\/yoast-seo-premium-wordpress\/ -->\n<title>Servo Drives \u2013 Die Positionierungsteuerung unserer Motoren<\/title>\n<meta name=\"description\" content=\"LinMot Servo Drives sind kompakte Positioniersteuerungen mit integrierten Leistungsteilen zur Ansteuerung der Motoren sowie einem Steuerteil mit integrierter Positionsregelung.\" \/>\n<meta name=\"robots\" content=\"index, follow, max-snippet:-1, max-image-preview:large, max-video-preview:-1\" \/>\n<link rel=\"canonical\" href=\"https:\/\/linmot.com\/de\/produkte\/servo-drives\/\" \/>\n<meta property=\"og:locale\" content=\"de_DE\" \/>\n<meta property=\"og:type\" content=\"article\" \/>\n<meta property=\"og:title\" content=\"Servo Drives \u2013 Die Positionierungsteuerung unserer Motoren\" \/>\n<meta property=\"og:description\" content=\"LinMot Servo Drives sind kompakte Positioniersteuerungen mit integrierten Leistungsteilen zur Ansteuerung der Motoren sowie einem Steuerteil mit integrierter Positionsregelung.\" \/>\n<meta property=\"og:url\" content=\"https:\/\/linmot.com\/de\/produkte\/servo-drives\/\" \/>\n<meta property=\"og:site_name\" content=\"LinMot &amp; MagSpring - Deutsch\" \/>\n<meta property=\"article:modified_time\" content=\"2024-09-09T13:48:23+00:00\" \/>\n<meta property=\"og:image\" content=\"https:\/\/linmot.com\/de\/wp-content\/uploads\/sites\/2\/2021\/07\/all-servo-drives-overview.jpg\" \/>\n\t<meta property=\"og:image:width\" content=\"543\" \/>\n\t<meta property=\"og:image:height\" content=\"190\" \/>\n\t<meta property=\"og:image:type\" content=\"image\/jpeg\" \/>\n<meta name=\"twitter:card\" content=\"summary_large_image\" \/>\n<meta name=\"twitter:title\" content=\"Servo Drives \u2013 Die Positionierungsteuerung unserer Motoren\" \/>\n<meta name=\"twitter:description\" content=\"LinMot Servo Drives sind kompakte Positioniersteuerungen mit integrierten Leistungsteilen zur Ansteuerung der Motoren sowie einem Steuerteil mit integrierter Positionsregelung.\" \/>\n<meta name=\"twitter:image\" content=\"https:\/\/linmot.com\/de\/wp-content\/uploads\/sites\/2\/2021\/07\/all-servo-drives-overview.jpg\" \/>\n<meta name=\"twitter:label1\" content=\"Gesch\u00e4tzte Lesezeit\" \/>\n\t<meta name=\"twitter:data1\" content=\"3 Minuten\" \/>\n<script type=\"application\/ld+json\" class=\"yoast-schema-graph\">{\"@context\":\"https:\\\/\\\/schema.org\",\"@graph\":[{\"@type\":\"WebPage\",\"@id\":\"https:\\\/\\\/linmot.com\\\/de\\\/produkte\\\/servo-drives\\\/\",\"url\":\"https:\\\/\\\/linmot.com\\\/de\\\/produkte\\\/servo-drives\\\/\",\"name\":\"Servo Drives \u2013 Die Positionierungsteuerung unserer Motoren\",\"isPartOf\":{\"@id\":\"https:\\\/\\\/linmot.com\\\/de\\\/#website\"},\"primaryImageOfPage\":{\"@id\":\"https:\\\/\\\/linmot.com\\\/de\\\/produkte\\\/servo-drives\\\/#primaryimage\"},\"image\":{\"@id\":\"https:\\\/\\\/linmot.com\\\/de\\\/produkte\\\/servo-drives\\\/#primaryimage\"},\"thumbnailUrl\":\"https:\\\/\\\/linmot.com\\\/de\\\/wp-content\\\/uploads\\\/sites\\\/2\\\/2022\\\/03\\\/linmot-servoantriebe-uebersichtsbild.jpg\",\"datePublished\":\"2017-10-20T21:33:25+00:00\",\"dateModified\":\"2024-09-09T13:48:23+00:00\",\"description\":\"LinMot Servo Drives sind kompakte Positioniersteuerungen mit integrierten Leistungsteilen zur Ansteuerung der Motoren sowie einem Steuerteil mit integrierter Positionsregelung.\",\"breadcrumb\":{\"@id\":\"https:\\\/\\\/linmot.com\\\/de\\\/produkte\\\/servo-drives\\\/#breadcrumb\"},\"inLanguage\":\"de\",\"potentialAction\":[{\"@type\":\"ReadAction\",\"target\":[\"https:\\\/\\\/linmot.com\\\/de\\\/produkte\\\/servo-drives\\\/\"]}]},{\"@type\":\"ImageObject\",\"inLanguage\":\"de\",\"@id\":\"https:\\\/\\\/linmot.com\\\/de\\\/produkte\\\/servo-drives\\\/#primaryimage\",\"url\":\"https:\\\/\\\/linmot.com\\\/de\\\/wp-content\\\/uploads\\\/sites\\\/2\\\/2022\\\/03\\\/linmot-servoantriebe-uebersichtsbild.jpg\",\"contentUrl\":\"https:\\\/\\\/linmot.com\\\/de\\\/wp-content\\\/uploads\\\/sites\\\/2\\\/2022\\\/03\\\/linmot-servoantriebe-uebersichtsbild.jpg\",\"width\":197,\"height\":350,\"caption\":\"Servo-Drives von LinMot\"},{\"@type\":\"BreadcrumbList\",\"@id\":\"https:\\\/\\\/linmot.com\\\/de\\\/produkte\\\/servo-drives\\\/#breadcrumb\",\"itemListElement\":[{\"@type\":\"ListItem\",\"position\":1,\"name\":\"LinMot\",\"item\":\"https:\\\/\\\/linmot.com\\\/de\\\/\"},{\"@type\":\"ListItem\",\"position\":2,\"name\":\"Produkte\",\"item\":\"https:\\\/\\\/linmot.com\\\/de\\\/produkte\\\/\"},{\"@type\":\"ListItem\",\"position\":3,\"name\":\"Servo Drives\"}]},{\"@type\":\"WebSite\",\"@id\":\"https:\\\/\\\/linmot.com\\\/de\\\/#website\",\"url\":\"https:\\\/\\\/linmot.com\\\/de\\\/\",\"name\":\"LinMot & MagSpring - Industrielle Linearmotoren\",\"description\":\"Hochwertigen Linearmotoren und Linearmotorsystemen\",\"publisher\":{\"@id\":\"https:\\\/\\\/linmot.com\\\/de\\\/#organization\"},\"potentialAction\":[{\"@type\":\"SearchAction\",\"target\":{\"@type\":\"EntryPoint\",\"urlTemplate\":\"https:\\\/\\\/linmot.com\\\/de\\\/?s={search_term_string}\"},\"query-input\":{\"@type\":\"PropertyValueSpecification\",\"valueRequired\":true,\"valueName\":\"search_term_string\"}}],\"inLanguage\":\"de\"},{\"@type\":\"Organization\",\"@id\":\"https:\\\/\\\/linmot.com\\\/de\\\/#organization\",\"name\":\"NTI AG - LinMot & MagSpring\",\"url\":\"https:\\\/\\\/linmot.com\\\/de\\\/\",\"logo\":{\"@type\":\"ImageObject\",\"inLanguage\":\"de\",\"@id\":\"https:\\\/\\\/linmot.com\\\/de\\\/#\\\/schema\\\/logo\\\/image\\\/\",\"url\":\"https:\\\/\\\/linmot.com\\\/de\\\/wp-content\\\/uploads\\\/sites\\\/2\\\/2022\\\/01\\\/social-logo.jpg\",\"contentUrl\":\"https:\\\/\\\/linmot.com\\\/de\\\/wp-content\\\/uploads\\\/sites\\\/2\\\/2022\\\/01\\\/social-logo.jpg\",\"width\":800,\"height\":500,\"caption\":\"NTI AG - LinMot & MagSpring\"},\"image\":{\"@id\":\"https:\\\/\\\/linmot.com\\\/de\\\/#\\\/schema\\\/logo\\\/image\\\/\"},\"sameAs\":[\"https:\\\/\\\/www.linkedin.com\\\/company\\\/nti-ag-linmot-magspring\",\"https:\\\/\\\/www.youtube.com\\\/user\\\/LinMotEurope\",\"https:\\\/\\\/www.xing.com\\\/pages\\\/linmot-magspring\"]}]}<\/script>\n<!-- \/ Yoast SEO Premium plugin. -->","yoast_head_json":{"title":"Servo Drives \u2013 Die Positionierungsteuerung unserer Motoren","description":"LinMot Servo Drives sind kompakte Positioniersteuerungen mit integrierten Leistungsteilen zur Ansteuerung der Motoren sowie einem Steuerteil mit integrierter Positionsregelung.","robots":{"index":"index","follow":"follow","max-snippet":"max-snippet:-1","max-image-preview":"max-image-preview:large","max-video-preview":"max-video-preview:-1"},"canonical":"https:\/\/linmot.com\/de\/produkte\/servo-drives\/","og_locale":"de_DE","og_type":"article","og_title":"Servo Drives \u2013 Die Positionierungsteuerung unserer Motoren","og_description":"LinMot Servo Drives sind kompakte Positioniersteuerungen mit integrierten Leistungsteilen zur Ansteuerung der Motoren sowie einem Steuerteil mit integrierter Positionsregelung.","og_url":"https:\/\/linmot.com\/de\/produkte\/servo-drives\/","og_site_name":"LinMot &amp; MagSpring - Deutsch","article_modified_time":"2024-09-09T13:48:23+00:00","og_image":[{"width":543,"height":190,"url":"https:\/\/linmot.com\/de\/wp-content\/uploads\/sites\/2\/2021\/07\/all-servo-drives-overview.jpg","type":"image\/jpeg"}],"twitter_card":"summary_large_image","twitter_title":"Servo Drives \u2013 Die Positionierungsteuerung unserer Motoren","twitter_description":"LinMot Servo Drives sind kompakte Positioniersteuerungen mit integrierten Leistungsteilen zur Ansteuerung der Motoren sowie einem Steuerteil mit integrierter Positionsregelung.","twitter_image":"https:\/\/linmot.com\/de\/wp-content\/uploads\/sites\/2\/2021\/07\/all-servo-drives-overview.jpg","twitter_misc":{"Gesch\u00e4tzte Lesezeit":"3 Minuten"},"schema":{"@context":"https:\/\/schema.org","@graph":[{"@type":"WebPage","@id":"https:\/\/linmot.com\/de\/produkte\/servo-drives\/","url":"https:\/\/linmot.com\/de\/produkte\/servo-drives\/","name":"Servo Drives \u2013 Die Positionierungsteuerung unserer Motoren","isPartOf":{"@id":"https:\/\/linmot.com\/de\/#website"},"primaryImageOfPage":{"@id":"https:\/\/linmot.com\/de\/produkte\/servo-drives\/#primaryimage"},"image":{"@id":"https:\/\/linmot.com\/de\/produkte\/servo-drives\/#primaryimage"},"thumbnailUrl":"https:\/\/linmot.com\/de\/wp-content\/uploads\/sites\/2\/2022\/03\/linmot-servoantriebe-uebersichtsbild.jpg","datePublished":"2017-10-20T21:33:25+00:00","dateModified":"2024-09-09T13:48:23+00:00","description":"LinMot Servo Drives sind kompakte Positioniersteuerungen mit integrierten Leistungsteilen zur Ansteuerung der Motoren sowie einem Steuerteil mit integrierter Positionsregelung.","breadcrumb":{"@id":"https:\/\/linmot.com\/de\/produkte\/servo-drives\/#breadcrumb"},"inLanguage":"de","potentialAction":[{"@type":"ReadAction","target":["https:\/\/linmot.com\/de\/produkte\/servo-drives\/"]}]},{"@type":"ImageObject","inLanguage":"de","@id":"https:\/\/linmot.com\/de\/produkte\/servo-drives\/#primaryimage","url":"https:\/\/linmot.com\/de\/wp-content\/uploads\/sites\/2\/2022\/03\/linmot-servoantriebe-uebersichtsbild.jpg","contentUrl":"https:\/\/linmot.com\/de\/wp-content\/uploads\/sites\/2\/2022\/03\/linmot-servoantriebe-uebersichtsbild.jpg","width":197,"height":350,"caption":"Servo-Drives von LinMot"},{"@type":"BreadcrumbList","@id":"https:\/\/linmot.com\/de\/produkte\/servo-drives\/#breadcrumb","itemListElement":[{"@type":"ListItem","position":1,"name":"LinMot","item":"https:\/\/linmot.com\/de\/"},{"@type":"ListItem","position":2,"name":"Produkte","item":"https:\/\/linmot.com\/de\/produkte\/"},{"@type":"ListItem","position":3,"name":"Servo Drives"}]},{"@type":"WebSite","@id":"https:\/\/linmot.com\/de\/#website","url":"https:\/\/linmot.com\/de\/","name":"LinMot & MagSpring - Industrielle Linearmotoren","description":"Hochwertigen Linearmotoren und Linearmotorsystemen","publisher":{"@id":"https:\/\/linmot.com\/de\/#organization"},"potentialAction":[{"@type":"SearchAction","target":{"@type":"EntryPoint","urlTemplate":"https:\/\/linmot.com\/de\/?s={search_term_string}"},"query-input":{"@type":"PropertyValueSpecification","valueRequired":true,"valueName":"search_term_string"}}],"inLanguage":"de"},{"@type":"Organization","@id":"https:\/\/linmot.com\/de\/#organization","name":"NTI AG - LinMot & MagSpring","url":"https:\/\/linmot.com\/de\/","logo":{"@type":"ImageObject","inLanguage":"de","@id":"https:\/\/linmot.com\/de\/#\/schema\/logo\/image\/","url":"https:\/\/linmot.com\/de\/wp-content\/uploads\/sites\/2\/2022\/01\/social-logo.jpg","contentUrl":"https:\/\/linmot.com\/de\/wp-content\/uploads\/sites\/2\/2022\/01\/social-logo.jpg","width":800,"height":500,"caption":"NTI AG - LinMot & MagSpring"},"image":{"@id":"https:\/\/linmot.com\/de\/#\/schema\/logo\/image\/"},"sameAs":["https:\/\/www.linkedin.com\/company\/nti-ag-linmot-magspring","https:\/\/www.youtube.com\/user\/LinMotEurope","https:\/\/www.xing.com\/pages\/linmot-magspring"]}]}},"_links":{"self":[{"href":"https:\/\/linmot.com\/de\/wp-json\/wp\/v2\/pages\/46","targetHints":{"allow":["GET"]}}],"collection":[{"href":"https:\/\/linmot.com\/de\/wp-json\/wp\/v2\/pages"}],"about":[{"href":"https:\/\/linmot.com\/de\/wp-json\/wp\/v2\/types\/page"}],"author":[{"embeddable":true,"href":"https:\/\/linmot.com\/de\/wp-json\/wp\/v2\/users\/1"}],"replies":[{"embeddable":true,"href":"https:\/\/linmot.com\/de\/wp-json\/wp\/v2\/comments?post=46"}],"version-history":[{"count":53,"href":"https:\/\/linmot.com\/de\/wp-json\/wp\/v2\/pages\/46\/revisions"}],"predecessor-version":[{"id":5214,"href":"https:\/\/linmot.com\/de\/wp-json\/wp\/v2\/pages\/46\/revisions\/5214"}],"up":[{"embeddable":true,"href":"https:\/\/linmot.com\/de\/wp-json\/wp\/v2\/pages\/6"}],"wp:attachment":[{"href":"https:\/\/linmot.com\/de\/wp-json\/wp\/v2\/media?parent=46"}],"curies":[{"name":"wp","href":"https:\/\/api.w.org\/{rel}","templated":true}]}}