{"id":4504,"date":"2023-08-28T10:55:53","date_gmt":"2023-08-28T08:55:53","guid":{"rendered":"https:\/\/linmot.com\/de\/?page_id=4504"},"modified":"2024-09-09T16:06:22","modified_gmt":"2024-09-09T14:06:22","slug":"linmot-talk-und-linmot-designer","status":"publish","type":"page","link":"https:\/\/linmot.com\/de\/produkte\/servo-drives\/linmot-talk-und-linmot-designer\/","title":{"rendered":"LinMot Talk und LinMot Designer"},"content":{"rendered":"<p><strong>LinMot Designer und LinMot Talk sind die Hilfswerkzeuge f\u00fcr die richtige Dimensionierung und \u00dcberwachung Ihrer Linearmotoren.<\/strong><\/p>\n<hr \/>\n<h2>Einfache Auslegung und Inbetriebnahme<\/h2>\n<div class=\"row\">\n<div class=\"col-sm-6\">\n<p align=\"justify\">Der Einsatz eines linearen Antriebssystems beginnt mit der Auslegung der Linearmotoren. Hierf\u00fcr stellt LinMot dem Konstrukteur ein einfach zu bedienendes Werkzeug zur Seite. Der LinMot Designer berechnet aufgrund der geforderten Bewegungsabl\u00e4ufe und Lasten die f\u00fcr die Antriebsauswahl ben\u00f6tigten Parameter und stellt sie in Relation zum selektierten Linearmotor und Servo Drive.<\/p>\n<p align=\"justify\">Mithilfe der PC Oberfl\u00e4che LinMot Talk kann der Anwender die LinMot Servo Drives konfigurieren. Zudem k\u00f6nnen die Motoren im Betrieb \u00fcberwacht und die aktuellen Bewegungsabl\u00e4ufe analysiert werden (Monitoring).<\/p>\n<p align=\"justify\">\u00dcber das integrierte Control Panel hat der Anwender direkten Zugriff auf Control- und Statuswort sowie s\u00e4mtliche Befehle, die auch von der \u00fcbergeordneten Steuerung aufgerufen werden k\u00f6nnen.<\/p>\n<\/div>\n<div class=\"col-sm-6\">\n<img loading=\"lazy\" decoding=\"async\" class=\"alignright size-full wp-image-4505\" src=\"https:\/\/linmot.com\/de\/wp-content\/uploads\/sites\/2\/2023\/08\/linmot-talk-designer.jpg\" alt=\"\" width=\"438\" height=\"256\" srcset=\"https:\/\/linmot.com\/de\/wp-content\/uploads\/sites\/2\/2023\/08\/linmot-talk-designer.jpg 438w, https:\/\/linmot.com\/de\/wp-content\/uploads\/sites\/2\/2023\/08\/linmot-talk-designer-300x175.jpg 300w\" sizes=\"auto, (max-width: 438px) 100vw, 438px\" \/><br \/>\n<\/div>\n<\/div>\n<div class=\"row\">\n<div class=\"col-sm-6\">\n<h3>Motorauslegung mit LinMot Designer<\/h3>\n<ul>\n<li>Spezifizierung aller globalen Daten<\/li>\n<li>Simulation der gew\u00fcnschten Bewegung<\/li>\n<li>Bestimmung der kinematischen Daten<\/li>\n<li>Ermittlung des Kraftbedarfs des Motors<\/li>\n<li>Freigabe des selektierten Motors<\/li>\n<li>\u201eKosten-Effizienz\u201d Funktion zum Vergleich von Pneumatikeinsatz gegen\u00fcber Linearmotoren<\/li>\n<li>Auslegung von rotativen Motoren<\/li>\n<\/ul>\n<p><a class=\"button\" href=\"\/de\/download\/linmot-designer-motorauslegung\/\">Download LinMot Designer<\/a><\/p>\n<\/div>\n<div class=\"col-sm-6\">\n<h3>Inbetriebnahme mit LinMot Talk<\/h3>\n<ul>\n<li>Drive- und Motorkonfiguration<\/li>\n<li>Konfiguration der Applikationsparameter<\/li>\n<li>Erstellung und Speicherung von Bewegungsabl\u00e4ufen<\/li>\n<li>Regleroptimierung und Zustands\u00fcberwachung<\/li>\n<li>Aufzeichnungen und Messungen mit Oszilloskop<\/li>\n<li>Auslesen von Fehlerhistory (Fehlermanagement)<\/li>\n<\/ul>\n<p><a class=\"button\" href=\"\/de\/download\/linmot-talk-drive-konfiguration\/\">Download LinMot Talk<\/a><\/p>\n<\/div>\n<\/div>\n<hr \/>\n<h2>Inbetriebnahme per Knopfdruck<\/h2>\n<p><strong>Bew\u00e4hrte Technologien, die den Motor schnell in Bewegung setzen.<\/strong><\/p>\n<div class=\"row\">\n<div class=\"col-sm-6\">\n<h3>SPS Libraries und Beispielprogramme<\/h3>\n<p align=\"justify\">LinMot Drives verf\u00fcgen \u00fcber alle g\u00e4ngigen Feldbusschnittstellen zur Anbindung an eine \u00fcbergeordnete Steuerung.<\/p>\n<p align=\"justify\">Um eine einfache Integration in die Steuerung zu realisieren, werden dem Kunden umfangreiche Funktionsbausteine sowie Beispielprogramme zur Verf\u00fcgung gestellt. Diese Bausteine erm\u00f6glichen eine direkte und schnelle Einbindung der LinMot Drives in die Steuerung.<\/p>\n<p align=\"justify\">\u00dcber die Funktionsbausteine k\u00f6nnen neben Standard Fahrbefehlen auch Funktionen wie z.B. die Drive-Parametrierung und Konfiguration direkt aus der Steuerung ausgef\u00fchrt werden. Die komplette Drivekonfiguration der betreffenden Achse wird somit auf der Steuerung gespeichert.<\/p>\n<p align=\"justify\">Im Falle von Wartung bzw. Austausch erm\u00f6glicht dies unter anderem die automatische Erkennung und Parametrierung des Drives \u00fcber den Bus. Somit entf\u00e4llt die manuelle und zeitraubende Konfiguration der Drives im Fehlerfall.<\/p>\n<\/div>\n<div class=\"col-sm-6\">\n<img loading=\"lazy\" decoding=\"async\" class=\"alignright size-full wp-image-4506\" src=\"https:\/\/linmot.com\/de\/wp-content\/uploads\/sites\/2\/2023\/08\/sps-libraries-und-beispielprogramme.jpg\" alt=\"\" width=\"505\" height=\"509\" srcset=\"https:\/\/linmot.com\/de\/wp-content\/uploads\/sites\/2\/2023\/08\/sps-libraries-und-beispielprogramme.jpg 505w, https:\/\/linmot.com\/de\/wp-content\/uploads\/sites\/2\/2023\/08\/sps-libraries-und-beispielprogramme-298x300.jpg 298w, https:\/\/linmot.com\/de\/wp-content\/uploads\/sites\/2\/2023\/08\/sps-libraries-und-beispielprogramme-150x150.jpg 150w\" sizes=\"auto, (max-width: 505px) 100vw, 505px\" \/><br \/>\n<\/div>\n<\/div>\n<h3>Vollautomatische Konfiguration der Motordaten<\/h3>\n<p align=\"justify\">Die im Computerbereich etablierte Plug and Play (PnP) Technologie wird bei LinMot ebenfalls f\u00fcr die Inbetriebnahme von Linearmotoren eingesetzt.<\/p>\n<p align=\"justify\">Bei Plug &amp; Play-Motoren werden die Parameter auf dem Stator direkt abgelegt. Der Servo Drive liest beim Einschalten die Werte ein und setzt die Parameter entsprechend. Mit dieser automatischen Ger\u00e4teerkennung entf\u00e4llt somit die Auswahl der erforderlichen Typenparameter aus einer umfangreichen Bibliothek.<\/p>\n<p align=\"justify\">Unmittelbar nach der Installation und dem Anschliessen der Kabel, kann der Motor sofort bewegt werden. Ohne die Konfigurationssoftware hochfahren zu m\u00fcssen, k\u00f6nnen unmittelbar erste Befehle direkt durch die SPS Steuerung gesendet werden.<\/p>\n<p>Erstinbetriebnahme und Austausch eines Motors gestalten sich somit denkbar einfach.<\/p>\n","protected":false},"excerpt":{"rendered":"<p>LinMot Designer und LinMot Talk sind die Hilfswerkzeuge f\u00fcr die richtige Dimensionierung und \u00dcberwachung Ihrer Linearmotoren. Einfache Auslegung und Inbetriebnahme Inbetriebnahme per Knopfdruck Bew\u00e4hrte Technologien, die den Motor schnell in Bewegung setzen. Vollautomatische Konfiguration der Motordaten Die im Computerbereich etablierte Plug and Play (PnP) Technologie wird bei LinMot ebenfalls f\u00fcr die Inbetriebnahme von Linearmotoren eingesetzt. [&hellip;]<\/p>\n","protected":false},"author":9,"featured_media":0,"parent":46,"menu_order":22,"comment_status":"closed","ping_status":"closed","template":"","meta":{"_acf_changed":false,"footnotes":""},"class_list":["post-4504","page","type-page","status-publish","hentry"],"acf":[],"yoast_head":"<!-- This site is optimized with the Yoast SEO Premium plugin v20.9 (Yoast SEO v27.4) - https:\/\/yoast.com\/product\/yoast-seo-premium-wordpress\/ -->\n<title>LinMot Talk und LinMot Designer | Linear Motion Technology<\/title>\n<meta name=\"description\" content=\"LinMot Designer - Das beliebte Hilfswerkzeug f\u00fcr die richtige Dimensionierung und \u00dcberwachung Ihrer Linearmotoren.\" \/>\n<meta name=\"robots\" content=\"index, follow, max-snippet:-1, max-image-preview:large, max-video-preview:-1\" \/>\n<link rel=\"canonical\" href=\"https:\/\/linmot.com\/de\/produkte\/servo-drives\/linmot-talk-und-linmot-designer\/\" \/>\n<meta property=\"og:locale\" content=\"de_DE\" \/>\n<meta property=\"og:type\" content=\"article\" \/>\n<meta property=\"og:title\" content=\"LinMot Talk und LinMot Designer | Linear Motion Technology\" \/>\n<meta property=\"og:description\" content=\"LinMot Designer - Das beliebte Hilfswerkzeug f\u00fcr die richtige Dimensionierung und \u00dcberwachung Ihrer Linearmotoren.\" \/>\n<meta property=\"og:url\" content=\"https:\/\/linmot.com\/de\/produkte\/servo-drives\/linmot-talk-und-linmot-designer\/\" \/>\n<meta property=\"og:site_name\" content=\"LinMot &amp; MagSpring - Deutsch\" \/>\n<meta property=\"article:modified_time\" content=\"2024-09-09T14:06:22+00:00\" \/>\n<meta property=\"og:image\" content=\"https:\/\/linmot.com\/de\/wp-content\/uploads\/sites\/2\/2023\/08\/linmot-talk-designer.jpg\" \/>\n<meta name=\"twitter:card\" content=\"summary_large_image\" \/>\n<meta name=\"twitter:title\" content=\"LinMot Talk und LinMot Designer | Linear Motion Technology\" \/>\n<meta name=\"twitter:description\" content=\"LinMot Designer - Das beliebte Hilfswerkzeug f\u00fcr die richtige Dimensionierung und \u00dcberwachung Ihrer Linearmotoren.\" \/>\n<meta name=\"twitter:label1\" content=\"Gesch\u00e4tzte Lesezeit\" \/>\n\t<meta name=\"twitter:data1\" content=\"3 Minuten\" \/>\n<script type=\"application\/ld+json\" class=\"yoast-schema-graph\">{\"@context\":\"https:\\\/\\\/schema.org\",\"@graph\":[{\"@type\":\"WebPage\",\"@id\":\"https:\\\/\\\/linmot.com\\\/de\\\/produkte\\\/servo-drives\\\/linmot-talk-und-linmot-designer\\\/\",\"url\":\"https:\\\/\\\/linmot.com\\\/de\\\/produkte\\\/servo-drives\\\/linmot-talk-und-linmot-designer\\\/\",\"name\":\"LinMot Talk und LinMot Designer | Linear Motion Technology\",\"isPartOf\":{\"@id\":\"https:\\\/\\\/linmot.com\\\/de\\\/#website\"},\"primaryImageOfPage\":{\"@id\":\"https:\\\/\\\/linmot.com\\\/de\\\/produkte\\\/servo-drives\\\/linmot-talk-und-linmot-designer\\\/#primaryimage\"},\"image\":{\"@id\":\"https:\\\/\\\/linmot.com\\\/de\\\/produkte\\\/servo-drives\\\/linmot-talk-und-linmot-designer\\\/#primaryimage\"},\"thumbnailUrl\":\"https:\\\/\\\/linmot.com\\\/de\\\/wp-content\\\/uploads\\\/sites\\\/2\\\/2023\\\/08\\\/linmot-talk-designer.jpg\",\"datePublished\":\"2023-08-28T08:55:53+00:00\",\"dateModified\":\"2024-09-09T14:06:22+00:00\",\"description\":\"LinMot Designer - Das beliebte Hilfswerkzeug f\u00fcr die richtige Dimensionierung und \u00dcberwachung Ihrer Linearmotoren.\",\"breadcrumb\":{\"@id\":\"https:\\\/\\\/linmot.com\\\/de\\\/produkte\\\/servo-drives\\\/linmot-talk-und-linmot-designer\\\/#breadcrumb\"},\"inLanguage\":\"de\",\"potentialAction\":[{\"@type\":\"ReadAction\",\"target\":[\"https:\\\/\\\/linmot.com\\\/de\\\/produkte\\\/servo-drives\\\/linmot-talk-und-linmot-designer\\\/\"]}]},{\"@type\":\"ImageObject\",\"inLanguage\":\"de\",\"@id\":\"https:\\\/\\\/linmot.com\\\/de\\\/produkte\\\/servo-drives\\\/linmot-talk-und-linmot-designer\\\/#primaryimage\",\"url\":\"https:\\\/\\\/linmot.com\\\/de\\\/wp-content\\\/uploads\\\/sites\\\/2\\\/2023\\\/08\\\/linmot-talk-designer.jpg\",\"contentUrl\":\"https:\\\/\\\/linmot.com\\\/de\\\/wp-content\\\/uploads\\\/sites\\\/2\\\/2023\\\/08\\\/linmot-talk-designer.jpg\",\"width\":438,\"height\":256},{\"@type\":\"BreadcrumbList\",\"@id\":\"https:\\\/\\\/linmot.com\\\/de\\\/produkte\\\/servo-drives\\\/linmot-talk-und-linmot-designer\\\/#breadcrumb\",\"itemListElement\":[{\"@type\":\"ListItem\",\"position\":1,\"name\":\"LinMot\",\"item\":\"https:\\\/\\\/linmot.com\\\/de\\\/\"},{\"@type\":\"ListItem\",\"position\":2,\"name\":\"Produkte\",\"item\":\"https:\\\/\\\/linmot.com\\\/de\\\/produkte\\\/\"},{\"@type\":\"ListItem\",\"position\":3,\"name\":\"Servo Drives\",\"item\":\"https:\\\/\\\/linmot.com\\\/de\\\/produkte\\\/servo-drives\\\/\"},{\"@type\":\"ListItem\",\"position\":4,\"name\":\"LinMot Talk und LinMot Designer\"}]},{\"@type\":\"WebSite\",\"@id\":\"https:\\\/\\\/linmot.com\\\/de\\\/#website\",\"url\":\"https:\\\/\\\/linmot.com\\\/de\\\/\",\"name\":\"LinMot & MagSpring - Industrielle Linearmotoren\",\"description\":\"Hochwertigen Linearmotoren und Linearmotorsystemen\",\"publisher\":{\"@id\":\"https:\\\/\\\/linmot.com\\\/de\\\/#organization\"},\"potentialAction\":[{\"@type\":\"SearchAction\",\"target\":{\"@type\":\"EntryPoint\",\"urlTemplate\":\"https:\\\/\\\/linmot.com\\\/de\\\/?s={search_term_string}\"},\"query-input\":{\"@type\":\"PropertyValueSpecification\",\"valueRequired\":true,\"valueName\":\"search_term_string\"}}],\"inLanguage\":\"de\"},{\"@type\":\"Organization\",\"@id\":\"https:\\\/\\\/linmot.com\\\/de\\\/#organization\",\"name\":\"NTI AG - LinMot & MagSpring\",\"url\":\"https:\\\/\\\/linmot.com\\\/de\\\/\",\"logo\":{\"@type\":\"ImageObject\",\"inLanguage\":\"de\",\"@id\":\"https:\\\/\\\/linmot.com\\\/de\\\/#\\\/schema\\\/logo\\\/image\\\/\",\"url\":\"https:\\\/\\\/linmot.com\\\/de\\\/wp-content\\\/uploads\\\/sites\\\/2\\\/2022\\\/01\\\/social-logo.jpg\",\"contentUrl\":\"https:\\\/\\\/linmot.com\\\/de\\\/wp-content\\\/uploads\\\/sites\\\/2\\\/2022\\\/01\\\/social-logo.jpg\",\"width\":800,\"height\":500,\"caption\":\"NTI AG - LinMot & MagSpring\"},\"image\":{\"@id\":\"https:\\\/\\\/linmot.com\\\/de\\\/#\\\/schema\\\/logo\\\/image\\\/\"},\"sameAs\":[\"https:\\\/\\\/www.linkedin.com\\\/company\\\/nti-ag-linmot-magspring\",\"https:\\\/\\\/www.youtube.com\\\/user\\\/LinMotEurope\",\"https:\\\/\\\/www.xing.com\\\/pages\\\/linmot-magspring\"]}]}<\/script>\n<!-- \/ Yoast SEO Premium plugin. -->","yoast_head_json":{"title":"LinMot Talk und LinMot Designer | Linear Motion Technology","description":"LinMot Designer - Das beliebte Hilfswerkzeug f\u00fcr die richtige Dimensionierung und \u00dcberwachung Ihrer Linearmotoren.","robots":{"index":"index","follow":"follow","max-snippet":"max-snippet:-1","max-image-preview":"max-image-preview:large","max-video-preview":"max-video-preview:-1"},"canonical":"https:\/\/linmot.com\/de\/produkte\/servo-drives\/linmot-talk-und-linmot-designer\/","og_locale":"de_DE","og_type":"article","og_title":"LinMot Talk und LinMot Designer | Linear Motion Technology","og_description":"LinMot Designer - Das beliebte Hilfswerkzeug f\u00fcr die richtige Dimensionierung und \u00dcberwachung Ihrer Linearmotoren.","og_url":"https:\/\/linmot.com\/de\/produkte\/servo-drives\/linmot-talk-und-linmot-designer\/","og_site_name":"LinMot &amp; MagSpring - Deutsch","article_modified_time":"2024-09-09T14:06:22+00:00","og_image":[{"url":"https:\/\/linmot.com\/de\/wp-content\/uploads\/sites\/2\/2023\/08\/linmot-talk-designer.jpg","type":"","width":"","height":""}],"twitter_card":"summary_large_image","twitter_title":"LinMot Talk und LinMot Designer | Linear Motion Technology","twitter_description":"LinMot Designer - Das beliebte Hilfswerkzeug f\u00fcr die richtige Dimensionierung und \u00dcberwachung Ihrer Linearmotoren.","twitter_misc":{"Gesch\u00e4tzte Lesezeit":"3 Minuten"},"schema":{"@context":"https:\/\/schema.org","@graph":[{"@type":"WebPage","@id":"https:\/\/linmot.com\/de\/produkte\/servo-drives\/linmot-talk-und-linmot-designer\/","url":"https:\/\/linmot.com\/de\/produkte\/servo-drives\/linmot-talk-und-linmot-designer\/","name":"LinMot Talk und LinMot Designer | Linear Motion Technology","isPartOf":{"@id":"https:\/\/linmot.com\/de\/#website"},"primaryImageOfPage":{"@id":"https:\/\/linmot.com\/de\/produkte\/servo-drives\/linmot-talk-und-linmot-designer\/#primaryimage"},"image":{"@id":"https:\/\/linmot.com\/de\/produkte\/servo-drives\/linmot-talk-und-linmot-designer\/#primaryimage"},"thumbnailUrl":"https:\/\/linmot.com\/de\/wp-content\/uploads\/sites\/2\/2023\/08\/linmot-talk-designer.jpg","datePublished":"2023-08-28T08:55:53+00:00","dateModified":"2024-09-09T14:06:22+00:00","description":"LinMot Designer - Das beliebte Hilfswerkzeug f\u00fcr die richtige Dimensionierung und \u00dcberwachung Ihrer Linearmotoren.","breadcrumb":{"@id":"https:\/\/linmot.com\/de\/produkte\/servo-drives\/linmot-talk-und-linmot-designer\/#breadcrumb"},"inLanguage":"de","potentialAction":[{"@type":"ReadAction","target":["https:\/\/linmot.com\/de\/produkte\/servo-drives\/linmot-talk-und-linmot-designer\/"]}]},{"@type":"ImageObject","inLanguage":"de","@id":"https:\/\/linmot.com\/de\/produkte\/servo-drives\/linmot-talk-und-linmot-designer\/#primaryimage","url":"https:\/\/linmot.com\/de\/wp-content\/uploads\/sites\/2\/2023\/08\/linmot-talk-designer.jpg","contentUrl":"https:\/\/linmot.com\/de\/wp-content\/uploads\/sites\/2\/2023\/08\/linmot-talk-designer.jpg","width":438,"height":256},{"@type":"BreadcrumbList","@id":"https:\/\/linmot.com\/de\/produkte\/servo-drives\/linmot-talk-und-linmot-designer\/#breadcrumb","itemListElement":[{"@type":"ListItem","position":1,"name":"LinMot","item":"https:\/\/linmot.com\/de\/"},{"@type":"ListItem","position":2,"name":"Produkte","item":"https:\/\/linmot.com\/de\/produkte\/"},{"@type":"ListItem","position":3,"name":"Servo Drives","item":"https:\/\/linmot.com\/de\/produkte\/servo-drives\/"},{"@type":"ListItem","position":4,"name":"LinMot Talk und LinMot Designer"}]},{"@type":"WebSite","@id":"https:\/\/linmot.com\/de\/#website","url":"https:\/\/linmot.com\/de\/","name":"LinMot & MagSpring - Industrielle Linearmotoren","description":"Hochwertigen Linearmotoren und Linearmotorsystemen","publisher":{"@id":"https:\/\/linmot.com\/de\/#organization"},"potentialAction":[{"@type":"SearchAction","target":{"@type":"EntryPoint","urlTemplate":"https:\/\/linmot.com\/de\/?s={search_term_string}"},"query-input":{"@type":"PropertyValueSpecification","valueRequired":true,"valueName":"search_term_string"}}],"inLanguage":"de"},{"@type":"Organization","@id":"https:\/\/linmot.com\/de\/#organization","name":"NTI AG - LinMot & MagSpring","url":"https:\/\/linmot.com\/de\/","logo":{"@type":"ImageObject","inLanguage":"de","@id":"https:\/\/linmot.com\/de\/#\/schema\/logo\/image\/","url":"https:\/\/linmot.com\/de\/wp-content\/uploads\/sites\/2\/2022\/01\/social-logo.jpg","contentUrl":"https:\/\/linmot.com\/de\/wp-content\/uploads\/sites\/2\/2022\/01\/social-logo.jpg","width":800,"height":500,"caption":"NTI AG - LinMot & MagSpring"},"image":{"@id":"https:\/\/linmot.com\/de\/#\/schema\/logo\/image\/"},"sameAs":["https:\/\/www.linkedin.com\/company\/nti-ag-linmot-magspring","https:\/\/www.youtube.com\/user\/LinMotEurope","https:\/\/www.xing.com\/pages\/linmot-magspring"]}]}},"_links":{"self":[{"href":"https:\/\/linmot.com\/de\/wp-json\/wp\/v2\/pages\/4504","targetHints":{"allow":["GET"]}}],"collection":[{"href":"https:\/\/linmot.com\/de\/wp-json\/wp\/v2\/pages"}],"about":[{"href":"https:\/\/linmot.com\/de\/wp-json\/wp\/v2\/types\/page"}],"author":[{"embeddable":true,"href":"https:\/\/linmot.com\/de\/wp-json\/wp\/v2\/users\/9"}],"replies":[{"embeddable":true,"href":"https:\/\/linmot.com\/de\/wp-json\/wp\/v2\/comments?post=4504"}],"version-history":[{"count":12,"href":"https:\/\/linmot.com\/de\/wp-json\/wp\/v2\/pages\/4504\/revisions"}],"predecessor-version":[{"id":5104,"href":"https:\/\/linmot.com\/de\/wp-json\/wp\/v2\/pages\/4504\/revisions\/5104"}],"up":[{"embeddable":true,"href":"https:\/\/linmot.com\/de\/wp-json\/wp\/v2\/pages\/46"}],"wp:attachment":[{"href":"https:\/\/linmot.com\/de\/wp-json\/wp\/v2\/media?parent=4504"}],"curies":[{"name":"wp","href":"https:\/\/api.w.org\/{rel}","templated":true}]}}