{"id":446,"date":"2017-12-10T20:01:16","date_gmt":"2017-12-10T19:01:16","guid":{"rendered":"https:\/\/linmot.com\/?page_id=446"},"modified":"2024-09-02T15:44:58","modified_gmt":"2024-09-02T13:44:58","slug":"uebersicht-software-kompatibilitaet","status":"publish","type":"page","link":"https:\/\/linmot.com\/de\/download\/linmot-talk-drive-konfiguration\/uebersicht-software-kompatibilitaet\/","title":{"rendered":"\u00dcbersicht Software Kompatibilit\u00e4t"},"content":{"rendered":"<p>&nbsp;<\/p>\n<img loading=\"lazy\" decoding=\"async\" class=\"aligncenter size-full wp-image-5240\" src=\"https:\/\/linmot.com\/de\/wp-content\/uploads\/sites\/2\/2024\/09\/uebersicht-software-kompatibilitaet.jpg\" alt=\"\" width=\"471\" height=\"190\" srcset=\"https:\/\/linmot.com\/de\/wp-content\/uploads\/sites\/2\/2024\/09\/uebersicht-software-kompatibilitaet.jpg 471w, https:\/\/linmot.com\/de\/wp-content\/uploads\/sites\/2\/2024\/09\/uebersicht-software-kompatibilitaet-300x121.jpg 300w\" sizes=\"auto, (max-width: 471px) 100vw, 471px\" \/>\n<div class=\"row\">\n<div class=\"col-md-4\">\n<h4 class=\"download-title\">Installation manuals<\/h4>\n<p class=\"bodytext\">LinMot-Talk on Windows 7 (64Bit) using XP mode<\/p>\n<\/div>\n<div class=\"col-md-8\">\n<div class=\"download-box\"><a href=\"https:\/\/linmot.com\/fileadmin\/\/user_upload\/Downloads\/software-firmware\/software-compatibility\/Install_LinMot-Talk_XP_Mode_e_recent.pdf\" target=\"_blank\" rel=\"noopener\"><span class=\"name\">English<\/span><span class=\"size\">294.62 KB<\/span><\/a><\/div>\n<\/div>\n<\/div>\n<div class=\"row\">\n<div class=\"col-md-4\">\n<p class=\"bodytext\">LinMot-Talk on Windows 8 (64Bit) using VMware<\/p>\n<\/div>\n<div class=\"col-md-8\">\n<div class=\"download-box\"><a href=\"https:\/\/linmot.com\/fileadmin\/\/user_upload\/Downloads\/software-firmware\/software-compatibility\/Install_LinMot-Talk_Win8_e_recent.pdf\" target=\"_blank\" rel=\"noopener\"><span class=\"name\">English<\/span><span class=\"size\">349.54 KB<\/span><\/a><\/div>\n<\/div>\n<\/div>\n","protected":false},"excerpt":{"rendered":"<p>&nbsp; Installation manuals LinMot-Talk on Windows 7 (64Bit) using XP mode English294.62 KB LinMot-Talk on Windows 8 (64Bit) using VMware English349.54 KB<\/p>\n","protected":false},"author":1,"featured_media":0,"parent":427,"menu_order":77,"comment_status":"closed","ping_status":"closed","template":"","meta":{"_acf_changed":false,"footnotes":""},"class_list":["post-446","page","type-page","status-publish","hentry"],"acf":[],"yoast_head":"<!-- This site is optimized with the Yoast SEO Premium plugin v20.9 (Yoast SEO v27.2) - https:\/\/yoast.com\/product\/yoast-seo-premium-wordpress\/ -->\n<title>\u00dcbersicht Software Kompatibilit\u00e4t | LinMot<\/title>\n<meta name=\"description\" content=\"Diese \u00dcbersicht zeig, mit welchen Windows Betriessystemen unsere verschiendenen LinMot-Software kompatibel ist.\" \/>\n<meta name=\"robots\" content=\"index, follow, max-snippet:-1, max-image-preview:large, max-video-preview:-1\" \/>\n<link rel=\"canonical\" href=\"https:\/\/linmot.com\/download\/linmot-talk-drive-configuration\/software-compatibility\/\" \/>\n<meta property=\"og:locale\" content=\"de_DE\" \/>\n<meta property=\"og:type\" content=\"article\" \/>\n<meta property=\"og:title\" content=\"\u00dcbersicht Software Kompatibilit\u00e4t\" \/>\n<meta property=\"og:description\" content=\"Diese \u00dcbersicht zeig, mit welchen Windows Betriessystemen unsere verschiendenen LinMot-Software kompatibel ist.\" \/>\n<meta property=\"og:url\" content=\"https:\/\/linmot.com\/download\/linmot-talk-drive-configuration\/software-compatibility\/\" \/>\n<meta property=\"og:site_name\" content=\"LinMot &amp; MagSpring - Deutsch\" \/>\n<meta property=\"article:modified_time\" content=\"2024-09-02T13:44:58+00:00\" \/>\n<meta property=\"og:image\" content=\"https:\/\/linmot.com\/de\/wp-content\/uploads\/sites\/2\/2024\/09\/uebersicht-software-kompatibilitaet.jpg\" \/>\n<meta name=\"twitter:card\" content=\"summary_large_image\" \/>\n<meta name=\"twitter:label1\" content=\"Gesch\u00e4tzte Lesezeit\" \/>\n\t<meta name=\"twitter:data1\" content=\"1 Minute\" \/>\n<script type=\"application\/ld+json\" class=\"yoast-schema-graph\">{\"@context\":\"https:\/\/schema.org\",\"@graph\":[{\"@type\":\"WebPage\",\"@id\":\"https:\/\/linmot.com\/de\/download\/linmot-talk-drive-konfiguration\/uebersicht-software-kompatibilitaet\/\",\"url\":\"https:\/\/linmot.com\/download\/linmot-talk-drive-configuration\/software-compatibility\/\",\"name\":\"\u00dcbersicht Software Kompatibilit\u00e4t | LinMot\",\"isPartOf\":{\"@id\":\"https:\/\/linmot.com\/de\/#website\"},\"primaryImageOfPage\":{\"@id\":\"https:\/\/linmot.com\/download\/linmot-talk-drive-configuration\/software-compatibility\/#primaryimage\"},\"image\":{\"@id\":\"https:\/\/linmot.com\/download\/linmot-talk-drive-configuration\/software-compatibility\/#primaryimage\"},\"thumbnailUrl\":\"https:\/\/linmot.com\/de\/wp-content\/uploads\/sites\/2\/2024\/09\/uebersicht-software-kompatibilitaet.jpg\",\"datePublished\":\"2017-12-10T19:01:16+00:00\",\"dateModified\":\"2024-09-02T13:44:58+00:00\",\"description\":\"Diese \u00dcbersicht zeig, mit welchen Windows Betriessystemen unsere verschiendenen LinMot-Software kompatibel ist.\",\"breadcrumb\":{\"@id\":\"https:\/\/linmot.com\/download\/linmot-talk-drive-configuration\/software-compatibility\/#breadcrumb\"},\"inLanguage\":\"de\",\"potentialAction\":[{\"@type\":\"ReadAction\",\"target\":[\"https:\/\/linmot.com\/download\/linmot-talk-drive-configuration\/software-compatibility\/\"]}]},{\"@type\":\"ImageObject\",\"inLanguage\":\"de\",\"@id\":\"https:\/\/linmot.com\/download\/linmot-talk-drive-configuration\/software-compatibility\/#primaryimage\",\"url\":\"https:\/\/linmot.com\/de\/wp-content\/uploads\/sites\/2\/2024\/09\/uebersicht-software-kompatibilitaet.jpg\",\"contentUrl\":\"https:\/\/linmot.com\/de\/wp-content\/uploads\/sites\/2\/2024\/09\/uebersicht-software-kompatibilitaet.jpg\",\"width\":471,\"height\":190,\"caption\":\"\u00dcbersicht der Software-Kompatibilit\u00e4t\"},{\"@type\":\"BreadcrumbList\",\"@id\":\"https:\/\/linmot.com\/download\/linmot-talk-drive-configuration\/software-compatibility\/#breadcrumb\",\"itemListElement\":[{\"@type\":\"ListItem\",\"position\":1,\"name\":\"LinMot\",\"item\":\"https:\/\/linmot.com\/de\/\"},{\"@type\":\"ListItem\",\"position\":2,\"name\":\"Download\",\"item\":\"https:\/\/linmot.com\/de\/download\/\"},{\"@type\":\"ListItem\",\"position\":3,\"name\":\"LinMot Talk (Drive-Konfiguration)\",\"item\":\"https:\/\/linmot.com\/de\/download\/linmot-talk-drive-konfiguration\/\"},{\"@type\":\"ListItem\",\"position\":4,\"name\":\"\u00dcbersicht Software Kompatibilit\u00e4t\"}]},{\"@type\":\"WebSite\",\"@id\":\"https:\/\/linmot.com\/de\/#website\",\"url\":\"https:\/\/linmot.com\/de\/\",\"name\":\"LinMot & MagSpring - Industrielle Linearmotoren\",\"description\":\"Hochwertigen Linearmotoren und Linearmotorsystemen\",\"publisher\":{\"@id\":\"https:\/\/linmot.com\/de\/#organization\"},\"potentialAction\":[{\"@type\":\"SearchAction\",\"target\":{\"@type\":\"EntryPoint\",\"urlTemplate\":\"https:\/\/linmot.com\/de\/?s={search_term_string}\"},\"query-input\":{\"@type\":\"PropertyValueSpecification\",\"valueRequired\":true,\"valueName\":\"search_term_string\"}}],\"inLanguage\":\"de\"},{\"@type\":\"Organization\",\"@id\":\"https:\/\/linmot.com\/de\/#organization\",\"name\":\"NTI AG - LinMot & MagSpring\",\"url\":\"https:\/\/linmot.com\/de\/\",\"logo\":{\"@type\":\"ImageObject\",\"inLanguage\":\"de\",\"@id\":\"https:\/\/linmot.com\/de\/#\/schema\/logo\/image\/\",\"url\":\"https:\/\/linmot.com\/de\/wp-content\/uploads\/sites\/2\/2022\/01\/social-logo.jpg\",\"contentUrl\":\"https:\/\/linmot.com\/de\/wp-content\/uploads\/sites\/2\/2022\/01\/social-logo.jpg\",\"width\":800,\"height\":500,\"caption\":\"NTI AG - LinMot & MagSpring\"},\"image\":{\"@id\":\"https:\/\/linmot.com\/de\/#\/schema\/logo\/image\/\"},\"sameAs\":[\"https:\/\/www.linkedin.com\/company\/nti-ag-linmot-magspring\",\"https:\/\/www.youtube.com\/user\/LinMotEurope\",\"https:\/\/www.xing.com\/pages\/linmot-magspring\"]}]}<\/script>\n<!-- \/ Yoast SEO Premium plugin. -->","yoast_head_json":{"title":"\u00dcbersicht Software Kompatibilit\u00e4t | LinMot","description":"Diese \u00dcbersicht zeig, mit welchen Windows Betriessystemen unsere verschiendenen LinMot-Software kompatibel ist.","robots":{"index":"index","follow":"follow","max-snippet":"max-snippet:-1","max-image-preview":"max-image-preview:large","max-video-preview":"max-video-preview:-1"},"canonical":"https:\/\/linmot.com\/download\/linmot-talk-drive-configuration\/software-compatibility\/","og_locale":"de_DE","og_type":"article","og_title":"\u00dcbersicht Software Kompatibilit\u00e4t","og_description":"Diese \u00dcbersicht zeig, mit welchen Windows Betriessystemen unsere verschiendenen LinMot-Software kompatibel ist.","og_url":"https:\/\/linmot.com\/download\/linmot-talk-drive-configuration\/software-compatibility\/","og_site_name":"LinMot &amp; MagSpring - Deutsch","article_modified_time":"2024-09-02T13:44:58+00:00","og_image":[{"url":"https:\/\/linmot.com\/de\/wp-content\/uploads\/sites\/2\/2024\/09\/uebersicht-software-kompatibilitaet.jpg","type":"","width":"","height":""}],"twitter_card":"summary_large_image","twitter_misc":{"Gesch\u00e4tzte Lesezeit":"1 Minute"},"schema":{"@context":"https:\/\/schema.org","@graph":[{"@type":"WebPage","@id":"https:\/\/linmot.com\/de\/download\/linmot-talk-drive-konfiguration\/uebersicht-software-kompatibilitaet\/","url":"https:\/\/linmot.com\/download\/linmot-talk-drive-configuration\/software-compatibility\/","name":"\u00dcbersicht Software Kompatibilit\u00e4t | LinMot","isPartOf":{"@id":"https:\/\/linmot.com\/de\/#website"},"primaryImageOfPage":{"@id":"https:\/\/linmot.com\/download\/linmot-talk-drive-configuration\/software-compatibility\/#primaryimage"},"image":{"@id":"https:\/\/linmot.com\/download\/linmot-talk-drive-configuration\/software-compatibility\/#primaryimage"},"thumbnailUrl":"https:\/\/linmot.com\/de\/wp-content\/uploads\/sites\/2\/2024\/09\/uebersicht-software-kompatibilitaet.jpg","datePublished":"2017-12-10T19:01:16+00:00","dateModified":"2024-09-02T13:44:58+00:00","description":"Diese \u00dcbersicht zeig, mit welchen Windows Betriessystemen unsere verschiendenen LinMot-Software kompatibel ist.","breadcrumb":{"@id":"https:\/\/linmot.com\/download\/linmot-talk-drive-configuration\/software-compatibility\/#breadcrumb"},"inLanguage":"de","potentialAction":[{"@type":"ReadAction","target":["https:\/\/linmot.com\/download\/linmot-talk-drive-configuration\/software-compatibility\/"]}]},{"@type":"ImageObject","inLanguage":"de","@id":"https:\/\/linmot.com\/download\/linmot-talk-drive-configuration\/software-compatibility\/#primaryimage","url":"https:\/\/linmot.com\/de\/wp-content\/uploads\/sites\/2\/2024\/09\/uebersicht-software-kompatibilitaet.jpg","contentUrl":"https:\/\/linmot.com\/de\/wp-content\/uploads\/sites\/2\/2024\/09\/uebersicht-software-kompatibilitaet.jpg","width":471,"height":190,"caption":"\u00dcbersicht der Software-Kompatibilit\u00e4t"},{"@type":"BreadcrumbList","@id":"https:\/\/linmot.com\/download\/linmot-talk-drive-configuration\/software-compatibility\/#breadcrumb","itemListElement":[{"@type":"ListItem","position":1,"name":"LinMot","item":"https:\/\/linmot.com\/de\/"},{"@type":"ListItem","position":2,"name":"Download","item":"https:\/\/linmot.com\/de\/download\/"},{"@type":"ListItem","position":3,"name":"LinMot Talk (Drive-Konfiguration)","item":"https:\/\/linmot.com\/de\/download\/linmot-talk-drive-konfiguration\/"},{"@type":"ListItem","position":4,"name":"\u00dcbersicht Software Kompatibilit\u00e4t"}]},{"@type":"WebSite","@id":"https:\/\/linmot.com\/de\/#website","url":"https:\/\/linmot.com\/de\/","name":"LinMot & MagSpring - Industrielle Linearmotoren","description":"Hochwertigen Linearmotoren und Linearmotorsystemen","publisher":{"@id":"https:\/\/linmot.com\/de\/#organization"},"potentialAction":[{"@type":"SearchAction","target":{"@type":"EntryPoint","urlTemplate":"https:\/\/linmot.com\/de\/?s={search_term_string}"},"query-input":{"@type":"PropertyValueSpecification","valueRequired":true,"valueName":"search_term_string"}}],"inLanguage":"de"},{"@type":"Organization","@id":"https:\/\/linmot.com\/de\/#organization","name":"NTI AG - LinMot & MagSpring","url":"https:\/\/linmot.com\/de\/","logo":{"@type":"ImageObject","inLanguage":"de","@id":"https:\/\/linmot.com\/de\/#\/schema\/logo\/image\/","url":"https:\/\/linmot.com\/de\/wp-content\/uploads\/sites\/2\/2022\/01\/social-logo.jpg","contentUrl":"https:\/\/linmot.com\/de\/wp-content\/uploads\/sites\/2\/2022\/01\/social-logo.jpg","width":800,"height":500,"caption":"NTI AG - LinMot & MagSpring"},"image":{"@id":"https:\/\/linmot.com\/de\/#\/schema\/logo\/image\/"},"sameAs":["https:\/\/www.linkedin.com\/company\/nti-ag-linmot-magspring","https:\/\/www.youtube.com\/user\/LinMotEurope","https:\/\/www.xing.com\/pages\/linmot-magspring"]}]}},"_links":{"self":[{"href":"https:\/\/linmot.com\/de\/wp-json\/wp\/v2\/pages\/446","targetHints":{"allow":["GET"]}}],"collection":[{"href":"https:\/\/linmot.com\/de\/wp-json\/wp\/v2\/pages"}],"about":[{"href":"https:\/\/linmot.com\/de\/wp-json\/wp\/v2\/types\/page"}],"author":[{"embeddable":true,"href":"https:\/\/linmot.com\/de\/wp-json\/wp\/v2\/users\/1"}],"replies":[{"embeddable":true,"href":"https:\/\/linmot.com\/de\/wp-json\/wp\/v2\/comments?post=446"}],"version-history":[{"count":6,"href":"https:\/\/linmot.com\/de\/wp-json\/wp\/v2\/pages\/446\/revisions"}],"predecessor-version":[{"id":5241,"href":"https:\/\/linmot.com\/de\/wp-json\/wp\/v2\/pages\/446\/revisions\/5241"}],"up":[{"embeddable":true,"href":"https:\/\/linmot.com\/de\/wp-json\/wp\/v2\/pages\/427"}],"wp:attachment":[{"href":"https:\/\/linmot.com\/de\/wp-json\/wp\/v2\/media?parent=446"}],"curies":[{"name":"wp","href":"https:\/\/api.w.org\/{rel}","templated":true}]}}