{"id":425,"date":"2017-12-10T19:52:09","date_gmt":"2017-12-10T18:52:09","guid":{"rendered":"https:\/\/linmot.com\/?page_id=425"},"modified":"2024-12-16T13:52:10","modified_gmt":"2024-12-16T12:52:10","slug":"linmot-designer-motorauslegung","status":"publish","type":"page","link":"https:\/\/linmot.com\/de\/download\/linmot-designer-motorauslegung\/","title":{"rendered":"LinMot-Designer (Motorauslegung)"},"content":{"rendered":"<p>Der Einsatz eines linearen Antriebssystems beginnt mit der Auslegung der Linearmotoren. Um den Konstrukteur bei diesem Schritt zu unterst\u00fctzen, stellt LinMot mit dem Auslegungsprogramm LinMot Designer ein einfach zu bedienendes Werkzeug zur Verf\u00fcgung.<\/p>\n<p>Der LinMot Designer berechnet auf Basis der gew\u00fcnschten Bewegungsabl\u00e4ufe und Lasten die, f\u00fcr die Auswahl eines Antriebs, notwendigen Parameter und zeigt diese in Relation zum gew\u00e4hlten Motortyp und zur gew\u00e4hlten Steuerungselektronik.<\/p>\n<h3>LinMot-Designer 1.11<\/h3>\n<div class=\"row\">\n<div class=\"col-md-4\">\n<h4 class=\"download-title\">LinMot-Designer 1.11.1<\/h4>\n<p class=\"bodytext\">Das Setup installiert den LinMot Designer und die dazugeh\u00f6rigen Dokumente auf dem PC.<br \/>\nProgramm Version 1.11.1, Data File Version: 39<\/p>\n<\/div>\n<div class=\"col-md-8\">\n<div class=\"download-box\"><a href=\"https:\/\/linmot.com\/fileadmin\/\/user_upload\/Downloads\/software-firmware\/motor-sizing\/lindesign_setup_1_11_1_d39.exe\" target=\"_blank\" rel=\"noopener noreferrer\"><span class=\"name\">Setup<\/span><span class=\"size\">9.0 MB<\/span><\/a><\/div>\n<\/div>\n<\/div>\n<div class=\"row\">\n<div class=\"col-md-4\">\n<h4 class=\"download-title\">Release Info<\/h4>\n<p class=\"bodytext\">Neue Komponenten, neue Funktionen, Verbesserungen und Fehlerbehebungen.<\/p>\n<\/div>\n<div class=\"col-md-8\">\n<div class=\"download-box\"><a href=\"https:\/\/linmot.com\/fileadmin\/\/user_upload\/Downloads\/software-firmware\/motor-sizing\/LinMotDesigner_UpdateInfo39.pdf\" target=\"_blank\" rel=\"noopener noreferrer\"><span class=\"name\">PDF<\/span><span class=\"size\">81 KB<\/span><\/a><\/div>\n<\/div>\n<\/div>\n<div class=\"row\">\n<div class=\"col-md-4\">\n<h4 class=\"download-title\">Tutorial<\/h4>\n<p class=\"bodytext\">Software-Einf\u00fchrung mit Anwenderbeispielen.<\/p>\n<\/div>\n<div class=\"col-md-8\">\n<div class=\"download-box\"><a href=\"https:\/\/linmot.com\/fileadmin\/\/user_upload\/Downloads\/software-firmware\/motor-sizing\/Tutorial_LinMot_Designer_1.11.1.pdf\" target=\"_blank\" rel=\"noopener noreferrer\"><span class=\"name\">PDF<\/span><span class=\"size\">3.0 MB<\/span><\/a><\/div>\n<\/div>\n<\/div>\n<div class=\"row\">\n<div class=\"col-md-4\">\n<p><b>Relevant content<\/b><\/p>\n<p class=\"bodytext\"><a href=\"https:\/\/linmot.com\/de\/download\/linmot-talk-drive-konfiguration\/uebersicht-software-kompatibilitaet\/\">Software Compatibility<\/a><\/p>\n<\/div>\n<\/div>\n<div class=\"row\">\n<div class=\"col-md-4\"><a class=\"button\" href=\"https:\/\/linmot.com\/de\/download\/linmot-designer-motorauslegung\/old-versions\/\">View Old Versions<\/a><\/div>\n<\/div>\n","protected":false},"excerpt":{"rendered":"<p>Der Einsatz eines linearen Antriebssystems beginnt mit der Auslegung der Linearmotoren. Um den Konstrukteur bei diesem Schritt zu unterst\u00fctzen, stellt LinMot mit dem Auslegungsprogramm LinMot Designer ein einfach zu bedienendes Werkzeug zur Verf\u00fcgung. Der LinMot Designer berechnet auf Basis der gew\u00fcnschten Bewegungsabl\u00e4ufe und Lasten die, f\u00fcr die Auswahl eines Antriebs, notwendigen Parameter und zeigt diese [&hellip;]<\/p>\n","protected":false},"author":1,"featured_media":0,"parent":10,"menu_order":97,"comment_status":"closed","ping_status":"closed","template":"","meta":{"_acf_changed":false,"footnotes":""},"class_list":["post-425","page","type-page","status-publish","hentry"],"acf":[],"yoast_head":"<!-- This site is optimized with the Yoast SEO Premium plugin v20.9 (Yoast SEO v27.3) - https:\/\/yoast.com\/product\/yoast-seo-premium-wordpress\/ -->\n<title>LinMot-Designer (Motorauslegung) | LinMot<\/title>\n<meta name=\"description\" content=\"Der LinMot Designer berechnet auf Basis der gew\u00fcnschten Bewegungsabl\u00e4ufe und Lasten die, f\u00fcr die Auswahl eines Antriebs, notwendigen Parameter und zeigt diese in Relation zum gew\u00e4hlten Motortyp und zur gew\u00e4hlten Steuerungselektronik.\" \/>\n<meta name=\"robots\" content=\"index, follow, max-snippet:-1, max-image-preview:large, max-video-preview:-1\" \/>\n<link rel=\"canonical\" href=\"https:\/\/linmot.com\/download\/linmot-designer\/\" \/>\n<meta property=\"og:locale\" content=\"de_DE\" \/>\n<meta property=\"og:type\" content=\"article\" \/>\n<meta property=\"og:title\" content=\"LinMot-Designer (Motorauslegung)\" \/>\n<meta property=\"og:description\" content=\"Der LinMot Designer berechnet auf Basis der gew\u00fcnschten Bewegungsabl\u00e4ufe und Lasten die, f\u00fcr die Auswahl eines Antriebs, notwendigen Parameter und zeigt diese in Relation zum gew\u00e4hlten Motortyp und zur gew\u00e4hlten Steuerungselektronik.\" \/>\n<meta property=\"og:url\" content=\"https:\/\/linmot.com\/download\/linmot-designer\/\" \/>\n<meta property=\"og:site_name\" content=\"LinMot &amp; MagSpring - Deutsch\" \/>\n<meta property=\"article:modified_time\" content=\"2024-12-16T12:52:10+00:00\" \/>\n<meta property=\"og:image\" content=\"https:\/\/linmot.com\/de\/wp-content\/uploads\/sites\/2\/2022\/01\/social-logo.jpg\" \/>\n\t<meta property=\"og:image:width\" content=\"800\" \/>\n\t<meta property=\"og:image:height\" content=\"500\" \/>\n\t<meta property=\"og:image:type\" content=\"image\/jpeg\" \/>\n<meta name=\"twitter:card\" content=\"summary_large_image\" \/>\n<meta name=\"twitter:label1\" content=\"Gesch\u00e4tzte Lesezeit\" \/>\n\t<meta name=\"twitter:data1\" content=\"1 Minute\" \/>\n<script type=\"application\/ld+json\" class=\"yoast-schema-graph\">{\"@context\":\"https:\\\/\\\/schema.org\",\"@graph\":[{\"@type\":\"WebPage\",\"@id\":\"https:\\\/\\\/linmot.com\\\/de\\\/download\\\/linmot-designer-motorauslegung\\\/\",\"url\":\"https:\\\/\\\/linmot.com\\\/download\\\/linmot-designer\\\/\",\"name\":\"LinMot-Designer (Motorauslegung) | LinMot\",\"isPartOf\":{\"@id\":\"https:\\\/\\\/linmot.com\\\/de\\\/#website\"},\"datePublished\":\"2017-12-10T18:52:09+00:00\",\"dateModified\":\"2024-12-16T12:52:10+00:00\",\"description\":\"Der LinMot Designer berechnet auf Basis der gew\u00fcnschten Bewegungsabl\u00e4ufe und Lasten die, f\u00fcr die Auswahl eines Antriebs, notwendigen Parameter und zeigt diese in Relation zum gew\u00e4hlten Motortyp und zur gew\u00e4hlten Steuerungselektronik.\",\"breadcrumb\":{\"@id\":\"https:\\\/\\\/linmot.com\\\/download\\\/linmot-designer\\\/#breadcrumb\"},\"inLanguage\":\"de\",\"potentialAction\":[{\"@type\":\"ReadAction\",\"target\":[\"https:\\\/\\\/linmot.com\\\/download\\\/linmot-designer\\\/\"]}]},{\"@type\":\"BreadcrumbList\",\"@id\":\"https:\\\/\\\/linmot.com\\\/download\\\/linmot-designer\\\/#breadcrumb\",\"itemListElement\":[{\"@type\":\"ListItem\",\"position\":1,\"name\":\"LinMot\",\"item\":\"https:\\\/\\\/linmot.com\\\/de\\\/\"},{\"@type\":\"ListItem\",\"position\":2,\"name\":\"Download\",\"item\":\"https:\\\/\\\/linmot.com\\\/de\\\/download\\\/\"},{\"@type\":\"ListItem\",\"position\":3,\"name\":\"LinMot-Designer (Motorauslegung)\"}]},{\"@type\":\"WebSite\",\"@id\":\"https:\\\/\\\/linmot.com\\\/de\\\/#website\",\"url\":\"https:\\\/\\\/linmot.com\\\/de\\\/\",\"name\":\"LinMot & MagSpring - Industrielle Linearmotoren\",\"description\":\"Hochwertigen Linearmotoren und Linearmotorsystemen\",\"publisher\":{\"@id\":\"https:\\\/\\\/linmot.com\\\/de\\\/#organization\"},\"potentialAction\":[{\"@type\":\"SearchAction\",\"target\":{\"@type\":\"EntryPoint\",\"urlTemplate\":\"https:\\\/\\\/linmot.com\\\/de\\\/?s={search_term_string}\"},\"query-input\":{\"@type\":\"PropertyValueSpecification\",\"valueRequired\":true,\"valueName\":\"search_term_string\"}}],\"inLanguage\":\"de\"},{\"@type\":\"Organization\",\"@id\":\"https:\\\/\\\/linmot.com\\\/de\\\/#organization\",\"name\":\"NTI AG - LinMot & MagSpring\",\"url\":\"https:\\\/\\\/linmot.com\\\/de\\\/\",\"logo\":{\"@type\":\"ImageObject\",\"inLanguage\":\"de\",\"@id\":\"https:\\\/\\\/linmot.com\\\/de\\\/#\\\/schema\\\/logo\\\/image\\\/\",\"url\":\"https:\\\/\\\/linmot.com\\\/de\\\/wp-content\\\/uploads\\\/sites\\\/2\\\/2022\\\/01\\\/social-logo.jpg\",\"contentUrl\":\"https:\\\/\\\/linmot.com\\\/de\\\/wp-content\\\/uploads\\\/sites\\\/2\\\/2022\\\/01\\\/social-logo.jpg\",\"width\":800,\"height\":500,\"caption\":\"NTI AG - LinMot & MagSpring\"},\"image\":{\"@id\":\"https:\\\/\\\/linmot.com\\\/de\\\/#\\\/schema\\\/logo\\\/image\\\/\"},\"sameAs\":[\"https:\\\/\\\/www.linkedin.com\\\/company\\\/nti-ag-linmot-magspring\",\"https:\\\/\\\/www.youtube.com\\\/user\\\/LinMotEurope\",\"https:\\\/\\\/www.xing.com\\\/pages\\\/linmot-magspring\"]}]}<\/script>\n<!-- \/ Yoast SEO Premium plugin. -->","yoast_head_json":{"title":"LinMot-Designer (Motorauslegung) | LinMot","description":"Der LinMot Designer berechnet auf Basis der gew\u00fcnschten Bewegungsabl\u00e4ufe und Lasten die, f\u00fcr die Auswahl eines Antriebs, notwendigen Parameter und zeigt diese in Relation zum gew\u00e4hlten Motortyp und zur gew\u00e4hlten Steuerungselektronik.","robots":{"index":"index","follow":"follow","max-snippet":"max-snippet:-1","max-image-preview":"max-image-preview:large","max-video-preview":"max-video-preview:-1"},"canonical":"https:\/\/linmot.com\/download\/linmot-designer\/","og_locale":"de_DE","og_type":"article","og_title":"LinMot-Designer (Motorauslegung)","og_description":"Der LinMot Designer berechnet auf Basis der gew\u00fcnschten Bewegungsabl\u00e4ufe und Lasten die, f\u00fcr die Auswahl eines Antriebs, notwendigen Parameter und zeigt diese in Relation zum gew\u00e4hlten Motortyp und zur gew\u00e4hlten Steuerungselektronik.","og_url":"https:\/\/linmot.com\/download\/linmot-designer\/","og_site_name":"LinMot &amp; MagSpring - Deutsch","article_modified_time":"2024-12-16T12:52:10+00:00","og_image":[{"width":800,"height":500,"url":"https:\/\/linmot.com\/de\/wp-content\/uploads\/sites\/2\/2022\/01\/social-logo.jpg","type":"image\/jpeg"}],"twitter_card":"summary_large_image","twitter_misc":{"Gesch\u00e4tzte Lesezeit":"1 Minute"},"schema":{"@context":"https:\/\/schema.org","@graph":[{"@type":"WebPage","@id":"https:\/\/linmot.com\/de\/download\/linmot-designer-motorauslegung\/","url":"https:\/\/linmot.com\/download\/linmot-designer\/","name":"LinMot-Designer (Motorauslegung) | LinMot","isPartOf":{"@id":"https:\/\/linmot.com\/de\/#website"},"datePublished":"2017-12-10T18:52:09+00:00","dateModified":"2024-12-16T12:52:10+00:00","description":"Der LinMot Designer berechnet auf Basis der gew\u00fcnschten Bewegungsabl\u00e4ufe und Lasten die, f\u00fcr die Auswahl eines Antriebs, notwendigen Parameter und zeigt diese in Relation zum gew\u00e4hlten Motortyp und zur gew\u00e4hlten Steuerungselektronik.","breadcrumb":{"@id":"https:\/\/linmot.com\/download\/linmot-designer\/#breadcrumb"},"inLanguage":"de","potentialAction":[{"@type":"ReadAction","target":["https:\/\/linmot.com\/download\/linmot-designer\/"]}]},{"@type":"BreadcrumbList","@id":"https:\/\/linmot.com\/download\/linmot-designer\/#breadcrumb","itemListElement":[{"@type":"ListItem","position":1,"name":"LinMot","item":"https:\/\/linmot.com\/de\/"},{"@type":"ListItem","position":2,"name":"Download","item":"https:\/\/linmot.com\/de\/download\/"},{"@type":"ListItem","position":3,"name":"LinMot-Designer (Motorauslegung)"}]},{"@type":"WebSite","@id":"https:\/\/linmot.com\/de\/#website","url":"https:\/\/linmot.com\/de\/","name":"LinMot & MagSpring - Industrielle Linearmotoren","description":"Hochwertigen Linearmotoren und Linearmotorsystemen","publisher":{"@id":"https:\/\/linmot.com\/de\/#organization"},"potentialAction":[{"@type":"SearchAction","target":{"@type":"EntryPoint","urlTemplate":"https:\/\/linmot.com\/de\/?s={search_term_string}"},"query-input":{"@type":"PropertyValueSpecification","valueRequired":true,"valueName":"search_term_string"}}],"inLanguage":"de"},{"@type":"Organization","@id":"https:\/\/linmot.com\/de\/#organization","name":"NTI AG - LinMot & MagSpring","url":"https:\/\/linmot.com\/de\/","logo":{"@type":"ImageObject","inLanguage":"de","@id":"https:\/\/linmot.com\/de\/#\/schema\/logo\/image\/","url":"https:\/\/linmot.com\/de\/wp-content\/uploads\/sites\/2\/2022\/01\/social-logo.jpg","contentUrl":"https:\/\/linmot.com\/de\/wp-content\/uploads\/sites\/2\/2022\/01\/social-logo.jpg","width":800,"height":500,"caption":"NTI AG - LinMot & MagSpring"},"image":{"@id":"https:\/\/linmot.com\/de\/#\/schema\/logo\/image\/"},"sameAs":["https:\/\/www.linkedin.com\/company\/nti-ag-linmot-magspring","https:\/\/www.youtube.com\/user\/LinMotEurope","https:\/\/www.xing.com\/pages\/linmot-magspring"]}]}},"_links":{"self":[{"href":"https:\/\/linmot.com\/de\/wp-json\/wp\/v2\/pages\/425","targetHints":{"allow":["GET"]}}],"collection":[{"href":"https:\/\/linmot.com\/de\/wp-json\/wp\/v2\/pages"}],"about":[{"href":"https:\/\/linmot.com\/de\/wp-json\/wp\/v2\/types\/page"}],"author":[{"embeddable":true,"href":"https:\/\/linmot.com\/de\/wp-json\/wp\/v2\/users\/1"}],"replies":[{"embeddable":true,"href":"https:\/\/linmot.com\/de\/wp-json\/wp\/v2\/comments?post=425"}],"version-history":[{"count":35,"href":"https:\/\/linmot.com\/de\/wp-json\/wp\/v2\/pages\/425\/revisions"}],"predecessor-version":[{"id":5507,"href":"https:\/\/linmot.com\/de\/wp-json\/wp\/v2\/pages\/425\/revisions\/5507"}],"up":[{"embeddable":true,"href":"https:\/\/linmot.com\/de\/wp-json\/wp\/v2\/pages\/10"}],"wp:attachment":[{"href":"https:\/\/linmot.com\/de\/wp-json\/wp\/v2\/media?parent=425"}],"curies":[{"name":"wp","href":"https:\/\/api.w.org\/{rel}","templated":true}]}}