{"id":42,"date":"2017-10-20T23:32:53","date_gmt":"2017-10-20T21:32:53","guid":{"rendered":"https:\/\/linmot.com\/?page_id=42"},"modified":"2024-09-09T16:36:09","modified_gmt":"2024-09-09T14:36:09","slug":"atex-motoren","status":"publish","type":"page","link":"https:\/\/linmot.com\/de\/produkte\/linearmotoren\/atex-motoren\/","title":{"rendered":"ATEX Motoren"},"content":{"rendered":"<p align=\"justify\"><strong>\u00dcberall dort, wo sich explosionsf\u00e4hige Gas- oder Dampf-Luftgemische bilden oder brennbare St\u00e4ube auftreten k\u00f6nnen, werden spezielle elektrische Antriebe gefordert. F\u00fcr diese speziellen Bedingungen ist die LinMot ATEX Variante der Linearmotoren entwickelt worden.<\/strong><\/p>\n<hr \/>\n<div class=\"row\">\n<div class=\"col-sm-2\">\n<p><a class=\"button\" href=\"#details\">1. Details<\/a><\/p>\n<\/div>\n<div class=\"col-sm-1\">\n<\/div>\n<div class=\"col-sm-2\">\n<p><a class=\"button\" href=\"#anwendung\">2. Anwendung<\/a><\/p>\n<\/div>\n<div class=\"col-sm-1\">\n<\/div>\n<div class=\"col-sm-2\">\n<p><a class=\"button\" href=\"#kontakt\">3. Kontakt<\/a><\/p>\n<\/div>\n<\/div>\n<hr \/>\n<h2 id=\"details\">1. Details<\/h2>\n<p align=\"justify\">Die Motoren sind komplett in Edelstahl gekapselt und ben\u00f6tigen keine Dichtungen. S\u00e4mtliche F\u00fcgeverbindungen sind geschweisst. F\u00fcr einen vollst\u00e4ndigen Verschluss des Motors, werden die Wicklungen sowie das weitere Innenleben des Stators mit Epoxidharz vergossen. Ein optimaler Schutz des Motors ist somit gew\u00e4hrleistet und die Gefahr eines ausgehenden Funkenschlags wird eliminiert.<br \/>\nDa in explosiver Atmosph\u00e4re die Oberfl\u00e4chentemperatur von gr\u00f6sster Bedeutung ist, wurde in den Motoren eine zus\u00e4tzliche Temperatur\u00fcberwachung integriert. Neben den Sensoren zur \u00dcberwachung der Wicklungstemperatur im Stator, sind dar\u00fcber hinaus weitere Temperatursensoren unter dem Motorengeh\u00e4use angebracht.<br \/>\nDies erlaubt eine 2-kanalige Temperatur\u00fcberwachung, wobei im Falle des \u00dcberhitzens, mit dem \u00fcbergeordneten Kanal ein Unterbruch der Drive-Speisung ausgel\u00f6st wird.<br \/>\nZum Zweck einer erh\u00f6hten Dauerleistung, k\u00f6nnen die Motoren mit einer optionalen Wasserk\u00fchlung ausgestattet werden.<\/p>\n<p align=\"justify\">Die ATEX Motorfamilie setzt sich aus 2 Baugr\u00f6ssen zusammen, f\u00fcr die ein breites Sortiment an L\u00e4uferl\u00e4ngen verf\u00fcgbar ist. Die Verfahrl\u00e4nge reicht dabei bis zu einem Hub von 980 mm.<\/p>\n<div class=\"row\">\n<div class=\"col-md-5\">\n<ul>\n<li>Edelstahl-Geh\u00e4use<\/li>\n<li>Hygienisches Design<\/li>\n<li>Geschweisste Verbindungen<\/li>\n<li>Komplett gekapselt (IP67)<\/li>\n<li>Optional mit integrierter Wasserk\u00fchlung<\/li>\n<li>F\u00fcr den Einsatz in Gas Zonen 1 \/ 2<\/li>\n<li>Geeignet f\u00fcr den Einsatz in Staub Zonen 21 \/ 22<\/li>\n<\/ul>\n<\/div>\n<div class=\"col-md-7\">\n<div class=\"carousel slide\" id=\"ceddf8794e2e0b6a8139ef9dba1d1e23\" data-ride=\"carousel\">  <div class=\"carousel-inner\" role=\"listbox\">    <div class=\"item active\">      <img decoding=\"async\" src=\"https:\/\/linmot.com\/de\/wp-content\/uploads\/sites\/2\/2018\/08\/atex-motors-2018.jpg\" alt=\"...\">    <\/div>    <div class=\"item\">      <img decoding=\"async\" src=\"https:\/\/linmot.com\/de\/wp-content\/uploads\/sites\/2\/2018\/08\/atex-motors-2018-4.jpg\" alt=\"...\">    <\/div>    <div class=\"item\">      <img decoding=\"async\" src=\"https:\/\/linmot.com\/de\/wp-content\/uploads\/sites\/2\/2018\/08\/atex-motors-2018-3.jpg\" alt=\"...\">    <\/div>    <div class=\"item\">      <img decoding=\"async\" src=\"https:\/\/linmot.com\/de\/wp-content\/uploads\/sites\/2\/2018\/08\/atex-motors-2018-2.jpg\" alt=\"...\">    <\/div>  <\/div><div class=\"navigation\"><a class=\"left carousel-control\" href=\"#ceddf8794e2e0b6a8139ef9dba1d1e23\" role=\"button\" data-slide=\"prev\"><\/a><a class=\"right carousel-control\" href=\"#ceddf8794e2e0b6a8139ef9dba1d1e23\" role=\"button\" data-slide=\"next\"><\/a><\/div><\/div>\n<\/div>\n<\/div>\n<blockquote><p>Sicherer Antrieb bei Explosionsgefahr<\/p><\/blockquote>\n<p align=\"justify\">Da die Motoren bewusst sehr kompakt konstruiert sind und ohne unn\u00f6tige Kanten, Ecken sowie Bohrungen und Verschraubungen auskommen, gibt es keine Stellen an denen sich explosives Material sammeln kann. Somit entfallen zus\u00e4tzliche, potentielle Z\u00fcndquellen und die Gefahr einer ungleichm\u00e4ssigen Erw\u00e4rmung wird deutlich minimiert. Unzul\u00e4ssig hohe Temperaturen werden vermieden, so dass die normgem\u00e4sse Z\u00fcndschutzart Ex e (Erh\u00f6hte Sicherheit) garantiert werden kann.<br \/>\nDie Eigenschaften der Motoren sind derart ausgelegt, dass die aktuellen europ\u00e4ischen Vorschriften erf\u00fcllt werden.<br \/>\nDemzufolge umfasst der Einsatzbereich der Motoren, eine explosionsf\u00e4hige Atmosph\u00e4re, welche gelegentlich auftritt und aus Gasen, D\u00e4mpfen, Nebel und Staub bestehen kann (Zoneneinteilung 1, 21, 2, 22 entsprechend DIN EN 60079-14).<br \/>\nSelbst in Umgebungen mit einer niedrigen Z\u00fcndtemperatur ab 85 \u00b0C k\u00f6nnen LinMot ATEX Motoren eingesetzt werden.<\/p>\n<p align=\"justify\">Von den ATEX Motoren der Marke LinMot profitiert der Anwender in verschiedenen Sektoren wie z.B. bei Druckmaschinen, Lackieranlagen, Kunststoffverarbeitungsmaschinen oder in der chemischen, petrochemischen und pharmazeutischen Industrie.<\/p>\n<p><a class=\"btn btn-active\" href=\"https:\/\/shop.linmot.com\/D\/linearmotoren\/linearmotoren-atex.htm\" target=\"_blank\" rel=\"noopener noreferrer\">Zu den Details im e-Katalog<\/a><\/p>\n<h2 id=\"anwendung\">2. Anwendung<\/h2>\n<div class=\"row download\">\n<div class=\"col-md-3\">\n<h4 class=\"download-title\">Flexibel und schnell abf\u00fcllen:<\/h4>\n<p class=\"bodytext\" align=\"justify\">Rundtaktmaschine vereint Vorteile von Kolben- und Durchflussdosierung: Die Vorteile einer Dosierung auf Basis einer Durchflussmessung mit denen einer Kolbendosierung in einer Rundl\u00e4ufer-F\u00fcllmaschine zu vereinen, ist der Wunsch vieler Anwender. T\u00f6lke, einem Spezialisten f\u00fcr Verpackungsmaschinen, ist dieses Kunstst\u00fcck mit dem Einsatz von LinMot-Linearmotoren nun gelungen. Der Anlagenbetreiber profitiert dabei von k\u00fcrzeren Umr\u00fcstzeiten, weniger Ausschuss, niedrigeren Stillstandzeiten und einer flexibleren Maschine. Eine flexible und schnelle Variante des Abf\u00fcllen.<\/p>\n<p><a class=\"button\" href=\"https:\/\/linmot.com\/de\/blog\/flexibel-und-schnell-abfuellen\/\">Zum Artikel<\/a><br \/>\n<\/div>\n<div class=\"col-md-2\">\n<img loading=\"lazy\" decoding=\"async\" class=\"alignnone wp-image-1946 size-full\" src=\"https:\/\/linmot.com\/de\/wp-content\/uploads\/sites\/2\/2021\/07\/vorschau-anwendungsbericht-flexibel-und-schnell-abfuellen.jpg\" alt=\"\" width=\"560\" height=\"315\" srcset=\"https:\/\/linmot.com\/de\/wp-content\/uploads\/sites\/2\/2021\/07\/vorschau-anwendungsbericht-flexibel-und-schnell-abfuellen.jpg 560w, https:\/\/linmot.com\/de\/wp-content\/uploads\/sites\/2\/2021\/07\/vorschau-anwendungsbericht-flexibel-und-schnell-abfuellen-300x169.jpg 300w\" sizes=\"auto, (max-width: 560px) 100vw, 560px\" \/><br \/>\n<\/div>\n<\/div>\n<h2 id=\"kontakt\">3. Kontakt<\/h2>\n<div class=\"row download\">\n<div class=\"col-md-6\">\n<h4 class=\"download-title\">Fragen zu unseren ATEX Motoren?<\/h4>\n<p class=\"bodytext\">Wir stehen Ihnen f\u00fcr Fragen rund um unsere ATEX Motoren gerne zur Verf\u00fcgung.<br \/>\nMelden Sie sich hierf\u00fcr \u00fcber das folgende Formular bei uns oder rufen Sie uns an unter:<\/p>\n<p class=\"bodytext\">Tel: +49 201 858940 0<\/p>\n<p class=\"bodytext\">Das LinMot-Team<\/p>\n<\/div>\n<div class=\"col-md-1\">\n<\/div>\n<div class=\"col-md-5\">\n\n<div class=\"wpcf7 no-js\" id=\"wpcf7-f1617-o1\" lang=\"de-DE\" dir=\"ltr\" data-wpcf7-id=\"1617\">\n<div class=\"screen-reader-response\"><p role=\"status\" aria-live=\"polite\" aria-atomic=\"true\"><\/p> <ul><\/ul><\/div>\n<form action=\"\/de\/wp-json\/wp\/v2\/pages\/42#wpcf7-f1617-o1\" method=\"post\" class=\"wpcf7-form init\" aria-label=\"Kontaktformular\" novalidate=\"novalidate\" data-status=\"init\">\n<fieldset class=\"hidden-fields-container\"><input type=\"hidden\" name=\"_wpcf7\" value=\"1617\" \/><input type=\"hidden\" name=\"_wpcf7_version\" value=\"6.1.5\" \/><input type=\"hidden\" name=\"_wpcf7_locale\" value=\"de_DE\" \/><input type=\"hidden\" name=\"_wpcf7_unit_tag\" value=\"wpcf7-f1617-o1\" \/><input type=\"hidden\" name=\"_wpcf7_container_post\" value=\"0\" \/><input type=\"hidden\" name=\"_wpcf7_posted_data_hash\" value=\"\" \/><input type=\"hidden\" name=\"_wpcf7_recaptcha_response\" value=\"\" \/>\n<\/fieldset>\n<label> Ihr Name<br>\n    <span class=\"wpcf7-form-control-wrap\" data-name=\"your-name\"><input size=\"40\" maxlength=\"400\" class=\"wpcf7-form-control wpcf7-text wpcf7-validates-as-required\" aria-required=\"true\" aria-invalid=\"false\" value=\"\" type=\"text\" name=\"your-name\" \/><\/span> <\/label>\n<br>\n<label> Ihre Firma<br>\n    <span class=\"wpcf7-form-control-wrap\" data-name=\"your-company\"><input size=\"40\" maxlength=\"400\" class=\"wpcf7-form-control wpcf7-text wpcf7-validates-as-required\" aria-required=\"true\" aria-invalid=\"false\" value=\"\" type=\"text\" name=\"your-company\" \/><\/span> <\/label>\n<br>\n<label> Postleitzahl<br>\n    <span class=\"wpcf7-form-control-wrap\" data-name=\"your-plz\"><input class=\"wpcf7-form-control wpcf7-number wpcf7-validates-as-required wpcf7-validates-as-number\" aria-required=\"true\" aria-invalid=\"false\" value=\"\" type=\"number\" name=\"your-plz\" \/><\/span> <\/label>\n<br>\n<label> Land<br>\n    <span class=\"wpcf7-form-control-wrap\" data-name=\"your-country\"><input size=\"40\" maxlength=\"400\" class=\"wpcf7-form-control wpcf7-text wpcf7-validates-as-required\" aria-required=\"true\" aria-invalid=\"false\" value=\"\" type=\"text\" name=\"your-country\" \/><\/span> <\/label>\n<br>\n<label> Telefonnummer<br>\n    <span class=\"wpcf7-form-control-wrap\" data-name=\"your-telephone\"><input size=\"40\" maxlength=\"400\" class=\"wpcf7-form-control wpcf7-tel wpcf7-text wpcf7-validates-as-tel\" aria-invalid=\"false\" value=\"\" type=\"tel\" name=\"your-telephone\" \/><\/span> <\/label>\n<br>\n<label> E-Mail-Adresse<br>\n    <span class=\"wpcf7-form-control-wrap\" data-name=\"your-email\"><input size=\"40\" maxlength=\"400\" class=\"wpcf7-form-control wpcf7-email wpcf7-validates-as-required wpcf7-text wpcf7-validates-as-email\" aria-required=\"true\" aria-invalid=\"false\" value=\"\" type=\"email\" name=\"your-email\" \/><\/span> <\/label>\n<br>\n<label> Ihre Frage<br>\n    <span class=\"wpcf7-form-control-wrap\" data-name=\"your-message\"><textarea cols=\"40\" rows=\"10\" maxlength=\"2000\" class=\"wpcf7-form-control wpcf7-textarea\" aria-invalid=\"false\" name=\"your-message\"><\/textarea><\/span> <\/label>\n<br>\n<input class=\"wpcf7-form-control wpcf7-submit has-spinner\" type=\"submit\" value=\"Senden\" \/><div class=\"wpcf7-response-output\" aria-hidden=\"true\"><\/div>\n<\/form>\n<\/div>\n\n<\/div>\n<\/div>\n","protected":false},"excerpt":{"rendered":"<p>\u00dcberall dort, wo sich explosionsf\u00e4hige Gas- oder Dampf-Luftgemische bilden oder brennbare St\u00e4ube auftreten k\u00f6nnen, werden spezielle elektrische Antriebe gefordert. F\u00fcr diese speziellen Bedingungen ist die LinMot ATEX Variante der Linearmotoren entwickelt worden. 1. Details Die Motoren sind komplett in Edelstahl gekapselt und ben\u00f6tigen keine Dichtungen. S\u00e4mtliche F\u00fcgeverbindungen sind geschweisst. F\u00fcr einen vollst\u00e4ndigen Verschluss des Motors, [&hellip;]<\/p>\n","protected":false},"author":1,"featured_media":0,"parent":38,"menu_order":53,"comment_status":"closed","ping_status":"closed","template":"","meta":{"_acf_changed":false,"footnotes":""},"class_list":["post-42","page","type-page","status-publish","hentry"],"acf":[],"yoast_head":"<!-- This site is optimized with the Yoast SEO Premium plugin v20.9 (Yoast SEO v27.4) - https:\/\/yoast.com\/product\/yoast-seo-premium-wordpress\/ -->\n<title>ATEX Motoren \u2013 Sicherer Antrieb bei Explosionsgefahr | LinMot<\/title>\n<meta name=\"description\" content=\"ATEX Motoren werden in explosionsgef\u00e4hrdeter Umgebung mit entz\u00fcndbaren Gas- oder Dampf-Luftgemischen oder brennbaren St\u00e4uben eingesetzt.\" \/>\n<meta name=\"robots\" content=\"index, follow, max-snippet:-1, max-image-preview:large, max-video-preview:-1\" \/>\n<link rel=\"canonical\" href=\"https:\/\/linmot.com\/de\/produkte\/linearmotoren\/atex-motoren\/\" \/>\n<meta property=\"og:locale\" content=\"de_DE\" \/>\n<meta property=\"og:type\" content=\"article\" \/>\n<meta property=\"og:title\" content=\"ATEX Motoren \u2013 Sicherer Antrieb bei Explosionsgefahr | LinMot\" \/>\n<meta property=\"og:description\" content=\"ATEX Motoren werden in explosionsgef\u00e4hrdeter Umgebung mit entz\u00fcndbaren Gas- oder Dampf-Luftgemischen oder brennbaren St\u00e4uben eingesetzt.\" \/>\n<meta property=\"og:url\" content=\"https:\/\/linmot.com\/de\/produkte\/linearmotoren\/atex-motoren\/\" \/>\n<meta property=\"og:site_name\" content=\"LinMot &amp; MagSpring - Deutsch\" \/>\n<meta property=\"article:modified_time\" content=\"2024-09-09T14:36:09+00:00\" \/>\n<meta property=\"og:image\" content=\"https:\/\/linmot.com\/de\/wp-content\/uploads\/sites\/2\/2018\/08\/atex-motors-2018-4.jpg\" \/>\n\t<meta property=\"og:image:width\" content=\"612\" \/>\n\t<meta property=\"og:image:height\" content=\"190\" \/>\n\t<meta property=\"og:image:type\" content=\"image\/jpeg\" \/>\n<meta name=\"twitter:card\" content=\"summary_large_image\" \/>\n<meta name=\"twitter:title\" content=\"ATEX Motoren \u2013 Sicherer Antrieb bei Explosionsgefahr | LinMot\" \/>\n<meta name=\"twitter:description\" content=\"ATEX Motoren werden in explosionsgef\u00e4hrdeter Umgebung mit entz\u00fcndbaren Gas- oder Dampf-Luftgemischen oder brennbaren St\u00e4uben eingesetzt.\" \/>\n<meta name=\"twitter:label1\" content=\"Gesch\u00e4tzte Lesezeit\" \/>\n\t<meta name=\"twitter:data1\" content=\"4 Minuten\" \/>\n<script type=\"application\/ld+json\" class=\"yoast-schema-graph\">{\"@context\":\"https:\\\/\\\/schema.org\",\"@graph\":[{\"@type\":\"WebPage\",\"@id\":\"https:\\\/\\\/linmot.com\\\/de\\\/produkte\\\/linearmotoren\\\/atex-motoren\\\/\",\"url\":\"https:\\\/\\\/linmot.com\\\/de\\\/produkte\\\/linearmotoren\\\/atex-motoren\\\/\",\"name\":\"ATEX Motoren \u2013 Sicherer Antrieb bei Explosionsgefahr | LinMot\",\"isPartOf\":{\"@id\":\"https:\\\/\\\/linmot.com\\\/de\\\/#website\"},\"primaryImageOfPage\":{\"@id\":\"https:\\\/\\\/linmot.com\\\/de\\\/produkte\\\/linearmotoren\\\/atex-motoren\\\/#primaryimage\"},\"image\":{\"@id\":\"https:\\\/\\\/linmot.com\\\/de\\\/produkte\\\/linearmotoren\\\/atex-motoren\\\/#primaryimage\"},\"thumbnailUrl\":\"https:\\\/\\\/linmot.com\\\/de\\\/wp-content\\\/uploads\\\/sites\\\/2\\\/2021\\\/07\\\/vorschau-anwendungsbericht-flexibel-und-schnell-abfuellen.jpg\",\"datePublished\":\"2017-10-20T21:32:53+00:00\",\"dateModified\":\"2024-09-09T14:36:09+00:00\",\"description\":\"ATEX Motoren werden in explosionsgef\u00e4hrdeter Umgebung mit entz\u00fcndbaren Gas- oder Dampf-Luftgemischen oder brennbaren St\u00e4uben eingesetzt.\",\"breadcrumb\":{\"@id\":\"https:\\\/\\\/linmot.com\\\/de\\\/produkte\\\/linearmotoren\\\/atex-motoren\\\/#breadcrumb\"},\"inLanguage\":\"de\",\"potentialAction\":[{\"@type\":\"ReadAction\",\"target\":[\"https:\\\/\\\/linmot.com\\\/de\\\/produkte\\\/linearmotoren\\\/atex-motoren\\\/\"]}]},{\"@type\":\"ImageObject\",\"inLanguage\":\"de\",\"@id\":\"https:\\\/\\\/linmot.com\\\/de\\\/produkte\\\/linearmotoren\\\/atex-motoren\\\/#primaryimage\",\"url\":\"https:\\\/\\\/linmot.com\\\/de\\\/wp-content\\\/uploads\\\/sites\\\/2\\\/2021\\\/07\\\/vorschau-anwendungsbericht-flexibel-und-schnell-abfuellen.jpg\",\"contentUrl\":\"https:\\\/\\\/linmot.com\\\/de\\\/wp-content\\\/uploads\\\/sites\\\/2\\\/2021\\\/07\\\/vorschau-anwendungsbericht-flexibel-und-schnell-abfuellen.jpg\",\"width\":560,\"height\":315,\"caption\":\"Maschine f\u00fcr F\u00fcllprozess von T\u00f6lke\"},{\"@type\":\"BreadcrumbList\",\"@id\":\"https:\\\/\\\/linmot.com\\\/de\\\/produkte\\\/linearmotoren\\\/atex-motoren\\\/#breadcrumb\",\"itemListElement\":[{\"@type\":\"ListItem\",\"position\":1,\"name\":\"LinMot\",\"item\":\"https:\\\/\\\/linmot.com\\\/de\\\/\"},{\"@type\":\"ListItem\",\"position\":2,\"name\":\"Produkte\",\"item\":\"https:\\\/\\\/linmot.com\\\/de\\\/produkte\\\/\"},{\"@type\":\"ListItem\",\"position\":3,\"name\":\"Linearmotoren\",\"item\":\"https:\\\/\\\/linmot.com\\\/de\\\/produkte\\\/linearmotoren\\\/\"},{\"@type\":\"ListItem\",\"position\":4,\"name\":\"ATEX Motoren\"}]},{\"@type\":\"WebSite\",\"@id\":\"https:\\\/\\\/linmot.com\\\/de\\\/#website\",\"url\":\"https:\\\/\\\/linmot.com\\\/de\\\/\",\"name\":\"LinMot & MagSpring - Industrielle Linearmotoren\",\"description\":\"Hochwertigen Linearmotoren und Linearmotorsystemen\",\"publisher\":{\"@id\":\"https:\\\/\\\/linmot.com\\\/de\\\/#organization\"},\"potentialAction\":[{\"@type\":\"SearchAction\",\"target\":{\"@type\":\"EntryPoint\",\"urlTemplate\":\"https:\\\/\\\/linmot.com\\\/de\\\/?s={search_term_string}\"},\"query-input\":{\"@type\":\"PropertyValueSpecification\",\"valueRequired\":true,\"valueName\":\"search_term_string\"}}],\"inLanguage\":\"de\"},{\"@type\":\"Organization\",\"@id\":\"https:\\\/\\\/linmot.com\\\/de\\\/#organization\",\"name\":\"NTI AG - LinMot & MagSpring\",\"url\":\"https:\\\/\\\/linmot.com\\\/de\\\/\",\"logo\":{\"@type\":\"ImageObject\",\"inLanguage\":\"de\",\"@id\":\"https:\\\/\\\/linmot.com\\\/de\\\/#\\\/schema\\\/logo\\\/image\\\/\",\"url\":\"https:\\\/\\\/linmot.com\\\/de\\\/wp-content\\\/uploads\\\/sites\\\/2\\\/2022\\\/01\\\/social-logo.jpg\",\"contentUrl\":\"https:\\\/\\\/linmot.com\\\/de\\\/wp-content\\\/uploads\\\/sites\\\/2\\\/2022\\\/01\\\/social-logo.jpg\",\"width\":800,\"height\":500,\"caption\":\"NTI AG - LinMot & MagSpring\"},\"image\":{\"@id\":\"https:\\\/\\\/linmot.com\\\/de\\\/#\\\/schema\\\/logo\\\/image\\\/\"},\"sameAs\":[\"https:\\\/\\\/www.linkedin.com\\\/company\\\/nti-ag-linmot-magspring\",\"https:\\\/\\\/www.youtube.com\\\/user\\\/LinMotEurope\",\"https:\\\/\\\/www.xing.com\\\/pages\\\/linmot-magspring\"]}]}<\/script>\n<!-- \/ Yoast SEO Premium plugin. -->","yoast_head_json":{"title":"ATEX Motoren \u2013 Sicherer Antrieb bei Explosionsgefahr | LinMot","description":"ATEX Motoren werden in explosionsgef\u00e4hrdeter Umgebung mit entz\u00fcndbaren Gas- oder Dampf-Luftgemischen oder brennbaren St\u00e4uben eingesetzt.","robots":{"index":"index","follow":"follow","max-snippet":"max-snippet:-1","max-image-preview":"max-image-preview:large","max-video-preview":"max-video-preview:-1"},"canonical":"https:\/\/linmot.com\/de\/produkte\/linearmotoren\/atex-motoren\/","og_locale":"de_DE","og_type":"article","og_title":"ATEX Motoren \u2013 Sicherer Antrieb bei Explosionsgefahr | LinMot","og_description":"ATEX Motoren werden in explosionsgef\u00e4hrdeter Umgebung mit entz\u00fcndbaren Gas- oder Dampf-Luftgemischen oder brennbaren St\u00e4uben eingesetzt.","og_url":"https:\/\/linmot.com\/de\/produkte\/linearmotoren\/atex-motoren\/","og_site_name":"LinMot &amp; MagSpring - Deutsch","article_modified_time":"2024-09-09T14:36:09+00:00","og_image":[{"width":612,"height":190,"url":"https:\/\/linmot.com\/de\/wp-content\/uploads\/sites\/2\/2018\/08\/atex-motors-2018-4.jpg","type":"image\/jpeg"}],"twitter_card":"summary_large_image","twitter_title":"ATEX Motoren \u2013 Sicherer Antrieb bei Explosionsgefahr | LinMot","twitter_description":"ATEX Motoren werden in explosionsgef\u00e4hrdeter Umgebung mit entz\u00fcndbaren Gas- oder Dampf-Luftgemischen oder brennbaren St\u00e4uben eingesetzt.","twitter_misc":{"Gesch\u00e4tzte Lesezeit":"4 Minuten"},"schema":{"@context":"https:\/\/schema.org","@graph":[{"@type":"WebPage","@id":"https:\/\/linmot.com\/de\/produkte\/linearmotoren\/atex-motoren\/","url":"https:\/\/linmot.com\/de\/produkte\/linearmotoren\/atex-motoren\/","name":"ATEX Motoren \u2013 Sicherer Antrieb bei Explosionsgefahr | LinMot","isPartOf":{"@id":"https:\/\/linmot.com\/de\/#website"},"primaryImageOfPage":{"@id":"https:\/\/linmot.com\/de\/produkte\/linearmotoren\/atex-motoren\/#primaryimage"},"image":{"@id":"https:\/\/linmot.com\/de\/produkte\/linearmotoren\/atex-motoren\/#primaryimage"},"thumbnailUrl":"https:\/\/linmot.com\/de\/wp-content\/uploads\/sites\/2\/2021\/07\/vorschau-anwendungsbericht-flexibel-und-schnell-abfuellen.jpg","datePublished":"2017-10-20T21:32:53+00:00","dateModified":"2024-09-09T14:36:09+00:00","description":"ATEX Motoren werden in explosionsgef\u00e4hrdeter Umgebung mit entz\u00fcndbaren Gas- oder Dampf-Luftgemischen oder brennbaren St\u00e4uben eingesetzt.","breadcrumb":{"@id":"https:\/\/linmot.com\/de\/produkte\/linearmotoren\/atex-motoren\/#breadcrumb"},"inLanguage":"de","potentialAction":[{"@type":"ReadAction","target":["https:\/\/linmot.com\/de\/produkte\/linearmotoren\/atex-motoren\/"]}]},{"@type":"ImageObject","inLanguage":"de","@id":"https:\/\/linmot.com\/de\/produkte\/linearmotoren\/atex-motoren\/#primaryimage","url":"https:\/\/linmot.com\/de\/wp-content\/uploads\/sites\/2\/2021\/07\/vorschau-anwendungsbericht-flexibel-und-schnell-abfuellen.jpg","contentUrl":"https:\/\/linmot.com\/de\/wp-content\/uploads\/sites\/2\/2021\/07\/vorschau-anwendungsbericht-flexibel-und-schnell-abfuellen.jpg","width":560,"height":315,"caption":"Maschine f\u00fcr F\u00fcllprozess von T\u00f6lke"},{"@type":"BreadcrumbList","@id":"https:\/\/linmot.com\/de\/produkte\/linearmotoren\/atex-motoren\/#breadcrumb","itemListElement":[{"@type":"ListItem","position":1,"name":"LinMot","item":"https:\/\/linmot.com\/de\/"},{"@type":"ListItem","position":2,"name":"Produkte","item":"https:\/\/linmot.com\/de\/produkte\/"},{"@type":"ListItem","position":3,"name":"Linearmotoren","item":"https:\/\/linmot.com\/de\/produkte\/linearmotoren\/"},{"@type":"ListItem","position":4,"name":"ATEX Motoren"}]},{"@type":"WebSite","@id":"https:\/\/linmot.com\/de\/#website","url":"https:\/\/linmot.com\/de\/","name":"LinMot & MagSpring - Industrielle Linearmotoren","description":"Hochwertigen Linearmotoren und Linearmotorsystemen","publisher":{"@id":"https:\/\/linmot.com\/de\/#organization"},"potentialAction":[{"@type":"SearchAction","target":{"@type":"EntryPoint","urlTemplate":"https:\/\/linmot.com\/de\/?s={search_term_string}"},"query-input":{"@type":"PropertyValueSpecification","valueRequired":true,"valueName":"search_term_string"}}],"inLanguage":"de"},{"@type":"Organization","@id":"https:\/\/linmot.com\/de\/#organization","name":"NTI AG - LinMot & MagSpring","url":"https:\/\/linmot.com\/de\/","logo":{"@type":"ImageObject","inLanguage":"de","@id":"https:\/\/linmot.com\/de\/#\/schema\/logo\/image\/","url":"https:\/\/linmot.com\/de\/wp-content\/uploads\/sites\/2\/2022\/01\/social-logo.jpg","contentUrl":"https:\/\/linmot.com\/de\/wp-content\/uploads\/sites\/2\/2022\/01\/social-logo.jpg","width":800,"height":500,"caption":"NTI AG - LinMot & MagSpring"},"image":{"@id":"https:\/\/linmot.com\/de\/#\/schema\/logo\/image\/"},"sameAs":["https:\/\/www.linkedin.com\/company\/nti-ag-linmot-magspring","https:\/\/www.youtube.com\/user\/LinMotEurope","https:\/\/www.xing.com\/pages\/linmot-magspring"]}]}},"_links":{"self":[{"href":"https:\/\/linmot.com\/de\/wp-json\/wp\/v2\/pages\/42","targetHints":{"allow":["GET"]}}],"collection":[{"href":"https:\/\/linmot.com\/de\/wp-json\/wp\/v2\/pages"}],"about":[{"href":"https:\/\/linmot.com\/de\/wp-json\/wp\/v2\/types\/page"}],"author":[{"embeddable":true,"href":"https:\/\/linmot.com\/de\/wp-json\/wp\/v2\/users\/1"}],"replies":[{"embeddable":true,"href":"https:\/\/linmot.com\/de\/wp-json\/wp\/v2\/comments?post=42"}],"version-history":[{"count":25,"href":"https:\/\/linmot.com\/de\/wp-json\/wp\/v2\/pages\/42\/revisions"}],"predecessor-version":[{"id":5270,"href":"https:\/\/linmot.com\/de\/wp-json\/wp\/v2\/pages\/42\/revisions\/5270"}],"up":[{"embeddable":true,"href":"https:\/\/linmot.com\/de\/wp-json\/wp\/v2\/pages\/38"}],"wp:attachment":[{"href":"https:\/\/linmot.com\/de\/wp-json\/wp\/v2\/media?parent=42"}],"curies":[{"name":"wp","href":"https:\/\/api.w.org\/{rel}","templated":true}]}}