{"id":40,"date":"2017-10-20T23:32:42","date_gmt":"2017-10-20T21:32:42","guid":{"rendered":"https:\/\/linmot.com\/?page_id=40"},"modified":"2025-04-09T13:30:48","modified_gmt":"2025-04-09T11:30:48","slug":"inox-motoren","status":"publish","type":"page","link":"https:\/\/linmot.com\/de\/produkte\/inox-motoren\/","title":{"rendered":"Edelstahl Motoren"},"content":{"rendered":"<p align=\"justify\"><strong>LinMot INOX Edelstahl-Linearmotoren bieten Hygiene auf h\u00f6chstem Niveau. Entwickelt f\u00fcr eine anspruchsvolle Umgebung, sind die kompakten LinMot SSC Linearmotoren in Edelstahl EN 1.4404\/AISI 316 ausgef\u00fchrt. Um die Ablagerungen von Schmutz zu vermeiden, sind die Motoren ohne unn\u00f6tige Kanten, Ecken sowie Bohrungen und Verschraubungen ausgef\u00fchrt. Sie erm\u00f6glichen den Einsatz in Maschinen und Anlagen f\u00fcr die Verarbeitung von Lebensmitteln oder der Pharmaindustrie. Dort kommen sie problemlos mit extrem rauer oder korrosionsgef\u00e4hrdeter Umgebung zurecht und k\u00f6nnen bedenkenlos mit allen branchen\u00fcblichen Mitteln gereinigt werden.<\/strong><\/p>\n<p align=\"justify\">Die Wicklungen der Linearmotoren sind komplett mit Epoxidharz vergossen, wodurch die Kupferf\u00fcllung und auch das Statorpaket vor Kondensatbildung bzw. Korrosion gesch\u00fctzt sind. Mit dieser \u00fcberragenden Dichtigkeit erf\u00fcllen sie somit die Schutzart <strong>IP69K gem\u00e4ss DIN EN 60529<\/strong>. Speziell entwickelte Kunststofflager sorgen f\u00fcr eine vereinfachte Reinigung und viel Zeitersparnis bei Wash-Down Anwendungen. Zudem sind die Antriebe perfekt ausgelegt f\u00fcr <strong>\u00abIn-Place\u00bb Reinigungsprozesse wie CIP und SIP<\/strong>.<\/p>\n<p align=\"justify\">Zur Temperatur\u00fcberwachung sind alle Linearmotoren mit Sensoren ausgestattet, welche die Daten an den Drive weitergeben. Die Daten k\u00f6nnen in der \u00fcbergeordneten Steuerung so ausgewertet werden, dass der Motor in Abh\u00e4ngigkeit von der Verarbeitung (z. B. Lebensmittel wie Fisch) in einem konstanten Temperaturbereich gehalten werden kann. Als Option bietet LinMot bei einigen Motortypen eine <strong>integrierte Wasserk\u00fchlung<\/strong> f\u00fcr tiefe Oberfl\u00e4chentemperaturen an, die zu einer h\u00f6heren Leistung und gleichzeitig zur Verringerung von Keimbildung f\u00fchrt.<\/p>\n<hr \/>\n<h2>So funktionieren sie<\/h2>\n<div class=\"row\">\n<div class=\"col-md-6\">\n<ul>\n<li>Hygienisches Design, entwickelt f\u00fcr anspruchsvolle Umgebungen<\/li>\n<li>Konzipiert f\u00fcr Verarbeitung von Lebensmitteln oder f\u00fcr die Pharmaindustrie<\/li>\n<li>Erf\u00fcllen die Vorgaben der Schutzart IP69K gem\u00e4ss DIN EN 60529<\/li>\n<li>Einfach zu reinigen mit branchen\u00fcblichen Mitteln<\/li>\n<li>Optional mit integrierter Wasserk\u00fchlung f\u00fcr tiefe Oberfl\u00e4chentemperaturen<\/li>\n<\/ul>\n<\/div>\n<div class=\"col-md-1\">\n<\/div>\n<div class=\"col-md-5\">\n<p style=\"text-align: center;\">\n<div class=\"brlbs-cmpnt-container brlbs-cmpnt-content-blocker brlbs-cmpnt-with-individual-styles\" data-borlabs-cookie-content-blocker-id=\"youtube-content-blocker\" data-borlabs-cookie-content=\"PGlmcmFtZSB0aXRsZT0iWW91VHViZSB2aWRlbyBwbGF5ZXIiIHNyYz0iaHR0cHM6Ly93d3cueW91dHViZS1ub2Nvb2tpZS5jb20vZW1iZWQvcjdMallqQURURDAiIHdpZHRoPSIzOTQiIGhlaWdodD0iMjIwIiBmcmFtZWJvcmRlcj0iMCIgYWxsb3dmdWxsc2NyZWVuPSJhbGxvd2Z1bGxzY3JlZW4iPjwvaWZyYW1lPg==\">\n<div class=\"brlbs-cmpnt-cb-preset-c brlbs-cmpnt-cb-youtube\">\n<div class=\"brlbs-cmpnt-cb-thumbnail\" style=\"background-image: url('https:\/\/linmot.com\/de\/wp-content\/uploads\/borlabs-cookie\/2\/yt_r7LjYjADTD0_hqdefault.jpg')\"><\/div>\n<div class=\"brlbs-cmpnt-cb-main\">\n<div class=\"brlbs-cmpnt-cb-play-button\"><\/div>\n<div class=\"brlbs-cmpnt-cb-content\">\n<p class=\"brlbs-cmpnt-cb-description\">Sie sehen gerade einen Platzhalterinhalt von <strong>YouTube<\/strong>. Um auf den eigentlichen Inhalt zuzugreifen, klicken Sie auf die Schaltfl\u00e4che unten. Bitte beachten Sie, dass dabei Daten an Drittanbieter weitergegeben werden.<\/p>\n<p> <a class=\"brlbs-cmpnt-cb-provider-toggle\" href=\"#\" data-borlabs-cookie-show-provider-information role=\"button\">Mehr Informationen<\/a> <\/div>\n<div class=\"brlbs-cmpnt-cb-buttons\"> <a class=\"brlbs-cmpnt-cb-btn\" href=\"#\" data-borlabs-cookie-unblock role=\"button\">Inhalt entsperren<\/a> <a class=\"brlbs-cmpnt-cb-btn\" href=\"#\" data-borlabs-cookie-accept-service role=\"button\" style=\"display: inherit\">Erforderlichen Service akzeptieren und Inhalte entsperren<\/a> <\/div>\n<\/p><\/div>\n<\/p><\/div>\n<\/div>\n<\/div>\n<\/div>\n<hr \/>\n<h3>Serie SSC<\/h3>\n<div class=\"row\">\n<div class=\"col-md-7\">\n<ul>\n<li>Edelstahl-Geh\u00e4use<\/li>\n<li>Geschweisste F\u00fcgeverbindungen<\/li>\n<li>Komplett gekapselt (IP69K)<\/li>\n<\/ul>\n<p><a class=\"button\" href=\"https:\/\/linmot.com\/de\/produkte\/inox-motoren\/linearmotoren-ssc\/\">Mehr zur Serie SSC<\/a><\/p>\n<\/div>\n<div class=\"col-md-5\">\n<img loading=\"lazy\" decoding=\"async\" class=\"alignnone wp-image-2176 size-full\" title=\"Hubdreh-Motor PR01\" src=\"https:\/\/linmot.com\/de\/wp-content\/uploads\/sites\/2\/2021\/08\/SSC-Serie-Vorschaubild.jpg\" alt=\"INOX Serie SSC\" width=\"612\" height=\"190\" srcset=\"https:\/\/linmot.com\/de\/wp-content\/uploads\/sites\/2\/2021\/08\/SSC-Serie-Vorschaubild.jpg 612w, https:\/\/linmot.com\/de\/wp-content\/uploads\/sites\/2\/2021\/08\/SSC-Serie-Vorschaubild-300x93.jpg 300w\" sizes=\"auto, (max-width: 612px) 100vw, 612px\" \/>\n<\/div>\n<\/div>\n<h3>Serie 3x400VAC SSC<\/h3>\n<div class=\"row\">\n<div class=\"col-md-7\">\n<ul>\n<li>3x400VAC Motoren in Edelstahl-Ausf\u00fchung<\/li>\n<li>Extrem hohe Beschleunigungen<\/li>\n<li>Wasserk\u00fchlung im Geh\u00e4use integriert<\/li>\n<li>Auch mit standardm\u00e4ssigen &#8222;3rd party&#8220; Servo Drives zu betreiben<\/li>\n<\/ul>\n<p><a class=\"button\" href=\"https:\/\/linmot.com\/de\/produkte\/inox-motoren\/linearmotoren-3x400vac-ssc\/\">Mehr zur Serie 3x400VAC SSC<\/a><\/p>\n<\/div>\n<div class=\"col-md-5\">\n<img loading=\"lazy\" decoding=\"async\" class=\"aligncenter wp-image-2125 size-full\" title=\"Hubdreh-Motor PR02\" src=\"https:\/\/linmot.com\/de\/wp-content\/uploads\/sites\/2\/2021\/07\/linmot-stainless-steel-motors-3x400VAC-SSC.jpg\" alt=\"INOX Serie 3x400 VAC\" width=\"612\" height=\"189\" srcset=\"https:\/\/linmot.com\/de\/wp-content\/uploads\/sites\/2\/2021\/07\/linmot-stainless-steel-motors-3x400VAC-SSC.jpg 612w, https:\/\/linmot.com\/de\/wp-content\/uploads\/sites\/2\/2021\/07\/linmot-stainless-steel-motors-3x400VAC-SSC-300x93.jpg 300w\" sizes=\"auto, (max-width: 612px) 100vw, 612px\" \/>\n<p>&nbsp;<\/p>\n<\/div>\n<\/div>\n<h3>Serie SSCP<\/h3>\n<div class=\"row\">\n<div class=\"col-md-7\">\n<ul>\n<li>Edelstahl 1.4404 (AISI 316L)<\/li>\n<li>FDA zugelassene Polymerlager<\/li>\n<li>Einkabell\u00f6sung mit LinMot Encoder Technologie<\/li>\n<\/ul>\n<p><a class=\"button\" href=\"https:\/\/linmot.com\/de\/produkte\/inox-motoren\/linearmotoren-sscp\/\">Mehr zur Serie SSCP<\/a><\/p>\n<\/div>\n<div class=\"col-md-5\">\n<img loading=\"lazy\" decoding=\"async\" class=\"aligncenter wp-image-2127 size-full\" title=\"Hubdreh-Motor PR02\" src=\"https:\/\/linmot.com\/de\/wp-content\/uploads\/sites\/2\/2021\/07\/linmot-stainless-steel-motors-SSCP.jpg\" alt=\"INOX SSCP\" width=\"612\" height=\"190\" srcset=\"https:\/\/linmot.com\/de\/wp-content\/uploads\/sites\/2\/2021\/07\/linmot-stainless-steel-motors-SSCP.jpg 612w, https:\/\/linmot.com\/de\/wp-content\/uploads\/sites\/2\/2021\/07\/linmot-stainless-steel-motors-SSCP-300x93.jpg 300w\" sizes=\"auto, (max-width: 612px) 100vw, 612px\" \/>\n<p>&nbsp;<\/p>\n<\/div>\n<\/div>\n<hr \/>\n<h3>Oder bl\u00e4ttern Sie sich durch unsere Brosch\u00fcre<\/h3>\n<div class=\"brlbs-cmpnt-container brlbs-cmpnt-content-blocker brlbs-cmpnt-with-individual-styles\" data-borlabs-cookie-content-blocker-id=\"yumpu\" data-borlabs-cookie-content=\"PGlmcmFtZSBzcmM9Imh0dHBzOi8vd3d3Lnl1bXB1LmNvbS9kZS9lbWJlZC92aWV3L3dpaG1jSUN4ZjZiM2pkRUciIHdpZHRoPSI5NDBweCIgaGVpZ2h0PSI0ODJweCIgZnJhbWVib3JkZXI9IjAiIGFsbG93ZnVsbHNjcmVlbj0iYWxsb3dmdWxsc2NyZWVuIj48L2lmcmFtZT4=\">\n<div class=\"brlbs-cmpnt-cb-preset-a\">\n<p class=\"brlbs-cmpnt-cb-description\">Sie sehen gerade einen Platzhalterinhalt von <strong>Yumpu<\/strong>. Um auf den eigentlichen Inhalt zuzugreifen, klicken Sie auf die Schaltfl\u00e4che unten. Bitte beachten Sie, dass dabei Daten an Drittanbieter weitergegeben werden.<\/p>\n<div class=\"brlbs-cmpnt-cb-buttons\"> <a class=\"brlbs-cmpnt-cb-btn\" href=\"#\" data-borlabs-cookie-unblock role=\"button\">Inhalt entsperren<\/a> <a class=\"brlbs-cmpnt-cb-btn\" href=\"#\" data-borlabs-cookie-accept-service role=\"button\" style=\"display: inherit\">Erforderlichen Service akzeptieren und Inhalte entsperren<\/a> <\/div>\n<p> <a class=\"brlbs-cmpnt-cb-provider-toggle\" href=\"#\" data-borlabs-cookie-show-provider-information role=\"button\">Mehr Informationen<\/a> <\/div>\n<\/div>\n<hr \/>\n<h2>Fragen zu den Edelstahl-Motoren?<\/h2>\n<p>Wir stehen Ihnen gerne f\u00fcr Ihre Fragen oder eine Beratung zur Verf\u00fcgung. Kontaktieren Sie uns unter Tel: +49 (0)201 858940 0 oder \u00fcber das nachfolgende Formular:<\/p>\n\n<div class=\"wpcf7 no-js\" id=\"wpcf7-f1611-o1\" lang=\"de-DE\" dir=\"ltr\" data-wpcf7-id=\"1611\">\n<div class=\"screen-reader-response\"><p role=\"status\" aria-live=\"polite\" aria-atomic=\"true\"><\/p> <ul><\/ul><\/div>\n<form action=\"\/de\/wp-json\/wp\/v2\/pages\/40#wpcf7-f1611-o1\" method=\"post\" class=\"wpcf7-form init\" aria-label=\"Kontaktformular\" novalidate=\"novalidate\" data-status=\"init\">\n<fieldset class=\"hidden-fields-container\"><input type=\"hidden\" name=\"_wpcf7\" value=\"1611\" \/><input type=\"hidden\" name=\"_wpcf7_version\" value=\"6.1.5\" \/><input type=\"hidden\" name=\"_wpcf7_locale\" value=\"de_DE\" \/><input type=\"hidden\" name=\"_wpcf7_unit_tag\" value=\"wpcf7-f1611-o1\" \/><input type=\"hidden\" name=\"_wpcf7_container_post\" value=\"0\" \/><input type=\"hidden\" name=\"_wpcf7_posted_data_hash\" value=\"\" \/><input type=\"hidden\" name=\"_wpcf7_recaptcha_response\" value=\"\" \/>\n<\/fieldset>\n<label> Name<br>\n    <span class=\"wpcf7-form-control-wrap\" data-name=\"your-name\"><input size=\"40\" maxlength=\"400\" class=\"wpcf7-form-control wpcf7-text wpcf7-validates-as-required\" aria-required=\"true\" aria-invalid=\"false\" value=\"\" type=\"text\" name=\"your-name\" \/><\/span> <\/label>\n<br>\n<label> Firma<br>\n    <span class=\"wpcf7-form-control-wrap\" data-name=\"firma\"><input size=\"40\" maxlength=\"400\" class=\"wpcf7-form-control wpcf7-text\" aria-invalid=\"false\" value=\"\" type=\"text\" name=\"firma\" \/><\/span> <\/label>\n<br>\n<label> Postleitzahl<br>\n    <span class=\"wpcf7-form-control-wrap\" data-name=\"your-plz\"><input class=\"wpcf7-form-control wpcf7-number wpcf7-validates-as-required wpcf7-validates-as-number\" aria-required=\"true\" aria-invalid=\"false\" value=\"\" type=\"number\" name=\"your-plz\" \/><\/span> <\/label>\n<br>\n<label> E-Mail-Adresse<br>\n    <span class=\"wpcf7-form-control-wrap\" data-name=\"your-email\"><input size=\"40\" maxlength=\"400\" class=\"wpcf7-form-control wpcf7-email wpcf7-validates-as-required wpcf7-text wpcf7-validates-as-email\" aria-required=\"true\" aria-invalid=\"false\" value=\"\" type=\"email\" name=\"your-email\" \/><\/span> <\/label>\n<br>\n<label> Telefonnummer<br>\n    <span class=\"wpcf7-form-control-wrap\" data-name=\"Telefonnummer\"><input size=\"40\" maxlength=\"400\" class=\"wpcf7-form-control wpcf7-tel wpcf7-text wpcf7-validates-as-tel\" aria-invalid=\"false\" value=\"\" type=\"tel\" name=\"Telefonnummer\" \/><\/span> <\/label>\n<br>\n<label> Betreff<br>\n    <span class=\"wpcf7-form-control-wrap\" data-name=\"your-subject\"><input size=\"40\" maxlength=\"400\" class=\"wpcf7-form-control wpcf7-text wpcf7-validates-as-required\" aria-required=\"true\" aria-invalid=\"false\" value=\"\" type=\"text\" name=\"your-subject\" \/><\/span> <\/label>\n<br>\n<label> Ihre Nachricht (optional)<br>\n    <span class=\"wpcf7-form-control-wrap\" data-name=\"your-message\"><textarea cols=\"40\" rows=\"10\" maxlength=\"2000\" class=\"wpcf7-form-control wpcf7-textarea\" aria-invalid=\"false\" name=\"your-message\"><\/textarea><\/span> <\/label>\n<br>\n<input class=\"wpcf7-form-control wpcf7-submit has-spinner\" type=\"submit\" value=\"Senden\" \/><div class=\"wpcf7-response-output\" aria-hidden=\"true\"><\/div>\n<\/form>\n<\/div>\n\n","protected":false},"excerpt":{"rendered":"<p>LinMot INOX Edelstahl-Linearmotoren bieten Hygiene auf h\u00f6chstem Niveau. Entwickelt f\u00fcr eine anspruchsvolle Umgebung, sind die kompakten LinMot SSC Linearmotoren in Edelstahl EN 1.4404\/AISI 316 ausgef\u00fchrt. Um die Ablagerungen von Schmutz zu vermeiden, sind die Motoren ohne unn\u00f6tige Kanten, Ecken sowie Bohrungen und Verschraubungen ausgef\u00fchrt. Sie erm\u00f6glichen den Einsatz in Maschinen und Anlagen f\u00fcr die Verarbeitung [&hellip;]<\/p>\n","protected":false},"author":1,"featured_media":0,"parent":6,"menu_order":48,"comment_status":"closed","ping_status":"closed","template":"","meta":{"_acf_changed":false,"footnotes":""},"class_list":["post-40","page","type-page","status-publish","hentry"],"acf":[],"yoast_head":"<!-- This site is optimized with the Yoast SEO Premium plugin v20.9 (Yoast SEO v27.4) - https:\/\/yoast.com\/product\/yoast-seo-premium-wordpress\/ -->\n<title>Edelstahl Motoren \u2013 IP69k-Hygiene f\u00fcr Lebensmittel und Pharma<\/title>\n<meta name=\"description\" content=\"Edelstahl Motoren erf\u00fcllen Schutzklassen bis hin zu IP69k gem\u00e4ss DIN EN 60529 und eignen sich somit f\u00fcr die Lebensmittel- und Pharmaindustrie\" \/>\n<meta name=\"robots\" content=\"index, follow, max-snippet:-1, max-image-preview:large, max-video-preview:-1\" \/>\n<link rel=\"canonical\" href=\"https:\/\/linmot.com\/de\/produkte\/inox-motoren\/\" \/>\n<meta property=\"og:locale\" content=\"de_DE\" \/>\n<meta property=\"og:type\" content=\"article\" \/>\n<meta property=\"og:title\" content=\"Edelstahl Motoren \u2013 IP69k-Hygiene f\u00fcr Lebensmittel und Pharma\" \/>\n<meta property=\"og:description\" content=\"Edelstahl Motoren erf\u00fcllen Schutzklassen bis hin zu IP69k gem\u00e4ss DIN EN 60529 und eignen sich somit f\u00fcr die Lebensmittel- und Pharmaindustrie.\" \/>\n<meta property=\"og:url\" content=\"https:\/\/linmot.com\/de\/produkte\/inox-motoren\/\" \/>\n<meta property=\"og:site_name\" content=\"LinMot &amp; MagSpring - Deutsch\" \/>\n<meta property=\"article:modified_time\" content=\"2025-04-09T11:30:48+00:00\" \/>\n<meta property=\"og:image\" content=\"https:\/\/linmot.com\/de\/wp-content\/uploads\/sites\/2\/2021\/08\/SSC-Serie-Vorschaubild.jpg\" \/>\n\t<meta property=\"og:image:width\" content=\"612\" \/>\n\t<meta property=\"og:image:height\" content=\"190\" \/>\n\t<meta property=\"og:image:type\" content=\"image\/jpeg\" \/>\n<meta name=\"twitter:card\" content=\"summary_large_image\" \/>\n<meta name=\"twitter:title\" content=\"Edelstahl Motoren \u2013 IP69k-Hygiene f\u00fcr Lebensmittel und Pharma\" \/>\n<meta name=\"twitter:description\" content=\"Edelstahl Motoren erf\u00fcllen Schutzklassen bis hin zu IP69k gem\u00e4ss DIN EN 60529 und eignen sich somit f\u00fcr die Lebensmittel- und Pharmaindustrie.\" \/>\n<meta name=\"twitter:label1\" content=\"Gesch\u00e4tzte Lesezeit\" \/>\n\t<meta name=\"twitter:data1\" content=\"4 Minuten\" \/>\n<script type=\"application\/ld+json\" class=\"yoast-schema-graph\">{\"@context\":\"https:\\\/\\\/schema.org\",\"@graph\":[{\"@type\":\"WebPage\",\"@id\":\"https:\\\/\\\/linmot.com\\\/de\\\/produkte\\\/inox-motoren\\\/\",\"url\":\"https:\\\/\\\/linmot.com\\\/de\\\/produkte\\\/inox-motoren\\\/\",\"name\":\"Edelstahl Motoren \u2013 IP69k-Hygiene f\u00fcr Lebensmittel und Pharma\",\"isPartOf\":{\"@id\":\"https:\\\/\\\/linmot.com\\\/de\\\/#website\"},\"primaryImageOfPage\":{\"@id\":\"https:\\\/\\\/linmot.com\\\/de\\\/produkte\\\/inox-motoren\\\/#primaryimage\"},\"image\":{\"@id\":\"https:\\\/\\\/linmot.com\\\/de\\\/produkte\\\/inox-motoren\\\/#primaryimage\"},\"thumbnailUrl\":\"https:\\\/\\\/linmot.com\\\/de\\\/wp-content\\\/uploads\\\/sites\\\/2\\\/2021\\\/08\\\/SSC-Serie-Vorschaubild.jpg\",\"datePublished\":\"2017-10-20T21:32:42+00:00\",\"dateModified\":\"2025-04-09T11:30:48+00:00\",\"description\":\"Edelstahl Motoren erf\u00fcllen Schutzklassen bis hin zu IP69k gem\u00e4ss DIN EN 60529 und eignen sich somit f\u00fcr die Lebensmittel- und Pharmaindustrie\",\"breadcrumb\":{\"@id\":\"https:\\\/\\\/linmot.com\\\/de\\\/produkte\\\/inox-motoren\\\/#breadcrumb\"},\"inLanguage\":\"de\",\"potentialAction\":[{\"@type\":\"ReadAction\",\"target\":[\"https:\\\/\\\/linmot.com\\\/de\\\/produkte\\\/inox-motoren\\\/\"]}]},{\"@type\":\"ImageObject\",\"inLanguage\":\"de\",\"@id\":\"https:\\\/\\\/linmot.com\\\/de\\\/produkte\\\/inox-motoren\\\/#primaryimage\",\"url\":\"https:\\\/\\\/linmot.com\\\/de\\\/wp-content\\\/uploads\\\/sites\\\/2\\\/2021\\\/08\\\/SSC-Serie-Vorschaubild.jpg\",\"contentUrl\":\"https:\\\/\\\/linmot.com\\\/de\\\/wp-content\\\/uploads\\\/sites\\\/2\\\/2021\\\/08\\\/SSC-Serie-Vorschaubild.jpg\",\"width\":612,\"height\":190,\"caption\":\"Linearmotoren der SSC Serie\"},{\"@type\":\"BreadcrumbList\",\"@id\":\"https:\\\/\\\/linmot.com\\\/de\\\/produkte\\\/inox-motoren\\\/#breadcrumb\",\"itemListElement\":[{\"@type\":\"ListItem\",\"position\":1,\"name\":\"LinMot\",\"item\":\"https:\\\/\\\/linmot.com\\\/de\\\/\"},{\"@type\":\"ListItem\",\"position\":2,\"name\":\"Produkte\",\"item\":\"https:\\\/\\\/linmot.com\\\/de\\\/produkte\\\/\"},{\"@type\":\"ListItem\",\"position\":3,\"name\":\"Edelstahl Motoren\"}]},{\"@type\":\"WebSite\",\"@id\":\"https:\\\/\\\/linmot.com\\\/de\\\/#website\",\"url\":\"https:\\\/\\\/linmot.com\\\/de\\\/\",\"name\":\"LinMot & MagSpring - Industrielle Linearmotoren\",\"description\":\"Hochwertigen Linearmotoren und Linearmotorsystemen\",\"publisher\":{\"@id\":\"https:\\\/\\\/linmot.com\\\/de\\\/#organization\"},\"potentialAction\":[{\"@type\":\"SearchAction\",\"target\":{\"@type\":\"EntryPoint\",\"urlTemplate\":\"https:\\\/\\\/linmot.com\\\/de\\\/?s={search_term_string}\"},\"query-input\":{\"@type\":\"PropertyValueSpecification\",\"valueRequired\":true,\"valueName\":\"search_term_string\"}}],\"inLanguage\":\"de\"},{\"@type\":\"Organization\",\"@id\":\"https:\\\/\\\/linmot.com\\\/de\\\/#organization\",\"name\":\"NTI AG - LinMot & MagSpring\",\"url\":\"https:\\\/\\\/linmot.com\\\/de\\\/\",\"logo\":{\"@type\":\"ImageObject\",\"inLanguage\":\"de\",\"@id\":\"https:\\\/\\\/linmot.com\\\/de\\\/#\\\/schema\\\/logo\\\/image\\\/\",\"url\":\"https:\\\/\\\/linmot.com\\\/de\\\/wp-content\\\/uploads\\\/sites\\\/2\\\/2022\\\/01\\\/social-logo.jpg\",\"contentUrl\":\"https:\\\/\\\/linmot.com\\\/de\\\/wp-content\\\/uploads\\\/sites\\\/2\\\/2022\\\/01\\\/social-logo.jpg\",\"width\":800,\"height\":500,\"caption\":\"NTI AG - LinMot & MagSpring\"},\"image\":{\"@id\":\"https:\\\/\\\/linmot.com\\\/de\\\/#\\\/schema\\\/logo\\\/image\\\/\"},\"sameAs\":[\"https:\\\/\\\/www.linkedin.com\\\/company\\\/nti-ag-linmot-magspring\",\"https:\\\/\\\/www.youtube.com\\\/user\\\/LinMotEurope\",\"https:\\\/\\\/www.xing.com\\\/pages\\\/linmot-magspring\"]}]}<\/script>\n<!-- \/ Yoast SEO Premium plugin. -->","yoast_head_json":{"title":"Edelstahl Motoren \u2013 IP69k-Hygiene f\u00fcr Lebensmittel und Pharma","description":"Edelstahl Motoren erf\u00fcllen Schutzklassen bis hin zu IP69k gem\u00e4ss DIN EN 60529 und eignen sich somit f\u00fcr die Lebensmittel- und Pharmaindustrie","robots":{"index":"index","follow":"follow","max-snippet":"max-snippet:-1","max-image-preview":"max-image-preview:large","max-video-preview":"max-video-preview:-1"},"canonical":"https:\/\/linmot.com\/de\/produkte\/inox-motoren\/","og_locale":"de_DE","og_type":"article","og_title":"Edelstahl Motoren \u2013 IP69k-Hygiene f\u00fcr Lebensmittel und Pharma","og_description":"Edelstahl Motoren erf\u00fcllen Schutzklassen bis hin zu IP69k gem\u00e4ss DIN EN 60529 und eignen sich somit f\u00fcr die Lebensmittel- und Pharmaindustrie.","og_url":"https:\/\/linmot.com\/de\/produkte\/inox-motoren\/","og_site_name":"LinMot &amp; MagSpring - Deutsch","article_modified_time":"2025-04-09T11:30:48+00:00","og_image":[{"width":612,"height":190,"url":"https:\/\/linmot.com\/de\/wp-content\/uploads\/sites\/2\/2021\/08\/SSC-Serie-Vorschaubild.jpg","type":"image\/jpeg"}],"twitter_card":"summary_large_image","twitter_title":"Edelstahl Motoren \u2013 IP69k-Hygiene f\u00fcr Lebensmittel und Pharma","twitter_description":"Edelstahl Motoren erf\u00fcllen Schutzklassen bis hin zu IP69k gem\u00e4ss DIN EN 60529 und eignen sich somit f\u00fcr die Lebensmittel- und Pharmaindustrie.","twitter_misc":{"Gesch\u00e4tzte Lesezeit":"4 Minuten"},"schema":{"@context":"https:\/\/schema.org","@graph":[{"@type":"WebPage","@id":"https:\/\/linmot.com\/de\/produkte\/inox-motoren\/","url":"https:\/\/linmot.com\/de\/produkte\/inox-motoren\/","name":"Edelstahl Motoren \u2013 IP69k-Hygiene f\u00fcr Lebensmittel und Pharma","isPartOf":{"@id":"https:\/\/linmot.com\/de\/#website"},"primaryImageOfPage":{"@id":"https:\/\/linmot.com\/de\/produkte\/inox-motoren\/#primaryimage"},"image":{"@id":"https:\/\/linmot.com\/de\/produkte\/inox-motoren\/#primaryimage"},"thumbnailUrl":"https:\/\/linmot.com\/de\/wp-content\/uploads\/sites\/2\/2021\/08\/SSC-Serie-Vorschaubild.jpg","datePublished":"2017-10-20T21:32:42+00:00","dateModified":"2025-04-09T11:30:48+00:00","description":"Edelstahl Motoren erf\u00fcllen Schutzklassen bis hin zu IP69k gem\u00e4ss DIN EN 60529 und eignen sich somit f\u00fcr die Lebensmittel- und Pharmaindustrie","breadcrumb":{"@id":"https:\/\/linmot.com\/de\/produkte\/inox-motoren\/#breadcrumb"},"inLanguage":"de","potentialAction":[{"@type":"ReadAction","target":["https:\/\/linmot.com\/de\/produkte\/inox-motoren\/"]}]},{"@type":"ImageObject","inLanguage":"de","@id":"https:\/\/linmot.com\/de\/produkte\/inox-motoren\/#primaryimage","url":"https:\/\/linmot.com\/de\/wp-content\/uploads\/sites\/2\/2021\/08\/SSC-Serie-Vorschaubild.jpg","contentUrl":"https:\/\/linmot.com\/de\/wp-content\/uploads\/sites\/2\/2021\/08\/SSC-Serie-Vorschaubild.jpg","width":612,"height":190,"caption":"Linearmotoren der SSC Serie"},{"@type":"BreadcrumbList","@id":"https:\/\/linmot.com\/de\/produkte\/inox-motoren\/#breadcrumb","itemListElement":[{"@type":"ListItem","position":1,"name":"LinMot","item":"https:\/\/linmot.com\/de\/"},{"@type":"ListItem","position":2,"name":"Produkte","item":"https:\/\/linmot.com\/de\/produkte\/"},{"@type":"ListItem","position":3,"name":"Edelstahl Motoren"}]},{"@type":"WebSite","@id":"https:\/\/linmot.com\/de\/#website","url":"https:\/\/linmot.com\/de\/","name":"LinMot & MagSpring - Industrielle Linearmotoren","description":"Hochwertigen Linearmotoren und Linearmotorsystemen","publisher":{"@id":"https:\/\/linmot.com\/de\/#organization"},"potentialAction":[{"@type":"SearchAction","target":{"@type":"EntryPoint","urlTemplate":"https:\/\/linmot.com\/de\/?s={search_term_string}"},"query-input":{"@type":"PropertyValueSpecification","valueRequired":true,"valueName":"search_term_string"}}],"inLanguage":"de"},{"@type":"Organization","@id":"https:\/\/linmot.com\/de\/#organization","name":"NTI AG - LinMot & MagSpring","url":"https:\/\/linmot.com\/de\/","logo":{"@type":"ImageObject","inLanguage":"de","@id":"https:\/\/linmot.com\/de\/#\/schema\/logo\/image\/","url":"https:\/\/linmot.com\/de\/wp-content\/uploads\/sites\/2\/2022\/01\/social-logo.jpg","contentUrl":"https:\/\/linmot.com\/de\/wp-content\/uploads\/sites\/2\/2022\/01\/social-logo.jpg","width":800,"height":500,"caption":"NTI AG - LinMot & MagSpring"},"image":{"@id":"https:\/\/linmot.com\/de\/#\/schema\/logo\/image\/"},"sameAs":["https:\/\/www.linkedin.com\/company\/nti-ag-linmot-magspring","https:\/\/www.youtube.com\/user\/LinMotEurope","https:\/\/www.xing.com\/pages\/linmot-magspring"]}]}},"_links":{"self":[{"href":"https:\/\/linmot.com\/de\/wp-json\/wp\/v2\/pages\/40","targetHints":{"allow":["GET"]}}],"collection":[{"href":"https:\/\/linmot.com\/de\/wp-json\/wp\/v2\/pages"}],"about":[{"href":"https:\/\/linmot.com\/de\/wp-json\/wp\/v2\/types\/page"}],"author":[{"embeddable":true,"href":"https:\/\/linmot.com\/de\/wp-json\/wp\/v2\/users\/1"}],"replies":[{"embeddable":true,"href":"https:\/\/linmot.com\/de\/wp-json\/wp\/v2\/comments?post=40"}],"version-history":[{"count":30,"href":"https:\/\/linmot.com\/de\/wp-json\/wp\/v2\/pages\/40\/revisions"}],"predecessor-version":[{"id":5749,"href":"https:\/\/linmot.com\/de\/wp-json\/wp\/v2\/pages\/40\/revisions\/5749"}],"up":[{"embeddable":true,"href":"https:\/\/linmot.com\/de\/wp-json\/wp\/v2\/pages\/6"}],"wp:attachment":[{"href":"https:\/\/linmot.com\/de\/wp-json\/wp\/v2\/media?parent=40"}],"curies":[{"name":"wp","href":"https:\/\/api.w.org\/{rel}","templated":true}]}}