{"id":4,"date":"2017-10-20T23:19:40","date_gmt":"2017-10-20T21:19:40","guid":{"rendered":"https:\/\/linmot.com\/?page_id=4"},"modified":"2025-08-11T15:02:56","modified_gmt":"2025-08-11T13:02:56","slug":"unternehmensprofil","status":"publish","type":"page","link":"https:\/\/linmot.com\/de\/unternehmensprofil\/","title":{"rendered":"Unternehmensprofil der NTI AG"},"content":{"rendered":"<p>NTI AG ist ein weltweit t\u00e4tiger Hersteller von hochwertigen Linearmotoren und Linearmotorsystemen und als solcher auf die Entwicklung, Produktion und den Vertrieb von linearen Direktantrieben f\u00fcr den Einsatz im industriellen Umfeld fokussiert.<\/p>\n<p>1993 als eigenst\u00e4ndige Gesch\u00e4ftseinheit des Sulzer Konzerns gegr\u00fcndet, agiert die NTI AG seit dem Jahr 2000 als unabh\u00e4ngige Firma.<\/p>\n<p>Der Hauptsitz von NTI AG befindet sich in Spreitenbach, bei Z\u00fcrich in der Schweiz. Neben Produktionsstandorten in der Schweiz und der Slowakei unterh\u00e4lt NTI AG Vertriebsniederlassungen in Deutschland, Italien und Nordamerika.<\/p>\n<p>Mit den Marken <a href=\"https:\/\/linmot.com\/de\/produkte\/linearmotoren\/\">LinMot\u00ae<\/a> f\u00fcr industrielle Linearmotoren und <a href=\"https:\/\/linmot.com\/de\/produkte\/magspring\/\">MagSpring\u00ae<\/a> f\u00fcr magnetische Federn werden Kunden weltweit bedient. Hierf\u00fcr verf\u00fcgt die Firma \u00fcber kompetente Kundenberater und ein weitreichendes Verkaufs- und Supportnetz mit \u00fcber 80 St\u00fctzpunkten.<\/p>\n<p>F\u00fcr die Realisierung von linearen Bewegungen ist die Firma NTI AG stets ein kompetenter und zuverl\u00e4ssiger Partner.<\/p>\n<p><a class=\"button\" href=\"\/de\/contact\/\">Wir freuen uns, Sie kennen zu lernen<\/a><\/p>\n<img loading=\"lazy\" decoding=\"async\" class=\"aligncenter wp-image-661 size-full\" src=\"https:\/\/linmot.com\/de\/wp-content\/uploads\/sites\/2\/2017\/10\/linmot-new-headquarter-swiss-2018.jpg\" alt=\"Firmengeb\u00e4ude NTI AG\" width=\"940\" height=\"439\" srcset=\"https:\/\/linmot.com\/de\/wp-content\/uploads\/sites\/2\/2017\/10\/linmot-new-headquarter-swiss-2018.jpg 940w, https:\/\/linmot.com\/de\/wp-content\/uploads\/sites\/2\/2017\/10\/linmot-new-headquarter-swiss-2018-300x140.jpg 300w, https:\/\/linmot.com\/de\/wp-content\/uploads\/sites\/2\/2017\/10\/linmot-new-headquarter-swiss-2018-768x359.jpg 768w\" sizes=\"auto, (max-width: 940px) 100vw, 940px\" \/>\n<h2>Leitbild<\/h2>\n<p>Wir wollen dem Kunden ein hoch entwickeltes und dediziertes lineares Antriebssystem anbieten, welches sich problemlos in alle namhaften Steuerungssysteme einbinden l\u00e4sst. Ein hoher Grad an Standardisierung, Lieferung ab Lager sowie ein weltweites Vertriebsnetz sichern die sofortige Verf\u00fcgbarkeit und den Kundensupport vor Ort.<\/p>\n<p>Unser Produktsortiment ist darauf abgestimmt, dem Kunden alle notwendigen Komponenten f\u00fcr lineare Antriebssysteme aus einer Quelle anzubieten. \u2028Durch fortlaufende Produkterg\u00e4nzungen ist es unser Anliegen den Einsatzbereich von Linearmotoren stetig zu erweitern.<\/p>\n<p>Unser Anspruch ist es, die Technologie des linearen Direktantriebs als Standard Konstruktionselement st\u00e4rker zu forcieren. Damit bieten wir Antriebsl\u00f6sungen mit einem hohen Wirkungsgrad und leisten einen grossen Beitrag zur allgemeinen Ressourcenschonung.<\/p>\n<h2>Kompetenzen<\/h2>\n<div class=\"row\">\n<div class=\"col-md-3\">\n<img loading=\"lazy\" decoding=\"async\" class=\"aligncenter size-full wp-image-283\" src=\"https:\/\/linmot.com\/wp-content\/uploads\/2017\/10\/support.png\" alt=\"\" width=\"200\" height=\"200\" srcset=\"https:\/\/linmot.com\/de\/wp-content\/uploads\/sites\/2\/2017\/10\/support.png 200w, https:\/\/linmot.com\/de\/wp-content\/uploads\/sites\/2\/2017\/10\/support-150x150.png 150w\" sizes=\"auto, (max-width: 200px) 100vw, 200px\" \/>\n<\/div>\n<div class=\"col-md-8\">\n<h4>Beratung<\/h4>\n<p class=\"bodytext\">Als weltweit f\u00fchrender Hersteller von industriellen Linearmotoren setzt die NTI AG das erarbeitetet Know-How und die Innovationskraft auch zur Realisierung von kundenspezifischen L\u00f6sungen ein. F\u00fcr die optimale L\u00f6sung von spezifischen Antriebsproblemen stehen unseren Kunden die Ingenieure der Applikationsentwicklung zur Verf\u00fcgung. Bei der Umsetzung und der Produktion von kundenspezifischen Antriebsl\u00f6sungen k\u00f6nnen sich unsere Kunden auf unsere langj\u00e4hrige Produktionserfahrung verlassen.<\/p>\n<\/div>\n<\/div>\n<div class=\"row\">\n<div class=\"col-md-3\">\n<img loading=\"lazy\" decoding=\"async\" class=\"aligncenter size-full wp-image-287\" src=\"https:\/\/linmot.com\/wp-content\/uploads\/2017\/10\/innovation.png\" alt=\"\" width=\"200\" height=\"200\" srcset=\"https:\/\/linmot.com\/de\/wp-content\/uploads\/sites\/2\/2017\/10\/innovation.png 200w, https:\/\/linmot.com\/de\/wp-content\/uploads\/sites\/2\/2017\/10\/innovation-150x150.png 150w\" sizes=\"auto, (max-width: 200px) 100vw, 200px\" \/>\n<\/div>\n<div class=\"col-md-8\">\n<h4>Innovation<\/h4>\n<p class=\"bodytext\">Die kontinuierliche Weiterentwicklung und der rege Austausch unserer Verkaufsberater, Ingenieure und Vertriebspartner mit unseren Kunden, der Entwicklung und dem Management erlaubt uns auch in Zukunft marktgerechte Neuentwicklungen zu interessanten Konditionen anbieten zu k\u00f6nnen.<\/p>\n<\/div>\n<\/div>\n<div class=\"row\">\n<div class=\"col-md-3\">\n<img loading=\"lazy\" decoding=\"async\" class=\"aligncenter size-full wp-image-283\" src=\"https:\/\/linmot.com\/wp-content\/uploads\/2017\/10\/production.png\" alt=\"\" width=\"200\" height=\"200\" \/>\n<\/div>\n<div class=\"col-md-8\">\n<h4>Fertigung<\/h4>\n<p class=\"bodytext\">Die standardisierten LinMot und MagSpring Produkte werden gr\u00f6sstenteils auf selbst entwickelten Produktionsanlagen gefertigt. Dies sorgt f\u00fcr die schnelle Verf\u00fcgbarkeit der Produkte auch in gr\u00f6sseren St\u00fcckzahlen und erm\u00f6glicht zugleich die gr\u00f6sstm\u00f6gliche Flexibilit\u00e4t bei kundenspezifischen Anpassungen. Zudem garantiert die automatisierte Produktion eine gleichbleibend hohe Qualit\u00e4t.<\/p>\n<\/div>\n<\/div>\n<div class=\"row\">\n<div class=\"col-md-3\">\n<img loading=\"lazy\" decoding=\"async\" class=\"aligncenter size-full wp-image-283\" src=\"https:\/\/linmot.com\/wp-content\/uploads\/2017\/10\/logistics.png\" alt=\"\" width=\"200\" height=\"200\" \/>\n<\/div>\n<div class=\"col-md-8\">\n<h4>Logistik<\/h4>\n<p class=\"bodytext\">LinMot und MagSpring Produkte sind weltweit verf\u00fcgbare und standardisierte Produkte, die in der Regel ab Lager geliefert werden. Derzeit sind mehr als 1000 verschiedene Drive und Motorkombinationen ab Lager lieferbar und innerhalb von 48 Stunden weltweit verf\u00fcgbar.<\/p>\n<\/div>\n<\/div>\n<div class=\"row\">\n<div class=\"col-md-3\">\n<img loading=\"lazy\" decoding=\"async\" class=\"aligncenter size-full wp-image-283\" src=\"https:\/\/linmot.com\/wp-content\/uploads\/2017\/10\/quality.png\" alt=\"\" width=\"200\" height=\"200\" \/>\n<\/div>\n<div class=\"col-md-8\">\n<h4>Qualit\u00e4t<\/h4>\n<p class=\"bodytext\">Qualit\u00e4tskontrolle beginnt bei der Eingangskontrolle im Wareneingang und wird in der Produktion nach den einzelnen Produktionsschritten sowie dem Schlusstest vor der Auslieferung fortgesetzt. So werden beispielsweise alle LinMot Linearmotoren vor der Auslieferung einem 24-Stunden-Burn-in unterzogen. Zur langfristigen Qualit\u00e4tssicherung werden unsere Produkte mit einer eindeutigen Seriennummer auf der Etikette und dem elektronischen Typenschild im Stator und im Servo Drive gekennzeichnet.<\/p>\n<\/div>\n<\/div>\n","protected":false},"excerpt":{"rendered":"<p>NTI AG ist ein weltweit t\u00e4tiger Hersteller von hochwertigen Linearmotoren und Linearmotorsystemen und als solcher auf die Entwicklung, Produktion und den Vertrieb von linearen Direktantrieben f\u00fcr den Einsatz im industriellen Umfeld fokussiert. 1993 als eigenst\u00e4ndige Gesch\u00e4ftseinheit des Sulzer Konzerns gegr\u00fcndet, agiert die NTI AG seit dem Jahr 2000 als unabh\u00e4ngige Firma. Der Hauptsitz von NTI [&hellip;]<\/p>\n","protected":false},"author":1,"featured_media":0,"parent":0,"menu_order":39,"comment_status":"closed","ping_status":"closed","template":"","meta":{"_acf_changed":false,"footnotes":""},"class_list":["post-4","page","type-page","status-publish","hentry"],"acf":[],"yoast_head":"<!-- This site is optimized with the Yoast SEO Premium plugin v20.9 (Yoast SEO v27.3) - https:\/\/yoast.com\/product\/yoast-seo-premium-wordpress\/ -->\n<title>NTI AG \u2013 Die Entstehungsgeschichte der NTI AG | LinMot<\/title>\n<meta name=\"description\" content=\"1993 als eigenst\u00e4ndige Gesch\u00e4ftseinheit des Sulzer Konzerns gegr\u00fcndet, agiert die NTI AG seit dem Jahr 2000 als eigenst\u00e4ndige Firma.\" \/>\n<meta name=\"robots\" content=\"index, follow, max-snippet:-1, max-image-preview:large, max-video-preview:-1\" \/>\n<link rel=\"canonical\" href=\"https:\/\/linmot.com\/de\/unternehmensprofil\/\" \/>\n<meta property=\"og:locale\" content=\"de_DE\" \/>\n<meta property=\"og:type\" content=\"article\" \/>\n<meta property=\"og:title\" content=\"Unternehmensprofil der NTI AG\" \/>\n<meta property=\"og:description\" content=\"1993 als eigenst\u00e4ndige Gesch\u00e4ftseinheit des Sulzer Konzerns gegr\u00fcndet, agiert die NTI AG seit dem Jahr 2000 als eigenst\u00e4ndige Firma.\" \/>\n<meta property=\"og:url\" content=\"https:\/\/linmot.com\/de\/unternehmensprofil\/\" \/>\n<meta property=\"og:site_name\" content=\"LinMot &amp; MagSpring - Deutsch\" \/>\n<meta property=\"article:modified_time\" content=\"2025-08-11T13:02:56+00:00\" \/>\n<meta property=\"og:image\" content=\"https:\/\/linmot.com\/de\/wp-content\/uploads\/sites\/2\/2017\/10\/linmot-new-headquarter-swiss-2018.jpg\" \/>\n\t<meta property=\"og:image:width\" content=\"940\" \/>\n\t<meta property=\"og:image:height\" content=\"439\" \/>\n\t<meta property=\"og:image:type\" content=\"image\/jpeg\" \/>\n<meta name=\"twitter:card\" content=\"summary_large_image\" \/>\n<meta name=\"twitter:description\" content=\"1993 als eigenst\u00e4ndige Gesch\u00e4ftseinheit des Sulzer Konzerns gegr\u00fcndet, agiert die NTI AG seit dem Jahr 2000 als eigenst\u00e4ndige Firma.\" \/>\n<meta name=\"twitter:label1\" content=\"Gesch\u00e4tzte Lesezeit\" \/>\n\t<meta name=\"twitter:data1\" content=\"5 Minuten\" \/>\n<script type=\"application\/ld+json\" class=\"yoast-schema-graph\">{\"@context\":\"https:\\\/\\\/schema.org\",\"@graph\":[{\"@type\":\"WebPage\",\"@id\":\"https:\\\/\\\/linmot.com\\\/de\\\/unternehmensprofil\\\/\",\"url\":\"https:\\\/\\\/linmot.com\\\/de\\\/unternehmensprofil\\\/\",\"name\":\"NTI AG \u2013 Die Entstehungsgeschichte der NTI AG | LinMot\",\"isPartOf\":{\"@id\":\"https:\\\/\\\/linmot.com\\\/de\\\/#website\"},\"primaryImageOfPage\":{\"@id\":\"https:\\\/\\\/linmot.com\\\/de\\\/unternehmensprofil\\\/#primaryimage\"},\"image\":{\"@id\":\"https:\\\/\\\/linmot.com\\\/de\\\/unternehmensprofil\\\/#primaryimage\"},\"thumbnailUrl\":\"https:\\\/\\\/linmot.com\\\/de\\\/wp-content\\\/uploads\\\/sites\\\/2\\\/2017\\\/10\\\/linmot-new-headquarter-swiss-2018.jpg\",\"datePublished\":\"2017-10-20T21:19:40+00:00\",\"dateModified\":\"2025-08-11T13:02:56+00:00\",\"description\":\"1993 als eigenst\u00e4ndige Gesch\u00e4ftseinheit des Sulzer Konzerns gegr\u00fcndet, agiert die NTI AG seit dem Jahr 2000 als eigenst\u00e4ndige Firma.\",\"breadcrumb\":{\"@id\":\"https:\\\/\\\/linmot.com\\\/de\\\/unternehmensprofil\\\/#breadcrumb\"},\"inLanguage\":\"de\",\"potentialAction\":[{\"@type\":\"ReadAction\",\"target\":[\"https:\\\/\\\/linmot.com\\\/de\\\/unternehmensprofil\\\/\"]}]},{\"@type\":\"ImageObject\",\"inLanguage\":\"de\",\"@id\":\"https:\\\/\\\/linmot.com\\\/de\\\/unternehmensprofil\\\/#primaryimage\",\"url\":\"https:\\\/\\\/linmot.com\\\/de\\\/wp-content\\\/uploads\\\/sites\\\/2\\\/2017\\\/10\\\/linmot-new-headquarter-swiss-2018.jpg\",\"contentUrl\":\"https:\\\/\\\/linmot.com\\\/de\\\/wp-content\\\/uploads\\\/sites\\\/2\\\/2017\\\/10\\\/linmot-new-headquarter-swiss-2018.jpg\",\"width\":940,\"height\":439,\"caption\":\"Firmengeb\u00e4ude LinMot in Spreitenbach\"},{\"@type\":\"BreadcrumbList\",\"@id\":\"https:\\\/\\\/linmot.com\\\/de\\\/unternehmensprofil\\\/#breadcrumb\",\"itemListElement\":[{\"@type\":\"ListItem\",\"position\":1,\"name\":\"LinMot\",\"item\":\"https:\\\/\\\/linmot.com\\\/de\\\/\"},{\"@type\":\"ListItem\",\"position\":2,\"name\":\"Unternehmensprofil der NTI AG\"}]},{\"@type\":\"WebSite\",\"@id\":\"https:\\\/\\\/linmot.com\\\/de\\\/#website\",\"url\":\"https:\\\/\\\/linmot.com\\\/de\\\/\",\"name\":\"LinMot & MagSpring - Industrielle Linearmotoren\",\"description\":\"Hochwertigen Linearmotoren und Linearmotorsystemen\",\"publisher\":{\"@id\":\"https:\\\/\\\/linmot.com\\\/de\\\/#organization\"},\"potentialAction\":[{\"@type\":\"SearchAction\",\"target\":{\"@type\":\"EntryPoint\",\"urlTemplate\":\"https:\\\/\\\/linmot.com\\\/de\\\/?s={search_term_string}\"},\"query-input\":{\"@type\":\"PropertyValueSpecification\",\"valueRequired\":true,\"valueName\":\"search_term_string\"}}],\"inLanguage\":\"de\"},{\"@type\":\"Organization\",\"@id\":\"https:\\\/\\\/linmot.com\\\/de\\\/#organization\",\"name\":\"NTI AG - LinMot & MagSpring\",\"url\":\"https:\\\/\\\/linmot.com\\\/de\\\/\",\"logo\":{\"@type\":\"ImageObject\",\"inLanguage\":\"de\",\"@id\":\"https:\\\/\\\/linmot.com\\\/de\\\/#\\\/schema\\\/logo\\\/image\\\/\",\"url\":\"https:\\\/\\\/linmot.com\\\/de\\\/wp-content\\\/uploads\\\/sites\\\/2\\\/2022\\\/01\\\/social-logo.jpg\",\"contentUrl\":\"https:\\\/\\\/linmot.com\\\/de\\\/wp-content\\\/uploads\\\/sites\\\/2\\\/2022\\\/01\\\/social-logo.jpg\",\"width\":800,\"height\":500,\"caption\":\"NTI AG - LinMot & MagSpring\"},\"image\":{\"@id\":\"https:\\\/\\\/linmot.com\\\/de\\\/#\\\/schema\\\/logo\\\/image\\\/\"},\"sameAs\":[\"https:\\\/\\\/www.linkedin.com\\\/company\\\/nti-ag-linmot-magspring\",\"https:\\\/\\\/www.youtube.com\\\/user\\\/LinMotEurope\",\"https:\\\/\\\/www.xing.com\\\/pages\\\/linmot-magspring\"]}]}<\/script>\n<!-- \/ Yoast SEO Premium plugin. -->","yoast_head_json":{"title":"NTI AG \u2013 Die Entstehungsgeschichte der NTI AG | LinMot","description":"1993 als eigenst\u00e4ndige Gesch\u00e4ftseinheit des Sulzer Konzerns gegr\u00fcndet, agiert die NTI AG seit dem Jahr 2000 als eigenst\u00e4ndige Firma.","robots":{"index":"index","follow":"follow","max-snippet":"max-snippet:-1","max-image-preview":"max-image-preview:large","max-video-preview":"max-video-preview:-1"},"canonical":"https:\/\/linmot.com\/de\/unternehmensprofil\/","og_locale":"de_DE","og_type":"article","og_title":"Unternehmensprofil der NTI AG","og_description":"1993 als eigenst\u00e4ndige Gesch\u00e4ftseinheit des Sulzer Konzerns gegr\u00fcndet, agiert die NTI AG seit dem Jahr 2000 als eigenst\u00e4ndige Firma.","og_url":"https:\/\/linmot.com\/de\/unternehmensprofil\/","og_site_name":"LinMot &amp; MagSpring - Deutsch","article_modified_time":"2025-08-11T13:02:56+00:00","og_image":[{"width":940,"height":439,"url":"https:\/\/linmot.com\/de\/wp-content\/uploads\/sites\/2\/2017\/10\/linmot-new-headquarter-swiss-2018.jpg","type":"image\/jpeg"}],"twitter_card":"summary_large_image","twitter_description":"1993 als eigenst\u00e4ndige Gesch\u00e4ftseinheit des Sulzer Konzerns gegr\u00fcndet, agiert die NTI AG seit dem Jahr 2000 als eigenst\u00e4ndige Firma.","twitter_misc":{"Gesch\u00e4tzte Lesezeit":"5 Minuten"},"schema":{"@context":"https:\/\/schema.org","@graph":[{"@type":"WebPage","@id":"https:\/\/linmot.com\/de\/unternehmensprofil\/","url":"https:\/\/linmot.com\/de\/unternehmensprofil\/","name":"NTI AG \u2013 Die Entstehungsgeschichte der NTI AG | LinMot","isPartOf":{"@id":"https:\/\/linmot.com\/de\/#website"},"primaryImageOfPage":{"@id":"https:\/\/linmot.com\/de\/unternehmensprofil\/#primaryimage"},"image":{"@id":"https:\/\/linmot.com\/de\/unternehmensprofil\/#primaryimage"},"thumbnailUrl":"https:\/\/linmot.com\/de\/wp-content\/uploads\/sites\/2\/2017\/10\/linmot-new-headquarter-swiss-2018.jpg","datePublished":"2017-10-20T21:19:40+00:00","dateModified":"2025-08-11T13:02:56+00:00","description":"1993 als eigenst\u00e4ndige Gesch\u00e4ftseinheit des Sulzer Konzerns gegr\u00fcndet, agiert die NTI AG seit dem Jahr 2000 als eigenst\u00e4ndige Firma.","breadcrumb":{"@id":"https:\/\/linmot.com\/de\/unternehmensprofil\/#breadcrumb"},"inLanguage":"de","potentialAction":[{"@type":"ReadAction","target":["https:\/\/linmot.com\/de\/unternehmensprofil\/"]}]},{"@type":"ImageObject","inLanguage":"de","@id":"https:\/\/linmot.com\/de\/unternehmensprofil\/#primaryimage","url":"https:\/\/linmot.com\/de\/wp-content\/uploads\/sites\/2\/2017\/10\/linmot-new-headquarter-swiss-2018.jpg","contentUrl":"https:\/\/linmot.com\/de\/wp-content\/uploads\/sites\/2\/2017\/10\/linmot-new-headquarter-swiss-2018.jpg","width":940,"height":439,"caption":"Firmengeb\u00e4ude LinMot in Spreitenbach"},{"@type":"BreadcrumbList","@id":"https:\/\/linmot.com\/de\/unternehmensprofil\/#breadcrumb","itemListElement":[{"@type":"ListItem","position":1,"name":"LinMot","item":"https:\/\/linmot.com\/de\/"},{"@type":"ListItem","position":2,"name":"Unternehmensprofil der NTI AG"}]},{"@type":"WebSite","@id":"https:\/\/linmot.com\/de\/#website","url":"https:\/\/linmot.com\/de\/","name":"LinMot & MagSpring - Industrielle Linearmotoren","description":"Hochwertigen Linearmotoren und Linearmotorsystemen","publisher":{"@id":"https:\/\/linmot.com\/de\/#organization"},"potentialAction":[{"@type":"SearchAction","target":{"@type":"EntryPoint","urlTemplate":"https:\/\/linmot.com\/de\/?s={search_term_string}"},"query-input":{"@type":"PropertyValueSpecification","valueRequired":true,"valueName":"search_term_string"}}],"inLanguage":"de"},{"@type":"Organization","@id":"https:\/\/linmot.com\/de\/#organization","name":"NTI AG - LinMot & MagSpring","url":"https:\/\/linmot.com\/de\/","logo":{"@type":"ImageObject","inLanguage":"de","@id":"https:\/\/linmot.com\/de\/#\/schema\/logo\/image\/","url":"https:\/\/linmot.com\/de\/wp-content\/uploads\/sites\/2\/2022\/01\/social-logo.jpg","contentUrl":"https:\/\/linmot.com\/de\/wp-content\/uploads\/sites\/2\/2022\/01\/social-logo.jpg","width":800,"height":500,"caption":"NTI AG - LinMot & MagSpring"},"image":{"@id":"https:\/\/linmot.com\/de\/#\/schema\/logo\/image\/"},"sameAs":["https:\/\/www.linkedin.com\/company\/nti-ag-linmot-magspring","https:\/\/www.youtube.com\/user\/LinMotEurope","https:\/\/www.xing.com\/pages\/linmot-magspring"]}]}},"_links":{"self":[{"href":"https:\/\/linmot.com\/de\/wp-json\/wp\/v2\/pages\/4","targetHints":{"allow":["GET"]}}],"collection":[{"href":"https:\/\/linmot.com\/de\/wp-json\/wp\/v2\/pages"}],"about":[{"href":"https:\/\/linmot.com\/de\/wp-json\/wp\/v2\/types\/page"}],"author":[{"embeddable":true,"href":"https:\/\/linmot.com\/de\/wp-json\/wp\/v2\/users\/1"}],"replies":[{"embeddable":true,"href":"https:\/\/linmot.com\/de\/wp-json\/wp\/v2\/comments?post=4"}],"version-history":[{"count":32,"href":"https:\/\/linmot.com\/de\/wp-json\/wp\/v2\/pages\/4\/revisions"}],"predecessor-version":[{"id":5901,"href":"https:\/\/linmot.com\/de\/wp-json\/wp\/v2\/pages\/4\/revisions\/5901"}],"wp:attachment":[{"href":"https:\/\/linmot.com\/de\/wp-json\/wp\/v2\/media?parent=4"}],"curies":[{"name":"wp","href":"https:\/\/api.w.org\/{rel}","templated":true}]}}