{"id":38,"date":"2017-10-20T23:32:28","date_gmt":"2017-10-20T21:32:28","guid":{"rendered":"https:\/\/linmot.com\/?page_id=38"},"modified":"2024-06-19T15:10:34","modified_gmt":"2024-06-19T13:10:34","slug":"linearmotoren","status":"publish","type":"page","link":"https:\/\/linmot.com\/de\/produkte\/linearmotoren\/","title":{"rendered":"Linearmotoren"},"content":{"rendered":"<p align=\"justify\"><strong>LinMot Linearmotoren sind hochwertige, lineare Direktantriebe mit herausragendem Wirkungsgrad. Dieser hohe Wirkungsgrad bedeutet weniger W\u00e4rmeentwicklung und bessere Positionsgenauigkeit. Das einfache und robuste tubulare Design erleichtert die Installation des Motors, reduziert den Platzbedarf und erreicht eine un\u00fcbertroffene Kraftdichte. Im Gegensatz zu herk\u00f6mmlichen Antriebsl\u00f6sungen kommen LinMot-L\u00f6sungen ohne mechanische \u00dcbertragungselemente aus &#8211; das vereinfacht die Konstruktion, reduziert den Verschlei\u00df und minimiert so Wartungsaufwand und Wartungskosten.<\/strong><\/p>\n<p align=\"justify\">LinMot Motoren sind kompromisslos zuverl\u00e4ssig und eignen sich aufgrund ihrer pr\u00e4zisen, sanften, leisen und hochdynamischen Bewegung f\u00fcr nahezu alle Anwendungen und Branchen.<\/p>\n<hr \/>\n<div class=\"row\">\n<div class=\"col-md-5\">\n<h2>Hauptmerkmale der Linearmotoren<\/h2>\n<p><strong>Produktivit\u00e4t<\/strong><\/p>\n<ul>\n<li>Extreme Dynamik<\/li>\n<li>\u00dcberwachtbare Prozessvariablen<\/li>\n<li>Einfache und schnelle Wartung<\/li>\n<\/ul>\n<p><strong>Flexibilit\u00e4t<\/strong><\/p>\n<ul>\n<li>Frei positionierbar mit programmierbaren Parametern<\/li>\n<li>Breite Palette an Produktkombinationen und Optionen<\/li>\n<\/ul>\n<p><strong>Zuverl\u00e4ssigkeit<\/strong><\/p>\n<ul>\n<li>Hohe Qualit\u00e4t und Pr\u00e4zision<\/li>\n<li>Robustes, einfaches Design<\/li>\n<li>\u00dcberlastschutz<\/li>\n<li>Lange Lebensdauer<\/li>\n<\/ul>\n<p><a class=\"btn btn-active\" href=\"https:\/\/shop.linmot.com\/D\/linearmotoren.htm\" target=\"_blank\" rel=\"noopener noreferrer\">Zu den Details im e-Katalog<\/a><\/p>\n<\/div>\n<div class=\"col-md-7\">\n<img loading=\"lazy\" decoding=\"async\" class=\"alignnone size-full wp-image-2773\" src=\"https:\/\/linmot.com\/wp-content\/uploads\/2022\/02\/linear-motors-typical-application-areas.jpg\" alt=\"\" width=\"535\" height=\"399\" \/>\n<\/div>\n<\/div>\n<hr \/>\n<h3>Leistungsbereich der Linearmotoren<\/h3>\n<img loading=\"lazy\" decoding=\"async\" class=\"aligncenter size-full wp-image-2859\" src=\"https:\/\/linmot.com\/de\/wp-content\/uploads\/sites\/2\/2022\/02\/linearmotoren-leistungsbereich.jpg\" alt=\"\" width=\"635\" height=\"365\" srcset=\"https:\/\/linmot.com\/de\/wp-content\/uploads\/sites\/2\/2022\/02\/linearmotoren-leistungsbereich.jpg 635w, https:\/\/linmot.com\/de\/wp-content\/uploads\/sites\/2\/2022\/02\/linearmotoren-leistungsbereich-300x172.jpg 300w\" sizes=\"auto, (max-width: 635px) 100vw, 635px\" \/>\n<hr \/>\n<div class=\"row\">\n<div class=\"col-md-5\">\n<h2>Typische Anwendungsbereiche<\/h2>\n<ul>\n<li>Kunststoffspritzgussmaschinen, Verpackungsmaschinen, Textilmaschinen, Montageanlagen, Druck- und Etikettiermaschinen<\/li>\n<li>Holz-, Glas- und Keramikbearbeitungsmaschinen<\/li>\n<li>Handhabungs-, Abf\u00fcll-, Inspektions-, Zuf\u00fchr-, Montage-, Stapel-, Sortier- und Ausleitsysteme<\/li>\n<li>Messen, Z\u00e4hlen, Dosieren, Versiegeln und Pr\u00e4zisionspressen<\/li>\n<\/ul>\n<\/div>\n<div class=\"col-md-7\">\n<p style=\"text-align: center;\">\n<div class=\"brlbs-cmpnt-container brlbs-cmpnt-content-blocker brlbs-cmpnt-with-individual-styles\" data-borlabs-cookie-content-blocker-id=\"youtube-content-blocker\" data-borlabs-cookie-content=\"PGlmcmFtZSB0aXRsZT0iWW91VHViZSB2aWRlbyBwbGF5ZXIiIHNyYz0iaHR0cHM6Ly93d3cueW91dHViZS1ub2Nvb2tpZS5jb20vZW1iZWQvWXotYURKekRFdkU\/c3RhcnQ9MjgiIHdpZHRoPSI1MzUiIGhlaWdodD0iMzE1IiBmcmFtZWJvcmRlcj0iMCIgYWxsb3dmdWxsc2NyZWVuPSJhbGxvd2Z1bGxzY3JlZW4iPjwvaWZyYW1lPg==\">\n<div class=\"brlbs-cmpnt-cb-preset-c brlbs-cmpnt-cb-youtube\">\n<div class=\"brlbs-cmpnt-cb-thumbnail\" style=\"background-image: url('https:\/\/linmot.com\/de\/wp-content\/uploads\/borlabs-cookie\/2\/yt_Yz-aDJzDEvE_hqdefault.jpg')\"><\/div>\n<div class=\"brlbs-cmpnt-cb-main\">\n<div class=\"brlbs-cmpnt-cb-play-button\"><\/div>\n<div class=\"brlbs-cmpnt-cb-content\">\n<p class=\"brlbs-cmpnt-cb-description\">Sie sehen gerade einen Platzhalterinhalt von <strong>YouTube<\/strong>. Um auf den eigentlichen Inhalt zuzugreifen, klicken Sie auf die Schaltfl\u00e4che unten. Bitte beachten Sie, dass dabei Daten an Drittanbieter weitergegeben werden.<\/p>\n<p> <a class=\"brlbs-cmpnt-cb-provider-toggle\" href=\"#\" data-borlabs-cookie-show-provider-information role=\"button\">Mehr Informationen<\/a> <\/div>\n<div class=\"brlbs-cmpnt-cb-buttons\"> <a class=\"brlbs-cmpnt-cb-btn\" href=\"#\" data-borlabs-cookie-unblock role=\"button\">Inhalt entsperren<\/a> <a class=\"brlbs-cmpnt-cb-btn\" href=\"#\" data-borlabs-cookie-accept-service role=\"button\" style=\"display: inherit\">Erforderlichen Service akzeptieren und Inhalte entsperren<\/a> <\/div>\n<\/p><\/div>\n<\/p><\/div>\n<\/div>\n<\/div>\n<\/div>\n<hr \/>\n<h2>Serie P01<\/h2>\n<div class=\"row\">\n<div class=\"col-md-7\">\n<ul>\n<li>Hohe Leistungsdichte<\/li>\n<li>Extreme Effizienz<\/li>\n<li>Einfache Installation &amp; Konfiguration<\/li>\n<li>Ger\u00e4uscharmer und reibungsloser Betrieb<\/li>\n<li>Lange Lebensdauer<\/li>\n<li>CE\/RoHS\/UL-zertifiziert<\/li>\n<\/ul>\n<p><a class=\"button\" href=\"\/de\/produkte\/linearmotoren\/linearmotoren-p01\/\">Mehr dazu<\/a><\/p>\n<\/div>\n<div class=\"col-md-5\">\n<p><img loading=\"lazy\" decoding=\"async\" class=\"size-full wp-image-2780 aligncenter\" src=\"https:\/\/linmot.com\/wp-content\/uploads\/2022\/02\/linearmotor-p01.jpg\" alt=\"\" width=\"612\" height=\"193\" \/><\/div>\n<\/div>\n<hr \/>\n<h2>Serie P10 &#8211; 3x400VAC<\/h2>\n<div class=\"row\">\n<div class=\"col-md-7\">\n<ul>\n<li>Die leistungsst\u00e4rksten und dynamischsten LinMot Motoren<\/li>\n<li>1x230VAC und 3 x 400VAC Technik<\/li>\n<li>Motoren welche \u00fcber Servo-Drives von Drittanbietern angesteuert werden k\u00f6nnen<\/li>\n<li>Lange Lebensdauer<\/li>\n<li>Einfache Inbetriebnahme<\/li>\n<li>CE\/RoHS\/UL-zertifiziert<\/li>\n<\/ul>\n<p><a class=\"button\" href=\"\/de\/produkte\/linearmotoren\/linearmotoren-p10\/\">Mehr dazu<\/a><\/p>\n<\/div>\n<div class=\"col-md-5\">\n<img loading=\"lazy\" decoding=\"async\" class=\"alignnone size-full wp-image-2779 aligncenter\" src=\"https:\/\/linmot.com\/wp-content\/uploads\/2022\/02\/linearmotor-p10.jpg\" alt=\"\" width=\"612\" height=\"160\" \/>\n<p>&nbsp;<\/p>\n<\/div>\n<\/div>\n<hr \/>\n<h2>Edelstahl Motoren<\/h2>\n<div class=\"row\">\n<div class=\"col-md-7\">\n<ul>\n<li>Hygienisches Design, entwickelt f\u00fcr anspruchsvolle Umgebungen<\/li>\n<li>Konzipiert f\u00fcr Verarbeitung von Lebensmitteln oder f\u00fcr die Pharmaindustrie<\/li>\n<li>Erf\u00fcllen die Vorgaben der Schutzart IP69K gem\u00e4ss DIN EN 60529<\/li>\n<li>Einfach zu reinigen mit branchen\u00fcblichen Mitteln<\/li>\n<li>Optional mit integrierter Wasserk\u00fchlung f\u00fcr tiefe Oberfl\u00e4chentemperaturen<\/li>\n<\/ul>\n<p><a class=\"button\" href=\"\/de\/produkte\/inox-motoren\/\">Mehr dazu<\/a><\/p>\n<\/div>\n<div class=\"col-md-5\">\n<img loading=\"lazy\" decoding=\"async\" class=\"alignnone size-full wp-image-2779 aligncenter\" src=\"https:\/\/linmot.com\/de\/wp-content\/uploads\/sites\/2\/2021\/07\/linmot-stainless-steel-motors-3x400VAC-SSC.jpg\" alt=\"\" width=\"612\" height=\"189\" \/>\n<p>&nbsp;<\/p>\n<\/div>\n<\/div>\n<hr \/>\n<h2>Explosionsgesch\u00fctzte Linearmotoren<\/h2>\n<div class=\"row\">\n<div class=\"col-md-7\">\n<ul>\n<li>Edelstahl-Geh\u00e4use<\/li>\n<li>Hygienisches Design<\/li>\n<li>Geschweisste Verbindungen<\/li>\n<li>Komplett gekapselt (IP67)<\/li>\n<li>Optional mit integrierter Wasserk\u00fchlung<\/li>\n<li>F\u00fcr den Einsatz in Gas Zonen 1 \/ 2<\/li>\n<li>Geeignet f\u00fcr den Einsatz in Staub Zonen 21 \/ 22<\/li>\n<\/ul>\n<p><a class=\"button\" href=\"\/de\/produkte\/linearmotoren\/atex-motoren\/\">Mehr dazu<\/a><\/p>\n<\/div>\n<div class=\"col-md-5\">\n<img loading=\"lazy\" decoding=\"async\" class=\"alignnone size-full wp-image-2779 aligncenter\" src=\"https:\/\/linmot.com\/es\/wp-content\/uploads\/sites\/5\/2018\/08\/atex-motors-2018-4.jpg\" alt=\"\" width=\"612\" height=\"190\" \/>\n<p>&nbsp;<\/p>\n<\/div>\n<\/div>\n<hr \/>\n<h2>Linearmotoren mit integriertem Drive<\/h2>\n<div class=\"row\">\n<div class=\"col-md-7\">\n<ul>\n<li>High-Performance Linearmotor mit integriertem Drive<\/li>\n<li>Kompakte Abmessungen<\/li>\n<li>Hohe Dynamik<\/li>\n<li>Geeignet f\u00fcr Daisy Chain Verkettung<\/li>\n<li>Integrierter Montageflansch<\/li>\n<li>Geringer Verkabelungsaufwand<\/li>\n<\/ul>\n<p><a class=\"button\" href=\"\/de\/produkte\/linearmotoren-mit-integriertem-drive\/\">Mehr dazu<\/a><\/p>\n<\/div>\n<div class=\"col-md-5\">\n<img loading=\"lazy\" decoding=\"async\" class=\"alignnone size-full wp-image-2779 aligncenter\" src=\"https:\/\/linmot.com\/es\/wp-content\/uploads\/sites\/5\/2018\/08\/2018-Linmot-PD03-1.jpg\" alt=\"\" width=\"612\" height=\"190\" \/>\n<p>&nbsp;<\/p>\n<\/div>\n<\/div>\n<hr \/>\n<h2>Ersatz von Pneumatik durch Industrielle Linearmotoren<\/h2>\n<div class=\"row\">\n<div class=\"col-md-7\">\n<p align=\"justify\">LinMot als Pneumatikersatz: Elektrische Linearantriebe verdr\u00e4ngen konventionelle Pneumatikzylinder aus immer mehr Anwendungsbereichen. Gr\u00fcnde sind der schlechte Wirkungsgrad, die hohen Inbetriebnahme-, Umr\u00fcst-, Service- und Wartungskosten sowie die eingeschr\u00e4nkte Regelbarkeit von pneumatischen Systemen. Erfahren Sie mehr \u00fcber die Vorteile von Linearantrieben.<\/p>\n<p><a class=\"button\" href=\"\/de\/branchen\/ersatz-von-pneumatik-durch-industrielle-linearmotoren\/\">Mehr dazu<\/a><\/p>\n<\/div>\n<div class=\"col-md-5\">\n<p data-wp-editing=\"1\"><img loading=\"lazy\" decoding=\"async\" class=\"alignnone size-full wp-image-2779 aligncenter\" src=\"https:\/\/linmot.com\/de\/wp-content\/uploads\/sites\/2\/2017\/11\/CO2-Ausstoss_01-150x150.jpg\" alt=\"\" width=\"150\" height=\"150\" \/><\/p>\n<p>&nbsp;<\/p>\n<\/div>\n<\/div>\n<hr \/>\n<h2>Fragen?<\/h2>\n<p>Wir stehen Ihnen gerne f\u00fcr Ihre Fragen zur Verf\u00fcgung.<\/p>\n<p><a class=\"button\" href=\"\/de\/contact\/\">Finden Sie Ihren lokalen Ansprechspartner<\/a><\/p>\n","protected":false},"excerpt":{"rendered":"<p>LinMot Linearmotoren sind hochwertige, lineare Direktantriebe mit herausragendem Wirkungsgrad. Dieser hohe Wirkungsgrad bedeutet weniger W\u00e4rmeentwicklung und bessere Positionsgenauigkeit. Das einfache und robuste tubulare Design erleichtert die Installation des Motors, reduziert den Platzbedarf und erreicht eine un\u00fcbertroffene Kraftdichte. Im Gegensatz zu herk\u00f6mmlichen Antriebsl\u00f6sungen kommen LinMot-L\u00f6sungen ohne mechanische \u00dcbertragungselemente aus &#8211; das vereinfacht die Konstruktion, reduziert den [&hellip;]<\/p>\n","protected":false},"author":1,"featured_media":0,"parent":6,"menu_order":49,"comment_status":"closed","ping_status":"closed","template":"","meta":{"_acf_changed":false,"footnotes":""},"class_list":["post-38","page","type-page","status-publish","hentry"],"acf":[],"yoast_head":"<!-- This site is optimized with the Yoast SEO Premium plugin v20.9 (Yoast SEO v27.2) - https:\/\/yoast.com\/product\/yoast-seo-premium-wordpress\/ -->\n<title>Linearmotoren \u2013 Elektromagnetische Direktantriebe | LinMot<\/title>\n<meta name=\"description\" content=\"Den Kern des LinMot Antriebssystems bildet die Produktpalette von Hubdreh- und Linearmotoren zusammen mit den Servo Drives und dem Zubeh\u00f6r.\" \/>\n<meta name=\"robots\" content=\"index, follow, max-snippet:-1, max-image-preview:large, max-video-preview:-1\" \/>\n<link rel=\"canonical\" href=\"https:\/\/linmot.com\/de\/produkte\/linearmotoren\/\" \/>\n<meta property=\"og:locale\" content=\"de_DE\" \/>\n<meta property=\"og:type\" content=\"article\" \/>\n<meta property=\"og:title\" content=\"Linearmotoren \u2013 Elektromagnetische Direktantriebe | LinMot\" \/>\n<meta property=\"og:description\" content=\"Den Kern des LinMot Antriebssystems bildet die Produktpalette von Hubdreh- und Linearmotoren zusammen mit den Servo Drives und dem Zubeh\u00f6r.\" \/>\n<meta property=\"og:url\" content=\"https:\/\/linmot.com\/de\/produkte\/linearmotoren\/\" \/>\n<meta property=\"og:site_name\" content=\"LinMot &amp; MagSpring - Deutsch\" \/>\n<meta property=\"article:modified_time\" content=\"2024-06-19T13:10:34+00:00\" \/>\n<meta property=\"og:image\" content=\"https:\/\/linmot.com\/wp-content\/uploads\/2022\/02\/linear-motors-typical-application-areas.jpg\" \/>\n<meta name=\"twitter:card\" content=\"summary_large_image\" \/>\n<meta name=\"twitter:title\" content=\"Linearmotoren \u2013 Elektromagnetische Direktantriebe | LinMot\" \/>\n<meta name=\"twitter:description\" content=\"Den Kern des LinMot Antriebssystems bildet die Produktpalette von Hubdreh- und Linearmotoren zusammen mit den Servo Drives und dem Zubeh\u00f6r.\" \/>\n<meta name=\"twitter:label1\" content=\"Gesch\u00e4tzte Lesezeit\" \/>\n\t<meta name=\"twitter:data1\" content=\"5 Minuten\" \/>\n<script type=\"application\/ld+json\" class=\"yoast-schema-graph\">{\"@context\":\"https:\/\/schema.org\",\"@graph\":[{\"@type\":\"WebPage\",\"@id\":\"https:\/\/linmot.com\/de\/produkte\/linearmotoren\/\",\"url\":\"https:\/\/linmot.com\/de\/produkte\/linearmotoren\/\",\"name\":\"Linearmotoren \u2013 Elektromagnetische Direktantriebe | LinMot\",\"isPartOf\":{\"@id\":\"https:\/\/linmot.com\/de\/#website\"},\"primaryImageOfPage\":{\"@id\":\"https:\/\/linmot.com\/de\/produkte\/linearmotoren\/#primaryimage\"},\"image\":{\"@id\":\"https:\/\/linmot.com\/de\/produkte\/linearmotoren\/#primaryimage\"},\"thumbnailUrl\":\"https:\/\/linmot.com\/wp-content\/uploads\/2022\/02\/linear-motors-typical-application-areas.jpg\",\"datePublished\":\"2017-10-20T21:32:28+00:00\",\"dateModified\":\"2024-06-19T13:10:34+00:00\",\"description\":\"Den Kern des LinMot Antriebssystems bildet die Produktpalette von Hubdreh- und Linearmotoren zusammen mit den Servo Drives und dem Zubeh\u00f6r.\",\"breadcrumb\":{\"@id\":\"https:\/\/linmot.com\/de\/produkte\/linearmotoren\/#breadcrumb\"},\"inLanguage\":\"de\",\"potentialAction\":[{\"@type\":\"ReadAction\",\"target\":[\"https:\/\/linmot.com\/de\/produkte\/linearmotoren\/\"]}]},{\"@type\":\"ImageObject\",\"inLanguage\":\"de\",\"@id\":\"https:\/\/linmot.com\/de\/produkte\/linearmotoren\/#primaryimage\",\"url\":\"https:\/\/linmot.com\/wp-content\/uploads\/2022\/02\/linear-motors-typical-application-areas.jpg\",\"contentUrl\":\"https:\/\/linmot.com\/wp-content\/uploads\/2022\/02\/linear-motors-typical-application-areas.jpg\"},{\"@type\":\"BreadcrumbList\",\"@id\":\"https:\/\/linmot.com\/de\/produkte\/linearmotoren\/#breadcrumb\",\"itemListElement\":[{\"@type\":\"ListItem\",\"position\":1,\"name\":\"LinMot\",\"item\":\"https:\/\/linmot.com\/de\/\"},{\"@type\":\"ListItem\",\"position\":2,\"name\":\"Produkte\",\"item\":\"https:\/\/linmot.com\/de\/produkte\/\"},{\"@type\":\"ListItem\",\"position\":3,\"name\":\"Linearmotoren\"}]},{\"@type\":\"WebSite\",\"@id\":\"https:\/\/linmot.com\/de\/#website\",\"url\":\"https:\/\/linmot.com\/de\/\",\"name\":\"LinMot & MagSpring - Industrielle Linearmotoren\",\"description\":\"Hochwertigen Linearmotoren und Linearmotorsystemen\",\"publisher\":{\"@id\":\"https:\/\/linmot.com\/de\/#organization\"},\"potentialAction\":[{\"@type\":\"SearchAction\",\"target\":{\"@type\":\"EntryPoint\",\"urlTemplate\":\"https:\/\/linmot.com\/de\/?s={search_term_string}\"},\"query-input\":{\"@type\":\"PropertyValueSpecification\",\"valueRequired\":true,\"valueName\":\"search_term_string\"}}],\"inLanguage\":\"de\"},{\"@type\":\"Organization\",\"@id\":\"https:\/\/linmot.com\/de\/#organization\",\"name\":\"NTI AG - LinMot & MagSpring\",\"url\":\"https:\/\/linmot.com\/de\/\",\"logo\":{\"@type\":\"ImageObject\",\"inLanguage\":\"de\",\"@id\":\"https:\/\/linmot.com\/de\/#\/schema\/logo\/image\/\",\"url\":\"https:\/\/linmot.com\/de\/wp-content\/uploads\/sites\/2\/2022\/01\/social-logo.jpg\",\"contentUrl\":\"https:\/\/linmot.com\/de\/wp-content\/uploads\/sites\/2\/2022\/01\/social-logo.jpg\",\"width\":800,\"height\":500,\"caption\":\"NTI AG - LinMot & MagSpring\"},\"image\":{\"@id\":\"https:\/\/linmot.com\/de\/#\/schema\/logo\/image\/\"},\"sameAs\":[\"https:\/\/www.linkedin.com\/company\/nti-ag-linmot-magspring\",\"https:\/\/www.youtube.com\/user\/LinMotEurope\",\"https:\/\/www.xing.com\/pages\/linmot-magspring\"]}]}<\/script>\n<!-- \/ Yoast SEO Premium plugin. -->","yoast_head_json":{"title":"Linearmotoren \u2013 Elektromagnetische Direktantriebe | LinMot","description":"Den Kern des LinMot Antriebssystems bildet die Produktpalette von Hubdreh- und Linearmotoren zusammen mit den Servo Drives und dem Zubeh\u00f6r.","robots":{"index":"index","follow":"follow","max-snippet":"max-snippet:-1","max-image-preview":"max-image-preview:large","max-video-preview":"max-video-preview:-1"},"canonical":"https:\/\/linmot.com\/de\/produkte\/linearmotoren\/","og_locale":"de_DE","og_type":"article","og_title":"Linearmotoren \u2013 Elektromagnetische Direktantriebe | LinMot","og_description":"Den Kern des LinMot Antriebssystems bildet die Produktpalette von Hubdreh- und Linearmotoren zusammen mit den Servo Drives und dem Zubeh\u00f6r.","og_url":"https:\/\/linmot.com\/de\/produkte\/linearmotoren\/","og_site_name":"LinMot &amp; MagSpring - Deutsch","article_modified_time":"2024-06-19T13:10:34+00:00","og_image":[{"url":"https:\/\/linmot.com\/wp-content\/uploads\/2022\/02\/linear-motors-typical-application-areas.jpg","type":"","width":"","height":""}],"twitter_card":"summary_large_image","twitter_title":"Linearmotoren \u2013 Elektromagnetische Direktantriebe | LinMot","twitter_description":"Den Kern des LinMot Antriebssystems bildet die Produktpalette von Hubdreh- und Linearmotoren zusammen mit den Servo Drives und dem Zubeh\u00f6r.","twitter_misc":{"Gesch\u00e4tzte Lesezeit":"5 Minuten"},"schema":{"@context":"https:\/\/schema.org","@graph":[{"@type":"WebPage","@id":"https:\/\/linmot.com\/de\/produkte\/linearmotoren\/","url":"https:\/\/linmot.com\/de\/produkte\/linearmotoren\/","name":"Linearmotoren \u2013 Elektromagnetische Direktantriebe | LinMot","isPartOf":{"@id":"https:\/\/linmot.com\/de\/#website"},"primaryImageOfPage":{"@id":"https:\/\/linmot.com\/de\/produkte\/linearmotoren\/#primaryimage"},"image":{"@id":"https:\/\/linmot.com\/de\/produkte\/linearmotoren\/#primaryimage"},"thumbnailUrl":"https:\/\/linmot.com\/wp-content\/uploads\/2022\/02\/linear-motors-typical-application-areas.jpg","datePublished":"2017-10-20T21:32:28+00:00","dateModified":"2024-06-19T13:10:34+00:00","description":"Den Kern des LinMot Antriebssystems bildet die Produktpalette von Hubdreh- und Linearmotoren zusammen mit den Servo Drives und dem Zubeh\u00f6r.","breadcrumb":{"@id":"https:\/\/linmot.com\/de\/produkte\/linearmotoren\/#breadcrumb"},"inLanguage":"de","potentialAction":[{"@type":"ReadAction","target":["https:\/\/linmot.com\/de\/produkte\/linearmotoren\/"]}]},{"@type":"ImageObject","inLanguage":"de","@id":"https:\/\/linmot.com\/de\/produkte\/linearmotoren\/#primaryimage","url":"https:\/\/linmot.com\/wp-content\/uploads\/2022\/02\/linear-motors-typical-application-areas.jpg","contentUrl":"https:\/\/linmot.com\/wp-content\/uploads\/2022\/02\/linear-motors-typical-application-areas.jpg"},{"@type":"BreadcrumbList","@id":"https:\/\/linmot.com\/de\/produkte\/linearmotoren\/#breadcrumb","itemListElement":[{"@type":"ListItem","position":1,"name":"LinMot","item":"https:\/\/linmot.com\/de\/"},{"@type":"ListItem","position":2,"name":"Produkte","item":"https:\/\/linmot.com\/de\/produkte\/"},{"@type":"ListItem","position":3,"name":"Linearmotoren"}]},{"@type":"WebSite","@id":"https:\/\/linmot.com\/de\/#website","url":"https:\/\/linmot.com\/de\/","name":"LinMot & MagSpring - Industrielle Linearmotoren","description":"Hochwertigen Linearmotoren und Linearmotorsystemen","publisher":{"@id":"https:\/\/linmot.com\/de\/#organization"},"potentialAction":[{"@type":"SearchAction","target":{"@type":"EntryPoint","urlTemplate":"https:\/\/linmot.com\/de\/?s={search_term_string}"},"query-input":{"@type":"PropertyValueSpecification","valueRequired":true,"valueName":"search_term_string"}}],"inLanguage":"de"},{"@type":"Organization","@id":"https:\/\/linmot.com\/de\/#organization","name":"NTI AG - LinMot & MagSpring","url":"https:\/\/linmot.com\/de\/","logo":{"@type":"ImageObject","inLanguage":"de","@id":"https:\/\/linmot.com\/de\/#\/schema\/logo\/image\/","url":"https:\/\/linmot.com\/de\/wp-content\/uploads\/sites\/2\/2022\/01\/social-logo.jpg","contentUrl":"https:\/\/linmot.com\/de\/wp-content\/uploads\/sites\/2\/2022\/01\/social-logo.jpg","width":800,"height":500,"caption":"NTI AG - LinMot & MagSpring"},"image":{"@id":"https:\/\/linmot.com\/de\/#\/schema\/logo\/image\/"},"sameAs":["https:\/\/www.linkedin.com\/company\/nti-ag-linmot-magspring","https:\/\/www.youtube.com\/user\/LinMotEurope","https:\/\/www.xing.com\/pages\/linmot-magspring"]}]}},"_links":{"self":[{"href":"https:\/\/linmot.com\/de\/wp-json\/wp\/v2\/pages\/38","targetHints":{"allow":["GET"]}}],"collection":[{"href":"https:\/\/linmot.com\/de\/wp-json\/wp\/v2\/pages"}],"about":[{"href":"https:\/\/linmot.com\/de\/wp-json\/wp\/v2\/types\/page"}],"author":[{"embeddable":true,"href":"https:\/\/linmot.com\/de\/wp-json\/wp\/v2\/users\/1"}],"replies":[{"embeddable":true,"href":"https:\/\/linmot.com\/de\/wp-json\/wp\/v2\/comments?post=38"}],"version-history":[{"count":41,"href":"https:\/\/linmot.com\/de\/wp-json\/wp\/v2\/pages\/38\/revisions"}],"predecessor-version":[{"id":4991,"href":"https:\/\/linmot.com\/de\/wp-json\/wp\/v2\/pages\/38\/revisions\/4991"}],"up":[{"embeddable":true,"href":"https:\/\/linmot.com\/de\/wp-json\/wp\/v2\/pages\/6"}],"wp:attachment":[{"href":"https:\/\/linmot.com\/de\/wp-json\/wp\/v2\/media?parent=38"}],"curies":[{"name":"wp","href":"https:\/\/api.w.org\/{rel}","templated":true}]}}