{"id":3521,"date":"2022-07-14T09:14:36","date_gmt":"2022-07-14T07:14:36","guid":{"rendered":"https:\/\/linmot.com\/de\/?page_id=3521"},"modified":"2023-05-10T16:34:41","modified_gmt":"2023-05-10T14:34:41","slug":"wir-helfen-ihnen-den-energieverbrauch-nachhaltig-zu-senken","status":"publish","type":"page","link":"https:\/\/linmot.com\/de\/branchen\/ersatz-von-pneumatik-durch-industrielle-linearmotoren\/wir-helfen-ihnen-den-energieverbrauch-nachhaltig-zu-senken\/","title":{"rendered":"Wir helfen Ihnen, den Energieverbrauch nachhaltig zu senken"},"content":{"rendered":"<p><strong>Von allen Ressourcen, von denen die moderne Produktion abh\u00e4ngt, ist Energie wohl eine der Zentralsten. Die Energieeffizienz und damit der Kohlenstoff-Fu\u00dfabdruck sind ein wichtiger Indikator f\u00fcr den Beitrag eines Unternehmens zu Nachhaltigkeit und Klimaschutz. In der Tat sucht die verarbeitende Industrie zunehmend nach nachhaltig hergestellten Produkten und betrachtet dieses Thema als einen wesentlichen Bestandteil ihrer Kaufentscheidungen. Auch Energie ist eine Ressource, die lange Zeit als selbstverst\u00e4ndlich angesehen wurde. Steigende Preise und die Sorge um Treibhausgasemissionen veranlassen die Unternehmen jedoch dazu, kritisch zu pr\u00fcfen, wie sie mit weniger Ressourcen mehr produzieren k\u00f6nnen. Der Schl\u00fcssel dazu ist die Umstellung auf LinMot und die Eliminierung von Leistungsverlusten in energieintensiven Prozessen der Fabrikautomation wie z.B. pneumatischen Anwendungen (Druckluft).<\/strong><\/p>\n<h2>Energiebedarf im Vergleich zu Pneumatikzylindern<\/h2>\n<p>Unternehmen setzen pneumatische Antriebe wegen der etwas geringeren Investitionskosten ein. Druckluft ist jedoch eines der teuersten Energiemedien, da Kompressoren nur einen kleinen Teil der zugef\u00fchrten Energie in Nutzleistung umwandeln k\u00f6nnen. Der gr\u00f6sste Teil geht als Verlustw\u00e4rme verloren. LinMot setzt dagegen auf direktangetriebene, b\u00fcrstenlose Rohrlinearmotoren mit extrem hohem Wirkungsgrad. Zudem nimmt der Linearmotor im Gegensatz zur Pneumatik nicht nur keine Energie \u00fcber den Bedarf hinaus auf, sondern kann auch beim Abbremsen Energie umwandeln und f\u00fcr den n\u00e4chsten Zyklus speichern. Angesichts der hohen Betriebskosten von Pneumatikzylindern erweisen sich Linearmotoren als kosteneffiziente Alternative, bei der sich die h\u00f6heren Investitionskosten innerhalb weniger Wochen amortisieren k\u00f6nnen. So ist es nicht verwunderlich, dass immer mehr Unternehmen versuchen, Druckluft aus ihren Betrieben zu verbannen.<\/p>\n<h2>Energieeinsparpotenzial von mehr als 95 Prozent<\/h2>\n<p>Verschiedene Studien zeigen, dass Linearmotoren sowohl aus \u00f6konomischer als auch aus \u00f6kologischer Sicht optimierten Druckluftsystemen vorzuziehen sind. US Cotton, ein Hersteller von Wattest\u00e4bchen, beschloss, seine Pneumatikzylinder durch <a href=\"\/de\/die-produkteuebersicht-von-linmot-und-magspring\/\">LinMot Linearmotoren<\/a> zu ersetzen und zu messen, ob die Energieeinsparungen den Preis der LinMot Motoren tats\u00e4chlich rechtfertigen. Der Linearmotor verbrauchte nur 3,2 % der Energie des Pneumatikzylinders in der Maschine. Dar\u00fcber hinaus f\u00fchrte die bessere Steuerung auch zu einer Steigerung der Maschinengeschwindigkeit um 35 %. Da die Linearmotoren zudem nicht eingestellt oder ausgetauscht werden m\u00fcssen, ist ein st\u00f6rungsfreier Betrieb \u00fcber viele Jahre hinweg gew\u00e4hrleistet.<\/p>\n<img loading=\"lazy\" decoding=\"async\" class=\"wp-image-3424 size-full aligncenter\" src=\"https:\/\/linmot.com\/wp-content\/uploads\/2022\/07\/energy-consumption-graphik.jpg\" alt=\"\" width=\"485\" height=\"293\" \/>\n<h3>Kosten und CO2-Emissionen minimieren<\/h3>\n<p>Wenn wir die j\u00e4hrliche Stromrechnung und die CO2-Emissionen des vorangegangenen Beispiels berechnen w\u00fcrden, bei dem der Gesamtverfahrweg pro Zyklus 800 mm und die Gesamtzykluszeit 900 ms betr\u00e4gt, k\u00e4men wir zu den folgenden Ergebnissen:<\/p>\n<table border=\"1\" width=\"100%\">\n<tbody>\n<tr>\n<td><\/td>\n<td style=\"text-align: center;\"><strong>Stromverbrauch (kWh)<\/strong><br \/>\npro Jahr auf eine Achse<\/td>\n<td style=\"text-align: center;\"><strong>Stromrechnung (EUR)<\/strong><br \/>\npro Jahr auf eine Achse<\/td>\n<td style=\"text-align: center;\"><strong>CO2-Emissionen (KG)<\/strong><br \/>\npro Jahr auf eine Achse<\/td>\n<\/tr>\n<tr>\n<td>\u00a0Luftzylinder<\/td>\n<td style=\"text-align: center;\">21&#8217;250<\/td>\n<td style=\"text-align: center;\">3&#8217;612<\/td>\n<td style=\"text-align: center;\">10&#8217;625<\/td>\n<\/tr>\n<tr>\n<td>\u00a0LinMot Motor<\/td>\n<td style=\"text-align: center;\">680<\/td>\n<td style=\"text-align: center;\">115<\/td>\n<td style=\"text-align: center;\">340<\/td>\n<\/tr>\n<tr>\n<td>\u00a0J\u00e4hrliche Reduktion<\/td>\n<td style=\"text-align: center;\">20&#8217;570<\/td>\n<td style=\"text-align: center;\">3&#8217;497<\/td>\n<td style=\"text-align: center;\">10&#8217;285<\/td>\n<\/tr>\n<\/tbody>\n<\/table>\n<h6 style=\"text-align: right;\">Kontinuierlicher Betrieb (8000h\/Jahr)<br \/>\nCO2-Emissionsfaktor 0,5kg\/kWh<br \/>\nEnergiekostenfaktor 0,17 EUR\/kWh<br \/>\nCO2-Emissionen des Ferrari Roma: 234g\/km<\/h6>\n<table width=\"100%\">\n<tbody>\n<tr>\n<td>F\u00fcr eine Produktionslinie mit 100 Pneumatikzylindern bedeutet dies eine <strong><span style=\"font-size: medium;\">j\u00e4hrliche Einsparung von 349&#8217;700 EUR<\/span><\/strong> allein bei den Stromkosten. Die CO2-Einsparung reicht aus, um mit einem <strong><span style=\"font-size: medium;\">Ferrari Roma 110 Mal um die Welt zu fahren.<\/span><\/strong><\/td>\n<td style=\"text-align: center;\"><img loading=\"lazy\" decoding=\"async\" class=\"alignnone size-medium wp-image-3460\" src=\"https:\/\/linmot.com\/wp-content\/uploads\/2022\/07\/car-globus-300x259.jpg\" alt=\"\" width=\"300\" height=\"259\" \/><\/td>\n<\/tr>\n<\/tbody>\n<\/table>\n<h3>Die einfachste L\u00f6sung ist meist die beste L\u00f6sung<\/h3>\n<p>Zus\u00e4tzlich zu den erheblichen Energieeinsparungen werden weitere Kostensenkungen durch das Fehlen mechanischer \u00dcbertragungskomponenten (Getriebe, Zahnriemen, Riemenscheiben, Nocken, Gewindespindeln usw.) erzielt, was eine sauberere, mechanische Baugruppe, weniger Teile und einen reibungsloseren, leiseren Betrieb erm\u00f6glicht. Die Gesamtbetriebskosten (TCO) werden auch durch die geringeren Logistik- und Installationskosten aufgrund einer minimalen Anzahl von Standardkomponenten minimiert. Auch die Produktionskosten sind aufgrund des h\u00f6heren Durchsatzes, der zuverl\u00e4ssigeren Bewegungen, der verbesserten mittleren Betriebsdauer zwischen Ausf\u00e4llen (MTBF) und der drastisch niedrigeren Wartungs- und Umr\u00fcstungskosten niedriger.<\/p>\n","protected":false},"excerpt":{"rendered":"<p>Von allen Ressourcen, von denen die moderne Produktion abh\u00e4ngt, ist Energie wohl eine der Zentralsten. Die Energieeffizienz und damit der Kohlenstoff-Fu\u00dfabdruck sind ein wichtiger Indikator f\u00fcr den Beitrag eines Unternehmens zu Nachhaltigkeit und Klimaschutz. In der Tat sucht die verarbeitende Industrie zunehmend nach nachhaltig hergestellten Produkten und betrachtet dieses Thema als einen wesentlichen Bestandteil ihrer [&hellip;]<\/p>\n","protected":false},"author":9,"featured_media":0,"parent":232,"menu_order":27,"comment_status":"closed","ping_status":"closed","template":"","meta":{"_acf_changed":false,"footnotes":""},"class_list":["post-3521","page","type-page","status-publish","hentry"],"acf":[],"yoast_head":"<!-- This site is optimized with the Yoast SEO Premium plugin v20.9 (Yoast SEO v27.2) - https:\/\/yoast.com\/product\/yoast-seo-premium-wordpress\/ -->\n<title>Wir helfen Ihnen, den Energieverbrauch nachhaltig zu senken<\/title>\n<meta name=\"description\" content=\"Erfahren Sie hier, wie Sie mit Linearmotoren den Energieverbrauch Ihrer Produktion nachhaltig senken k\u00f6nnen.\" \/>\n<meta name=\"robots\" content=\"index, follow, max-snippet:-1, max-image-preview:large, max-video-preview:-1\" \/>\n<link rel=\"canonical\" href=\"https:\/\/linmot.com\/de\/branchen\/ersatz-von-pneumatik-durch-industrielle-linearmotoren\/wir-helfen-ihnen-den-energieverbrauch-nachhaltig-zu-senken\/\" \/>\n<meta property=\"og:locale\" content=\"de_DE\" \/>\n<meta property=\"og:type\" content=\"article\" \/>\n<meta property=\"og:title\" content=\"Wir helfen Ihnen, den Energieverbrauch nachhaltig zu senken\" \/>\n<meta property=\"og:description\" content=\"Erfahren Sie hier, wie Sie mit Linearmotoren den Energieverbrauch Ihrer Produktion nachhaltig senken k\u00f6nnen.\" \/>\n<meta property=\"og:url\" content=\"https:\/\/linmot.com\/de\/branchen\/ersatz-von-pneumatik-durch-industrielle-linearmotoren\/wir-helfen-ihnen-den-energieverbrauch-nachhaltig-zu-senken\/\" \/>\n<meta property=\"og:site_name\" content=\"LinMot &amp; MagSpring - Deutsch\" \/>\n<meta property=\"article:modified_time\" content=\"2023-05-10T14:34:41+00:00\" \/>\n<meta property=\"og:image\" content=\"https:\/\/linmot.com\/wp-content\/uploads\/2022\/07\/energy-consumption-graphik.jpg\" \/>\n<meta name=\"twitter:card\" content=\"summary_large_image\" \/>\n<meta name=\"twitter:description\" content=\"Erfahren Sie hier, wie Sie mit Linearmotoren den Energieverbrauch Ihrer Produktion nachhaltig senken k\u00f6nnen.\" \/>\n<meta name=\"twitter:label1\" content=\"Gesch\u00e4tzte Lesezeit\" \/>\n\t<meta name=\"twitter:data1\" content=\"4 Minuten\" \/>\n<script type=\"application\/ld+json\" class=\"yoast-schema-graph\">{\"@context\":\"https:\/\/schema.org\",\"@graph\":[{\"@type\":\"WebPage\",\"@id\":\"https:\/\/linmot.com\/de\/branchen\/ersatz-von-pneumatik-durch-industrielle-linearmotoren\/wir-helfen-ihnen-den-energieverbrauch-nachhaltig-zu-senken\/\",\"url\":\"https:\/\/linmot.com\/de\/branchen\/ersatz-von-pneumatik-durch-industrielle-linearmotoren\/wir-helfen-ihnen-den-energieverbrauch-nachhaltig-zu-senken\/\",\"name\":\"Wir helfen Ihnen, den Energieverbrauch nachhaltig zu senken\",\"isPartOf\":{\"@id\":\"https:\/\/linmot.com\/de\/#website\"},\"primaryImageOfPage\":{\"@id\":\"https:\/\/linmot.com\/de\/branchen\/ersatz-von-pneumatik-durch-industrielle-linearmotoren\/wir-helfen-ihnen-den-energieverbrauch-nachhaltig-zu-senken\/#primaryimage\"},\"image\":{\"@id\":\"https:\/\/linmot.com\/de\/branchen\/ersatz-von-pneumatik-durch-industrielle-linearmotoren\/wir-helfen-ihnen-den-energieverbrauch-nachhaltig-zu-senken\/#primaryimage\"},\"thumbnailUrl\":\"https:\/\/linmot.com\/wp-content\/uploads\/2022\/07\/energy-consumption-graphik.jpg\",\"datePublished\":\"2022-07-14T07:14:36+00:00\",\"dateModified\":\"2023-05-10T14:34:41+00:00\",\"description\":\"Erfahren Sie hier, wie Sie mit Linearmotoren den Energieverbrauch Ihrer Produktion nachhaltig senken k\u00f6nnen.\",\"breadcrumb\":{\"@id\":\"https:\/\/linmot.com\/de\/branchen\/ersatz-von-pneumatik-durch-industrielle-linearmotoren\/wir-helfen-ihnen-den-energieverbrauch-nachhaltig-zu-senken\/#breadcrumb\"},\"inLanguage\":\"de\",\"potentialAction\":[{\"@type\":\"ReadAction\",\"target\":[\"https:\/\/linmot.com\/de\/branchen\/ersatz-von-pneumatik-durch-industrielle-linearmotoren\/wir-helfen-ihnen-den-energieverbrauch-nachhaltig-zu-senken\/\"]}]},{\"@type\":\"ImageObject\",\"inLanguage\":\"de\",\"@id\":\"https:\/\/linmot.com\/de\/branchen\/ersatz-von-pneumatik-durch-industrielle-linearmotoren\/wir-helfen-ihnen-den-energieverbrauch-nachhaltig-zu-senken\/#primaryimage\",\"url\":\"https:\/\/linmot.com\/wp-content\/uploads\/2022\/07\/energy-consumption-graphik.jpg\",\"contentUrl\":\"https:\/\/linmot.com\/wp-content\/uploads\/2022\/07\/energy-consumption-graphik.jpg\"},{\"@type\":\"BreadcrumbList\",\"@id\":\"https:\/\/linmot.com\/de\/branchen\/ersatz-von-pneumatik-durch-industrielle-linearmotoren\/wir-helfen-ihnen-den-energieverbrauch-nachhaltig-zu-senken\/#breadcrumb\",\"itemListElement\":[{\"@type\":\"ListItem\",\"position\":1,\"name\":\"LinMot\",\"item\":\"https:\/\/linmot.com\/de\/\"},{\"@type\":\"ListItem\",\"position\":2,\"name\":\"Branchenl\u00f6sungen\",\"item\":\"https:\/\/linmot.com\/de\/branchen\/\"},{\"@type\":\"ListItem\",\"position\":3,\"name\":\"Ersatz von Pneumatik durch Industrielle Linearmotoren\",\"item\":\"https:\/\/linmot.com\/de\/branchen\/ersatz-von-pneumatik-durch-industrielle-linearmotoren\/\"},{\"@type\":\"ListItem\",\"position\":4,\"name\":\"Wir helfen Ihnen, den Energieverbrauch nachhaltig zu senken\"}]},{\"@type\":\"WebSite\",\"@id\":\"https:\/\/linmot.com\/de\/#website\",\"url\":\"https:\/\/linmot.com\/de\/\",\"name\":\"LinMot & MagSpring - Industrielle Linearmotoren\",\"description\":\"Hochwertigen Linearmotoren und Linearmotorsystemen\",\"publisher\":{\"@id\":\"https:\/\/linmot.com\/de\/#organization\"},\"potentialAction\":[{\"@type\":\"SearchAction\",\"target\":{\"@type\":\"EntryPoint\",\"urlTemplate\":\"https:\/\/linmot.com\/de\/?s={search_term_string}\"},\"query-input\":{\"@type\":\"PropertyValueSpecification\",\"valueRequired\":true,\"valueName\":\"search_term_string\"}}],\"inLanguage\":\"de\"},{\"@type\":\"Organization\",\"@id\":\"https:\/\/linmot.com\/de\/#organization\",\"name\":\"NTI AG - LinMot & MagSpring\",\"url\":\"https:\/\/linmot.com\/de\/\",\"logo\":{\"@type\":\"ImageObject\",\"inLanguage\":\"de\",\"@id\":\"https:\/\/linmot.com\/de\/#\/schema\/logo\/image\/\",\"url\":\"https:\/\/linmot.com\/de\/wp-content\/uploads\/sites\/2\/2022\/01\/social-logo.jpg\",\"contentUrl\":\"https:\/\/linmot.com\/de\/wp-content\/uploads\/sites\/2\/2022\/01\/social-logo.jpg\",\"width\":800,\"height\":500,\"caption\":\"NTI AG - LinMot & MagSpring\"},\"image\":{\"@id\":\"https:\/\/linmot.com\/de\/#\/schema\/logo\/image\/\"},\"sameAs\":[\"https:\/\/www.linkedin.com\/company\/nti-ag-linmot-magspring\",\"https:\/\/www.youtube.com\/user\/LinMotEurope\",\"https:\/\/www.xing.com\/pages\/linmot-magspring\"]}]}<\/script>\n<!-- \/ Yoast SEO Premium plugin. -->","yoast_head_json":{"title":"Wir helfen Ihnen, den Energieverbrauch nachhaltig zu senken","description":"Erfahren Sie hier, wie Sie mit Linearmotoren den Energieverbrauch Ihrer Produktion nachhaltig senken k\u00f6nnen.","robots":{"index":"index","follow":"follow","max-snippet":"max-snippet:-1","max-image-preview":"max-image-preview:large","max-video-preview":"max-video-preview:-1"},"canonical":"https:\/\/linmot.com\/de\/branchen\/ersatz-von-pneumatik-durch-industrielle-linearmotoren\/wir-helfen-ihnen-den-energieverbrauch-nachhaltig-zu-senken\/","og_locale":"de_DE","og_type":"article","og_title":"Wir helfen Ihnen, den Energieverbrauch nachhaltig zu senken","og_description":"Erfahren Sie hier, wie Sie mit Linearmotoren den Energieverbrauch Ihrer Produktion nachhaltig senken k\u00f6nnen.","og_url":"https:\/\/linmot.com\/de\/branchen\/ersatz-von-pneumatik-durch-industrielle-linearmotoren\/wir-helfen-ihnen-den-energieverbrauch-nachhaltig-zu-senken\/","og_site_name":"LinMot &amp; MagSpring - Deutsch","article_modified_time":"2023-05-10T14:34:41+00:00","og_image":[{"url":"https:\/\/linmot.com\/wp-content\/uploads\/2022\/07\/energy-consumption-graphik.jpg","type":"","width":"","height":""}],"twitter_card":"summary_large_image","twitter_description":"Erfahren Sie hier, wie Sie mit Linearmotoren den Energieverbrauch Ihrer Produktion nachhaltig senken k\u00f6nnen.","twitter_misc":{"Gesch\u00e4tzte Lesezeit":"4 Minuten"},"schema":{"@context":"https:\/\/schema.org","@graph":[{"@type":"WebPage","@id":"https:\/\/linmot.com\/de\/branchen\/ersatz-von-pneumatik-durch-industrielle-linearmotoren\/wir-helfen-ihnen-den-energieverbrauch-nachhaltig-zu-senken\/","url":"https:\/\/linmot.com\/de\/branchen\/ersatz-von-pneumatik-durch-industrielle-linearmotoren\/wir-helfen-ihnen-den-energieverbrauch-nachhaltig-zu-senken\/","name":"Wir helfen Ihnen, den Energieverbrauch nachhaltig zu senken","isPartOf":{"@id":"https:\/\/linmot.com\/de\/#website"},"primaryImageOfPage":{"@id":"https:\/\/linmot.com\/de\/branchen\/ersatz-von-pneumatik-durch-industrielle-linearmotoren\/wir-helfen-ihnen-den-energieverbrauch-nachhaltig-zu-senken\/#primaryimage"},"image":{"@id":"https:\/\/linmot.com\/de\/branchen\/ersatz-von-pneumatik-durch-industrielle-linearmotoren\/wir-helfen-ihnen-den-energieverbrauch-nachhaltig-zu-senken\/#primaryimage"},"thumbnailUrl":"https:\/\/linmot.com\/wp-content\/uploads\/2022\/07\/energy-consumption-graphik.jpg","datePublished":"2022-07-14T07:14:36+00:00","dateModified":"2023-05-10T14:34:41+00:00","description":"Erfahren Sie hier, wie Sie mit Linearmotoren den Energieverbrauch Ihrer Produktion nachhaltig senken k\u00f6nnen.","breadcrumb":{"@id":"https:\/\/linmot.com\/de\/branchen\/ersatz-von-pneumatik-durch-industrielle-linearmotoren\/wir-helfen-ihnen-den-energieverbrauch-nachhaltig-zu-senken\/#breadcrumb"},"inLanguage":"de","potentialAction":[{"@type":"ReadAction","target":["https:\/\/linmot.com\/de\/branchen\/ersatz-von-pneumatik-durch-industrielle-linearmotoren\/wir-helfen-ihnen-den-energieverbrauch-nachhaltig-zu-senken\/"]}]},{"@type":"ImageObject","inLanguage":"de","@id":"https:\/\/linmot.com\/de\/branchen\/ersatz-von-pneumatik-durch-industrielle-linearmotoren\/wir-helfen-ihnen-den-energieverbrauch-nachhaltig-zu-senken\/#primaryimage","url":"https:\/\/linmot.com\/wp-content\/uploads\/2022\/07\/energy-consumption-graphik.jpg","contentUrl":"https:\/\/linmot.com\/wp-content\/uploads\/2022\/07\/energy-consumption-graphik.jpg"},{"@type":"BreadcrumbList","@id":"https:\/\/linmot.com\/de\/branchen\/ersatz-von-pneumatik-durch-industrielle-linearmotoren\/wir-helfen-ihnen-den-energieverbrauch-nachhaltig-zu-senken\/#breadcrumb","itemListElement":[{"@type":"ListItem","position":1,"name":"LinMot","item":"https:\/\/linmot.com\/de\/"},{"@type":"ListItem","position":2,"name":"Branchenl\u00f6sungen","item":"https:\/\/linmot.com\/de\/branchen\/"},{"@type":"ListItem","position":3,"name":"Ersatz von Pneumatik durch Industrielle Linearmotoren","item":"https:\/\/linmot.com\/de\/branchen\/ersatz-von-pneumatik-durch-industrielle-linearmotoren\/"},{"@type":"ListItem","position":4,"name":"Wir helfen Ihnen, den Energieverbrauch nachhaltig zu senken"}]},{"@type":"WebSite","@id":"https:\/\/linmot.com\/de\/#website","url":"https:\/\/linmot.com\/de\/","name":"LinMot & MagSpring - Industrielle Linearmotoren","description":"Hochwertigen Linearmotoren und Linearmotorsystemen","publisher":{"@id":"https:\/\/linmot.com\/de\/#organization"},"potentialAction":[{"@type":"SearchAction","target":{"@type":"EntryPoint","urlTemplate":"https:\/\/linmot.com\/de\/?s={search_term_string}"},"query-input":{"@type":"PropertyValueSpecification","valueRequired":true,"valueName":"search_term_string"}}],"inLanguage":"de"},{"@type":"Organization","@id":"https:\/\/linmot.com\/de\/#organization","name":"NTI AG - LinMot & MagSpring","url":"https:\/\/linmot.com\/de\/","logo":{"@type":"ImageObject","inLanguage":"de","@id":"https:\/\/linmot.com\/de\/#\/schema\/logo\/image\/","url":"https:\/\/linmot.com\/de\/wp-content\/uploads\/sites\/2\/2022\/01\/social-logo.jpg","contentUrl":"https:\/\/linmot.com\/de\/wp-content\/uploads\/sites\/2\/2022\/01\/social-logo.jpg","width":800,"height":500,"caption":"NTI AG - LinMot & MagSpring"},"image":{"@id":"https:\/\/linmot.com\/de\/#\/schema\/logo\/image\/"},"sameAs":["https:\/\/www.linkedin.com\/company\/nti-ag-linmot-magspring","https:\/\/www.youtube.com\/user\/LinMotEurope","https:\/\/www.xing.com\/pages\/linmot-magspring"]}]}},"_links":{"self":[{"href":"https:\/\/linmot.com\/de\/wp-json\/wp\/v2\/pages\/3521","targetHints":{"allow":["GET"]}}],"collection":[{"href":"https:\/\/linmot.com\/de\/wp-json\/wp\/v2\/pages"}],"about":[{"href":"https:\/\/linmot.com\/de\/wp-json\/wp\/v2\/types\/page"}],"author":[{"embeddable":true,"href":"https:\/\/linmot.com\/de\/wp-json\/wp\/v2\/users\/9"}],"replies":[{"embeddable":true,"href":"https:\/\/linmot.com\/de\/wp-json\/wp\/v2\/comments?post=3521"}],"version-history":[{"count":8,"href":"https:\/\/linmot.com\/de\/wp-json\/wp\/v2\/pages\/3521\/revisions"}],"predecessor-version":[{"id":3532,"href":"https:\/\/linmot.com\/de\/wp-json\/wp\/v2\/pages\/3521\/revisions\/3532"}],"up":[{"embeddable":true,"href":"https:\/\/linmot.com\/de\/wp-json\/wp\/v2\/pages\/232"}],"wp:attachment":[{"href":"https:\/\/linmot.com\/de\/wp-json\/wp\/v2\/media?parent=3521"}],"curies":[{"name":"wp","href":"https:\/\/api.w.org\/{rel}","templated":true}]}}