{"id":3302,"date":"2022-04-21T16:52:49","date_gmt":"2022-04-21T14:52:49","guid":{"rendered":"https:\/\/linmot.com\/de\/?page_id=3302"},"modified":"2025-10-16T16:33:35","modified_gmt":"2025-10-16T14:33:35","slug":"anwendungen-berichte","status":"publish","type":"page","link":"https:\/\/linmot.com\/de\/branchen\/anwendungen-berichte\/","title":{"rendered":"Anwendungen &#8211; Berichte"},"content":{"rendered":"<div class=\"row download\">\n<div class=\"col-md-4\">\n<h4 class=\"download-title\">Linearmotoren Standard<\/h4>\n<p class=\"bodytext\">Schmucke Falten<\/p>\n<\/div>\n<div class=\"col-md-4\">\n<div class=\"download-box\"><a href=\"https:\/\/linmot.com\/wp-content\/uploads\/2019\/08\/Anwendungsbericht-Schmucke-Falten_DE.pdf\" target=\"_blank\" rel=\"noopener noreferrer\"><span class=\"name\">DE<\/span><span class=\"size\">3.7 MB<\/span><\/a><\/div>\n<\/div>\n<div class=\"col-md-4\">\n<div class=\"download-box\"><a href=\"\/de\/blog\/schmucke-falten\/\" rel=\"noopener noreferrer\"><span class=\"name\">Zum Blogbeitrag<\/span>auf Deutsch<\/a><\/div>\n<\/div>\n<div class=\"col-md-4\">\n<p class=\"bodytext\">Zu den Sternen und weiter<\/p>\n<\/div>\n<div class=\"col-md-4\">\n<div class=\"download-box\"><a href=\"https:\/\/linmot.com\/wp-content\/uploads\/2019\/08\/Anwendungsbericht-Zu-den-Sternen-und-weiter_DE.pdf\" target=\"_blank\" rel=\"noopener noreferrer\"><span class=\"name\">DE<\/span><span class=\"size\">3.9 MB<\/span><\/a><\/div>\n<\/div>\n<div class=\"col-md-4\">\n<div class=\"download-box\"><a href=\"\/de\/blog\/zu-den-sternen-und-weiter\/\" rel=\"noopener noreferrer\"><span class=\"name\">Zum Blogbeitrag<\/span>auf Deutsch<\/a><\/div>\n<\/div>\n<div class=\"col-md-4\">\n<p class=\"bodytext\">Pick &amp; Place mit Direktantriebstechnik<\/p>\n<\/div>\n<div class=\"col-md-4\">\n<div class=\"download-box\"><a href=\"https:\/\/linmot.com\/wp-content\/uploads\/2019\/08\/Anwendungsbericht_pick_place_DE.pdf\" target=\"_blank\" rel=\"noopener noreferrer\"><span class=\"name\">DE<\/span><span class=\"size\">3.3 MB<\/span><\/a><\/div>\n<\/div>\n<div class=\"col-md-4\">\n<div class=\"download-box\"><a href=\"\/de\/blog\/pickplace-mit-direktantriebstechnik\/\" rel=\"noopener noreferrer\"><span class=\"name\">Zum Blogbeitrag<\/span>auf Deutsch<\/a><\/div>\n<\/div>\n<div class=\"col-md-4\">\n<p class=\"bodytext\">Mit LinMot auf die Tube dru\u0308cken<\/p>\n<\/div>\n<div class=\"col-md-4\">\n<div class=\"download-box\"><a href=\"https:\/\/linmot.com\/wp-content\/uploads\/2019\/08\/Anwendungsbericht-Verschliessen-Tube_Mit-LinMot-DE.pdf\" target=\"_blank\" rel=\"noopener noreferrer\"><span class=\"name\">DE<\/span><span class=\"size\">3.3 MB<\/span><\/a><\/div>\n<\/div>\n<div class=\"col-md-4\">\n<div class=\"download-box\"><a href=\"\/de\/blog\/mit-linmot-auf-die-tube-druecken\/\" rel=\"noopener noreferrer\"><span class=\"name\">Zum Blogbeitrag<\/span>auf Deutsch<\/a><\/div>\n<\/div>\n<div class=\"col-md-4\">\n<p class=\"bodytext\">COVID-19 Linearmotoren als k\u00fcnstliche Lunge<\/p>\n<\/div>\n<div class=\"col-md-4\">\n<div class=\"download-box\"><a href=\"https:\/\/linmot.com\/de\/wp-content\/uploads\/sites\/2\/2022\/09\/kuenstliche_lunge_de.pdf\" target=\"_blank\" rel=\"noopener noreferrer\"><span class=\"name\">DE<\/span><span class=\"size\">2.0 MB<\/span><\/a><\/div>\n<\/div>\n<div class=\"col-md-4\">\n<div class=\"download-box\"><a href=\"\/de\/blog\/covid-19-linearmotor-als-kuenstliche-lunge-bei-maskentests\/\" rel=\"noopener noreferrer\"><span class=\"name\">Zum Blogbeitrag<\/span>auf Deutsch<\/a><\/div>\n<\/div>\n<div class=\"col-md-4\">\n<p class=\"bodytext\">Die Zukunft der Versandverpackungen<\/p>\n<\/div>\n<div class=\"col-md-8\">\n<div class=\"download-box\"><a href=\"\/de\/blog\/die-zukunft-der-versandverpackungen\/\" rel=\"noopener noreferrer\"><span class=\"name\">Zum Blogbeitrag<\/span>auf Deutsch<\/a><\/div>\n<\/div>\n<div class=\"col-md-4\">\n<p class=\"bodytext\">Der Kampf gegen Medikamentenf\u00e4lschung &#8211; Driven by LinMot<\/p>\n<\/div>\n<div class=\"col-md-4\">\n<div class=\"download-box\"><a href=\"https:\/\/linmot.com\/de\/wp-content\/uploads\/sites\/2\/2022\/09\/kampf_gegen_medikamentenfaelschung-hicof_d.pdf\" target=\"_blank\" rel=\"noopener noreferrer\"><span class=\"name\">DE<\/span><span class=\"size\">755 kB<\/span><\/a><\/div>\n<\/div>\n<div class=\"col-md-4\">\n<div class=\"download-box\"><a href=\"\/de\/blog\/der-kampf-gegen-medikamentenfaelschung-driven-by-linmot\/\" rel=\"noopener noreferrer\"><span class=\"name\">Zum Blogbeitrag<\/span>auf Deutsch<\/a><\/div>\n<\/div>\n<\/div>\n<div class=\"row download\">\n<div class=\"col-md-4\">\n<h4 class=\"download-title\">Kurzmotoren<\/h4>\n<p class=\"bodytext\">Linearmotoren erm\u00f6glichen Innovation bei Robotergreifern<\/p>\n<\/div>\n<div class=\"col-md-4\">\n<div class=\"download-box\"><a href=\"https:\/\/linmot.com\/wp-content\/uploads\/2019\/08\/Anwendungsbericht-Robotergreifer_DE.pdf\" target=\"_blank\" rel=\"noopener noreferrer\"><span class=\"name\">DE<\/span><span class=\"size\">2.2 MB<\/span><\/a><\/div>\n<\/div>\n<div class=\"col-md-4\">\n<div class=\"download-box\"><a href=\"\/de\/blog\/linearmotoren-ermoeglichen-innovation-bei-robotergreifern\/\" rel=\"noopener noreferrer\"><span class=\"name\">Zum Blogbeitrag<\/span>auf Deutsch<\/a><\/div>\n<\/div>\n<\/div>\n<div class=\"row download\">\n<div class=\"col-md-4\">\n<h4 class=\"download-title\">Linearmotoren 3&#215;400 VAC<\/h4>\n<p class=\"bodytext\">Formvollendete Antriebstechnik<\/p>\n<\/div>\n<div class=\"col-md-4\">\n<div class=\"download-box\"><a href=\"https:\/\/linmot.com\/wp-content\/uploads\/2019\/08\/Anwendungsbericht_Chocolat_Frey_DE.pdf\" target=\"_blank\" rel=\"noopener noreferrer\"><span class=\"name\">DE<\/span><span class=\"size\">3.2 MB<\/span><\/a><\/div>\n<\/div>\n<div class=\"col-md-4\">\n<div class=\"download-box\"><a href=\"\/de\/blog\/formvollendete-antriebstechnik\/\" rel=\"noopener noreferrer\"><span class=\"name\">Zum Blogbeitrag<\/span>auf Deutsch<\/a><\/div>\n<\/div>\n<\/div>\n<div class=\"row download\">\n<div class=\"col-md-4\">\n<h4 class=\"download-title\">Edelstahlmotoren<\/h4>\n<p class=\"bodytext\">INOX Linearmotoren sorgen fu\u0308r gesunden Zuchtfisch<\/p>\n<\/div>\n<div class=\"col-md-4\">\n<div class=\"download-box\"><a href=\"https:\/\/linmot.com\/wp-content\/uploads\/2019\/08\/Anwendungsbericht-INOX-Fischimpfung_DE.pdf\" target=\"_blank\" rel=\"noopener noreferrer\"><span class=\"name\">DE<\/span><span class=\"size\">5.9 MB<\/span><\/a><\/div>\n<\/div>\n<div class=\"col-md-4\">\n<div class=\"download-box\"><a href=\"\/de\/blog\/inox-linearmotoren-sorgen-fuer-gesunde-zuchtfische\/\" rel=\"noopener noreferrer\"><span class=\"name\">Zum Blogbeitrag<\/span>auf Deutsch<\/a><\/div>\n<\/div>\n<div class=\"col-md-4\">\n<p class=\"bodytext\">Flexibel und schnell abfu\u0308llen<\/p>\n<\/div>\n<div class=\"col-md-4\">\n<div class=\"download-box\"><a href=\"https:\/\/linmot.com\/wp-content\/uploads\/2019\/08\/Anwendungsbericht_LinMot_flexible-Toelke_Fu\u0308ller_DE.pdf\" target=\"_blank\" rel=\"noopener noreferrer\"><span class=\"name\">DE<\/span><span class=\"size\">5.2 MB<\/span><\/a><\/div>\n<\/div>\n<div class=\"col-md-4\">\n<div class=\"download-box\"><a href=\"\/de\/blog\/flexibel-und-schnell-abfuellen\/\" rel=\"noopener noreferrer\"><span class=\"name\">Zum Blogbeitrag<\/span>auf Deutsch<\/a><\/div>\n<\/div>\n<div class=\"col-md-4\">\n<p class=\"bodytext\">Das Trennen einer Delikatesse: Umleiten wertvoller Fischteile mit Linearmotoren<\/p>\n<\/div>\n<div class=\"col-md-4\">\n<div class=\"download-box\"><a href=\"https:\/\/linmot.com\/de\/wp-content\/uploads\/sites\/2\/2022\/09\/das_trennen_einer_delikatesse_valka_d.pdf\" target=\"_blank\" rel=\"noopener noreferrer\"><span class=\"name\">DE<\/span><span class=\"size\">3.0 MB<\/span><\/a><\/div>\n<\/div>\n<div class=\"col-md-4\">\n<div class=\"download-box\"><a href=\"\/de\/blog\/das-trennen-einer-delikatesse-umleiten-wertvoller-fischteile-mit-linearmotoren\/\" rel=\"noopener noreferrer\"><span class=\"name\">Zum Blogbeitrag<\/span>auf Deutsch<\/a><\/div>\n<\/div>\n<div class=\"col-md-4\">\n<p class=\"bodytext\">Mehr als reine Formsache &#8211; Vertikal-Slicer f\u00fcr gegarte Fleischprodukte<\/p>\n<\/div>\n<div class=\"col-md-4\">\n<div class=\"download-box\"><a href=\"https:\/\/linmot.com\/de\/wp-content\/uploads\/sites\/2\/2022\/09\/mehr_als_reine_formsache-food_technology-de.pdf\" target=\"_blank\" rel=\"noopener noreferrer\"><span class=\"name\">DE<\/span><span class=\"size\">3.0 MB<\/span><\/a><\/div>\n<\/div>\n<div class=\"col-md-4\">\n<div class=\"download-box\"><a href=\"\/de\/blog\/mehr-als-reine-formsache-vertikal-slicer-fuer-gegarte-fleischprodukte\/\" rel=\"noopener noreferrer\"><span class=\"name\">Zum Blogbeitrag<\/span>auf Deutsch<\/a><\/div>\n<\/div>\n<\/div>\n<div class=\"row download\">\n<div class=\"col-md-4\">\n<h4 class=\"download-title\">Hubdreh-Motoren Serie PR01<\/h4>\n<p class=\"bodytext\">Der Dreh mit dem Verschluss<\/p>\n<\/div>\n<div class=\"col-md-4\">\n<div class=\"download-box\"><a href=\"https:\/\/linmot.com\/wp-content\/uploads\/2019\/08\/Anwendungsbericht_LinMot_Toelke_Verschliessen_DE.pdf\" target=\"_blank\" rel=\"noopener noreferrer\"><span class=\"name\">DE<\/span><span class=\"size\">2.8 MB<\/span><\/a><\/div>\n<\/div>\n<div class=\"col-md-4\">\n<div class=\"download-box\"><a href=\"\/de\/blog\/der-dreh-mit-dem-verschluss\/\" rel=\"noopener noreferrer\"><span class=\"name\">Zum Blogbeitrag<\/span>auf Deutsch<\/a><\/div>\n<\/div>\n<\/div>\n<div class=\"row download\">\n<div class=\"col-md-4\">\n<h4 class=\"download-title\">Hubdreh-Motoren Serie PR02<\/h4>\n<p class=\"bodytext\">Sicher unter Verschluss<\/p>\n<\/div>\n<div class=\"col-md-4\">\n<div class=\"download-box\"><a href=\"https:\/\/linmot.com\/wp-content\/uploads\/2019\/08\/Anwendungsbericht-Sicher-unter-Verschluss_DE.pdf\" target=\"_blank\" rel=\"noopener noreferrer\"><span class=\"name\">DE<\/span><span class=\"size\">2.1 MB<\/span><\/a><\/div>\n<\/div>\n<div class=\"col-md-4\">\n<div class=\"download-box\"><a href=\"\/de\/blog\/sicher-unter-verschluss-mit-hubdreh-motoren\/\" rel=\"noopener noreferrer\"><span class=\"name\">Zum Blogbeitrag<\/span>auf Deutsch<\/a><\/div>\n<\/div>\n<div class=\"col-md-4\">\n<p class=\"bodytext\">In Linie mit Industrie 4.0<\/p>\n<\/div>\n<div class=\"col-md-4\">\n<div class=\"download-box\"><a href=\"https:\/\/linmot.com\/de\/wp-content\/uploads\/sites\/2\/2022\/09\/in_linie_mit_industrie_4_0_optima_d.pdf\" target=\"_blank\" rel=\"noopener noreferrer\"><span class=\"name\">DE<\/span><span class=\"size\">2.0 MB<\/span><\/a><\/div>\n<\/div>\n<div class=\"col-md-4\">\n<div class=\"download-box\"><a href=\"\/de\/blog\/in-linie-mit-industrie-4-0\/\" rel=\"noopener noreferrer\"><span class=\"name\">Zum Blogbeitrag<\/span>auf Deutsch<\/a><\/div>\n<\/div>\n<div class=\"col-md-4\">\n<p class=\"bodytext\">Die L\u00f6sung f\u00fcr versch\u00fcttete Milch: LinMot Hubdreh-Motoren und Wing-Cap-Verschl\u00fcsse<\/p>\n<\/div>\n<div class=\"col-md-8\">\n<div class=\"download-box\"><a href=\"\/de\/blog\/die-loesung-fuer-verschuettete-milch-linmot-hubdreh-motoren-und-wing-cap-verschluesse\/\" rel=\"noopener noreferrer\"><span class=\"name\">Zum Blogbeitrag<\/span>auf Deutsch<\/a><\/div>\n<\/div>\n<div class=\"col-md-4\">\n<p class=\"bodytext\">Gardena bewegt durch LinMot die Zukunft des Wassers<\/p>\n<\/div>\n<div class=\"col-md-8\">\n<div class=\"download-box\"><a href=\"\/de\/blog\/gardena-bewegt-durch-linmot-in-die-zukunft-des-wassers\/\" rel=\"noopener noreferrer\"><span class=\"name\">Zum Blogbeitrag<\/span>auf Deutsch<\/a><\/div>\n<\/div>\n<div class=\"col-md-4\">\n<p class=\"bodytext\">LinMot Systeme in Pharmamaschinen von AFAQ<\/p>\n<\/div>\n<div class=\"col-md-4\">\n<div class=\"download-box\"><a href=\"https:\/\/linmot.com\/de\/wp-content\/uploads\/sites\/2\/2022\/09\/afaq_anwendungsbericht-de.pdf\" target=\"_blank\" rel=\"noopener noreferrer\"><span class=\"name\">DE<\/span><span class=\"size\">2.0 MB<\/span><\/a><\/div>\n<\/div>\n<div class=\"col-md-4\">\n<div class=\"download-box\"><a href=\"\/de\/blog\/linmot-systeme-in-pharmamaschinen-von-afaq\/\" rel=\"noopener noreferrer\"><span class=\"name\">Zum Blogbeitrag<\/span>auf Deutsch<\/a><\/div>\n<\/div>\n<\/div>\n<div class=\"row download\">\n<div class=\"col-md-4\">\n<h4 class=\"download-title\">MagSpring<\/h4>\n<p class=\"bodytext\">Massen zum Schweben bringen<\/p>\n<\/div>\n<div class=\"col-md-4\">\n<div class=\"download-box\"><a href=\"https:\/\/linmot.com\/wp-content\/uploads\/2019\/08\/Anwendungsbericht-MagSpring_DE.pdf\" target=\"_blank\" rel=\"noopener noreferrer\"><span class=\"name\">DE<\/span><span class=\"size\">3.4 MB<\/span><\/a><\/div>\n<\/div>\n<div class=\"col-md-4\">\n<div class=\"download-box\"><a href=\"\/de\/blog\/massen-zum-schweben-bringen-mit-magspring\/\" rel=\"noopener noreferrer\"><span class=\"name\">Zum Blogbeitrag<\/span>auf Deutsch<\/a><\/div>\n<\/div>\n<\/div>\n","protected":false},"excerpt":{"rendered":"","protected":false},"author":9,"featured_media":0,"parent":8,"menu_order":32,"comment_status":"closed","ping_status":"closed","template":"","meta":{"_acf_changed":false,"footnotes":""},"class_list":["post-3302","page","type-page","status-publish","hentry"],"acf":[],"yoast_head":"<!-- This site is optimized with the Yoast SEO Premium plugin v20.9 (Yoast SEO v27.3) - https:\/\/yoast.com\/product\/yoast-seo-premium-wordpress\/ -->\n<title>Anwendungen - Berichte | Linear Motion Technology Leader<\/title>\n<meta name=\"description\" content=\"Sehen Sie sich auf dieser Seite eine \u00dcbersicht all unserer Anwendungsberichte an. Sie k\u00f6nnen die entsprechenden Daten auch herunterladen.\" \/>\n<meta name=\"robots\" content=\"index, follow, max-snippet:-1, max-image-preview:large, max-video-preview:-1\" \/>\n<link rel=\"canonical\" href=\"https:\/\/linmot.com\/de\/branchen\/anwendungen-berichte\/\" \/>\n<meta property=\"og:locale\" content=\"de_DE\" \/>\n<meta property=\"og:type\" content=\"article\" \/>\n<meta property=\"og:title\" content=\"Anwendungen - Berichte | Linear Motion Technology Leader | LinMot\" \/>\n<meta property=\"og:description\" content=\"Sehen Sie sich auf dieser Seite eine \u00dcbersicht all unserer Anwendungsberichte an. Sie k\u00f6nnen die entsprechenden Daten auch herunterladen.\" \/>\n<meta property=\"og:url\" content=\"https:\/\/linmot.com\/de\/branchen\/anwendungen-berichte\/\" \/>\n<meta property=\"og:site_name\" content=\"LinMot &amp; MagSpring - Deutsch\" \/>\n<meta property=\"article:modified_time\" content=\"2025-10-16T14:33:35+00:00\" \/>\n<meta property=\"og:image\" content=\"https:\/\/linmot.com\/de\/wp-content\/uploads\/sites\/2\/2022\/01\/social-logo.jpg\" \/>\n\t<meta property=\"og:image:width\" content=\"800\" \/>\n\t<meta property=\"og:image:height\" content=\"500\" \/>\n\t<meta property=\"og:image:type\" content=\"image\/jpeg\" \/>\n<meta name=\"twitter:card\" content=\"summary_large_image\" \/>\n<meta name=\"twitter:title\" content=\"Anwendungen - Berichte | Linear Motion Technology Leader | LinMot\" \/>\n<meta name=\"twitter:description\" content=\"Sehen Sie sich auf dieser Seite eine \u00dcbersicht all unserer Anwendungsberichte an. Sie k\u00f6nnen die entsprechenden Daten auch herunterladen.\" \/>\n<meta name=\"twitter:label1\" content=\"Gesch\u00e4tzte Lesezeit\" \/>\n\t<meta name=\"twitter:data1\" content=\"3 Minuten\" \/>\n<script type=\"application\/ld+json\" class=\"yoast-schema-graph\">{\"@context\":\"https:\\\/\\\/schema.org\",\"@graph\":[{\"@type\":\"WebPage\",\"@id\":\"https:\\\/\\\/linmot.com\\\/de\\\/branchen\\\/anwendungen-berichte\\\/\",\"url\":\"https:\\\/\\\/linmot.com\\\/de\\\/branchen\\\/anwendungen-berichte\\\/\",\"name\":\"Anwendungen - Berichte | Linear Motion Technology Leader\",\"isPartOf\":{\"@id\":\"https:\\\/\\\/linmot.com\\\/de\\\/#website\"},\"datePublished\":\"2022-04-21T14:52:49+00:00\",\"dateModified\":\"2025-10-16T14:33:35+00:00\",\"description\":\"Sehen Sie sich auf dieser Seite eine \u00dcbersicht all unserer Anwendungsberichte an. Sie k\u00f6nnen die entsprechenden Daten auch herunterladen.\",\"breadcrumb\":{\"@id\":\"https:\\\/\\\/linmot.com\\\/de\\\/branchen\\\/anwendungen-berichte\\\/#breadcrumb\"},\"inLanguage\":\"de\",\"potentialAction\":[{\"@type\":\"ReadAction\",\"target\":[\"https:\\\/\\\/linmot.com\\\/de\\\/branchen\\\/anwendungen-berichte\\\/\"]}]},{\"@type\":\"BreadcrumbList\",\"@id\":\"https:\\\/\\\/linmot.com\\\/de\\\/branchen\\\/anwendungen-berichte\\\/#breadcrumb\",\"itemListElement\":[{\"@type\":\"ListItem\",\"position\":1,\"name\":\"LinMot\",\"item\":\"https:\\\/\\\/linmot.com\\\/de\\\/\"},{\"@type\":\"ListItem\",\"position\":2,\"name\":\"Branchenl\u00f6sungen\",\"item\":\"https:\\\/\\\/linmot.com\\\/de\\\/branchen\\\/\"},{\"@type\":\"ListItem\",\"position\":3,\"name\":\"Anwendungen &#8211; Berichte\"}]},{\"@type\":\"WebSite\",\"@id\":\"https:\\\/\\\/linmot.com\\\/de\\\/#website\",\"url\":\"https:\\\/\\\/linmot.com\\\/de\\\/\",\"name\":\"LinMot & MagSpring - Industrielle Linearmotoren\",\"description\":\"Hochwertigen Linearmotoren und Linearmotorsystemen\",\"publisher\":{\"@id\":\"https:\\\/\\\/linmot.com\\\/de\\\/#organization\"},\"potentialAction\":[{\"@type\":\"SearchAction\",\"target\":{\"@type\":\"EntryPoint\",\"urlTemplate\":\"https:\\\/\\\/linmot.com\\\/de\\\/?s={search_term_string}\"},\"query-input\":{\"@type\":\"PropertyValueSpecification\",\"valueRequired\":true,\"valueName\":\"search_term_string\"}}],\"inLanguage\":\"de\"},{\"@type\":\"Organization\",\"@id\":\"https:\\\/\\\/linmot.com\\\/de\\\/#organization\",\"name\":\"NTI AG - LinMot & MagSpring\",\"url\":\"https:\\\/\\\/linmot.com\\\/de\\\/\",\"logo\":{\"@type\":\"ImageObject\",\"inLanguage\":\"de\",\"@id\":\"https:\\\/\\\/linmot.com\\\/de\\\/#\\\/schema\\\/logo\\\/image\\\/\",\"url\":\"https:\\\/\\\/linmot.com\\\/de\\\/wp-content\\\/uploads\\\/sites\\\/2\\\/2022\\\/01\\\/social-logo.jpg\",\"contentUrl\":\"https:\\\/\\\/linmot.com\\\/de\\\/wp-content\\\/uploads\\\/sites\\\/2\\\/2022\\\/01\\\/social-logo.jpg\",\"width\":800,\"height\":500,\"caption\":\"NTI AG - LinMot & MagSpring\"},\"image\":{\"@id\":\"https:\\\/\\\/linmot.com\\\/de\\\/#\\\/schema\\\/logo\\\/image\\\/\"},\"sameAs\":[\"https:\\\/\\\/www.linkedin.com\\\/company\\\/nti-ag-linmot-magspring\",\"https:\\\/\\\/www.youtube.com\\\/user\\\/LinMotEurope\",\"https:\\\/\\\/www.xing.com\\\/pages\\\/linmot-magspring\"]}]}<\/script>\n<!-- \/ Yoast SEO Premium plugin. -->","yoast_head_json":{"title":"Anwendungen - Berichte | Linear Motion Technology Leader","description":"Sehen Sie sich auf dieser Seite eine \u00dcbersicht all unserer Anwendungsberichte an. Sie k\u00f6nnen die entsprechenden Daten auch herunterladen.","robots":{"index":"index","follow":"follow","max-snippet":"max-snippet:-1","max-image-preview":"max-image-preview:large","max-video-preview":"max-video-preview:-1"},"canonical":"https:\/\/linmot.com\/de\/branchen\/anwendungen-berichte\/","og_locale":"de_DE","og_type":"article","og_title":"Anwendungen - Berichte | Linear Motion Technology Leader | LinMot","og_description":"Sehen Sie sich auf dieser Seite eine \u00dcbersicht all unserer Anwendungsberichte an. Sie k\u00f6nnen die entsprechenden Daten auch herunterladen.","og_url":"https:\/\/linmot.com\/de\/branchen\/anwendungen-berichte\/","og_site_name":"LinMot &amp; MagSpring - Deutsch","article_modified_time":"2025-10-16T14:33:35+00:00","og_image":[{"width":800,"height":500,"url":"https:\/\/linmot.com\/de\/wp-content\/uploads\/sites\/2\/2022\/01\/social-logo.jpg","type":"image\/jpeg"}],"twitter_card":"summary_large_image","twitter_title":"Anwendungen - Berichte | Linear Motion Technology Leader | LinMot","twitter_description":"Sehen Sie sich auf dieser Seite eine \u00dcbersicht all unserer Anwendungsberichte an. Sie k\u00f6nnen die entsprechenden Daten auch herunterladen.","twitter_misc":{"Gesch\u00e4tzte Lesezeit":"3 Minuten"},"schema":{"@context":"https:\/\/schema.org","@graph":[{"@type":"WebPage","@id":"https:\/\/linmot.com\/de\/branchen\/anwendungen-berichte\/","url":"https:\/\/linmot.com\/de\/branchen\/anwendungen-berichte\/","name":"Anwendungen - Berichte | Linear Motion Technology Leader","isPartOf":{"@id":"https:\/\/linmot.com\/de\/#website"},"datePublished":"2022-04-21T14:52:49+00:00","dateModified":"2025-10-16T14:33:35+00:00","description":"Sehen Sie sich auf dieser Seite eine \u00dcbersicht all unserer Anwendungsberichte an. Sie k\u00f6nnen die entsprechenden Daten auch herunterladen.","breadcrumb":{"@id":"https:\/\/linmot.com\/de\/branchen\/anwendungen-berichte\/#breadcrumb"},"inLanguage":"de","potentialAction":[{"@type":"ReadAction","target":["https:\/\/linmot.com\/de\/branchen\/anwendungen-berichte\/"]}]},{"@type":"BreadcrumbList","@id":"https:\/\/linmot.com\/de\/branchen\/anwendungen-berichte\/#breadcrumb","itemListElement":[{"@type":"ListItem","position":1,"name":"LinMot","item":"https:\/\/linmot.com\/de\/"},{"@type":"ListItem","position":2,"name":"Branchenl\u00f6sungen","item":"https:\/\/linmot.com\/de\/branchen\/"},{"@type":"ListItem","position":3,"name":"Anwendungen &#8211; Berichte"}]},{"@type":"WebSite","@id":"https:\/\/linmot.com\/de\/#website","url":"https:\/\/linmot.com\/de\/","name":"LinMot & MagSpring - Industrielle Linearmotoren","description":"Hochwertigen Linearmotoren und Linearmotorsystemen","publisher":{"@id":"https:\/\/linmot.com\/de\/#organization"},"potentialAction":[{"@type":"SearchAction","target":{"@type":"EntryPoint","urlTemplate":"https:\/\/linmot.com\/de\/?s={search_term_string}"},"query-input":{"@type":"PropertyValueSpecification","valueRequired":true,"valueName":"search_term_string"}}],"inLanguage":"de"},{"@type":"Organization","@id":"https:\/\/linmot.com\/de\/#organization","name":"NTI AG - LinMot & MagSpring","url":"https:\/\/linmot.com\/de\/","logo":{"@type":"ImageObject","inLanguage":"de","@id":"https:\/\/linmot.com\/de\/#\/schema\/logo\/image\/","url":"https:\/\/linmot.com\/de\/wp-content\/uploads\/sites\/2\/2022\/01\/social-logo.jpg","contentUrl":"https:\/\/linmot.com\/de\/wp-content\/uploads\/sites\/2\/2022\/01\/social-logo.jpg","width":800,"height":500,"caption":"NTI AG - LinMot & MagSpring"},"image":{"@id":"https:\/\/linmot.com\/de\/#\/schema\/logo\/image\/"},"sameAs":["https:\/\/www.linkedin.com\/company\/nti-ag-linmot-magspring","https:\/\/www.youtube.com\/user\/LinMotEurope","https:\/\/www.xing.com\/pages\/linmot-magspring"]}]}},"_links":{"self":[{"href":"https:\/\/linmot.com\/de\/wp-json\/wp\/v2\/pages\/3302","targetHints":{"allow":["GET"]}}],"collection":[{"href":"https:\/\/linmot.com\/de\/wp-json\/wp\/v2\/pages"}],"about":[{"href":"https:\/\/linmot.com\/de\/wp-json\/wp\/v2\/types\/page"}],"author":[{"embeddable":true,"href":"https:\/\/linmot.com\/de\/wp-json\/wp\/v2\/users\/9"}],"replies":[{"embeddable":true,"href":"https:\/\/linmot.com\/de\/wp-json\/wp\/v2\/comments?post=3302"}],"version-history":[{"count":18,"href":"https:\/\/linmot.com\/de\/wp-json\/wp\/v2\/pages\/3302\/revisions"}],"predecessor-version":[{"id":6032,"href":"https:\/\/linmot.com\/de\/wp-json\/wp\/v2\/pages\/3302\/revisions\/6032"}],"up":[{"embeddable":true,"href":"https:\/\/linmot.com\/de\/wp-json\/wp\/v2\/pages\/8"}],"wp:attachment":[{"href":"https:\/\/linmot.com\/de\/wp-json\/wp\/v2\/media?parent=3302"}],"curies":[{"name":"wp","href":"https:\/\/api.w.org\/{rel}","templated":true}]}}