{"id":3080,"date":"2022-03-30T10:45:29","date_gmt":"2022-03-30T08:45:29","guid":{"rendered":"https:\/\/linmot.com\/de\/?page_id=3080"},"modified":"2025-08-11T15:43:42","modified_gmt":"2025-08-11T13:43:42","slug":"greifer-gm01","status":"publish","type":"page","link":"https:\/\/linmot.com\/de\/produkte\/greifer-drehgreifer\/greifer-gm01\/","title":{"rendered":"Greifer GM01"},"content":{"rendered":"<p align=\"justify\"><strong>Dank der pr\u00e4zisen Erkennung der Greifer-Position und der exakten Kontrolle der Klemmkraft kann der intelligente GM01 Greifer auch ungleichm\u00e4\u00dfige Produkte zuverl\u00e4ssig greifen. Mit seinen umfassenden \u00dcberwachungsm\u00f6glichkeiten erkennt er Fehlgriffe oder fehlerhafte Teile in Echtzeit und sortiert diese automatisch aus. Diese fortschrittlichen Funktionen machen den GM01 Greifer unverzichtbar f\u00fcr Anwendungen mit hohem Automatisierungsgrad.<\/strong><\/p>\n<hr \/>\n<div class=\"row\">\n<div class=\"col-sm-2\">\n<p><a class=\"button\" href=\"#details\">1. Details<\/a><\/p>\n<\/div>\n<div class=\"col-sm-1\">\n<\/div>\n<div class=\"col-sm-2\">\n<p><a class=\"button\" href=\"#videos\">2. Videos<\/a><\/p>\n<\/div>\n<div class=\"col-sm-1\">\n<\/div>\n<div class=\"col-sm-2\">\n<p><a class=\"button\" href=\"#anwendung\">3. Anwendung<\/a><\/p>\n<\/div>\n<div class=\"col-sm-1\">\n<\/div>\n<div class=\"col-sm-2\">\n<p><a class=\"button\" href=\"#kontakt\">4. Kontakt<\/a><\/p>\n<\/div>\n<\/div>\n<hr \/>\n<h3 id=\"details\">1. Details<\/h3>\n<img loading=\"lazy\" decoding=\"async\" class=\"aligncenter wp-image-3841 size-full\" src=\"https:\/\/linmot.com\/wp-content\/uploads\/2023\/01\/gm01-motor.jpg\" alt=\"Greifer\" width=\"620\" height=\"290\" \/>\n<div class=\"row\">\n<div class=\"col-sm-4\">\n<ul>\n<li>Edelstahl EN 1.4404 \/ POM<\/li>\n<li>Kompaktes Design<\/li>\n<\/ul>\n<\/div>\n<div class=\"col-sm-4\">\n<ul>\n<li>Leichte Materialien (FDA)<\/li>\n<li>100% Prozess\u00fcberwachung und Nachvollziehbarkeit<\/li>\n<\/ul>\n<\/div>\n<div class=\"col-sm-4\">\n<ul>\n<li>Hoher Freiheitsgrad bei Position und Klemmkraft<\/li>\n<\/ul>\n<\/div>\n<\/div>\n<hr \/>\n<h3>Funktionalit\u00e4t des Greifer<\/h3>\n<p align=\"justify\">Durch die Erkennung der Greifer-Position und die Kontrolle \u00fcber die Klemmkraft lassen sich auch ungleichm\u00e4\u00dfige Produkte zuverl\u00e4ssig greifen. Durch die Vielzahl an \u00dcberwachungsm\u00f6glichkeiten lassen sich Fehlgriffe oder auch fehlerhafte Teile \u201eon-the-fly\u201c detektiert und entsprechend aussortiert werden. Der intelligente GM01 Greifer beinhaltet eine Vielzahl an \u00dcberwachungsm\u00f6glichkeiten, welche bei Anwendung mit hohem Automatisierungsgrad unerl\u00e4sslich sind.<\/p>\n<div class=\"row\">\n<div class=\"col-sm-8\">\n<ul>\n<li>Konsistente \u00d6ffnungs- und Schliesszeiten mit extrem hoher Dynamik f\u00fcr hohe Kapazit\u00e4ten<\/li>\n<li>Hohe Verl\u00e4sslichkeit der Klemmung bei gleich- und ungleichm\u00e4\u00dfigen Produkten<\/li>\n<li>Verwendung in Branchen mit hohen Anforderungen wie Pharma-, Lebensmittel- und Automation-Industrie<\/li>\n<li>Hohe Prozesssicherheit durch Monitoringdaten wie, Pressdruck, Distanz, Temperatur und Auslastung<\/li>\n<li>\u201eWashdown safe\u201c, um die Richtlinien der Produktionsreinigung einzuhalten<\/li>\n<li>Einfache Integration und Anpassung an individuelle Produktions- und Verpackungsformate.<\/li>\n<\/ul>\n<p><a class=\"btn btn-active\" href=\"https:\/\/shop.linmot.com\/E\/gripper.htm\" target=\"_blank\" rel=\"noopener noreferrer\">Zu den Details im e-Katalog<\/a><\/p>\n<\/div>\n<div class=\"col-sm-4\">\n<img loading=\"lazy\" decoding=\"async\" class=\"aligncenter size-full wp-image-3086\" src=\"https:\/\/linmot.com\/de\/wp-content\/uploads\/sites\/2\/2022\/03\/linmot-greifer-small-gm01.jpg\" alt=\"\" width=\"205\" height=\"161\" \/>\n<\/div>\n<\/div>\n<hr \/>\n<div class=\"row\">\n<div class=\"col-sm-8\">\n<h3>Anwendungszweck des Greifer<\/h3>\n<p align=\"justify\">Dank der einfachen Ankopplung und der Vereinheitlichung der Materialien f\u00fcgt sich der GM01-Parallelgreifer nahtlos in die Edelstahllinie von LinMot ein. In Kombination mit der SM01-F\u00fchrung erm\u00f6glicht er eine vollst\u00e4ndige Pick-and-Place-Anwendung in Edelstahl EN 1.4404. Diese Kombination zeichnet sich durch ihre au\u00dfergew\u00f6hnliche Chemikalienresistenz und ihre bemerkenswerte Lebensdauer selbst unter anspruchsvollsten Bedingungen aus.<\/p>\n<p><a class=\"btn btn-active\" href=\"\/de\/produkte\/linearfuehrungen-linearmodule\/linearmodule-edelstahl-sm01-sm02\/\" target=\"_blank\" rel=\"noopener noreferrer\">Mehr zu den SM01-Modulen<\/a><\/p>\n<\/div>\n<div class=\"col-sm-4\">\n<p>&nbsp;<\/p>\n<img loading=\"lazy\" decoding=\"async\" class=\"alignnone size-full wp-image-3514\" src=\"https:\/\/linmot.com\/de\/wp-content\/uploads\/sites\/2\/2022\/07\/greifer-gm01-functionalitaet.jpg\" alt=\"\" width=\"272\" height=\"267\" \/>\n<\/div>\n<\/div>\n<h3 id=\"videos\">2. Videos<\/h3>\n<div class=\"row download\">\n<div class=\"col-md-6\">\n<h4 class=\"download-title\">Demonstration der Greifer Edelstahl Produkte (INOX Motoren)<\/h4>\n<p class=\"bodytext\" align=\"justify\">Unsere korrosionsbest\u00e4ndigen und hygienegerechten Produkte erm\u00f6glichen eine hygienische und sterile Automatisierung nahe am Prozess. Auch die Reinigung ist dank des offenen Maschinendesigns schnell und einfach und dank der Schutzart IP69 selbst bei h\u00e4ufiger Hochdruck- und Hochtemperaturreinigung \u00e4u\u00dferst zuverl\u00e4ssig. Sehen Sie zudem den &#8222;Greifer GM01&#8220; in Aktion.<\/p>\n<\/div>\n<div class=\"col-md-1\">\n<\/div>\n<div class=\"col-md-5\">\n<div class=\"brlbs-cmpnt-container brlbs-cmpnt-content-blocker brlbs-cmpnt-with-individual-styles\" data-borlabs-cookie-content-blocker-id=\"youtube-content-blocker\" data-borlabs-cookie-content=\"PGlmcmFtZSB0aXRsZT0iWW91VHViZSB2aWRlbyBwbGF5ZXIiIHNyYz0iaHR0cHM6Ly93d3cueW91dHViZS1ub2Nvb2tpZS5jb20vZW1iZWQvdHZLZ1duZkFYWjQ\/c3RhcnQ9MzQiIHdpZHRoPSIzOTQiIGhlaWdodD0iMjIwIiBmcmFtZWJvcmRlcj0iMCIgYWxsb3dmdWxsc2NyZWVuPSJhbGxvd2Z1bGxzY3JlZW4iPjwvaWZyYW1lPg==\">\n<div class=\"brlbs-cmpnt-cb-preset-c brlbs-cmpnt-cb-youtube\">\n<div class=\"brlbs-cmpnt-cb-thumbnail\" style=\"background-image: url('https:\/\/linmot.com\/de\/wp-content\/uploads\/borlabs-cookie\/2\/yt_tvKgWnfAXZ4_hqdefault.jpg')\"><\/div>\n<div class=\"brlbs-cmpnt-cb-main\">\n<div class=\"brlbs-cmpnt-cb-play-button\"><\/div>\n<div class=\"brlbs-cmpnt-cb-content\">\n<p class=\"brlbs-cmpnt-cb-description\">Sie sehen gerade einen Platzhalterinhalt von <strong>YouTube<\/strong>. Um auf den eigentlichen Inhalt zuzugreifen, klicken Sie auf die Schaltfl\u00e4che unten. Bitte beachten Sie, dass dabei Daten an Drittanbieter weitergegeben werden.<\/p>\n<p> <a class=\"brlbs-cmpnt-cb-provider-toggle\" href=\"#\" data-borlabs-cookie-show-provider-information role=\"button\">Mehr Informationen<\/a> <\/div>\n<div class=\"brlbs-cmpnt-cb-buttons\"> <a class=\"brlbs-cmpnt-cb-btn\" href=\"#\" data-borlabs-cookie-unblock role=\"button\">Inhalt entsperren<\/a> <a class=\"brlbs-cmpnt-cb-btn\" href=\"#\" data-borlabs-cookie-accept-service role=\"button\" style=\"display: inherit\">Erforderlichen Service akzeptieren und Inhalte entsperren<\/a> <\/div>\n<\/p><\/div>\n<\/p><\/div>\n<\/div>\n<\/div>\n<\/div>\n<h2 id=\"anwendung\">3. Anwendung<\/h2>\n<div class=\"row download\">\n<div class=\"col-md-3\">\n<h4 class=\"download-title\">Ein nachhaltiger Direktantrieb f\u00fcr Ihre Linearbewegungen<\/h4>\n<p class=\"bodytext\" align=\"justify\">Mit der zunehmenden Verbreitung von Nachhaltigkeitsbestrebungen auf Unternehmensebene ist es wichtiger denn je, Wege zu finden, Ihre Produktion umweltfreundlicher zu gestalten. Wenn es jedoch darum geht, die Nachhaltigkeit Ihrer Bewegungsanwendungen zu verbessern, kann es eine Herausforderung sein, die richtigen Optionen zu finden.<\/p>\n<p><a class=\"button\" href=\"\/de\/blog\/ein-nachhaltiger-direktantrieb-fuer-ihre-linearbewegungen\/\">Zum Artikel<\/a><br \/>\n<\/div>\n<div class=\"col-md-2\">\n<img loading=\"lazy\" decoding=\"async\" class=\"aligncenter size-full wp-image-4458\" src=\"https:\/\/linmot.com\/de\/wp-content\/uploads\/sites\/2\/2023\/08\/nachhaltiger-direktantrieb-vorschau.jpg\" alt=\"\" width=\"220\" height=\"220\" srcset=\"https:\/\/linmot.com\/de\/wp-content\/uploads\/sites\/2\/2023\/08\/nachhaltiger-direktantrieb-vorschau.jpg 220w, https:\/\/linmot.com\/de\/wp-content\/uploads\/sites\/2\/2023\/08\/nachhaltiger-direktantrieb-vorschau-150x150.jpg 150w\" sizes=\"auto, (max-width: 220px) 100vw, 220px\" \/><br \/>\n<\/div>\n<div class=\"col-md-3\">\n<\/div>\n<div class=\"col-md-3\">\n<\/div>\n<\/div>\n<h3 id=\"kontakt\">4. Kontakt<\/h3>\n<div class=\"row download\">\n<div class=\"col-md-6\">\n<h4 class=\"download-title\">Fragen zum Greifer GM01?<\/h4>\n<p class=\"bodytext\">Wir stehen Ihnen f\u00fcr Fragen gerne zur Verf\u00fcgung.<br \/>\nMelden Sie sich hierf\u00fcr \u00fcber das folgende Formular bei uns oder rufen Sie uns an unter:<\/p>\n<p class=\"bodytext\">Tel: +49 (0)201 858940 0<\/p>\n<p class=\"bodytext\">Das LinMot-Team<\/p>\n<\/div>\n<div class=\"col-md-1\">\n<\/div>\n<div class=\"col-md-5\">\n\n<div class=\"wpcf7 no-js\" id=\"wpcf7-f1617-o1\" lang=\"de-DE\" dir=\"ltr\" data-wpcf7-id=\"1617\">\n<div class=\"screen-reader-response\"><p role=\"status\" aria-live=\"polite\" aria-atomic=\"true\"><\/p> <ul><\/ul><\/div>\n<form action=\"\/de\/wp-json\/wp\/v2\/pages\/3080#wpcf7-f1617-o1\" method=\"post\" class=\"wpcf7-form init\" aria-label=\"Kontaktformular\" novalidate=\"novalidate\" data-status=\"init\">\n<fieldset class=\"hidden-fields-container\"><input type=\"hidden\" name=\"_wpcf7\" value=\"1617\" \/><input type=\"hidden\" name=\"_wpcf7_version\" value=\"6.1.5\" \/><input type=\"hidden\" name=\"_wpcf7_locale\" value=\"de_DE\" \/><input type=\"hidden\" name=\"_wpcf7_unit_tag\" value=\"wpcf7-f1617-o1\" \/><input type=\"hidden\" name=\"_wpcf7_container_post\" value=\"0\" \/><input type=\"hidden\" name=\"_wpcf7_posted_data_hash\" value=\"\" \/><input type=\"hidden\" name=\"_wpcf7_recaptcha_response\" value=\"\" \/>\n<\/fieldset>\n<label> Ihr Name<br>\n    <span class=\"wpcf7-form-control-wrap\" data-name=\"your-name\"><input size=\"40\" maxlength=\"400\" class=\"wpcf7-form-control wpcf7-text wpcf7-validates-as-required\" aria-required=\"true\" aria-invalid=\"false\" value=\"\" type=\"text\" name=\"your-name\" \/><\/span> <\/label>\n<br>\n<label> Ihre Firma<br>\n    <span class=\"wpcf7-form-control-wrap\" data-name=\"your-company\"><input size=\"40\" maxlength=\"400\" class=\"wpcf7-form-control wpcf7-text wpcf7-validates-as-required\" aria-required=\"true\" aria-invalid=\"false\" value=\"\" type=\"text\" name=\"your-company\" \/><\/span> <\/label>\n<br>\n<label> Postleitzahl<br>\n    <span class=\"wpcf7-form-control-wrap\" data-name=\"your-plz\"><input class=\"wpcf7-form-control wpcf7-number wpcf7-validates-as-required wpcf7-validates-as-number\" aria-required=\"true\" aria-invalid=\"false\" value=\"\" type=\"number\" name=\"your-plz\" \/><\/span> <\/label>\n<br>\n<label> Land<br>\n    <span class=\"wpcf7-form-control-wrap\" data-name=\"your-country\"><input size=\"40\" maxlength=\"400\" class=\"wpcf7-form-control wpcf7-text wpcf7-validates-as-required\" aria-required=\"true\" aria-invalid=\"false\" value=\"\" type=\"text\" name=\"your-country\" \/><\/span> <\/label>\n<br>\n<label> Telefonnummer<br>\n    <span class=\"wpcf7-form-control-wrap\" data-name=\"your-telephone\"><input size=\"40\" maxlength=\"400\" class=\"wpcf7-form-control wpcf7-tel wpcf7-text wpcf7-validates-as-tel\" aria-invalid=\"false\" value=\"\" type=\"tel\" name=\"your-telephone\" \/><\/span> <\/label>\n<br>\n<label> E-Mail-Adresse<br>\n    <span class=\"wpcf7-form-control-wrap\" data-name=\"your-email\"><input size=\"40\" maxlength=\"400\" class=\"wpcf7-form-control wpcf7-email wpcf7-validates-as-required wpcf7-text wpcf7-validates-as-email\" aria-required=\"true\" aria-invalid=\"false\" value=\"\" type=\"email\" name=\"your-email\" \/><\/span> <\/label>\n<br>\n<label> Ihre Frage<br>\n    <span class=\"wpcf7-form-control-wrap\" data-name=\"your-message\"><textarea cols=\"40\" rows=\"10\" maxlength=\"2000\" class=\"wpcf7-form-control wpcf7-textarea\" aria-invalid=\"false\" name=\"your-message\"><\/textarea><\/span> <\/label>\n<br>\n<input class=\"wpcf7-form-control wpcf7-submit has-spinner\" type=\"submit\" value=\"Senden\" \/><div class=\"wpcf7-response-output\" aria-hidden=\"true\"><\/div>\n<\/form>\n<\/div>\n\n<\/div>\n<\/div>\n","protected":false},"excerpt":{"rendered":"<p>Dank der pr\u00e4zisen Erkennung der Greifer-Position und der exakten Kontrolle der Klemmkraft kann der intelligente GM01 Greifer auch ungleichm\u00e4\u00dfige Produkte zuverl\u00e4ssig greifen. Mit seinen umfassenden \u00dcberwachungsm\u00f6glichkeiten erkennt er Fehlgriffe oder fehlerhafte Teile in Echtzeit und sortiert diese automatisch aus. Diese fortschrittlichen Funktionen machen den GM01 Greifer unverzichtbar f\u00fcr Anwendungen mit hohem Automatisierungsgrad. 1. Details Funktionalit\u00e4t [&hellip;]<\/p>\n","protected":false},"author":9,"featured_media":0,"parent":5359,"menu_order":28,"comment_status":"closed","ping_status":"closed","template":"","meta":{"_acf_changed":false,"footnotes":""},"class_list":["post-3080","page","type-page","status-publish","hentry"],"acf":[],"yoast_head":"<!-- This site is optimized with the Yoast SEO Premium plugin v20.9 (Yoast SEO v27.2) - https:\/\/yoast.com\/product\/yoast-seo-premium-wordpress\/ -->\n<title>Greifer GM01 | Linear Motion Technology Leader | LinMot<\/title>\n<meta name=\"description\" content=\"Der elektrische Greifer wird f\u00fcr das pr\u00e4zise Klemmen und Bewegen von Produkten in anspruchsvollen Umgebungen verwendet.\" \/>\n<meta name=\"robots\" content=\"index, follow, max-snippet:-1, max-image-preview:large, max-video-preview:-1\" \/>\n<link rel=\"canonical\" href=\"https:\/\/linmot.com\/de\/produkte\/greifer-drehgreifer\/greifer-gm01\/\" \/>\n<meta property=\"og:locale\" content=\"de_DE\" \/>\n<meta property=\"og:type\" content=\"article\" \/>\n<meta property=\"og:title\" content=\"Greifer GM01 | Linear Motion Technology Leader | LinMot\" \/>\n<meta property=\"og:description\" content=\"Der elektrische Greifer wird f\u00fcr das pr\u00e4zise Klemmen und Bewegen von Produkten in anspruchsvollen Umgebungen verwendet.\" \/>\n<meta property=\"og:url\" content=\"https:\/\/linmot.com\/de\/produkte\/greifer-drehgreifer\/greifer-gm01\/\" \/>\n<meta property=\"og:site_name\" content=\"LinMot &amp; MagSpring - Deutsch\" \/>\n<meta property=\"article:modified_time\" content=\"2025-08-11T13:43:42+00:00\" \/>\n<meta property=\"og:image\" content=\"https:\/\/linmot.com\/de\/wp-content\/uploads\/sites\/2\/2022\/03\/linmot-greifer-gm01.jpg\" \/>\n\t<meta property=\"og:image:width\" content=\"619\" \/>\n\t<meta property=\"og:image:height\" content=\"320\" \/>\n\t<meta property=\"og:image:type\" content=\"image\/jpeg\" \/>\n<meta name=\"twitter:card\" content=\"summary_large_image\" \/>\n<meta name=\"twitter:title\" content=\"Greifer GM01 | Linear Motion Technology Leader | LinMot\" \/>\n<meta name=\"twitter:description\" content=\"Der elektrische Greifer wird f\u00fcr das pr\u00e4zise Klemmen und Bewegen von Produkten in anspruchsvollen Umgebungen verwendet.\" \/>\n<meta name=\"twitter:label1\" content=\"Gesch\u00e4tzte Lesezeit\" \/>\n\t<meta name=\"twitter:data1\" content=\"4 Minuten\" \/>\n<script type=\"application\/ld+json\" class=\"yoast-schema-graph\">{\"@context\":\"https:\/\/schema.org\",\"@graph\":[{\"@type\":\"WebPage\",\"@id\":\"https:\/\/linmot.com\/de\/produkte\/greifer-drehgreifer\/greifer-gm01\/\",\"url\":\"https:\/\/linmot.com\/de\/produkte\/greifer-drehgreifer\/greifer-gm01\/\",\"name\":\"Greifer GM01 | Linear Motion Technology Leader | LinMot\",\"isPartOf\":{\"@id\":\"https:\/\/linmot.com\/de\/#website\"},\"primaryImageOfPage\":{\"@id\":\"https:\/\/linmot.com\/de\/produkte\/greifer-drehgreifer\/greifer-gm01\/#primaryimage\"},\"image\":{\"@id\":\"https:\/\/linmot.com\/de\/produkte\/greifer-drehgreifer\/greifer-gm01\/#primaryimage\"},\"thumbnailUrl\":\"https:\/\/linmot.com\/wp-content\/uploads\/2023\/01\/gm01-motor.jpg\",\"datePublished\":\"2022-03-30T08:45:29+00:00\",\"dateModified\":\"2025-08-11T13:43:42+00:00\",\"description\":\"Der elektrische Greifer wird f\u00fcr das pr\u00e4zise Klemmen und Bewegen von Produkten in anspruchsvollen Umgebungen verwendet.\",\"breadcrumb\":{\"@id\":\"https:\/\/linmot.com\/de\/produkte\/greifer-drehgreifer\/greifer-gm01\/#breadcrumb\"},\"inLanguage\":\"de\",\"potentialAction\":[{\"@type\":\"ReadAction\",\"target\":[\"https:\/\/linmot.com\/de\/produkte\/greifer-drehgreifer\/greifer-gm01\/\"]}]},{\"@type\":\"ImageObject\",\"inLanguage\":\"de\",\"@id\":\"https:\/\/linmot.com\/de\/produkte\/greifer-drehgreifer\/greifer-gm01\/#primaryimage\",\"url\":\"https:\/\/linmot.com\/wp-content\/uploads\/2023\/01\/gm01-motor.jpg\",\"contentUrl\":\"https:\/\/linmot.com\/wp-content\/uploads\/2023\/01\/gm01-motor.jpg\"},{\"@type\":\"BreadcrumbList\",\"@id\":\"https:\/\/linmot.com\/de\/produkte\/greifer-drehgreifer\/greifer-gm01\/#breadcrumb\",\"itemListElement\":[{\"@type\":\"ListItem\",\"position\":1,\"name\":\"LinMot\",\"item\":\"https:\/\/linmot.com\/de\/\"},{\"@type\":\"ListItem\",\"position\":2,\"name\":\"Produkte\",\"item\":\"https:\/\/linmot.com\/de\/produkte\/\"},{\"@type\":\"ListItem\",\"position\":3,\"name\":\"Elektrische Greifer\",\"item\":\"https:\/\/linmot.com\/de\/produkte\/greifer-drehgreifer\/\"},{\"@type\":\"ListItem\",\"position\":4,\"name\":\"Greifer GM01\"}]},{\"@type\":\"WebSite\",\"@id\":\"https:\/\/linmot.com\/de\/#website\",\"url\":\"https:\/\/linmot.com\/de\/\",\"name\":\"LinMot & MagSpring - Industrielle Linearmotoren\",\"description\":\"Hochwertigen Linearmotoren und Linearmotorsystemen\",\"publisher\":{\"@id\":\"https:\/\/linmot.com\/de\/#organization\"},\"potentialAction\":[{\"@type\":\"SearchAction\",\"target\":{\"@type\":\"EntryPoint\",\"urlTemplate\":\"https:\/\/linmot.com\/de\/?s={search_term_string}\"},\"query-input\":{\"@type\":\"PropertyValueSpecification\",\"valueRequired\":true,\"valueName\":\"search_term_string\"}}],\"inLanguage\":\"de\"},{\"@type\":\"Organization\",\"@id\":\"https:\/\/linmot.com\/de\/#organization\",\"name\":\"NTI AG - LinMot & MagSpring\",\"url\":\"https:\/\/linmot.com\/de\/\",\"logo\":{\"@type\":\"ImageObject\",\"inLanguage\":\"de\",\"@id\":\"https:\/\/linmot.com\/de\/#\/schema\/logo\/image\/\",\"url\":\"https:\/\/linmot.com\/de\/wp-content\/uploads\/sites\/2\/2022\/01\/social-logo.jpg\",\"contentUrl\":\"https:\/\/linmot.com\/de\/wp-content\/uploads\/sites\/2\/2022\/01\/social-logo.jpg\",\"width\":800,\"height\":500,\"caption\":\"NTI AG - LinMot & MagSpring\"},\"image\":{\"@id\":\"https:\/\/linmot.com\/de\/#\/schema\/logo\/image\/\"},\"sameAs\":[\"https:\/\/www.linkedin.com\/company\/nti-ag-linmot-magspring\",\"https:\/\/www.youtube.com\/user\/LinMotEurope\",\"https:\/\/www.xing.com\/pages\/linmot-magspring\"]}]}<\/script>\n<!-- \/ Yoast SEO Premium plugin. -->","yoast_head_json":{"title":"Greifer GM01 | Linear Motion Technology Leader | LinMot","description":"Der elektrische Greifer wird f\u00fcr das pr\u00e4zise Klemmen und Bewegen von Produkten in anspruchsvollen Umgebungen verwendet.","robots":{"index":"index","follow":"follow","max-snippet":"max-snippet:-1","max-image-preview":"max-image-preview:large","max-video-preview":"max-video-preview:-1"},"canonical":"https:\/\/linmot.com\/de\/produkte\/greifer-drehgreifer\/greifer-gm01\/","og_locale":"de_DE","og_type":"article","og_title":"Greifer GM01 | Linear Motion Technology Leader | LinMot","og_description":"Der elektrische Greifer wird f\u00fcr das pr\u00e4zise Klemmen und Bewegen von Produkten in anspruchsvollen Umgebungen verwendet.","og_url":"https:\/\/linmot.com\/de\/produkte\/greifer-drehgreifer\/greifer-gm01\/","og_site_name":"LinMot &amp; MagSpring - Deutsch","article_modified_time":"2025-08-11T13:43:42+00:00","og_image":[{"width":619,"height":320,"url":"https:\/\/linmot.com\/de\/wp-content\/uploads\/sites\/2\/2022\/03\/linmot-greifer-gm01.jpg","type":"image\/jpeg"}],"twitter_card":"summary_large_image","twitter_title":"Greifer GM01 | Linear Motion Technology Leader | LinMot","twitter_description":"Der elektrische Greifer wird f\u00fcr das pr\u00e4zise Klemmen und Bewegen von Produkten in anspruchsvollen Umgebungen verwendet.","twitter_misc":{"Gesch\u00e4tzte Lesezeit":"4 Minuten"},"schema":{"@context":"https:\/\/schema.org","@graph":[{"@type":"WebPage","@id":"https:\/\/linmot.com\/de\/produkte\/greifer-drehgreifer\/greifer-gm01\/","url":"https:\/\/linmot.com\/de\/produkte\/greifer-drehgreifer\/greifer-gm01\/","name":"Greifer GM01 | Linear Motion Technology Leader | LinMot","isPartOf":{"@id":"https:\/\/linmot.com\/de\/#website"},"primaryImageOfPage":{"@id":"https:\/\/linmot.com\/de\/produkte\/greifer-drehgreifer\/greifer-gm01\/#primaryimage"},"image":{"@id":"https:\/\/linmot.com\/de\/produkte\/greifer-drehgreifer\/greifer-gm01\/#primaryimage"},"thumbnailUrl":"https:\/\/linmot.com\/wp-content\/uploads\/2023\/01\/gm01-motor.jpg","datePublished":"2022-03-30T08:45:29+00:00","dateModified":"2025-08-11T13:43:42+00:00","description":"Der elektrische Greifer wird f\u00fcr das pr\u00e4zise Klemmen und Bewegen von Produkten in anspruchsvollen Umgebungen verwendet.","breadcrumb":{"@id":"https:\/\/linmot.com\/de\/produkte\/greifer-drehgreifer\/greifer-gm01\/#breadcrumb"},"inLanguage":"de","potentialAction":[{"@type":"ReadAction","target":["https:\/\/linmot.com\/de\/produkte\/greifer-drehgreifer\/greifer-gm01\/"]}]},{"@type":"ImageObject","inLanguage":"de","@id":"https:\/\/linmot.com\/de\/produkte\/greifer-drehgreifer\/greifer-gm01\/#primaryimage","url":"https:\/\/linmot.com\/wp-content\/uploads\/2023\/01\/gm01-motor.jpg","contentUrl":"https:\/\/linmot.com\/wp-content\/uploads\/2023\/01\/gm01-motor.jpg"},{"@type":"BreadcrumbList","@id":"https:\/\/linmot.com\/de\/produkte\/greifer-drehgreifer\/greifer-gm01\/#breadcrumb","itemListElement":[{"@type":"ListItem","position":1,"name":"LinMot","item":"https:\/\/linmot.com\/de\/"},{"@type":"ListItem","position":2,"name":"Produkte","item":"https:\/\/linmot.com\/de\/produkte\/"},{"@type":"ListItem","position":3,"name":"Elektrische Greifer","item":"https:\/\/linmot.com\/de\/produkte\/greifer-drehgreifer\/"},{"@type":"ListItem","position":4,"name":"Greifer GM01"}]},{"@type":"WebSite","@id":"https:\/\/linmot.com\/de\/#website","url":"https:\/\/linmot.com\/de\/","name":"LinMot & MagSpring - Industrielle Linearmotoren","description":"Hochwertigen Linearmotoren und Linearmotorsystemen","publisher":{"@id":"https:\/\/linmot.com\/de\/#organization"},"potentialAction":[{"@type":"SearchAction","target":{"@type":"EntryPoint","urlTemplate":"https:\/\/linmot.com\/de\/?s={search_term_string}"},"query-input":{"@type":"PropertyValueSpecification","valueRequired":true,"valueName":"search_term_string"}}],"inLanguage":"de"},{"@type":"Organization","@id":"https:\/\/linmot.com\/de\/#organization","name":"NTI AG - LinMot & MagSpring","url":"https:\/\/linmot.com\/de\/","logo":{"@type":"ImageObject","inLanguage":"de","@id":"https:\/\/linmot.com\/de\/#\/schema\/logo\/image\/","url":"https:\/\/linmot.com\/de\/wp-content\/uploads\/sites\/2\/2022\/01\/social-logo.jpg","contentUrl":"https:\/\/linmot.com\/de\/wp-content\/uploads\/sites\/2\/2022\/01\/social-logo.jpg","width":800,"height":500,"caption":"NTI AG - LinMot & MagSpring"},"image":{"@id":"https:\/\/linmot.com\/de\/#\/schema\/logo\/image\/"},"sameAs":["https:\/\/www.linkedin.com\/company\/nti-ag-linmot-magspring","https:\/\/www.youtube.com\/user\/LinMotEurope","https:\/\/www.xing.com\/pages\/linmot-magspring"]}]}},"_links":{"self":[{"href":"https:\/\/linmot.com\/de\/wp-json\/wp\/v2\/pages\/3080","targetHints":{"allow":["GET"]}}],"collection":[{"href":"https:\/\/linmot.com\/de\/wp-json\/wp\/v2\/pages"}],"about":[{"href":"https:\/\/linmot.com\/de\/wp-json\/wp\/v2\/types\/page"}],"author":[{"embeddable":true,"href":"https:\/\/linmot.com\/de\/wp-json\/wp\/v2\/users\/9"}],"replies":[{"embeddable":true,"href":"https:\/\/linmot.com\/de\/wp-json\/wp\/v2\/comments?post=3080"}],"version-history":[{"count":28,"href":"https:\/\/linmot.com\/de\/wp-json\/wp\/v2\/pages\/3080\/revisions"}],"predecessor-version":[{"id":4457,"href":"https:\/\/linmot.com\/de\/wp-json\/wp\/v2\/pages\/3080\/revisions\/4457"}],"up":[{"embeddable":true,"href":"https:\/\/linmot.com\/de\/wp-json\/wp\/v2\/pages\/5359"}],"wp:attachment":[{"href":"https:\/\/linmot.com\/de\/wp-json\/wp\/v2\/media?parent=3080"}],"curies":[{"name":"wp","href":"https:\/\/api.w.org\/{rel}","templated":true}]}}