{"id":2904,"date":"2022-02-28T14:34:42","date_gmt":"2022-02-28T13:34:42","guid":{"rendered":"https:\/\/linmot.com\/de\/?page_id=2904"},"modified":"2023-05-15T15:43:17","modified_gmt":"2023-05-15T13:43:17","slug":"linmot-magspring-smart-solutions-are-driven-by-linmot","status":"publish","type":"page","link":"https:\/\/linmot.com\/de\/linmot-magspring-smart-solutions-are-driven-by-linmot\/","title":{"rendered":"LinMot &#038; MagSpring &#8211; Smart solutions are driven by LinMot"},"content":{"rendered":"<p><strong>LinMot entwickelt, baut und vertreibt hochwertige Linear- und Hubdreh-Motoren, Module und Systeme f\u00fcr den Einsatz in der industriellen Automatisierung aus einer Hand. Als internationales, innovatives Unternehmen sind wir stets ein kompetenter und zuverl\u00e4ssiger Partner. Unser erfahrenes Kundenberater-, Vertriebs- und Supportnetz erstreckt sich dabei auf \u00fcber 150 Standorten weltweit.<br \/>\n<\/strong><\/p>\n<hr \/>\n<div class=\"row\">\n<div class=\"col-md-6\">\n<p>NTI AG, LinMot\u00ae und MagSpring\u00ae steht f\u00fcr ausgezeichnete Produkte und hervorragenden Service. Wir glauben an Innovation, wof\u00fcr der \u201cI\u201d im Name NTI steht. Wir sind von einem unerm\u00fcdlichen Willen getrieben, uns st\u00e4ndig zu verbessern und gemeinsam mit unseren Kunden Direktantriebsl\u00f6sungen zu entwickeln, welche den spezifischen Anforderungen des Kunden entsprechen. Antriebsl\u00f6sungen f\u00fcr M\u00e4rkte, in denen Zuverl\u00e4ssigkeit, Lebensdauer, Flexibilit\u00e4t, Dynamik und Pr\u00e4zision entscheidend sind.<\/p>\n<p><a class=\"button\" href=\"https:\/\/linmot.com\/de\/unternehmensprofil\/\" target=\"_same\" rel=\"noopener\">Mehr zu unserem Unternehmen<\/a><\/p>\n<\/div>\n<div class=\"col-md-6\">\n<div class=\"brlbs-cmpnt-container brlbs-cmpnt-content-blocker brlbs-cmpnt-with-individual-styles\" data-borlabs-cookie-content-blocker-id=\"youtube-content-blocker\" data-borlabs-cookie-content=\"PGlmcmFtZSB0aXRsZT0iWW91VHViZSB2aWRlbyBwbGF5ZXIiIHNyYz0iaHR0cHM6Ly93d3cueW91dHViZS1ub2Nvb2tpZS5jb20vZW1iZWQvdkIzY3dsQ1NrejQiIHdpZHRoPSI0NTAiIGhlaWdodD0iMjYwIiBmcmFtZWJvcmRlcj0iMCIgYWxsb3dmdWxsc2NyZWVuPSJhbGxvd2Z1bGxzY3JlZW4iPjwvaWZyYW1lPg==\">\n<div class=\"brlbs-cmpnt-cb-preset-c brlbs-cmpnt-cb-youtube\">\n<div class=\"brlbs-cmpnt-cb-thumbnail\" style=\"background-image: url('https:\/\/linmot.com\/de\/wp-content\/uploads\/borlabs-cookie\/2\/yt_vB3cwlCSkz4_hqdefault.jpg')\"><\/div>\n<div class=\"brlbs-cmpnt-cb-main\">\n<div class=\"brlbs-cmpnt-cb-play-button\"><\/div>\n<div class=\"brlbs-cmpnt-cb-content\">\n<p class=\"brlbs-cmpnt-cb-description\">Sie sehen gerade einen Platzhalterinhalt von <strong>YouTube<\/strong>. Um auf den eigentlichen Inhalt zuzugreifen, klicken Sie auf die Schaltfl\u00e4che unten. Bitte beachten Sie, dass dabei Daten an Drittanbieter weitergegeben werden.<\/p>\n<p> <a class=\"brlbs-cmpnt-cb-provider-toggle\" href=\"#\" data-borlabs-cookie-show-provider-information role=\"button\">Mehr Informationen<\/a> <\/div>\n<div class=\"brlbs-cmpnt-cb-buttons\"> <a class=\"brlbs-cmpnt-cb-btn\" href=\"#\" data-borlabs-cookie-unblock role=\"button\">Inhalt entsperren<\/a> <a class=\"brlbs-cmpnt-cb-btn\" href=\"#\" data-borlabs-cookie-accept-service role=\"button\" style=\"display: inherit\">Erforderlichen Service akzeptieren und Inhalte entsperren<\/a> <\/div>\n<\/p><\/div>\n<\/p><\/div>\n<\/div>\n<\/div>\n<\/div>\n<hr \/>\n<h2>Produkte und Dienstleistungen<\/h2>\n<div class=\"row\">\n<div class=\"col-md-4\">\n<p><strong>Produkte\u00fcbersicht<\/strong><\/p>\n<img loading=\"lazy\" decoding=\"async\" class=\"aligncenter size-full wp-image-1744\" src=\"https:\/\/linmot.com\/de\/wp-content\/uploads\/sites\/2\/2021\/05\/Linearmotoren-Produkteuebersicht.jpg\" alt=\"\" width=\"300\" height=\"200\" \/>\n<p>Lernen Sie die verschiedenen Produkte von LinMot &amp; MagSpring kennen. Wir bieten Ihnen ein breites Sortiment an Linearmotoren, Servo Drives, Linearmodule und -f\u00fchrungen sowie zahlreiches Zubeh\u00f6r an.<\/p>\n<p><a class=\"button\" href=\"https:\/\/linmot.com\/de\/produkte\/linearmotoren\/\" target=\"_same\" rel=\"noopener\">Zur \u00dcbersicht aller Produkte<\/a><\/p>\n<\/div>\n<div class=\"col-md-4\">\n<p><strong>Branchenl\u00f6sungen<\/strong><\/p>\n<img loading=\"lazy\" decoding=\"async\" class=\"aligncenter size-full wp-image-1740\" src=\"https:\/\/linmot.com\/de\/wp-content\/uploads\/sites\/2\/2021\/11\/verpacken-300x200-1.jpg\" alt=\"\" width=\"300\" height=\"200\" \/>\n<p>Je nach Branche werden unterschiedliche Anforderungen an einen Linearmotor gestellt. Sehen Sie hier, welche L\u00f6sungen wir f\u00fcr Ihre Branche anbieten.<\/p>\n<p><a class=\"button\" href=\"https:\/\/linmot.com\/de\/branchen\/\" target=\"_same\" rel=\"noopener\">Zu den Branchenl\u00f6sungen<\/a><\/p>\n<\/div>\n<div class=\"col-md-4\">\n<p><strong>Pneumatikersatz<\/strong><\/p>\n<img loading=\"lazy\" decoding=\"async\" class=\"aligncenter size-full wp-image-2914\" src=\"https:\/\/linmot.com\/de\/wp-content\/uploads\/sites\/2\/2022\/02\/pneumatic-ersatz-vorschaubild.jpg\" alt=\"\" width=\"300\" height=\"200\" \/>\n<p>Elektrische Linearantriebe verdr\u00e4ngen konventionelle Pneumatikzylinder aus immer mehr Anwendungsbereichen. Auf dieser Seite kl\u00e4ren wir, warum dem so ist.<\/p>\n<p><a class=\"button\" href=\"https:\/\/linmot.com\/de\/branchen\/ersatz-von-pneumatik-durch-industrielle-linearmotoren\/\" target=\"_same\" rel=\"noopener\">Zum Pneumatikersatz<\/a><\/p>\n<\/div>\n<\/div>\n<hr \/>\n<h3>LinMot Linearmotoren im Einsatz<\/h3>\n<div class=\"row\">\n<div class=\"col-md-4\">\n<div class=\"brlbs-cmpnt-container brlbs-cmpnt-content-blocker brlbs-cmpnt-with-individual-styles\" data-borlabs-cookie-content-blocker-id=\"youtube-content-blocker\" data-borlabs-cookie-content=\"PGlmcmFtZSB0aXRsZT0iWW91VHViZSB2aWRlbyBwbGF5ZXIiIHNyYz0iaHR0cHM6Ly93d3cueW91dHViZS1ub2Nvb2tpZS5jb20vZW1iZWQvakc4eVo5Tmw5SFEiIHdpZHRoPSIzMDAiIGhlaWdodD0iMTcwIiBmcmFtZWJvcmRlcj0iMCIgYWxsb3dmdWxsc2NyZWVuPSJhbGxvd2Z1bGxzY3JlZW4iPjwvaWZyYW1lPg==\">\n<div class=\"brlbs-cmpnt-cb-preset-c brlbs-cmpnt-cb-youtube\">\n<div class=\"brlbs-cmpnt-cb-thumbnail\" style=\"background-image: url('https:\/\/linmot.com\/de\/wp-content\/uploads\/borlabs-cookie\/2\/yt_jG8yZ9Nl9HQ_hqdefault.jpg')\"><\/div>\n<div class=\"brlbs-cmpnt-cb-main\">\n<div class=\"brlbs-cmpnt-cb-play-button\"><\/div>\n<div class=\"brlbs-cmpnt-cb-content\">\n<p class=\"brlbs-cmpnt-cb-description\">Sie sehen gerade einen Platzhalterinhalt von <strong>YouTube<\/strong>. Um auf den eigentlichen Inhalt zuzugreifen, klicken Sie auf die Schaltfl\u00e4che unten. Bitte beachten Sie, dass dabei Daten an Drittanbieter weitergegeben werden.<\/p>\n<p> <a class=\"brlbs-cmpnt-cb-provider-toggle\" href=\"#\" data-borlabs-cookie-show-provider-information role=\"button\">Mehr Informationen<\/a> <\/div>\n<div class=\"brlbs-cmpnt-cb-buttons\"> <a class=\"brlbs-cmpnt-cb-btn\" href=\"#\" data-borlabs-cookie-unblock role=\"button\">Inhalt entsperren<\/a> <a class=\"brlbs-cmpnt-cb-btn\" href=\"#\" data-borlabs-cookie-accept-service role=\"button\" style=\"display: inherit\">Erforderlichen Service akzeptieren und Inhalte entsperren<\/a> <\/div>\n<\/p><\/div>\n<\/p><\/div>\n<\/div>\n<\/div>\n<div class=\"col-md-4\">\n<div class=\"brlbs-cmpnt-container brlbs-cmpnt-content-blocker brlbs-cmpnt-with-individual-styles\" data-borlabs-cookie-content-blocker-id=\"youtube-content-blocker\" data-borlabs-cookie-content=\"PGlmcmFtZSB0aXRsZT0iWW91VHViZSB2aWRlbyBwbGF5ZXIiIHNyYz0iaHR0cHM6Ly93d3cueW91dHViZS1ub2Nvb2tpZS5jb20vZW1iZWQvUkkwOWpGWVVfYjAiIHdpZHRoPSIzMDAiIGhlaWdodD0iMTcwIiBmcmFtZWJvcmRlcj0iMCIgYWxsb3dmdWxsc2NyZWVuPSJhbGxvd2Z1bGxzY3JlZW4iPjwvaWZyYW1lPg==\">\n<div class=\"brlbs-cmpnt-cb-preset-c brlbs-cmpnt-cb-youtube\">\n<div class=\"brlbs-cmpnt-cb-thumbnail\" style=\"background-image: url('https:\/\/linmot.com\/de\/wp-content\/uploads\/borlabs-cookie\/2\/yt_RI09jFYU_b0_hqdefault.jpg')\"><\/div>\n<div class=\"brlbs-cmpnt-cb-main\">\n<div class=\"brlbs-cmpnt-cb-play-button\"><\/div>\n<div class=\"brlbs-cmpnt-cb-content\">\n<p class=\"brlbs-cmpnt-cb-description\">Sie sehen gerade einen Platzhalterinhalt von <strong>YouTube<\/strong>. Um auf den eigentlichen Inhalt zuzugreifen, klicken Sie auf die Schaltfl\u00e4che unten. Bitte beachten Sie, dass dabei Daten an Drittanbieter weitergegeben werden.<\/p>\n<p> <a class=\"brlbs-cmpnt-cb-provider-toggle\" href=\"#\" data-borlabs-cookie-show-provider-information role=\"button\">Mehr Informationen<\/a> <\/div>\n<div class=\"brlbs-cmpnt-cb-buttons\"> <a class=\"brlbs-cmpnt-cb-btn\" href=\"#\" data-borlabs-cookie-unblock role=\"button\">Inhalt entsperren<\/a> <a class=\"brlbs-cmpnt-cb-btn\" href=\"#\" data-borlabs-cookie-accept-service role=\"button\" style=\"display: inherit\">Erforderlichen Service akzeptieren und Inhalte entsperren<\/a> <\/div>\n<\/p><\/div>\n<\/p><\/div>\n<\/div>\n<\/div>\n<div class=\"col-md-4\">\n<div class=\"brlbs-cmpnt-container brlbs-cmpnt-content-blocker brlbs-cmpnt-with-individual-styles\" data-borlabs-cookie-content-blocker-id=\"youtube-content-blocker\" data-borlabs-cookie-content=\"PGlmcmFtZSB0aXRsZT0iWW91VHViZSB2aWRlbyBwbGF5ZXIiIHNyYz0iaHR0cHM6Ly93d3cueW91dHViZS1ub2Nvb2tpZS5jb20vZW1iZWQvT0hVaFJlMzBpNHciIHdpZHRoPSIzMDAiIGhlaWdodD0iMTcwIiBmcmFtZWJvcmRlcj0iMCIgYWxsb3dmdWxsc2NyZWVuPSJhbGxvd2Z1bGxzY3JlZW4iPjwvaWZyYW1lPg==\">\n<div class=\"brlbs-cmpnt-cb-preset-c brlbs-cmpnt-cb-youtube\">\n<div class=\"brlbs-cmpnt-cb-thumbnail\" style=\"background-image: url('https:\/\/linmot.com\/de\/wp-content\/uploads\/borlabs-cookie\/2\/yt_OHUhRe30i4w_hqdefault.jpg')\"><\/div>\n<div class=\"brlbs-cmpnt-cb-main\">\n<div class=\"brlbs-cmpnt-cb-play-button\"><\/div>\n<div class=\"brlbs-cmpnt-cb-content\">\n<p class=\"brlbs-cmpnt-cb-description\">Sie sehen gerade einen Platzhalterinhalt von <strong>YouTube<\/strong>. Um auf den eigentlichen Inhalt zuzugreifen, klicken Sie auf die Schaltfl\u00e4che unten. Bitte beachten Sie, dass dabei Daten an Drittanbieter weitergegeben werden.<\/p>\n<p> <a class=\"brlbs-cmpnt-cb-provider-toggle\" href=\"#\" data-borlabs-cookie-show-provider-information role=\"button\">Mehr Informationen<\/a> <\/div>\n<div class=\"brlbs-cmpnt-cb-buttons\"> <a class=\"brlbs-cmpnt-cb-btn\" href=\"#\" data-borlabs-cookie-unblock role=\"button\">Inhalt entsperren<\/a> <a class=\"brlbs-cmpnt-cb-btn\" href=\"#\" data-borlabs-cookie-accept-service role=\"button\" style=\"display: inherit\">Erforderlichen Service akzeptieren und Inhalte entsperren<\/a> <\/div>\n<\/p><\/div>\n<\/p><\/div>\n<\/div>\n<\/div>\n<\/div>\n<hr \/>\n<div class=\"row\">\n<div class=\"col-md-6\">\n<h2>Kontaktieren Sie uns<\/h2>\n<p>Wir freuen uns auf Ihre Kontaktaufnahme und stehen f\u00fcr Fragen gerne zur Verf\u00fcgung.<\/p>\n<p><strong>NTI AG LinMot &amp; MagSpring<\/strong><br \/>\nBodenaeckerstrasse 2<br \/>\nCH-8957 Spreitenbach<br \/>\nSchweiz<\/p>\n<p>Tel: +41 56 419 91 91<br \/>\nFax: +41 56 419 91 92<br \/>\nMail: office@linmot.com<\/p>\n<hr \/>\n<p><strong>LinMot GmbH<\/strong><br \/>\nLangemarckstrasse 55-57<br \/>\nDE-45141 Essen<br \/>\nDeutschland<\/p>\n<p>Tel: +49 201 858940 0<br \/>\nFax: +49 201 858940 99<br \/>\nMail: office@linmot.de<\/p>\n<p><a class=\"button\" href=\"https:\/\/linmot.com\/de\/contact\/\" target=\"_same\" rel=\"noopener\">Finden Sie Ihren regionalen Ansprechspartner<\/a><\/p>\n<\/div>\n<div class=\"col-md-6\">\n\n<div class=\"wpcf7 no-js\" id=\"wpcf7-f1611-o1\" lang=\"de-DE\" dir=\"ltr\" data-wpcf7-id=\"1611\">\n<div class=\"screen-reader-response\"><p role=\"status\" aria-live=\"polite\" aria-atomic=\"true\"><\/p> <ul><\/ul><\/div>\n<form action=\"\/de\/wp-json\/wp\/v2\/pages\/2904#wpcf7-f1611-o1\" method=\"post\" class=\"wpcf7-form init\" aria-label=\"Kontaktformular\" novalidate=\"novalidate\" data-status=\"init\">\n<fieldset class=\"hidden-fields-container\"><input type=\"hidden\" name=\"_wpcf7\" value=\"1611\" \/><input type=\"hidden\" name=\"_wpcf7_version\" value=\"6.1.5\" \/><input type=\"hidden\" name=\"_wpcf7_locale\" value=\"de_DE\" \/><input type=\"hidden\" name=\"_wpcf7_unit_tag\" value=\"wpcf7-f1611-o1\" \/><input type=\"hidden\" name=\"_wpcf7_container_post\" value=\"0\" \/><input type=\"hidden\" name=\"_wpcf7_posted_data_hash\" value=\"\" \/><input type=\"hidden\" name=\"_wpcf7_recaptcha_response\" value=\"\" \/>\n<\/fieldset>\n<label> Name<br>\n    <span class=\"wpcf7-form-control-wrap\" data-name=\"your-name\"><input size=\"40\" maxlength=\"400\" class=\"wpcf7-form-control wpcf7-text wpcf7-validates-as-required\" aria-required=\"true\" aria-invalid=\"false\" value=\"\" type=\"text\" name=\"your-name\" \/><\/span> <\/label>\n<br>\n<label> Firma<br>\n    <span class=\"wpcf7-form-control-wrap\" data-name=\"firma\"><input size=\"40\" maxlength=\"400\" class=\"wpcf7-form-control wpcf7-text\" aria-invalid=\"false\" value=\"\" type=\"text\" name=\"firma\" \/><\/span> <\/label>\n<br>\n<label> Postleitzahl<br>\n    <span class=\"wpcf7-form-control-wrap\" data-name=\"your-plz\"><input class=\"wpcf7-form-control wpcf7-number wpcf7-validates-as-required wpcf7-validates-as-number\" aria-required=\"true\" aria-invalid=\"false\" value=\"\" type=\"number\" name=\"your-plz\" \/><\/span> <\/label>\n<br>\n<label> E-Mail-Adresse<br>\n    <span class=\"wpcf7-form-control-wrap\" data-name=\"your-email\"><input size=\"40\" maxlength=\"400\" class=\"wpcf7-form-control wpcf7-email wpcf7-validates-as-required wpcf7-text wpcf7-validates-as-email\" aria-required=\"true\" aria-invalid=\"false\" value=\"\" type=\"email\" name=\"your-email\" \/><\/span> <\/label>\n<br>\n<label> Telefonnummer<br>\n    <span class=\"wpcf7-form-control-wrap\" data-name=\"Telefonnummer\"><input size=\"40\" maxlength=\"400\" class=\"wpcf7-form-control wpcf7-tel wpcf7-text wpcf7-validates-as-tel\" aria-invalid=\"false\" value=\"\" type=\"tel\" name=\"Telefonnummer\" \/><\/span> <\/label>\n<br>\n<label> Betreff<br>\n    <span class=\"wpcf7-form-control-wrap\" data-name=\"your-subject\"><input size=\"40\" maxlength=\"400\" class=\"wpcf7-form-control wpcf7-text wpcf7-validates-as-required\" aria-required=\"true\" aria-invalid=\"false\" value=\"\" type=\"text\" name=\"your-subject\" \/><\/span> <\/label>\n<br>\n<label> Ihre Nachricht (optional)<br>\n    <span class=\"wpcf7-form-control-wrap\" data-name=\"your-message\"><textarea cols=\"40\" rows=\"10\" maxlength=\"2000\" class=\"wpcf7-form-control wpcf7-textarea\" aria-invalid=\"false\" name=\"your-message\"><\/textarea><\/span> <\/label>\n<br>\n<input class=\"wpcf7-form-control wpcf7-submit has-spinner\" type=\"submit\" value=\"Senden\" \/><div class=\"wpcf7-response-output\" aria-hidden=\"true\"><\/div>\n<\/form>\n<\/div>\n\n<\/div>\n<\/div>\n","protected":false},"excerpt":{"rendered":"<p>LinMot entwickelt, baut und vertreibt hochwertige Linear- und Hubdreh-Motoren, Module und Systeme f\u00fcr den Einsatz in der industriellen Automatisierung aus einer Hand. Als internationales, innovatives Unternehmen sind wir stets ein kompetenter und zuverl\u00e4ssiger Partner. Unser erfahrenes Kundenberater-, Vertriebs- und Supportnetz erstreckt sich dabei auf \u00fcber 150 Standorten weltweit. Produkte und Dienstleistungen LinMot Linearmotoren im Einsatz<\/p>\n","protected":false},"author":9,"featured_media":0,"parent":0,"menu_order":32,"comment_status":"closed","ping_status":"closed","template":"","meta":{"_acf_changed":false,"footnotes":""},"class_list":["post-2904","page","type-page","status-publish","hentry"],"acf":[],"yoast_head":"<!-- This site is optimized with the Yoast SEO Premium plugin v20.9 (Yoast SEO v27.2) - https:\/\/yoast.com\/product\/yoast-seo-premium-wordpress\/ -->\n<title>LinMot &amp; MagSpring - Smart solutions are driven by LinMot<\/title>\n<meta name=\"description\" content=\"LinMot entwickelt, baut und vertreibt hochwertige Linear- und Hubdreh-Motoren, Module und Systeme f\u00fcr den Einsatz in der industriellen Automatisierung aus einer Hand.\" \/>\n<meta name=\"robots\" content=\"index, follow, max-snippet:-1, max-image-preview:large, max-video-preview:-1\" \/>\n<link rel=\"canonical\" href=\"https:\/\/linmot.com\/de\/linmot-magspring-smart-solutions-are-driven-by-linmot\/\" \/>\n<meta property=\"og:locale\" content=\"de_DE\" \/>\n<meta property=\"og:type\" content=\"article\" \/>\n<meta property=\"og:title\" content=\"LinMot &amp; MagSpring - Smart solutions are driven by LinMot\" \/>\n<meta property=\"og:description\" content=\"LinMot entwickelt, baut und vertreibt hochwertige Linear- und Hubdreh-Motoren, Module und Systeme f\u00fcr den Einsatz in der industriellen Automatisierung aus einer Hand.\" \/>\n<meta property=\"og:url\" content=\"https:\/\/linmot.com\/de\/linmot-magspring-smart-solutions-are-driven-by-linmot\/\" \/>\n<meta property=\"og:site_name\" content=\"LinMot &amp; MagSpring - Deutsch\" \/>\n<meta property=\"article:modified_time\" content=\"2023-05-15T13:43:17+00:00\" \/>\n<meta property=\"og:image\" content=\"https:\/\/linmot.com\/de\/wp-content\/uploads\/sites\/2\/2021\/05\/LinMot-Firmengebaeude.jpg\" \/>\n\t<meta property=\"og:image:width\" content=\"560\" \/>\n\t<meta property=\"og:image:height\" content=\"282\" \/>\n\t<meta property=\"og:image:type\" content=\"image\/jpeg\" \/>\n<meta name=\"twitter:card\" content=\"summary_large_image\" \/>\n<meta name=\"twitter:description\" content=\"LinMot entwickelt, baut und vertreibt hochwertige Linear- und Hubdreh-Motoren, Module und Systeme f\u00fcr den Einsatz in der industriellen Automatisierung aus einer Hand.\" \/>\n<meta name=\"twitter:label1\" content=\"Gesch\u00e4tzte Lesezeit\" \/>\n\t<meta name=\"twitter:data1\" content=\"3 Minuten\" \/>\n<script type=\"application\/ld+json\" class=\"yoast-schema-graph\">{\"@context\":\"https:\/\/schema.org\",\"@graph\":[{\"@type\":\"WebPage\",\"@id\":\"https:\/\/linmot.com\/de\/linmot-magspring-smart-solutions-are-driven-by-linmot\/\",\"url\":\"https:\/\/linmot.com\/de\/linmot-magspring-smart-solutions-are-driven-by-linmot\/\",\"name\":\"LinMot & MagSpring - Smart solutions are driven by LinMot\",\"isPartOf\":{\"@id\":\"https:\/\/linmot.com\/de\/#website\"},\"primaryImageOfPage\":{\"@id\":\"https:\/\/linmot.com\/de\/linmot-magspring-smart-solutions-are-driven-by-linmot\/#primaryimage\"},\"image\":{\"@id\":\"https:\/\/linmot.com\/de\/linmot-magspring-smart-solutions-are-driven-by-linmot\/#primaryimage\"},\"thumbnailUrl\":\"https:\/\/linmot.com\/de\/wp-content\/uploads\/sites\/2\/2021\/05\/Linearmotoren-Produkteuebersicht.jpg\",\"datePublished\":\"2022-02-28T13:34:42+00:00\",\"dateModified\":\"2023-05-15T13:43:17+00:00\",\"description\":\"LinMot entwickelt, baut und vertreibt hochwertige Linear- und Hubdreh-Motoren, Module und Systeme f\u00fcr den Einsatz in der industriellen Automatisierung aus einer Hand.\",\"breadcrumb\":{\"@id\":\"https:\/\/linmot.com\/de\/linmot-magspring-smart-solutions-are-driven-by-linmot\/#breadcrumb\"},\"inLanguage\":\"de\",\"potentialAction\":[{\"@type\":\"ReadAction\",\"target\":[\"https:\/\/linmot.com\/de\/linmot-magspring-smart-solutions-are-driven-by-linmot\/\"]}]},{\"@type\":\"ImageObject\",\"inLanguage\":\"de\",\"@id\":\"https:\/\/linmot.com\/de\/linmot-magspring-smart-solutions-are-driven-by-linmot\/#primaryimage\",\"url\":\"https:\/\/linmot.com\/de\/wp-content\/uploads\/sites\/2\/2021\/05\/Linearmotoren-Produkteuebersicht.jpg\",\"contentUrl\":\"https:\/\/linmot.com\/de\/wp-content\/uploads\/sites\/2\/2021\/05\/Linearmotoren-Produkteuebersicht.jpg\",\"width\":300,\"height\":199,\"caption\":\"Linearmotoren von LinMot\"},{\"@type\":\"BreadcrumbList\",\"@id\":\"https:\/\/linmot.com\/de\/linmot-magspring-smart-solutions-are-driven-by-linmot\/#breadcrumb\",\"itemListElement\":[{\"@type\":\"ListItem\",\"position\":1,\"name\":\"LinMot\",\"item\":\"https:\/\/linmot.com\/de\/\"},{\"@type\":\"ListItem\",\"position\":2,\"name\":\"LinMot &#038; MagSpring &#8211; Smart solutions are driven by LinMot\"}]},{\"@type\":\"WebSite\",\"@id\":\"https:\/\/linmot.com\/de\/#website\",\"url\":\"https:\/\/linmot.com\/de\/\",\"name\":\"LinMot & MagSpring - Industrielle Linearmotoren\",\"description\":\"Hochwertigen Linearmotoren und Linearmotorsystemen\",\"publisher\":{\"@id\":\"https:\/\/linmot.com\/de\/#organization\"},\"potentialAction\":[{\"@type\":\"SearchAction\",\"target\":{\"@type\":\"EntryPoint\",\"urlTemplate\":\"https:\/\/linmot.com\/de\/?s={search_term_string}\"},\"query-input\":{\"@type\":\"PropertyValueSpecification\",\"valueRequired\":true,\"valueName\":\"search_term_string\"}}],\"inLanguage\":\"de\"},{\"@type\":\"Organization\",\"@id\":\"https:\/\/linmot.com\/de\/#organization\",\"name\":\"NTI AG - LinMot & MagSpring\",\"url\":\"https:\/\/linmot.com\/de\/\",\"logo\":{\"@type\":\"ImageObject\",\"inLanguage\":\"de\",\"@id\":\"https:\/\/linmot.com\/de\/#\/schema\/logo\/image\/\",\"url\":\"https:\/\/linmot.com\/de\/wp-content\/uploads\/sites\/2\/2022\/01\/social-logo.jpg\",\"contentUrl\":\"https:\/\/linmot.com\/de\/wp-content\/uploads\/sites\/2\/2022\/01\/social-logo.jpg\",\"width\":800,\"height\":500,\"caption\":\"NTI AG - LinMot & MagSpring\"},\"image\":{\"@id\":\"https:\/\/linmot.com\/de\/#\/schema\/logo\/image\/\"},\"sameAs\":[\"https:\/\/www.linkedin.com\/company\/nti-ag-linmot-magspring\",\"https:\/\/www.youtube.com\/user\/LinMotEurope\",\"https:\/\/www.xing.com\/pages\/linmot-magspring\"]}]}<\/script>\n<!-- \/ Yoast SEO Premium plugin. -->","yoast_head_json":{"title":"LinMot & MagSpring - Smart solutions are driven by LinMot","description":"LinMot entwickelt, baut und vertreibt hochwertige Linear- und Hubdreh-Motoren, Module und Systeme f\u00fcr den Einsatz in der industriellen Automatisierung aus einer Hand.","robots":{"index":"index","follow":"follow","max-snippet":"max-snippet:-1","max-image-preview":"max-image-preview:large","max-video-preview":"max-video-preview:-1"},"canonical":"https:\/\/linmot.com\/de\/linmot-magspring-smart-solutions-are-driven-by-linmot\/","og_locale":"de_DE","og_type":"article","og_title":"LinMot & MagSpring - Smart solutions are driven by LinMot","og_description":"LinMot entwickelt, baut und vertreibt hochwertige Linear- und Hubdreh-Motoren, Module und Systeme f\u00fcr den Einsatz in der industriellen Automatisierung aus einer Hand.","og_url":"https:\/\/linmot.com\/de\/linmot-magspring-smart-solutions-are-driven-by-linmot\/","og_site_name":"LinMot &amp; MagSpring - Deutsch","article_modified_time":"2023-05-15T13:43:17+00:00","og_image":[{"width":560,"height":282,"url":"https:\/\/linmot.com\/de\/wp-content\/uploads\/sites\/2\/2021\/05\/LinMot-Firmengebaeude.jpg","type":"image\/jpeg"}],"twitter_card":"summary_large_image","twitter_description":"LinMot entwickelt, baut und vertreibt hochwertige Linear- und Hubdreh-Motoren, Module und Systeme f\u00fcr den Einsatz in der industriellen Automatisierung aus einer Hand.","twitter_misc":{"Gesch\u00e4tzte Lesezeit":"3 Minuten"},"schema":{"@context":"https:\/\/schema.org","@graph":[{"@type":"WebPage","@id":"https:\/\/linmot.com\/de\/linmot-magspring-smart-solutions-are-driven-by-linmot\/","url":"https:\/\/linmot.com\/de\/linmot-magspring-smart-solutions-are-driven-by-linmot\/","name":"LinMot & MagSpring - Smart solutions are driven by LinMot","isPartOf":{"@id":"https:\/\/linmot.com\/de\/#website"},"primaryImageOfPage":{"@id":"https:\/\/linmot.com\/de\/linmot-magspring-smart-solutions-are-driven-by-linmot\/#primaryimage"},"image":{"@id":"https:\/\/linmot.com\/de\/linmot-magspring-smart-solutions-are-driven-by-linmot\/#primaryimage"},"thumbnailUrl":"https:\/\/linmot.com\/de\/wp-content\/uploads\/sites\/2\/2021\/05\/Linearmotoren-Produkteuebersicht.jpg","datePublished":"2022-02-28T13:34:42+00:00","dateModified":"2023-05-15T13:43:17+00:00","description":"LinMot entwickelt, baut und vertreibt hochwertige Linear- und Hubdreh-Motoren, Module und Systeme f\u00fcr den Einsatz in der industriellen Automatisierung aus einer Hand.","breadcrumb":{"@id":"https:\/\/linmot.com\/de\/linmot-magspring-smart-solutions-are-driven-by-linmot\/#breadcrumb"},"inLanguage":"de","potentialAction":[{"@type":"ReadAction","target":["https:\/\/linmot.com\/de\/linmot-magspring-smart-solutions-are-driven-by-linmot\/"]}]},{"@type":"ImageObject","inLanguage":"de","@id":"https:\/\/linmot.com\/de\/linmot-magspring-smart-solutions-are-driven-by-linmot\/#primaryimage","url":"https:\/\/linmot.com\/de\/wp-content\/uploads\/sites\/2\/2021\/05\/Linearmotoren-Produkteuebersicht.jpg","contentUrl":"https:\/\/linmot.com\/de\/wp-content\/uploads\/sites\/2\/2021\/05\/Linearmotoren-Produkteuebersicht.jpg","width":300,"height":199,"caption":"Linearmotoren von LinMot"},{"@type":"BreadcrumbList","@id":"https:\/\/linmot.com\/de\/linmot-magspring-smart-solutions-are-driven-by-linmot\/#breadcrumb","itemListElement":[{"@type":"ListItem","position":1,"name":"LinMot","item":"https:\/\/linmot.com\/de\/"},{"@type":"ListItem","position":2,"name":"LinMot &#038; MagSpring &#8211; Smart solutions are driven by LinMot"}]},{"@type":"WebSite","@id":"https:\/\/linmot.com\/de\/#website","url":"https:\/\/linmot.com\/de\/","name":"LinMot & MagSpring - Industrielle Linearmotoren","description":"Hochwertigen Linearmotoren und Linearmotorsystemen","publisher":{"@id":"https:\/\/linmot.com\/de\/#organization"},"potentialAction":[{"@type":"SearchAction","target":{"@type":"EntryPoint","urlTemplate":"https:\/\/linmot.com\/de\/?s={search_term_string}"},"query-input":{"@type":"PropertyValueSpecification","valueRequired":true,"valueName":"search_term_string"}}],"inLanguage":"de"},{"@type":"Organization","@id":"https:\/\/linmot.com\/de\/#organization","name":"NTI AG - LinMot & MagSpring","url":"https:\/\/linmot.com\/de\/","logo":{"@type":"ImageObject","inLanguage":"de","@id":"https:\/\/linmot.com\/de\/#\/schema\/logo\/image\/","url":"https:\/\/linmot.com\/de\/wp-content\/uploads\/sites\/2\/2022\/01\/social-logo.jpg","contentUrl":"https:\/\/linmot.com\/de\/wp-content\/uploads\/sites\/2\/2022\/01\/social-logo.jpg","width":800,"height":500,"caption":"NTI AG - LinMot & MagSpring"},"image":{"@id":"https:\/\/linmot.com\/de\/#\/schema\/logo\/image\/"},"sameAs":["https:\/\/www.linkedin.com\/company\/nti-ag-linmot-magspring","https:\/\/www.youtube.com\/user\/LinMotEurope","https:\/\/www.xing.com\/pages\/linmot-magspring"]}]}},"_links":{"self":[{"href":"https:\/\/linmot.com\/de\/wp-json\/wp\/v2\/pages\/2904","targetHints":{"allow":["GET"]}}],"collection":[{"href":"https:\/\/linmot.com\/de\/wp-json\/wp\/v2\/pages"}],"about":[{"href":"https:\/\/linmot.com\/de\/wp-json\/wp\/v2\/types\/page"}],"author":[{"embeddable":true,"href":"https:\/\/linmot.com\/de\/wp-json\/wp\/v2\/users\/9"}],"replies":[{"embeddable":true,"href":"https:\/\/linmot.com\/de\/wp-json\/wp\/v2\/comments?post=2904"}],"version-history":[{"count":24,"href":"https:\/\/linmot.com\/de\/wp-json\/wp\/v2\/pages\/2904\/revisions"}],"predecessor-version":[{"id":4311,"href":"https:\/\/linmot.com\/de\/wp-json\/wp\/v2\/pages\/2904\/revisions\/4311"}],"wp:attachment":[{"href":"https:\/\/linmot.com\/de\/wp-json\/wp\/v2\/media?parent=2904"}],"curies":[{"name":"wp","href":"https:\/\/api.w.org\/{rel}","templated":true}]}}