{"id":2850,"date":"2022-02-23T14:28:39","date_gmt":"2022-02-23T13:28:39","guid":{"rendered":"https:\/\/linmot.com\/de\/?page_id=2850"},"modified":"2024-08-28T15:02:52","modified_gmt":"2024-08-28T13:02:52","slug":"linearmotoren-p10","status":"publish","type":"page","link":"https:\/\/linmot.com\/de\/produkte\/linearmotoren\/linearmotoren-p10\/","title":{"rendered":"Linearmotoren P10 &#8211; 3x400VAC"},"content":{"rendered":"<p align=\"justify\"><strong>Die leistungsst\u00e4rksten LinMot-Motoren f\u00fcr dynamische Linear-Bewegungen. Sie verwenden eine 3x400VAC-Technologie, die es erlaubt, die Motoren einfach in die Maschine zu integrieren und als Komponente effektiver zu nutzen. Die P10-Serie wurde bewusst mit Standard-Encodern und Temperatursignalen ausgestattet, die von fast allen Fremdantrieben gelesen werden k\u00f6nnen.<\/strong><\/p>\n<hr \/>\n<div class=\"row\">\n<div class=\"col-sm-2\">\n<p><a class=\"button\" href=\"#details\">1. Details<\/a><\/p>\n<\/div>\n<div class=\"col-sm-1\">\n<\/div>\n<div class=\"col-sm-2\">\n<p><a class=\"button\" href=\"#anwendung\">2. Anwendung<\/a><\/p>\n<\/div>\n<div class=\"col-sm-1\">\n<\/div>\n<div class=\"col-sm-2\">\n<p><a class=\"button\" href=\"#kontakt\">3. Kontakt<\/a><\/p>\n<\/div>\n<\/div>\n<hr \/>\n<h3 id=\"details\">1. Details<\/h3>\n<img loading=\"lazy\" decoding=\"async\" class=\"aligncenter size-full wp-image-2868\" src=\"https:\/\/linmot.com\/de\/wp-content\/uploads\/sites\/2\/2022\/02\/LinMot_Linearmotoren_P10.jpg\" alt=\"\" width=\"737\" height=\"429\" srcset=\"https:\/\/linmot.com\/de\/wp-content\/uploads\/sites\/2\/2022\/02\/LinMot_Linearmotoren_P10.jpg 737w, https:\/\/linmot.com\/de\/wp-content\/uploads\/sites\/2\/2022\/02\/LinMot_Linearmotoren_P10-300x175.jpg 300w\" sizes=\"auto, (max-width: 737px) 100vw, 737px\" \/>\n<p>&nbsp;<\/p>\n<div class=\"row\">\n<div class=\"col-sm-4\">\n<ul>\n<li>Die leistungsst\u00e4rksten und dynamischsten LinMot Motoren<\/li>\n<li>1x230VAC und 3 x 400VAC Technik<\/li>\n<\/ul>\n<\/div>\n<div class=\"col-sm-4\">\n<ul>\n<li>Motoren welche \u00fcber Servo-Drives von Drittanbietern angesteuert werden k\u00f6nnen<\/li>\n<li>Lange Lebensdauer<\/li>\n<\/ul>\n<\/div>\n<div class=\"col-sm-4\">\n<ul>\n<li>Einfache Inbetriebnahme<\/li>\n<li>CE\/RoHS\/UL-zertifiziert<\/li>\n<\/ul>\n<\/div>\n<\/div>\n<hr \/>\n<h3>Realisierte Projekte mit LinMot 3x400VAC Linearmotoren und Drives von:<\/h3>\n<div class=\"row download\">\n<div class=\"col-md-3\">\n<ul>\n<li>AMK<\/li>\n<li>B&amp;R<\/li>\n<li>Beckhoff<\/li>\n<li>Control Techniques<\/li>\n<li>Danfoss<\/li>\n<li>KEB<\/li>\n<\/ul>\n<\/div>\n<div class=\"col-md-3\">\n<ul>\n<li>JBG Elektronik<\/li>\n<li>Kollmorgen<\/li>\n<li>pilz<\/li>\n<li>Lenze<\/li>\n<li>KEBA<\/li>\n<li>Mitsubishi Electric<\/li>\n<\/ul>\n<\/div>\n<div class=\"col-md-3\">\n<ul>\n<li>Panasonic<\/li>\n<li>rexroth<\/li>\n<li>Robox motion control<\/li>\n<li>SEW Eurodrive<\/li>\n<li>Rockwell Automation<\/li>\n<\/ul>\n<\/div>\n<div class=\"col-md-3\">\n<ul>\n<li>Schneider Electric<\/li>\n<li>Siemens<\/li>\n<li>Sigmatek<\/li>\n<li>Yaskawa<\/li>\n<li>Lust LTi<\/li>\n<\/ul>\n<\/div>\n<\/div>\n<hr \/>\n<h3 id=\"p10-54\">P10-54 Motoren<\/h3>\n<div class=\"row\">\n<div class=\"col-sm-7\">\n<p><strong>Kraftpakete<\/strong><\/p>\n<ul>\n<li>230VAC und 3 x 400VAC Technologie<\/li>\n<li>Drehbarer Push-Pull TWIN-Stecker f\u00fcr Leistungs- und Encoderkabel<\/li>\n<li>1-teiliger Klemmflansch<\/li>\n<li>Kann auch mit Standard-Servoantrieben von Dritthersteller angesteuert werden<\/li>\n<\/ul>\n<img loading=\"lazy\" decoding=\"async\" class=\"size-full wp-image-2869\" src=\"https:\/\/linmot.com\/de\/wp-content\/uploads\/sites\/2\/2022\/02\/linmot-p10-54-motoren_tabelle.jpg\" alt=\"\" width=\"215\" height=\"192\" \/>\n<p><a class=\"btn btn-active\" href=\"https:\/\/shop.linmot.com\/D\/linearmotoren\/linearmotoren-p10-54.htm\" target=\"_blank\" rel=\"noopener noreferrer\">Zu den Details im e-Katalog<\/a><\/p>\n<\/div>\n<div class=\"col-sm-5\">\n<img loading=\"lazy\" decoding=\"async\" class=\"alignnone size-full wp-image-2805\" src=\"https:\/\/linmot.com\/wp-content\/uploads\/2022\/02\/LinMot_P10-54-Motors.jpg\" alt=\"\" width=\"220\" height=\"257\" \/>\n<\/div>\n<\/div>\n<hr \/>\n<h3 id=\"p10-70\">P10-70 Motoren<\/h3>\n<div class=\"row\">\n<div class=\"col-sm-7\">\n<p><strong>Hochleistung<\/strong><\/p>\n<ul>\n<li>3 x 400VAC-Technik<\/li>\n<li>Extrem hohe Beschleunigungen<\/li>\n<li>Separater Anschluss f\u00fcr Sensor- und Stromkabel<\/li>\n<li>Kann auch von Standard-Servoantrieben anderer Hersteller gesteuert werden<\/li>\n<\/ul>\n<img loading=\"lazy\" decoding=\"async\" class=\"size-full wp-image-2870\" src=\"https:\/\/linmot.com\/de\/wp-content\/uploads\/sites\/2\/2022\/02\/linmot-p10-70-motoren_tabelle.jpg\" alt=\"\" width=\"215\" height=\"192\" \/>\n<p><a class=\"btn btn-active\" href=\"https:\/\/shop.linmot.com\/D\/linearmotoren.htm\" target=\"_blank\" rel=\"noopener noreferrer\">Zu den Details im e-Katalog<\/a><\/p>\n<\/div>\n<div class=\"col-sm-5\">\n<img loading=\"lazy\" decoding=\"async\" class=\"alignnone size-full wp-image-2806\" src=\"https:\/\/linmot.com\/wp-content\/uploads\/2022\/02\/LinMot_P10-70-Motors.jpg\" alt=\"\" width=\"383\" height=\"498\" \/>\n<\/div>\n<\/div>\n<hr \/>\n<h3 id=\"anwendung\">2. Anwendung<\/h3>\n<div class=\"row download\">\n<div class=\"col-md-3\">\n<h4 class=\"download-title\">Formvollendete Antriebstechnik<\/h4>\n<p class=\"bodytext\" align=\"justify\">Seitdem die Chocolat Frey AG j\u00fcngst die Produktion ihrer stark nachgefragten Napolitains erweiterte, profitiert jetzt auch der gr\u00f6\u00dfte Schweizer Schokoladenhersteller von den Vorteilen der fortschrittlichen Technik und stellt unterschiedlichste Sorten seiner kleinen Schokoladent\u00e4felchen mit noch h\u00f6herer Qualit\u00e4t, Prozesssicherheit und Produktivit\u00e4t her.<\/p>\n<p><a class=\"button\" href=\"\/de\/blog\/formvollendete-antriebstechnik\/\">Zum Artikel<\/a><br \/>\n<\/div>\n<div class=\"col-md-2\">\n<img loading=\"lazy\" decoding=\"async\" class=\"alignnone wp-image-3295 size-full aligncenter\" src=\"https:\/\/linmot.com\/de\/wp-content\/uploads\/sites\/2\/2022\/04\/ultimate-drive-technology.jpg\" alt=\"\" width=\"220\" height=\"220\" srcset=\"https:\/\/linmot.com\/de\/wp-content\/uploads\/sites\/2\/2022\/04\/ultimate-drive-technology.jpg 220w, https:\/\/linmot.com\/de\/wp-content\/uploads\/sites\/2\/2022\/04\/ultimate-drive-technology-150x150.jpg 150w\" sizes=\"auto, (max-width: 220px) 100vw, 220px\" \/><br \/>\n<\/div>\n<div class=\"col-md-2\">\n<\/div>\n<div class=\"col-md-3\">\n<h4 class=\"download-title\">Der Kampf gegen Medikamentenf\u00e4lschung<\/h4>\n<p class=\"bodytext\" align=\"justify\">75 Milliarden US-Dollar pro Jahr. Dies sei laut Weltgesundheitsorganisation WHO der gesch\u00e4tzte Marktwert global gef\u00e4lschter Arzneimittel. Ein unhaltbarer pharmapolitischer Status quo. Mit \u00fcber 6 Milliarden prozessierten Produkten pro Jahr und mit der f\u00fchrenden Technologie der Linearantriebe von LinMot, bilden die einzigartigen Codierungsmaschinen von Hicof die Speerspitze der Initiative in F\u00e4lschungssicherheit.<\/p>\n<p><a class=\"button\" href=\"\/de\/blog\/der-kampf-gegen-medikamentenfaelschung-driven-by-linmot\/\">Zum Artikel<\/a><br \/>\n<\/div>\n<div class=\"col-md-2\">\n<img loading=\"lazy\" decoding=\"async\" class=\"aligncenter size-full wp-image-4070\" src=\"https:\/\/linmot.com\/de\/wp-content\/uploads\/sites\/2\/2023\/02\/vorschau-kampf-medikamentenfaelschung.jpg\" alt=\"\" width=\"220\" height=\"220\" srcset=\"https:\/\/linmot.com\/de\/wp-content\/uploads\/sites\/2\/2023\/02\/vorschau-kampf-medikamentenfaelschung.jpg 220w, https:\/\/linmot.com\/de\/wp-content\/uploads\/sites\/2\/2023\/02\/vorschau-kampf-medikamentenfaelschung-150x150.jpg 150w\" sizes=\"auto, (max-width: 220px) 100vw, 220px\" \/><br \/>\n<\/div>\n<\/div>\n<div class=\"row download\">\n<div class=\"col-md-3\">\n<h4 class=\"download-title\">Die F\u00fcll- und Verschliessmaschinen der Zellwag AG<\/h4>\n<p class=\"bodytext\" align=\"justify\">Dynamik in der Abf\u00fcll- und Verschliessmaschinenindustrie. Bereits seit 2002 vertraut die Zellwag AG bei der Realisierung ihrer vollautomatischen F\u00fcll- und Verschliessmaschinen f\u00fcr pharmazeutische und kosmetische Produkte auf Linearmotoren.<\/p>\n<p><a class=\"button\" href=\"\/de\/blog\/zu-den-sternen-und-weiter\/\">Zum Artikel<\/a><br \/>\n<\/div>\n<div class=\"col-md-2\">\n<img loading=\"lazy\" decoding=\"async\" class=\"alignnone wp-image-3297 size-full aligncenter\" src=\"https:\/\/linmot.com\/de\/wp-content\/uploads\/sites\/2\/2022\/04\/zellwag-fuell-und-verschliessmaschinen.jpg\" alt=\"\" width=\"220\" height=\"220\" srcset=\"https:\/\/linmot.com\/de\/wp-content\/uploads\/sites\/2\/2022\/04\/zellwag-fuell-und-verschliessmaschinen.jpg 220w, https:\/\/linmot.com\/de\/wp-content\/uploads\/sites\/2\/2022\/04\/zellwag-fuell-und-verschliessmaschinen-150x150.jpg 150w\" sizes=\"auto, (max-width: 220px) 100vw, 220px\" \/><br \/>\n<\/div>\n<div class=\"col-md-2\">\n<\/div>\n<div class=\"col-md-3\">\n<h4 class=\"download-title\">Mit LinMot auf die Tube dr\u00fccken<\/h4>\n<p class=\"bodytext\" align=\"justify\">LinMot Linearmotoren eignen sich unter anderem besonders f\u00fcr den Einsatz im Pharma-Reinraum und weisen deshalb auch ein entsprechendes Zertifikat auf. Sie sind abriebsarm, erfordern nur in gro\u00dfen Zeitabst\u00e4nden eine Wartung und lassen sich einfach reinigen. Aber nicht nur deshalb sind sie f\u00fcr den renommierten Schweizer Prim\u00e4rverpackungshersteller Hoffmann Neopac AG unverzichtbarer Bestandteil moderner Pharma-Produktionsanlagen.<\/p>\n<p><a class=\"button\" href=\"\/de\/blog\/mit-linmot-auf-die-tube-druecken\/\">Zum Artikel<\/a><br \/>\n<\/div>\n<div class=\"col-md-2\">\n<img loading=\"lazy\" decoding=\"async\" class=\"aligncenter size-full wp-image-4071\" src=\"https:\/\/linmot.com\/de\/wp-content\/uploads\/sites\/2\/2023\/02\/vorschau-tube-druecken.jpg\" alt=\"\" width=\"220\" height=\"220\" srcset=\"https:\/\/linmot.com\/de\/wp-content\/uploads\/sites\/2\/2023\/02\/vorschau-tube-druecken.jpg 220w, https:\/\/linmot.com\/de\/wp-content\/uploads\/sites\/2\/2023\/02\/vorschau-tube-druecken-150x150.jpg 150w\" sizes=\"auto, (max-width: 220px) 100vw, 220px\" \/><br \/>\n<\/div>\n<\/div>\n<h3 id=\"kontakt\">3. Kontakt<\/h3>\n<div class=\"row download\">\n<div class=\"col-md-6\">\n<h4 class=\"download-title\">Fragen zu den Linearmotoren?<\/h4>\n<p class=\"bodytext\">Wir stehen Ihnen f\u00fcr Fragen rund um die Linearmotoren gerne zur Verf\u00fcgung.<br \/>\nMelden Sie sich hierf\u00fcr \u00fcber das folgende Formular bei uns oder rufen Sie uns an unter:<\/p>\n<p class=\"bodytext\">Tel: +49 (0)201 858940 0<\/p>\n<p class=\"bodytext\">Das LinMot-Team<\/p>\n<\/div>\n<div class=\"col-md-1\">\n<\/div>\n<div class=\"col-md-5\">\n\n<div class=\"wpcf7 no-js\" id=\"wpcf7-f1617-o1\" lang=\"de-DE\" dir=\"ltr\" data-wpcf7-id=\"1617\">\n<div class=\"screen-reader-response\"><p role=\"status\" aria-live=\"polite\" aria-atomic=\"true\"><\/p> <ul><\/ul><\/div>\n<form action=\"\/de\/wp-json\/wp\/v2\/pages\/2850#wpcf7-f1617-o1\" method=\"post\" class=\"wpcf7-form init\" aria-label=\"Kontaktformular\" novalidate=\"novalidate\" data-status=\"init\">\n<fieldset class=\"hidden-fields-container\"><input type=\"hidden\" name=\"_wpcf7\" value=\"1617\" \/><input type=\"hidden\" name=\"_wpcf7_version\" value=\"6.1.5\" \/><input type=\"hidden\" name=\"_wpcf7_locale\" value=\"de_DE\" \/><input type=\"hidden\" name=\"_wpcf7_unit_tag\" value=\"wpcf7-f1617-o1\" \/><input type=\"hidden\" name=\"_wpcf7_container_post\" value=\"0\" \/><input type=\"hidden\" name=\"_wpcf7_posted_data_hash\" value=\"\" \/><input type=\"hidden\" name=\"_wpcf7_recaptcha_response\" value=\"\" \/>\n<\/fieldset>\n<label> Ihr Name<br>\n    <span class=\"wpcf7-form-control-wrap\" data-name=\"your-name\"><input size=\"40\" maxlength=\"400\" class=\"wpcf7-form-control wpcf7-text wpcf7-validates-as-required\" aria-required=\"true\" aria-invalid=\"false\" value=\"\" type=\"text\" name=\"your-name\" \/><\/span> <\/label>\n<br>\n<label> Ihre Firma<br>\n    <span class=\"wpcf7-form-control-wrap\" data-name=\"your-company\"><input size=\"40\" maxlength=\"400\" class=\"wpcf7-form-control wpcf7-text wpcf7-validates-as-required\" aria-required=\"true\" aria-invalid=\"false\" value=\"\" type=\"text\" name=\"your-company\" \/><\/span> <\/label>\n<br>\n<label> Postleitzahl<br>\n    <span class=\"wpcf7-form-control-wrap\" data-name=\"your-plz\"><input class=\"wpcf7-form-control wpcf7-number wpcf7-validates-as-required wpcf7-validates-as-number\" aria-required=\"true\" aria-invalid=\"false\" value=\"\" type=\"number\" name=\"your-plz\" \/><\/span> <\/label>\n<br>\n<label> Land<br>\n    <span class=\"wpcf7-form-control-wrap\" data-name=\"your-country\"><input size=\"40\" maxlength=\"400\" class=\"wpcf7-form-control wpcf7-text wpcf7-validates-as-required\" aria-required=\"true\" aria-invalid=\"false\" value=\"\" type=\"text\" name=\"your-country\" \/><\/span> <\/label>\n<br>\n<label> Telefonnummer<br>\n    <span class=\"wpcf7-form-control-wrap\" data-name=\"your-telephone\"><input size=\"40\" maxlength=\"400\" class=\"wpcf7-form-control wpcf7-tel wpcf7-text wpcf7-validates-as-tel\" aria-invalid=\"false\" value=\"\" type=\"tel\" name=\"your-telephone\" \/><\/span> <\/label>\n<br>\n<label> E-Mail-Adresse<br>\n    <span class=\"wpcf7-form-control-wrap\" data-name=\"your-email\"><input size=\"40\" maxlength=\"400\" class=\"wpcf7-form-control wpcf7-email wpcf7-validates-as-required wpcf7-text wpcf7-validates-as-email\" aria-required=\"true\" aria-invalid=\"false\" value=\"\" type=\"email\" name=\"your-email\" \/><\/span> <\/label>\n<br>\n<label> Ihre Frage<br>\n    <span class=\"wpcf7-form-control-wrap\" data-name=\"your-message\"><textarea cols=\"40\" rows=\"10\" maxlength=\"2000\" class=\"wpcf7-form-control wpcf7-textarea\" aria-invalid=\"false\" name=\"your-message\"><\/textarea><\/span> <\/label>\n<br>\n<input class=\"wpcf7-form-control wpcf7-submit has-spinner\" type=\"submit\" value=\"Senden\" \/><div class=\"wpcf7-response-output\" aria-hidden=\"true\"><\/div>\n<\/form>\n<\/div>\n\n<\/div>\n<\/div>\n","protected":false},"excerpt":{"rendered":"<p>Die leistungsst\u00e4rksten LinMot-Motoren f\u00fcr dynamische Linear-Bewegungen. Sie verwenden eine 3x400VAC-Technologie, die es erlaubt, die Motoren einfach in die Maschine zu integrieren und als Komponente effektiver zu nutzen. Die P10-Serie wurde bewusst mit Standard-Encodern und Temperatursignalen ausgestattet, die von fast allen Fremdantrieben gelesen werden k\u00f6nnen. 1. Details &nbsp; Realisierte Projekte mit LinMot 3x400VAC Linearmotoren und Drives [&hellip;]<\/p>\n","protected":false},"author":9,"featured_media":0,"parent":38,"menu_order":52,"comment_status":"closed","ping_status":"closed","template":"","meta":{"_acf_changed":false,"footnotes":""},"class_list":["post-2850","page","type-page","status-publish","hentry"],"acf":[],"yoast_head":"<!-- This site is optimized with the Yoast SEO Premium plugin v20.9 (Yoast SEO v27.2) - https:\/\/yoast.com\/product\/yoast-seo-premium-wordpress\/ -->\n<title>Linearmotoren P10 - 3x400VAC | Linear Motion Technology Leader<\/title>\n<meta name=\"description\" content=\"Die P10-Serie wurde bewusst mit Standard-Encodern und Temperatursignalen ausgestattet, die von fast allen Fremdantrieben gelesen werden k\u00f6nnen.\" \/>\n<meta name=\"robots\" content=\"index, follow, max-snippet:-1, max-image-preview:large, max-video-preview:-1\" \/>\n<link rel=\"canonical\" href=\"https:\/\/linmot.com\/de\/produkte\/linearmotoren\/linearmotoren-p10\/\" \/>\n<meta property=\"og:locale\" content=\"de_DE\" \/>\n<meta property=\"og:type\" content=\"article\" \/>\n<meta property=\"og:title\" content=\"Linearmotoren P10 - 3x400VAC | Linear Motion Technology Leader\" \/>\n<meta property=\"og:description\" content=\"Die P10-Serie wurde bewusst mit Standard-Encodern und Temperatursignalen ausgestattet, die von fast allen Fremdantrieben gelesen werden k\u00f6nnen.\" \/>\n<meta property=\"og:url\" content=\"https:\/\/linmot.com\/de\/produkte\/linearmotoren\/linearmotoren-p10\/\" \/>\n<meta property=\"og:site_name\" content=\"LinMot &amp; MagSpring - Deutsch\" \/>\n<meta property=\"article:modified_time\" content=\"2024-08-28T13:02:52+00:00\" \/>\n<meta property=\"og:image\" content=\"https:\/\/linmot.com\/de\/wp-content\/uploads\/sites\/2\/2022\/02\/LinMot_Linearmotoren_P10.jpg\" \/>\n<meta name=\"twitter:card\" content=\"summary_large_image\" \/>\n<meta name=\"twitter:title\" content=\"Linearmotoren P10 - 3x400VAC | Linear Motion Technology Leader\" \/>\n<meta name=\"twitter:description\" content=\"Die P10-Serie wurde bewusst mit Standard-Encodern und Temperatursignalen ausgestattet, die von fast allen Fremdantrieben gelesen werden k\u00f6nnen.\" \/>\n<meta name=\"twitter:label1\" content=\"Gesch\u00e4tzte Lesezeit\" \/>\n\t<meta name=\"twitter:data1\" content=\"5 Minuten\" \/>\n<script type=\"application\/ld+json\" class=\"yoast-schema-graph\">{\"@context\":\"https:\/\/schema.org\",\"@graph\":[{\"@type\":\"WebPage\",\"@id\":\"https:\/\/linmot.com\/de\/produkte\/linearmotoren\/linearmotoren-p10\/\",\"url\":\"https:\/\/linmot.com\/de\/produkte\/linearmotoren\/linearmotoren-p10\/\",\"name\":\"Linearmotoren P10 - 3x400VAC | Linear Motion Technology Leader\",\"isPartOf\":{\"@id\":\"https:\/\/linmot.com\/de\/#website\"},\"primaryImageOfPage\":{\"@id\":\"https:\/\/linmot.com\/de\/produkte\/linearmotoren\/linearmotoren-p10\/#primaryimage\"},\"image\":{\"@id\":\"https:\/\/linmot.com\/de\/produkte\/linearmotoren\/linearmotoren-p10\/#primaryimage\"},\"thumbnailUrl\":\"https:\/\/linmot.com\/de\/wp-content\/uploads\/sites\/2\/2022\/02\/LinMot_Linearmotoren_P10.jpg\",\"datePublished\":\"2022-02-23T13:28:39+00:00\",\"dateModified\":\"2024-08-28T13:02:52+00:00\",\"description\":\"Die P10-Serie wurde bewusst mit Standard-Encodern und Temperatursignalen ausgestattet, die von fast allen Fremdantrieben gelesen werden k\u00f6nnen.\",\"breadcrumb\":{\"@id\":\"https:\/\/linmot.com\/de\/produkte\/linearmotoren\/linearmotoren-p10\/#breadcrumb\"},\"inLanguage\":\"de\",\"potentialAction\":[{\"@type\":\"ReadAction\",\"target\":[\"https:\/\/linmot.com\/de\/produkte\/linearmotoren\/linearmotoren-p10\/\"]}]},{\"@type\":\"ImageObject\",\"inLanguage\":\"de\",\"@id\":\"https:\/\/linmot.com\/de\/produkte\/linearmotoren\/linearmotoren-p10\/#primaryimage\",\"url\":\"https:\/\/linmot.com\/de\/wp-content\/uploads\/sites\/2\/2022\/02\/LinMot_Linearmotoren_P10.jpg\",\"contentUrl\":\"https:\/\/linmot.com\/de\/wp-content\/uploads\/sites\/2\/2022\/02\/LinMot_Linearmotoren_P10.jpg\",\"width\":737,\"height\":429,\"caption\":\"LinMot Linearmotor P10 Aufbau\"},{\"@type\":\"BreadcrumbList\",\"@id\":\"https:\/\/linmot.com\/de\/produkte\/linearmotoren\/linearmotoren-p10\/#breadcrumb\",\"itemListElement\":[{\"@type\":\"ListItem\",\"position\":1,\"name\":\"LinMot\",\"item\":\"https:\/\/linmot.com\/de\/\"},{\"@type\":\"ListItem\",\"position\":2,\"name\":\"Produkte\",\"item\":\"https:\/\/linmot.com\/de\/produkte\/\"},{\"@type\":\"ListItem\",\"position\":3,\"name\":\"Linearmotoren\",\"item\":\"https:\/\/linmot.com\/de\/produkte\/linearmotoren\/\"},{\"@type\":\"ListItem\",\"position\":4,\"name\":\"Linearmotoren P10 &#8211; 3x400VAC\"}]},{\"@type\":\"WebSite\",\"@id\":\"https:\/\/linmot.com\/de\/#website\",\"url\":\"https:\/\/linmot.com\/de\/\",\"name\":\"LinMot & MagSpring - Industrielle Linearmotoren\",\"description\":\"Hochwertigen Linearmotoren und Linearmotorsystemen\",\"publisher\":{\"@id\":\"https:\/\/linmot.com\/de\/#organization\"},\"potentialAction\":[{\"@type\":\"SearchAction\",\"target\":{\"@type\":\"EntryPoint\",\"urlTemplate\":\"https:\/\/linmot.com\/de\/?s={search_term_string}\"},\"query-input\":{\"@type\":\"PropertyValueSpecification\",\"valueRequired\":true,\"valueName\":\"search_term_string\"}}],\"inLanguage\":\"de\"},{\"@type\":\"Organization\",\"@id\":\"https:\/\/linmot.com\/de\/#organization\",\"name\":\"NTI AG - LinMot & MagSpring\",\"url\":\"https:\/\/linmot.com\/de\/\",\"logo\":{\"@type\":\"ImageObject\",\"inLanguage\":\"de\",\"@id\":\"https:\/\/linmot.com\/de\/#\/schema\/logo\/image\/\",\"url\":\"https:\/\/linmot.com\/de\/wp-content\/uploads\/sites\/2\/2022\/01\/social-logo.jpg\",\"contentUrl\":\"https:\/\/linmot.com\/de\/wp-content\/uploads\/sites\/2\/2022\/01\/social-logo.jpg\",\"width\":800,\"height\":500,\"caption\":\"NTI AG - LinMot & MagSpring\"},\"image\":{\"@id\":\"https:\/\/linmot.com\/de\/#\/schema\/logo\/image\/\"},\"sameAs\":[\"https:\/\/www.linkedin.com\/company\/nti-ag-linmot-magspring\",\"https:\/\/www.youtube.com\/user\/LinMotEurope\",\"https:\/\/www.xing.com\/pages\/linmot-magspring\"]}]}<\/script>\n<!-- \/ Yoast SEO Premium plugin. -->","yoast_head_json":{"title":"Linearmotoren P10 - 3x400VAC | Linear Motion Technology Leader","description":"Die P10-Serie wurde bewusst mit Standard-Encodern und Temperatursignalen ausgestattet, die von fast allen Fremdantrieben gelesen werden k\u00f6nnen.","robots":{"index":"index","follow":"follow","max-snippet":"max-snippet:-1","max-image-preview":"max-image-preview:large","max-video-preview":"max-video-preview:-1"},"canonical":"https:\/\/linmot.com\/de\/produkte\/linearmotoren\/linearmotoren-p10\/","og_locale":"de_DE","og_type":"article","og_title":"Linearmotoren P10 - 3x400VAC | Linear Motion Technology Leader","og_description":"Die P10-Serie wurde bewusst mit Standard-Encodern und Temperatursignalen ausgestattet, die von fast allen Fremdantrieben gelesen werden k\u00f6nnen.","og_url":"https:\/\/linmot.com\/de\/produkte\/linearmotoren\/linearmotoren-p10\/","og_site_name":"LinMot &amp; MagSpring - Deutsch","article_modified_time":"2024-08-28T13:02:52+00:00","og_image":[{"url":"https:\/\/linmot.com\/de\/wp-content\/uploads\/sites\/2\/2022\/02\/LinMot_Linearmotoren_P10.jpg","type":"","width":"","height":""}],"twitter_card":"summary_large_image","twitter_title":"Linearmotoren P10 - 3x400VAC | Linear Motion Technology Leader","twitter_description":"Die P10-Serie wurde bewusst mit Standard-Encodern und Temperatursignalen ausgestattet, die von fast allen Fremdantrieben gelesen werden k\u00f6nnen.","twitter_misc":{"Gesch\u00e4tzte Lesezeit":"5 Minuten"},"schema":{"@context":"https:\/\/schema.org","@graph":[{"@type":"WebPage","@id":"https:\/\/linmot.com\/de\/produkte\/linearmotoren\/linearmotoren-p10\/","url":"https:\/\/linmot.com\/de\/produkte\/linearmotoren\/linearmotoren-p10\/","name":"Linearmotoren P10 - 3x400VAC | Linear Motion Technology Leader","isPartOf":{"@id":"https:\/\/linmot.com\/de\/#website"},"primaryImageOfPage":{"@id":"https:\/\/linmot.com\/de\/produkte\/linearmotoren\/linearmotoren-p10\/#primaryimage"},"image":{"@id":"https:\/\/linmot.com\/de\/produkte\/linearmotoren\/linearmotoren-p10\/#primaryimage"},"thumbnailUrl":"https:\/\/linmot.com\/de\/wp-content\/uploads\/sites\/2\/2022\/02\/LinMot_Linearmotoren_P10.jpg","datePublished":"2022-02-23T13:28:39+00:00","dateModified":"2024-08-28T13:02:52+00:00","description":"Die P10-Serie wurde bewusst mit Standard-Encodern und Temperatursignalen ausgestattet, die von fast allen Fremdantrieben gelesen werden k\u00f6nnen.","breadcrumb":{"@id":"https:\/\/linmot.com\/de\/produkte\/linearmotoren\/linearmotoren-p10\/#breadcrumb"},"inLanguage":"de","potentialAction":[{"@type":"ReadAction","target":["https:\/\/linmot.com\/de\/produkte\/linearmotoren\/linearmotoren-p10\/"]}]},{"@type":"ImageObject","inLanguage":"de","@id":"https:\/\/linmot.com\/de\/produkte\/linearmotoren\/linearmotoren-p10\/#primaryimage","url":"https:\/\/linmot.com\/de\/wp-content\/uploads\/sites\/2\/2022\/02\/LinMot_Linearmotoren_P10.jpg","contentUrl":"https:\/\/linmot.com\/de\/wp-content\/uploads\/sites\/2\/2022\/02\/LinMot_Linearmotoren_P10.jpg","width":737,"height":429,"caption":"LinMot Linearmotor P10 Aufbau"},{"@type":"BreadcrumbList","@id":"https:\/\/linmot.com\/de\/produkte\/linearmotoren\/linearmotoren-p10\/#breadcrumb","itemListElement":[{"@type":"ListItem","position":1,"name":"LinMot","item":"https:\/\/linmot.com\/de\/"},{"@type":"ListItem","position":2,"name":"Produkte","item":"https:\/\/linmot.com\/de\/produkte\/"},{"@type":"ListItem","position":3,"name":"Linearmotoren","item":"https:\/\/linmot.com\/de\/produkte\/linearmotoren\/"},{"@type":"ListItem","position":4,"name":"Linearmotoren P10 &#8211; 3x400VAC"}]},{"@type":"WebSite","@id":"https:\/\/linmot.com\/de\/#website","url":"https:\/\/linmot.com\/de\/","name":"LinMot & MagSpring - Industrielle Linearmotoren","description":"Hochwertigen Linearmotoren und Linearmotorsystemen","publisher":{"@id":"https:\/\/linmot.com\/de\/#organization"},"potentialAction":[{"@type":"SearchAction","target":{"@type":"EntryPoint","urlTemplate":"https:\/\/linmot.com\/de\/?s={search_term_string}"},"query-input":{"@type":"PropertyValueSpecification","valueRequired":true,"valueName":"search_term_string"}}],"inLanguage":"de"},{"@type":"Organization","@id":"https:\/\/linmot.com\/de\/#organization","name":"NTI AG - LinMot & MagSpring","url":"https:\/\/linmot.com\/de\/","logo":{"@type":"ImageObject","inLanguage":"de","@id":"https:\/\/linmot.com\/de\/#\/schema\/logo\/image\/","url":"https:\/\/linmot.com\/de\/wp-content\/uploads\/sites\/2\/2022\/01\/social-logo.jpg","contentUrl":"https:\/\/linmot.com\/de\/wp-content\/uploads\/sites\/2\/2022\/01\/social-logo.jpg","width":800,"height":500,"caption":"NTI AG - LinMot & MagSpring"},"image":{"@id":"https:\/\/linmot.com\/de\/#\/schema\/logo\/image\/"},"sameAs":["https:\/\/www.linkedin.com\/company\/nti-ag-linmot-magspring","https:\/\/www.youtube.com\/user\/LinMotEurope","https:\/\/www.xing.com\/pages\/linmot-magspring"]}]}},"_links":{"self":[{"href":"https:\/\/linmot.com\/de\/wp-json\/wp\/v2\/pages\/2850","targetHints":{"allow":["GET"]}}],"collection":[{"href":"https:\/\/linmot.com\/de\/wp-json\/wp\/v2\/pages"}],"about":[{"href":"https:\/\/linmot.com\/de\/wp-json\/wp\/v2\/types\/page"}],"author":[{"embeddable":true,"href":"https:\/\/linmot.com\/de\/wp-json\/wp\/v2\/users\/9"}],"replies":[{"embeddable":true,"href":"https:\/\/linmot.com\/de\/wp-json\/wp\/v2\/comments?post=2850"}],"version-history":[{"count":31,"href":"https:\/\/linmot.com\/de\/wp-json\/wp\/v2\/pages\/2850\/revisions"}],"predecessor-version":[{"id":5221,"href":"https:\/\/linmot.com\/de\/wp-json\/wp\/v2\/pages\/2850\/revisions\/5221"}],"up":[{"embeddable":true,"href":"https:\/\/linmot.com\/de\/wp-json\/wp\/v2\/pages\/38"}],"wp:attachment":[{"href":"https:\/\/linmot.com\/de\/wp-json\/wp\/v2\/media?parent=2850"}],"curies":[{"name":"wp","href":"https:\/\/api.w.org\/{rel}","templated":true}]}}