{"id":28,"date":"2017-10-20T23:31:26","date_gmt":"2017-10-20T21:31:26","guid":{"rendered":"https:\/\/linmot.com\/?page_id=28"},"modified":"2023-05-15T15:24:32","modified_gmt":"2023-05-15T13:24:32","slug":"partner","status":"publish","type":"page","link":"https:\/\/linmot.com\/de\/unternehmensprofil\/partner\/","title":{"rendered":"Partner"},"content":{"rendered":"<p>LinMot verf\u00fcgt \u00fcber eine Vielzahl von Partner und Systemintegratoren f\u00fcr die Hardware-Integration und Software-Implementierung. Unser Partnernetzwerk erstreckt sich \u00fcber s\u00e4mtliche Kontinente.<\/p>\n<p>LinMot Partner und Systemintegratoren haben eine enorme Produkt- und Anwendungserfahrung in der Abwicklung komplexer Automatisierungsl\u00f6sungen mit LinMot Linearmotoren und Antrieben. Software-Integratoren unterst\u00fctzen die Konstruktionsabteilungen der Maschinenhersteller bei der Umsetzung der Automatisierung, bei der Erstinbetriebnahme und bei der langfristigen Wartung. LinMot Hardware-Integratoren k\u00f6nnen eine gro\u00dfe Auswahl an Modulen oder Teilmodulen wie Pick &amp; Place-Einheiten, Portalsystemen oder komplette Handling Units bieten.<\/p>\n<p>Fragen Sie <a href=\"https:\/\/linmot.com\/de\/contact\/\">Ihre LinMot Ansprechperson vor Ort<\/a> nach einem LinMot Partner und Sie werden von diesen Dienstleistungen und Produkten sofort profitieren.<\/p>\n","protected":false},"excerpt":{"rendered":"<p>LinMot verf\u00fcgt \u00fcber eine Vielzahl von Partner und Systemintegratoren f\u00fcr die Hardware-Integration und Software-Implementierung. Unser Partnernetzwerk erstreckt sich \u00fcber s\u00e4mtliche Kontinente. LinMot Partner und Systemintegratoren haben eine enorme Produkt- und Anwendungserfahrung in der Abwicklung komplexer Automatisierungsl\u00f6sungen mit LinMot Linearmotoren und Antrieben. Software-Integratoren unterst\u00fctzen die Konstruktionsabteilungen der Maschinenhersteller bei der Umsetzung der Automatisierung, bei der Erstinbetriebnahme [&hellip;]<\/p>\n","protected":false},"author":1,"featured_media":0,"parent":4,"menu_order":43,"comment_status":"closed","ping_status":"closed","template":"","meta":{"_acf_changed":false,"footnotes":""},"class_list":["post-28","page","type-page","status-publish","hentry"],"acf":[],"yoast_head":"<!-- This site is optimized with the Yoast SEO Premium plugin v20.9 (Yoast SEO v27.3) - https:\/\/yoast.com\/product\/yoast-seo-premium-wordpress\/ -->\n<title>Partner - Ein weltweites Netzwerk von Experten | LinMot<\/title>\n<meta name=\"description\" content=\"LinMot verf\u00fcgt \u00fcber eine Vielzahl von Partner und Systemintegratoren f\u00fcr die Hardware-Integration und Software-Implementierung.\" \/>\n<meta name=\"robots\" content=\"index, follow, max-snippet:-1, max-image-preview:large, max-video-preview:-1\" \/>\n<link rel=\"canonical\" href=\"https:\/\/linmot.com\/de\/unternehmensprofil\/partner\/\" \/>\n<meta property=\"og:locale\" content=\"de_DE\" \/>\n<meta property=\"og:type\" content=\"article\" \/>\n<meta property=\"og:title\" content=\"Partner - Ein weltweites Netzwerk von Experten | LinMot\" \/>\n<meta property=\"og:description\" content=\"LinMot verf\u00fcgt \u00fcber eine Vielzahl von Partner und Systemintegratoren f\u00fcr die Hardware-Integration und Software-Implementierung.\" \/>\n<meta property=\"og:url\" content=\"https:\/\/linmot.com\/de\/unternehmensprofil\/partner\/\" \/>\n<meta property=\"og:site_name\" content=\"LinMot &amp; MagSpring - Deutsch\" \/>\n<meta property=\"article:modified_time\" content=\"2023-05-15T13:24:32+00:00\" \/>\n<meta property=\"og:image\" content=\"https:\/\/linmot.com\/de\/wp-content\/uploads\/sites\/2\/2022\/01\/social-logo.jpg\" \/>\n\t<meta property=\"og:image:width\" content=\"800\" \/>\n\t<meta property=\"og:image:height\" content=\"500\" \/>\n\t<meta property=\"og:image:type\" content=\"image\/jpeg\" \/>\n<meta name=\"twitter:card\" content=\"summary_large_image\" \/>\n<meta name=\"twitter:title\" content=\"Partner - Ein weltweites Netzwerk von Experten | LinMot\" \/>\n<meta name=\"twitter:description\" content=\"LinMot verf\u00fcgt \u00fcber eine Vielzahl von Partner und Systemintegratoren f\u00fcr die Hardware-Integration und Software-Implementierung.\" \/>\n<meta name=\"twitter:label1\" content=\"Gesch\u00e4tzte Lesezeit\" \/>\n\t<meta name=\"twitter:data1\" content=\"1 Minute\" \/>\n<script type=\"application\/ld+json\" class=\"yoast-schema-graph\">{\"@context\":\"https:\\\/\\\/schema.org\",\"@graph\":[{\"@type\":\"WebPage\",\"@id\":\"https:\\\/\\\/linmot.com\\\/de\\\/unternehmensprofil\\\/partner\\\/\",\"url\":\"https:\\\/\\\/linmot.com\\\/de\\\/unternehmensprofil\\\/partner\\\/\",\"name\":\"Partner - Ein weltweites Netzwerk von Experten | LinMot\",\"isPartOf\":{\"@id\":\"https:\\\/\\\/linmot.com\\\/de\\\/#website\"},\"datePublished\":\"2017-10-20T21:31:26+00:00\",\"dateModified\":\"2023-05-15T13:24:32+00:00\",\"description\":\"LinMot verf\u00fcgt \u00fcber eine Vielzahl von Partner und Systemintegratoren f\u00fcr die Hardware-Integration und Software-Implementierung.\",\"breadcrumb\":{\"@id\":\"https:\\\/\\\/linmot.com\\\/de\\\/unternehmensprofil\\\/partner\\\/#breadcrumb\"},\"inLanguage\":\"de\",\"potentialAction\":[{\"@type\":\"ReadAction\",\"target\":[\"https:\\\/\\\/linmot.com\\\/de\\\/unternehmensprofil\\\/partner\\\/\"]}]},{\"@type\":\"BreadcrumbList\",\"@id\":\"https:\\\/\\\/linmot.com\\\/de\\\/unternehmensprofil\\\/partner\\\/#breadcrumb\",\"itemListElement\":[{\"@type\":\"ListItem\",\"position\":1,\"name\":\"LinMot\",\"item\":\"https:\\\/\\\/linmot.com\\\/de\\\/\"},{\"@type\":\"ListItem\",\"position\":2,\"name\":\"Unternehmensprofil der NTI AG\",\"item\":\"https:\\\/\\\/linmot.com\\\/de\\\/unternehmensprofil\\\/\"},{\"@type\":\"ListItem\",\"position\":3,\"name\":\"Partner\"}]},{\"@type\":\"WebSite\",\"@id\":\"https:\\\/\\\/linmot.com\\\/de\\\/#website\",\"url\":\"https:\\\/\\\/linmot.com\\\/de\\\/\",\"name\":\"LinMot & MagSpring - Industrielle Linearmotoren\",\"description\":\"Hochwertigen Linearmotoren und Linearmotorsystemen\",\"publisher\":{\"@id\":\"https:\\\/\\\/linmot.com\\\/de\\\/#organization\"},\"potentialAction\":[{\"@type\":\"SearchAction\",\"target\":{\"@type\":\"EntryPoint\",\"urlTemplate\":\"https:\\\/\\\/linmot.com\\\/de\\\/?s={search_term_string}\"},\"query-input\":{\"@type\":\"PropertyValueSpecification\",\"valueRequired\":true,\"valueName\":\"search_term_string\"}}],\"inLanguage\":\"de\"},{\"@type\":\"Organization\",\"@id\":\"https:\\\/\\\/linmot.com\\\/de\\\/#organization\",\"name\":\"NTI AG - LinMot & MagSpring\",\"url\":\"https:\\\/\\\/linmot.com\\\/de\\\/\",\"logo\":{\"@type\":\"ImageObject\",\"inLanguage\":\"de\",\"@id\":\"https:\\\/\\\/linmot.com\\\/de\\\/#\\\/schema\\\/logo\\\/image\\\/\",\"url\":\"https:\\\/\\\/linmot.com\\\/de\\\/wp-content\\\/uploads\\\/sites\\\/2\\\/2022\\\/01\\\/social-logo.jpg\",\"contentUrl\":\"https:\\\/\\\/linmot.com\\\/de\\\/wp-content\\\/uploads\\\/sites\\\/2\\\/2022\\\/01\\\/social-logo.jpg\",\"width\":800,\"height\":500,\"caption\":\"NTI AG - LinMot & MagSpring\"},\"image\":{\"@id\":\"https:\\\/\\\/linmot.com\\\/de\\\/#\\\/schema\\\/logo\\\/image\\\/\"},\"sameAs\":[\"https:\\\/\\\/www.linkedin.com\\\/company\\\/nti-ag-linmot-magspring\",\"https:\\\/\\\/www.youtube.com\\\/user\\\/LinMotEurope\",\"https:\\\/\\\/www.xing.com\\\/pages\\\/linmot-magspring\"]}]}<\/script>\n<!-- \/ Yoast SEO Premium plugin. -->","yoast_head_json":{"title":"Partner - Ein weltweites Netzwerk von Experten | LinMot","description":"LinMot verf\u00fcgt \u00fcber eine Vielzahl von Partner und Systemintegratoren f\u00fcr die Hardware-Integration und Software-Implementierung.","robots":{"index":"index","follow":"follow","max-snippet":"max-snippet:-1","max-image-preview":"max-image-preview:large","max-video-preview":"max-video-preview:-1"},"canonical":"https:\/\/linmot.com\/de\/unternehmensprofil\/partner\/","og_locale":"de_DE","og_type":"article","og_title":"Partner - Ein weltweites Netzwerk von Experten | LinMot","og_description":"LinMot verf\u00fcgt \u00fcber eine Vielzahl von Partner und Systemintegratoren f\u00fcr die Hardware-Integration und Software-Implementierung.","og_url":"https:\/\/linmot.com\/de\/unternehmensprofil\/partner\/","og_site_name":"LinMot &amp; MagSpring - Deutsch","article_modified_time":"2023-05-15T13:24:32+00:00","og_image":[{"width":800,"height":500,"url":"https:\/\/linmot.com\/de\/wp-content\/uploads\/sites\/2\/2022\/01\/social-logo.jpg","type":"image\/jpeg"}],"twitter_card":"summary_large_image","twitter_title":"Partner - Ein weltweites Netzwerk von Experten | LinMot","twitter_description":"LinMot verf\u00fcgt \u00fcber eine Vielzahl von Partner und Systemintegratoren f\u00fcr die Hardware-Integration und Software-Implementierung.","twitter_misc":{"Gesch\u00e4tzte Lesezeit":"1 Minute"},"schema":{"@context":"https:\/\/schema.org","@graph":[{"@type":"WebPage","@id":"https:\/\/linmot.com\/de\/unternehmensprofil\/partner\/","url":"https:\/\/linmot.com\/de\/unternehmensprofil\/partner\/","name":"Partner - Ein weltweites Netzwerk von Experten | LinMot","isPartOf":{"@id":"https:\/\/linmot.com\/de\/#website"},"datePublished":"2017-10-20T21:31:26+00:00","dateModified":"2023-05-15T13:24:32+00:00","description":"LinMot verf\u00fcgt \u00fcber eine Vielzahl von Partner und Systemintegratoren f\u00fcr die Hardware-Integration und Software-Implementierung.","breadcrumb":{"@id":"https:\/\/linmot.com\/de\/unternehmensprofil\/partner\/#breadcrumb"},"inLanguage":"de","potentialAction":[{"@type":"ReadAction","target":["https:\/\/linmot.com\/de\/unternehmensprofil\/partner\/"]}]},{"@type":"BreadcrumbList","@id":"https:\/\/linmot.com\/de\/unternehmensprofil\/partner\/#breadcrumb","itemListElement":[{"@type":"ListItem","position":1,"name":"LinMot","item":"https:\/\/linmot.com\/de\/"},{"@type":"ListItem","position":2,"name":"Unternehmensprofil der NTI AG","item":"https:\/\/linmot.com\/de\/unternehmensprofil\/"},{"@type":"ListItem","position":3,"name":"Partner"}]},{"@type":"WebSite","@id":"https:\/\/linmot.com\/de\/#website","url":"https:\/\/linmot.com\/de\/","name":"LinMot & MagSpring - Industrielle Linearmotoren","description":"Hochwertigen Linearmotoren und Linearmotorsystemen","publisher":{"@id":"https:\/\/linmot.com\/de\/#organization"},"potentialAction":[{"@type":"SearchAction","target":{"@type":"EntryPoint","urlTemplate":"https:\/\/linmot.com\/de\/?s={search_term_string}"},"query-input":{"@type":"PropertyValueSpecification","valueRequired":true,"valueName":"search_term_string"}}],"inLanguage":"de"},{"@type":"Organization","@id":"https:\/\/linmot.com\/de\/#organization","name":"NTI AG - LinMot & MagSpring","url":"https:\/\/linmot.com\/de\/","logo":{"@type":"ImageObject","inLanguage":"de","@id":"https:\/\/linmot.com\/de\/#\/schema\/logo\/image\/","url":"https:\/\/linmot.com\/de\/wp-content\/uploads\/sites\/2\/2022\/01\/social-logo.jpg","contentUrl":"https:\/\/linmot.com\/de\/wp-content\/uploads\/sites\/2\/2022\/01\/social-logo.jpg","width":800,"height":500,"caption":"NTI AG - LinMot & MagSpring"},"image":{"@id":"https:\/\/linmot.com\/de\/#\/schema\/logo\/image\/"},"sameAs":["https:\/\/www.linkedin.com\/company\/nti-ag-linmot-magspring","https:\/\/www.youtube.com\/user\/LinMotEurope","https:\/\/www.xing.com\/pages\/linmot-magspring"]}]}},"_links":{"self":[{"href":"https:\/\/linmot.com\/de\/wp-json\/wp\/v2\/pages\/28","targetHints":{"allow":["GET"]}}],"collection":[{"href":"https:\/\/linmot.com\/de\/wp-json\/wp\/v2\/pages"}],"about":[{"href":"https:\/\/linmot.com\/de\/wp-json\/wp\/v2\/types\/page"}],"author":[{"embeddable":true,"href":"https:\/\/linmot.com\/de\/wp-json\/wp\/v2\/users\/1"}],"replies":[{"embeddable":true,"href":"https:\/\/linmot.com\/de\/wp-json\/wp\/v2\/comments?post=28"}],"version-history":[{"count":10,"href":"https:\/\/linmot.com\/de\/wp-json\/wp\/v2\/pages\/28\/revisions"}],"predecessor-version":[{"id":1699,"href":"https:\/\/linmot.com\/de\/wp-json\/wp\/v2\/pages\/28\/revisions\/1699"}],"up":[{"embeddable":true,"href":"https:\/\/linmot.com\/de\/wp-json\/wp\/v2\/pages\/4"}],"wp:attachment":[{"href":"https:\/\/linmot.com\/de\/wp-json\/wp\/v2\/media?parent=28"}],"curies":[{"name":"wp","href":"https:\/\/api.w.org\/{rel}","templated":true}]}}