{"id":2752,"date":"2022-05-23T14:00:27","date_gmt":"2022-05-23T12:00:27","guid":{"rendered":"https:\/\/linmot.com\/de\/?page_id=2752"},"modified":"2025-10-13T14:36:08","modified_gmt":"2025-10-13T12:36:08","slug":"folgen","status":"publish","type":"page","link":"https:\/\/linmot.com\/de\/folgen\/","title":{"rendered":"Folgen Sie LinMot"},"content":{"rendered":"<p><strong>LinMot kommuniziert auf verschiedenen Plattformen regelm\u00e4ssig neue Anwendungsberichte, Produktvideos und Neuheiten. Auf dieser Seite zeigen wir Ihnen, wo Sie sich \u00fcberall informieren k\u00f6nnen.<\/strong><\/p>\n<hr \/>\n<h2>Social Media Kan\u00e4le<\/h2>\n<div class=\"row\">\n<div class=\"col-md-3\">\n<strong>LinkedIn<\/strong><br \/>\n<a class=\"download\" href=\"https:\/\/www.linkedin.com\/company\/nti-ag-linmot-magspring\" target=\"_blank\" rel=\"noopener\"><img loading=\"lazy\" decoding=\"async\" class=\"alignnone wp-image-3377 size-full\" src=\"https:\/\/linmot.com\/de\/wp-content\/uploads\/sites\/2\/2022\/05\/LinkedIn-Logo.jpg\" alt=\"\" width=\"300\" height=\"100\" \/><\/a><\/p>\n<p>Kanalsprache:<br \/>\nEnglisch<\/p>\n<p><a class=\"button\" href=\"https:\/\/www.linkedin.com\/company\/nti-ag-linmot-magspring\" target=\"_blank\" rel=\"noopener\">Zum Kanal auf LinkedIn<\/a><\/p>\n<\/div>\n<div class=\"col-md-1\">\n<\/div>\n<div class=\"col-md-3\">\n<strong>YouTube<\/strong><br \/>\n<a class=\"download\" href=\"https:\/\/www.youtube.com\/c\/LinMotEurope\" target=\"_blank\" rel=\"noopener\"><img loading=\"lazy\" decoding=\"async\" class=\"alignnone wp-image-3376 size-full\" src=\"https:\/\/linmot.com\/de\/wp-content\/uploads\/sites\/2\/2022\/05\/YouTube-Logo-page.jpg\" alt=\"\" width=\"300\" height=\"100\" \/><\/a><\/p>\n<p>Kanalsprache:<br \/>\nDeutsch &amp; Englisch<\/p>\n<p><a class=\"button\" href=\"https:\/\/www.youtube.com\/c\/LinMotEurope\" target=\"_blank\" rel=\"noopener\">Zum Kanal auf YouTube<\/a><\/p>\n<\/div>\n<div class=\"col-md-1\">\n<\/div>\n<\/div>\n<hr \/>\n<h2>Newsletter<\/h2>\n<p>Wir kommunizieren monatlich in unserem Newsletter Neuigkeiten rund um unsere Linearmotoren. Abonnieren Sie unseren deutschsprachigen Newsletter und bleiben Sie informiert:<\/p>\n<p><!-- Begin Mailchimp Signup Form --><\/p>\n<style type=\"text\/css\">\n\t#mc_embed_signup{background:#fff; clear:left; font:14px Helvetica,Arial,sans-serif; }<br \/>\t\/* Add your own Mailchimp form style overrides in your site stylesheet or in this style block.<br \/>\t   We recommend moving this block and the preceding CSS link to the HEAD of your HTML file. *\/<br \/><\/style>\n<div id=\"mc_embed_signup\">\n<form id=\"mc-embedded-subscribe-form\" class=\"validate\" action=\"https:\/\/linmot.us1.list-manage.com\/subscribe\/post?u=b4ea4a9d89716a3b355755954&amp;id=964e611bb4\" method=\"post\" name=\"mc-embedded-subscribe-form\" novalidate=\"\" target=\"_blank\">\n<div id=\"mc_embed_signup_scroll\">\n<div class=\"mc-field-group\"><label for=\"mce-SALUTATION\">Anrede <span class=\"asterisk\">*<\/span><br \/>\n<\/label><br \/>\n<select id=\"mce-SALUTATION\" class=\"required\" name=\"SALUTATION\"><option value=\"\"><\/option><option value=\"Herr\">Herr<\/option><option value=\"Frau\">Frau<\/option><\/select><\/div>\n<div class=\"mc-field-group\"><label for=\"mce-FNAME\">Vorname <span class=\"asterisk\">*<\/span><br \/>\n<\/label><br \/>\n<input id=\"mce-FNAME\" class=\"required\" name=\"FNAME\" type=\"text\" value=\"\" \/><\/div>\n<div class=\"mc-field-group\"><label for=\"mce-LNAME\">Nachname <span class=\"asterisk\">*<\/span><br \/>\n<\/label><br \/>\n<input id=\"mce-LNAME\" class=\"required\" name=\"LNAME\" type=\"text\" value=\"\" \/><\/div>\n<div class=\"mc-field-group\"><label for=\"mce-COMPANY\">Firma <\/label><br \/>\n<input id=\"mce-COMPANY\" class=\"\" name=\"COMPANY\" type=\"text\" value=\"\" \/><\/div>\n<div class=\"mc-field-group\"><label for=\"mce-EMAIL\">E-Mail Adresse <span class=\"asterisk\">*<\/span><br \/>\n<\/label><br \/>\n<input id=\"mce-EMAIL\" class=\"required email\" name=\"EMAIL\" type=\"email\" value=\"\" \/><\/div>\n<div class=\"mc-field-group input-group\">\n<p><strong>Datenschutzerkl\u00e4rung <\/strong><\/p>\n<div><input id=\"mce-group[79406]-79406-0\" name=\"group[79406][1]\" type=\"checkbox\" value=\"1\" \/><label for=\"mce-group[79406]-79406-0\">\u00a0Mit dem Absenden des Formulars erkl\u00e4re ich mich mit den Bestimmungen zum Datenschutz einverstanden.<\/label><\/div>\n<\/div>\n<div id=\"mce-responses\" class=\"clear\">\n<div id=\"mce-error-response\" class=\"response\" style=\"display: none;\"><\/div>\n<div id=\"mce-success-response\" class=\"response\" style=\"display: none;\"><\/div>\n<\/div>\n<p><!-- real people should not fill this in and expect good things - do not remove this or risk form bot signups--><\/p>\n<div style=\"position: absolute; left: -5000px;\" aria-hidden=\"true\"><input tabindex=\"-1\" name=\"b_b4ea4a9d89716a3b355755954_964e611bb4\" type=\"text\" value=\"\" \/><\/div>\n<div class=\"clear\"><input id=\"mc-embedded-subscribe\" class=\"button\" name=\"subscribe\" type=\"submit\" value=\"Anmelden\" \/><\/div>\n<\/div>\n<\/form>\n<\/div>\n<p>&nbsp;<\/p>\n<div class=\"indicates-required\"><span class=\"asterisk\">*<\/span> Pflichtfelder<\/div>\n<p><script type='text\/javascript' src='\/\/s3.amazonaws.com\/downloads.mailchimp.com\/js\/mc-validate.js'><\/script><script type='text\/javascript'>(function($) {window.fnames = new Array(); window.ftypes = new Array();fnames[3]='SALUTATION';ftypes[3]='dropdown';fnames[1]='FNAME';ftypes[1]='text';fnames[2]='LNAME';ftypes[2]='text';fnames[8]='COMPANY';ftypes[8]='text';fnames[0]='EMAIL';ftypes[0]='email';}(jQuery));var $mcj = jQuery.noConflict(true);<\/script><br \/>\n<!--End mc_embed_signup--><\/p>\n","protected":false},"excerpt":{"rendered":"<p>LinMot kommuniziert auf verschiedenen Plattformen regelm\u00e4ssig neue Anwendungsberichte, Produktvideos und Neuheiten. Auf dieser Seite zeigen wir Ihnen, wo Sie sich \u00fcberall informieren k\u00f6nnen. Social Media Kan\u00e4le Newsletter Wir kommunizieren monatlich in unserem Newsletter Neuigkeiten rund um unsere Linearmotoren. Abonnieren Sie unseren deutschsprachigen Newsletter und bleiben Sie informiert: Anrede * HerrFrau Vorname * Nachname * Firma [&hellip;]<\/p>\n","protected":false},"author":9,"featured_media":0,"parent":0,"menu_order":37,"comment_status":"closed","ping_status":"closed","template":"","meta":{"_acf_changed":false,"footnotes":""},"class_list":["post-2752","page","type-page","status-publish","hentry"],"acf":[],"yoast_head":"<!-- This site is optimized with the Yoast SEO Premium plugin v20.9 (Yoast SEO v27.3) - https:\/\/yoast.com\/product\/yoast-seo-premium-wordpress\/ -->\n<title>Foglen Sie LinMot &amp; MagSpring<\/title>\n<meta name=\"description\" content=\"Auf dieser Seite zeigen wir Ihnen, auf welchen Plattformen und Kan\u00e4le Neuigkeiten von LinMot kommuniziert werden. Folgen Sie uns!\" \/>\n<meta name=\"robots\" content=\"index, follow, max-snippet:-1, max-image-preview:large, max-video-preview:-1\" \/>\n<link rel=\"canonical\" href=\"https:\/\/linmot.com\/de\/folgen\/\" \/>\n<meta property=\"og:locale\" content=\"de_DE\" \/>\n<meta property=\"og:type\" content=\"article\" \/>\n<meta property=\"og:title\" content=\"Folgen Sie LinMot\" \/>\n<meta property=\"og:description\" content=\"Auf dieser Seite zeigen wir Ihnen, auf welchen Plattformen und Kan\u00e4le Neuigkeiten von LinMot kommuniziert werden. Folgen Sie uns!\" \/>\n<meta property=\"og:url\" content=\"https:\/\/linmot.com\/de\/folgen\/\" \/>\n<meta property=\"og:site_name\" content=\"LinMot &amp; MagSpring - Deutsch\" \/>\n<meta property=\"article:modified_time\" content=\"2025-10-13T12:36:08+00:00\" \/>\n<meta property=\"og:image\" content=\"https:\/\/linmot.com\/de\/wp-content\/uploads\/sites\/2\/2022\/05\/LinkedIn-Logo.jpg\" \/>\n\t<meta property=\"og:image:width\" content=\"300\" \/>\n\t<meta property=\"og:image:height\" content=\"100\" \/>\n\t<meta property=\"og:image:type\" content=\"image\/jpeg\" \/>\n<meta name=\"twitter:card\" content=\"summary_large_image\" \/>\n<meta name=\"twitter:label1\" content=\"Gesch\u00e4tzte Lesezeit\" \/>\n\t<meta name=\"twitter:data1\" content=\"1 Minute\" \/>\n<script type=\"application\/ld+json\" class=\"yoast-schema-graph\">{\"@context\":\"https:\\\/\\\/schema.org\",\"@graph\":[{\"@type\":\"WebPage\",\"@id\":\"https:\\\/\\\/linmot.com\\\/de\\\/folgen\\\/\",\"url\":\"https:\\\/\\\/linmot.com\\\/de\\\/folgen\\\/\",\"name\":\"Foglen Sie LinMot & MagSpring\",\"isPartOf\":{\"@id\":\"https:\\\/\\\/linmot.com\\\/de\\\/#website\"},\"primaryImageOfPage\":{\"@id\":\"https:\\\/\\\/linmot.com\\\/de\\\/folgen\\\/#primaryimage\"},\"image\":{\"@id\":\"https:\\\/\\\/linmot.com\\\/de\\\/folgen\\\/#primaryimage\"},\"thumbnailUrl\":\"https:\\\/\\\/linmot.com\\\/de\\\/wp-content\\\/uploads\\\/sites\\\/2\\\/2022\\\/05\\\/LinkedIn-Logo.jpg\",\"datePublished\":\"2022-05-23T12:00:27+00:00\",\"dateModified\":\"2025-10-13T12:36:08+00:00\",\"description\":\"Auf dieser Seite zeigen wir Ihnen, auf welchen Plattformen und Kan\u00e4le Neuigkeiten von LinMot kommuniziert werden. Folgen Sie uns!\",\"breadcrumb\":{\"@id\":\"https:\\\/\\\/linmot.com\\\/de\\\/folgen\\\/#breadcrumb\"},\"inLanguage\":\"de\",\"potentialAction\":[{\"@type\":\"ReadAction\",\"target\":[\"https:\\\/\\\/linmot.com\\\/de\\\/folgen\\\/\"]}]},{\"@type\":\"ImageObject\",\"inLanguage\":\"de\",\"@id\":\"https:\\\/\\\/linmot.com\\\/de\\\/folgen\\\/#primaryimage\",\"url\":\"https:\\\/\\\/linmot.com\\\/de\\\/wp-content\\\/uploads\\\/sites\\\/2\\\/2022\\\/05\\\/LinkedIn-Logo.jpg\",\"contentUrl\":\"https:\\\/\\\/linmot.com\\\/de\\\/wp-content\\\/uploads\\\/sites\\\/2\\\/2022\\\/05\\\/LinkedIn-Logo.jpg\",\"width\":300,\"height\":100,\"caption\":\"LinkedIn Logo\"},{\"@type\":\"BreadcrumbList\",\"@id\":\"https:\\\/\\\/linmot.com\\\/de\\\/folgen\\\/#breadcrumb\",\"itemListElement\":[{\"@type\":\"ListItem\",\"position\":1,\"name\":\"LinMot\",\"item\":\"https:\\\/\\\/linmot.com\\\/de\\\/\"},{\"@type\":\"ListItem\",\"position\":2,\"name\":\"Folgen Sie LinMot\"}]},{\"@type\":\"WebSite\",\"@id\":\"https:\\\/\\\/linmot.com\\\/de\\\/#website\",\"url\":\"https:\\\/\\\/linmot.com\\\/de\\\/\",\"name\":\"LinMot & MagSpring - Industrielle Linearmotoren\",\"description\":\"Hochwertigen Linearmotoren und Linearmotorsystemen\",\"publisher\":{\"@id\":\"https:\\\/\\\/linmot.com\\\/de\\\/#organization\"},\"potentialAction\":[{\"@type\":\"SearchAction\",\"target\":{\"@type\":\"EntryPoint\",\"urlTemplate\":\"https:\\\/\\\/linmot.com\\\/de\\\/?s={search_term_string}\"},\"query-input\":{\"@type\":\"PropertyValueSpecification\",\"valueRequired\":true,\"valueName\":\"search_term_string\"}}],\"inLanguage\":\"de\"},{\"@type\":\"Organization\",\"@id\":\"https:\\\/\\\/linmot.com\\\/de\\\/#organization\",\"name\":\"NTI AG - LinMot & MagSpring\",\"url\":\"https:\\\/\\\/linmot.com\\\/de\\\/\",\"logo\":{\"@type\":\"ImageObject\",\"inLanguage\":\"de\",\"@id\":\"https:\\\/\\\/linmot.com\\\/de\\\/#\\\/schema\\\/logo\\\/image\\\/\",\"url\":\"https:\\\/\\\/linmot.com\\\/de\\\/wp-content\\\/uploads\\\/sites\\\/2\\\/2022\\\/01\\\/social-logo.jpg\",\"contentUrl\":\"https:\\\/\\\/linmot.com\\\/de\\\/wp-content\\\/uploads\\\/sites\\\/2\\\/2022\\\/01\\\/social-logo.jpg\",\"width\":800,\"height\":500,\"caption\":\"NTI AG - LinMot & MagSpring\"},\"image\":{\"@id\":\"https:\\\/\\\/linmot.com\\\/de\\\/#\\\/schema\\\/logo\\\/image\\\/\"},\"sameAs\":[\"https:\\\/\\\/www.linkedin.com\\\/company\\\/nti-ag-linmot-magspring\",\"https:\\\/\\\/www.youtube.com\\\/user\\\/LinMotEurope\",\"https:\\\/\\\/www.xing.com\\\/pages\\\/linmot-magspring\"]}]}<\/script>\n<!-- \/ Yoast SEO Premium plugin. -->","yoast_head_json":{"title":"Foglen Sie LinMot & MagSpring","description":"Auf dieser Seite zeigen wir Ihnen, auf welchen Plattformen und Kan\u00e4le Neuigkeiten von LinMot kommuniziert werden. Folgen Sie uns!","robots":{"index":"index","follow":"follow","max-snippet":"max-snippet:-1","max-image-preview":"max-image-preview:large","max-video-preview":"max-video-preview:-1"},"canonical":"https:\/\/linmot.com\/de\/folgen\/","og_locale":"de_DE","og_type":"article","og_title":"Folgen Sie LinMot","og_description":"Auf dieser Seite zeigen wir Ihnen, auf welchen Plattformen und Kan\u00e4le Neuigkeiten von LinMot kommuniziert werden. Folgen Sie uns!","og_url":"https:\/\/linmot.com\/de\/folgen\/","og_site_name":"LinMot &amp; MagSpring - Deutsch","article_modified_time":"2025-10-13T12:36:08+00:00","og_image":[{"width":300,"height":100,"url":"https:\/\/linmot.com\/de\/wp-content\/uploads\/sites\/2\/2022\/05\/LinkedIn-Logo.jpg","type":"image\/jpeg"}],"twitter_card":"summary_large_image","twitter_misc":{"Gesch\u00e4tzte Lesezeit":"1 Minute"},"schema":{"@context":"https:\/\/schema.org","@graph":[{"@type":"WebPage","@id":"https:\/\/linmot.com\/de\/folgen\/","url":"https:\/\/linmot.com\/de\/folgen\/","name":"Foglen Sie LinMot & MagSpring","isPartOf":{"@id":"https:\/\/linmot.com\/de\/#website"},"primaryImageOfPage":{"@id":"https:\/\/linmot.com\/de\/folgen\/#primaryimage"},"image":{"@id":"https:\/\/linmot.com\/de\/folgen\/#primaryimage"},"thumbnailUrl":"https:\/\/linmot.com\/de\/wp-content\/uploads\/sites\/2\/2022\/05\/LinkedIn-Logo.jpg","datePublished":"2022-05-23T12:00:27+00:00","dateModified":"2025-10-13T12:36:08+00:00","description":"Auf dieser Seite zeigen wir Ihnen, auf welchen Plattformen und Kan\u00e4le Neuigkeiten von LinMot kommuniziert werden. Folgen Sie uns!","breadcrumb":{"@id":"https:\/\/linmot.com\/de\/folgen\/#breadcrumb"},"inLanguage":"de","potentialAction":[{"@type":"ReadAction","target":["https:\/\/linmot.com\/de\/folgen\/"]}]},{"@type":"ImageObject","inLanguage":"de","@id":"https:\/\/linmot.com\/de\/folgen\/#primaryimage","url":"https:\/\/linmot.com\/de\/wp-content\/uploads\/sites\/2\/2022\/05\/LinkedIn-Logo.jpg","contentUrl":"https:\/\/linmot.com\/de\/wp-content\/uploads\/sites\/2\/2022\/05\/LinkedIn-Logo.jpg","width":300,"height":100,"caption":"LinkedIn Logo"},{"@type":"BreadcrumbList","@id":"https:\/\/linmot.com\/de\/folgen\/#breadcrumb","itemListElement":[{"@type":"ListItem","position":1,"name":"LinMot","item":"https:\/\/linmot.com\/de\/"},{"@type":"ListItem","position":2,"name":"Folgen Sie LinMot"}]},{"@type":"WebSite","@id":"https:\/\/linmot.com\/de\/#website","url":"https:\/\/linmot.com\/de\/","name":"LinMot & MagSpring - Industrielle Linearmotoren","description":"Hochwertigen Linearmotoren und Linearmotorsystemen","publisher":{"@id":"https:\/\/linmot.com\/de\/#organization"},"potentialAction":[{"@type":"SearchAction","target":{"@type":"EntryPoint","urlTemplate":"https:\/\/linmot.com\/de\/?s={search_term_string}"},"query-input":{"@type":"PropertyValueSpecification","valueRequired":true,"valueName":"search_term_string"}}],"inLanguage":"de"},{"@type":"Organization","@id":"https:\/\/linmot.com\/de\/#organization","name":"NTI AG - LinMot & MagSpring","url":"https:\/\/linmot.com\/de\/","logo":{"@type":"ImageObject","inLanguage":"de","@id":"https:\/\/linmot.com\/de\/#\/schema\/logo\/image\/","url":"https:\/\/linmot.com\/de\/wp-content\/uploads\/sites\/2\/2022\/01\/social-logo.jpg","contentUrl":"https:\/\/linmot.com\/de\/wp-content\/uploads\/sites\/2\/2022\/01\/social-logo.jpg","width":800,"height":500,"caption":"NTI AG - LinMot & MagSpring"},"image":{"@id":"https:\/\/linmot.com\/de\/#\/schema\/logo\/image\/"},"sameAs":["https:\/\/www.linkedin.com\/company\/nti-ag-linmot-magspring","https:\/\/www.youtube.com\/user\/LinMotEurope","https:\/\/www.xing.com\/pages\/linmot-magspring"]}]}},"_links":{"self":[{"href":"https:\/\/linmot.com\/de\/wp-json\/wp\/v2\/pages\/2752","targetHints":{"allow":["GET"]}}],"collection":[{"href":"https:\/\/linmot.com\/de\/wp-json\/wp\/v2\/pages"}],"about":[{"href":"https:\/\/linmot.com\/de\/wp-json\/wp\/v2\/types\/page"}],"author":[{"embeddable":true,"href":"https:\/\/linmot.com\/de\/wp-json\/wp\/v2\/users\/9"}],"replies":[{"embeddable":true,"href":"https:\/\/linmot.com\/de\/wp-json\/wp\/v2\/comments?post=2752"}],"version-history":[{"count":25,"href":"https:\/\/linmot.com\/de\/wp-json\/wp\/v2\/pages\/2752\/revisions"}],"predecessor-version":[{"id":5304,"href":"https:\/\/linmot.com\/de\/wp-json\/wp\/v2\/pages\/2752\/revisions\/5304"}],"wp:attachment":[{"href":"https:\/\/linmot.com\/de\/wp-json\/wp\/v2\/media?parent=2752"}],"curies":[{"name":"wp","href":"https:\/\/api.w.org\/{rel}","templated":true}]}}