{"id":261,"date":"2017-11-07T16:05:15","date_gmt":"2017-11-07T15:05:15","guid":{"rendered":"https:\/\/linmot.com\/?page_id=261"},"modified":"2025-10-08T16:04:47","modified_gmt":"2025-10-08T14:04:47","slug":"sps-library","status":"publish","type":"page","link":"https:\/\/linmot.com\/de\/support\/sps-library\/","title":{"rendered":"SPS Library"},"content":{"rendered":"<p>Um eine einfache Integration in die Steuerung zu realisieren, stellt LinMot dem Kunden umfangreiche Funktionsbausteine sowie Beispielprogramme zur Verf\u00fcgung. Diese Bausteine erm\u00f6glichen eine direkte und schnelle Einbindung der LinMot Drives in die Steuerung.<\/p>\n<p><strong>Download \u00dcbersicht SPS Bibliotheken<br \/>\n<\/strong><\/p>\n<p><a class=\"btn btn-active\" href=\"https:\/\/shop.linmot.com\/index.php?User%20manual%200185-1105%20(EN):&amp;page=productDetails&amp;productNo=0185-1105-E&amp;pageType=&amp;source=search&amp;language=E\" target=\"_blank\" rel=\"noopener noreferrer\">Download PDF<\/a><\/p>\n<p><strong>Download SPS Inbetriebnahme<br \/>\n<\/strong><\/p>\n<p><a class=\"btn btn-active\" href=\"https:\/\/shop.linmot.com\/index.php?Application%20note%200185-1120%20(EN):&amp;page=productDetails&amp;productNo=0185-1120-E&amp;pageType=&amp;source=search&amp;language=E\" target=\"_blank\" rel=\"noopener noreferrer\">Download PDF<\/a><\/p>\n<hr \/>\n<p>F\u00fcr weitere Informationen oder spezielle Anfragen kontaktieren Sie den LinMot Support.<\/p>\n<p><strong>E-Mail:<\/strong> support@linmot.com<\/p>\n<p><strong>Phone:<\/strong> <a href=\"tel:+41565447100\">+41 56 544 71 00<\/a><\/p>\n","protected":false},"excerpt":{"rendered":"<p>Um eine einfache Integration in die Steuerung zu realisieren, stellt LinMot dem Kunden umfangreiche Funktionsbausteine sowie Beispielprogramme zur Verf\u00fcgung. Diese Bausteine erm\u00f6glichen eine direkte und schnelle Einbindung der LinMot Drives in die Steuerung. Download \u00dcbersicht SPS Bibliotheken Download PDF Download SPS Inbetriebnahme Download PDF F\u00fcr weitere Informationen oder spezielle Anfragen kontaktieren Sie den LinMot Support. [&hellip;]<\/p>\n","protected":false},"author":1,"featured_media":0,"parent":251,"menu_order":110,"comment_status":"closed","ping_status":"closed","template":"","meta":{"_acf_changed":false,"footnotes":""},"class_list":["post-261","page","type-page","status-publish","hentry"],"acf":[],"yoast_head":"<!-- This site is optimized with the Yoast SEO Premium plugin v20.9 (Yoast SEO v27.2) - https:\/\/yoast.com\/product\/yoast-seo-premium-wordpress\/ -->\n<title>SPS Library \u2013 Alles f\u00fcr die Integration in die Steuerung | LinMot<\/title>\n<meta name=\"description\" content=\"Um eine Integration in die Steuerung zu realisieren, stellt LinMot dem Kunden Funktionsbausteine sowie Beispielprogramme zur Verf\u00fcgung.\" \/>\n<meta name=\"robots\" content=\"index, follow, max-snippet:-1, max-image-preview:large, max-video-preview:-1\" \/>\n<link rel=\"canonical\" href=\"https:\/\/linmot.com\/de\/support\/sps-library\/\" \/>\n<meta property=\"og:locale\" content=\"de_DE\" \/>\n<meta property=\"og:type\" content=\"article\" \/>\n<meta property=\"og:title\" content=\"SPS Library \u2013 Alles f\u00fcr die Integration in die Steuerung | LinMot\" \/>\n<meta property=\"og:description\" content=\"Um eine Integration in die Steuerung zu realisieren, stellt LinMot dem Kunden Funktionsbausteine sowie Beispielprogramme zur Verf\u00fcgung.\" \/>\n<meta property=\"og:url\" content=\"https:\/\/linmot.com\/de\/support\/sps-library\/\" \/>\n<meta property=\"og:site_name\" content=\"LinMot &amp; MagSpring - Deutsch\" \/>\n<meta property=\"article:modified_time\" content=\"2025-10-08T14:04:47+00:00\" \/>\n<meta property=\"og:image\" content=\"https:\/\/linmot.com\/de\/wp-content\/uploads\/sites\/2\/2017\/10\/linmot-new-headquarter-swiss-2018.jpg\" \/>\n\t<meta property=\"og:image:width\" content=\"940\" \/>\n\t<meta property=\"og:image:height\" content=\"439\" \/>\n\t<meta property=\"og:image:type\" content=\"image\/jpeg\" \/>\n<meta name=\"twitter:card\" content=\"summary_large_image\" \/>\n<meta name=\"twitter:title\" content=\"SPS Library \u2013 Alles f\u00fcr die Integration in die Steuerung | LinMot\" \/>\n<meta name=\"twitter:description\" content=\"Um eine Integration in die Steuerung zu realisieren, stellt LinMot dem Kunden Funktionsbausteine sowie Beispielprogramme zur Verf\u00fcgung.\" \/>\n<meta name=\"twitter:image\" content=\"https:\/\/linmot.com\/de\/wp-content\/uploads\/sites\/2\/2021\/05\/LinMot-Firmengebaeude.jpg\" \/>\n<meta name=\"twitter:label1\" content=\"Gesch\u00e4tzte Lesezeit\" \/>\n\t<meta name=\"twitter:data1\" content=\"1 Minute\" \/>\n<script type=\"application\/ld+json\" class=\"yoast-schema-graph\">{\"@context\":\"https:\/\/schema.org\",\"@graph\":[{\"@type\":\"WebPage\",\"@id\":\"https:\/\/linmot.com\/de\/support\/sps-library\/\",\"url\":\"https:\/\/linmot.com\/de\/support\/sps-library\/\",\"name\":\"SPS Library \u2013 Alles f\u00fcr die Integration in die Steuerung | LinMot\",\"isPartOf\":{\"@id\":\"https:\/\/linmot.com\/de\/#website\"},\"datePublished\":\"2017-11-07T15:05:15+00:00\",\"dateModified\":\"2025-10-08T14:04:47+00:00\",\"description\":\"Um eine Integration in die Steuerung zu realisieren, stellt LinMot dem Kunden Funktionsbausteine sowie Beispielprogramme zur Verf\u00fcgung.\",\"breadcrumb\":{\"@id\":\"https:\/\/linmot.com\/de\/support\/sps-library\/#breadcrumb\"},\"inLanguage\":\"de\",\"potentialAction\":[{\"@type\":\"ReadAction\",\"target\":[\"https:\/\/linmot.com\/de\/support\/sps-library\/\"]}]},{\"@type\":\"BreadcrumbList\",\"@id\":\"https:\/\/linmot.com\/de\/support\/sps-library\/#breadcrumb\",\"itemListElement\":[{\"@type\":\"ListItem\",\"position\":1,\"name\":\"LinMot\",\"item\":\"https:\/\/linmot.com\/de\/\"},{\"@type\":\"ListItem\",\"position\":2,\"name\":\"Support\",\"item\":\"https:\/\/linmot.com\/de\/support\/\"},{\"@type\":\"ListItem\",\"position\":3,\"name\":\"SPS Library\"}]},{\"@type\":\"WebSite\",\"@id\":\"https:\/\/linmot.com\/de\/#website\",\"url\":\"https:\/\/linmot.com\/de\/\",\"name\":\"LinMot & MagSpring - Industrielle Linearmotoren\",\"description\":\"Hochwertigen Linearmotoren und Linearmotorsystemen\",\"publisher\":{\"@id\":\"https:\/\/linmot.com\/de\/#organization\"},\"potentialAction\":[{\"@type\":\"SearchAction\",\"target\":{\"@type\":\"EntryPoint\",\"urlTemplate\":\"https:\/\/linmot.com\/de\/?s={search_term_string}\"},\"query-input\":{\"@type\":\"PropertyValueSpecification\",\"valueRequired\":true,\"valueName\":\"search_term_string\"}}],\"inLanguage\":\"de\"},{\"@type\":\"Organization\",\"@id\":\"https:\/\/linmot.com\/de\/#organization\",\"name\":\"NTI AG - LinMot & MagSpring\",\"url\":\"https:\/\/linmot.com\/de\/\",\"logo\":{\"@type\":\"ImageObject\",\"inLanguage\":\"de\",\"@id\":\"https:\/\/linmot.com\/de\/#\/schema\/logo\/image\/\",\"url\":\"https:\/\/linmot.com\/de\/wp-content\/uploads\/sites\/2\/2022\/01\/social-logo.jpg\",\"contentUrl\":\"https:\/\/linmot.com\/de\/wp-content\/uploads\/sites\/2\/2022\/01\/social-logo.jpg\",\"width\":800,\"height\":500,\"caption\":\"NTI AG - LinMot & MagSpring\"},\"image\":{\"@id\":\"https:\/\/linmot.com\/de\/#\/schema\/logo\/image\/\"},\"sameAs\":[\"https:\/\/www.linkedin.com\/company\/nti-ag-linmot-magspring\",\"https:\/\/www.youtube.com\/user\/LinMotEurope\",\"https:\/\/www.xing.com\/pages\/linmot-magspring\"]}]}<\/script>\n<!-- \/ Yoast SEO Premium plugin. -->","yoast_head_json":{"title":"SPS Library \u2013 Alles f\u00fcr die Integration in die Steuerung | LinMot","description":"Um eine Integration in die Steuerung zu realisieren, stellt LinMot dem Kunden Funktionsbausteine sowie Beispielprogramme zur Verf\u00fcgung.","robots":{"index":"index","follow":"follow","max-snippet":"max-snippet:-1","max-image-preview":"max-image-preview:large","max-video-preview":"max-video-preview:-1"},"canonical":"https:\/\/linmot.com\/de\/support\/sps-library\/","og_locale":"de_DE","og_type":"article","og_title":"SPS Library \u2013 Alles f\u00fcr die Integration in die Steuerung | LinMot","og_description":"Um eine Integration in die Steuerung zu realisieren, stellt LinMot dem Kunden Funktionsbausteine sowie Beispielprogramme zur Verf\u00fcgung.","og_url":"https:\/\/linmot.com\/de\/support\/sps-library\/","og_site_name":"LinMot &amp; MagSpring - Deutsch","article_modified_time":"2025-10-08T14:04:47+00:00","og_image":[{"width":940,"height":439,"url":"https:\/\/linmot.com\/de\/wp-content\/uploads\/sites\/2\/2017\/10\/linmot-new-headquarter-swiss-2018.jpg","type":"image\/jpeg"}],"twitter_card":"summary_large_image","twitter_title":"SPS Library \u2013 Alles f\u00fcr die Integration in die Steuerung | LinMot","twitter_description":"Um eine Integration in die Steuerung zu realisieren, stellt LinMot dem Kunden Funktionsbausteine sowie Beispielprogramme zur Verf\u00fcgung.","twitter_image":"https:\/\/linmot.com\/de\/wp-content\/uploads\/sites\/2\/2021\/05\/LinMot-Firmengebaeude.jpg","twitter_misc":{"Gesch\u00e4tzte Lesezeit":"1 Minute"},"schema":{"@context":"https:\/\/schema.org","@graph":[{"@type":"WebPage","@id":"https:\/\/linmot.com\/de\/support\/sps-library\/","url":"https:\/\/linmot.com\/de\/support\/sps-library\/","name":"SPS Library \u2013 Alles f\u00fcr die Integration in die Steuerung | LinMot","isPartOf":{"@id":"https:\/\/linmot.com\/de\/#website"},"datePublished":"2017-11-07T15:05:15+00:00","dateModified":"2025-10-08T14:04:47+00:00","description":"Um eine Integration in die Steuerung zu realisieren, stellt LinMot dem Kunden Funktionsbausteine sowie Beispielprogramme zur Verf\u00fcgung.","breadcrumb":{"@id":"https:\/\/linmot.com\/de\/support\/sps-library\/#breadcrumb"},"inLanguage":"de","potentialAction":[{"@type":"ReadAction","target":["https:\/\/linmot.com\/de\/support\/sps-library\/"]}]},{"@type":"BreadcrumbList","@id":"https:\/\/linmot.com\/de\/support\/sps-library\/#breadcrumb","itemListElement":[{"@type":"ListItem","position":1,"name":"LinMot","item":"https:\/\/linmot.com\/de\/"},{"@type":"ListItem","position":2,"name":"Support","item":"https:\/\/linmot.com\/de\/support\/"},{"@type":"ListItem","position":3,"name":"SPS Library"}]},{"@type":"WebSite","@id":"https:\/\/linmot.com\/de\/#website","url":"https:\/\/linmot.com\/de\/","name":"LinMot & MagSpring - Industrielle Linearmotoren","description":"Hochwertigen Linearmotoren und Linearmotorsystemen","publisher":{"@id":"https:\/\/linmot.com\/de\/#organization"},"potentialAction":[{"@type":"SearchAction","target":{"@type":"EntryPoint","urlTemplate":"https:\/\/linmot.com\/de\/?s={search_term_string}"},"query-input":{"@type":"PropertyValueSpecification","valueRequired":true,"valueName":"search_term_string"}}],"inLanguage":"de"},{"@type":"Organization","@id":"https:\/\/linmot.com\/de\/#organization","name":"NTI AG - LinMot & MagSpring","url":"https:\/\/linmot.com\/de\/","logo":{"@type":"ImageObject","inLanguage":"de","@id":"https:\/\/linmot.com\/de\/#\/schema\/logo\/image\/","url":"https:\/\/linmot.com\/de\/wp-content\/uploads\/sites\/2\/2022\/01\/social-logo.jpg","contentUrl":"https:\/\/linmot.com\/de\/wp-content\/uploads\/sites\/2\/2022\/01\/social-logo.jpg","width":800,"height":500,"caption":"NTI AG - LinMot & MagSpring"},"image":{"@id":"https:\/\/linmot.com\/de\/#\/schema\/logo\/image\/"},"sameAs":["https:\/\/www.linkedin.com\/company\/nti-ag-linmot-magspring","https:\/\/www.youtube.com\/user\/LinMotEurope","https:\/\/www.xing.com\/pages\/linmot-magspring"]}]}},"_links":{"self":[{"href":"https:\/\/linmot.com\/de\/wp-json\/wp\/v2\/pages\/261","targetHints":{"allow":["GET"]}}],"collection":[{"href":"https:\/\/linmot.com\/de\/wp-json\/wp\/v2\/pages"}],"about":[{"href":"https:\/\/linmot.com\/de\/wp-json\/wp\/v2\/types\/page"}],"author":[{"embeddable":true,"href":"https:\/\/linmot.com\/de\/wp-json\/wp\/v2\/users\/1"}],"replies":[{"embeddable":true,"href":"https:\/\/linmot.com\/de\/wp-json\/wp\/v2\/comments?post=261"}],"version-history":[{"count":24,"href":"https:\/\/linmot.com\/de\/wp-json\/wp\/v2\/pages\/261\/revisions"}],"predecessor-version":[{"id":6022,"href":"https:\/\/linmot.com\/de\/wp-json\/wp\/v2\/pages\/261\/revisions\/6022"}],"up":[{"embeddable":true,"href":"https:\/\/linmot.com\/de\/wp-json\/wp\/v2\/pages\/251"}],"wp:attachment":[{"href":"https:\/\/linmot.com\/de\/wp-json\/wp\/v2\/media?parent=261"}],"curies":[{"name":"wp","href":"https:\/\/api.w.org\/{rel}","templated":true}]}}