{"id":2607,"date":"2021-11-22T11:33:58","date_gmt":"2021-11-22T10:33:58","guid":{"rendered":"https:\/\/linmot.com\/de\/?page_id=2607"},"modified":"2025-04-14T15:55:07","modified_gmt":"2025-04-14T13:55:07","slug":"funktionale-sicherheit","status":"publish","type":"page","link":"https:\/\/linmot.com\/de\/produkte\/servo-drives\/funktionale-sicherheit\/","title":{"rendered":"Funktionale Sicherheit"},"content":{"rendered":"<p><strong>LinMot integriert mit &#8222;Funktionale Sicherheit&#8220; die entsprechenden Sicherheitsfunktionen und einige neue Zusatzfunktionen direkt in den Antrieb und Motor. Dabei wurde darauf geachtet, dass sie baugleich mit bestehenden Produkten sind.<\/strong><\/p>\n<hr \/>\n<div class=\"row\">\n<div class=\"col-sm-2\">\n<p><a class=\"button\" href=\"#details\">1. Details<\/a><\/p>\n<\/div>\n<div class=\"col-sm-1\">\n<\/div>\n<div class=\"col-sm-2\">\n<p><a class=\"button\" href=\"#videos\">2. Videos<\/a><\/p>\n<\/div>\n<div class=\"col-sm-1\">\n<\/div>\n<div class=\"col-sm-2\">\n<p><a class=\"button\" href=\"#artikel\">3. Artikel<\/a><\/p>\n<\/div>\n<div class=\"col-sm-1\">\n<\/div>\n<div class=\"col-sm-2\">\n<p><a class=\"button\" href=\"#kontakt\">4. Kontakt<\/a><\/p>\n<\/div>\n<\/div>\n<hr \/>\n<h3 id=\"details\">1. Details<\/h3>\n<p>Die Sicherheitsfunktionen sind direkt in den Antrieb integriert und ben\u00f6tigen keine zus\u00e4tzliche Hardware, was Ihnen k\u00fcrzere Inbetriebnahmezeiten und eine h\u00f6here Wirtschaftlichkeit durch effizientes Engineering und geringeren Verdrahtungsaufwand bietet.<\/p>\n<div class=\"row download\">\n<div class=\"col-md-6\">\n<h4 class=\"download-title\">Funktionale Sicherheitsfunktionen<\/h4>\n<ul>\n<li>STO: Safe Torque Off<\/li>\n<li>SS1: Safe Stop 1<\/li>\n<li>SS2: Safe Stop 2<\/li>\n<li>SOS: Safe Operating Stop<\/li>\n<li>SLS: Safe Limited Speed<\/li>\n<li>SBC: Safe Brake Control<\/li>\n<li>SBT: Safe Brake Test<\/li>\n<li>Parametrieren Sie Ihre Sicherheitsfunktion<\/li>\n<\/ul>\n<\/div>\n<div class=\"col-md-1\">\n<\/div>\n<div class=\"col-md-5\">\n<img loading=\"lazy\" decoding=\"async\" class=\"wp-image-2498 size-full aligncenter\" src=\"https:\/\/linmot.com\/wp-content\/uploads\/2021\/11\/functional-safety.jpg\" alt=\"Funktionale Sicherheit\" width=\"482\" height=\"352\" \/>\n<\/div>\n<\/div>\n<div class=\"row download\">\n<div class=\"col-md-6\">\n<h4 class=\"download-title\">Motorkomponenten<\/h4>\n<ul>\n<li>Sicherheits- und Standardmotoren mit gleichen Abmessungen<\/li>\n<li>Bauen Sie identische Maschinen, egal ob mit oder ohne funktionale Sicherheit<\/li>\n<li>Linearmotoren mit funktionaler Sicherheit mit integrierten Sicherheitspositionssensoren<\/li>\n<li>Einkabell\u00f6sung<\/li>\n<\/ul>\n<\/div>\n<div class=\"col-md-1\">\n<\/div>\n<div class=\"col-md-5\">\n<img loading=\"lazy\" decoding=\"async\" class=\"wp-image-5778 size-full aligncenter\" src=\"https:\/\/linmot.com\/de\/wp-content\/uploads\/sites\/2\/2025\/04\/functional-safety-adjusted.jpg\" alt=\"linmot-functional-safety-with-without-encoder\" width=\"300\" height=\"568\" srcset=\"https:\/\/linmot.com\/de\/wp-content\/uploads\/sites\/2\/2025\/04\/functional-safety-adjusted.jpg 300w, https:\/\/linmot.com\/de\/wp-content\/uploads\/sites\/2\/2025\/04\/functional-safety-adjusted-158x300.jpg 158w\" sizes=\"auto, (max-width: 300px) 100vw, 300px\" \/>\n<\/div>\n<\/div>\n<div class=\"row download\">\n<div class=\"col-md-6\">\n<h4 class=\"download-title\">Multi Schnittstelle<\/h4>\n<ul>\n<li>Multi-Interface-Drive<\/li>\n<li>Eine Hardware unterst\u00fctzt verschiedene Protokolle in Echtzeit<\/li>\n<li>Synchronisierte und unabh\u00e4ngige Bewegungen<\/li>\n<li>NC-Bewegung oder LinMot-Protokoll<\/li>\n<\/ul>\n<\/div>\n<div class=\"col-md-1\">\n<\/div>\n<div class=\"col-md-5\">\n<img loading=\"lazy\" decoding=\"async\" class=\"wp-image-2483 aligncenter\" src=\"https:\/\/linmot.com\/de\/wp-content\/uploads\/sites\/2\/2025\/04\/functional_safety_feldbusse_linmot.jpg\" alt=\"Funktionale Sicherheit im Zusammenspiel mit Feldbusschnittstellen\" width=\"768\" height=\"687\" \/>\n<\/div>\n<\/div>\n<h2 id=\"videos\">2. Videos<\/h2>\n<div class=\"row download\">\n<div class=\"col-md-6\">\n<h4 class=\"download-title\">Funktionale Sicherheit &#8211; So funktioniert es<\/h4>\n<p class=\"bodytext\" align=\"justify\">LinMot bietet ein komplettes, funktionales Sicherheitspaket aus einer Hand. Die Sicherheitsfunktionen sind direkt in den Antrieb integriert und ben\u00f6tigen keine zus\u00e4tzliche Hardware. Die Linearmotoren\/Module verf\u00fcgen \u00fcber eine integrierte Sicherheits-Positionssensorik.<\/p>\n<\/div>\n<div class=\"col-md-1\">\n<\/div>\n<div class=\"col-md-5\">\n<div class=\"brlbs-cmpnt-container brlbs-cmpnt-content-blocker brlbs-cmpnt-with-individual-styles\" data-borlabs-cookie-content-blocker-id=\"youtube-content-blocker\" data-borlabs-cookie-content=\"PGlmcmFtZSB0aXRsZT0iWW91VHViZSB2aWRlbyBwbGF5ZXIiIHNyYz0iaHR0cHM6Ly93d3cueW91dHViZS1ub2Nvb2tpZS5jb20vZW1iZWQvdWdHX0x0ZjlyQkkiIHdpZHRoPSIzOTQiIGhlaWdodD0iMjIwIiBmcmFtZWJvcmRlcj0iMCIgYWxsb3dmdWxsc2NyZWVuPSJhbGxvd2Z1bGxzY3JlZW4iPjwvaWZyYW1lPg==\">\n<div class=\"brlbs-cmpnt-cb-preset-c brlbs-cmpnt-cb-youtube\">\n<div class=\"brlbs-cmpnt-cb-thumbnail\" style=\"background-image: url('https:\/\/linmot.com\/de\/wp-content\/uploads\/borlabs-cookie\/2\/yt_ugG_Ltf9rBI_hqdefault.jpg')\"><\/div>\n<div class=\"brlbs-cmpnt-cb-main\">\n<div class=\"brlbs-cmpnt-cb-play-button\"><\/div>\n<div class=\"brlbs-cmpnt-cb-content\">\n<p class=\"brlbs-cmpnt-cb-description\">Sie sehen gerade einen Platzhalterinhalt von <strong>YouTube<\/strong>. Um auf den eigentlichen Inhalt zuzugreifen, klicken Sie auf die Schaltfl\u00e4che unten. Bitte beachten Sie, dass dabei Daten an Drittanbieter weitergegeben werden.<\/p>\n<p> <a class=\"brlbs-cmpnt-cb-provider-toggle\" href=\"#\" data-borlabs-cookie-show-provider-information role=\"button\">Mehr Informationen<\/a> <\/div>\n<div class=\"brlbs-cmpnt-cb-buttons\"> <a class=\"brlbs-cmpnt-cb-btn\" href=\"#\" data-borlabs-cookie-unblock role=\"button\">Inhalt entsperren<\/a> <a class=\"brlbs-cmpnt-cb-btn\" href=\"#\" data-borlabs-cookie-accept-service role=\"button\" style=\"display: inherit\">Erforderlichen Service akzeptieren und Inhalte entsperren<\/a> <\/div>\n<\/p><\/div>\n<\/p><\/div>\n<\/div>\n<\/div>\n<\/div>\n<h2 id=\"artikel\">3. Artikel<\/h2>\n<div class=\"row download\">\n<div class=\"col-md-3\">\n<h4 class=\"download-title\">Funktionale Sicherheit f\u00fcr industrielle Linearmotoren<\/h4>\n<p class=\"bodytext\" align=\"justify\">Bislang waren Maschinenbauer beim Einsatz dynamischer Linearmotoren hinsichtlich der Gew\u00e4hrleistung der funktionalen Sicherheit weitgehend auf sich selbst gestellt. Jetzt steht erstmals ein Komplettpaket zur Verf\u00fcgung, das diesen Schritt f\u00fcr Anwender deutlich vereinfacht. LinMot hat Sicherheitsmerkmale und einige neue Zusatzfunktionen direkt in Motor und Regler integriert und dabei auf eine Baugleichheit zu bislang bestehenden Produkten geachtet.<\/p>\n<p><a class=\"button\" href=\"\/de\/blog\/funktionale-sicherheit-fuer-industrielle-linearmotoren\/\">Zum Artikel<\/a><br \/>\n<\/div>\n<div class=\"col-md-2\">\n<img loading=\"lazy\" decoding=\"async\" class=\"aligncenter size-full wp-image-4041\" src=\"https:\/\/linmot.com\/de\/wp-content\/uploads\/sites\/2\/2023\/01\/vorschau-fuctional-safety.jpg\" alt=\"\" width=\"220\" height=\"220\" srcset=\"https:\/\/linmot.com\/de\/wp-content\/uploads\/sites\/2\/2023\/01\/vorschau-fuctional-safety.jpg 220w, https:\/\/linmot.com\/de\/wp-content\/uploads\/sites\/2\/2023\/01\/vorschau-fuctional-safety-150x150.jpg 150w\" sizes=\"auto, (max-width: 220px) 100vw, 220px\" \/><br \/>\n<\/div>\n<div class=\"col-md-2\">\n<\/div>\n<div class=\"col-md-3\">\n<h4 class=\"download-title\">Gardena bewegt durch LinMot die Zukunft des Wassers<\/h4>\n<p class=\"bodytext\" align=\"justify\">Denkt man nur an die bereits 1973 akkubetriebene Rasenkantenschere oder den Bew\u00e4sserungscomputer aus den 1980er Jahren, erwies sich GARDENA schon immer als besonders nachhaltig denkender Innovator. Mit modernster Hubdreh- und Lineartechnik des Antriebsspezialisten LinMot ist es GARDENA gelungen, Pr\u00e4zision, Geschwindigkeit und Nachhaltigkeit seiner Produktionsanlagen neu zu definieren.<\/p>\n<p><a class=\"button\" href=\"\/de\/blog\/gardena-bewegt-durch-linmot-in-die-zukunft-des-wassers\/\">Zum Artikel<\/a><br \/>\n<\/div>\n<div class=\"col-md-2\">\n<img loading=\"lazy\" decoding=\"async\" class=\"aligncenter wp-image-4450 size-full\" src=\"https:\/\/linmot.com\/de\/wp-content\/uploads\/sites\/2\/2023\/07\/gardena-vorschau.jpg\" alt=\"\" width=\"220\" height=\"220\" srcset=\"https:\/\/linmot.com\/de\/wp-content\/uploads\/sites\/2\/2023\/07\/gardena-vorschau.jpg 220w, https:\/\/linmot.com\/de\/wp-content\/uploads\/sites\/2\/2023\/07\/gardena-vorschau-150x150.jpg 150w\" sizes=\"auto, (max-width: 220px) 100vw, 220px\" \/><br \/>\n<\/div>\n<\/div>\n<h3 id=\"kontakt\">4. Kontakt<\/h3>\n<div class=\"row download\">\n<div class=\"col-md-6\">\n<h4 class=\"download-title\">Fragen zur funktionalen Sicherheit?<\/h4>\n<p class=\"bodytext\">Wir stehen Ihnen f\u00fcr Fragen gerne zur Verf\u00fcgung.<br \/>\nMelden Sie sich hierf\u00fcr \u00fcber das folgende Formular bei uns oder rufen Sie uns an unter:<\/p>\n<p class=\"bodytext\">Tel: +41 56 544 71 00<\/p>\n<p class=\"bodytext\">Das LinMot-Team<\/p>\n<img loading=\"lazy\" decoding=\"async\" class=\"size-full wp-image-3464 alignleft\" src=\"https:\/\/linmot.com\/de\/wp-content\/uploads\/sites\/2\/2021\/11\/tuv-nord-safety-approved.jpg\" alt=\"\" width=\"150\" height=\"244\" \/>\n<\/div>\n<div class=\"col-md-1\">\n<\/div>\n<div class=\"col-md-5\">\n\n<div class=\"wpcf7 no-js\" id=\"wpcf7-f1617-o1\" lang=\"de-DE\" dir=\"ltr\" data-wpcf7-id=\"1617\">\n<div class=\"screen-reader-response\"><p role=\"status\" aria-live=\"polite\" aria-atomic=\"true\"><\/p> <ul><\/ul><\/div>\n<form action=\"\/de\/wp-json\/wp\/v2\/pages\/2607#wpcf7-f1617-o1\" method=\"post\" class=\"wpcf7-form init\" aria-label=\"Kontaktformular\" novalidate=\"novalidate\" data-status=\"init\">\n<fieldset class=\"hidden-fields-container\"><input type=\"hidden\" name=\"_wpcf7\" value=\"1617\" \/><input type=\"hidden\" name=\"_wpcf7_version\" value=\"6.1.5\" \/><input type=\"hidden\" name=\"_wpcf7_locale\" value=\"de_DE\" \/><input type=\"hidden\" name=\"_wpcf7_unit_tag\" value=\"wpcf7-f1617-o1\" \/><input type=\"hidden\" name=\"_wpcf7_container_post\" value=\"0\" \/><input type=\"hidden\" name=\"_wpcf7_posted_data_hash\" value=\"\" \/><input type=\"hidden\" name=\"_wpcf7_recaptcha_response\" value=\"\" \/>\n<\/fieldset>\n<label> Ihr Name<br>\n    <span class=\"wpcf7-form-control-wrap\" data-name=\"your-name\"><input size=\"40\" maxlength=\"400\" class=\"wpcf7-form-control wpcf7-text wpcf7-validates-as-required\" aria-required=\"true\" aria-invalid=\"false\" value=\"\" type=\"text\" name=\"your-name\" \/><\/span> <\/label>\n<br>\n<label> Ihre Firma<br>\n    <span class=\"wpcf7-form-control-wrap\" data-name=\"your-company\"><input size=\"40\" maxlength=\"400\" class=\"wpcf7-form-control wpcf7-text wpcf7-validates-as-required\" aria-required=\"true\" aria-invalid=\"false\" value=\"\" type=\"text\" name=\"your-company\" \/><\/span> <\/label>\n<br>\n<label> Postleitzahl<br>\n    <span class=\"wpcf7-form-control-wrap\" data-name=\"your-plz\"><input class=\"wpcf7-form-control wpcf7-number wpcf7-validates-as-required wpcf7-validates-as-number\" aria-required=\"true\" aria-invalid=\"false\" value=\"\" type=\"number\" name=\"your-plz\" \/><\/span> <\/label>\n<br>\n<label> Land<br>\n    <span class=\"wpcf7-form-control-wrap\" data-name=\"your-country\"><input size=\"40\" maxlength=\"400\" class=\"wpcf7-form-control wpcf7-text wpcf7-validates-as-required\" aria-required=\"true\" aria-invalid=\"false\" value=\"\" type=\"text\" name=\"your-country\" \/><\/span> <\/label>\n<br>\n<label> Telefonnummer<br>\n    <span class=\"wpcf7-form-control-wrap\" data-name=\"your-telephone\"><input size=\"40\" maxlength=\"400\" class=\"wpcf7-form-control wpcf7-tel wpcf7-text wpcf7-validates-as-tel\" aria-invalid=\"false\" value=\"\" type=\"tel\" name=\"your-telephone\" \/><\/span> <\/label>\n<br>\n<label> E-Mail-Adresse<br>\n    <span class=\"wpcf7-form-control-wrap\" data-name=\"your-email\"><input size=\"40\" maxlength=\"400\" class=\"wpcf7-form-control wpcf7-email wpcf7-validates-as-required wpcf7-text wpcf7-validates-as-email\" aria-required=\"true\" aria-invalid=\"false\" value=\"\" type=\"email\" name=\"your-email\" \/><\/span> <\/label>\n<br>\n<label> Ihre Frage<br>\n    <span class=\"wpcf7-form-control-wrap\" data-name=\"your-message\"><textarea cols=\"40\" rows=\"10\" maxlength=\"2000\" class=\"wpcf7-form-control wpcf7-textarea\" aria-invalid=\"false\" name=\"your-message\"><\/textarea><\/span> <\/label>\n<br>\n<input class=\"wpcf7-form-control wpcf7-submit has-spinner\" type=\"submit\" value=\"Senden\" \/><div class=\"wpcf7-response-output\" aria-hidden=\"true\"><\/div>\n<\/form>\n<\/div>\n\n<\/div>\n<\/div>\n","protected":false},"excerpt":{"rendered":"<p>LinMot integriert mit &#8222;Funktionale Sicherheit&#8220; die entsprechenden Sicherheitsfunktionen und einige neue Zusatzfunktionen direkt in den Antrieb und Motor. Dabei wurde darauf geachtet, dass sie baugleich mit bestehenden Produkten sind. 1. Details Die Sicherheitsfunktionen sind direkt in den Antrieb integriert und ben\u00f6tigen keine zus\u00e4tzliche Hardware, was Ihnen k\u00fcrzere Inbetriebnahmezeiten und eine h\u00f6here Wirtschaftlichkeit durch effizientes Engineering [&hellip;]<\/p>\n","protected":false},"author":9,"featured_media":0,"parent":46,"menu_order":65,"comment_status":"closed","ping_status":"closed","template":"","meta":{"_acf_changed":false,"footnotes":""},"class_list":["post-2607","page","type-page","status-publish","hentry"],"acf":[],"yoast_head":"<!-- This site is optimized with the Yoast SEO Premium plugin v20.9 (Yoast SEO v27.2) - https:\/\/yoast.com\/product\/yoast-seo-premium-wordpress\/ -->\n<title>Funktionale Sicherheit mit LinMot &amp; MagSpring<\/title>\n<meta name=\"description\" content=\"LinMot integriert mit &quot;Funktionale Sicherheit&quot; die Sicherheitsfunktionen und einige neue Zusatzfunktionen direkt in den Antrieb und Motor.\" \/>\n<meta name=\"robots\" content=\"index, follow, max-snippet:-1, max-image-preview:large, max-video-preview:-1\" \/>\n<link rel=\"canonical\" href=\"https:\/\/linmot.com\/de\/produkte\/servo-drives\/funktionale-sicherheit\/\" \/>\n<meta property=\"og:locale\" content=\"de_DE\" \/>\n<meta property=\"og:type\" content=\"article\" \/>\n<meta property=\"og:title\" content=\"Funktionale Sicherheit | Linear Motion Technology Leader | LinMot\" \/>\n<meta property=\"og:description\" content=\"LinMot integriert mit &quot;Funktionale Sicherheit&quot; die Sicherheitsfunktionen und einige neue Zusatzfunktionen direkt in den Antrieb und Motor.\" \/>\n<meta property=\"og:url\" content=\"https:\/\/linmot.com\/de\/produkte\/servo-drives\/funktionale-sicherheit\/\" \/>\n<meta property=\"og:site_name\" content=\"LinMot &amp; MagSpring - Deutsch\" \/>\n<meta property=\"article:modified_time\" content=\"2025-04-14T13:55:07+00:00\" \/>\n<meta property=\"og:image\" content=\"https:\/\/linmot.com\/de\/wp-content\/uploads\/sites\/2\/2022\/01\/social-logo.jpg\" \/>\n\t<meta property=\"og:image:width\" content=\"800\" \/>\n\t<meta property=\"og:image:height\" content=\"500\" \/>\n\t<meta property=\"og:image:type\" content=\"image\/jpeg\" \/>\n<meta name=\"twitter:card\" content=\"summary_large_image\" \/>\n<meta name=\"twitter:title\" content=\"Funktionale Sicherheit | Linear Motion Technology Leader | LinMot\" \/>\n<meta name=\"twitter:description\" content=\"LinMot integriert mit &quot;Funktionale Sicherheit&quot; die Sicherheitsfunktionen und einige neue Zusatzfunktionen direkt in den Antrieb und Motor.\" \/>\n<meta name=\"twitter:image\" content=\"https:\/\/linmot.com\/de\/wp-content\/uploads\/sites\/2\/2021\/11\/SLS-funktionale-Sicherheit.jpg\" \/>\n<meta name=\"twitter:label1\" content=\"Gesch\u00e4tzte Lesezeit\" \/>\n\t<meta name=\"twitter:data1\" content=\"4 Minuten\" \/>\n<script type=\"application\/ld+json\" class=\"yoast-schema-graph\">{\"@context\":\"https:\/\/schema.org\",\"@graph\":[{\"@type\":\"WebPage\",\"@id\":\"https:\/\/linmot.com\/de\/produkte\/servo-drives\/funktionale-sicherheit\/\",\"url\":\"https:\/\/linmot.com\/de\/produkte\/servo-drives\/funktionale-sicherheit\/\",\"name\":\"Funktionale Sicherheit mit LinMot & MagSpring\",\"isPartOf\":{\"@id\":\"https:\/\/linmot.com\/de\/#website\"},\"primaryImageOfPage\":{\"@id\":\"https:\/\/linmot.com\/de\/produkte\/servo-drives\/funktionale-sicherheit\/#primaryimage\"},\"image\":{\"@id\":\"https:\/\/linmot.com\/de\/produkte\/servo-drives\/funktionale-sicherheit\/#primaryimage\"},\"thumbnailUrl\":\"https:\/\/linmot.com\/wp-content\/uploads\/2021\/11\/functional-safety.jpg\",\"datePublished\":\"2021-11-22T10:33:58+00:00\",\"dateModified\":\"2025-04-14T13:55:07+00:00\",\"description\":\"LinMot integriert mit \\\"Funktionale Sicherheit\\\" die Sicherheitsfunktionen und einige neue Zusatzfunktionen direkt in den Antrieb und Motor.\",\"breadcrumb\":{\"@id\":\"https:\/\/linmot.com\/de\/produkte\/servo-drives\/funktionale-sicherheit\/#breadcrumb\"},\"inLanguage\":\"de\",\"potentialAction\":[{\"@type\":\"ReadAction\",\"target\":[\"https:\/\/linmot.com\/de\/produkte\/servo-drives\/funktionale-sicherheit\/\"]}]},{\"@type\":\"ImageObject\",\"inLanguage\":\"de\",\"@id\":\"https:\/\/linmot.com\/de\/produkte\/servo-drives\/funktionale-sicherheit\/#primaryimage\",\"url\":\"https:\/\/linmot.com\/wp-content\/uploads\/2021\/11\/functional-safety.jpg\",\"contentUrl\":\"https:\/\/linmot.com\/wp-content\/uploads\/2021\/11\/functional-safety.jpg\"},{\"@type\":\"BreadcrumbList\",\"@id\":\"https:\/\/linmot.com\/de\/produkte\/servo-drives\/funktionale-sicherheit\/#breadcrumb\",\"itemListElement\":[{\"@type\":\"ListItem\",\"position\":1,\"name\":\"LinMot\",\"item\":\"https:\/\/linmot.com\/de\/\"},{\"@type\":\"ListItem\",\"position\":2,\"name\":\"Produkte\",\"item\":\"https:\/\/linmot.com\/de\/produkte\/\"},{\"@type\":\"ListItem\",\"position\":3,\"name\":\"Servo Drives\",\"item\":\"https:\/\/linmot.com\/de\/produkte\/servo-drives\/\"},{\"@type\":\"ListItem\",\"position\":4,\"name\":\"Funktionale Sicherheit\"}]},{\"@type\":\"WebSite\",\"@id\":\"https:\/\/linmot.com\/de\/#website\",\"url\":\"https:\/\/linmot.com\/de\/\",\"name\":\"LinMot & MagSpring - Industrielle Linearmotoren\",\"description\":\"Hochwertigen Linearmotoren und Linearmotorsystemen\",\"publisher\":{\"@id\":\"https:\/\/linmot.com\/de\/#organization\"},\"potentialAction\":[{\"@type\":\"SearchAction\",\"target\":{\"@type\":\"EntryPoint\",\"urlTemplate\":\"https:\/\/linmot.com\/de\/?s={search_term_string}\"},\"query-input\":{\"@type\":\"PropertyValueSpecification\",\"valueRequired\":true,\"valueName\":\"search_term_string\"}}],\"inLanguage\":\"de\"},{\"@type\":\"Organization\",\"@id\":\"https:\/\/linmot.com\/de\/#organization\",\"name\":\"NTI AG - LinMot & MagSpring\",\"url\":\"https:\/\/linmot.com\/de\/\",\"logo\":{\"@type\":\"ImageObject\",\"inLanguage\":\"de\",\"@id\":\"https:\/\/linmot.com\/de\/#\/schema\/logo\/image\/\",\"url\":\"https:\/\/linmot.com\/de\/wp-content\/uploads\/sites\/2\/2022\/01\/social-logo.jpg\",\"contentUrl\":\"https:\/\/linmot.com\/de\/wp-content\/uploads\/sites\/2\/2022\/01\/social-logo.jpg\",\"width\":800,\"height\":500,\"caption\":\"NTI AG - LinMot & MagSpring\"},\"image\":{\"@id\":\"https:\/\/linmot.com\/de\/#\/schema\/logo\/image\/\"},\"sameAs\":[\"https:\/\/www.linkedin.com\/company\/nti-ag-linmot-magspring\",\"https:\/\/www.youtube.com\/user\/LinMotEurope\",\"https:\/\/www.xing.com\/pages\/linmot-magspring\"]}]}<\/script>\n<!-- \/ Yoast SEO Premium plugin. -->","yoast_head_json":{"title":"Funktionale Sicherheit mit LinMot & MagSpring","description":"LinMot integriert mit \"Funktionale Sicherheit\" die Sicherheitsfunktionen und einige neue Zusatzfunktionen direkt in den Antrieb und Motor.","robots":{"index":"index","follow":"follow","max-snippet":"max-snippet:-1","max-image-preview":"max-image-preview:large","max-video-preview":"max-video-preview:-1"},"canonical":"https:\/\/linmot.com\/de\/produkte\/servo-drives\/funktionale-sicherheit\/","og_locale":"de_DE","og_type":"article","og_title":"Funktionale Sicherheit | Linear Motion Technology Leader | LinMot","og_description":"LinMot integriert mit \"Funktionale Sicherheit\" die Sicherheitsfunktionen und einige neue Zusatzfunktionen direkt in den Antrieb und Motor.","og_url":"https:\/\/linmot.com\/de\/produkte\/servo-drives\/funktionale-sicherheit\/","og_site_name":"LinMot &amp; MagSpring - Deutsch","article_modified_time":"2025-04-14T13:55:07+00:00","og_image":[{"width":800,"height":500,"url":"https:\/\/linmot.com\/de\/wp-content\/uploads\/sites\/2\/2022\/01\/social-logo.jpg","type":"image\/jpeg"}],"twitter_card":"summary_large_image","twitter_title":"Funktionale Sicherheit | Linear Motion Technology Leader | LinMot","twitter_description":"LinMot integriert mit \"Funktionale Sicherheit\" die Sicherheitsfunktionen und einige neue Zusatzfunktionen direkt in den Antrieb und Motor.","twitter_image":"https:\/\/linmot.com\/de\/wp-content\/uploads\/sites\/2\/2021\/11\/SLS-funktionale-Sicherheit.jpg","twitter_misc":{"Gesch\u00e4tzte Lesezeit":"4 Minuten"},"schema":{"@context":"https:\/\/schema.org","@graph":[{"@type":"WebPage","@id":"https:\/\/linmot.com\/de\/produkte\/servo-drives\/funktionale-sicherheit\/","url":"https:\/\/linmot.com\/de\/produkte\/servo-drives\/funktionale-sicherheit\/","name":"Funktionale Sicherheit mit LinMot & MagSpring","isPartOf":{"@id":"https:\/\/linmot.com\/de\/#website"},"primaryImageOfPage":{"@id":"https:\/\/linmot.com\/de\/produkte\/servo-drives\/funktionale-sicherheit\/#primaryimage"},"image":{"@id":"https:\/\/linmot.com\/de\/produkte\/servo-drives\/funktionale-sicherheit\/#primaryimage"},"thumbnailUrl":"https:\/\/linmot.com\/wp-content\/uploads\/2021\/11\/functional-safety.jpg","datePublished":"2021-11-22T10:33:58+00:00","dateModified":"2025-04-14T13:55:07+00:00","description":"LinMot integriert mit \"Funktionale Sicherheit\" die Sicherheitsfunktionen und einige neue Zusatzfunktionen direkt in den Antrieb und Motor.","breadcrumb":{"@id":"https:\/\/linmot.com\/de\/produkte\/servo-drives\/funktionale-sicherheit\/#breadcrumb"},"inLanguage":"de","potentialAction":[{"@type":"ReadAction","target":["https:\/\/linmot.com\/de\/produkte\/servo-drives\/funktionale-sicherheit\/"]}]},{"@type":"ImageObject","inLanguage":"de","@id":"https:\/\/linmot.com\/de\/produkte\/servo-drives\/funktionale-sicherheit\/#primaryimage","url":"https:\/\/linmot.com\/wp-content\/uploads\/2021\/11\/functional-safety.jpg","contentUrl":"https:\/\/linmot.com\/wp-content\/uploads\/2021\/11\/functional-safety.jpg"},{"@type":"BreadcrumbList","@id":"https:\/\/linmot.com\/de\/produkte\/servo-drives\/funktionale-sicherheit\/#breadcrumb","itemListElement":[{"@type":"ListItem","position":1,"name":"LinMot","item":"https:\/\/linmot.com\/de\/"},{"@type":"ListItem","position":2,"name":"Produkte","item":"https:\/\/linmot.com\/de\/produkte\/"},{"@type":"ListItem","position":3,"name":"Servo Drives","item":"https:\/\/linmot.com\/de\/produkte\/servo-drives\/"},{"@type":"ListItem","position":4,"name":"Funktionale Sicherheit"}]},{"@type":"WebSite","@id":"https:\/\/linmot.com\/de\/#website","url":"https:\/\/linmot.com\/de\/","name":"LinMot & MagSpring - Industrielle Linearmotoren","description":"Hochwertigen Linearmotoren und Linearmotorsystemen","publisher":{"@id":"https:\/\/linmot.com\/de\/#organization"},"potentialAction":[{"@type":"SearchAction","target":{"@type":"EntryPoint","urlTemplate":"https:\/\/linmot.com\/de\/?s={search_term_string}"},"query-input":{"@type":"PropertyValueSpecification","valueRequired":true,"valueName":"search_term_string"}}],"inLanguage":"de"},{"@type":"Organization","@id":"https:\/\/linmot.com\/de\/#organization","name":"NTI AG - LinMot & MagSpring","url":"https:\/\/linmot.com\/de\/","logo":{"@type":"ImageObject","inLanguage":"de","@id":"https:\/\/linmot.com\/de\/#\/schema\/logo\/image\/","url":"https:\/\/linmot.com\/de\/wp-content\/uploads\/sites\/2\/2022\/01\/social-logo.jpg","contentUrl":"https:\/\/linmot.com\/de\/wp-content\/uploads\/sites\/2\/2022\/01\/social-logo.jpg","width":800,"height":500,"caption":"NTI AG - LinMot & MagSpring"},"image":{"@id":"https:\/\/linmot.com\/de\/#\/schema\/logo\/image\/"},"sameAs":["https:\/\/www.linkedin.com\/company\/nti-ag-linmot-magspring","https:\/\/www.youtube.com\/user\/LinMotEurope","https:\/\/www.xing.com\/pages\/linmot-magspring"]}]}},"_links":{"self":[{"href":"https:\/\/linmot.com\/de\/wp-json\/wp\/v2\/pages\/2607","targetHints":{"allow":["GET"]}}],"collection":[{"href":"https:\/\/linmot.com\/de\/wp-json\/wp\/v2\/pages"}],"about":[{"href":"https:\/\/linmot.com\/de\/wp-json\/wp\/v2\/types\/page"}],"author":[{"embeddable":true,"href":"https:\/\/linmot.com\/de\/wp-json\/wp\/v2\/users\/9"}],"replies":[{"embeddable":true,"href":"https:\/\/linmot.com\/de\/wp-json\/wp\/v2\/comments?post=2607"}],"version-history":[{"count":45,"href":"https:\/\/linmot.com\/de\/wp-json\/wp\/v2\/pages\/2607\/revisions"}],"predecessor-version":[{"id":5785,"href":"https:\/\/linmot.com\/de\/wp-json\/wp\/v2\/pages\/2607\/revisions\/5785"}],"up":[{"embeddable":true,"href":"https:\/\/linmot.com\/de\/wp-json\/wp\/v2\/pages\/46"}],"wp:attachment":[{"href":"https:\/\/linmot.com\/de\/wp-json\/wp\/v2\/media?parent=2607"}],"curies":[{"name":"wp","href":"https:\/\/api.w.org\/{rel}","templated":true}]}}