{"id":2589,"date":"2021-11-22T11:01:31","date_gmt":"2021-11-22T10:01:31","guid":{"rendered":"https:\/\/linmot.com\/de\/?page_id=2589"},"modified":"2024-08-28T16:26:48","modified_gmt":"2024-08-28T14:26:48","slug":"prozessueberwachung","status":"publish","type":"page","link":"https:\/\/linmot.com\/de\/produkte\/servo-drives\/prozessueberwachung\/","title":{"rendered":"Prozess\u00fcberwachung"},"content":{"rendered":"<p><strong>Mit der \u00abProzess\u00fcberwachung\u00bb geht LinMot den n\u00e4chsten Schritt in Richtung Industrie 4.0.<\/strong><\/p>\n<hr \/>\n<div class=\"row\">\n<div class=\"col-sm-2\">\n<p><a class=\"button\" href=\"#details\">1. Details<\/a><\/p>\n<\/div>\n<div class=\"col-sm-1\">\n<\/div>\n<div class=\"col-sm-2\">\n<p><a class=\"button\" href=\"#anwendung\">2. Anwendung<\/a><\/p>\n<\/div>\n<div class=\"col-sm-1\">\n<\/div>\n<div class=\"col-sm-2\">\n<p><a class=\"button\" href=\"#kontakt\">3. Kontakt<\/a><\/p>\n<\/div>\n<\/div>\n<hr \/>\n<h2 id=\"details\">1. Details<\/h2>\n<p align=\"justify\">Um die Qualit\u00e4t zu steigern, reaktionsschnelle Prozessanpassungen aufgrund externer Einfl\u00fcsse zu t\u00e4tigen oder aber die R\u00fcckverfolgbarkeit eines jeden einzelnen Produktes zu gew\u00e4hrleisten, ist es n\u00f6tig, den eigentlichen Prozess bestm\u00f6glich zu kennen. LinMot Drives zeichnen sich durch ihre sehr schnelle Zykluszeit aus und k\u00f6nnen dadurch einzelne Messpunkte mit h\u00f6chstm\u00f6glicher Abtastrate erfassen. Der Anwender erh\u00e4lt dadurch ein detailliertes Prozessbild und kann aufgrund dieser Daten entscheiden, ob der Prozess gelungen ist oder nicht.<\/p>\n<blockquote><p>\u00abDer Steuerung ist es nicht nur m\u00f6glich, den Prozess nach dessen Beendigung zu beurteilen, sondern auch \u00abon the fly\u00bb anzupassen und auf Prozesseinfl\u00fcsse direkt zu reagieren.\u00bb<\/p><\/blockquote>\n<img loading=\"lazy\" decoding=\"async\" class=\"alignnone wp-image-2605 size-full\" src=\"https:\/\/linmot.com\/de\/wp-content\/uploads\/sites\/2\/2021\/11\/prozess-monitoring-visualisierung.jpg\" alt=\"Process Monitoring\" width=\"1024\" height=\"684\" srcset=\"https:\/\/linmot.com\/de\/wp-content\/uploads\/sites\/2\/2021\/11\/prozess-monitoring-visualisierung.jpg 1024w, https:\/\/linmot.com\/de\/wp-content\/uploads\/sites\/2\/2021\/11\/prozess-monitoring-visualisierung-300x200.jpg 300w, https:\/\/linmot.com\/de\/wp-content\/uploads\/sites\/2\/2021\/11\/prozess-monitoring-visualisierung-768x513.jpg 768w\" sizes=\"auto, (max-width: 1024px) 100vw, 1024px\" \/>\n<p align=\"justify\">Mittels Prozess\u00fcberwachung kann der Benutzer seinen Prozess auf einfache Art und Weise \u00fcberwachen. Dabei k\u00f6nnen die f\u00fcr den Prozess entscheidenden Messgr\u00f6ssen aufgezeichnet und ausgewertet werden. Neben der eigentlichen Prozess\u00fcberwachung kann dadurch auch eine gleichbleibende Qualit\u00e4t sichergestellt, die Daten zwecks Analysefunktionen weiterverarbeiten oder sogar eine vorausschauende Wartung realisiert werden. Der, vor allem im Maschinenbau, immer mehr geforderten Datenanalyse gem\u00e4ss Industrie 4.0 steht damit nichts im Wege.<\/p>\n<blockquote><p>\u00abDurch die kontinuierliche Prozess\u00fcberwachung in Echtzeit kann jede montierte Einheit r\u00fcckverfolgt werden\u00bb<\/p><\/blockquote>\n<div class=\"row\">\n<div class=\"col-md-7\">\n<h4 class=\"download-title\">Die Vorteile<\/h4>\n<ul>\n<li>Datenauswertung in Echtzeit &#8211; Unabh\u00e4ngig von der Buszykluszeit<\/li>\n<li>Reaktionsschnelle Prozessevaluation &amp; -anpassung<\/li>\n<li>Einfache Kommunikation mit der SPS<\/li>\n<li>Optimierung Ihrer Qualit\u00e4tskontrolle<\/li>\n<li>Datenanalyse auf hohem Niveau<\/li>\n<\/ul>\n<\/div>\n<div class=\"col-md-5\">\n<img loading=\"lazy\" decoding=\"async\" class=\"alignnone wp-image-2595 size-full\" src=\"https:\/\/linmot.com\/de\/wp-content\/uploads\/sites\/2\/2021\/11\/image001.jpg\" alt=\"Vorteile Process Monitoring\" width=\"221\" height=\"209\" \/>\n<p><strong>\u00dcberwachung von beliebigen Variablen m\u00f6glich (obige Abbildung nicht abschliessend).<\/strong><br \/>\n<\/div>\n<\/div>\n<hr \/>\n<h3>Kompatibel mit der Prozess\u00fcberwachung von Drittanbietern<\/h3>\n<div class=\"row\">\n<div class=\"col-md-7\">\n<strong id=\"start\">Flexible Prozess\u00fcberwachung: LinMot Produkte sind mit Monitoring -Systemen von Drittanbietern kompatibel. Dies erm\u00f6glicht eine Bewertung von hochdynamischen Prozessen auf h\u00f6chster Ebene.<\/strong><\/p>\n<ul>\n<li>Zusammenarbeit zwischen LinMot und Drittanbietern<\/li>\n<li>C1250-SC Antrieb durch Drittsystem steuerbar<\/li>\n<li>Datenauswertung in Echtzeit<\/li>\n<li>Kontrollieren Sie Ihre Qualit\u00e4t<\/li>\n<li>\u00dcberwachen Sie Ihren Prozess<\/li>\n<li>Beobachten Sie Ihre Anwendung<\/li>\n<li>Kennen Sie Ihren Prozess<\/li>\n<\/ul>\n<\/div>\n<div class=\"col-md-5\">\n<div style=\"width: 394px;\" class=\"wp-video\"><video class=\"wp-video-shortcode\" id=\"video-2589-1\" width=\"394\" height=\"220\" preload=\"metadata\" controls=\"controls\"><source type=\"video\/mp4\" src=\"https:\/\/linmot.com\/de\/wp-content\/uploads\/sites\/2\/2021\/11\/Kistler-Video-Process-Monitoring_1.mp4?_=1\" \/><a href=\"https:\/\/linmot.com\/de\/wp-content\/uploads\/sites\/2\/2021\/11\/Kistler-Video-Process-Monitoring_1.mp4\">https:\/\/linmot.com\/de\/wp-content\/uploads\/sites\/2\/2021\/11\/Kistler-Video-Process-Monitoring_1.mp4<\/a><\/video><\/div>\n<\/div>\n<\/div>\n<p>&nbsp;<\/p>\n<p align=\"justify\">Prozess\u00fcberwachungs-Systeme k\u00f6nnen die Qualit\u00e4t eines Produktes oder Fertigungsschrittes anhand eines XY-Kurvenverlaufs \u00fcberwachen und bewerten. Mithilfe von Bewertungselementen passt der Anwender die Kurvenauswertung an die individuelle \u00dcberwachungsaufgabe an. Entsprechend dieser Vorgabe entscheidet das Systeme bei jedem einzelnen Werkst\u00fcck \u00fcber Gut und Schlecht.<\/p>\n<img loading=\"lazy\" decoding=\"async\" class=\"alignnone size-full wp-image-2806 aligncenter\" src=\"https:\/\/linmot.com\/de\/wp-content\/uploads\/sites\/2\/2022\/01\/process-monitoring-third-parties.jpg\" alt=\"\" width=\"605\" height=\"342\" srcset=\"https:\/\/linmot.com\/de\/wp-content\/uploads\/sites\/2\/2022\/01\/process-monitoring-third-parties.jpg 605w, https:\/\/linmot.com\/de\/wp-content\/uploads\/sites\/2\/2022\/01\/process-monitoring-third-parties-300x170.jpg 300w\" sizes=\"auto, (max-width: 605px) 100vw, 605px\" \/>\n<p align=\"justify\">Hochdynamische Anwendungen wie Einsetzen, Pr\u00fcfen, Inspizieren oder Montieren, z.B. auch per Pick\u2019n\u2019Place Aufbau, k\u00f6nnen in Verbindung mit LinMot Linearmotoren und den dazugeh\u00f6rigen Servodrives der C1250-SC Serie einfach gesteuert, \u00fcberwacht, bewertet und dokumentiert werden. Anhand der Form der erfassten Messkurven kann die Qualit\u00e4t eines jeden einzelnen Fertigungsschrittes, einer Baugruppe oder des gesamten Produktes \u00fcberwacht und in Echtzeit gesteuert werden.<\/p>\n<h3 id=\"anwendung\">2. Anwendung<\/h3>\n<div class=\"row download\">\n<div class=\"col-md-3\">\n<h4 class=\"download-title\">Getr\u00e4nkeindustrie 4.0<\/h4>\n<p class=\"bodytext\">Sperrige Bauweise, umfallende Flaschen und geringe Linienleistung \u2013 all das ist Vergangenheit. Die staatlich subventionierten Entwicklungen der Syscona Kontrollsysteme GmbH, gepaart mit Linearmotoren von LinMot ebnen gemeinsam den Weg zu einem bedarfsgerechten und digitalen Strukturwandel von Produktions- und Kontrollprozessen der Getr\u00e4nkeindustrie.<\/p>\n<p><a class=\"button\" href=\"\/de\/blog\/getraenkeindustrie-4-0-angetrieben-durch-lineartechnik-von-linmot\/\">Zum Artikel<\/a><br \/>\n<\/div>\n<div class=\"col-md-2\">\n<img loading=\"lazy\" decoding=\"async\" class=\"aligncenter size-full wp-image-4057\" src=\"https:\/\/linmot.com\/de\/wp-content\/uploads\/sites\/2\/2023\/01\/vorschau-getraenkeindustrie-4_0.jpg\" alt=\"\" width=\"220\" height=\"220\" srcset=\"https:\/\/linmot.com\/de\/wp-content\/uploads\/sites\/2\/2023\/01\/vorschau-getraenkeindustrie-4_0.jpg 220w, https:\/\/linmot.com\/de\/wp-content\/uploads\/sites\/2\/2023\/01\/vorschau-getraenkeindustrie-4_0-150x150.jpg 150w\" sizes=\"auto, (max-width: 220px) 100vw, 220px\" \/><br \/>\n<\/div>\n<\/div>\n<h2 id=\"kontakt\">3. Kontakt<\/h2>\n<div class=\"row download\">\n<div class=\"col-md-6\">\n<h4 class=\"download-title\">Fragen zur Prozess\u00fcbewachung?<\/h4>\n<p class=\"bodytext\">Wir stehen Ihnen f\u00fcr Fragen gerne zur Verf\u00fcgung.<br \/>\nMelden Sie sich hierf\u00fcr \u00fcber das folgende Formular bei uns oder rufen Sie uns an unter:<\/p>\n<p class=\"bodytext\">Tel: +49 (0)201 858940 0<\/p>\n<p class=\"bodytext\">Das LinMot-Team<\/p>\n<\/div>\n<div class=\"col-md-1\">\n<\/div>\n<div class=\"col-md-5\">\n\n<div class=\"wpcf7 no-js\" id=\"wpcf7-f1617-o1\" lang=\"de-DE\" dir=\"ltr\" data-wpcf7-id=\"1617\">\n<div class=\"screen-reader-response\"><p role=\"status\" aria-live=\"polite\" aria-atomic=\"true\"><\/p> <ul><\/ul><\/div>\n<form action=\"\/de\/wp-json\/wp\/v2\/pages\/2589#wpcf7-f1617-o1\" method=\"post\" class=\"wpcf7-form init\" aria-label=\"Kontaktformular\" novalidate=\"novalidate\" data-status=\"init\">\n<fieldset class=\"hidden-fields-container\"><input type=\"hidden\" name=\"_wpcf7\" value=\"1617\" \/><input type=\"hidden\" name=\"_wpcf7_version\" value=\"6.1.5\" \/><input type=\"hidden\" name=\"_wpcf7_locale\" value=\"de_DE\" \/><input type=\"hidden\" name=\"_wpcf7_unit_tag\" value=\"wpcf7-f1617-o1\" \/><input type=\"hidden\" name=\"_wpcf7_container_post\" value=\"0\" \/><input type=\"hidden\" name=\"_wpcf7_posted_data_hash\" value=\"\" \/><input type=\"hidden\" name=\"_wpcf7_recaptcha_response\" value=\"\" \/>\n<\/fieldset>\n<label> Ihr Name<br>\n    <span class=\"wpcf7-form-control-wrap\" data-name=\"your-name\"><input size=\"40\" maxlength=\"400\" class=\"wpcf7-form-control wpcf7-text wpcf7-validates-as-required\" aria-required=\"true\" aria-invalid=\"false\" value=\"\" type=\"text\" name=\"your-name\" \/><\/span> <\/label>\n<br>\n<label> Ihre Firma<br>\n    <span class=\"wpcf7-form-control-wrap\" data-name=\"your-company\"><input size=\"40\" maxlength=\"400\" class=\"wpcf7-form-control wpcf7-text wpcf7-validates-as-required\" aria-required=\"true\" aria-invalid=\"false\" value=\"\" type=\"text\" name=\"your-company\" \/><\/span> <\/label>\n<br>\n<label> Postleitzahl<br>\n    <span class=\"wpcf7-form-control-wrap\" data-name=\"your-plz\"><input class=\"wpcf7-form-control wpcf7-number wpcf7-validates-as-required wpcf7-validates-as-number\" aria-required=\"true\" aria-invalid=\"false\" value=\"\" type=\"number\" name=\"your-plz\" \/><\/span> <\/label>\n<br>\n<label> Land<br>\n    <span class=\"wpcf7-form-control-wrap\" data-name=\"your-country\"><input size=\"40\" maxlength=\"400\" class=\"wpcf7-form-control wpcf7-text wpcf7-validates-as-required\" aria-required=\"true\" aria-invalid=\"false\" value=\"\" type=\"text\" name=\"your-country\" \/><\/span> <\/label>\n<br>\n<label> Telefonnummer<br>\n    <span class=\"wpcf7-form-control-wrap\" data-name=\"your-telephone\"><input size=\"40\" maxlength=\"400\" class=\"wpcf7-form-control wpcf7-tel wpcf7-text wpcf7-validates-as-tel\" aria-invalid=\"false\" value=\"\" type=\"tel\" name=\"your-telephone\" \/><\/span> <\/label>\n<br>\n<label> E-Mail-Adresse<br>\n    <span class=\"wpcf7-form-control-wrap\" data-name=\"your-email\"><input size=\"40\" maxlength=\"400\" class=\"wpcf7-form-control wpcf7-email wpcf7-validates-as-required wpcf7-text wpcf7-validates-as-email\" aria-required=\"true\" aria-invalid=\"false\" value=\"\" type=\"email\" name=\"your-email\" \/><\/span> <\/label>\n<br>\n<label> Ihre Frage<br>\n    <span class=\"wpcf7-form-control-wrap\" data-name=\"your-message\"><textarea cols=\"40\" rows=\"10\" maxlength=\"2000\" class=\"wpcf7-form-control wpcf7-textarea\" aria-invalid=\"false\" name=\"your-message\"><\/textarea><\/span> <\/label>\n<br>\n<input class=\"wpcf7-form-control wpcf7-submit has-spinner\" type=\"submit\" value=\"Senden\" \/><div class=\"wpcf7-response-output\" aria-hidden=\"true\"><\/div>\n<\/form>\n<\/div>\n\n<\/div>\n<\/div>\n","protected":false},"excerpt":{"rendered":"<p>Mit der \u00abProzess\u00fcberwachung\u00bb geht LinMot den n\u00e4chsten Schritt in Richtung Industrie 4.0. 1. Details Um die Qualit\u00e4t zu steigern, reaktionsschnelle Prozessanpassungen aufgrund externer Einfl\u00fcsse zu t\u00e4tigen oder aber die R\u00fcckverfolgbarkeit eines jeden einzelnen Produktes zu gew\u00e4hrleisten, ist es n\u00f6tig, den eigentlichen Prozess bestm\u00f6glich zu kennen. LinMot Drives zeichnen sich durch ihre sehr schnelle Zykluszeit aus [&hellip;]<\/p>\n","protected":false},"author":9,"featured_media":0,"parent":46,"menu_order":64,"comment_status":"closed","ping_status":"closed","template":"","meta":{"_acf_changed":false,"footnotes":""},"class_list":["post-2589","page","type-page","status-publish","hentry"],"acf":[],"yoast_head":"<!-- This site is optimized with the Yoast SEO Premium plugin v20.9 (Yoast SEO v27.3) - https:\/\/yoast.com\/product\/yoast-seo-premium-wordpress\/ -->\n<title>Prozess\u00fcberwachung von LinMot &amp; MagSpring<\/title>\n<meta name=\"description\" content=\"Mit der \u00abProzess\u00fcberwachung\u00bb geht LinMot den n\u00e4chsten Schritt in Richtung Industrie 4.0. Erfahren Sie mehr unsere Prozess\u00fcberwachung.\" \/>\n<meta name=\"robots\" content=\"index, follow, max-snippet:-1, max-image-preview:large, max-video-preview:-1\" \/>\n<link rel=\"canonical\" href=\"https:\/\/linmot.com\/de\/produkte\/servo-drives\/prozessueberwachung\/\" \/>\n<meta property=\"og:locale\" content=\"de_DE\" \/>\n<meta property=\"og:type\" content=\"article\" \/>\n<meta property=\"og:title\" content=\"Prozess\u00fcberwachung | Linear Motion Technology Leader | LinMot\" \/>\n<meta property=\"og:description\" content=\"Mit \u00abProcess Monitoring\u00bb geht LinMot den n\u00e4chsten Schritt in Richtung Industrie 4.0. Erfahren Sie mehr unser Prozess Monitoring.\" \/>\n<meta property=\"og:url\" content=\"https:\/\/linmot.com\/de\/produkte\/servo-drives\/prozessueberwachung\/\" \/>\n<meta property=\"og:site_name\" content=\"LinMot &amp; MagSpring - Deutsch\" \/>\n<meta property=\"article:modified_time\" content=\"2024-08-28T14:26:48+00:00\" \/>\n<meta property=\"og:image\" content=\"https:\/\/linmot.com\/de\/wp-content\/uploads\/sites\/2\/2021\/11\/prozess-monitoring-visualisierung.jpg\" \/>\n\t<meta property=\"og:image:width\" content=\"1024\" \/>\n\t<meta property=\"og:image:height\" content=\"684\" \/>\n\t<meta property=\"og:image:type\" content=\"image\/jpeg\" \/>\n<meta name=\"twitter:card\" content=\"summary_large_image\" \/>\n<meta name=\"twitter:title\" content=\"Prozess\u00fcberwachung | Linear Motion Technology Leader | LinMot\" \/>\n<meta name=\"twitter:description\" content=\"Mit \u00abProcess Monitoring\u00bb geht LinMot den n\u00e4chsten Schritt in Richtung Industrie 4.0. Erfahren Sie mehr unser Prozess Monitoring.\" \/>\n<meta name=\"twitter:label1\" content=\"Gesch\u00e4tzte Lesezeit\" \/>\n\t<meta name=\"twitter:data1\" content=\"4 Minuten\" \/>\n<script type=\"application\/ld+json\" class=\"yoast-schema-graph\">{\"@context\":\"https:\\\/\\\/schema.org\",\"@graph\":[{\"@type\":\"WebPage\",\"@id\":\"https:\\\/\\\/linmot.com\\\/de\\\/produkte\\\/servo-drives\\\/prozessueberwachung\\\/\",\"url\":\"https:\\\/\\\/linmot.com\\\/de\\\/produkte\\\/servo-drives\\\/prozessueberwachung\\\/\",\"name\":\"Prozess\u00fcberwachung von LinMot & MagSpring\",\"isPartOf\":{\"@id\":\"https:\\\/\\\/linmot.com\\\/de\\\/#website\"},\"primaryImageOfPage\":{\"@id\":\"https:\\\/\\\/linmot.com\\\/de\\\/produkte\\\/servo-drives\\\/prozessueberwachung\\\/#primaryimage\"},\"image\":{\"@id\":\"https:\\\/\\\/linmot.com\\\/de\\\/produkte\\\/servo-drives\\\/prozessueberwachung\\\/#primaryimage\"},\"thumbnailUrl\":\"https:\\\/\\\/linmot.com\\\/de\\\/wp-content\\\/uploads\\\/sites\\\/2\\\/2021\\\/11\\\/prozess-monitoring-visualisierung.jpg\",\"datePublished\":\"2021-11-22T10:01:31+00:00\",\"dateModified\":\"2024-08-28T14:26:48+00:00\",\"description\":\"Mit der \u00abProzess\u00fcberwachung\u00bb geht LinMot den n\u00e4chsten Schritt in Richtung Industrie 4.0. Erfahren Sie mehr unsere Prozess\u00fcberwachung.\",\"breadcrumb\":{\"@id\":\"https:\\\/\\\/linmot.com\\\/de\\\/produkte\\\/servo-drives\\\/prozessueberwachung\\\/#breadcrumb\"},\"inLanguage\":\"de\",\"potentialAction\":[{\"@type\":\"ReadAction\",\"target\":[\"https:\\\/\\\/linmot.com\\\/de\\\/produkte\\\/servo-drives\\\/prozessueberwachung\\\/\"]}]},{\"@type\":\"ImageObject\",\"inLanguage\":\"de\",\"@id\":\"https:\\\/\\\/linmot.com\\\/de\\\/produkte\\\/servo-drives\\\/prozessueberwachung\\\/#primaryimage\",\"url\":\"https:\\\/\\\/linmot.com\\\/de\\\/wp-content\\\/uploads\\\/sites\\\/2\\\/2021\\\/11\\\/prozess-monitoring-visualisierung.jpg\",\"contentUrl\":\"https:\\\/\\\/linmot.com\\\/de\\\/wp-content\\\/uploads\\\/sites\\\/2\\\/2021\\\/11\\\/prozess-monitoring-visualisierung.jpg\",\"width\":1024,\"height\":684,\"caption\":\"Visualisierung des Prozess Monitoring\"},{\"@type\":\"BreadcrumbList\",\"@id\":\"https:\\\/\\\/linmot.com\\\/de\\\/produkte\\\/servo-drives\\\/prozessueberwachung\\\/#breadcrumb\",\"itemListElement\":[{\"@type\":\"ListItem\",\"position\":1,\"name\":\"LinMot\",\"item\":\"https:\\\/\\\/linmot.com\\\/de\\\/\"},{\"@type\":\"ListItem\",\"position\":2,\"name\":\"Produkte\",\"item\":\"https:\\\/\\\/linmot.com\\\/de\\\/produkte\\\/\"},{\"@type\":\"ListItem\",\"position\":3,\"name\":\"Servo Drives\",\"item\":\"https:\\\/\\\/linmot.com\\\/de\\\/produkte\\\/servo-drives\\\/\"},{\"@type\":\"ListItem\",\"position\":4,\"name\":\"Prozess\u00fcberwachung\"}]},{\"@type\":\"WebSite\",\"@id\":\"https:\\\/\\\/linmot.com\\\/de\\\/#website\",\"url\":\"https:\\\/\\\/linmot.com\\\/de\\\/\",\"name\":\"LinMot & MagSpring - Industrielle Linearmotoren\",\"description\":\"Hochwertigen Linearmotoren und Linearmotorsystemen\",\"publisher\":{\"@id\":\"https:\\\/\\\/linmot.com\\\/de\\\/#organization\"},\"potentialAction\":[{\"@type\":\"SearchAction\",\"target\":{\"@type\":\"EntryPoint\",\"urlTemplate\":\"https:\\\/\\\/linmot.com\\\/de\\\/?s={search_term_string}\"},\"query-input\":{\"@type\":\"PropertyValueSpecification\",\"valueRequired\":true,\"valueName\":\"search_term_string\"}}],\"inLanguage\":\"de\"},{\"@type\":\"Organization\",\"@id\":\"https:\\\/\\\/linmot.com\\\/de\\\/#organization\",\"name\":\"NTI AG - LinMot & MagSpring\",\"url\":\"https:\\\/\\\/linmot.com\\\/de\\\/\",\"logo\":{\"@type\":\"ImageObject\",\"inLanguage\":\"de\",\"@id\":\"https:\\\/\\\/linmot.com\\\/de\\\/#\\\/schema\\\/logo\\\/image\\\/\",\"url\":\"https:\\\/\\\/linmot.com\\\/de\\\/wp-content\\\/uploads\\\/sites\\\/2\\\/2022\\\/01\\\/social-logo.jpg\",\"contentUrl\":\"https:\\\/\\\/linmot.com\\\/de\\\/wp-content\\\/uploads\\\/sites\\\/2\\\/2022\\\/01\\\/social-logo.jpg\",\"width\":800,\"height\":500,\"caption\":\"NTI AG - LinMot & MagSpring\"},\"image\":{\"@id\":\"https:\\\/\\\/linmot.com\\\/de\\\/#\\\/schema\\\/logo\\\/image\\\/\"},\"sameAs\":[\"https:\\\/\\\/www.linkedin.com\\\/company\\\/nti-ag-linmot-magspring\",\"https:\\\/\\\/www.youtube.com\\\/user\\\/LinMotEurope\",\"https:\\\/\\\/www.xing.com\\\/pages\\\/linmot-magspring\"]}]}<\/script>\n<!-- \/ Yoast SEO Premium plugin. -->","yoast_head_json":{"title":"Prozess\u00fcberwachung von LinMot & MagSpring","description":"Mit der \u00abProzess\u00fcberwachung\u00bb geht LinMot den n\u00e4chsten Schritt in Richtung Industrie 4.0. Erfahren Sie mehr unsere Prozess\u00fcberwachung.","robots":{"index":"index","follow":"follow","max-snippet":"max-snippet:-1","max-image-preview":"max-image-preview:large","max-video-preview":"max-video-preview:-1"},"canonical":"https:\/\/linmot.com\/de\/produkte\/servo-drives\/prozessueberwachung\/","og_locale":"de_DE","og_type":"article","og_title":"Prozess\u00fcberwachung | Linear Motion Technology Leader | LinMot","og_description":"Mit \u00abProcess Monitoring\u00bb geht LinMot den n\u00e4chsten Schritt in Richtung Industrie 4.0. Erfahren Sie mehr unser Prozess Monitoring.","og_url":"https:\/\/linmot.com\/de\/produkte\/servo-drives\/prozessueberwachung\/","og_site_name":"LinMot &amp; MagSpring - Deutsch","article_modified_time":"2024-08-28T14:26:48+00:00","og_image":[{"width":1024,"height":684,"url":"https:\/\/linmot.com\/de\/wp-content\/uploads\/sites\/2\/2021\/11\/prozess-monitoring-visualisierung.jpg","type":"image\/jpeg"}],"twitter_card":"summary_large_image","twitter_title":"Prozess\u00fcberwachung | Linear Motion Technology Leader | LinMot","twitter_description":"Mit \u00abProcess Monitoring\u00bb geht LinMot den n\u00e4chsten Schritt in Richtung Industrie 4.0. Erfahren Sie mehr unser Prozess Monitoring.","twitter_misc":{"Gesch\u00e4tzte Lesezeit":"4 Minuten"},"schema":{"@context":"https:\/\/schema.org","@graph":[{"@type":"WebPage","@id":"https:\/\/linmot.com\/de\/produkte\/servo-drives\/prozessueberwachung\/","url":"https:\/\/linmot.com\/de\/produkte\/servo-drives\/prozessueberwachung\/","name":"Prozess\u00fcberwachung von LinMot & MagSpring","isPartOf":{"@id":"https:\/\/linmot.com\/de\/#website"},"primaryImageOfPage":{"@id":"https:\/\/linmot.com\/de\/produkte\/servo-drives\/prozessueberwachung\/#primaryimage"},"image":{"@id":"https:\/\/linmot.com\/de\/produkte\/servo-drives\/prozessueberwachung\/#primaryimage"},"thumbnailUrl":"https:\/\/linmot.com\/de\/wp-content\/uploads\/sites\/2\/2021\/11\/prozess-monitoring-visualisierung.jpg","datePublished":"2021-11-22T10:01:31+00:00","dateModified":"2024-08-28T14:26:48+00:00","description":"Mit der \u00abProzess\u00fcberwachung\u00bb geht LinMot den n\u00e4chsten Schritt in Richtung Industrie 4.0. Erfahren Sie mehr unsere Prozess\u00fcberwachung.","breadcrumb":{"@id":"https:\/\/linmot.com\/de\/produkte\/servo-drives\/prozessueberwachung\/#breadcrumb"},"inLanguage":"de","potentialAction":[{"@type":"ReadAction","target":["https:\/\/linmot.com\/de\/produkte\/servo-drives\/prozessueberwachung\/"]}]},{"@type":"ImageObject","inLanguage":"de","@id":"https:\/\/linmot.com\/de\/produkte\/servo-drives\/prozessueberwachung\/#primaryimage","url":"https:\/\/linmot.com\/de\/wp-content\/uploads\/sites\/2\/2021\/11\/prozess-monitoring-visualisierung.jpg","contentUrl":"https:\/\/linmot.com\/de\/wp-content\/uploads\/sites\/2\/2021\/11\/prozess-monitoring-visualisierung.jpg","width":1024,"height":684,"caption":"Visualisierung des Prozess Monitoring"},{"@type":"BreadcrumbList","@id":"https:\/\/linmot.com\/de\/produkte\/servo-drives\/prozessueberwachung\/#breadcrumb","itemListElement":[{"@type":"ListItem","position":1,"name":"LinMot","item":"https:\/\/linmot.com\/de\/"},{"@type":"ListItem","position":2,"name":"Produkte","item":"https:\/\/linmot.com\/de\/produkte\/"},{"@type":"ListItem","position":3,"name":"Servo Drives","item":"https:\/\/linmot.com\/de\/produkte\/servo-drives\/"},{"@type":"ListItem","position":4,"name":"Prozess\u00fcberwachung"}]},{"@type":"WebSite","@id":"https:\/\/linmot.com\/de\/#website","url":"https:\/\/linmot.com\/de\/","name":"LinMot & MagSpring - Industrielle Linearmotoren","description":"Hochwertigen Linearmotoren und Linearmotorsystemen","publisher":{"@id":"https:\/\/linmot.com\/de\/#organization"},"potentialAction":[{"@type":"SearchAction","target":{"@type":"EntryPoint","urlTemplate":"https:\/\/linmot.com\/de\/?s={search_term_string}"},"query-input":{"@type":"PropertyValueSpecification","valueRequired":true,"valueName":"search_term_string"}}],"inLanguage":"de"},{"@type":"Organization","@id":"https:\/\/linmot.com\/de\/#organization","name":"NTI AG - LinMot & MagSpring","url":"https:\/\/linmot.com\/de\/","logo":{"@type":"ImageObject","inLanguage":"de","@id":"https:\/\/linmot.com\/de\/#\/schema\/logo\/image\/","url":"https:\/\/linmot.com\/de\/wp-content\/uploads\/sites\/2\/2022\/01\/social-logo.jpg","contentUrl":"https:\/\/linmot.com\/de\/wp-content\/uploads\/sites\/2\/2022\/01\/social-logo.jpg","width":800,"height":500,"caption":"NTI AG - LinMot & MagSpring"},"image":{"@id":"https:\/\/linmot.com\/de\/#\/schema\/logo\/image\/"},"sameAs":["https:\/\/www.linkedin.com\/company\/nti-ag-linmot-magspring","https:\/\/www.youtube.com\/user\/LinMotEurope","https:\/\/www.xing.com\/pages\/linmot-magspring"]}]}},"_links":{"self":[{"href":"https:\/\/linmot.com\/de\/wp-json\/wp\/v2\/pages\/2589","targetHints":{"allow":["GET"]}}],"collection":[{"href":"https:\/\/linmot.com\/de\/wp-json\/wp\/v2\/pages"}],"about":[{"href":"https:\/\/linmot.com\/de\/wp-json\/wp\/v2\/types\/page"}],"author":[{"embeddable":true,"href":"https:\/\/linmot.com\/de\/wp-json\/wp\/v2\/users\/9"}],"replies":[{"embeddable":true,"href":"https:\/\/linmot.com\/de\/wp-json\/wp\/v2\/comments?post=2589"}],"version-history":[{"count":38,"href":"https:\/\/linmot.com\/de\/wp-json\/wp\/v2\/pages\/2589\/revisions"}],"predecessor-version":[{"id":5238,"href":"https:\/\/linmot.com\/de\/wp-json\/wp\/v2\/pages\/2589\/revisions\/5238"}],"up":[{"embeddable":true,"href":"https:\/\/linmot.com\/de\/wp-json\/wp\/v2\/pages\/46"}],"wp:attachment":[{"href":"https:\/\/linmot.com\/de\/wp-json\/wp\/v2\/media?parent=2589"}],"curies":[{"name":"wp","href":"https:\/\/api.w.org\/{rel}","templated":true}]}}