{"id":257,"date":"2017-11-07T16:03:39","date_gmt":"2017-11-07T15:03:39","guid":{"rendered":"https:\/\/linmot.com\/?page_id=257"},"modified":"2023-05-17T17:10:05","modified_gmt":"2023-05-17T15:10:05","slug":"online-meeting","status":"publish","type":"page","link":"https:\/\/linmot.com\/de\/support\/online-meeting\/","title":{"rendered":"Online Meeting"},"content":{"rendered":"<p>Neben Telefon und E-Mail verwenden wir zum Zweck des Fernzugriffs die Software TeamViewer. Mit dieser Software teilen sich der Support-Techniker und der Kunde den Bildschirm. Weitere Informationen zum Produkt finden Sie <a href=\"https:\/\/www.teamviewer.com\/\" target=\"_blank\" rel=\"noopener noreferrer\">hier<\/a>.<\/p>\n<a class=\"download\" href=\"https:\/\/get.teamviewer.com\/linmot_support\" target=\"_blank\" rel=\"noopener noreferrer\"><img loading=\"lazy\" decoding=\"async\" class=\"alignleft size-full wp-image-641\" src=\"https:\/\/linmot.com\/de\/wp-content\/uploads\/sites\/2\/2017\/11\/Screen-Shot-2018-08-13-at-16.46.54.png\" alt=\"\" width=\"99\" height=\"54\" \/><\/a>\n","protected":false},"excerpt":{"rendered":"<p>Neben Telefon und E-Mail verwenden wir zum Zweck des Fernzugriffs die Software TeamViewer. Mit dieser Software teilen sich der Support-Techniker und der Kunde den Bildschirm. Weitere Informationen zum Produkt finden Sie hier.<\/p>\n","protected":false},"author":1,"featured_media":0,"parent":251,"menu_order":116,"comment_status":"closed","ping_status":"closed","template":"","meta":{"_acf_changed":false,"footnotes":""},"class_list":["post-257","page","type-page","status-publish","hentry"],"acf":[],"yoast_head":"<!-- This site is optimized with the Yoast SEO Premium plugin v20.9 (Yoast SEO v27.2) - https:\/\/yoast.com\/product\/yoast-seo-premium-wordpress\/ -->\n<title>Online Meeting \u2013 Teilen des Bildschirms \u00fcber TeamViewer | LinMot<\/title>\n<meta name=\"description\" content=\"Hier k\u00f6nnen Sie Ihren Bildschirm mit den Support-Technikern teilen. So k\u00f6nnen die Experten Ihre Problematik schnell erfassen und l\u00f6sen.\" \/>\n<meta name=\"robots\" content=\"index, follow, max-snippet:-1, max-image-preview:large, max-video-preview:-1\" \/>\n<link rel=\"canonical\" href=\"https:\/\/linmot.com\/de\/support\/online-meeting\/\" \/>\n<meta property=\"og:locale\" content=\"de_DE\" \/>\n<meta property=\"og:type\" content=\"article\" \/>\n<meta property=\"og:title\" content=\"Online Meeting \u2013 Teilen des Bildschirms \u00fcber TeamViewer | LinMot\" \/>\n<meta property=\"og:description\" content=\"Hier k\u00f6nnen Sie Ihren Bildschirm mit den Support-Technikern teilen. So k\u00f6nnen die Experten Ihre Problematik schnell erfassen und l\u00f6sen.\" \/>\n<meta property=\"og:url\" content=\"https:\/\/linmot.com\/de\/support\/online-meeting\/\" \/>\n<meta property=\"og:site_name\" content=\"LinMot &amp; MagSpring - Deutsch\" \/>\n<meta property=\"article:modified_time\" content=\"2023-05-17T15:10:05+00:00\" \/>\n<meta property=\"og:image\" content=\"https:\/\/linmot.com\/de\/wp-content\/uploads\/sites\/2\/2021\/05\/LinMot-Firmengebaeude.jpg\" \/>\n\t<meta property=\"og:image:width\" content=\"560\" \/>\n\t<meta property=\"og:image:height\" content=\"282\" \/>\n\t<meta property=\"og:image:type\" content=\"image\/jpeg\" \/>\n<meta name=\"twitter:card\" content=\"summary_large_image\" \/>\n<meta name=\"twitter:title\" content=\"Online Meeting \u2013 Teilen des Bildschirms \u00fcber TeamViewer | LinMot\" \/>\n<meta name=\"twitter:description\" content=\"Hier k\u00f6nnen Sie Ihren Bildschirm mit den Support-Technikern teilen. So k\u00f6nnen die Experten Ihre Problematik schnell erfassen und l\u00f6sen.\" \/>\n<meta name=\"twitter:image\" content=\"https:\/\/linmot.com\/de\/wp-content\/uploads\/sites\/2\/2021\/05\/LinMot-Firmengebaeude.jpg\" \/>\n<meta name=\"twitter:label1\" content=\"Gesch\u00e4tzte Lesezeit\" \/>\n\t<meta name=\"twitter:data1\" content=\"1 Minute\" \/>\n<script type=\"application\/ld+json\" class=\"yoast-schema-graph\">{\"@context\":\"https:\/\/schema.org\",\"@graph\":[{\"@type\":\"WebPage\",\"@id\":\"https:\/\/linmot.com\/de\/support\/online-meeting\/\",\"url\":\"https:\/\/linmot.com\/de\/support\/online-meeting\/\",\"name\":\"Online Meeting \u2013 Teilen des Bildschirms \u00fcber TeamViewer | LinMot\",\"isPartOf\":{\"@id\":\"https:\/\/linmot.com\/de\/#website\"},\"primaryImageOfPage\":{\"@id\":\"https:\/\/linmot.com\/de\/support\/online-meeting\/#primaryimage\"},\"image\":{\"@id\":\"https:\/\/linmot.com\/de\/support\/online-meeting\/#primaryimage\"},\"thumbnailUrl\":\"https:\/\/linmot.com\/de\/wp-content\/uploads\/sites\/2\/2017\/11\/Screen-Shot-2018-08-13-at-16.46.54.png\",\"datePublished\":\"2017-11-07T15:03:39+00:00\",\"dateModified\":\"2023-05-17T15:10:05+00:00\",\"description\":\"Hier k\u00f6nnen Sie Ihren Bildschirm mit den Support-Technikern teilen. So k\u00f6nnen die Experten Ihre Problematik schnell erfassen und l\u00f6sen.\",\"breadcrumb\":{\"@id\":\"https:\/\/linmot.com\/de\/support\/online-meeting\/#breadcrumb\"},\"inLanguage\":\"de\",\"potentialAction\":[{\"@type\":\"ReadAction\",\"target\":[\"https:\/\/linmot.com\/de\/support\/online-meeting\/\"]}]},{\"@type\":\"ImageObject\",\"inLanguage\":\"de\",\"@id\":\"https:\/\/linmot.com\/de\/support\/online-meeting\/#primaryimage\",\"url\":\"https:\/\/linmot.com\/de\/wp-content\/uploads\/sites\/2\/2017\/11\/Screen-Shot-2018-08-13-at-16.46.54.png\",\"contentUrl\":\"https:\/\/linmot.com\/de\/wp-content\/uploads\/sites\/2\/2017\/11\/Screen-Shot-2018-08-13-at-16.46.54.png\",\"width\":99,\"height\":54,\"caption\":\"TeamViewer Icon\"},{\"@type\":\"BreadcrumbList\",\"@id\":\"https:\/\/linmot.com\/de\/support\/online-meeting\/#breadcrumb\",\"itemListElement\":[{\"@type\":\"ListItem\",\"position\":1,\"name\":\"LinMot\",\"item\":\"https:\/\/linmot.com\/de\/\"},{\"@type\":\"ListItem\",\"position\":2,\"name\":\"Support\",\"item\":\"https:\/\/linmot.com\/de\/support\/\"},{\"@type\":\"ListItem\",\"position\":3,\"name\":\"Online Meeting\"}]},{\"@type\":\"WebSite\",\"@id\":\"https:\/\/linmot.com\/de\/#website\",\"url\":\"https:\/\/linmot.com\/de\/\",\"name\":\"LinMot & MagSpring - Industrielle Linearmotoren\",\"description\":\"Hochwertigen Linearmotoren und Linearmotorsystemen\",\"publisher\":{\"@id\":\"https:\/\/linmot.com\/de\/#organization\"},\"potentialAction\":[{\"@type\":\"SearchAction\",\"target\":{\"@type\":\"EntryPoint\",\"urlTemplate\":\"https:\/\/linmot.com\/de\/?s={search_term_string}\"},\"query-input\":{\"@type\":\"PropertyValueSpecification\",\"valueRequired\":true,\"valueName\":\"search_term_string\"}}],\"inLanguage\":\"de\"},{\"@type\":\"Organization\",\"@id\":\"https:\/\/linmot.com\/de\/#organization\",\"name\":\"NTI AG - LinMot & MagSpring\",\"url\":\"https:\/\/linmot.com\/de\/\",\"logo\":{\"@type\":\"ImageObject\",\"inLanguage\":\"de\",\"@id\":\"https:\/\/linmot.com\/de\/#\/schema\/logo\/image\/\",\"url\":\"https:\/\/linmot.com\/de\/wp-content\/uploads\/sites\/2\/2022\/01\/social-logo.jpg\",\"contentUrl\":\"https:\/\/linmot.com\/de\/wp-content\/uploads\/sites\/2\/2022\/01\/social-logo.jpg\",\"width\":800,\"height\":500,\"caption\":\"NTI AG - LinMot & MagSpring\"},\"image\":{\"@id\":\"https:\/\/linmot.com\/de\/#\/schema\/logo\/image\/\"},\"sameAs\":[\"https:\/\/www.linkedin.com\/company\/nti-ag-linmot-magspring\",\"https:\/\/www.youtube.com\/user\/LinMotEurope\",\"https:\/\/www.xing.com\/pages\/linmot-magspring\"]}]}<\/script>\n<!-- \/ Yoast SEO Premium plugin. -->","yoast_head_json":{"title":"Online Meeting \u2013 Teilen des Bildschirms \u00fcber TeamViewer | LinMot","description":"Hier k\u00f6nnen Sie Ihren Bildschirm mit den Support-Technikern teilen. So k\u00f6nnen die Experten Ihre Problematik schnell erfassen und l\u00f6sen.","robots":{"index":"index","follow":"follow","max-snippet":"max-snippet:-1","max-image-preview":"max-image-preview:large","max-video-preview":"max-video-preview:-1"},"canonical":"https:\/\/linmot.com\/de\/support\/online-meeting\/","og_locale":"de_DE","og_type":"article","og_title":"Online Meeting \u2013 Teilen des Bildschirms \u00fcber TeamViewer | LinMot","og_description":"Hier k\u00f6nnen Sie Ihren Bildschirm mit den Support-Technikern teilen. So k\u00f6nnen die Experten Ihre Problematik schnell erfassen und l\u00f6sen.","og_url":"https:\/\/linmot.com\/de\/support\/online-meeting\/","og_site_name":"LinMot &amp; MagSpring - Deutsch","article_modified_time":"2023-05-17T15:10:05+00:00","og_image":[{"width":560,"height":282,"url":"https:\/\/linmot.com\/de\/wp-content\/uploads\/sites\/2\/2021\/05\/LinMot-Firmengebaeude.jpg","type":"image\/jpeg"}],"twitter_card":"summary_large_image","twitter_title":"Online Meeting \u2013 Teilen des Bildschirms \u00fcber TeamViewer | LinMot","twitter_description":"Hier k\u00f6nnen Sie Ihren Bildschirm mit den Support-Technikern teilen. So k\u00f6nnen die Experten Ihre Problematik schnell erfassen und l\u00f6sen.","twitter_image":"https:\/\/linmot.com\/de\/wp-content\/uploads\/sites\/2\/2021\/05\/LinMot-Firmengebaeude.jpg","twitter_misc":{"Gesch\u00e4tzte Lesezeit":"1 Minute"},"schema":{"@context":"https:\/\/schema.org","@graph":[{"@type":"WebPage","@id":"https:\/\/linmot.com\/de\/support\/online-meeting\/","url":"https:\/\/linmot.com\/de\/support\/online-meeting\/","name":"Online Meeting \u2013 Teilen des Bildschirms \u00fcber TeamViewer | LinMot","isPartOf":{"@id":"https:\/\/linmot.com\/de\/#website"},"primaryImageOfPage":{"@id":"https:\/\/linmot.com\/de\/support\/online-meeting\/#primaryimage"},"image":{"@id":"https:\/\/linmot.com\/de\/support\/online-meeting\/#primaryimage"},"thumbnailUrl":"https:\/\/linmot.com\/de\/wp-content\/uploads\/sites\/2\/2017\/11\/Screen-Shot-2018-08-13-at-16.46.54.png","datePublished":"2017-11-07T15:03:39+00:00","dateModified":"2023-05-17T15:10:05+00:00","description":"Hier k\u00f6nnen Sie Ihren Bildschirm mit den Support-Technikern teilen. So k\u00f6nnen die Experten Ihre Problematik schnell erfassen und l\u00f6sen.","breadcrumb":{"@id":"https:\/\/linmot.com\/de\/support\/online-meeting\/#breadcrumb"},"inLanguage":"de","potentialAction":[{"@type":"ReadAction","target":["https:\/\/linmot.com\/de\/support\/online-meeting\/"]}]},{"@type":"ImageObject","inLanguage":"de","@id":"https:\/\/linmot.com\/de\/support\/online-meeting\/#primaryimage","url":"https:\/\/linmot.com\/de\/wp-content\/uploads\/sites\/2\/2017\/11\/Screen-Shot-2018-08-13-at-16.46.54.png","contentUrl":"https:\/\/linmot.com\/de\/wp-content\/uploads\/sites\/2\/2017\/11\/Screen-Shot-2018-08-13-at-16.46.54.png","width":99,"height":54,"caption":"TeamViewer Icon"},{"@type":"BreadcrumbList","@id":"https:\/\/linmot.com\/de\/support\/online-meeting\/#breadcrumb","itemListElement":[{"@type":"ListItem","position":1,"name":"LinMot","item":"https:\/\/linmot.com\/de\/"},{"@type":"ListItem","position":2,"name":"Support","item":"https:\/\/linmot.com\/de\/support\/"},{"@type":"ListItem","position":3,"name":"Online Meeting"}]},{"@type":"WebSite","@id":"https:\/\/linmot.com\/de\/#website","url":"https:\/\/linmot.com\/de\/","name":"LinMot & MagSpring - Industrielle Linearmotoren","description":"Hochwertigen Linearmotoren und Linearmotorsystemen","publisher":{"@id":"https:\/\/linmot.com\/de\/#organization"},"potentialAction":[{"@type":"SearchAction","target":{"@type":"EntryPoint","urlTemplate":"https:\/\/linmot.com\/de\/?s={search_term_string}"},"query-input":{"@type":"PropertyValueSpecification","valueRequired":true,"valueName":"search_term_string"}}],"inLanguage":"de"},{"@type":"Organization","@id":"https:\/\/linmot.com\/de\/#organization","name":"NTI AG - LinMot & MagSpring","url":"https:\/\/linmot.com\/de\/","logo":{"@type":"ImageObject","inLanguage":"de","@id":"https:\/\/linmot.com\/de\/#\/schema\/logo\/image\/","url":"https:\/\/linmot.com\/de\/wp-content\/uploads\/sites\/2\/2022\/01\/social-logo.jpg","contentUrl":"https:\/\/linmot.com\/de\/wp-content\/uploads\/sites\/2\/2022\/01\/social-logo.jpg","width":800,"height":500,"caption":"NTI AG - LinMot & MagSpring"},"image":{"@id":"https:\/\/linmot.com\/de\/#\/schema\/logo\/image\/"},"sameAs":["https:\/\/www.linkedin.com\/company\/nti-ag-linmot-magspring","https:\/\/www.youtube.com\/user\/LinMotEurope","https:\/\/www.xing.com\/pages\/linmot-magspring"]}]}},"_links":{"self":[{"href":"https:\/\/linmot.com\/de\/wp-json\/wp\/v2\/pages\/257","targetHints":{"allow":["GET"]}}],"collection":[{"href":"https:\/\/linmot.com\/de\/wp-json\/wp\/v2\/pages"}],"about":[{"href":"https:\/\/linmot.com\/de\/wp-json\/wp\/v2\/types\/page"}],"author":[{"embeddable":true,"href":"https:\/\/linmot.com\/de\/wp-json\/wp\/v2\/users\/1"}],"replies":[{"embeddable":true,"href":"https:\/\/linmot.com\/de\/wp-json\/wp\/v2\/comments?post=257"}],"version-history":[{"count":13,"href":"https:\/\/linmot.com\/de\/wp-json\/wp\/v2\/pages\/257\/revisions"}],"predecessor-version":[{"id":4322,"href":"https:\/\/linmot.com\/de\/wp-json\/wp\/v2\/pages\/257\/revisions\/4322"}],"up":[{"embeddable":true,"href":"https:\/\/linmot.com\/de\/wp-json\/wp\/v2\/pages\/251"}],"wp:attachment":[{"href":"https:\/\/linmot.com\/de\/wp-json\/wp\/v2\/media?parent=257"}],"curies":[{"name":"wp","href":"https:\/\/api.w.org\/{rel}","templated":true}]}}