{"id":251,"date":"2017-11-07T16:00:41","date_gmt":"2017-11-07T15:00:41","guid":{"rendered":"https:\/\/linmot.com\/?page_id=251"},"modified":"2025-10-08T15:58:30","modified_gmt":"2025-10-08T13:58:30","slug":"support","status":"publish","type":"page","link":"https:\/\/linmot.com\/de\/support\/","title":{"rendered":"Support"},"content":{"rendered":"<p>Ihr erster Ansprechpartner f\u00fcr alle Support-Anfragen ist der zust\u00e4ndige Vertriebsmitarbeiter oder H\u00e4ndler. Er kennt Ihre Anwendung und die verwendeten Komponenten. Daher sind diese Ansprechpartner im ersten Schritt am besten geeignet Ihnen optimal zu helfen.<br \/>\nAuf der Unterseite Kontakt finden sie den entsprechenden Ansprechpartner.<\/p>\n<p>Zur technischen Unterst\u00fctzung des Vertriebs stehen Ihnen erfahrene Anwendungstechniker zur Verf\u00fcgung, die kompetente Teams an beiden Hauptsitzen in Europa und USA bilden. Falls erforderlich, treten die Techniker direkt in Kontakt mit dem Kunden. Das erfolgt jedoch nur nach Absprache mit dem zust\u00e4ndigen Vertriebspartner.<\/p>\n<div class=\"row\">\n<div class=\"col-md-4\">\n<h4>Hauptsitz<\/h4>\n<p class=\"bodytext\"><b>Tel.<\/b>: <a href=\"tel:+41565447100\">+41 56 544 71 00<\/a><br \/>\n<b>e-Mail<\/b>: support@linmot.com<\/p>\n<\/div>\n<div class=\"col-md-4\">\n<h4>Deutschland<\/h4>\n<p class=\"bodytext\"><b>Tel.<\/b>: <a href=\"tel:+4920185894010\">+49 201 858940 10<\/a><br \/>\n<b>e-Mail<\/b>: support@linmot.com<\/p>\n<\/div>\n<div class=\"col-md-4\">\n<h4>USA<\/h4>\n<p class=\"bodytext\"><b>Tel.<\/b>: 262-743-2555<br \/>\n<b>e-Mail<\/b>: usasupport@linmot.com<\/p>\n<\/div>\n<\/div>\n","protected":false},"excerpt":{"rendered":"<p>Ihr erster Ansprechpartner f\u00fcr alle Support-Anfragen ist der zust\u00e4ndige Vertriebsmitarbeiter oder H\u00e4ndler. Er kennt Ihre Anwendung und die verwendeten Komponenten. Daher sind diese Ansprechpartner im ersten Schritt am besten geeignet Ihnen optimal zu helfen. Auf der Unterseite Kontakt finden sie den entsprechenden Ansprechpartner. Zur technischen Unterst\u00fctzung des Vertriebs stehen Ihnen erfahrene Anwendungstechniker zur Verf\u00fcgung, die [&hellip;]<\/p>\n","protected":false},"author":1,"featured_media":0,"parent":0,"menu_order":134,"comment_status":"closed","ping_status":"closed","template":"","meta":{"_acf_changed":false,"footnotes":""},"class_list":["post-251","page","type-page","status-publish","hentry"],"acf":[],"yoast_head":"<!-- This site is optimized with the Yoast SEO Premium plugin v20.9 (Yoast SEO v27.3) - https:\/\/yoast.com\/product\/yoast-seo-premium-wordpress\/ -->\n<title>Support \u2013 Ihre Anlaufstelle bei Support-Anfragen | LinMot<\/title>\n<meta name=\"description\" content=\"Sie wissen nicht, an welcher Stelle Sie sich mit einer Frage zu den Linearmotoren wenden sollen? Dann hilft Ihnen diese Seite weiter.\" \/>\n<meta name=\"robots\" content=\"index, follow, max-snippet:-1, max-image-preview:large, max-video-preview:-1\" \/>\n<link rel=\"canonical\" href=\"https:\/\/linmot.com\/de\/support\/\" \/>\n<meta property=\"og:locale\" content=\"de_DE\" \/>\n<meta property=\"og:type\" content=\"article\" \/>\n<meta property=\"og:title\" content=\"Support\" \/>\n<meta property=\"og:description\" content=\"Sie wissen nicht, an welcher Stelle Sie sich mit einer Frage zu den Linearmotoren wenden sollen? Dann hilft Ihnen diese Seite weiter.\" \/>\n<meta property=\"og:url\" content=\"https:\/\/linmot.com\/de\/support\/\" \/>\n<meta property=\"og:site_name\" content=\"LinMot &amp; MagSpring - Deutsch\" \/>\n<meta property=\"article:modified_time\" content=\"2025-10-08T13:58:30+00:00\" \/>\n<meta property=\"og:image\" content=\"https:\/\/linmot.com\/de\/wp-content\/uploads\/sites\/2\/2022\/01\/social-logo.jpg\" \/>\n\t<meta property=\"og:image:width\" content=\"800\" \/>\n\t<meta property=\"og:image:height\" content=\"500\" \/>\n\t<meta property=\"og:image:type\" content=\"image\/jpeg\" \/>\n<meta name=\"twitter:card\" content=\"summary_large_image\" \/>\n<meta name=\"twitter:description\" content=\"Sie wissen nicht, an welcher Stelle Sie sich mit einer Frage zu den Linearmotoren wenden sollen? Dann hilft Ihnen diese Seite weiter.\" \/>\n<meta name=\"twitter:label1\" content=\"Gesch\u00e4tzte Lesezeit\" \/>\n\t<meta name=\"twitter:data1\" content=\"1 Minute\" \/>\n<script type=\"application\/ld+json\" class=\"yoast-schema-graph\">{\"@context\":\"https:\\\/\\\/schema.org\",\"@graph\":[{\"@type\":\"WebPage\",\"@id\":\"https:\\\/\\\/linmot.com\\\/de\\\/support\\\/\",\"url\":\"https:\\\/\\\/linmot.com\\\/de\\\/support\\\/\",\"name\":\"Support \u2013 Ihre Anlaufstelle bei Support-Anfragen | LinMot\",\"isPartOf\":{\"@id\":\"https:\\\/\\\/linmot.com\\\/de\\\/#website\"},\"datePublished\":\"2017-11-07T15:00:41+00:00\",\"dateModified\":\"2025-10-08T13:58:30+00:00\",\"description\":\"Sie wissen nicht, an welcher Stelle Sie sich mit einer Frage zu den Linearmotoren wenden sollen? Dann hilft Ihnen diese Seite weiter.\",\"breadcrumb\":{\"@id\":\"https:\\\/\\\/linmot.com\\\/de\\\/support\\\/#breadcrumb\"},\"inLanguage\":\"de\",\"potentialAction\":[{\"@type\":\"ReadAction\",\"target\":[\"https:\\\/\\\/linmot.com\\\/de\\\/support\\\/\"]}]},{\"@type\":\"BreadcrumbList\",\"@id\":\"https:\\\/\\\/linmot.com\\\/de\\\/support\\\/#breadcrumb\",\"itemListElement\":[{\"@type\":\"ListItem\",\"position\":1,\"name\":\"LinMot\",\"item\":\"https:\\\/\\\/linmot.com\\\/de\\\/\"},{\"@type\":\"ListItem\",\"position\":2,\"name\":\"Support\"}]},{\"@type\":\"WebSite\",\"@id\":\"https:\\\/\\\/linmot.com\\\/de\\\/#website\",\"url\":\"https:\\\/\\\/linmot.com\\\/de\\\/\",\"name\":\"LinMot & MagSpring - Industrielle Linearmotoren\",\"description\":\"Hochwertigen Linearmotoren und Linearmotorsystemen\",\"publisher\":{\"@id\":\"https:\\\/\\\/linmot.com\\\/de\\\/#organization\"},\"potentialAction\":[{\"@type\":\"SearchAction\",\"target\":{\"@type\":\"EntryPoint\",\"urlTemplate\":\"https:\\\/\\\/linmot.com\\\/de\\\/?s={search_term_string}\"},\"query-input\":{\"@type\":\"PropertyValueSpecification\",\"valueRequired\":true,\"valueName\":\"search_term_string\"}}],\"inLanguage\":\"de\"},{\"@type\":\"Organization\",\"@id\":\"https:\\\/\\\/linmot.com\\\/de\\\/#organization\",\"name\":\"NTI AG - LinMot & MagSpring\",\"url\":\"https:\\\/\\\/linmot.com\\\/de\\\/\",\"logo\":{\"@type\":\"ImageObject\",\"inLanguage\":\"de\",\"@id\":\"https:\\\/\\\/linmot.com\\\/de\\\/#\\\/schema\\\/logo\\\/image\\\/\",\"url\":\"https:\\\/\\\/linmot.com\\\/de\\\/wp-content\\\/uploads\\\/sites\\\/2\\\/2022\\\/01\\\/social-logo.jpg\",\"contentUrl\":\"https:\\\/\\\/linmot.com\\\/de\\\/wp-content\\\/uploads\\\/sites\\\/2\\\/2022\\\/01\\\/social-logo.jpg\",\"width\":800,\"height\":500,\"caption\":\"NTI AG - LinMot & MagSpring\"},\"image\":{\"@id\":\"https:\\\/\\\/linmot.com\\\/de\\\/#\\\/schema\\\/logo\\\/image\\\/\"},\"sameAs\":[\"https:\\\/\\\/www.linkedin.com\\\/company\\\/nti-ag-linmot-magspring\",\"https:\\\/\\\/www.youtube.com\\\/user\\\/LinMotEurope\",\"https:\\\/\\\/www.xing.com\\\/pages\\\/linmot-magspring\"]}]}<\/script>\n<!-- \/ Yoast SEO Premium plugin. -->","yoast_head_json":{"title":"Support \u2013 Ihre Anlaufstelle bei Support-Anfragen | LinMot","description":"Sie wissen nicht, an welcher Stelle Sie sich mit einer Frage zu den Linearmotoren wenden sollen? Dann hilft Ihnen diese Seite weiter.","robots":{"index":"index","follow":"follow","max-snippet":"max-snippet:-1","max-image-preview":"max-image-preview:large","max-video-preview":"max-video-preview:-1"},"canonical":"https:\/\/linmot.com\/de\/support\/","og_locale":"de_DE","og_type":"article","og_title":"Support","og_description":"Sie wissen nicht, an welcher Stelle Sie sich mit einer Frage zu den Linearmotoren wenden sollen? Dann hilft Ihnen diese Seite weiter.","og_url":"https:\/\/linmot.com\/de\/support\/","og_site_name":"LinMot &amp; MagSpring - Deutsch","article_modified_time":"2025-10-08T13:58:30+00:00","og_image":[{"width":800,"height":500,"url":"https:\/\/linmot.com\/de\/wp-content\/uploads\/sites\/2\/2022\/01\/social-logo.jpg","type":"image\/jpeg"}],"twitter_card":"summary_large_image","twitter_description":"Sie wissen nicht, an welcher Stelle Sie sich mit einer Frage zu den Linearmotoren wenden sollen? Dann hilft Ihnen diese Seite weiter.","twitter_misc":{"Gesch\u00e4tzte Lesezeit":"1 Minute"},"schema":{"@context":"https:\/\/schema.org","@graph":[{"@type":"WebPage","@id":"https:\/\/linmot.com\/de\/support\/","url":"https:\/\/linmot.com\/de\/support\/","name":"Support \u2013 Ihre Anlaufstelle bei Support-Anfragen | LinMot","isPartOf":{"@id":"https:\/\/linmot.com\/de\/#website"},"datePublished":"2017-11-07T15:00:41+00:00","dateModified":"2025-10-08T13:58:30+00:00","description":"Sie wissen nicht, an welcher Stelle Sie sich mit einer Frage zu den Linearmotoren wenden sollen? Dann hilft Ihnen diese Seite weiter.","breadcrumb":{"@id":"https:\/\/linmot.com\/de\/support\/#breadcrumb"},"inLanguage":"de","potentialAction":[{"@type":"ReadAction","target":["https:\/\/linmot.com\/de\/support\/"]}]},{"@type":"BreadcrumbList","@id":"https:\/\/linmot.com\/de\/support\/#breadcrumb","itemListElement":[{"@type":"ListItem","position":1,"name":"LinMot","item":"https:\/\/linmot.com\/de\/"},{"@type":"ListItem","position":2,"name":"Support"}]},{"@type":"WebSite","@id":"https:\/\/linmot.com\/de\/#website","url":"https:\/\/linmot.com\/de\/","name":"LinMot & MagSpring - Industrielle Linearmotoren","description":"Hochwertigen Linearmotoren und Linearmotorsystemen","publisher":{"@id":"https:\/\/linmot.com\/de\/#organization"},"potentialAction":[{"@type":"SearchAction","target":{"@type":"EntryPoint","urlTemplate":"https:\/\/linmot.com\/de\/?s={search_term_string}"},"query-input":{"@type":"PropertyValueSpecification","valueRequired":true,"valueName":"search_term_string"}}],"inLanguage":"de"},{"@type":"Organization","@id":"https:\/\/linmot.com\/de\/#organization","name":"NTI AG - LinMot & MagSpring","url":"https:\/\/linmot.com\/de\/","logo":{"@type":"ImageObject","inLanguage":"de","@id":"https:\/\/linmot.com\/de\/#\/schema\/logo\/image\/","url":"https:\/\/linmot.com\/de\/wp-content\/uploads\/sites\/2\/2022\/01\/social-logo.jpg","contentUrl":"https:\/\/linmot.com\/de\/wp-content\/uploads\/sites\/2\/2022\/01\/social-logo.jpg","width":800,"height":500,"caption":"NTI AG - LinMot & MagSpring"},"image":{"@id":"https:\/\/linmot.com\/de\/#\/schema\/logo\/image\/"},"sameAs":["https:\/\/www.linkedin.com\/company\/nti-ag-linmot-magspring","https:\/\/www.youtube.com\/user\/LinMotEurope","https:\/\/www.xing.com\/pages\/linmot-magspring"]}]}},"_links":{"self":[{"href":"https:\/\/linmot.com\/de\/wp-json\/wp\/v2\/pages\/251","targetHints":{"allow":["GET"]}}],"collection":[{"href":"https:\/\/linmot.com\/de\/wp-json\/wp\/v2\/pages"}],"about":[{"href":"https:\/\/linmot.com\/de\/wp-json\/wp\/v2\/types\/page"}],"author":[{"embeddable":true,"href":"https:\/\/linmot.com\/de\/wp-json\/wp\/v2\/users\/1"}],"replies":[{"embeddable":true,"href":"https:\/\/linmot.com\/de\/wp-json\/wp\/v2\/comments?post=251"}],"version-history":[{"count":20,"href":"https:\/\/linmot.com\/de\/wp-json\/wp\/v2\/pages\/251\/revisions"}],"predecessor-version":[{"id":6021,"href":"https:\/\/linmot.com\/de\/wp-json\/wp\/v2\/pages\/251\/revisions\/6021"}],"wp:attachment":[{"href":"https:\/\/linmot.com\/de\/wp-json\/wp\/v2\/media?parent=251"}],"curies":[{"name":"wp","href":"https:\/\/api.w.org\/{rel}","templated":true}]}}