{"id":2423,"date":"2021-10-21T14:22:28","date_gmt":"2021-10-21T12:22:28","guid":{"rendered":"https:\/\/linmot.com\/de\/?page_id=2423"},"modified":"2024-08-28T16:02:54","modified_gmt":"2024-08-28T14:02:54","slug":"linearfuehrungen-h01-h10-b01","status":"publish","type":"page","link":"https:\/\/linmot.com\/de\/produkte\/linearfuehrungen-linearmodule\/linearfuehrungen-h01-h10-b01\/","title":{"rendered":"Linearf\u00fchrungen H01\/H10\/B01"},"content":{"rendered":"<p align=\"justify\"><strong>LinMot Linearf\u00fchrungen sind kompakte F\u00fchrungseinheiten mit integrierten Kugelb\u00fcchsen oder Lagern f\u00fcr die LinMot Linearmotoren. Die F\u00fchrungen nehmen \u00fcber Lastlager externe Kr\u00e4fte, Drehmomente und Biegemomente auf. Zus\u00e4tzlich wirken die Linearf\u00fchrungen als Verdrehsicherung. Sie bieten eine hochpr\u00e4zise F\u00fchrung und erm\u00f6glichen eine dynamische und pr\u00e4zise Positionierung der Last.<\/strong><\/p>\n<p align=\"justify\">Die Last wird direkt auf der Frontplatte der Linearf\u00fchrung montiert. Die mechanischen Abmessungen und Einbaum\u00f6glichkeiten sind mit den pneumatischen H-F\u00fchrungen kompatibel. Der modulare Aufbau der F\u00fchrungen erm\u00f6glicht den einfachen Einbau von Zubeh\u00f6r, wie z.B. einer mechanischen Bremse oder einer MagSpring-Magnetfeder zum Ausgleich der Last bei vertikalen Anwendungen. LinMot-F\u00fchrungen sind kompromisslos zuverl\u00e4ssig und eignen sich dank ihrer pr\u00e4zisen, sanften und hochdynamischen Linearbewegung f\u00fcr alle Arten von Aufgaben.<\/p>\n<hr \/>\n<div class=\"row\">\n<div class=\"col-sm-2\">\n<p><a class=\"button\" href=\"#details\">1. Details<\/a><\/p>\n<\/div>\n<div class=\"col-sm-1\">\n<\/div>\n<div class=\"col-sm-2\">\n<p><a class=\"button\" href=\"#kontakt\">2. Kontakt<\/a><\/p>\n<\/div>\n<\/div>\n<hr \/>\n<h3 id=\"details\">1. Details<\/h3>\n<h2>Linearf\u00fchrungen H01<\/h2>\n<div class=\"row\">\n<div class=\"col-md-7\">\n<p align=\"justify\">Die Linearf\u00fchrungen der Serie H01 sind kompakte F\u00fchrungseinheiten mit integrierten Kugelb\u00fcchsen oder Gleitlagern f\u00fcr die LinMot Linearmotoren der Serie P01. Sie bieten hohe F\u00fchrungsgenauigkeit und erm\u00f6glichen die dynamische und pr\u00e4zise Positionierung der Last. Die Modulbauweise der F\u00fchrungen erm\u00f6glicht die einfache Montage von Zubeh\u00f6rteilen, wie etwa einer mechanischen Bremse oder einer MagSpring (magnetischen Feder) zum Lastausgleich.<\/p>\n<ul>\n<li>Aufnahme von externen Kr\u00e4ften, Dreh- und Biegemomenten<\/li>\n<li>Verdrehsicherheit<\/li>\n<li>Kompatibel zu pneumatischen F\u00fchrungen<\/li>\n<li>Integrierte Linearkugellager oder Sinter-Gleitlager<\/li>\n<li>Last kann direkt an Frontplatte montiert werden<\/li>\n<\/ul>\n<p><a class=\"btn btn-active\" href=\"https:\/\/shop.linmot.com\/D\/linearmodule-&amp;-f%c3%bchrungen\/linearf%c3%bchrungen-h.htm\" target=\"_blank\" rel=\"noopener noreferrer\">Zu den Details im e-Katalog<\/a><\/p>\n<\/div>\n<div class=\"col-md-5\">\n<div class=\"carousel slide\" id=\"6720ce2c24c8722a963e4dbbcb94226a\" data-ride=\"carousel\">  <div class=\"carousel-inner\" role=\"listbox\">    <div class=\"item active\">      <img decoding=\"async\" src=\"https:\/\/linmot.com\/de\/wp-content\/uploads\/sites\/2\/2017\/10\/linear-guides_H_B_4.jpg\" alt=\"...\">    <\/div>    <div class=\"item\">      <img decoding=\"async\" src=\"https:\/\/linmot.com\/de\/wp-content\/uploads\/sites\/2\/2017\/10\/linear-guides_H_2.jpg\" alt=\"...\">    <\/div>    <div class=\"item\">      <img decoding=\"async\" src=\"https:\/\/linmot.com\/de\/wp-content\/uploads\/sites\/2\/2017\/10\/linear-guides_H_1.jpg\" alt=\"...\">    <\/div>  <\/div><div class=\"navigation\"><a class=\"left carousel-control\" href=\"#6720ce2c24c8722a963e4dbbcb94226a\" role=\"button\" data-slide=\"prev\"><\/a><a class=\"right carousel-control\" href=\"#6720ce2c24c8722a963e4dbbcb94226a\" role=\"button\" data-slide=\"next\"><\/a><\/div><\/div>\n<\/div>\n<\/div>\n<h2>Linearf\u00fchrungen B01<\/h2>\n<div class=\"row\">\n<div class=\"col-md-7\">\n<p align=\"justify\">Die Br\u00fcckenf\u00fchrungen der Serie B01 sind kompakte F\u00fchrungseinheiten mit integrierten Kugelb\u00fcchsen oder Gleitlagern f\u00fcr den Betrieb von LinMot Linearmotoren P01 zusammen mit untermassigen L\u00e4ufern. Die r\u00fcckseitige Endplatte verleiht der Br\u00fcckenf\u00fchrung eine erh\u00f6hte mechanische Steifigkeit.<\/p>\n<ul>\n<li>Erh\u00f6hte Steifigkeit durch Endplatte<\/li>\n<li>Einsatz bei untermassigen L\u00e4ufern<\/li>\n<li>Aufnahme von externen Kr\u00e4ften, Dreh- und Biegemomenten Verdrehsicherheit<\/li>\n<li>Kompatibel zu pneumatischenF\u00fchrungen<\/li>\n<li>Integrierte Linearkugellager oder Sinter-Gleitlager<\/li>\n<li>Last kann direkt an Frontplatte montiert werden<\/li>\n<\/ul>\n<p><a class=\"btn btn-active\" href=\"https:\/\/shop.linmot.com\/D\/linearmodule-&amp;-f%c3%bchrungen\/linearf%c3%bchrungen-b.htm\" target=\"_blank\" rel=\"noopener noreferrer\">Zu den Details im e-Katalog<\/a><\/p>\n<\/div>\n<div class=\"col-md-5\">\n<div class=\"carousel slide\" id=\"06c39e895071318609db7e32ad90ad20\" data-ride=\"carousel\">  <div class=\"carousel-inner\" role=\"listbox\">    <div class=\"item active\">      <img decoding=\"async\" src=\"https:\/\/linmot.com\/de\/wp-content\/uploads\/sites\/2\/2017\/10\/linear-guides_B_1.jpg\" alt=\"...\">    <\/div>    <div class=\"item\">      <img decoding=\"async\" src=\"https:\/\/linmot.com\/de\/wp-content\/uploads\/sites\/2\/2017\/10\/linear-guides_B_2.jpg\" alt=\"...\">    <\/div>    <div class=\"item\">      <img decoding=\"async\" src=\"https:\/\/linmot.com\/de\/wp-content\/uploads\/sites\/2\/2017\/10\/linear-guides_B_3.jpg\" alt=\"...\">    <\/div>  <\/div><div class=\"navigation\"><a class=\"left carousel-control\" href=\"#06c39e895071318609db7e32ad90ad20\" role=\"button\" data-slide=\"prev\"><\/a><a class=\"right carousel-control\" href=\"#06c39e895071318609db7e32ad90ad20\" role=\"button\" data-slide=\"next\"><\/a><\/div><\/div>\n<\/div>\n<\/div>\n<h2>Linearf\u00fchrungen H10<\/h2>\n<div class=\"row\">\n<div class=\"col-md-7\">\n<p align=\"justify\">Die Linearf\u00fchrungen der Serie H10 sind starke F\u00fchrungseinheiten mit integrierten Profilschienenf\u00fchrungen f\u00fcr die LinMot Linearmotoren der Serie P10-70. Sie bieten hohe F\u00fchrungsgenauigkeit und erm\u00f6glichen die dynamische und pr\u00e4zise Positionierung der Last. Die Modulbauweise der F\u00fchrungen erm\u00f6glicht die einfache Montage von diversen Zubeh\u00f6rteilen.<\/p>\n<ul>\n<li>Aufnahme von externen Kr\u00e4ften, Dreh- und Biegemomenten<\/li>\n<li>Verdrehsicherheit<\/li>\n<li>Profilschienenf\u00fchrung mit 4 Kugelreihen f\u00fcr hohe Lastmassen und lange Lebensdauer<\/li>\n<li>Last kann direkt an Frontplatte montiert werden<\/li>\n<li>Einfache Montage und Austausch von einzelnen Komponenten durch Modulbauweise<\/li>\n<\/ul>\n<p><a class=\"btn btn-active\" href=\"https:\/\/shop.linmot.com\/D\/linearmodule-&amp;-f%c3%bchrungen\/linearf%c3%bchrungen-h.htm\" target=\"_blank\" rel=\"noopener noreferrer\">Zu den Details im e-Katalog<\/a><\/p>\n<\/div>\n<div class=\"col-md-5\">\n<div class=\"carousel slide\" id=\"1a71237d118f73bff85ea25a7ecf4485\" data-ride=\"carousel\">  <div class=\"carousel-inner\" role=\"listbox\">    <div class=\"item active\">      <img decoding=\"async\" src=\"https:\/\/linmot.com\/de\/wp-content\/uploads\/sites\/2\/2021\/10\/linearfuehrungen-h10-3.jpg\" alt=\"...\">    <\/div>    <div class=\"item\">      <img decoding=\"async\" src=\"https:\/\/linmot.com\/de\/wp-content\/uploads\/sites\/2\/2021\/10\/linearfuehrungen-h10-2.jpg\" alt=\"...\">    <\/div>    <div class=\"item\">      <img decoding=\"async\" src=\"https:\/\/linmot.com\/de\/wp-content\/uploads\/sites\/2\/2017\/10\/linear-guides_H_3.jpg\" alt=\"...\">    <\/div>  <\/div><div class=\"navigation\"><a class=\"left carousel-control\" href=\"#1a71237d118f73bff85ea25a7ecf4485\" role=\"button\" data-slide=\"prev\"><\/a><a class=\"right carousel-control\" href=\"#1a71237d118f73bff85ea25a7ecf4485\" role=\"button\" data-slide=\"next\"><\/a><\/div><\/div>\n<\/div>\n<\/div>\n<h3 id=\"kontakt\">2. Kontakt<\/h3>\n<div class=\"row download\">\n<div class=\"col-md-6\">\n<h4 class=\"download-title\">Fragen zu den Linearf\u00fchrungen?<\/h4>\n<p class=\"bodytext\">Wir stehen Ihnen f\u00fcr Fragen rund um unsere Linearf\u00fchrungen gerne zur Verf\u00fcgung.<br \/>\nMelden Sie sich hierf\u00fcr \u00fcber das folgende Formular bei uns oder rufen Sie uns an unter:<\/p>\n<p class=\"bodytext\">Tel: +49 (0)201 858940 0<\/p>\n<p class=\"bodytext\">Das LinMot-Team<\/p>\n<\/div>\n<div class=\"col-md-1\">\n<\/div>\n<div class=\"col-md-5\">\n\n<div class=\"wpcf7 no-js\" id=\"wpcf7-f1617-o1\" lang=\"de-DE\" dir=\"ltr\" data-wpcf7-id=\"1617\">\n<div class=\"screen-reader-response\"><p role=\"status\" aria-live=\"polite\" aria-atomic=\"true\"><\/p> <ul><\/ul><\/div>\n<form action=\"\/de\/wp-json\/wp\/v2\/pages\/2423#wpcf7-f1617-o1\" method=\"post\" class=\"wpcf7-form init\" aria-label=\"Kontaktformular\" novalidate=\"novalidate\" data-status=\"init\">\n<fieldset class=\"hidden-fields-container\"><input type=\"hidden\" name=\"_wpcf7\" value=\"1617\" \/><input type=\"hidden\" name=\"_wpcf7_version\" value=\"6.1.5\" \/><input type=\"hidden\" name=\"_wpcf7_locale\" value=\"de_DE\" \/><input type=\"hidden\" name=\"_wpcf7_unit_tag\" value=\"wpcf7-f1617-o1\" \/><input type=\"hidden\" name=\"_wpcf7_container_post\" value=\"0\" \/><input type=\"hidden\" name=\"_wpcf7_posted_data_hash\" value=\"\" \/><input type=\"hidden\" name=\"_wpcf7_recaptcha_response\" value=\"\" \/>\n<\/fieldset>\n<label> Ihr Name<br>\n    <span class=\"wpcf7-form-control-wrap\" data-name=\"your-name\"><input size=\"40\" maxlength=\"400\" class=\"wpcf7-form-control wpcf7-text wpcf7-validates-as-required\" aria-required=\"true\" aria-invalid=\"false\" value=\"\" type=\"text\" name=\"your-name\" \/><\/span> <\/label>\n<br>\n<label> Ihre Firma<br>\n    <span class=\"wpcf7-form-control-wrap\" data-name=\"your-company\"><input size=\"40\" maxlength=\"400\" class=\"wpcf7-form-control wpcf7-text wpcf7-validates-as-required\" aria-required=\"true\" aria-invalid=\"false\" value=\"\" type=\"text\" name=\"your-company\" \/><\/span> <\/label>\n<br>\n<label> Postleitzahl<br>\n    <span class=\"wpcf7-form-control-wrap\" data-name=\"your-plz\"><input class=\"wpcf7-form-control wpcf7-number wpcf7-validates-as-required wpcf7-validates-as-number\" aria-required=\"true\" aria-invalid=\"false\" value=\"\" type=\"number\" name=\"your-plz\" \/><\/span> <\/label>\n<br>\n<label> Land<br>\n    <span class=\"wpcf7-form-control-wrap\" data-name=\"your-country\"><input size=\"40\" maxlength=\"400\" class=\"wpcf7-form-control wpcf7-text wpcf7-validates-as-required\" aria-required=\"true\" aria-invalid=\"false\" value=\"\" type=\"text\" name=\"your-country\" \/><\/span> <\/label>\n<br>\n<label> Telefonnummer<br>\n    <span class=\"wpcf7-form-control-wrap\" data-name=\"your-telephone\"><input size=\"40\" maxlength=\"400\" class=\"wpcf7-form-control wpcf7-tel wpcf7-text wpcf7-validates-as-tel\" aria-invalid=\"false\" value=\"\" type=\"tel\" name=\"your-telephone\" \/><\/span> <\/label>\n<br>\n<label> E-Mail-Adresse<br>\n    <span class=\"wpcf7-form-control-wrap\" data-name=\"your-email\"><input size=\"40\" maxlength=\"400\" class=\"wpcf7-form-control wpcf7-email wpcf7-validates-as-required wpcf7-text wpcf7-validates-as-email\" aria-required=\"true\" aria-invalid=\"false\" value=\"\" type=\"email\" name=\"your-email\" \/><\/span> <\/label>\n<br>\n<label> Ihre Frage<br>\n    <span class=\"wpcf7-form-control-wrap\" data-name=\"your-message\"><textarea cols=\"40\" rows=\"10\" maxlength=\"2000\" class=\"wpcf7-form-control wpcf7-textarea\" aria-invalid=\"false\" name=\"your-message\"><\/textarea><\/span> <\/label>\n<br>\n<input class=\"wpcf7-form-control wpcf7-submit has-spinner\" type=\"submit\" value=\"Senden\" \/><div class=\"wpcf7-response-output\" aria-hidden=\"true\"><\/div>\n<\/form>\n<\/div>\n\n<\/div>\n<\/div>\n","protected":false},"excerpt":{"rendered":"<p>LinMot Linearf\u00fchrungen sind kompakte F\u00fchrungseinheiten mit integrierten Kugelb\u00fcchsen oder Lagern f\u00fcr die LinMot Linearmotoren. Die F\u00fchrungen nehmen \u00fcber Lastlager externe Kr\u00e4fte, Drehmomente und Biegemomente auf. Zus\u00e4tzlich wirken die Linearf\u00fchrungen als Verdrehsicherung. Sie bieten eine hochpr\u00e4zise F\u00fchrung und erm\u00f6glichen eine dynamische und pr\u00e4zise Positionierung der Last. Die Last wird direkt auf der Frontplatte der Linearf\u00fchrung montiert. [&hellip;]<\/p>\n","protected":false},"author":9,"featured_media":0,"parent":44,"menu_order":70,"comment_status":"closed","ping_status":"closed","template":"","meta":{"_acf_changed":false,"footnotes":""},"class_list":["post-2423","page","type-page","status-publish","hentry"],"acf":[],"yoast_head":"<!-- This site is optimized with the Yoast SEO Premium plugin v20.9 (Yoast SEO v27.3) - https:\/\/yoast.com\/product\/yoast-seo-premium-wordpress\/ -->\n<title>Linearf\u00fchrungen H01\/H10\/B01 | LinMot<\/title>\n<meta name=\"description\" content=\"LinMot Linearf\u00fchrungen sind kompakte F\u00fchrungseinheiten mit integrierten Kugelb\u00fcchsen oder Lagern f\u00fcr die LinMot Linearmotoren.\" \/>\n<meta name=\"robots\" content=\"index, follow, max-snippet:-1, max-image-preview:large, max-video-preview:-1\" \/>\n<link rel=\"canonical\" href=\"https:\/\/linmot.com\/de\/produkte\/linearfuehrungen-linearmodule\/linearfuehrungen-h01-h10-b01\/\" \/>\n<meta property=\"og:locale\" content=\"de_DE\" \/>\n<meta property=\"og:type\" content=\"article\" \/>\n<meta property=\"og:title\" content=\"Linearf\u00fchrungen H01\/H10\/B01 | LinMot\" \/>\n<meta property=\"og:description\" content=\"LinMot Linearf\u00fchrungen sind kompakte F\u00fchrungseinheiten mit integrierten Kugelb\u00fcchsen oder Lagern f\u00fcr die LinMot Linearmotoren.\" \/>\n<meta property=\"og:url\" content=\"https:\/\/linmot.com\/de\/produkte\/linearfuehrungen-linearmodule\/linearfuehrungen-h01-h10-b01\/\" \/>\n<meta property=\"og:site_name\" content=\"LinMot &amp; MagSpring - Deutsch\" \/>\n<meta property=\"article:modified_time\" content=\"2024-08-28T14:02:54+00:00\" \/>\n<meta property=\"og:image\" content=\"https:\/\/linmot.com\/de\/wp-content\/uploads\/sites\/2\/2017\/10\/linear-guides_H_3.jpg\" \/>\n\t<meta property=\"og:image:width\" content=\"612\" \/>\n\t<meta property=\"og:image:height\" content=\"190\" \/>\n\t<meta property=\"og:image:type\" content=\"image\/jpeg\" \/>\n<meta name=\"twitter:card\" content=\"summary_large_image\" \/>\n<meta name=\"twitter:title\" content=\"Linearf\u00fchrungen H01\/H10\/B01 | LinMot\" \/>\n<meta name=\"twitter:description\" content=\"LinMot Linearf\u00fchrungen sind kompakte F\u00fchrungseinheiten mit integrierten Kugelb\u00fcchsen oder Lagern f\u00fcr die LinMot Linearmotoren.\" \/>\n<meta name=\"twitter:label1\" content=\"Gesch\u00e4tzte Lesezeit\" \/>\n\t<meta name=\"twitter:data1\" content=\"3 Minuten\" \/>\n<script type=\"application\/ld+json\" class=\"yoast-schema-graph\">{\"@context\":\"https:\\\/\\\/schema.org\",\"@graph\":[{\"@type\":\"WebPage\",\"@id\":\"https:\\\/\\\/linmot.com\\\/de\\\/produkte\\\/linearfuehrungen-linearmodule\\\/linearfuehrungen-h01-h10-b01\\\/\",\"url\":\"https:\\\/\\\/linmot.com\\\/de\\\/produkte\\\/linearfuehrungen-linearmodule\\\/linearfuehrungen-h01-h10-b01\\\/\",\"name\":\"Linearf\u00fchrungen H01\\\/H10\\\/B01 | LinMot\",\"isPartOf\":{\"@id\":\"https:\\\/\\\/linmot.com\\\/de\\\/#website\"},\"datePublished\":\"2021-10-21T12:22:28+00:00\",\"dateModified\":\"2024-08-28T14:02:54+00:00\",\"description\":\"LinMot Linearf\u00fchrungen sind kompakte F\u00fchrungseinheiten mit integrierten Kugelb\u00fcchsen oder Lagern f\u00fcr die LinMot Linearmotoren.\",\"breadcrumb\":{\"@id\":\"https:\\\/\\\/linmot.com\\\/de\\\/produkte\\\/linearfuehrungen-linearmodule\\\/linearfuehrungen-h01-h10-b01\\\/#breadcrumb\"},\"inLanguage\":\"de\",\"potentialAction\":[{\"@type\":\"ReadAction\",\"target\":[\"https:\\\/\\\/linmot.com\\\/de\\\/produkte\\\/linearfuehrungen-linearmodule\\\/linearfuehrungen-h01-h10-b01\\\/\"]}]},{\"@type\":\"BreadcrumbList\",\"@id\":\"https:\\\/\\\/linmot.com\\\/de\\\/produkte\\\/linearfuehrungen-linearmodule\\\/linearfuehrungen-h01-h10-b01\\\/#breadcrumb\",\"itemListElement\":[{\"@type\":\"ListItem\",\"position\":1,\"name\":\"LinMot\",\"item\":\"https:\\\/\\\/linmot.com\\\/de\\\/\"},{\"@type\":\"ListItem\",\"position\":2,\"name\":\"Produkte\",\"item\":\"https:\\\/\\\/linmot.com\\\/de\\\/produkte\\\/\"},{\"@type\":\"ListItem\",\"position\":3,\"name\":\"Linearf\u00fchrungen \\\/ Linearmodule\",\"item\":\"https:\\\/\\\/linmot.com\\\/de\\\/produkte\\\/linearfuehrungen-linearmodule\\\/\"},{\"@type\":\"ListItem\",\"position\":4,\"name\":\"Linearf\u00fchrungen H01\\\/H10\\\/B01\"}]},{\"@type\":\"WebSite\",\"@id\":\"https:\\\/\\\/linmot.com\\\/de\\\/#website\",\"url\":\"https:\\\/\\\/linmot.com\\\/de\\\/\",\"name\":\"LinMot & MagSpring - Industrielle Linearmotoren\",\"description\":\"Hochwertigen Linearmotoren und Linearmotorsystemen\",\"publisher\":{\"@id\":\"https:\\\/\\\/linmot.com\\\/de\\\/#organization\"},\"potentialAction\":[{\"@type\":\"SearchAction\",\"target\":{\"@type\":\"EntryPoint\",\"urlTemplate\":\"https:\\\/\\\/linmot.com\\\/de\\\/?s={search_term_string}\"},\"query-input\":{\"@type\":\"PropertyValueSpecification\",\"valueRequired\":true,\"valueName\":\"search_term_string\"}}],\"inLanguage\":\"de\"},{\"@type\":\"Organization\",\"@id\":\"https:\\\/\\\/linmot.com\\\/de\\\/#organization\",\"name\":\"NTI AG - LinMot & MagSpring\",\"url\":\"https:\\\/\\\/linmot.com\\\/de\\\/\",\"logo\":{\"@type\":\"ImageObject\",\"inLanguage\":\"de\",\"@id\":\"https:\\\/\\\/linmot.com\\\/de\\\/#\\\/schema\\\/logo\\\/image\\\/\",\"url\":\"https:\\\/\\\/linmot.com\\\/de\\\/wp-content\\\/uploads\\\/sites\\\/2\\\/2022\\\/01\\\/social-logo.jpg\",\"contentUrl\":\"https:\\\/\\\/linmot.com\\\/de\\\/wp-content\\\/uploads\\\/sites\\\/2\\\/2022\\\/01\\\/social-logo.jpg\",\"width\":800,\"height\":500,\"caption\":\"NTI AG - LinMot & MagSpring\"},\"image\":{\"@id\":\"https:\\\/\\\/linmot.com\\\/de\\\/#\\\/schema\\\/logo\\\/image\\\/\"},\"sameAs\":[\"https:\\\/\\\/www.linkedin.com\\\/company\\\/nti-ag-linmot-magspring\",\"https:\\\/\\\/www.youtube.com\\\/user\\\/LinMotEurope\",\"https:\\\/\\\/www.xing.com\\\/pages\\\/linmot-magspring\"]}]}<\/script>\n<!-- \/ Yoast SEO Premium plugin. -->","yoast_head_json":{"title":"Linearf\u00fchrungen H01\/H10\/B01 | LinMot","description":"LinMot Linearf\u00fchrungen sind kompakte F\u00fchrungseinheiten mit integrierten Kugelb\u00fcchsen oder Lagern f\u00fcr die LinMot Linearmotoren.","robots":{"index":"index","follow":"follow","max-snippet":"max-snippet:-1","max-image-preview":"max-image-preview:large","max-video-preview":"max-video-preview:-1"},"canonical":"https:\/\/linmot.com\/de\/produkte\/linearfuehrungen-linearmodule\/linearfuehrungen-h01-h10-b01\/","og_locale":"de_DE","og_type":"article","og_title":"Linearf\u00fchrungen H01\/H10\/B01 | LinMot","og_description":"LinMot Linearf\u00fchrungen sind kompakte F\u00fchrungseinheiten mit integrierten Kugelb\u00fcchsen oder Lagern f\u00fcr die LinMot Linearmotoren.","og_url":"https:\/\/linmot.com\/de\/produkte\/linearfuehrungen-linearmodule\/linearfuehrungen-h01-h10-b01\/","og_site_name":"LinMot &amp; MagSpring - Deutsch","article_modified_time":"2024-08-28T14:02:54+00:00","og_image":[{"width":612,"height":190,"url":"https:\/\/linmot.com\/de\/wp-content\/uploads\/sites\/2\/2017\/10\/linear-guides_H_3.jpg","type":"image\/jpeg"}],"twitter_card":"summary_large_image","twitter_title":"Linearf\u00fchrungen H01\/H10\/B01 | LinMot","twitter_description":"LinMot Linearf\u00fchrungen sind kompakte F\u00fchrungseinheiten mit integrierten Kugelb\u00fcchsen oder Lagern f\u00fcr die LinMot Linearmotoren.","twitter_misc":{"Gesch\u00e4tzte Lesezeit":"3 Minuten"},"schema":{"@context":"https:\/\/schema.org","@graph":[{"@type":"WebPage","@id":"https:\/\/linmot.com\/de\/produkte\/linearfuehrungen-linearmodule\/linearfuehrungen-h01-h10-b01\/","url":"https:\/\/linmot.com\/de\/produkte\/linearfuehrungen-linearmodule\/linearfuehrungen-h01-h10-b01\/","name":"Linearf\u00fchrungen H01\/H10\/B01 | LinMot","isPartOf":{"@id":"https:\/\/linmot.com\/de\/#website"},"datePublished":"2021-10-21T12:22:28+00:00","dateModified":"2024-08-28T14:02:54+00:00","description":"LinMot Linearf\u00fchrungen sind kompakte F\u00fchrungseinheiten mit integrierten Kugelb\u00fcchsen oder Lagern f\u00fcr die LinMot Linearmotoren.","breadcrumb":{"@id":"https:\/\/linmot.com\/de\/produkte\/linearfuehrungen-linearmodule\/linearfuehrungen-h01-h10-b01\/#breadcrumb"},"inLanguage":"de","potentialAction":[{"@type":"ReadAction","target":["https:\/\/linmot.com\/de\/produkte\/linearfuehrungen-linearmodule\/linearfuehrungen-h01-h10-b01\/"]}]},{"@type":"BreadcrumbList","@id":"https:\/\/linmot.com\/de\/produkte\/linearfuehrungen-linearmodule\/linearfuehrungen-h01-h10-b01\/#breadcrumb","itemListElement":[{"@type":"ListItem","position":1,"name":"LinMot","item":"https:\/\/linmot.com\/de\/"},{"@type":"ListItem","position":2,"name":"Produkte","item":"https:\/\/linmot.com\/de\/produkte\/"},{"@type":"ListItem","position":3,"name":"Linearf\u00fchrungen \/ Linearmodule","item":"https:\/\/linmot.com\/de\/produkte\/linearfuehrungen-linearmodule\/"},{"@type":"ListItem","position":4,"name":"Linearf\u00fchrungen H01\/H10\/B01"}]},{"@type":"WebSite","@id":"https:\/\/linmot.com\/de\/#website","url":"https:\/\/linmot.com\/de\/","name":"LinMot & MagSpring - Industrielle Linearmotoren","description":"Hochwertigen Linearmotoren und Linearmotorsystemen","publisher":{"@id":"https:\/\/linmot.com\/de\/#organization"},"potentialAction":[{"@type":"SearchAction","target":{"@type":"EntryPoint","urlTemplate":"https:\/\/linmot.com\/de\/?s={search_term_string}"},"query-input":{"@type":"PropertyValueSpecification","valueRequired":true,"valueName":"search_term_string"}}],"inLanguage":"de"},{"@type":"Organization","@id":"https:\/\/linmot.com\/de\/#organization","name":"NTI AG - LinMot & MagSpring","url":"https:\/\/linmot.com\/de\/","logo":{"@type":"ImageObject","inLanguage":"de","@id":"https:\/\/linmot.com\/de\/#\/schema\/logo\/image\/","url":"https:\/\/linmot.com\/de\/wp-content\/uploads\/sites\/2\/2022\/01\/social-logo.jpg","contentUrl":"https:\/\/linmot.com\/de\/wp-content\/uploads\/sites\/2\/2022\/01\/social-logo.jpg","width":800,"height":500,"caption":"NTI AG - LinMot & MagSpring"},"image":{"@id":"https:\/\/linmot.com\/de\/#\/schema\/logo\/image\/"},"sameAs":["https:\/\/www.linkedin.com\/company\/nti-ag-linmot-magspring","https:\/\/www.youtube.com\/user\/LinMotEurope","https:\/\/www.xing.com\/pages\/linmot-magspring"]}]}},"_links":{"self":[{"href":"https:\/\/linmot.com\/de\/wp-json\/wp\/v2\/pages\/2423","targetHints":{"allow":["GET"]}}],"collection":[{"href":"https:\/\/linmot.com\/de\/wp-json\/wp\/v2\/pages"}],"about":[{"href":"https:\/\/linmot.com\/de\/wp-json\/wp\/v2\/types\/page"}],"author":[{"embeddable":true,"href":"https:\/\/linmot.com\/de\/wp-json\/wp\/v2\/users\/9"}],"replies":[{"embeddable":true,"href":"https:\/\/linmot.com\/de\/wp-json\/wp\/v2\/comments?post=2423"}],"version-history":[{"count":19,"href":"https:\/\/linmot.com\/de\/wp-json\/wp\/v2\/pages\/2423\/revisions"}],"predecessor-version":[{"id":5233,"href":"https:\/\/linmot.com\/de\/wp-json\/wp\/v2\/pages\/2423\/revisions\/5233"}],"up":[{"embeddable":true,"href":"https:\/\/linmot.com\/de\/wp-json\/wp\/v2\/pages\/44"}],"wp:attachment":[{"href":"https:\/\/linmot.com\/de\/wp-json\/wp\/v2\/media?parent=2423"}],"curies":[{"name":"wp","href":"https:\/\/api.w.org\/{rel}","templated":true}]}}