{"id":223,"date":"2017-11-07T15:29:07","date_gmt":"2017-11-07T14:29:07","guid":{"rendered":"https:\/\/linmot.com\/?page_id=223"},"modified":"2024-05-01T16:46:50","modified_gmt":"2024-05-01T14:46:50","slug":"handling-montage","status":"publish","type":"page","link":"https:\/\/linmot.com\/de\/branchen\/handling-montage\/","title":{"rendered":"Handling &#038; Montage"},"content":{"rendered":"<p><strong>Mit frei programmierbaren und hochdynamischen Linearmotoren findet der Anlageningenieur die optimalen Komponenten f\u00fcr eine moderne Produktionsmaschine, die den geltenden Anforderungen problemlos standhalten kann.<\/strong><\/p>\n<img loading=\"lazy\" decoding=\"async\" class=\"aligncenter wp-image-224 size-full\" src=\"https:\/\/linmot.com\/de\/wp-content\/uploads\/sites\/2\/2017\/11\/LinMot-Solutions-Hadling-Assembling-Industry.jpg\" alt=\"Handling und Montage\" width=\"940\" height=\"300\" srcset=\"https:\/\/linmot.com\/de\/wp-content\/uploads\/sites\/2\/2017\/11\/LinMot-Solutions-Hadling-Assembling-Industry.jpg 940w, https:\/\/linmot.com\/de\/wp-content\/uploads\/sites\/2\/2017\/11\/LinMot-Solutions-Hadling-Assembling-Industry-300x96.jpg 300w, https:\/\/linmot.com\/de\/wp-content\/uploads\/sites\/2\/2017\/11\/LinMot-Solutions-Hadling-Assembling-Industry-768x245.jpg 768w\" sizes=\"auto, (max-width: 940px) 100vw, 940px\" \/>\n<p>Im globalen Wettbewerb ist die Spanne des \u201eTime-to-market\u201c ein zunehmend erfolgsversprechender Faktor geworden. K\u00fcrzere Innovationszyklen und gro\u00dfe Variantenvielfalt stellen dabei die gr\u00f6ssten Herausforderungen. Um diesen Anforderungen gerecht zu werden, bedarf es einer immer flexibleren Produktion mit intelligenten Automatisierungsl\u00f6sungen.<\/p>\n<p>Hauptansatz f\u00fcr eine leistungsf\u00e4higere Fertigung sind modular aufgebaute Anlagen, in denen Elemente auf einfachste Weise rekonfiguriert werden k\u00f6nnen. Die Integration von zus\u00e4tzlichen Modulen mit neuen Funktionalit\u00e4ten in bestehende Linien soll einfach umgesetzt werden, mit dem Ziel die Wiederverwendbarkeit der Produktionsanlage zu erh\u00f6hen. Neben der gesteigerten Flexibilit\u00e4t ben\u00f6tigt eine moderne Anlage eine h\u00f6chstm\u00f6gliche Produktionsgeschwindigkeit sowie eine sichere Nachverfolgbarkeit in Form einer l\u00fcckenlosen elektronischen Prozessdokumentation.<\/p>\n<p>Mit frei programmierbaren und hochdynamischen <a href=\"\/de\/produkte\/linearmotoren\/\">Linearmotoren<\/a> findet der Anlageningenieur die optimalen Komponenten f\u00fcr eine moderne Produktionsmaschine, die den geltenden Anforderungen problemlos standhalten kann.<\/p>\n<p>Zahlreiche, bereits realisierte Anwendungen zeigen, dass die Antriebstechnik von LinMot die Produktivit\u00e4t und Flexibilit\u00e4t von Montage- und Handlingsystemen signifikant steigern kann und durch Plug&amp;Play-Technologie wird die Inbetriebnahme deutlich verk\u00fcrzt. Das Einsatzspektrum umfasst alle denkbaren Antriebsaufgaben.<\/p>\n<h3>Die Vorteile f\u00fcr Montage- und Handlingsysteme<\/h3>\n<div class=\"row\">\n<div class=\"col-sm-4\">\n<ul>\n<li>Zuf\u00fchrungen<\/li>\n<li>Transfersysteme<\/li>\n<li><a href=\"https:\/\/www.youtube.com\/watch?v=4_6KI_5cmOo&amp;list=PLR_bmqMbOMGfULTXsg0BQSVWMkuZROPaW\" target=\"_blank\" rel=\"noopener\">Pick &amp; Place Module<\/a><\/li>\n<li>Palettiereinheiten<\/li>\n<li>Stapeleinheiten<\/li>\n<li>XY-Tische<\/li>\n<\/ul>\n<\/div>\n<div class=\"col-sm-4\">\n<ul>\n<li>F\u00fcgemodule<\/li>\n<li>Pr\u00e4zisionspressen<\/li>\n<li>Sortieranlagen<\/li>\n<li>Schraubautomaten<\/li>\n<li>Dosiereinheiten<\/li>\n<li>Leimstationen<\/li>\n<\/ul>\n<\/div>\n<div class=\"col-sm-4\">\n<ul>\n<li>Qualit\u00e4tssicherung<\/li>\n<li>Pr\u00fcfmodule<\/li>\n<li>Kamerapositionierung<\/li>\n<li>Beleuchtungspositionierung<\/li>\n<li>etc.<\/li>\n<\/ul>\n<\/div>\n<\/div>\n<hr \/>\n<h2>Anwendungsberichte \u00fcber Handhabung und Montage<\/h2>\n<div class=\"row download\">\n<div class=\"col-md-3\">\n<h4 class=\"download-title\">Pick&amp;Place mit Direktantriebstechnik<\/h4>\n<p class=\"bodytext\" align=\"justify\">Flexibel und blitzschnell: Mit elektrischen Direktantrieben lassen sich Pick&amp;Place-Module realisieren, die besonders effizient, pr\u00e4zise und dynamisch arbeiten. Dar\u00fcber hinaus sind diese flexibler einsetzbar, kompakter und erfordern weniger Montage- und Wartungsaufwand als ihre Pendants mit Pneumatik- oder Kurvenscheibenantrieb.<\/p>\n<p><a class=\"button\" href=\"\/de\/blog\/pickplace-mit-direktantriebstechnik\/\">Zum Artikel<\/a><br \/>\n<\/div>\n<div class=\"col-md-2\">\n<img loading=\"lazy\" decoding=\"async\" class=\"alignnone wp-image-3295 size-full\" src=\"https:\/\/linmot.com\/wp-content\/uploads\/2022\/08\/pick-and-place-with-direct-drive-technology-application-report.jpg\" alt=\"\" width=\"220\" height=\"220\" \/><br \/>\n<\/div>\n<div class=\"col-md-2\">\n<\/div>\n<div class=\"col-md-3\">\n<h4 class=\"download-title\">Gardena bewegt durch LinMot die Zukunft des Wassers<\/h4>\n<p class=\"bodytext\" align=\"justify\">Denkt man nur an die bereits 1973 akkubetriebene Rasenkantenschere oder den Bew\u00e4sserungscomputer aus den 1980er Jahren, erwies sich GARDENA schon immer als besonders nachhaltig denkender Innovator. Mit modernster Hubdreh- und Lineartechnik des Antriebsspezialisten LinMot ist es GARDENA gelungen, Pr\u00e4zision, Geschwindigkeit und Nachhaltigkeit seiner Produktionsanlagen neu zu definieren.<\/p>\n<p><a class=\"button\" href=\"\/de\/blog\/gardena-bewegt-durch-linmot-in-die-zukunft-des-wassers\/\">Zum Artikel<\/a><br \/>\n<\/div>\n<div class=\"col-md-2\">\n<img loading=\"lazy\" decoding=\"async\" class=\"aligncenter wp-image-4450 size-full\" src=\"https:\/\/linmot.com\/de\/wp-content\/uploads\/sites\/2\/2023\/07\/gardena-vorschau.jpg\" alt=\"\" width=\"220\" height=\"220\" srcset=\"https:\/\/linmot.com\/de\/wp-content\/uploads\/sites\/2\/2023\/07\/gardena-vorschau.jpg 220w, https:\/\/linmot.com\/de\/wp-content\/uploads\/sites\/2\/2023\/07\/gardena-vorschau-150x150.jpg 150w\" sizes=\"auto, (max-width: 220px) 100vw, 220px\" \/><br \/>\n<\/div>\n<\/div>\n<div class=\"row download\">\n<div class=\"col-md-3\">\n<h4 class=\"download-title\">Innovation bei Robotergreifern<\/h4>\n<p class=\"bodytext\" align=\"justify\">Mit dem Wechsel von Pneumatikzylindern zu Linearmotoren ist es dem Maschinen- und Anlagenbauer Keller HCW gelungen, eine Innovation bei universell einsetzbaren Robotergreifern mit hoher Nutzlast zu entwickeln, die selbst empfindliche Produkte sicher und schonend greifen, vereinzeln und versetzen k\u00f6nnen.<\/p>\n<p><a class=\"button\" href=\"\/de\/blog\/linearmotoren-ermoeglichen-innovation-bei-robotergreifern\/\">Zum Artikel<\/a><br \/>\n<\/div>\n<div class=\"col-md-2\">\n<img loading=\"lazy\" decoding=\"async\" class=\"aligncenter size-full wp-image-4073\" src=\"https:\/\/linmot.com\/de\/wp-content\/uploads\/sites\/2\/2023\/02\/vorschau-robotergreifer.jpg\" alt=\"\" width=\"220\" height=\"220\" srcset=\"https:\/\/linmot.com\/de\/wp-content\/uploads\/sites\/2\/2023\/02\/vorschau-robotergreifer.jpg 220w, https:\/\/linmot.com\/de\/wp-content\/uploads\/sites\/2\/2023\/02\/vorschau-robotergreifer-150x150.jpg 150w\" sizes=\"auto, (max-width: 220px) 100vw, 220px\" \/><br \/>\n<\/div>\n<\/div>\n","protected":false},"excerpt":{"rendered":"<p>Mit frei programmierbaren und hochdynamischen Linearmotoren findet der Anlageningenieur die optimalen Komponenten f\u00fcr eine moderne Produktionsmaschine, die den geltenden Anforderungen problemlos standhalten kann. Im globalen Wettbewerb ist die Spanne des \u201eTime-to-market\u201c ein zunehmend erfolgsversprechender Faktor geworden. K\u00fcrzere Innovationszyklen und gro\u00dfe Variantenvielfalt stellen dabei die gr\u00f6ssten Herausforderungen. Um diesen Anforderungen gerecht zu werden, bedarf es einer [&hellip;]<\/p>\n","protected":false},"author":1,"featured_media":0,"parent":8,"menu_order":105,"comment_status":"closed","ping_status":"closed","template":"","meta":{"_acf_changed":false,"footnotes":""},"class_list":["post-223","page","type-page","status-publish","hentry"],"acf":[],"yoast_head":"<!-- This site is optimized with the Yoast SEO Premium plugin v20.9 (Yoast SEO v27.2) - https:\/\/yoast.com\/product\/yoast-seo-premium-wordpress\/ -->\n<title>Handling &amp; Montage - Pick&#039;n&#039;Place, Assemblieren, Zuf\u00fchren<\/title>\n<meta name=\"description\" content=\"Vom Handling zur Montage: Der Anlageninenieur findet hier die besten Komponenten f\u00fcr eine wartungsarme, druckluftfreie Produktionsmaschine.\" \/>\n<meta name=\"robots\" content=\"index, follow, max-snippet:-1, max-image-preview:large, max-video-preview:-1\" \/>\n<link rel=\"canonical\" href=\"https:\/\/linmot.com\/de\/branchen\/handling-montage\/\" \/>\n<meta property=\"og:locale\" content=\"de_DE\" \/>\n<meta property=\"og:type\" content=\"article\" \/>\n<meta property=\"og:title\" content=\"Handling &amp; Montage - Pick&#039;n&#039;Place, Assemblieren, Zuf\u00fchren\" \/>\n<meta property=\"og:description\" content=\"Vom Handling zur Montage: Der Anlageninenieur findet hier die besten Komponenten f\u00fcr eine wartungsarme, druckluftfreie Produktionsmaschine.\" \/>\n<meta property=\"og:url\" content=\"https:\/\/linmot.com\/de\/branchen\/handling-montage\/\" \/>\n<meta property=\"og:site_name\" content=\"LinMot &amp; MagSpring - Deutsch\" \/>\n<meta property=\"article:modified_time\" content=\"2024-05-01T14:46:50+00:00\" \/>\n<meta property=\"og:image\" content=\"https:\/\/linmot.com\/de\/wp-content\/uploads\/sites\/2\/2017\/11\/LinMot-Solutions-Hadling-Assembling-Industry.jpg\" \/>\n\t<meta property=\"og:image:width\" content=\"940\" \/>\n\t<meta property=\"og:image:height\" content=\"300\" \/>\n\t<meta property=\"og:image:type\" content=\"image\/jpeg\" \/>\n<meta name=\"twitter:card\" content=\"summary_large_image\" \/>\n<meta name=\"twitter:title\" content=\"Handling &amp; Montage - Pick&#039;n&#039;Place, Assemblieren, Zuf\u00fchren\" \/>\n<meta name=\"twitter:description\" content=\"Vom Handling zur Montage: Der Anlageninenieur findet hier die besten Komponenten f\u00fcr eine wartungsarme, druckluftfreie Produktionsmaschine.\" \/>\n<meta name=\"twitter:image\" content=\"https:\/\/linmot.com\/de\/wp-content\/uploads\/sites\/2\/2017\/11\/LinMot-Solutions-Hadling-Assembling-Industry.jpg\" \/>\n<meta name=\"twitter:label1\" content=\"Gesch\u00e4tzte Lesezeit\" \/>\n\t<meta name=\"twitter:data1\" content=\"3 Minuten\" \/>\n<script type=\"application\/ld+json\" class=\"yoast-schema-graph\">{\"@context\":\"https:\/\/schema.org\",\"@graph\":[{\"@type\":\"WebPage\",\"@id\":\"https:\/\/linmot.com\/de\/branchen\/handling-montage\/\",\"url\":\"https:\/\/linmot.com\/de\/branchen\/handling-montage\/\",\"name\":\"Handling & Montage - Pick'n'Place, Assemblieren, Zuf\u00fchren\",\"isPartOf\":{\"@id\":\"https:\/\/linmot.com\/de\/#website\"},\"primaryImageOfPage\":{\"@id\":\"https:\/\/linmot.com\/de\/branchen\/handling-montage\/#primaryimage\"},\"image\":{\"@id\":\"https:\/\/linmot.com\/de\/branchen\/handling-montage\/#primaryimage\"},\"thumbnailUrl\":\"https:\/\/linmot.com\/de\/wp-content\/uploads\/sites\/2\/2017\/11\/LinMot-Solutions-Hadling-Assembling-Industry.jpg\",\"datePublished\":\"2017-11-07T14:29:07+00:00\",\"dateModified\":\"2024-05-01T14:46:50+00:00\",\"description\":\"Vom Handling zur Montage: Der Anlageninenieur findet hier die besten Komponenten f\u00fcr eine wartungsarme, druckluftfreie Produktionsmaschine.\",\"breadcrumb\":{\"@id\":\"https:\/\/linmot.com\/de\/branchen\/handling-montage\/#breadcrumb\"},\"inLanguage\":\"de\",\"potentialAction\":[{\"@type\":\"ReadAction\",\"target\":[\"https:\/\/linmot.com\/de\/branchen\/handling-montage\/\"]}]},{\"@type\":\"ImageObject\",\"inLanguage\":\"de\",\"@id\":\"https:\/\/linmot.com\/de\/branchen\/handling-montage\/#primaryimage\",\"url\":\"https:\/\/linmot.com\/de\/wp-content\/uploads\/sites\/2\/2017\/11\/LinMot-Solutions-Hadling-Assembling-Industry.jpg\",\"contentUrl\":\"https:\/\/linmot.com\/de\/wp-content\/uploads\/sites\/2\/2017\/11\/LinMot-Solutions-Hadling-Assembling-Industry.jpg\",\"width\":940,\"height\":300,\"caption\":\"Branchenl\u00f6sungen f\u00fcr Handling und Montage\"},{\"@type\":\"BreadcrumbList\",\"@id\":\"https:\/\/linmot.com\/de\/branchen\/handling-montage\/#breadcrumb\",\"itemListElement\":[{\"@type\":\"ListItem\",\"position\":1,\"name\":\"LinMot\",\"item\":\"https:\/\/linmot.com\/de\/\"},{\"@type\":\"ListItem\",\"position\":2,\"name\":\"Branchenl\u00f6sungen\",\"item\":\"https:\/\/linmot.com\/de\/branchen\/\"},{\"@type\":\"ListItem\",\"position\":3,\"name\":\"Handling &#038; Montage\"}]},{\"@type\":\"WebSite\",\"@id\":\"https:\/\/linmot.com\/de\/#website\",\"url\":\"https:\/\/linmot.com\/de\/\",\"name\":\"LinMot & MagSpring - Industrielle Linearmotoren\",\"description\":\"Hochwertigen Linearmotoren und Linearmotorsystemen\",\"publisher\":{\"@id\":\"https:\/\/linmot.com\/de\/#organization\"},\"potentialAction\":[{\"@type\":\"SearchAction\",\"target\":{\"@type\":\"EntryPoint\",\"urlTemplate\":\"https:\/\/linmot.com\/de\/?s={search_term_string}\"},\"query-input\":{\"@type\":\"PropertyValueSpecification\",\"valueRequired\":true,\"valueName\":\"search_term_string\"}}],\"inLanguage\":\"de\"},{\"@type\":\"Organization\",\"@id\":\"https:\/\/linmot.com\/de\/#organization\",\"name\":\"NTI AG - LinMot & MagSpring\",\"url\":\"https:\/\/linmot.com\/de\/\",\"logo\":{\"@type\":\"ImageObject\",\"inLanguage\":\"de\",\"@id\":\"https:\/\/linmot.com\/de\/#\/schema\/logo\/image\/\",\"url\":\"https:\/\/linmot.com\/de\/wp-content\/uploads\/sites\/2\/2022\/01\/social-logo.jpg\",\"contentUrl\":\"https:\/\/linmot.com\/de\/wp-content\/uploads\/sites\/2\/2022\/01\/social-logo.jpg\",\"width\":800,\"height\":500,\"caption\":\"NTI AG - LinMot & MagSpring\"},\"image\":{\"@id\":\"https:\/\/linmot.com\/de\/#\/schema\/logo\/image\/\"},\"sameAs\":[\"https:\/\/www.linkedin.com\/company\/nti-ag-linmot-magspring\",\"https:\/\/www.youtube.com\/user\/LinMotEurope\",\"https:\/\/www.xing.com\/pages\/linmot-magspring\"]}]}<\/script>\n<!-- \/ Yoast SEO Premium plugin. -->","yoast_head_json":{"title":"Handling & Montage - Pick'n'Place, Assemblieren, Zuf\u00fchren","description":"Vom Handling zur Montage: Der Anlageninenieur findet hier die besten Komponenten f\u00fcr eine wartungsarme, druckluftfreie Produktionsmaschine.","robots":{"index":"index","follow":"follow","max-snippet":"max-snippet:-1","max-image-preview":"max-image-preview:large","max-video-preview":"max-video-preview:-1"},"canonical":"https:\/\/linmot.com\/de\/branchen\/handling-montage\/","og_locale":"de_DE","og_type":"article","og_title":"Handling & Montage - Pick'n'Place, Assemblieren, Zuf\u00fchren","og_description":"Vom Handling zur Montage: Der Anlageninenieur findet hier die besten Komponenten f\u00fcr eine wartungsarme, druckluftfreie Produktionsmaschine.","og_url":"https:\/\/linmot.com\/de\/branchen\/handling-montage\/","og_site_name":"LinMot &amp; MagSpring - Deutsch","article_modified_time":"2024-05-01T14:46:50+00:00","og_image":[{"width":940,"height":300,"url":"https:\/\/linmot.com\/de\/wp-content\/uploads\/sites\/2\/2017\/11\/LinMot-Solutions-Hadling-Assembling-Industry.jpg","type":"image\/jpeg"}],"twitter_card":"summary_large_image","twitter_title":"Handling & Montage - Pick'n'Place, Assemblieren, Zuf\u00fchren","twitter_description":"Vom Handling zur Montage: Der Anlageninenieur findet hier die besten Komponenten f\u00fcr eine wartungsarme, druckluftfreie Produktionsmaschine.","twitter_image":"https:\/\/linmot.com\/de\/wp-content\/uploads\/sites\/2\/2017\/11\/LinMot-Solutions-Hadling-Assembling-Industry.jpg","twitter_misc":{"Gesch\u00e4tzte Lesezeit":"3 Minuten"},"schema":{"@context":"https:\/\/schema.org","@graph":[{"@type":"WebPage","@id":"https:\/\/linmot.com\/de\/branchen\/handling-montage\/","url":"https:\/\/linmot.com\/de\/branchen\/handling-montage\/","name":"Handling & Montage - Pick'n'Place, Assemblieren, Zuf\u00fchren","isPartOf":{"@id":"https:\/\/linmot.com\/de\/#website"},"primaryImageOfPage":{"@id":"https:\/\/linmot.com\/de\/branchen\/handling-montage\/#primaryimage"},"image":{"@id":"https:\/\/linmot.com\/de\/branchen\/handling-montage\/#primaryimage"},"thumbnailUrl":"https:\/\/linmot.com\/de\/wp-content\/uploads\/sites\/2\/2017\/11\/LinMot-Solutions-Hadling-Assembling-Industry.jpg","datePublished":"2017-11-07T14:29:07+00:00","dateModified":"2024-05-01T14:46:50+00:00","description":"Vom Handling zur Montage: Der Anlageninenieur findet hier die besten Komponenten f\u00fcr eine wartungsarme, druckluftfreie Produktionsmaschine.","breadcrumb":{"@id":"https:\/\/linmot.com\/de\/branchen\/handling-montage\/#breadcrumb"},"inLanguage":"de","potentialAction":[{"@type":"ReadAction","target":["https:\/\/linmot.com\/de\/branchen\/handling-montage\/"]}]},{"@type":"ImageObject","inLanguage":"de","@id":"https:\/\/linmot.com\/de\/branchen\/handling-montage\/#primaryimage","url":"https:\/\/linmot.com\/de\/wp-content\/uploads\/sites\/2\/2017\/11\/LinMot-Solutions-Hadling-Assembling-Industry.jpg","contentUrl":"https:\/\/linmot.com\/de\/wp-content\/uploads\/sites\/2\/2017\/11\/LinMot-Solutions-Hadling-Assembling-Industry.jpg","width":940,"height":300,"caption":"Branchenl\u00f6sungen f\u00fcr Handling und Montage"},{"@type":"BreadcrumbList","@id":"https:\/\/linmot.com\/de\/branchen\/handling-montage\/#breadcrumb","itemListElement":[{"@type":"ListItem","position":1,"name":"LinMot","item":"https:\/\/linmot.com\/de\/"},{"@type":"ListItem","position":2,"name":"Branchenl\u00f6sungen","item":"https:\/\/linmot.com\/de\/branchen\/"},{"@type":"ListItem","position":3,"name":"Handling &#038; Montage"}]},{"@type":"WebSite","@id":"https:\/\/linmot.com\/de\/#website","url":"https:\/\/linmot.com\/de\/","name":"LinMot & MagSpring - Industrielle Linearmotoren","description":"Hochwertigen Linearmotoren und Linearmotorsystemen","publisher":{"@id":"https:\/\/linmot.com\/de\/#organization"},"potentialAction":[{"@type":"SearchAction","target":{"@type":"EntryPoint","urlTemplate":"https:\/\/linmot.com\/de\/?s={search_term_string}"},"query-input":{"@type":"PropertyValueSpecification","valueRequired":true,"valueName":"search_term_string"}}],"inLanguage":"de"},{"@type":"Organization","@id":"https:\/\/linmot.com\/de\/#organization","name":"NTI AG - LinMot & MagSpring","url":"https:\/\/linmot.com\/de\/","logo":{"@type":"ImageObject","inLanguage":"de","@id":"https:\/\/linmot.com\/de\/#\/schema\/logo\/image\/","url":"https:\/\/linmot.com\/de\/wp-content\/uploads\/sites\/2\/2022\/01\/social-logo.jpg","contentUrl":"https:\/\/linmot.com\/de\/wp-content\/uploads\/sites\/2\/2022\/01\/social-logo.jpg","width":800,"height":500,"caption":"NTI AG - LinMot & MagSpring"},"image":{"@id":"https:\/\/linmot.com\/de\/#\/schema\/logo\/image\/"},"sameAs":["https:\/\/www.linkedin.com\/company\/nti-ag-linmot-magspring","https:\/\/www.youtube.com\/user\/LinMotEurope","https:\/\/www.xing.com\/pages\/linmot-magspring"]}]}},"_links":{"self":[{"href":"https:\/\/linmot.com\/de\/wp-json\/wp\/v2\/pages\/223","targetHints":{"allow":["GET"]}}],"collection":[{"href":"https:\/\/linmot.com\/de\/wp-json\/wp\/v2\/pages"}],"about":[{"href":"https:\/\/linmot.com\/de\/wp-json\/wp\/v2\/types\/page"}],"author":[{"embeddable":true,"href":"https:\/\/linmot.com\/de\/wp-json\/wp\/v2\/users\/1"}],"replies":[{"embeddable":true,"href":"https:\/\/linmot.com\/de\/wp-json\/wp\/v2\/comments?post=223"}],"version-history":[{"count":15,"href":"https:\/\/linmot.com\/de\/wp-json\/wp\/v2\/pages\/223\/revisions"}],"predecessor-version":[{"id":5086,"href":"https:\/\/linmot.com\/de\/wp-json\/wp\/v2\/pages\/223\/revisions\/5086"}],"up":[{"embeddable":true,"href":"https:\/\/linmot.com\/de\/wp-json\/wp\/v2\/pages\/8"}],"wp:attachment":[{"href":"https:\/\/linmot.com\/de\/wp-json\/wp\/v2\/media?parent=223"}],"curies":[{"name":"wp","href":"https:\/\/api.w.org\/{rel}","templated":true}]}}