{"id":2228,"date":"2021-08-20T10:54:16","date_gmt":"2021-08-20T08:54:16","guid":{"rendered":"https:\/\/linmot.com\/de\/?page_id=2228"},"modified":"2024-06-19T15:09:41","modified_gmt":"2024-06-19T13:09:41","slug":"automatisiertes-sortieren-umleiten-und-schieben","status":"publish","type":"page","link":"https:\/\/linmot.com\/de\/automatisiertes-sortieren-umleiten-und-schieben\/","title":{"rendered":"Automatisiertes Sortieren, Umleiten und Schieben"},"content":{"rendered":"<p align=\"justify\"><strong>Ob sortieren, umleiten oder schieben. LinMot Linearmodule bef\u00f6rdnern Produkte zuverl\u00e4ssig und effizient aus dem Produktionsfluss. Mit einer dynamischen Bewegung werden beanstandete Beh\u00e4lter aussortiert, fehlerhafte Teile ausgeleitet oder Lebensmittel abh\u00e4ngig von ihrer Gr\u00f6sse oder Qualtit\u00e4t auf ein anderes Band umgeleitet.<\/strong><\/p>\n<p align=\"justify\">Beim elektrischen Modul kann jede Bewegung pr\u00e4zise auf das Produkt eingestellt werden, um im richtigen Moment auf das Produkt aufzutreffen und dabei den Fluss der nachfolgenden Produkte nicht zu beeintr\u00e4chtigen. Der sichere Transport kann dank sanften Bewegungsprofilen auch bei besonders zerbrechlichen oder sensiblen Produkten gew\u00e4hrleistet werden.<\/p>\n<hr \/>\n<h3>Darum Linearmodule von LinMot:<\/h3>\n<div class=\"row download\">\n<div class=\"col-md-7\">\n<ul>\n<li>Geringe bewegte Masse f\u00fcr hohe Performance<\/li>\n<li>Einfache Montage und Inbetriebnahme mit \u201ePlug and Play\u201c<\/li>\n<li>Hohe Best\u00e4ndigkeit gegen Staub und Wasser<\/li>\n<li>Lange Lebensdauer und nahezu wartungsfrei<\/li>\n<\/ul>\n<p><strong>Wahlweise<\/strong><\/p>\n<ul>\n<li>Reinraum-Zulassung ISO 4 (nach ISO 14644-1)<\/li>\n<li>Wash-Down Version mit Schutzklasse bis IP69<\/li>\n<li>Hohe Chemikalienbest\u00e4ndigkeit<\/li>\n<li>MagSpring zur Lastkompensation<\/li>\n<\/ul>\n<\/div>\n<div class=\"col-md-5\">\n<div class=\"brlbs-cmpnt-container brlbs-cmpnt-content-blocker brlbs-cmpnt-with-individual-styles\" data-borlabs-cookie-content-blocker-id=\"youtube-content-blocker\" data-borlabs-cookie-content=\"PGlmcmFtZSB0aXRsZT0iWW91VHViZSB2aWRlbyBwbGF5ZXIiIHNyYz0iaHR0cHM6Ly93d3cueW91dHViZS1ub2Nvb2tpZS5jb20vZW1iZWQvUWVYOUxEMF9vekEiIHdpZHRoPSIzOTQiIGhlaWdodD0iMjIwIiBmcmFtZWJvcmRlcj0iMCIgYWxsb3dmdWxsc2NyZWVuPSJhbGxvd2Z1bGxzY3JlZW4iPjwvaWZyYW1lPg==\">\n<div class=\"brlbs-cmpnt-cb-preset-c brlbs-cmpnt-cb-youtube\">\n<div class=\"brlbs-cmpnt-cb-thumbnail\" style=\"background-image: url('https:\/\/linmot.com\/de\/wp-content\/uploads\/borlabs-cookie\/2\/yt_QeX9LD0_ozA_hqdefault.jpg')\"><\/div>\n<div class=\"brlbs-cmpnt-cb-main\">\n<div class=\"brlbs-cmpnt-cb-play-button\"><\/div>\n<div class=\"brlbs-cmpnt-cb-content\">\n<p class=\"brlbs-cmpnt-cb-description\">Sie sehen gerade einen Platzhalterinhalt von <strong>YouTube<\/strong>. Um auf den eigentlichen Inhalt zuzugreifen, klicken Sie auf die Schaltfl\u00e4che unten. Bitte beachten Sie, dass dabei Daten an Drittanbieter weitergegeben werden.<\/p>\n<p> <a class=\"brlbs-cmpnt-cb-provider-toggle\" href=\"#\" data-borlabs-cookie-show-provider-information role=\"button\">Mehr Informationen<\/a> <\/div>\n<div class=\"brlbs-cmpnt-cb-buttons\"> <a class=\"brlbs-cmpnt-cb-btn\" href=\"#\" data-borlabs-cookie-unblock role=\"button\">Inhalt entsperren<\/a> <a class=\"brlbs-cmpnt-cb-btn\" href=\"#\" data-borlabs-cookie-accept-service role=\"button\" style=\"display: inherit\">Erforderlichen Service akzeptieren und Inhalte entsperren<\/a> <\/div>\n<\/p><\/div>\n<\/p><\/div>\n<\/div>\n<\/div>\n<\/div>\n<hr \/>\n<h3>LinMot Produkte zum Sortieren, Umleiten und Schieben<\/h3>\n<div class=\"row\">\n<div class=\"col-md-4\">\n<p><strong>Linearmodul DM01<\/strong><\/p>\n<img loading=\"lazy\" decoding=\"async\" class=\"alignnone wp-image-2229 size-full\" src=\"https:\/\/linmot.com\/de\/wp-content\/uploads\/sites\/2\/2021\/08\/linearmodul-dm01-akquiseseite.jpg\" alt=\"\" width=\"300\" height=\"199\" \/>\n<p style=\"text-align: left;\"><a class=\"button\" href=\"https:\/\/linmot.com\/de\/produkte\/linearfuehrungen-linearmodule\/linearmodule-dm01\/\" target=\"_same\" rel=\"noopener\">Zum Produkt<\/a><\/p>\n<p align=\"justify\">Die DM01-Linearmodule sind komplette Antriebsl\u00f6sungen bestehend aus Linearf\u00fchrung und fest integrierten LinMot Statoren und optional eingebauten \u201eMagnetischen Federn\u201c MagSpring sowie einer pneumatischen Haltebremse.<\/p>\n<\/div>\n<div class=\"col-md-4\">\n<p><strong>Linearmodul SM01<\/strong><\/p>\n<img loading=\"lazy\" decoding=\"async\" class=\"alignnone wp-image-2231 size-full\" src=\"https:\/\/linmot.com\/de\/wp-content\/uploads\/sites\/2\/2021\/08\/linearmodul-sm01-akquiseseite.jpg\" alt=\"\" width=\"300\" height=\"199\" \/>\n<p><a class=\"button\" href=\"\/products\/linear-guides-linear-modules\/linear-modules-stainless-steel-sm01-sm02\/\" rel=\"noopener\">Zum Produkt<\/a><\/p>\n<p align=\"justify\">Die SM01-Linearmodule sind speziell f\u00fcr Anwendungen in der Pharmazie oder dem Lebensmittelbereich entwickelt worden, welche eine L\u00f6sung aus Edelstahl mit hohem Schutzgrad erforderlich machen.<\/p>\n<\/div>\n<div class=\"col-md-4\">\n<p><strong>Linearmodul P04<\/strong><\/p>\n<img loading=\"lazy\" decoding=\"async\" class=\"alignnone wp-image-2230 size-full\" src=\"https:\/\/linmot.com\/de\/wp-content\/uploads\/sites\/2\/2021\/08\/linearmodul-p04-akquiseseite.jpg\" alt=\"\" width=\"300\" height=\"199\" \/>\n<p><a class=\"button\" href=\"https:\/\/linmot.com\/de\/produkte\/linearfuehrungen-linearmodule\/linearmodule-p04\/\" target=\"_same\" rel=\"noopener\">Zum Produkt<\/a><\/p>\n<p align=\"justify\">Die Linearmotoren des Typs P04 bringen alle Vorz\u00fcge der tubularen Linearmotoren mit und bieten zus\u00e4tzlich den Vorteil einer integrierten F\u00fchrung.<\/p>\n<\/div>\n<\/div>\n<hr \/>\n<h3>Hier werden unsere Motoren zum Sortieren, Umleiten und Schieben verwendet<\/h3>\n<div class=\"row\">\n<div class=\"col-md-4\">\n<a href=\"https:\/\/linmot.com\/de\/branchen\/lebensmittel\/\">Lebensmittel<\/a><br \/>\n<img loading=\"lazy\" decoding=\"async\" class=\"size-full wp-image-1975\" src=\"https:\/\/linmot.com\/de\/wp-content\/uploads\/sites\/2\/2021\/07\/icon-food.png\" alt=\"\" width=\"71\" height=\"39\" \/><br \/>\n<\/div>\n<div class=\"col-md-4\">\n<a href=\"https:\/\/linmot.com\/de\/branchen\/holzbearbeitung\/\">Holzbearbeitung<\/a><br \/>\n<img loading=\"lazy\" decoding=\"async\" class=\"wp-image-1976 size-full\" src=\"https:\/\/linmot.com\/de\/wp-content\/uploads\/sites\/2\/2021\/07\/icon-wood-machines.png\" alt=\"\" width=\"74\" height=\"40\" \/><br \/>\n<\/div>\n<div class=\"col-md-4\">\n<a href=\"https:\/\/linmot.com\/de\/branchen\/automobil\/\">Automobilindustrie<\/a><br \/>\n<img loading=\"lazy\" decoding=\"async\" class=\"wp-image-1977 size-full\" src=\"https:\/\/linmot.com\/de\/wp-content\/uploads\/sites\/2\/2021\/07\/icon-automotive.png\" alt=\"\" width=\"84\" height=\"35\" \/><br \/>\n<\/div>\n<\/div>\n<div class=\"row\">\n<div class=\"col-md-4\">\n<a href=\"https:\/\/linmot.com\/de\/branchen\/textil\/\">Textil<\/a><br \/>\n<img loading=\"lazy\" decoding=\"async\" class=\"wp-image-1978 size-full\" src=\"https:\/\/linmot.com\/de\/wp-content\/uploads\/sites\/2\/2021\/07\/icon-textile-machines.png\" alt=\"\" width=\"71\" height=\"37\" \/><br \/>\n<\/div>\n<div class=\"col-md-4\">\n<a href=\"https:\/\/linmot.com\/de\/branchen\/laborautomation\/\">Laborautomation<\/a><br \/>\n<img loading=\"lazy\" decoding=\"async\" class=\"wp-image-1980 size-full\" src=\"https:\/\/linmot.com\/de\/wp-content\/uploads\/sites\/2\/2021\/07\/icon-laboratory-automation.png\" alt=\"\" width=\"63\" height=\"48\" \/><br \/>\n<\/div>\n<div class=\"col-md-4\">\n<a href=\"https:\/\/linmot.com\/de\/branchen\/drucken-etikettieren\/\">Drucken &amp; Etikettieren<\/a><br \/>\n<img loading=\"lazy\" decoding=\"async\" class=\"wp-image-1979 size-full\" src=\"https:\/\/linmot.com\/de\/wp-content\/uploads\/sites\/2\/2021\/07\/icon-drucken-etikettieren.png\" alt=\"\" width=\"62\" height=\"56\" \/><br \/>\n<\/div>\n<\/div>\n<div class=\"row\">\n<div class=\"col-md-4\">\n<a href=\"https:\/\/linmot.com\/de\/branchen\/medizin-pharma\/\">Medizin &amp; Pharma<\/a><br \/>\n<img loading=\"lazy\" decoding=\"async\" class=\"alignnone wp-image-2020 size-full\" src=\"https:\/\/linmot.com\/de\/wp-content\/uploads\/sites\/2\/2021\/07\/icon-pharma.jpg\" alt=\"\" width=\"63\" height=\"48\" \/><br \/>\n<\/div>\n<div class=\"col-md-4\">\n<a href=\"https:\/\/linmot.com\/de\/branchen\/lebensmittel\/\">Getr\u00e4nkeindustrie<\/a><br \/>\n<img loading=\"lazy\" decoding=\"async\" class=\"alignnone wp-image-2021 size-full\" src=\"https:\/\/linmot.com\/de\/wp-content\/uploads\/sites\/2\/2021\/07\/icon-food-beverage.png\" alt=\"\" width=\"92\" height=\"40\" \/><br \/>\n<\/div>\n<div class=\"col-md-4\">\n<a href=\"https:\/\/linmot.com\/de\/branchen\/handling-montage\/\">Montagetechnik<\/a><br \/>\n<img loading=\"lazy\" decoding=\"async\" class=\"alignnone wp-image-2022 size-full\" src=\"https:\/\/linmot.com\/de\/wp-content\/uploads\/sites\/2\/2021\/07\/icon-montage.png\" alt=\"\" width=\"63\" height=\"48\" \/><br \/>\n<\/div>\n<\/div>\n<hr \/>\n<h3>Anwendungsberichte<\/h3>\n<div class=\"row download\">\n<div class=\"col-md-3\">\n<h4 class=\"download-title\">Getr\u00e4nkeindustrie 4.0<\/h4>\n<p class=\"bodytext\" align=\"justify\">Sperrige Bauweise, umfallende Flaschen und geringe Linienleistung \u2013 all das ist Vergangenheit. Die staatlich subventionierten Entwicklungen der Syscona Kontrollsysteme GmbH, gepaart mit Linearmotoren von LinMot ebnen gemeinsam den Weg zu einem bedarfsgerechten und digitalen Strukturwandel von Produktions- und Kontrollprozessen der Getr\u00e4nkeindustrie.<\/p>\n<p><a class=\"button\" href=\"\/de\/blog\/getraenkeindustrie-4-0-angetrieben-durch-lineartechnik-von-linmot\/\">Zum Artikel<\/a><br \/>\n<\/div>\n<div class=\"col-md-2\">\n<img loading=\"lazy\" decoding=\"async\" class=\"aligncenter size-full wp-image-4057\" src=\"https:\/\/linmot.com\/de\/wp-content\/uploads\/sites\/2\/2023\/01\/vorschau-getraenkeindustrie-4_0.jpg\" alt=\"\" width=\"220\" height=\"220\" srcset=\"https:\/\/linmot.com\/de\/wp-content\/uploads\/sites\/2\/2023\/01\/vorschau-getraenkeindustrie-4_0.jpg 220w, https:\/\/linmot.com\/de\/wp-content\/uploads\/sites\/2\/2023\/01\/vorschau-getraenkeindustrie-4_0-150x150.jpg 150w\" sizes=\"auto, (max-width: 220px) 100vw, 220px\" \/><br \/>\n<\/div>\n<\/div>\n<hr \/>\n<h3>Haben Sie Fragen zu den Motoren?<\/h3>\n<div class=\"row download\">\n<div class=\"col-md-6\">\n<p class=\"bodytext\" align=\"justify\">Wir stehen Ihnen f\u00fcr Fragen rund um die Motoren gerne zur Verf\u00fcgung. Melden Sie sich hierf\u00fcr \u00fcber das folgende Formular bei uns oder rufen Sie uns an unter:<\/p>\n<p class=\"bodytext\">Tel: +49 (0)201 858940 0<\/p>\n<p class=\"bodytext\">Das LinMot-Team<\/p>\n<\/div>\n<div class=\"col-md-1\">\n<\/div>\n<div class=\"col-md-5\">\n\n<div class=\"wpcf7 no-js\" id=\"wpcf7-f1617-o1\" lang=\"de-DE\" dir=\"ltr\" data-wpcf7-id=\"1617\">\n<div class=\"screen-reader-response\"><p role=\"status\" aria-live=\"polite\" aria-atomic=\"true\"><\/p> <ul><\/ul><\/div>\n<form action=\"\/de\/wp-json\/wp\/v2\/pages\/2228#wpcf7-f1617-o1\" method=\"post\" class=\"wpcf7-form init\" aria-label=\"Kontaktformular\" novalidate=\"novalidate\" data-status=\"init\">\n<fieldset class=\"hidden-fields-container\"><input type=\"hidden\" name=\"_wpcf7\" value=\"1617\" \/><input type=\"hidden\" name=\"_wpcf7_version\" value=\"6.1.5\" \/><input type=\"hidden\" name=\"_wpcf7_locale\" value=\"de_DE\" \/><input type=\"hidden\" name=\"_wpcf7_unit_tag\" value=\"wpcf7-f1617-o1\" \/><input type=\"hidden\" name=\"_wpcf7_container_post\" value=\"0\" \/><input type=\"hidden\" name=\"_wpcf7_posted_data_hash\" value=\"\" \/><input type=\"hidden\" name=\"_wpcf7_recaptcha_response\" value=\"\" \/>\n<\/fieldset>\n<label> Ihr Name<br>\n    <span class=\"wpcf7-form-control-wrap\" data-name=\"your-name\"><input size=\"40\" maxlength=\"400\" class=\"wpcf7-form-control wpcf7-text wpcf7-validates-as-required\" aria-required=\"true\" aria-invalid=\"false\" value=\"\" type=\"text\" name=\"your-name\" \/><\/span> <\/label>\n<br>\n<label> Ihre Firma<br>\n    <span class=\"wpcf7-form-control-wrap\" data-name=\"your-company\"><input size=\"40\" maxlength=\"400\" class=\"wpcf7-form-control wpcf7-text wpcf7-validates-as-required\" aria-required=\"true\" aria-invalid=\"false\" value=\"\" type=\"text\" name=\"your-company\" \/><\/span> <\/label>\n<br>\n<label> Postleitzahl<br>\n    <span class=\"wpcf7-form-control-wrap\" data-name=\"your-plz\"><input class=\"wpcf7-form-control wpcf7-number wpcf7-validates-as-required wpcf7-validates-as-number\" aria-required=\"true\" aria-invalid=\"false\" value=\"\" type=\"number\" name=\"your-plz\" \/><\/span> <\/label>\n<br>\n<label> Land<br>\n    <span class=\"wpcf7-form-control-wrap\" data-name=\"your-country\"><input size=\"40\" maxlength=\"400\" class=\"wpcf7-form-control wpcf7-text wpcf7-validates-as-required\" aria-required=\"true\" aria-invalid=\"false\" value=\"\" type=\"text\" name=\"your-country\" \/><\/span> <\/label>\n<br>\n<label> Telefonnummer<br>\n    <span class=\"wpcf7-form-control-wrap\" data-name=\"your-telephone\"><input size=\"40\" maxlength=\"400\" class=\"wpcf7-form-control wpcf7-tel wpcf7-text wpcf7-validates-as-tel\" aria-invalid=\"false\" value=\"\" type=\"tel\" name=\"your-telephone\" \/><\/span> <\/label>\n<br>\n<label> E-Mail-Adresse<br>\n    <span class=\"wpcf7-form-control-wrap\" data-name=\"your-email\"><input size=\"40\" maxlength=\"400\" class=\"wpcf7-form-control wpcf7-email wpcf7-validates-as-required wpcf7-text wpcf7-validates-as-email\" aria-required=\"true\" aria-invalid=\"false\" value=\"\" type=\"email\" name=\"your-email\" \/><\/span> <\/label>\n<br>\n<label> Ihre Frage<br>\n    <span class=\"wpcf7-form-control-wrap\" data-name=\"your-message\"><textarea cols=\"40\" rows=\"10\" maxlength=\"2000\" class=\"wpcf7-form-control wpcf7-textarea\" aria-invalid=\"false\" name=\"your-message\"><\/textarea><\/span> <\/label>\n<br>\n<input class=\"wpcf7-form-control wpcf7-submit has-spinner\" type=\"submit\" value=\"Senden\" \/><div class=\"wpcf7-response-output\" aria-hidden=\"true\"><\/div>\n<\/form>\n<\/div>\n\n<\/div>\n<\/div>\n","protected":false},"excerpt":{"rendered":"<p>Ob sortieren, umleiten oder schieben. LinMot Linearmodule bef\u00f6rdnern Produkte zuverl\u00e4ssig und effizient aus dem Produktionsfluss. Mit einer dynamischen Bewegung werden beanstandete Beh\u00e4lter aussortiert, fehlerhafte Teile ausgeleitet oder Lebensmittel abh\u00e4ngig von ihrer Gr\u00f6sse oder Qualtit\u00e4t auf ein anderes Band umgeleitet. Beim elektrischen Modul kann jede Bewegung pr\u00e4zise auf das Produkt eingestellt werden, um im richtigen Moment [&hellip;]<\/p>\n","protected":false},"author":9,"featured_media":0,"parent":0,"menu_order":101,"comment_status":"closed","ping_status":"closed","template":"","meta":{"_acf_changed":false,"footnotes":""},"class_list":["post-2228","page","type-page","status-publish","hentry"],"acf":[],"yoast_head":"<!-- This site is optimized with the Yoast SEO Premium plugin v20.9 (Yoast SEO v27.3) - https:\/\/yoast.com\/product\/yoast-seo-premium-wordpress\/ -->\n<title>Automatisiertes Sortieren, Umleiten und Schieben | LinMot<\/title>\n<meta name=\"description\" content=\"Ob sortieren, umleiten oder schieben. LinMot Linearmodule bef\u00f6rdnern Produkte zuverl\u00e4ssig und effizient aus dem Produktionsfluss.\" \/>\n<meta name=\"robots\" content=\"index, follow, max-snippet:-1, max-image-preview:large, max-video-preview:-1\" \/>\n<link rel=\"canonical\" href=\"https:\/\/linmot.com\/de\/automatisiertes-sortieren-umleiten-und-schieben\/\" \/>\n<meta property=\"og:locale\" content=\"de_DE\" \/>\n<meta property=\"og:type\" content=\"article\" \/>\n<meta property=\"og:title\" content=\"Automatisiertes Sortieren, Umleiten und Schieben | LinMot\" \/>\n<meta property=\"og:description\" content=\"Ob sortieren, umleiten oder schieben. LinMot Linearmodule bef\u00f6rdnern Produkte zuverl\u00e4ssig und effizient aus dem Produktionsfluss.\" \/>\n<meta property=\"og:url\" content=\"https:\/\/linmot.com\/de\/automatisiertes-sortieren-umleiten-und-schieben\/\" \/>\n<meta property=\"og:site_name\" content=\"LinMot &amp; MagSpring - Deutsch\" \/>\n<meta property=\"article:modified_time\" content=\"2024-06-19T13:09:41+00:00\" \/>\n<meta property=\"og:image\" content=\"https:\/\/linmot.com\/de\/wp-content\/uploads\/sites\/2\/2021\/11\/DM01-Gruppe-Artikel-Funktionale-Sicherheit.jpg\" \/>\n\t<meta property=\"og:image:width\" content=\"1024\" \/>\n\t<meta property=\"og:image:height\" content=\"457\" \/>\n\t<meta property=\"og:image:type\" content=\"image\/jpeg\" \/>\n<meta name=\"twitter:card\" content=\"summary_large_image\" \/>\n<meta name=\"twitter:title\" content=\"Automatisiertes Sortieren, Umleiten und Schieben | LinMot\" \/>\n<meta name=\"twitter:description\" content=\"Ob sortieren, umleiten oder schieben. LinMot Linearmodule bef\u00f6rdnern Produkte zuverl\u00e4ssig und effizient aus dem Produktionsfluss.\" \/>\n<meta name=\"twitter:label1\" content=\"Gesch\u00e4tzte Lesezeit\" \/>\n\t<meta name=\"twitter:data1\" content=\"5 Minuten\" \/>\n<script type=\"application\/ld+json\" class=\"yoast-schema-graph\">{\"@context\":\"https:\\\/\\\/schema.org\",\"@graph\":[{\"@type\":\"WebPage\",\"@id\":\"https:\\\/\\\/linmot.com\\\/de\\\/automatisiertes-sortieren-umleiten-und-schieben\\\/\",\"url\":\"https:\\\/\\\/linmot.com\\\/de\\\/automatisiertes-sortieren-umleiten-und-schieben\\\/\",\"name\":\"Automatisiertes Sortieren, Umleiten und Schieben | LinMot\",\"isPartOf\":{\"@id\":\"https:\\\/\\\/linmot.com\\\/de\\\/#website\"},\"primaryImageOfPage\":{\"@id\":\"https:\\\/\\\/linmot.com\\\/de\\\/automatisiertes-sortieren-umleiten-und-schieben\\\/#primaryimage\"},\"image\":{\"@id\":\"https:\\\/\\\/linmot.com\\\/de\\\/automatisiertes-sortieren-umleiten-und-schieben\\\/#primaryimage\"},\"thumbnailUrl\":\"https:\\\/\\\/linmot.com\\\/de\\\/wp-content\\\/uploads\\\/sites\\\/2\\\/2021\\\/08\\\/linearmodul-dm01-akquiseseite.jpg\",\"datePublished\":\"2021-08-20T08:54:16+00:00\",\"dateModified\":\"2024-06-19T13:09:41+00:00\",\"description\":\"Ob sortieren, umleiten oder schieben. LinMot Linearmodule bef\u00f6rdnern Produkte zuverl\u00e4ssig und effizient aus dem Produktionsfluss.\",\"breadcrumb\":{\"@id\":\"https:\\\/\\\/linmot.com\\\/de\\\/automatisiertes-sortieren-umleiten-und-schieben\\\/#breadcrumb\"},\"inLanguage\":\"de\",\"potentialAction\":[{\"@type\":\"ReadAction\",\"target\":[\"https:\\\/\\\/linmot.com\\\/de\\\/automatisiertes-sortieren-umleiten-und-schieben\\\/\"]}]},{\"@type\":\"ImageObject\",\"inLanguage\":\"de\",\"@id\":\"https:\\\/\\\/linmot.com\\\/de\\\/automatisiertes-sortieren-umleiten-und-schieben\\\/#primaryimage\",\"url\":\"https:\\\/\\\/linmot.com\\\/de\\\/wp-content\\\/uploads\\\/sites\\\/2\\\/2021\\\/08\\\/linearmodul-dm01-akquiseseite.jpg\",\"contentUrl\":\"https:\\\/\\\/linmot.com\\\/de\\\/wp-content\\\/uploads\\\/sites\\\/2\\\/2021\\\/08\\\/linearmodul-dm01-akquiseseite.jpg\",\"width\":300,\"height\":199,\"caption\":\"Linearmodul DM01 von LinMot Linearmotoren\"},{\"@type\":\"BreadcrumbList\",\"@id\":\"https:\\\/\\\/linmot.com\\\/de\\\/automatisiertes-sortieren-umleiten-und-schieben\\\/#breadcrumb\",\"itemListElement\":[{\"@type\":\"ListItem\",\"position\":1,\"name\":\"LinMot\",\"item\":\"https:\\\/\\\/linmot.com\\\/de\\\/\"},{\"@type\":\"ListItem\",\"position\":2,\"name\":\"Automatisiertes Sortieren, Umleiten und Schieben\"}]},{\"@type\":\"WebSite\",\"@id\":\"https:\\\/\\\/linmot.com\\\/de\\\/#website\",\"url\":\"https:\\\/\\\/linmot.com\\\/de\\\/\",\"name\":\"LinMot & MagSpring - Industrielle Linearmotoren\",\"description\":\"Hochwertigen Linearmotoren und Linearmotorsystemen\",\"publisher\":{\"@id\":\"https:\\\/\\\/linmot.com\\\/de\\\/#organization\"},\"potentialAction\":[{\"@type\":\"SearchAction\",\"target\":{\"@type\":\"EntryPoint\",\"urlTemplate\":\"https:\\\/\\\/linmot.com\\\/de\\\/?s={search_term_string}\"},\"query-input\":{\"@type\":\"PropertyValueSpecification\",\"valueRequired\":true,\"valueName\":\"search_term_string\"}}],\"inLanguage\":\"de\"},{\"@type\":\"Organization\",\"@id\":\"https:\\\/\\\/linmot.com\\\/de\\\/#organization\",\"name\":\"NTI AG - LinMot & MagSpring\",\"url\":\"https:\\\/\\\/linmot.com\\\/de\\\/\",\"logo\":{\"@type\":\"ImageObject\",\"inLanguage\":\"de\",\"@id\":\"https:\\\/\\\/linmot.com\\\/de\\\/#\\\/schema\\\/logo\\\/image\\\/\",\"url\":\"https:\\\/\\\/linmot.com\\\/de\\\/wp-content\\\/uploads\\\/sites\\\/2\\\/2022\\\/01\\\/social-logo.jpg\",\"contentUrl\":\"https:\\\/\\\/linmot.com\\\/de\\\/wp-content\\\/uploads\\\/sites\\\/2\\\/2022\\\/01\\\/social-logo.jpg\",\"width\":800,\"height\":500,\"caption\":\"NTI AG - LinMot & MagSpring\"},\"image\":{\"@id\":\"https:\\\/\\\/linmot.com\\\/de\\\/#\\\/schema\\\/logo\\\/image\\\/\"},\"sameAs\":[\"https:\\\/\\\/www.linkedin.com\\\/company\\\/nti-ag-linmot-magspring\",\"https:\\\/\\\/www.youtube.com\\\/user\\\/LinMotEurope\",\"https:\\\/\\\/www.xing.com\\\/pages\\\/linmot-magspring\"]}]}<\/script>\n<!-- \/ Yoast SEO Premium plugin. -->","yoast_head_json":{"title":"Automatisiertes Sortieren, Umleiten und Schieben | LinMot","description":"Ob sortieren, umleiten oder schieben. LinMot Linearmodule bef\u00f6rdnern Produkte zuverl\u00e4ssig und effizient aus dem Produktionsfluss.","robots":{"index":"index","follow":"follow","max-snippet":"max-snippet:-1","max-image-preview":"max-image-preview:large","max-video-preview":"max-video-preview:-1"},"canonical":"https:\/\/linmot.com\/de\/automatisiertes-sortieren-umleiten-und-schieben\/","og_locale":"de_DE","og_type":"article","og_title":"Automatisiertes Sortieren, Umleiten und Schieben | LinMot","og_description":"Ob sortieren, umleiten oder schieben. LinMot Linearmodule bef\u00f6rdnern Produkte zuverl\u00e4ssig und effizient aus dem Produktionsfluss.","og_url":"https:\/\/linmot.com\/de\/automatisiertes-sortieren-umleiten-und-schieben\/","og_site_name":"LinMot &amp; MagSpring - Deutsch","article_modified_time":"2024-06-19T13:09:41+00:00","og_image":[{"width":1024,"height":457,"url":"https:\/\/linmot.com\/de\/wp-content\/uploads\/sites\/2\/2021\/11\/DM01-Gruppe-Artikel-Funktionale-Sicherheit.jpg","type":"image\/jpeg"}],"twitter_card":"summary_large_image","twitter_title":"Automatisiertes Sortieren, Umleiten und Schieben | LinMot","twitter_description":"Ob sortieren, umleiten oder schieben. LinMot Linearmodule bef\u00f6rdnern Produkte zuverl\u00e4ssig und effizient aus dem Produktionsfluss.","twitter_misc":{"Gesch\u00e4tzte Lesezeit":"5 Minuten"},"schema":{"@context":"https:\/\/schema.org","@graph":[{"@type":"WebPage","@id":"https:\/\/linmot.com\/de\/automatisiertes-sortieren-umleiten-und-schieben\/","url":"https:\/\/linmot.com\/de\/automatisiertes-sortieren-umleiten-und-schieben\/","name":"Automatisiertes Sortieren, Umleiten und Schieben | LinMot","isPartOf":{"@id":"https:\/\/linmot.com\/de\/#website"},"primaryImageOfPage":{"@id":"https:\/\/linmot.com\/de\/automatisiertes-sortieren-umleiten-und-schieben\/#primaryimage"},"image":{"@id":"https:\/\/linmot.com\/de\/automatisiertes-sortieren-umleiten-und-schieben\/#primaryimage"},"thumbnailUrl":"https:\/\/linmot.com\/de\/wp-content\/uploads\/sites\/2\/2021\/08\/linearmodul-dm01-akquiseseite.jpg","datePublished":"2021-08-20T08:54:16+00:00","dateModified":"2024-06-19T13:09:41+00:00","description":"Ob sortieren, umleiten oder schieben. LinMot Linearmodule bef\u00f6rdnern Produkte zuverl\u00e4ssig und effizient aus dem Produktionsfluss.","breadcrumb":{"@id":"https:\/\/linmot.com\/de\/automatisiertes-sortieren-umleiten-und-schieben\/#breadcrumb"},"inLanguage":"de","potentialAction":[{"@type":"ReadAction","target":["https:\/\/linmot.com\/de\/automatisiertes-sortieren-umleiten-und-schieben\/"]}]},{"@type":"ImageObject","inLanguage":"de","@id":"https:\/\/linmot.com\/de\/automatisiertes-sortieren-umleiten-und-schieben\/#primaryimage","url":"https:\/\/linmot.com\/de\/wp-content\/uploads\/sites\/2\/2021\/08\/linearmodul-dm01-akquiseseite.jpg","contentUrl":"https:\/\/linmot.com\/de\/wp-content\/uploads\/sites\/2\/2021\/08\/linearmodul-dm01-akquiseseite.jpg","width":300,"height":199,"caption":"Linearmodul DM01 von LinMot Linearmotoren"},{"@type":"BreadcrumbList","@id":"https:\/\/linmot.com\/de\/automatisiertes-sortieren-umleiten-und-schieben\/#breadcrumb","itemListElement":[{"@type":"ListItem","position":1,"name":"LinMot","item":"https:\/\/linmot.com\/de\/"},{"@type":"ListItem","position":2,"name":"Automatisiertes Sortieren, Umleiten und Schieben"}]},{"@type":"WebSite","@id":"https:\/\/linmot.com\/de\/#website","url":"https:\/\/linmot.com\/de\/","name":"LinMot & MagSpring - Industrielle Linearmotoren","description":"Hochwertigen Linearmotoren und Linearmotorsystemen","publisher":{"@id":"https:\/\/linmot.com\/de\/#organization"},"potentialAction":[{"@type":"SearchAction","target":{"@type":"EntryPoint","urlTemplate":"https:\/\/linmot.com\/de\/?s={search_term_string}"},"query-input":{"@type":"PropertyValueSpecification","valueRequired":true,"valueName":"search_term_string"}}],"inLanguage":"de"},{"@type":"Organization","@id":"https:\/\/linmot.com\/de\/#organization","name":"NTI AG - LinMot & MagSpring","url":"https:\/\/linmot.com\/de\/","logo":{"@type":"ImageObject","inLanguage":"de","@id":"https:\/\/linmot.com\/de\/#\/schema\/logo\/image\/","url":"https:\/\/linmot.com\/de\/wp-content\/uploads\/sites\/2\/2022\/01\/social-logo.jpg","contentUrl":"https:\/\/linmot.com\/de\/wp-content\/uploads\/sites\/2\/2022\/01\/social-logo.jpg","width":800,"height":500,"caption":"NTI AG - LinMot & MagSpring"},"image":{"@id":"https:\/\/linmot.com\/de\/#\/schema\/logo\/image\/"},"sameAs":["https:\/\/www.linkedin.com\/company\/nti-ag-linmot-magspring","https:\/\/www.youtube.com\/user\/LinMotEurope","https:\/\/www.xing.com\/pages\/linmot-magspring"]}]}},"_links":{"self":[{"href":"https:\/\/linmot.com\/de\/wp-json\/wp\/v2\/pages\/2228","targetHints":{"allow":["GET"]}}],"collection":[{"href":"https:\/\/linmot.com\/de\/wp-json\/wp\/v2\/pages"}],"about":[{"href":"https:\/\/linmot.com\/de\/wp-json\/wp\/v2\/types\/page"}],"author":[{"embeddable":true,"href":"https:\/\/linmot.com\/de\/wp-json\/wp\/v2\/users\/9"}],"replies":[{"embeddable":true,"href":"https:\/\/linmot.com\/de\/wp-json\/wp\/v2\/comments?post=2228"}],"version-history":[{"count":16,"href":"https:\/\/linmot.com\/de\/wp-json\/wp\/v2\/pages\/2228\/revisions"}],"predecessor-version":[{"id":5032,"href":"https:\/\/linmot.com\/de\/wp-json\/wp\/v2\/pages\/2228\/revisions\/5032"}],"wp:attachment":[{"href":"https:\/\/linmot.com\/de\/wp-json\/wp\/v2\/media?parent=2228"}],"curies":[{"name":"wp","href":"https:\/\/api.w.org\/{rel}","templated":true}]}}