{"id":220,"date":"2017-11-07T15:27:15","date_gmt":"2017-11-07T14:27:15","guid":{"rendered":"https:\/\/linmot.com\/?page_id=220"},"modified":"2024-05-08T11:25:42","modified_gmt":"2024-05-08T09:25:42","slug":"medizin-pharma","status":"publish","type":"page","link":"https:\/\/linmot.com\/de\/branchen\/medizin-pharma\/","title":{"rendered":"Medizin &#038; Pharma"},"content":{"rendered":"<p><strong>Das Einsatzspektrum von Linearantrieben im Medizin &amp; Pharma-Sektor ist sehr breit angelegt.<\/strong><\/p>\n<img loading=\"lazy\" decoding=\"async\" class=\"aligncenter wp-image-221 size-full\" src=\"https:\/\/linmot.com\/de\/wp-content\/uploads\/sites\/2\/2017\/11\/LinMot-Solutions-Medical-Pharmaceutical-Industry.jpg\" alt=\"LinMot in der Medizin- und Pharmabranche\" width=\"940\" height=\"300\" srcset=\"https:\/\/linmot.com\/de\/wp-content\/uploads\/sites\/2\/2017\/11\/LinMot-Solutions-Medical-Pharmaceutical-Industry.jpg 940w, https:\/\/linmot.com\/de\/wp-content\/uploads\/sites\/2\/2017\/11\/LinMot-Solutions-Medical-Pharmaceutical-Industry-300x96.jpg 300w, https:\/\/linmot.com\/de\/wp-content\/uploads\/sites\/2\/2017\/11\/LinMot-Solutions-Medical-Pharmaceutical-Industry-768x245.jpg 768w\" sizes=\"auto, (max-width: 940px) 100vw, 940px\" \/>\n<p>Bedarf es des Handlings von Blutproben, m\u00fcssen Pillen gez\u00e4hlt bzw. aufgef\u00fcllt werden oder geht es um das anspruchsvolle Verpacken von Arzneimittel, LinMot Antriebskomponenten bieten ein H\u00f6chstmass an Dynamik und Pr\u00e4zision zur Realisierung dieser Aufgaben.<\/p>\n<p>Durch das hygienische Design der Linearmotoren k\u00f6nnen die hochempfindlichen Produkte entsprechend der Reinraum Bestimmungen sauber verarbeitet werden.<\/p>\n<p>Kunden aus dem Medizin und Pharma-Sektor profitieren aus den Erfahrungen von bereits umgesetzten Antriebsl\u00f6sungen in Bereich von:<\/p>\n<div class=\"row\">\n<div class=\"col-sm-4\">\n<ul>\n<li>Flexible F\u00fcllstationen<\/li>\n<li>Dosieren und Z\u00e4hlen<\/li>\n<li>Einschieben<\/li>\n<li>Einlegen<\/li>\n<\/ul>\n<\/div>\n<div class=\"col-sm-4\">\n<ul>\n<li><a href=\"\/de\/automatisiertes-verschliessen-und-verschrauben\/\">Verschliessen<\/a><\/li>\n<li>Aufdr\u00fccken von Verschl\u00fcssen<\/li>\n<li>Kartonieren<\/li>\n<li>Etikettieren<\/li>\n<\/ul>\n<\/div>\n<div class=\"col-sm-4\">\n<ul>\n<li>Pick und Place Systeme<\/li>\n<li>Produktehandling und Palettierung<\/li>\n<li>Blister &amp; Tray und Schalenhandling<\/li>\n<li>Verpackungssysteme in Blister &amp; Trays<\/li>\n<\/ul>\n<\/div>\n<\/div>\n<p>F\u00fcr Anwendungsf\u00e4lle in der Medizinal &amp; Pharmabranche hat LinMot spezielle Edelstahlmodule entwickelt. Entwickelt f\u00fcr eine anspruchsvolle Umgebung, sind die kompakten LinMot SSC Linearmotoren in Edelstahl EN 1.4404\/AISI 316 ausgef\u00fchrt. Um die Ablagerungen von Schmutz zu vermeiden, sind die Motoren ohne unn\u00f6tige Kanten, Ecken sowie Bohrungen und Verschraubungen ausgef\u00fchrt. Sie erm\u00f6glichen den Einsatz in Maschinen und Anlagen f\u00fcr die Verarbeitung von Lebensmitteln oder der Pharmaindustrie. Dort kommen sie problemlos mit extrem rauer oder korrosionsgef\u00e4hrdeter Umgebung zurecht und k\u00f6nnen bedenkenlos mit allen branchen\u00fcblichen Mitteln gereinigt werden.<\/p>\n<p>Eine \u00dcbersicht s\u00e4mtlicher LinMot-Produkte erwartet Sie auf dieser Seite: <\/p>\n<p><a class=\"button\" href=\"\/de\/die-produkteuebersicht-von-linmot-und-magspring\/\">Zur Produkt\u00fcbersicht<\/a><\/p>\n<hr \/>\n<div class=\"brlbs-cmpnt-container brlbs-cmpnt-content-blocker brlbs-cmpnt-with-individual-styles\" data-borlabs-cookie-content-blocker-id=\"yumpu\" data-borlabs-cookie-content=\"PGlmcmFtZSB3aWR0aD0iOTQwcHgiIGhlaWdodD0iNzkzcHgiIHNyYz0iaHR0cHM6Ly93d3cueXVtcHUuY29tL2RlL2VtYmVkL3ZpZXcvUHd5VEJtT3UydkFwbjFJdCIgZnJhbWVib3JkZXI9IjAiIGFsbG93ZnVsbHNjcmVlbj0idHJ1ZSIgIGFsbG93dHJhbnNwYXJlbmN5PSJ0cnVlIj48L2lmcmFtZT4=\">\n<div class=\"brlbs-cmpnt-cb-preset-a\">\n<p class=\"brlbs-cmpnt-cb-description\">Sie sehen gerade einen Platzhalterinhalt von <strong>Yumpu<\/strong>. Um auf den eigentlichen Inhalt zuzugreifen, klicken Sie auf die Schaltfl\u00e4che unten. Bitte beachten Sie, dass dabei Daten an Drittanbieter weitergegeben werden.<\/p>\n<div class=\"brlbs-cmpnt-cb-buttons\"> <a class=\"brlbs-cmpnt-cb-btn\" href=\"#\" data-borlabs-cookie-unblock role=\"button\">Inhalt entsperren<\/a> <a class=\"brlbs-cmpnt-cb-btn\" href=\"#\" data-borlabs-cookie-accept-service role=\"button\" style=\"display: inherit\">Erforderlichen Service akzeptieren und Inhalte entsperren<\/a> <\/div>\n<p> <a class=\"brlbs-cmpnt-cb-provider-toggle\" href=\"#\" data-borlabs-cookie-show-provider-information role=\"button\">Mehr Informationen<\/a> <\/div>\n<\/div>\n<hr \/>\n<h2>Anwendungsberichte aus der medizinischen und pharmazeutischen Industrie<\/h2>\n<div class=\"row download\">\n<div class=\"col-md-3\">\n<h4 class=\"download-title\">Linearmotor als k\u00fcnstliche Lunge bei Maskentests<\/h4>\n<p class=\"bodytext\" align=\"justify\">Medizinische Mund-Nase-Masken k\u00f6nnen helfen, die Ausbreitung des COVID-19-Virus zu verringern. Einfache zus\u00e4tzliche Ma\u00dfnahmen erh\u00f6hen die Schutzwirkung hierbei nochmals deutlich. Das haben systematische und reproduzierbare Untersuchungen der OTH Regensburg mit Hilfe eines Lungensimulators best\u00e4tigt, der mit Linearmotoren von LinMot arbeitet.<\/p>\n<p><a class=\"button\" href=\"\/de\/blog\/covid-19-linearmotor-als-kuenstliche-lunge-bei-maskentests\/\">Zum Artikel<\/a><br \/>\n<\/div>\n<div class=\"col-md-2\">\n<img loading=\"lazy\" decoding=\"async\" class=\"alignnone wp-image-3295 size-full\" src=\"https:\/\/linmot.com\/wp-content\/uploads\/2022\/08\/artificial-lungs-covid-19-application-report.jpg\" alt=\"\" width=\"220\" height=\"220\" \/><br \/>\n<\/div>\n<div class=\"col-md-2\">\n<\/div>\n<div class=\"col-md-3\">\n<h4 class=\"download-title\">Der Kampf gegen Medikamentenf\u00e4lschung<\/h4>\n<p class=\"bodytext\" align=\"justify\">Mit \u00fcber 6 Milliarden prozessierten Produkten pro Jahr und mit der f\u00fchrenden Technologie der Linearantriebe von LinMot bilden die einzigartigen Codierungsmaschinen von Hicof die Speerspitze der Initiative in F\u00e4lschungssicherheit.<\/p>\n<p><a class=\"button\" href=\"\/de\/blog\/der-kampf-gegen-medikamentenfaelschung-driven-by-linmot\/\">Zum Artikel<\/a><br \/>\n<\/div>\n<div class=\"col-md-2\">\n<img loading=\"lazy\" decoding=\"async\" class=\"alignnone wp-image-3296 size-full\" src=\"https:\/\/linmot.com\/wp-content\/uploads\/2022\/08\/fight-against-counterfeit-medications-application-report.jpg\" alt=\"\" width=\"220\" height=\"220\" \/><br \/>\n<\/div>\n<\/div>\n<div class=\"row download\">\n<div class=\"col-md-3\">\n<h4 class=\"download-title\">Pharmaproduktion in Zeiten der Covid-19-Pandemie<\/h4>\n<p class=\"bodytext\" align=\"justify\">Multiformat Abf\u00fcll- und Verschliessanlagen der Zellwag Pharmtech AG mit pr\u00e4zisen Hubdreh-Motoren von LinMot.<\/p>\n<p><a class=\"button\" href=\"\/de\/blog\/pharmaproduktion-in-zeiten-der-covid-19-pandemie\/\">Zum Artikel<\/a><br \/>\n<\/div>\n<div class=\"col-md-2\">\n<img loading=\"lazy\" decoding=\"async\" class=\"alignnone wp-image-3296 size-full\" src=\"https:\/\/linmot.com\/wp-content\/uploads\/2022\/08\/pharmaceutical-production-during-covid-19-application-report.jpg\" alt=\"\" width=\"220\" height=\"220\" \/><br \/>\n<\/div>\n<div class=\"col-md-2\">\n<\/div>\n<div class=\"col-md-3\">\n<h4 class=\"download-title\">LinMot Systeme in Pharmamaschinen von AFAQ<\/h4>\n<p class=\"bodytext\" align=\"justify\">Als f\u00fchrendes Unternehmen in der MENA-Region (Middle East and North Africa) f\u00fcr pharmazeutische Maschinen und Produktionslinien unternimmt AFAQ gro\u00dfe Anstrengungen beim Vergleich und bei der Auswahl von hochmodernen Systemen, die in seiner Maschinen (DropFill-SC Serie f\u00fcr Abf\u00fcllung und Verschliessen von Augentropfen) eingesetzt werden.<\/p>\n<p><a class=\"button\" href=\"\/de\/blog\/linmot-systeme-in-pharmamaschinen-von-afaq\/\">Zum Artikel<\/a><br \/>\n<\/div>\n<div class=\"col-md-2\">\n<img loading=\"lazy\" decoding=\"async\" class=\"alignnone wp-image-3296 size-full\" src=\"https:\/\/linmot.com\/wp-content\/uploads\/2022\/08\/afaq-pharmaceutical-machines-application-report.jpg\" alt=\"\" width=\"220\" height=\"220\" \/><br \/>\n<\/div>\n<\/div>\n<div class=\"row download\">\n<div class=\"col-md-3\">\n<h4 class=\"download-title\">Die F\u00fcll- und Verschliessmaschinen der Zellwag AG<\/h4>\n<p class=\"bodytext\" align=\"justify\">Dynamik in der Abf\u00fcll- und Verschliessmaschinenindustrie. Bereits seit 2002 vertraut die Zellwag AG bei der Realisierung ihrer vollautomatischen F\u00fcll- und Verschliessmaschinen f\u00fcr pharmazeutische und kosmetische Produkte auf Linearmotoren.<\/p>\n<p><a class=\"button\" href=\"\/de\/blog\/zu-den-sternen-und-weiter\/\">Zum Artikel<\/a><br \/>\n<\/div>\n<div class=\"col-md-2\">\n<img loading=\"lazy\" decoding=\"async\" class=\"alignnone wp-image-3297 size-full aligncenter\" src=\"https:\/\/linmot.com\/de\/wp-content\/uploads\/sites\/2\/2022\/04\/zellwag-fuell-und-verschliessmaschinen.jpg\" alt=\"\" width=\"220\" height=\"220\" srcset=\"https:\/\/linmot.com\/de\/wp-content\/uploads\/sites\/2\/2022\/04\/zellwag-fuell-und-verschliessmaschinen.jpg 220w, https:\/\/linmot.com\/de\/wp-content\/uploads\/sites\/2\/2022\/04\/zellwag-fuell-und-verschliessmaschinen-150x150.jpg 150w\" sizes=\"auto, (max-width: 220px) 100vw, 220px\" \/><br \/>\n<\/div>\n<div class=\"col-md-2\">\n<\/div>\n<div class=\"col-md-3\">\n<h4 class=\"download-title\">Mit LinMot auf die Tube dr\u00fccken<\/h4>\n<p class=\"bodytext\" align=\"justify\">LinMot Linearmotoren eignen sich unter anderem besonders f\u00fcr den Einsatz im Pharma-Reinraum und weisen deshalb auch ein entsprechendes Zertifikat auf. Sie sind abriebsarm, erfordern nur in gro\u00dfen Zeitabst\u00e4nden eine Wartung und lassen sich einfach reinigen. Aber nicht nur deshalb sind sie f\u00fcr den renommierten Schweizer Prim\u00e4rverpackungshersteller Hoffmann Neopac AG unverzichtbarer Bestandteil moderner Pharma-Produktionsanlagen.<\/p>\n<p><a class=\"button\" href=\"\/de\/blog\/mit-linmot-auf-die-tube-druecken\/\">Zum Artikel<\/a><br \/>\n<\/div>\n<div class=\"col-md-2\">\n<img loading=\"lazy\" decoding=\"async\" class=\"aligncenter size-full wp-image-4071\" src=\"https:\/\/linmot.com\/de\/wp-content\/uploads\/sites\/2\/2023\/02\/vorschau-tube-druecken.jpg\" alt=\"\" width=\"220\" height=\"220\" srcset=\"https:\/\/linmot.com\/de\/wp-content\/uploads\/sites\/2\/2023\/02\/vorschau-tube-druecken.jpg 220w, https:\/\/linmot.com\/de\/wp-content\/uploads\/sites\/2\/2023\/02\/vorschau-tube-druecken-150x150.jpg 150w\" sizes=\"auto, (max-width: 220px) 100vw, 220px\" \/><br \/>\n<\/div>\n<\/div>\n","protected":false},"excerpt":{"rendered":"<p>Das Einsatzspektrum von Linearantrieben im Medizin &amp; Pharma-Sektor ist sehr breit angelegt. Bedarf es des Handlings von Blutproben, m\u00fcssen Pillen gez\u00e4hlt bzw. aufgef\u00fcllt werden oder geht es um das anspruchsvolle Verpacken von Arzneimittel, LinMot Antriebskomponenten bieten ein H\u00f6chstmass an Dynamik und Pr\u00e4zision zur Realisierung dieser Aufgaben. Durch das hygienische Design der Linearmotoren k\u00f6nnen die hochempfindlichen [&hellip;]<\/p>\n","protected":false},"author":1,"featured_media":0,"parent":8,"menu_order":103,"comment_status":"closed","ping_status":"closed","template":"","meta":{"_acf_changed":false,"footnotes":""},"class_list":["post-220","page","type-page","status-publish","hentry"],"acf":[],"yoast_head":"<!-- This site is optimized with the Yoast SEO Premium plugin v20.9 (Yoast SEO v27.3) - https:\/\/yoast.com\/product\/yoast-seo-premium-wordpress\/ -->\n<title>Medizin &amp; Pharma \u2013 Dosieren, Z\u00e4hlen, Verschliessen | LinMot<\/title>\n<meta name=\"description\" content=\"Das Einsatzspektrum von Linearantrieben im Medizin und Pharma-Sektor ist durch das hygienische Design sehr breit angelegt.\" \/>\n<meta name=\"robots\" content=\"index, follow, max-snippet:-1, max-image-preview:large, max-video-preview:-1\" \/>\n<link rel=\"canonical\" href=\"https:\/\/linmot.com\/de\/branchen\/medizin-pharma\/\" \/>\n<meta property=\"og:locale\" content=\"de_DE\" \/>\n<meta property=\"og:type\" content=\"article\" \/>\n<meta property=\"og:title\" content=\"Medizin &amp; Pharma \u2013 Dosieren, Z\u00e4hlen, Verschliessen | LinMot\" \/>\n<meta property=\"og:description\" content=\"Das Einsatzspektrum von Linearantrieben im Medizin und Pharma-Sektor ist durch das hygienische Design sehr breit angelegt.\" \/>\n<meta property=\"og:url\" content=\"https:\/\/linmot.com\/de\/branchen\/medizin-pharma\/\" \/>\n<meta property=\"og:site_name\" content=\"LinMot &amp; MagSpring - Deutsch\" \/>\n<meta property=\"article:modified_time\" content=\"2024-05-08T09:25:42+00:00\" \/>\n<meta property=\"og:image\" content=\"https:\/\/linmot.com\/de\/wp-content\/uploads\/sites\/2\/2017\/11\/LinMot-Solutions-Medical-Pharmaceutical-Industry.jpg\" \/>\n\t<meta property=\"og:image:width\" content=\"940\" \/>\n\t<meta property=\"og:image:height\" content=\"300\" \/>\n\t<meta property=\"og:image:type\" content=\"image\/jpeg\" \/>\n<meta name=\"twitter:card\" content=\"summary_large_image\" \/>\n<meta name=\"twitter:title\" content=\"Medizin &amp; Pharma \u2013 Dosieren, Z\u00e4hlen, Verschliessen | LinMot\" \/>\n<meta name=\"twitter:description\" content=\"Das Einsatzspektrum von Linearantrieben im Medizin und Pharma-Sektor ist durch das hygienische Design sehr breit angelegt.\" \/>\n<meta name=\"twitter:image\" content=\"https:\/\/linmot.com\/de\/wp-content\/uploads\/sites\/2\/2017\/11\/LinMot-Solutions-Medical-Pharmaceutical-Industry.jpg\" \/>\n<meta name=\"twitter:label1\" content=\"Gesch\u00e4tzte Lesezeit\" \/>\n\t<meta name=\"twitter:data1\" content=\"5 Minuten\" \/>\n<script type=\"application\/ld+json\" class=\"yoast-schema-graph\">{\"@context\":\"https:\\\/\\\/schema.org\",\"@graph\":[{\"@type\":\"WebPage\",\"@id\":\"https:\\\/\\\/linmot.com\\\/de\\\/branchen\\\/medizin-pharma\\\/\",\"url\":\"https:\\\/\\\/linmot.com\\\/de\\\/branchen\\\/medizin-pharma\\\/\",\"name\":\"Medizin & Pharma \u2013 Dosieren, Z\u00e4hlen, Verschliessen | LinMot\",\"isPartOf\":{\"@id\":\"https:\\\/\\\/linmot.com\\\/de\\\/#website\"},\"primaryImageOfPage\":{\"@id\":\"https:\\\/\\\/linmot.com\\\/de\\\/branchen\\\/medizin-pharma\\\/#primaryimage\"},\"image\":{\"@id\":\"https:\\\/\\\/linmot.com\\\/de\\\/branchen\\\/medizin-pharma\\\/#primaryimage\"},\"thumbnailUrl\":\"https:\\\/\\\/linmot.com\\\/de\\\/wp-content\\\/uploads\\\/sites\\\/2\\\/2017\\\/11\\\/LinMot-Solutions-Medical-Pharmaceutical-Industry.jpg\",\"datePublished\":\"2017-11-07T14:27:15+00:00\",\"dateModified\":\"2024-05-08T09:25:42+00:00\",\"description\":\"Das Einsatzspektrum von Linearantrieben im Medizin und Pharma-Sektor ist durch das hygienische Design sehr breit angelegt.\",\"breadcrumb\":{\"@id\":\"https:\\\/\\\/linmot.com\\\/de\\\/branchen\\\/medizin-pharma\\\/#breadcrumb\"},\"inLanguage\":\"de\",\"potentialAction\":[{\"@type\":\"ReadAction\",\"target\":[\"https:\\\/\\\/linmot.com\\\/de\\\/branchen\\\/medizin-pharma\\\/\"]}]},{\"@type\":\"ImageObject\",\"inLanguage\":\"de\",\"@id\":\"https:\\\/\\\/linmot.com\\\/de\\\/branchen\\\/medizin-pharma\\\/#primaryimage\",\"url\":\"https:\\\/\\\/linmot.com\\\/de\\\/wp-content\\\/uploads\\\/sites\\\/2\\\/2017\\\/11\\\/LinMot-Solutions-Medical-Pharmaceutical-Industry.jpg\",\"contentUrl\":\"https:\\\/\\\/linmot.com\\\/de\\\/wp-content\\\/uploads\\\/sites\\\/2\\\/2017\\\/11\\\/LinMot-Solutions-Medical-Pharmaceutical-Industry.jpg\",\"width\":940,\"height\":300,\"caption\":\"Branchenl\u00f6sungen f\u00fcr Medizin und Pharma\"},{\"@type\":\"BreadcrumbList\",\"@id\":\"https:\\\/\\\/linmot.com\\\/de\\\/branchen\\\/medizin-pharma\\\/#breadcrumb\",\"itemListElement\":[{\"@type\":\"ListItem\",\"position\":1,\"name\":\"LinMot\",\"item\":\"https:\\\/\\\/linmot.com\\\/de\\\/\"},{\"@type\":\"ListItem\",\"position\":2,\"name\":\"Branchenl\u00f6sungen\",\"item\":\"https:\\\/\\\/linmot.com\\\/de\\\/branchen\\\/\"},{\"@type\":\"ListItem\",\"position\":3,\"name\":\"Medizin &#038; Pharma\"}]},{\"@type\":\"WebSite\",\"@id\":\"https:\\\/\\\/linmot.com\\\/de\\\/#website\",\"url\":\"https:\\\/\\\/linmot.com\\\/de\\\/\",\"name\":\"LinMot & MagSpring - Industrielle Linearmotoren\",\"description\":\"Hochwertigen Linearmotoren und Linearmotorsystemen\",\"publisher\":{\"@id\":\"https:\\\/\\\/linmot.com\\\/de\\\/#organization\"},\"potentialAction\":[{\"@type\":\"SearchAction\",\"target\":{\"@type\":\"EntryPoint\",\"urlTemplate\":\"https:\\\/\\\/linmot.com\\\/de\\\/?s={search_term_string}\"},\"query-input\":{\"@type\":\"PropertyValueSpecification\",\"valueRequired\":true,\"valueName\":\"search_term_string\"}}],\"inLanguage\":\"de\"},{\"@type\":\"Organization\",\"@id\":\"https:\\\/\\\/linmot.com\\\/de\\\/#organization\",\"name\":\"NTI AG - LinMot & MagSpring\",\"url\":\"https:\\\/\\\/linmot.com\\\/de\\\/\",\"logo\":{\"@type\":\"ImageObject\",\"inLanguage\":\"de\",\"@id\":\"https:\\\/\\\/linmot.com\\\/de\\\/#\\\/schema\\\/logo\\\/image\\\/\",\"url\":\"https:\\\/\\\/linmot.com\\\/de\\\/wp-content\\\/uploads\\\/sites\\\/2\\\/2022\\\/01\\\/social-logo.jpg\",\"contentUrl\":\"https:\\\/\\\/linmot.com\\\/de\\\/wp-content\\\/uploads\\\/sites\\\/2\\\/2022\\\/01\\\/social-logo.jpg\",\"width\":800,\"height\":500,\"caption\":\"NTI AG - LinMot & MagSpring\"},\"image\":{\"@id\":\"https:\\\/\\\/linmot.com\\\/de\\\/#\\\/schema\\\/logo\\\/image\\\/\"},\"sameAs\":[\"https:\\\/\\\/www.linkedin.com\\\/company\\\/nti-ag-linmot-magspring\",\"https:\\\/\\\/www.youtube.com\\\/user\\\/LinMotEurope\",\"https:\\\/\\\/www.xing.com\\\/pages\\\/linmot-magspring\"]}]}<\/script>\n<!-- \/ Yoast SEO Premium plugin. -->","yoast_head_json":{"title":"Medizin & Pharma \u2013 Dosieren, Z\u00e4hlen, Verschliessen | LinMot","description":"Das Einsatzspektrum von Linearantrieben im Medizin und Pharma-Sektor ist durch das hygienische Design sehr breit angelegt.","robots":{"index":"index","follow":"follow","max-snippet":"max-snippet:-1","max-image-preview":"max-image-preview:large","max-video-preview":"max-video-preview:-1"},"canonical":"https:\/\/linmot.com\/de\/branchen\/medizin-pharma\/","og_locale":"de_DE","og_type":"article","og_title":"Medizin & Pharma \u2013 Dosieren, Z\u00e4hlen, Verschliessen | LinMot","og_description":"Das Einsatzspektrum von Linearantrieben im Medizin und Pharma-Sektor ist durch das hygienische Design sehr breit angelegt.","og_url":"https:\/\/linmot.com\/de\/branchen\/medizin-pharma\/","og_site_name":"LinMot &amp; MagSpring - Deutsch","article_modified_time":"2024-05-08T09:25:42+00:00","og_image":[{"width":940,"height":300,"url":"https:\/\/linmot.com\/de\/wp-content\/uploads\/sites\/2\/2017\/11\/LinMot-Solutions-Medical-Pharmaceutical-Industry.jpg","type":"image\/jpeg"}],"twitter_card":"summary_large_image","twitter_title":"Medizin & Pharma \u2013 Dosieren, Z\u00e4hlen, Verschliessen | LinMot","twitter_description":"Das Einsatzspektrum von Linearantrieben im Medizin und Pharma-Sektor ist durch das hygienische Design sehr breit angelegt.","twitter_image":"https:\/\/linmot.com\/de\/wp-content\/uploads\/sites\/2\/2017\/11\/LinMot-Solutions-Medical-Pharmaceutical-Industry.jpg","twitter_misc":{"Gesch\u00e4tzte Lesezeit":"5 Minuten"},"schema":{"@context":"https:\/\/schema.org","@graph":[{"@type":"WebPage","@id":"https:\/\/linmot.com\/de\/branchen\/medizin-pharma\/","url":"https:\/\/linmot.com\/de\/branchen\/medizin-pharma\/","name":"Medizin & Pharma \u2013 Dosieren, Z\u00e4hlen, Verschliessen | LinMot","isPartOf":{"@id":"https:\/\/linmot.com\/de\/#website"},"primaryImageOfPage":{"@id":"https:\/\/linmot.com\/de\/branchen\/medizin-pharma\/#primaryimage"},"image":{"@id":"https:\/\/linmot.com\/de\/branchen\/medizin-pharma\/#primaryimage"},"thumbnailUrl":"https:\/\/linmot.com\/de\/wp-content\/uploads\/sites\/2\/2017\/11\/LinMot-Solutions-Medical-Pharmaceutical-Industry.jpg","datePublished":"2017-11-07T14:27:15+00:00","dateModified":"2024-05-08T09:25:42+00:00","description":"Das Einsatzspektrum von Linearantrieben im Medizin und Pharma-Sektor ist durch das hygienische Design sehr breit angelegt.","breadcrumb":{"@id":"https:\/\/linmot.com\/de\/branchen\/medizin-pharma\/#breadcrumb"},"inLanguage":"de","potentialAction":[{"@type":"ReadAction","target":["https:\/\/linmot.com\/de\/branchen\/medizin-pharma\/"]}]},{"@type":"ImageObject","inLanguage":"de","@id":"https:\/\/linmot.com\/de\/branchen\/medizin-pharma\/#primaryimage","url":"https:\/\/linmot.com\/de\/wp-content\/uploads\/sites\/2\/2017\/11\/LinMot-Solutions-Medical-Pharmaceutical-Industry.jpg","contentUrl":"https:\/\/linmot.com\/de\/wp-content\/uploads\/sites\/2\/2017\/11\/LinMot-Solutions-Medical-Pharmaceutical-Industry.jpg","width":940,"height":300,"caption":"Branchenl\u00f6sungen f\u00fcr Medizin und Pharma"},{"@type":"BreadcrumbList","@id":"https:\/\/linmot.com\/de\/branchen\/medizin-pharma\/#breadcrumb","itemListElement":[{"@type":"ListItem","position":1,"name":"LinMot","item":"https:\/\/linmot.com\/de\/"},{"@type":"ListItem","position":2,"name":"Branchenl\u00f6sungen","item":"https:\/\/linmot.com\/de\/branchen\/"},{"@type":"ListItem","position":3,"name":"Medizin &#038; Pharma"}]},{"@type":"WebSite","@id":"https:\/\/linmot.com\/de\/#website","url":"https:\/\/linmot.com\/de\/","name":"LinMot & MagSpring - Industrielle Linearmotoren","description":"Hochwertigen Linearmotoren und Linearmotorsystemen","publisher":{"@id":"https:\/\/linmot.com\/de\/#organization"},"potentialAction":[{"@type":"SearchAction","target":{"@type":"EntryPoint","urlTemplate":"https:\/\/linmot.com\/de\/?s={search_term_string}"},"query-input":{"@type":"PropertyValueSpecification","valueRequired":true,"valueName":"search_term_string"}}],"inLanguage":"de"},{"@type":"Organization","@id":"https:\/\/linmot.com\/de\/#organization","name":"NTI AG - LinMot & MagSpring","url":"https:\/\/linmot.com\/de\/","logo":{"@type":"ImageObject","inLanguage":"de","@id":"https:\/\/linmot.com\/de\/#\/schema\/logo\/image\/","url":"https:\/\/linmot.com\/de\/wp-content\/uploads\/sites\/2\/2022\/01\/social-logo.jpg","contentUrl":"https:\/\/linmot.com\/de\/wp-content\/uploads\/sites\/2\/2022\/01\/social-logo.jpg","width":800,"height":500,"caption":"NTI AG - LinMot & MagSpring"},"image":{"@id":"https:\/\/linmot.com\/de\/#\/schema\/logo\/image\/"},"sameAs":["https:\/\/www.linkedin.com\/company\/nti-ag-linmot-magspring","https:\/\/www.youtube.com\/user\/LinMotEurope","https:\/\/www.xing.com\/pages\/linmot-magspring"]}]}},"_links":{"self":[{"href":"https:\/\/linmot.com\/de\/wp-json\/wp\/v2\/pages\/220","targetHints":{"allow":["GET"]}}],"collection":[{"href":"https:\/\/linmot.com\/de\/wp-json\/wp\/v2\/pages"}],"about":[{"href":"https:\/\/linmot.com\/de\/wp-json\/wp\/v2\/types\/page"}],"author":[{"embeddable":true,"href":"https:\/\/linmot.com\/de\/wp-json\/wp\/v2\/users\/1"}],"replies":[{"embeddable":true,"href":"https:\/\/linmot.com\/de\/wp-json\/wp\/v2\/comments?post=220"}],"version-history":[{"count":17,"href":"https:\/\/linmot.com\/de\/wp-json\/wp\/v2\/pages\/220\/revisions"}],"predecessor-version":[{"id":5090,"href":"https:\/\/linmot.com\/de\/wp-json\/wp\/v2\/pages\/220\/revisions\/5090"}],"up":[{"embeddable":true,"href":"https:\/\/linmot.com\/de\/wp-json\/wp\/v2\/pages\/8"}],"wp:attachment":[{"href":"https:\/\/linmot.com\/de\/wp-json\/wp\/v2\/media?parent=220"}],"curies":[{"name":"wp","href":"https:\/\/api.w.org\/{rel}","templated":true}]}}