{"id":216,"date":"2017-11-07T15:25:11","date_gmt":"2017-11-07T14:25:11","guid":{"rendered":"https:\/\/linmot.com\/?page_id=216"},"modified":"2024-05-01T16:48:42","modified_gmt":"2024-05-01T14:48:42","slug":"verpacken","status":"publish","type":"page","link":"https:\/\/linmot.com\/de\/branchen\/verpacken\/","title":{"rendered":"Verpacken"},"content":{"rendered":"<p><strong>Um sensible Ger\u00e4te zu verpacken, werden pr\u00e4zise und feinf\u00fchlige Motoren ben\u00f6tigt.<\/strong><\/p>\n<img loading=\"lazy\" decoding=\"async\" class=\"aligncenter wp-image-218 size-full\" src=\"https:\/\/linmot.com\/de\/wp-content\/uploads\/sites\/2\/2017\/11\/LinMot-Solutions-Packaging-Industry.jpg\" alt=\"Verpacken mit LinMot\" width=\"940\" height=\"300\" srcset=\"https:\/\/linmot.com\/de\/wp-content\/uploads\/sites\/2\/2017\/11\/LinMot-Solutions-Packaging-Industry.jpg 940w, https:\/\/linmot.com\/de\/wp-content\/uploads\/sites\/2\/2017\/11\/LinMot-Solutions-Packaging-Industry-300x96.jpg 300w, https:\/\/linmot.com\/de\/wp-content\/uploads\/sites\/2\/2017\/11\/LinMot-Solutions-Packaging-Industry-768x245.jpg 768w\" sizes=\"auto, (max-width: 940px) 100vw, 940px\" \/>\n<p><strong>Verpackungen<\/strong> sind aus dem Alltag nicht mehr Wegzudenken. Mit der Vielfalt an Produkten die uns t\u00e4glich begegnen geht auch die Vielfalt von Verpackungsarten einher. Dabei ist nicht nur die Funktionalit\u00e4t und das Design entscheidend, sondern auch die Produktion. Sie muss zu angemessenen Herstellungskosten technologisch umsetzbar sein. F\u00fcr die Umsetzung dieser Anforderungen braucht es innovative, flexible und voll automatisierte Verpackungsmaschinen.<\/p>\n<blockquote><p>Mit der LinMot Lineartechnologie gelingt es diese Maschinen in h\u00f6chst effektiver Weise auszur\u00fcsten.<\/p><\/blockquote>\n<p>Die hochdynamischen und langlebigen Antriebe sorgen f\u00fcr eine hohe <strong>Produktivit\u00e4t und Verf\u00fcgbarkeit<\/strong>. Die Programmierbarkeit der Antriebe erm\u00f6glicht eine schnelle Anpassung an neue Produkte und Verpackungsarten per Knopfdruck und bietet eine permanente Kontrolle der Bewegungsparameter.<\/p>\n<p>In vielen dieser Anwendungen wird der Linearmotor als <a href=\"\/de\/branchen\/ersatz-von-pneumatik-durch-industrielle-linearmotoren\/\">Ersatz f\u00fcr Pneumatikzylinder<\/a> eingesetzt, um die Maschinen und Anlagen flexibler, produktiver, zuverl\u00e4ssiger zu machen und zugleich die Energiekosten pro Verpackung zu senken.<\/p>\n<div class=\"row\">\n<div class=\"col-sm-4\">\n<ul>\n<li>Einschieben<\/li>\n<li>Zuf\u00fchren<\/li>\n<li>Umleiten<\/li>\n<\/ul>\n<\/div>\n<div class=\"col-sm-4\">\n<ul>\n<li>Kartonieren<\/li>\n<li>Versiegeln<\/li>\n<li>Etikettieren<\/li>\n<\/ul>\n<\/div>\n<div class=\"col-sm-4\">\n<ul>\n<li>Ausleiten<\/li>\n<li>Ausstossen<\/li>\n<li>etc.<\/li>\n<\/ul>\n<\/div>\n<\/div>\n<p>In vielen dieser Anwendungen wird der Linearmotor als Ersatz f\u00fcr Pneumatikzylinder eingesetzt, um die Maschinen und Anlagen flexibler, produktiver, zuverl\u00e4ssiger zu machen und zugleich die Energiekosten pro Verpackung zu senken. Desweiteren kann durch Process Monitoring jeder einzelne Verpackungsschritt genau \u00fcberwacht und dokumentiert werden. Dadurch kann die Qualit\u00e4t des Produktes sichergestellt werden.<\/p>\n<p>F\u00fcr Verpackungsvorg\u00e4nge, bei denen direkten Kontakt zu Lebensmittel besteht, werden auch erg\u00e4nzende Module angeboten. Diese sind vollst\u00e4ndig aus Edelstahl und nutzen spezielle, f\u00fcr Lebensmittel zugelassene Schmierstoffe. Da Linearantriebe generell verschleissfrei sind, werden dort auch keine Metallpartikel an die Luft bzw. an die Lebensmittel abgegeben.<\/p>\n<hr \/>\n<h2>Anwendungsberichte aus der Verpackungsindustrie<\/h2>\n<div class=\"row download\">\n<div class=\"col-md-3\">\n<h4 class=\"download-title\">Die Zukunft der Versandverpackungen<\/h4>\n<p class=\"bodytext\" align=\"justify\">Der Onlinehandel w\u00e4chst und w\u00e4chst. Mit jeder abgeschlossenen Bestellung wird dabei zeitgleich ein Versandauftrag ausgel\u00f6st. Um eine optimale L\u00f6sung bez\u00fcglich Nachhaltigkeit und Kartonagenverbrauch zu bieten, hat das Maschinenbauunternehmen KRAFT die \u201eKraft VPS100\u201c entwickelt. Mit dabei: Linearmotoren von LinMot.<\/p>\n<p><a class=\"button\" href=\"\/de\/blog\/die-zukunft-der-versandverpackungen\/\">Zum Artikel<\/a><br \/>\n<\/div>\n<div class=\"col-md-2\">\n<img loading=\"lazy\" decoding=\"async\" class=\"alignnone wp-image-3295 size-full\" src=\"https:\/\/linmot.com\/wp-content\/uploads\/2022\/08\/future-of-shipping-packaging-application-report.jpg\" alt=\"\" width=\"220\" height=\"220\" \/><br \/>\n<\/div>\n<div class=\"col-md-2\">\n<\/div>\n<div class=\"col-md-3\">\n<h4 class=\"download-title\">Der Umschwung bei KR\u00d6NING mit LinMot<\/h4>\n<p class=\"bodytext\" align=\"justify\">Nachhaltigkeitsbem\u00fchungen m\u00fcssen bereits beim Engineering von nachhaltig produzierenden Maschinen ansetzen. Daher vertrauen die Maschinenbauer aus Sachsen in puncto Kraft, Adaptabilit\u00e4t sowie Sustainability nur auf das Feinste und verwenden in ihrer neuen Kartonaufrichter-Anlage \u201eKKA\u201c die komplette Antriebsl\u00f6sung DM01 von LinMot.<\/p>\n<p><a class=\"button\" href=\"\/de\/blog\/transition-in-packaging-der-umschwung-mit-linmot\/\">Zum Artikel<\/a><br \/>\n<\/div>\n<div class=\"col-md-2\">\n<img loading=\"lazy\" decoding=\"async\" class=\"aligncenter size-full wp-image-4460\" src=\"https:\/\/linmot.com\/de\/wp-content\/uploads\/sites\/2\/2023\/08\/kroening-vorschau.jpg\" alt=\"\" width=\"220\" height=\"220\" srcset=\"https:\/\/linmot.com\/de\/wp-content\/uploads\/sites\/2\/2023\/08\/kroening-vorschau.jpg 220w, https:\/\/linmot.com\/de\/wp-content\/uploads\/sites\/2\/2023\/08\/kroening-vorschau-150x150.jpg 150w\" sizes=\"auto, (max-width: 220px) 100vw, 220px\" \/><br \/>\n<\/div>\n<\/div>\n<div class=\"row download\">\n<div class=\"col-md-3\">\n<h4 class=\"download-title\">In Linie mit Industrie 4.0<\/h4>\n<p class=\"bodytext\" align=\"justify\">Mit Hubdreh-Direktmotoren lassen sich Verschlie\u00df- und F\u00fcllvorg\u00e4nge besonders dynamisch und flexibel ausf\u00fchren. Der renommierte Verpackungsmaschinenhersteller OPTIMA setzt sie daher in den Verschlie\u00dfeinheiten seiner Monoblock- und Einzelmaschinen ein. Ein weiterer gewichtiger Grund: Die Motoren liefern f\u00fcr die laufende Qualit\u00e4tssicherung oder sp\u00e4tere Prozessanalyse direkt Daten \u00fcber die tats\u00e4chlich aufgebrachten H\u00fcbe und Drehmomente.<\/p>\n<p><a class=\"button\" href=\"\/de\/blog\/in-linie-mit-industrie-4-0\/\">Zum Artikel<\/a><br \/>\n<\/div>\n<div class=\"col-md-2\">\n<img loading=\"lazy\" decoding=\"async\" class=\"aligncenter size-full wp-image-4043\" src=\"https:\/\/linmot.com\/de\/wp-content\/uploads\/sites\/2\/2023\/01\/vorschau-in-linie.jpg\" alt=\"\" width=\"220\" height=\"220\" srcset=\"https:\/\/linmot.com\/de\/wp-content\/uploads\/sites\/2\/2023\/01\/vorschau-in-linie.jpg 220w, https:\/\/linmot.com\/de\/wp-content\/uploads\/sites\/2\/2023\/01\/vorschau-in-linie-150x150.jpg 150w\" sizes=\"auto, (max-width: 220px) 100vw, 220px\" \/><br \/>\n<\/div>\n<div class=\"col-md-2\">\n<\/div>\n<div class=\"col-md-3\">\n<h4 class=\"download-title\">Schmucke Falten<\/h4>\n<p class=\"bodytext\" align=\"justify\">Einfaches Falten mit Linearmotoren. Jederzeit optimale Verpackungsergebnisse zu gew\u00e4hrleisten, auch wenn die Produkteigenschaften schwanken und die Produktsorten h\u00e4ufig wechseln, das geh\u00f6rt zu der gr\u00f6\u00dften Herausforderung eines Maschinenbauers. Die Alpenland Maschinenbau GmbH, kurz ALPMA, hat sie angenommen und erfolgreich bew\u00e4ltigt.<\/p>\n<p><a class=\"button\" href=\"\/de\/blog\/schmucke-falten\/\">Zum Artikel<\/a><br \/>\n<\/div>\n<div class=\"col-md-2\">\n<img loading=\"lazy\" decoding=\"async\" class=\"aligncenter size-full wp-image-4466\" src=\"https:\/\/linmot.com\/de\/wp-content\/uploads\/sites\/2\/2023\/08\/vorschau-schmucke-falten.jpg\" alt=\"\" width=\"220\" height=\"220\" srcset=\"https:\/\/linmot.com\/de\/wp-content\/uploads\/sites\/2\/2023\/08\/vorschau-schmucke-falten.jpg 220w, https:\/\/linmot.com\/de\/wp-content\/uploads\/sites\/2\/2023\/08\/vorschau-schmucke-falten-150x150.jpg 150w\" sizes=\"auto, (max-width: 220px) 100vw, 220px\" \/><br \/>\n<\/div>\n<\/div>\n","protected":false},"excerpt":{"rendered":"<p>Um sensible Ger\u00e4te zu verpacken, werden pr\u00e4zise und feinf\u00fchlige Motoren ben\u00f6tigt. Verpackungen sind aus dem Alltag nicht mehr Wegzudenken. Mit der Vielfalt an Produkten die uns t\u00e4glich begegnen geht auch die Vielfalt von Verpackungsarten einher. Dabei ist nicht nur die Funktionalit\u00e4t und das Design entscheidend, sondern auch die Produktion. Sie muss zu angemessenen Herstellungskosten technologisch [&hellip;]<\/p>\n","protected":false},"author":1,"featured_media":0,"parent":8,"menu_order":115,"comment_status":"closed","ping_status":"closed","template":"","meta":{"_acf_changed":false,"footnotes":""},"class_list":["post-216","page","type-page","status-publish","hentry"],"acf":[],"yoast_head":"<!-- This site is optimized with the Yoast SEO Premium plugin v20.9 (Yoast SEO v27.3) - https:\/\/yoast.com\/product\/yoast-seo-premium-wordpress\/ -->\n<title>Verpacken \u2013 Zuf\u00fchren, Kartonieren, Etikettieren | LinMot<\/title>\n<meta name=\"description\" content=\"Mit der LinMot Lineartechnologie verpacken Sie Innovativ, Flexibel und voll Automatisiert. Sie ist zudem frei positionierbar und dynamisch.\" \/>\n<meta name=\"robots\" content=\"index, follow, max-snippet:-1, max-image-preview:large, max-video-preview:-1\" \/>\n<link rel=\"canonical\" href=\"https:\/\/linmot.com\/de\/branchen\/verpacken\/\" \/>\n<meta property=\"og:locale\" content=\"de_DE\" \/>\n<meta property=\"og:type\" content=\"article\" \/>\n<meta property=\"og:title\" content=\"Verpacken \u2013 Zuf\u00fchren, Kartonieren, Etikettieren | LinMot\" \/>\n<meta property=\"og:description\" content=\"Mit der LinMot Lineartechnologie verpacken Sie Innovativ, Flexibel und voll Automatisiert. Sie ist zudem frei positionierbar und dynamisch.\" \/>\n<meta property=\"og:url\" content=\"https:\/\/linmot.com\/de\/branchen\/verpacken\/\" \/>\n<meta property=\"og:site_name\" content=\"LinMot &amp; MagSpring - Deutsch\" \/>\n<meta property=\"article:modified_time\" content=\"2024-05-01T14:48:42+00:00\" \/>\n<meta property=\"og:image\" content=\"https:\/\/linmot.com\/de\/wp-content\/uploads\/sites\/2\/2021\/11\/verpacken-300x200-1.jpg\" \/>\n\t<meta property=\"og:image:width\" content=\"300\" \/>\n\t<meta property=\"og:image:height\" content=\"200\" \/>\n\t<meta property=\"og:image:type\" content=\"image\/jpeg\" \/>\n<meta name=\"twitter:card\" content=\"summary_large_image\" \/>\n<meta name=\"twitter:title\" content=\"Verpacken \u2013 Zuf\u00fchren, Kartonieren, Etikettieren | LinMot\" \/>\n<meta name=\"twitter:description\" content=\"Mit der LinMot Lineartechnologie verpacken Sie Innovativ, Flexibel und voll Automatisiert. Sie ist zudem frei positionierbar und dynamisch.\" \/>\n<meta name=\"twitter:image\" content=\"https:\/\/linmot.com\/de\/wp-content\/uploads\/sites\/2\/2021\/11\/verpacken-300x200-1.jpg\" \/>\n<meta name=\"twitter:label1\" content=\"Gesch\u00e4tzte Lesezeit\" \/>\n\t<meta name=\"twitter:data1\" content=\"4 Minuten\" \/>\n<script type=\"application\/ld+json\" class=\"yoast-schema-graph\">{\"@context\":\"https:\\\/\\\/schema.org\",\"@graph\":[{\"@type\":\"WebPage\",\"@id\":\"https:\\\/\\\/linmot.com\\\/de\\\/branchen\\\/verpacken\\\/\",\"url\":\"https:\\\/\\\/linmot.com\\\/de\\\/branchen\\\/verpacken\\\/\",\"name\":\"Verpacken \u2013 Zuf\u00fchren, Kartonieren, Etikettieren | LinMot\",\"isPartOf\":{\"@id\":\"https:\\\/\\\/linmot.com\\\/de\\\/#website\"},\"primaryImageOfPage\":{\"@id\":\"https:\\\/\\\/linmot.com\\\/de\\\/branchen\\\/verpacken\\\/#primaryimage\"},\"image\":{\"@id\":\"https:\\\/\\\/linmot.com\\\/de\\\/branchen\\\/verpacken\\\/#primaryimage\"},\"thumbnailUrl\":\"https:\\\/\\\/linmot.com\\\/de\\\/wp-content\\\/uploads\\\/sites\\\/2\\\/2017\\\/11\\\/LinMot-Solutions-Packaging-Industry.jpg\",\"datePublished\":\"2017-11-07T14:25:11+00:00\",\"dateModified\":\"2024-05-01T14:48:42+00:00\",\"description\":\"Mit der LinMot Lineartechnologie verpacken Sie Innovativ, Flexibel und voll Automatisiert. Sie ist zudem frei positionierbar und dynamisch.\",\"breadcrumb\":{\"@id\":\"https:\\\/\\\/linmot.com\\\/de\\\/branchen\\\/verpacken\\\/#breadcrumb\"},\"inLanguage\":\"de\",\"potentialAction\":[{\"@type\":\"ReadAction\",\"target\":[\"https:\\\/\\\/linmot.com\\\/de\\\/branchen\\\/verpacken\\\/\"]}]},{\"@type\":\"ImageObject\",\"inLanguage\":\"de\",\"@id\":\"https:\\\/\\\/linmot.com\\\/de\\\/branchen\\\/verpacken\\\/#primaryimage\",\"url\":\"https:\\\/\\\/linmot.com\\\/de\\\/wp-content\\\/uploads\\\/sites\\\/2\\\/2017\\\/11\\\/LinMot-Solutions-Packaging-Industry.jpg\",\"contentUrl\":\"https:\\\/\\\/linmot.com\\\/de\\\/wp-content\\\/uploads\\\/sites\\\/2\\\/2017\\\/11\\\/LinMot-Solutions-Packaging-Industry.jpg\",\"width\":940,\"height\":300,\"caption\":\"Branchenl\u00f6sungen f\u00fcr Verpackungen\"},{\"@type\":\"BreadcrumbList\",\"@id\":\"https:\\\/\\\/linmot.com\\\/de\\\/branchen\\\/verpacken\\\/#breadcrumb\",\"itemListElement\":[{\"@type\":\"ListItem\",\"position\":1,\"name\":\"LinMot\",\"item\":\"https:\\\/\\\/linmot.com\\\/de\\\/\"},{\"@type\":\"ListItem\",\"position\":2,\"name\":\"Branchenl\u00f6sungen\",\"item\":\"https:\\\/\\\/linmot.com\\\/de\\\/branchen\\\/\"},{\"@type\":\"ListItem\",\"position\":3,\"name\":\"Verpacken\"}]},{\"@type\":\"WebSite\",\"@id\":\"https:\\\/\\\/linmot.com\\\/de\\\/#website\",\"url\":\"https:\\\/\\\/linmot.com\\\/de\\\/\",\"name\":\"LinMot & MagSpring - Industrielle Linearmotoren\",\"description\":\"Hochwertigen Linearmotoren und Linearmotorsystemen\",\"publisher\":{\"@id\":\"https:\\\/\\\/linmot.com\\\/de\\\/#organization\"},\"potentialAction\":[{\"@type\":\"SearchAction\",\"target\":{\"@type\":\"EntryPoint\",\"urlTemplate\":\"https:\\\/\\\/linmot.com\\\/de\\\/?s={search_term_string}\"},\"query-input\":{\"@type\":\"PropertyValueSpecification\",\"valueRequired\":true,\"valueName\":\"search_term_string\"}}],\"inLanguage\":\"de\"},{\"@type\":\"Organization\",\"@id\":\"https:\\\/\\\/linmot.com\\\/de\\\/#organization\",\"name\":\"NTI AG - LinMot & MagSpring\",\"url\":\"https:\\\/\\\/linmot.com\\\/de\\\/\",\"logo\":{\"@type\":\"ImageObject\",\"inLanguage\":\"de\",\"@id\":\"https:\\\/\\\/linmot.com\\\/de\\\/#\\\/schema\\\/logo\\\/image\\\/\",\"url\":\"https:\\\/\\\/linmot.com\\\/de\\\/wp-content\\\/uploads\\\/sites\\\/2\\\/2022\\\/01\\\/social-logo.jpg\",\"contentUrl\":\"https:\\\/\\\/linmot.com\\\/de\\\/wp-content\\\/uploads\\\/sites\\\/2\\\/2022\\\/01\\\/social-logo.jpg\",\"width\":800,\"height\":500,\"caption\":\"NTI AG - LinMot & MagSpring\"},\"image\":{\"@id\":\"https:\\\/\\\/linmot.com\\\/de\\\/#\\\/schema\\\/logo\\\/image\\\/\"},\"sameAs\":[\"https:\\\/\\\/www.linkedin.com\\\/company\\\/nti-ag-linmot-magspring\",\"https:\\\/\\\/www.youtube.com\\\/user\\\/LinMotEurope\",\"https:\\\/\\\/www.xing.com\\\/pages\\\/linmot-magspring\"]}]}<\/script>\n<!-- \/ Yoast SEO Premium plugin. -->","yoast_head_json":{"title":"Verpacken \u2013 Zuf\u00fchren, Kartonieren, Etikettieren | LinMot","description":"Mit der LinMot Lineartechnologie verpacken Sie Innovativ, Flexibel und voll Automatisiert. Sie ist zudem frei positionierbar und dynamisch.","robots":{"index":"index","follow":"follow","max-snippet":"max-snippet:-1","max-image-preview":"max-image-preview:large","max-video-preview":"max-video-preview:-1"},"canonical":"https:\/\/linmot.com\/de\/branchen\/verpacken\/","og_locale":"de_DE","og_type":"article","og_title":"Verpacken \u2013 Zuf\u00fchren, Kartonieren, Etikettieren | LinMot","og_description":"Mit der LinMot Lineartechnologie verpacken Sie Innovativ, Flexibel und voll Automatisiert. Sie ist zudem frei positionierbar und dynamisch.","og_url":"https:\/\/linmot.com\/de\/branchen\/verpacken\/","og_site_name":"LinMot &amp; MagSpring - Deutsch","article_modified_time":"2024-05-01T14:48:42+00:00","og_image":[{"width":300,"height":200,"url":"https:\/\/linmot.com\/de\/wp-content\/uploads\/sites\/2\/2021\/11\/verpacken-300x200-1.jpg","type":"image\/jpeg"}],"twitter_card":"summary_large_image","twitter_title":"Verpacken \u2013 Zuf\u00fchren, Kartonieren, Etikettieren | LinMot","twitter_description":"Mit der LinMot Lineartechnologie verpacken Sie Innovativ, Flexibel und voll Automatisiert. Sie ist zudem frei positionierbar und dynamisch.","twitter_image":"https:\/\/linmot.com\/de\/wp-content\/uploads\/sites\/2\/2021\/11\/verpacken-300x200-1.jpg","twitter_misc":{"Gesch\u00e4tzte Lesezeit":"4 Minuten"},"schema":{"@context":"https:\/\/schema.org","@graph":[{"@type":"WebPage","@id":"https:\/\/linmot.com\/de\/branchen\/verpacken\/","url":"https:\/\/linmot.com\/de\/branchen\/verpacken\/","name":"Verpacken \u2013 Zuf\u00fchren, Kartonieren, Etikettieren | LinMot","isPartOf":{"@id":"https:\/\/linmot.com\/de\/#website"},"primaryImageOfPage":{"@id":"https:\/\/linmot.com\/de\/branchen\/verpacken\/#primaryimage"},"image":{"@id":"https:\/\/linmot.com\/de\/branchen\/verpacken\/#primaryimage"},"thumbnailUrl":"https:\/\/linmot.com\/de\/wp-content\/uploads\/sites\/2\/2017\/11\/LinMot-Solutions-Packaging-Industry.jpg","datePublished":"2017-11-07T14:25:11+00:00","dateModified":"2024-05-01T14:48:42+00:00","description":"Mit der LinMot Lineartechnologie verpacken Sie Innovativ, Flexibel und voll Automatisiert. Sie ist zudem frei positionierbar und dynamisch.","breadcrumb":{"@id":"https:\/\/linmot.com\/de\/branchen\/verpacken\/#breadcrumb"},"inLanguage":"de","potentialAction":[{"@type":"ReadAction","target":["https:\/\/linmot.com\/de\/branchen\/verpacken\/"]}]},{"@type":"ImageObject","inLanguage":"de","@id":"https:\/\/linmot.com\/de\/branchen\/verpacken\/#primaryimage","url":"https:\/\/linmot.com\/de\/wp-content\/uploads\/sites\/2\/2017\/11\/LinMot-Solutions-Packaging-Industry.jpg","contentUrl":"https:\/\/linmot.com\/de\/wp-content\/uploads\/sites\/2\/2017\/11\/LinMot-Solutions-Packaging-Industry.jpg","width":940,"height":300,"caption":"Branchenl\u00f6sungen f\u00fcr Verpackungen"},{"@type":"BreadcrumbList","@id":"https:\/\/linmot.com\/de\/branchen\/verpacken\/#breadcrumb","itemListElement":[{"@type":"ListItem","position":1,"name":"LinMot","item":"https:\/\/linmot.com\/de\/"},{"@type":"ListItem","position":2,"name":"Branchenl\u00f6sungen","item":"https:\/\/linmot.com\/de\/branchen\/"},{"@type":"ListItem","position":3,"name":"Verpacken"}]},{"@type":"WebSite","@id":"https:\/\/linmot.com\/de\/#website","url":"https:\/\/linmot.com\/de\/","name":"LinMot & MagSpring - Industrielle Linearmotoren","description":"Hochwertigen Linearmotoren und Linearmotorsystemen","publisher":{"@id":"https:\/\/linmot.com\/de\/#organization"},"potentialAction":[{"@type":"SearchAction","target":{"@type":"EntryPoint","urlTemplate":"https:\/\/linmot.com\/de\/?s={search_term_string}"},"query-input":{"@type":"PropertyValueSpecification","valueRequired":true,"valueName":"search_term_string"}}],"inLanguage":"de"},{"@type":"Organization","@id":"https:\/\/linmot.com\/de\/#organization","name":"NTI AG - LinMot & MagSpring","url":"https:\/\/linmot.com\/de\/","logo":{"@type":"ImageObject","inLanguage":"de","@id":"https:\/\/linmot.com\/de\/#\/schema\/logo\/image\/","url":"https:\/\/linmot.com\/de\/wp-content\/uploads\/sites\/2\/2022\/01\/social-logo.jpg","contentUrl":"https:\/\/linmot.com\/de\/wp-content\/uploads\/sites\/2\/2022\/01\/social-logo.jpg","width":800,"height":500,"caption":"NTI AG - LinMot & MagSpring"},"image":{"@id":"https:\/\/linmot.com\/de\/#\/schema\/logo\/image\/"},"sameAs":["https:\/\/www.linkedin.com\/company\/nti-ag-linmot-magspring","https:\/\/www.youtube.com\/user\/LinMotEurope","https:\/\/www.xing.com\/pages\/linmot-magspring"]}]}},"_links":{"self":[{"href":"https:\/\/linmot.com\/de\/wp-json\/wp\/v2\/pages\/216","targetHints":{"allow":["GET"]}}],"collection":[{"href":"https:\/\/linmot.com\/de\/wp-json\/wp\/v2\/pages"}],"about":[{"href":"https:\/\/linmot.com\/de\/wp-json\/wp\/v2\/types\/page"}],"author":[{"embeddable":true,"href":"https:\/\/linmot.com\/de\/wp-json\/wp\/v2\/users\/1"}],"replies":[{"embeddable":true,"href":"https:\/\/linmot.com\/de\/wp-json\/wp\/v2\/comments?post=216"}],"version-history":[{"count":19,"href":"https:\/\/linmot.com\/de\/wp-json\/wp\/v2\/pages\/216\/revisions"}],"predecessor-version":[{"id":5087,"href":"https:\/\/linmot.com\/de\/wp-json\/wp\/v2\/pages\/216\/revisions\/5087"}],"up":[{"embeddable":true,"href":"https:\/\/linmot.com\/de\/wp-json\/wp\/v2\/pages\/8"}],"wp:attachment":[{"href":"https:\/\/linmot.com\/de\/wp-json\/wp\/v2\/media?parent=216"}],"curies":[{"name":"wp","href":"https:\/\/api.w.org\/{rel}","templated":true}]}}