{"id":214,"date":"2017-11-07T15:23:55","date_gmt":"2017-11-07T14:23:55","guid":{"rendered":"https:\/\/linmot.com\/?page_id=214"},"modified":"2023-05-10T16:36:18","modified_gmt":"2023-05-10T14:36:18","slug":"drucken-etikettieren","status":"publish","type":"page","link":"https:\/\/linmot.com\/de\/branchen\/drucken-etikettieren\/","title":{"rendered":"Drucken &#038; Etikettieren"},"content":{"rendered":"<p><strong>Die zentrale Herausforderung im Bereich des Druckens und Etikettierens ist die kosteneffiziente und fehlerfreie Produktion von Auftr\u00e4gen mit kurzer Laufl\u00e4nge bei reproduzierbarer hoher Qualit\u00e4t.<\/strong><\/p>\n<img loading=\"lazy\" decoding=\"async\" class=\"aligncenter size-full wp-image-715\" src=\"https:\/\/linmot.com\/de\/wp-content\/uploads\/sites\/2\/2017\/11\/LinMot-Solutions-Printing-Labeling-Industry.jpg\" alt=\"\" width=\"940\" height=\"300\" srcset=\"https:\/\/linmot.com\/de\/wp-content\/uploads\/sites\/2\/2017\/11\/LinMot-Solutions-Printing-Labeling-Industry.jpg 940w, https:\/\/linmot.com\/de\/wp-content\/uploads\/sites\/2\/2017\/11\/LinMot-Solutions-Printing-Labeling-Industry-300x96.jpg 300w, https:\/\/linmot.com\/de\/wp-content\/uploads\/sites\/2\/2017\/11\/LinMot-Solutions-Printing-Labeling-Industry-768x245.jpg 768w\" sizes=\"auto, (max-width: 940px) 100vw, 940px\" \/>\n<p>Eine hochdynamische, pr\u00e4zise Antriebstechnologie ist dabei von grosser Bedeutung. LinMot bietet hierzu die idealen Komponenten aus denen sich ein breites Anwendungsspektrum ergibt. So k\u00f6nnen beispielsweise Etikettiermodule mit <a href=\"\/de\/produkte\/linearmotoren\/\">LinMot Linearmotoren<\/a> ohne Zeitaufwand umger\u00fcstet werden, da der Verfahrweg per Software frei einstellbar ist.<\/p>\n<p>Empfindliche Produkte k\u00f6nnen mittels Linearmotortechnologie schneller bedruckt werden, da der Druckvorgang positions-, geschwindigkeits- und kraftkontrolliert durchgef\u00fchrt wird. Es treten keinerlei Kraftst\u00f6sse auf, wie dies bei pneumatischen L\u00f6sungen der Fall ist.<\/p>\n<p>Generell f\u00fchren die frei programmierbaren Kraft- und Bewegungsprofile zu entscheidenden Prozessverbesserungen gegen\u00fcber anderen Antriebsarten und er\u00f6ffnen viele neue Applikationsfelder wie z. B.:<\/p>\n<div class=\"row\">\n<div class=\"col-sm-4\">\n<ul>\n<li>Inspektionssysteme<\/li>\n<li>Papierzuf\u00fchrung<\/li>\n<li>Dekorieren<\/li>\n<\/ul>\n<\/div>\n<div class=\"col-sm-4\">\n<ul>\n<li>Farbmischsysteme<\/li>\n<li>Tampondruck<\/li>\n<li>Siebdruck<\/li>\n<\/ul>\n<\/div>\n<div class=\"col-sm-4\">\n<ul>\n<li>Rackelsteuerung<\/li>\n<li>Etiketten<\/li>\n<li>etc.<\/li>\n<\/ul>\n<\/div>\n<\/div>\n<p>Um kraftgeregelt Drucken oder Etikettieren zu k\u00f6nnen bieten sich <a href=\"https:\/\/linmot.com\/de\/produkte\/linearfuehrungen-linearmodule\/linearmodule-dm01\">DM01-Module<\/a> in Kombination mit den modularen <a href=\"https:\/\/linmot.com\/de\/produkte\/linearfuehrungen-linearmodule\/linearmodule-dm01#kraftsensormodule\">Kraftsensoren<\/a> an. Dort kann mit einer Genauigkeit von bis zu 1N gepresst werden. Bei Etikettiervorg\u00e4ngen an spr\u00f6den oder zerbrechlichen Gegenst\u00e4nden ist dies ein grosser Vorteil.<\/p>\n","protected":false},"excerpt":{"rendered":"<p>Die zentrale Herausforderung im Bereich des Druckens und Etikettierens ist die kosteneffiziente und fehlerfreie Produktion von Auftr\u00e4gen mit kurzer Laufl\u00e4nge bei reproduzierbarer hoher Qualit\u00e4t. Eine hochdynamische, pr\u00e4zise Antriebstechnologie ist dabei von grosser Bedeutung. LinMot bietet hierzu die idealen Komponenten aus denen sich ein breites Anwendungsspektrum ergibt. So k\u00f6nnen beispielsweise Etikettiermodule mit LinMot Linearmotoren ohne Zeitaufwand [&hellip;]<\/p>\n","protected":false},"author":1,"featured_media":0,"parent":8,"menu_order":111,"comment_status":"closed","ping_status":"closed","template":"","meta":{"_acf_changed":false,"footnotes":""},"class_list":["post-214","page","type-page","status-publish","hentry"],"acf":[],"yoast_head":"<!-- This site is optimized with the Yoast SEO Premium plugin v20.9 (Yoast SEO v27.4) - https:\/\/yoast.com\/product\/yoast-seo-premium-wordpress\/ -->\n<title>Drucken &amp; Etikettieren \u2013 Inspektionssysteme, Papierzuf\u00fchrung<\/title>\n<meta name=\"description\" content=\"Die frei programmierbaren Kraft- und Bewegungsprofile von LinMot er\u00f6ffnen viele neue Anwendungsfelder im Bereich des Drucken und Etikettieren.\" \/>\n<meta name=\"robots\" content=\"index, follow, max-snippet:-1, max-image-preview:large, max-video-preview:-1\" \/>\n<link rel=\"canonical\" href=\"https:\/\/linmot.com\/de\/branchen\/drucken-etikettieren\/\" \/>\n<meta property=\"og:locale\" content=\"de_DE\" \/>\n<meta property=\"og:type\" content=\"article\" \/>\n<meta property=\"og:title\" content=\"Drucken &amp; Etikettieren \u2013 Inspektionssysteme, Papierzuf\u00fchrung\" \/>\n<meta property=\"og:description\" content=\"Die frei programmierbaren Kraft- und Bewegungsprofile von LinMot er\u00f6ffnen viele neue Anwendungsfelder im Bereich des Drucken und Etikettieren.\" \/>\n<meta property=\"og:url\" content=\"https:\/\/linmot.com\/de\/branchen\/drucken-etikettieren\/\" \/>\n<meta property=\"og:site_name\" content=\"LinMot &amp; MagSpring - Deutsch\" \/>\n<meta property=\"article:modified_time\" content=\"2023-05-10T14:36:18+00:00\" \/>\n<meta property=\"og:image\" content=\"https:\/\/linmot.com\/de\/wp-content\/uploads\/sites\/2\/2017\/11\/LinMot-Solutions-Printing-Labeling-Industry.jpg\" \/>\n<meta name=\"twitter:card\" content=\"summary_large_image\" \/>\n<meta name=\"twitter:title\" content=\"Drucken &amp; Etikettieren \u2013 Inspektionssysteme, Papierzuf\u00fchrung\" \/>\n<meta name=\"twitter:description\" content=\"Die frei programmierbaren Kraft- und Bewegungsprofile von LinMot er\u00f6ffnen viele neue Anwendungsfelder im Bereich des Drucken und Etikettieren.\" \/>\n<meta name=\"twitter:label1\" content=\"Gesch\u00e4tzte Lesezeit\" \/>\n\t<meta name=\"twitter:data1\" content=\"2 Minuten\" \/>\n<script type=\"application\/ld+json\" class=\"yoast-schema-graph\">{\"@context\":\"https:\\\/\\\/schema.org\",\"@graph\":[{\"@type\":\"WebPage\",\"@id\":\"https:\\\/\\\/linmot.com\\\/de\\\/branchen\\\/drucken-etikettieren\\\/\",\"url\":\"https:\\\/\\\/linmot.com\\\/de\\\/branchen\\\/drucken-etikettieren\\\/\",\"name\":\"Drucken & Etikettieren \u2013 Inspektionssysteme, Papierzuf\u00fchrung\",\"isPartOf\":{\"@id\":\"https:\\\/\\\/linmot.com\\\/de\\\/#website\"},\"primaryImageOfPage\":{\"@id\":\"https:\\\/\\\/linmot.com\\\/de\\\/branchen\\\/drucken-etikettieren\\\/#primaryimage\"},\"image\":{\"@id\":\"https:\\\/\\\/linmot.com\\\/de\\\/branchen\\\/drucken-etikettieren\\\/#primaryimage\"},\"thumbnailUrl\":\"https:\\\/\\\/linmot.com\\\/de\\\/wp-content\\\/uploads\\\/sites\\\/2\\\/2017\\\/11\\\/LinMot-Solutions-Printing-Labeling-Industry.jpg\",\"datePublished\":\"2017-11-07T14:23:55+00:00\",\"dateModified\":\"2023-05-10T14:36:18+00:00\",\"description\":\"Die frei programmierbaren Kraft- und Bewegungsprofile von LinMot er\u00f6ffnen viele neue Anwendungsfelder im Bereich des Drucken und Etikettieren.\",\"breadcrumb\":{\"@id\":\"https:\\\/\\\/linmot.com\\\/de\\\/branchen\\\/drucken-etikettieren\\\/#breadcrumb\"},\"inLanguage\":\"de\",\"potentialAction\":[{\"@type\":\"ReadAction\",\"target\":[\"https:\\\/\\\/linmot.com\\\/de\\\/branchen\\\/drucken-etikettieren\\\/\"]}]},{\"@type\":\"ImageObject\",\"inLanguage\":\"de\",\"@id\":\"https:\\\/\\\/linmot.com\\\/de\\\/branchen\\\/drucken-etikettieren\\\/#primaryimage\",\"url\":\"https:\\\/\\\/linmot.com\\\/de\\\/wp-content\\\/uploads\\\/sites\\\/2\\\/2017\\\/11\\\/LinMot-Solutions-Printing-Labeling-Industry.jpg\",\"contentUrl\":\"https:\\\/\\\/linmot.com\\\/de\\\/wp-content\\\/uploads\\\/sites\\\/2\\\/2017\\\/11\\\/LinMot-Solutions-Printing-Labeling-Industry.jpg\",\"width\":940,\"height\":300,\"caption\":\"LinMot L\u00f6sungen f\u00fcr Drucken & Etikettieren\"},{\"@type\":\"BreadcrumbList\",\"@id\":\"https:\\\/\\\/linmot.com\\\/de\\\/branchen\\\/drucken-etikettieren\\\/#breadcrumb\",\"itemListElement\":[{\"@type\":\"ListItem\",\"position\":1,\"name\":\"LinMot\",\"item\":\"https:\\\/\\\/linmot.com\\\/de\\\/\"},{\"@type\":\"ListItem\",\"position\":2,\"name\":\"Branchenl\u00f6sungen\",\"item\":\"https:\\\/\\\/linmot.com\\\/de\\\/branchen\\\/\"},{\"@type\":\"ListItem\",\"position\":3,\"name\":\"Drucken &#038; Etikettieren\"}]},{\"@type\":\"WebSite\",\"@id\":\"https:\\\/\\\/linmot.com\\\/de\\\/#website\",\"url\":\"https:\\\/\\\/linmot.com\\\/de\\\/\",\"name\":\"LinMot & MagSpring - Industrielle Linearmotoren\",\"description\":\"Hochwertigen Linearmotoren und Linearmotorsystemen\",\"publisher\":{\"@id\":\"https:\\\/\\\/linmot.com\\\/de\\\/#organization\"},\"potentialAction\":[{\"@type\":\"SearchAction\",\"target\":{\"@type\":\"EntryPoint\",\"urlTemplate\":\"https:\\\/\\\/linmot.com\\\/de\\\/?s={search_term_string}\"},\"query-input\":{\"@type\":\"PropertyValueSpecification\",\"valueRequired\":true,\"valueName\":\"search_term_string\"}}],\"inLanguage\":\"de\"},{\"@type\":\"Organization\",\"@id\":\"https:\\\/\\\/linmot.com\\\/de\\\/#organization\",\"name\":\"NTI AG - LinMot & MagSpring\",\"url\":\"https:\\\/\\\/linmot.com\\\/de\\\/\",\"logo\":{\"@type\":\"ImageObject\",\"inLanguage\":\"de\",\"@id\":\"https:\\\/\\\/linmot.com\\\/de\\\/#\\\/schema\\\/logo\\\/image\\\/\",\"url\":\"https:\\\/\\\/linmot.com\\\/de\\\/wp-content\\\/uploads\\\/sites\\\/2\\\/2022\\\/01\\\/social-logo.jpg\",\"contentUrl\":\"https:\\\/\\\/linmot.com\\\/de\\\/wp-content\\\/uploads\\\/sites\\\/2\\\/2022\\\/01\\\/social-logo.jpg\",\"width\":800,\"height\":500,\"caption\":\"NTI AG - LinMot & MagSpring\"},\"image\":{\"@id\":\"https:\\\/\\\/linmot.com\\\/de\\\/#\\\/schema\\\/logo\\\/image\\\/\"},\"sameAs\":[\"https:\\\/\\\/www.linkedin.com\\\/company\\\/nti-ag-linmot-magspring\",\"https:\\\/\\\/www.youtube.com\\\/user\\\/LinMotEurope\",\"https:\\\/\\\/www.xing.com\\\/pages\\\/linmot-magspring\"]}]}<\/script>\n<!-- \/ Yoast SEO Premium plugin. -->","yoast_head_json":{"title":"Drucken & Etikettieren \u2013 Inspektionssysteme, Papierzuf\u00fchrung","description":"Die frei programmierbaren Kraft- und Bewegungsprofile von LinMot er\u00f6ffnen viele neue Anwendungsfelder im Bereich des Drucken und Etikettieren.","robots":{"index":"index","follow":"follow","max-snippet":"max-snippet:-1","max-image-preview":"max-image-preview:large","max-video-preview":"max-video-preview:-1"},"canonical":"https:\/\/linmot.com\/de\/branchen\/drucken-etikettieren\/","og_locale":"de_DE","og_type":"article","og_title":"Drucken & Etikettieren \u2013 Inspektionssysteme, Papierzuf\u00fchrung","og_description":"Die frei programmierbaren Kraft- und Bewegungsprofile von LinMot er\u00f6ffnen viele neue Anwendungsfelder im Bereich des Drucken und Etikettieren.","og_url":"https:\/\/linmot.com\/de\/branchen\/drucken-etikettieren\/","og_site_name":"LinMot &amp; MagSpring - Deutsch","article_modified_time":"2023-05-10T14:36:18+00:00","og_image":[{"url":"https:\/\/linmot.com\/de\/wp-content\/uploads\/sites\/2\/2017\/11\/LinMot-Solutions-Printing-Labeling-Industry.jpg","type":"","width":"","height":""}],"twitter_card":"summary_large_image","twitter_title":"Drucken & Etikettieren \u2013 Inspektionssysteme, Papierzuf\u00fchrung","twitter_description":"Die frei programmierbaren Kraft- und Bewegungsprofile von LinMot er\u00f6ffnen viele neue Anwendungsfelder im Bereich des Drucken und Etikettieren.","twitter_misc":{"Gesch\u00e4tzte Lesezeit":"2 Minuten"},"schema":{"@context":"https:\/\/schema.org","@graph":[{"@type":"WebPage","@id":"https:\/\/linmot.com\/de\/branchen\/drucken-etikettieren\/","url":"https:\/\/linmot.com\/de\/branchen\/drucken-etikettieren\/","name":"Drucken & Etikettieren \u2013 Inspektionssysteme, Papierzuf\u00fchrung","isPartOf":{"@id":"https:\/\/linmot.com\/de\/#website"},"primaryImageOfPage":{"@id":"https:\/\/linmot.com\/de\/branchen\/drucken-etikettieren\/#primaryimage"},"image":{"@id":"https:\/\/linmot.com\/de\/branchen\/drucken-etikettieren\/#primaryimage"},"thumbnailUrl":"https:\/\/linmot.com\/de\/wp-content\/uploads\/sites\/2\/2017\/11\/LinMot-Solutions-Printing-Labeling-Industry.jpg","datePublished":"2017-11-07T14:23:55+00:00","dateModified":"2023-05-10T14:36:18+00:00","description":"Die frei programmierbaren Kraft- und Bewegungsprofile von LinMot er\u00f6ffnen viele neue Anwendungsfelder im Bereich des Drucken und Etikettieren.","breadcrumb":{"@id":"https:\/\/linmot.com\/de\/branchen\/drucken-etikettieren\/#breadcrumb"},"inLanguage":"de","potentialAction":[{"@type":"ReadAction","target":["https:\/\/linmot.com\/de\/branchen\/drucken-etikettieren\/"]}]},{"@type":"ImageObject","inLanguage":"de","@id":"https:\/\/linmot.com\/de\/branchen\/drucken-etikettieren\/#primaryimage","url":"https:\/\/linmot.com\/de\/wp-content\/uploads\/sites\/2\/2017\/11\/LinMot-Solutions-Printing-Labeling-Industry.jpg","contentUrl":"https:\/\/linmot.com\/de\/wp-content\/uploads\/sites\/2\/2017\/11\/LinMot-Solutions-Printing-Labeling-Industry.jpg","width":940,"height":300,"caption":"LinMot L\u00f6sungen f\u00fcr Drucken & Etikettieren"},{"@type":"BreadcrumbList","@id":"https:\/\/linmot.com\/de\/branchen\/drucken-etikettieren\/#breadcrumb","itemListElement":[{"@type":"ListItem","position":1,"name":"LinMot","item":"https:\/\/linmot.com\/de\/"},{"@type":"ListItem","position":2,"name":"Branchenl\u00f6sungen","item":"https:\/\/linmot.com\/de\/branchen\/"},{"@type":"ListItem","position":3,"name":"Drucken &#038; Etikettieren"}]},{"@type":"WebSite","@id":"https:\/\/linmot.com\/de\/#website","url":"https:\/\/linmot.com\/de\/","name":"LinMot & MagSpring - Industrielle Linearmotoren","description":"Hochwertigen Linearmotoren und Linearmotorsystemen","publisher":{"@id":"https:\/\/linmot.com\/de\/#organization"},"potentialAction":[{"@type":"SearchAction","target":{"@type":"EntryPoint","urlTemplate":"https:\/\/linmot.com\/de\/?s={search_term_string}"},"query-input":{"@type":"PropertyValueSpecification","valueRequired":true,"valueName":"search_term_string"}}],"inLanguage":"de"},{"@type":"Organization","@id":"https:\/\/linmot.com\/de\/#organization","name":"NTI AG - LinMot & MagSpring","url":"https:\/\/linmot.com\/de\/","logo":{"@type":"ImageObject","inLanguage":"de","@id":"https:\/\/linmot.com\/de\/#\/schema\/logo\/image\/","url":"https:\/\/linmot.com\/de\/wp-content\/uploads\/sites\/2\/2022\/01\/social-logo.jpg","contentUrl":"https:\/\/linmot.com\/de\/wp-content\/uploads\/sites\/2\/2022\/01\/social-logo.jpg","width":800,"height":500,"caption":"NTI AG - LinMot & MagSpring"},"image":{"@id":"https:\/\/linmot.com\/de\/#\/schema\/logo\/image\/"},"sameAs":["https:\/\/www.linkedin.com\/company\/nti-ag-linmot-magspring","https:\/\/www.youtube.com\/user\/LinMotEurope","https:\/\/www.xing.com\/pages\/linmot-magspring"]}]}},"_links":{"self":[{"href":"https:\/\/linmot.com\/de\/wp-json\/wp\/v2\/pages\/214","targetHints":{"allow":["GET"]}}],"collection":[{"href":"https:\/\/linmot.com\/de\/wp-json\/wp\/v2\/pages"}],"about":[{"href":"https:\/\/linmot.com\/de\/wp-json\/wp\/v2\/types\/page"}],"author":[{"embeddable":true,"href":"https:\/\/linmot.com\/de\/wp-json\/wp\/v2\/users\/1"}],"replies":[{"embeddable":true,"href":"https:\/\/linmot.com\/de\/wp-json\/wp\/v2\/comments?post=214"}],"version-history":[{"count":11,"href":"https:\/\/linmot.com\/de\/wp-json\/wp\/v2\/pages\/214\/revisions"}],"predecessor-version":[{"id":3215,"href":"https:\/\/linmot.com\/de\/wp-json\/wp\/v2\/pages\/214\/revisions\/3215"}],"up":[{"embeddable":true,"href":"https:\/\/linmot.com\/de\/wp-json\/wp\/v2\/pages\/8"}],"wp:attachment":[{"href":"https:\/\/linmot.com\/de\/wp-json\/wp\/v2\/media?parent=214"}],"curies":[{"name":"wp","href":"https:\/\/api.w.org\/{rel}","templated":true}]}}