{"id":211,"date":"2017-11-07T15:22:42","date_gmt":"2017-11-07T14:22:42","guid":{"rendered":"https:\/\/linmot.com\/?page_id=211"},"modified":"2023-05-10T15:17:08","modified_gmt":"2023-05-10T13:17:08","slug":"laborautomation","status":"publish","type":"page","link":"https:\/\/linmot.com\/de\/branchen\/laborautomation\/","title":{"rendered":"Laborautomation"},"content":{"rendered":"<img loading=\"lazy\" decoding=\"async\" class=\"aligncenter size-full wp-image-212\" src=\"https:\/\/linmot.com\/wp-content\/uploads\/2017\/11\/LinMot-Solutions-Laboratory-Automation-Industry.jpg\" alt=\"\" width=\"940\" height=\"300\" srcset=\"https:\/\/linmot.com\/de\/wp-content\/uploads\/sites\/2\/2017\/11\/LinMot-Solutions-Laboratory-Automation-Industry.jpg 940w, https:\/\/linmot.com\/de\/wp-content\/uploads\/sites\/2\/2017\/11\/LinMot-Solutions-Laboratory-Automation-Industry-300x96.jpg 300w, https:\/\/linmot.com\/de\/wp-content\/uploads\/sites\/2\/2017\/11\/LinMot-Solutions-Laboratory-Automation-Industry-768x245.jpg 768w\" sizes=\"auto, (max-width: 940px) 100vw, 940px\" \/>\n<p><strong>Laborautomation<\/strong> gewinnt in den modernen Life Sciences eine immer gr\u00f6\u00dfere Bedeutung. Der Anspruch immer mehr Datenpunkte zu erzeugen, dabei Fehler zu vermeiden, die Experimente nachvollziehbar zu dokumentieren und gleichzeitig die Kosten zu senken, treibt diese Entwicklung.<br \/>\nAutomatisierte Workstations oder Laborautomaten setzen bei den gew\u00e4hlten Antriebsarten ein hohes Mass an Flexibilit\u00e4t und Reproduzierbarkeit voraus. LinMot Komponenten erf\u00fcllen diese Anforderungen <strong>und sind zudem ger\u00e4uscharm, wartungsarm<\/strong> und sorgen f\u00fcr ruckfreie, <strong>sanfte Bewegungen<\/strong>.<br \/>\nDa elektromagnetische Antriebe verschleissfrei arbeiten, k\u00f6nnen sie problemlos in einer Reinraum Umgebung eingesetzt werden. Die aussergew\u00f6hnlich kompakten LinMot Linearmotoren lassen sich ideal in Automaten einsetzen, da sie selbst auf kleinsten Raum eingebaut werden k\u00f6nnen.<br \/>\nDabei \u00fcbernehmen sie eine Vielfalt an Aufgaben wie z.B.<\/p>\n<div class=\"row\">\n<div class=\"col-sm-4\">\n<ul>\n<li>Handling<\/li>\n<li>Be- und Entladen<\/li>\n<\/ul>\n<\/div>\n<div class=\"col-sm-4\">\n<ul>\n<li>Pick &amp; place<\/li>\n<li>Einschieben<\/li>\n<\/ul>\n<\/div>\n<div class=\"col-sm-4\">\n<ul>\n<li>Verschliessen<\/li>\n<li>etc.<\/li>\n<\/ul>\n<\/div>\n<\/div>\n","protected":false},"excerpt":{"rendered":"<p>Laborautomation gewinnt in den modernen Life Sciences eine immer gr\u00f6\u00dfere Bedeutung. Der Anspruch immer mehr Datenpunkte zu erzeugen, dabei Fehler zu vermeiden, die Experimente nachvollziehbar zu dokumentieren und gleichzeitig die Kosten zu senken, treibt diese Entwicklung. Automatisierte Workstations oder Laborautomaten setzen bei den gew\u00e4hlten Antriebsarten ein hohes Mass an Flexibilit\u00e4t und Reproduzierbarkeit voraus. LinMot Komponenten [&hellip;]<\/p>\n","protected":false},"author":1,"featured_media":0,"parent":8,"menu_order":108,"comment_status":"closed","ping_status":"closed","template":"","meta":{"_acf_changed":false,"footnotes":""},"class_list":["post-211","page","type-page","status-publish","hentry"],"acf":[],"yoast_head":"<!-- This site is optimized with the Yoast SEO Premium plugin v20.9 (Yoast SEO v27.4) - https:\/\/yoast.com\/product\/yoast-seo-premium-wordpress\/ -->\n<title>Laborautomation \u2013 Automatisierte Workstations | LinMot<\/title>\n<meta name=\"description\" content=\"In der Laborautomation sind eine hohe Flexibilit\u00e4t, Zuverl\u00e4ssigkeit und Produktionssicherheit gefragt. Kein Problem f\u00fcr LinMot Komponenten.\" \/>\n<meta name=\"robots\" content=\"index, follow, max-snippet:-1, max-image-preview:large, max-video-preview:-1\" \/>\n<link rel=\"canonical\" href=\"https:\/\/linmot.com\/de\/branchen\/laborautomation\/\" \/>\n<meta property=\"og:locale\" content=\"de_DE\" \/>\n<meta property=\"og:type\" content=\"article\" \/>\n<meta property=\"og:title\" content=\"Laborautomation \u2013 Automatisierte Workstations | LinMot\" \/>\n<meta property=\"og:description\" content=\"In der Laborautomation sind eine hohe Flexibilit\u00e4t, Zuverl\u00e4ssigkeit und Produktionssicherheit gefragt. Kein Problem f\u00fcr LinMot Komponenten.\" \/>\n<meta property=\"og:url\" content=\"https:\/\/linmot.com\/de\/branchen\/laborautomation\/\" \/>\n<meta property=\"og:site_name\" content=\"LinMot &amp; MagSpring - Deutsch\" \/>\n<meta property=\"article:modified_time\" content=\"2023-05-10T13:17:08+00:00\" \/>\n<meta property=\"og:image\" content=\"https:\/\/linmot.com\/de\/wp-content\/uploads\/sites\/2\/2017\/11\/LinMot-Solutions-Laboratory-Automation-Industry.jpg\" \/>\n\t<meta property=\"og:image:width\" content=\"940\" \/>\n\t<meta property=\"og:image:height\" content=\"300\" \/>\n\t<meta property=\"og:image:type\" content=\"image\/jpeg\" \/>\n<meta name=\"twitter:card\" content=\"summary_large_image\" \/>\n<meta name=\"twitter:title\" content=\"Laborautomation \u2013 Automatisierte Workstations | LinMot\" \/>\n<meta name=\"twitter:description\" content=\"In der Laborautomation sind eine hohe Flexibilit\u00e4t, Zuverl\u00e4ssigkeit und Produktionssicherheit gefragt. Kein Problem f\u00fcr LinMot Komponenten.\" \/>\n<meta name=\"twitter:image\" content=\"https:\/\/linmot.com\/de\/wp-content\/uploads\/sites\/2\/2017\/11\/LinMot-Solutions-Laboratory-Automation-Industry.jpg\" \/>\n<meta name=\"twitter:label1\" content=\"Gesch\u00e4tzte Lesezeit\" \/>\n\t<meta name=\"twitter:data1\" content=\"1 Minute\" \/>\n<script type=\"application\/ld+json\" class=\"yoast-schema-graph\">{\"@context\":\"https:\\\/\\\/schema.org\",\"@graph\":[{\"@type\":\"WebPage\",\"@id\":\"https:\\\/\\\/linmot.com\\\/de\\\/branchen\\\/laborautomation\\\/\",\"url\":\"https:\\\/\\\/linmot.com\\\/de\\\/branchen\\\/laborautomation\\\/\",\"name\":\"Laborautomation \u2013 Automatisierte Workstations | LinMot\",\"isPartOf\":{\"@id\":\"https:\\\/\\\/linmot.com\\\/de\\\/#website\"},\"primaryImageOfPage\":{\"@id\":\"https:\\\/\\\/linmot.com\\\/de\\\/branchen\\\/laborautomation\\\/#primaryimage\"},\"image\":{\"@id\":\"https:\\\/\\\/linmot.com\\\/de\\\/branchen\\\/laborautomation\\\/#primaryimage\"},\"thumbnailUrl\":\"https:\\\/\\\/linmot.com\\\/wp-content\\\/uploads\\\/2017\\\/11\\\/LinMot-Solutions-Laboratory-Automation-Industry.jpg\",\"datePublished\":\"2017-11-07T14:22:42+00:00\",\"dateModified\":\"2023-05-10T13:17:08+00:00\",\"description\":\"In der Laborautomation sind eine hohe Flexibilit\u00e4t, Zuverl\u00e4ssigkeit und Produktionssicherheit gefragt. Kein Problem f\u00fcr LinMot Komponenten.\",\"breadcrumb\":{\"@id\":\"https:\\\/\\\/linmot.com\\\/de\\\/branchen\\\/laborautomation\\\/#breadcrumb\"},\"inLanguage\":\"de\",\"potentialAction\":[{\"@type\":\"ReadAction\",\"target\":[\"https:\\\/\\\/linmot.com\\\/de\\\/branchen\\\/laborautomation\\\/\"]}]},{\"@type\":\"ImageObject\",\"inLanguage\":\"de\",\"@id\":\"https:\\\/\\\/linmot.com\\\/de\\\/branchen\\\/laborautomation\\\/#primaryimage\",\"url\":\"https:\\\/\\\/linmot.com\\\/wp-content\\\/uploads\\\/2017\\\/11\\\/LinMot-Solutions-Laboratory-Automation-Industry.jpg\",\"contentUrl\":\"https:\\\/\\\/linmot.com\\\/wp-content\\\/uploads\\\/2017\\\/11\\\/LinMot-Solutions-Laboratory-Automation-Industry.jpg\"},{\"@type\":\"BreadcrumbList\",\"@id\":\"https:\\\/\\\/linmot.com\\\/de\\\/branchen\\\/laborautomation\\\/#breadcrumb\",\"itemListElement\":[{\"@type\":\"ListItem\",\"position\":1,\"name\":\"LinMot\",\"item\":\"https:\\\/\\\/linmot.com\\\/de\\\/\"},{\"@type\":\"ListItem\",\"position\":2,\"name\":\"Branchenl\u00f6sungen\",\"item\":\"https:\\\/\\\/linmot.com\\\/de\\\/branchen\\\/\"},{\"@type\":\"ListItem\",\"position\":3,\"name\":\"Laborautomation\"}]},{\"@type\":\"WebSite\",\"@id\":\"https:\\\/\\\/linmot.com\\\/de\\\/#website\",\"url\":\"https:\\\/\\\/linmot.com\\\/de\\\/\",\"name\":\"LinMot & MagSpring - Industrielle Linearmotoren\",\"description\":\"Hochwertigen Linearmotoren und Linearmotorsystemen\",\"publisher\":{\"@id\":\"https:\\\/\\\/linmot.com\\\/de\\\/#organization\"},\"potentialAction\":[{\"@type\":\"SearchAction\",\"target\":{\"@type\":\"EntryPoint\",\"urlTemplate\":\"https:\\\/\\\/linmot.com\\\/de\\\/?s={search_term_string}\"},\"query-input\":{\"@type\":\"PropertyValueSpecification\",\"valueRequired\":true,\"valueName\":\"search_term_string\"}}],\"inLanguage\":\"de\"},{\"@type\":\"Organization\",\"@id\":\"https:\\\/\\\/linmot.com\\\/de\\\/#organization\",\"name\":\"NTI AG - LinMot & MagSpring\",\"url\":\"https:\\\/\\\/linmot.com\\\/de\\\/\",\"logo\":{\"@type\":\"ImageObject\",\"inLanguage\":\"de\",\"@id\":\"https:\\\/\\\/linmot.com\\\/de\\\/#\\\/schema\\\/logo\\\/image\\\/\",\"url\":\"https:\\\/\\\/linmot.com\\\/de\\\/wp-content\\\/uploads\\\/sites\\\/2\\\/2022\\\/01\\\/social-logo.jpg\",\"contentUrl\":\"https:\\\/\\\/linmot.com\\\/de\\\/wp-content\\\/uploads\\\/sites\\\/2\\\/2022\\\/01\\\/social-logo.jpg\",\"width\":800,\"height\":500,\"caption\":\"NTI AG - LinMot & MagSpring\"},\"image\":{\"@id\":\"https:\\\/\\\/linmot.com\\\/de\\\/#\\\/schema\\\/logo\\\/image\\\/\"},\"sameAs\":[\"https:\\\/\\\/www.linkedin.com\\\/company\\\/nti-ag-linmot-magspring\",\"https:\\\/\\\/www.youtube.com\\\/user\\\/LinMotEurope\",\"https:\\\/\\\/www.xing.com\\\/pages\\\/linmot-magspring\"]}]}<\/script>\n<!-- \/ Yoast SEO Premium plugin. -->","yoast_head_json":{"title":"Laborautomation \u2013 Automatisierte Workstations | LinMot","description":"In der Laborautomation sind eine hohe Flexibilit\u00e4t, Zuverl\u00e4ssigkeit und Produktionssicherheit gefragt. Kein Problem f\u00fcr LinMot Komponenten.","robots":{"index":"index","follow":"follow","max-snippet":"max-snippet:-1","max-image-preview":"max-image-preview:large","max-video-preview":"max-video-preview:-1"},"canonical":"https:\/\/linmot.com\/de\/branchen\/laborautomation\/","og_locale":"de_DE","og_type":"article","og_title":"Laborautomation \u2013 Automatisierte Workstations | LinMot","og_description":"In der Laborautomation sind eine hohe Flexibilit\u00e4t, Zuverl\u00e4ssigkeit und Produktionssicherheit gefragt. Kein Problem f\u00fcr LinMot Komponenten.","og_url":"https:\/\/linmot.com\/de\/branchen\/laborautomation\/","og_site_name":"LinMot &amp; MagSpring - Deutsch","article_modified_time":"2023-05-10T13:17:08+00:00","og_image":[{"width":940,"height":300,"url":"https:\/\/linmot.com\/de\/wp-content\/uploads\/sites\/2\/2017\/11\/LinMot-Solutions-Laboratory-Automation-Industry.jpg","type":"image\/jpeg"}],"twitter_card":"summary_large_image","twitter_title":"Laborautomation \u2013 Automatisierte Workstations | LinMot","twitter_description":"In der Laborautomation sind eine hohe Flexibilit\u00e4t, Zuverl\u00e4ssigkeit und Produktionssicherheit gefragt. Kein Problem f\u00fcr LinMot Komponenten.","twitter_image":"https:\/\/linmot.com\/de\/wp-content\/uploads\/sites\/2\/2017\/11\/LinMot-Solutions-Laboratory-Automation-Industry.jpg","twitter_misc":{"Gesch\u00e4tzte Lesezeit":"1 Minute"},"schema":{"@context":"https:\/\/schema.org","@graph":[{"@type":"WebPage","@id":"https:\/\/linmot.com\/de\/branchen\/laborautomation\/","url":"https:\/\/linmot.com\/de\/branchen\/laborautomation\/","name":"Laborautomation \u2013 Automatisierte Workstations | LinMot","isPartOf":{"@id":"https:\/\/linmot.com\/de\/#website"},"primaryImageOfPage":{"@id":"https:\/\/linmot.com\/de\/branchen\/laborautomation\/#primaryimage"},"image":{"@id":"https:\/\/linmot.com\/de\/branchen\/laborautomation\/#primaryimage"},"thumbnailUrl":"https:\/\/linmot.com\/wp-content\/uploads\/2017\/11\/LinMot-Solutions-Laboratory-Automation-Industry.jpg","datePublished":"2017-11-07T14:22:42+00:00","dateModified":"2023-05-10T13:17:08+00:00","description":"In der Laborautomation sind eine hohe Flexibilit\u00e4t, Zuverl\u00e4ssigkeit und Produktionssicherheit gefragt. Kein Problem f\u00fcr LinMot Komponenten.","breadcrumb":{"@id":"https:\/\/linmot.com\/de\/branchen\/laborautomation\/#breadcrumb"},"inLanguage":"de","potentialAction":[{"@type":"ReadAction","target":["https:\/\/linmot.com\/de\/branchen\/laborautomation\/"]}]},{"@type":"ImageObject","inLanguage":"de","@id":"https:\/\/linmot.com\/de\/branchen\/laborautomation\/#primaryimage","url":"https:\/\/linmot.com\/wp-content\/uploads\/2017\/11\/LinMot-Solutions-Laboratory-Automation-Industry.jpg","contentUrl":"https:\/\/linmot.com\/wp-content\/uploads\/2017\/11\/LinMot-Solutions-Laboratory-Automation-Industry.jpg"},{"@type":"BreadcrumbList","@id":"https:\/\/linmot.com\/de\/branchen\/laborautomation\/#breadcrumb","itemListElement":[{"@type":"ListItem","position":1,"name":"LinMot","item":"https:\/\/linmot.com\/de\/"},{"@type":"ListItem","position":2,"name":"Branchenl\u00f6sungen","item":"https:\/\/linmot.com\/de\/branchen\/"},{"@type":"ListItem","position":3,"name":"Laborautomation"}]},{"@type":"WebSite","@id":"https:\/\/linmot.com\/de\/#website","url":"https:\/\/linmot.com\/de\/","name":"LinMot & MagSpring - Industrielle Linearmotoren","description":"Hochwertigen Linearmotoren und Linearmotorsystemen","publisher":{"@id":"https:\/\/linmot.com\/de\/#organization"},"potentialAction":[{"@type":"SearchAction","target":{"@type":"EntryPoint","urlTemplate":"https:\/\/linmot.com\/de\/?s={search_term_string}"},"query-input":{"@type":"PropertyValueSpecification","valueRequired":true,"valueName":"search_term_string"}}],"inLanguage":"de"},{"@type":"Organization","@id":"https:\/\/linmot.com\/de\/#organization","name":"NTI AG - LinMot & MagSpring","url":"https:\/\/linmot.com\/de\/","logo":{"@type":"ImageObject","inLanguage":"de","@id":"https:\/\/linmot.com\/de\/#\/schema\/logo\/image\/","url":"https:\/\/linmot.com\/de\/wp-content\/uploads\/sites\/2\/2022\/01\/social-logo.jpg","contentUrl":"https:\/\/linmot.com\/de\/wp-content\/uploads\/sites\/2\/2022\/01\/social-logo.jpg","width":800,"height":500,"caption":"NTI AG - LinMot & MagSpring"},"image":{"@id":"https:\/\/linmot.com\/de\/#\/schema\/logo\/image\/"},"sameAs":["https:\/\/www.linkedin.com\/company\/nti-ag-linmot-magspring","https:\/\/www.youtube.com\/user\/LinMotEurope","https:\/\/www.xing.com\/pages\/linmot-magspring"]}]}},"_links":{"self":[{"href":"https:\/\/linmot.com\/de\/wp-json\/wp\/v2\/pages\/211","targetHints":{"allow":["GET"]}}],"collection":[{"href":"https:\/\/linmot.com\/de\/wp-json\/wp\/v2\/pages"}],"about":[{"href":"https:\/\/linmot.com\/de\/wp-json\/wp\/v2\/types\/page"}],"author":[{"embeddable":true,"href":"https:\/\/linmot.com\/de\/wp-json\/wp\/v2\/users\/1"}],"replies":[{"embeddable":true,"href":"https:\/\/linmot.com\/de\/wp-json\/wp\/v2\/comments?post=211"}],"version-history":[{"count":9,"href":"https:\/\/linmot.com\/de\/wp-json\/wp\/v2\/pages\/211\/revisions"}],"predecessor-version":[{"id":4270,"href":"https:\/\/linmot.com\/de\/wp-json\/wp\/v2\/pages\/211\/revisions\/4270"}],"up":[{"embeddable":true,"href":"https:\/\/linmot.com\/de\/wp-json\/wp\/v2\/pages\/8"}],"wp:attachment":[{"href":"https:\/\/linmot.com\/de\/wp-json\/wp\/v2\/media?parent=211"}],"curies":[{"name":"wp","href":"https:\/\/api.w.org\/{rel}","templated":true}]}}