{"id":208,"date":"2017-11-07T15:20:23","date_gmt":"2017-11-07T14:20:23","guid":{"rendered":"https:\/\/linmot.com\/?page_id=208"},"modified":"2023-05-10T16:38:31","modified_gmt":"2023-05-10T14:38:31","slug":"halbleiter-elektronik","status":"publish","type":"page","link":"https:\/\/linmot.com\/de\/branchen\/halbleiter-elektronik\/","title":{"rendered":"Halbleiter &#038; Elektronik"},"content":{"rendered":"<p><strong>In der Halbleiterindustrie ist die Verf\u00fcgbarkeit von Anlagen und Maschinen eine absolute Forderung.<\/strong><\/p>\n<img loading=\"lazy\" decoding=\"async\" class=\"aligncenter wp-image-209 size-full\" src=\"https:\/\/linmot.com\/de\/wp-content\/uploads\/sites\/2\/2017\/11\/LinMot-Solutions-Semiconductors-Electronics-Industry.jpg\" alt=\"Halbleiter und Elektronik mit LinMot\" width=\"940\" height=\"300\" srcset=\"https:\/\/linmot.com\/de\/wp-content\/uploads\/sites\/2\/2017\/11\/LinMot-Solutions-Semiconductors-Electronics-Industry.jpg 940w, https:\/\/linmot.com\/de\/wp-content\/uploads\/sites\/2\/2017\/11\/LinMot-Solutions-Semiconductors-Electronics-Industry-300x96.jpg 300w, https:\/\/linmot.com\/de\/wp-content\/uploads\/sites\/2\/2017\/11\/LinMot-Solutions-Semiconductors-Electronics-Industry-768x245.jpg 768w\" sizes=\"auto, (max-width: 940px) 100vw, 940px\" \/>\n<p>Eine moderne Elektronikfertigung muss mit h\u00e4ufigen Produktwechseln zurechtkommen. Mit den innovativen Antriebsl\u00f6sungen von LinMot und den intelligenten Antriebs- und Steuerkomponenten lassen sich Fertigungs- sowie Ausr\u00fcstungs-\/F\u00f6rdertechnik-Anwendungen effektiv umsetzen.<\/p>\n<p><strong>Tubulare Linearmotoren<\/strong> finden bereits einen vielf\u00e4ltigen Einsatz bei:<\/p>\n<div class=\"row\">\n<div class=\"col-sm-4\">\n<ul>\n<li>Front-End Maschinen<\/li>\n<li>Back-End Maschinen<\/li>\n<li>Waver Handling<\/li>\n<li>Halbleiter Handling<\/li>\n<li>Halbleiter Pr\u00fcfautomaten<\/li>\n<\/ul>\n<\/div>\n<div class=\"col-sm-4\">\n<ul>\n<li>Halbleiter Verpackungsautomaten<\/li>\n<li>Siebdruck<\/li>\n<li>Rackelsteuerung<\/li>\n<li>Best\u00fcckungsautomaten<\/li>\n<li>Flying Probe Tester<\/li>\n<\/ul>\n<\/div>\n<div class=\"col-sm-4\">\n<ul>\n<li>Nutzentrenner<\/li>\n<li>CD\/DVD Produktionsanlagen &amp; Verpackungsmaschinen<\/li>\n<li>etc.<\/li>\n<\/ul>\n<\/div>\n<\/div>\n<p>Die LinMot Antriebstechnologie bringt jede Kunden-Anwendung auf ein neues Level und hilft die Gesamtkosten zu senken.<\/p>\n<p>In der Fertigung von Halbleitern wird extreme Sauberkeit ben\u00f6tigt. Hierf\u00fcr hat LinMot spezielle Module mit Reinraumzulassung bis ISO4 entwickelt.<\/p>\n<p>Mit LinMot-Module k\u00f6nnen h\u00f6chste Genauigkeitsstandards eingehalten werden. Mit jedem Modul k\u00f6nnen Genauigkeiten von 0.05mm garantiert werden und mittels externen Sensoren Genauigkeiten von 10qm.<\/p>\n","protected":false},"excerpt":{"rendered":"<p>In der Halbleiterindustrie ist die Verf\u00fcgbarkeit von Anlagen und Maschinen eine absolute Forderung. Eine moderne Elektronikfertigung muss mit h\u00e4ufigen Produktwechseln zurechtkommen. Mit den innovativen Antriebsl\u00f6sungen von LinMot und den intelligenten Antriebs- und Steuerkomponenten lassen sich Fertigungs- sowie Ausr\u00fcstungs-\/F\u00f6rdertechnik-Anwendungen effektiv umsetzen. Tubulare Linearmotoren finden bereits einen vielf\u00e4ltigen Einsatz bei: Die LinMot Antriebstechnologie bringt jede Kunden-Anwendung auf [&hellip;]<\/p>\n","protected":false},"author":1,"featured_media":0,"parent":8,"menu_order":116,"comment_status":"closed","ping_status":"closed","template":"","meta":{"_acf_changed":false,"footnotes":""},"class_list":["post-208","page","type-page","status-publish","hentry"],"acf":[],"yoast_head":"<!-- This site is optimized with the Yoast SEO Premium plugin v20.9 (Yoast SEO v27.4) - https:\/\/yoast.com\/product\/yoast-seo-premium-wordpress\/ -->\n<title>Halbleiter &amp; Elektronik - Antriebs und Steuerkomponenten | LinMot<\/title>\n<meta name=\"description\" content=\"Tubulare Linearmotoren finden Einsatz in Front-End Maschinen, Halbleiter-Pr\u00fcfautomaten, im Siebdruck, Nutzentrennern und Best\u00fcckungsautomaten.\" \/>\n<meta name=\"robots\" content=\"index, follow, max-snippet:-1, max-image-preview:large, max-video-preview:-1\" \/>\n<link rel=\"canonical\" href=\"https:\/\/linmot.com\/de\/branchen\/halbleiter-elektronik\/\" \/>\n<meta property=\"og:locale\" content=\"de_DE\" \/>\n<meta property=\"og:type\" content=\"article\" \/>\n<meta property=\"og:title\" content=\"Halbleiter &amp; Elektronik - Antriebs und Steuerkomponenten | LinMot\" \/>\n<meta property=\"og:description\" content=\"Tubulare Linearmotoren finden Einsatz in Front-End Maschinen, Halbleiter-Pr\u00fcfautomaten, im Siebdruck, Nutzentrennern und Best\u00fcckungsautomaten.\" \/>\n<meta property=\"og:url\" content=\"https:\/\/linmot.com\/de\/branchen\/halbleiter-elektronik\/\" \/>\n<meta property=\"og:site_name\" content=\"LinMot &amp; MagSpring - Deutsch\" \/>\n<meta property=\"article:modified_time\" content=\"2023-05-10T14:38:31+00:00\" \/>\n<meta property=\"og:image\" content=\"https:\/\/linmot.com\/de\/wp-content\/uploads\/sites\/2\/2017\/11\/LinMot-Solutions-Semiconductors-Electronics-Industry.jpg\" \/>\n<meta name=\"twitter:card\" content=\"summary_large_image\" \/>\n<meta name=\"twitter:title\" content=\"Halbleiter &amp; Elektronik - Antriebs und Steuerkomponenten | LinMot\" \/>\n<meta name=\"twitter:description\" content=\"Tubulare Linearmotoren finden Einsatz in Front-End Maschinen, Halbleiter-Pr\u00fcfautomaten, im Siebdruck, Nutzentrennern und Best\u00fcckungsautomaten.\" \/>\n<meta name=\"twitter:label1\" content=\"Gesch\u00e4tzte Lesezeit\" \/>\n\t<meta name=\"twitter:data1\" content=\"1 Minute\" \/>\n<script type=\"application\/ld+json\" class=\"yoast-schema-graph\">{\"@context\":\"https:\\\/\\\/schema.org\",\"@graph\":[{\"@type\":\"WebPage\",\"@id\":\"https:\\\/\\\/linmot.com\\\/de\\\/branchen\\\/halbleiter-elektronik\\\/\",\"url\":\"https:\\\/\\\/linmot.com\\\/de\\\/branchen\\\/halbleiter-elektronik\\\/\",\"name\":\"Halbleiter & Elektronik - Antriebs und Steuerkomponenten | LinMot\",\"isPartOf\":{\"@id\":\"https:\\\/\\\/linmot.com\\\/de\\\/#website\"},\"primaryImageOfPage\":{\"@id\":\"https:\\\/\\\/linmot.com\\\/de\\\/branchen\\\/halbleiter-elektronik\\\/#primaryimage\"},\"image\":{\"@id\":\"https:\\\/\\\/linmot.com\\\/de\\\/branchen\\\/halbleiter-elektronik\\\/#primaryimage\"},\"thumbnailUrl\":\"https:\\\/\\\/linmot.com\\\/de\\\/wp-content\\\/uploads\\\/sites\\\/2\\\/2017\\\/11\\\/LinMot-Solutions-Semiconductors-Electronics-Industry.jpg\",\"datePublished\":\"2017-11-07T14:20:23+00:00\",\"dateModified\":\"2023-05-10T14:38:31+00:00\",\"description\":\"Tubulare Linearmotoren finden Einsatz in Front-End Maschinen, Halbleiter-Pr\u00fcfautomaten, im Siebdruck, Nutzentrennern und Best\u00fcckungsautomaten.\",\"breadcrumb\":{\"@id\":\"https:\\\/\\\/linmot.com\\\/de\\\/branchen\\\/halbleiter-elektronik\\\/#breadcrumb\"},\"inLanguage\":\"de\",\"potentialAction\":[{\"@type\":\"ReadAction\",\"target\":[\"https:\\\/\\\/linmot.com\\\/de\\\/branchen\\\/halbleiter-elektronik\\\/\"]}]},{\"@type\":\"ImageObject\",\"inLanguage\":\"de\",\"@id\":\"https:\\\/\\\/linmot.com\\\/de\\\/branchen\\\/halbleiter-elektronik\\\/#primaryimage\",\"url\":\"https:\\\/\\\/linmot.com\\\/de\\\/wp-content\\\/uploads\\\/sites\\\/2\\\/2017\\\/11\\\/LinMot-Solutions-Semiconductors-Electronics-Industry.jpg\",\"contentUrl\":\"https:\\\/\\\/linmot.com\\\/de\\\/wp-content\\\/uploads\\\/sites\\\/2\\\/2017\\\/11\\\/LinMot-Solutions-Semiconductors-Electronics-Industry.jpg\",\"width\":940,\"height\":300,\"caption\":\"Branchenl\u00f6sungen f\u00fcr Halbleiter und Elektronik\"},{\"@type\":\"BreadcrumbList\",\"@id\":\"https:\\\/\\\/linmot.com\\\/de\\\/branchen\\\/halbleiter-elektronik\\\/#breadcrumb\",\"itemListElement\":[{\"@type\":\"ListItem\",\"position\":1,\"name\":\"LinMot\",\"item\":\"https:\\\/\\\/linmot.com\\\/de\\\/\"},{\"@type\":\"ListItem\",\"position\":2,\"name\":\"Branchenl\u00f6sungen\",\"item\":\"https:\\\/\\\/linmot.com\\\/de\\\/branchen\\\/\"},{\"@type\":\"ListItem\",\"position\":3,\"name\":\"Halbleiter &#038; Elektronik\"}]},{\"@type\":\"WebSite\",\"@id\":\"https:\\\/\\\/linmot.com\\\/de\\\/#website\",\"url\":\"https:\\\/\\\/linmot.com\\\/de\\\/\",\"name\":\"LinMot & MagSpring - Industrielle Linearmotoren\",\"description\":\"Hochwertigen Linearmotoren und Linearmotorsystemen\",\"publisher\":{\"@id\":\"https:\\\/\\\/linmot.com\\\/de\\\/#organization\"},\"potentialAction\":[{\"@type\":\"SearchAction\",\"target\":{\"@type\":\"EntryPoint\",\"urlTemplate\":\"https:\\\/\\\/linmot.com\\\/de\\\/?s={search_term_string}\"},\"query-input\":{\"@type\":\"PropertyValueSpecification\",\"valueRequired\":true,\"valueName\":\"search_term_string\"}}],\"inLanguage\":\"de\"},{\"@type\":\"Organization\",\"@id\":\"https:\\\/\\\/linmot.com\\\/de\\\/#organization\",\"name\":\"NTI AG - LinMot & MagSpring\",\"url\":\"https:\\\/\\\/linmot.com\\\/de\\\/\",\"logo\":{\"@type\":\"ImageObject\",\"inLanguage\":\"de\",\"@id\":\"https:\\\/\\\/linmot.com\\\/de\\\/#\\\/schema\\\/logo\\\/image\\\/\",\"url\":\"https:\\\/\\\/linmot.com\\\/de\\\/wp-content\\\/uploads\\\/sites\\\/2\\\/2022\\\/01\\\/social-logo.jpg\",\"contentUrl\":\"https:\\\/\\\/linmot.com\\\/de\\\/wp-content\\\/uploads\\\/sites\\\/2\\\/2022\\\/01\\\/social-logo.jpg\",\"width\":800,\"height\":500,\"caption\":\"NTI AG - LinMot & MagSpring\"},\"image\":{\"@id\":\"https:\\\/\\\/linmot.com\\\/de\\\/#\\\/schema\\\/logo\\\/image\\\/\"},\"sameAs\":[\"https:\\\/\\\/www.linkedin.com\\\/company\\\/nti-ag-linmot-magspring\",\"https:\\\/\\\/www.youtube.com\\\/user\\\/LinMotEurope\",\"https:\\\/\\\/www.xing.com\\\/pages\\\/linmot-magspring\"]}]}<\/script>\n<!-- \/ Yoast SEO Premium plugin. -->","yoast_head_json":{"title":"Halbleiter & Elektronik - Antriebs und Steuerkomponenten | LinMot","description":"Tubulare Linearmotoren finden Einsatz in Front-End Maschinen, Halbleiter-Pr\u00fcfautomaten, im Siebdruck, Nutzentrennern und Best\u00fcckungsautomaten.","robots":{"index":"index","follow":"follow","max-snippet":"max-snippet:-1","max-image-preview":"max-image-preview:large","max-video-preview":"max-video-preview:-1"},"canonical":"https:\/\/linmot.com\/de\/branchen\/halbleiter-elektronik\/","og_locale":"de_DE","og_type":"article","og_title":"Halbleiter & Elektronik - Antriebs und Steuerkomponenten | LinMot","og_description":"Tubulare Linearmotoren finden Einsatz in Front-End Maschinen, Halbleiter-Pr\u00fcfautomaten, im Siebdruck, Nutzentrennern und Best\u00fcckungsautomaten.","og_url":"https:\/\/linmot.com\/de\/branchen\/halbleiter-elektronik\/","og_site_name":"LinMot &amp; MagSpring - Deutsch","article_modified_time":"2023-05-10T14:38:31+00:00","og_image":[{"url":"https:\/\/linmot.com\/de\/wp-content\/uploads\/sites\/2\/2017\/11\/LinMot-Solutions-Semiconductors-Electronics-Industry.jpg","type":"","width":"","height":""}],"twitter_card":"summary_large_image","twitter_title":"Halbleiter & Elektronik - Antriebs und Steuerkomponenten | LinMot","twitter_description":"Tubulare Linearmotoren finden Einsatz in Front-End Maschinen, Halbleiter-Pr\u00fcfautomaten, im Siebdruck, Nutzentrennern und Best\u00fcckungsautomaten.","twitter_misc":{"Gesch\u00e4tzte Lesezeit":"1 Minute"},"schema":{"@context":"https:\/\/schema.org","@graph":[{"@type":"WebPage","@id":"https:\/\/linmot.com\/de\/branchen\/halbleiter-elektronik\/","url":"https:\/\/linmot.com\/de\/branchen\/halbleiter-elektronik\/","name":"Halbleiter & Elektronik - Antriebs und Steuerkomponenten | LinMot","isPartOf":{"@id":"https:\/\/linmot.com\/de\/#website"},"primaryImageOfPage":{"@id":"https:\/\/linmot.com\/de\/branchen\/halbleiter-elektronik\/#primaryimage"},"image":{"@id":"https:\/\/linmot.com\/de\/branchen\/halbleiter-elektronik\/#primaryimage"},"thumbnailUrl":"https:\/\/linmot.com\/de\/wp-content\/uploads\/sites\/2\/2017\/11\/LinMot-Solutions-Semiconductors-Electronics-Industry.jpg","datePublished":"2017-11-07T14:20:23+00:00","dateModified":"2023-05-10T14:38:31+00:00","description":"Tubulare Linearmotoren finden Einsatz in Front-End Maschinen, Halbleiter-Pr\u00fcfautomaten, im Siebdruck, Nutzentrennern und Best\u00fcckungsautomaten.","breadcrumb":{"@id":"https:\/\/linmot.com\/de\/branchen\/halbleiter-elektronik\/#breadcrumb"},"inLanguage":"de","potentialAction":[{"@type":"ReadAction","target":["https:\/\/linmot.com\/de\/branchen\/halbleiter-elektronik\/"]}]},{"@type":"ImageObject","inLanguage":"de","@id":"https:\/\/linmot.com\/de\/branchen\/halbleiter-elektronik\/#primaryimage","url":"https:\/\/linmot.com\/de\/wp-content\/uploads\/sites\/2\/2017\/11\/LinMot-Solutions-Semiconductors-Electronics-Industry.jpg","contentUrl":"https:\/\/linmot.com\/de\/wp-content\/uploads\/sites\/2\/2017\/11\/LinMot-Solutions-Semiconductors-Electronics-Industry.jpg","width":940,"height":300,"caption":"Branchenl\u00f6sungen f\u00fcr Halbleiter und Elektronik"},{"@type":"BreadcrumbList","@id":"https:\/\/linmot.com\/de\/branchen\/halbleiter-elektronik\/#breadcrumb","itemListElement":[{"@type":"ListItem","position":1,"name":"LinMot","item":"https:\/\/linmot.com\/de\/"},{"@type":"ListItem","position":2,"name":"Branchenl\u00f6sungen","item":"https:\/\/linmot.com\/de\/branchen\/"},{"@type":"ListItem","position":3,"name":"Halbleiter &#038; Elektronik"}]},{"@type":"WebSite","@id":"https:\/\/linmot.com\/de\/#website","url":"https:\/\/linmot.com\/de\/","name":"LinMot & MagSpring - Industrielle Linearmotoren","description":"Hochwertigen Linearmotoren und Linearmotorsystemen","publisher":{"@id":"https:\/\/linmot.com\/de\/#organization"},"potentialAction":[{"@type":"SearchAction","target":{"@type":"EntryPoint","urlTemplate":"https:\/\/linmot.com\/de\/?s={search_term_string}"},"query-input":{"@type":"PropertyValueSpecification","valueRequired":true,"valueName":"search_term_string"}}],"inLanguage":"de"},{"@type":"Organization","@id":"https:\/\/linmot.com\/de\/#organization","name":"NTI AG - LinMot & MagSpring","url":"https:\/\/linmot.com\/de\/","logo":{"@type":"ImageObject","inLanguage":"de","@id":"https:\/\/linmot.com\/de\/#\/schema\/logo\/image\/","url":"https:\/\/linmot.com\/de\/wp-content\/uploads\/sites\/2\/2022\/01\/social-logo.jpg","contentUrl":"https:\/\/linmot.com\/de\/wp-content\/uploads\/sites\/2\/2022\/01\/social-logo.jpg","width":800,"height":500,"caption":"NTI AG - LinMot & MagSpring"},"image":{"@id":"https:\/\/linmot.com\/de\/#\/schema\/logo\/image\/"},"sameAs":["https:\/\/www.linkedin.com\/company\/nti-ag-linmot-magspring","https:\/\/www.youtube.com\/user\/LinMotEurope","https:\/\/www.xing.com\/pages\/linmot-magspring"]}]}},"_links":{"self":[{"href":"https:\/\/linmot.com\/de\/wp-json\/wp\/v2\/pages\/208","targetHints":{"allow":["GET"]}}],"collection":[{"href":"https:\/\/linmot.com\/de\/wp-json\/wp\/v2\/pages"}],"about":[{"href":"https:\/\/linmot.com\/de\/wp-json\/wp\/v2\/types\/page"}],"author":[{"embeddable":true,"href":"https:\/\/linmot.com\/de\/wp-json\/wp\/v2\/users\/1"}],"replies":[{"embeddable":true,"href":"https:\/\/linmot.com\/de\/wp-json\/wp\/v2\/comments?post=208"}],"version-history":[{"count":10,"href":"https:\/\/linmot.com\/de\/wp-json\/wp\/v2\/pages\/208\/revisions"}],"predecessor-version":[{"id":3221,"href":"https:\/\/linmot.com\/de\/wp-json\/wp\/v2\/pages\/208\/revisions\/3221"}],"up":[{"embeddable":true,"href":"https:\/\/linmot.com\/de\/wp-json\/wp\/v2\/pages\/8"}],"wp:attachment":[{"href":"https:\/\/linmot.com\/de\/wp-json\/wp\/v2\/media?parent=208"}],"curies":[{"name":"wp","href":"https:\/\/api.w.org\/{rel}","templated":true}]}}