{"id":2077,"date":"2021-07-29T13:47:56","date_gmt":"2021-07-29T11:47:56","guid":{"rendered":"https:\/\/linmot.com\/de\/?page_id=2077"},"modified":"2023-05-22T15:40:51","modified_gmt":"2023-05-22T13:40:51","slug":"ein-cleveres-design-mit-enormer-performance-edelstahl-linearmotoren-sscp","status":"publish","type":"page","link":"https:\/\/linmot.com\/de\/ein-cleveres-design-mit-enormer-performance-edelstahl-linearmotoren-sscp\/","title":{"rendered":"Ein cleveres Design mit enormer Performance \u2013 Edelstahl Linearmotoren SSCP"},"content":{"rendered":"<p><strong>Die intelligente Konstruktion der Linearmotoren SSCP erm\u00f6glicht eine maximale Leistungsdichte bei niedrigem Platzbedarf. Das Edelstahlgeh\u00e4use der Linearmotoren verleiht den Motoren eine extrem hohe Best\u00e4ndigkeit gegen Reinigungsmittel und anderen Umwelteinfl\u00fcssen. Die Motoren kommen zum Einsatz, wenn wertvollen Kaffee ger\u00f6stet, k\u00f6stliches Biere abgef\u00fcllt, leckere Backwaren herstellt oder Fleischerzeugnisse verpackt werden.<\/strong><\/p>\n<hr \/>\n<div class=\"row download\">\n<div class=\"col-md-7\">\n<h3>In K\u00fcrze<\/h3>\n<ul>\n<li>Kompakte Linearmotoren f\u00fcr anspruchsvolle Anwendungen<\/li>\n<li>Edelstahl- Motoren mit 67N bis 2180N Spitzenkraft<\/li>\n<li>Geh\u00e4use aus Edelstahl EN 1.4404 \/ AISI 316L<\/li>\n<li>Hohe Best\u00e4ndigkeit gegen Reinigungsmittel und Chemikalien<\/li>\n<li>Schnelle Montage und Inbetriebnahme mit \u201ePlug and Play\u201c<\/li>\n<li>Einfache Lastsimulation durch LinMot Designer Software<\/li>\n<\/ul>\n<\/div>\n<div class=\"col-md-5\">\n<div class=\"brlbs-cmpnt-container brlbs-cmpnt-content-blocker brlbs-cmpnt-with-individual-styles\" data-borlabs-cookie-content-blocker-id=\"youtube-content-blocker\" data-borlabs-cookie-content=\"PGlmcmFtZSB0aXRsZT0iWW91VHViZSB2aWRlbyBwbGF5ZXIiIHNyYz0iaHR0cHM6Ly93d3cueW91dHViZS1ub2Nvb2tpZS5jb20vZW1iZWQvcjdMallqQURURDAiIHdpZHRoPSIzOTAiIGhlaWdodD0iMjgwIiBmcmFtZWJvcmRlcj0iMCIgYWxsb3dmdWxsc2NyZWVuPSJhbGxvd2Z1bGxzY3JlZW4iPjwvaWZyYW1lPg==\">\n<div class=\"brlbs-cmpnt-cb-preset-c brlbs-cmpnt-cb-youtube\">\n<div class=\"brlbs-cmpnt-cb-thumbnail\" style=\"background-image: url('https:\/\/linmot.com\/de\/wp-content\/uploads\/borlabs-cookie\/2\/yt_r7LjYjADTD0_hqdefault.jpg')\"><\/div>\n<div class=\"brlbs-cmpnt-cb-main\">\n<div class=\"brlbs-cmpnt-cb-play-button\"><\/div>\n<div class=\"brlbs-cmpnt-cb-content\">\n<p class=\"brlbs-cmpnt-cb-description\">Sie sehen gerade einen Platzhalterinhalt von <strong>YouTube<\/strong>. Um auf den eigentlichen Inhalt zuzugreifen, klicken Sie auf die Schaltfl\u00e4che unten. Bitte beachten Sie, dass dabei Daten an Drittanbieter weitergegeben werden.<\/p>\n<p> <a class=\"brlbs-cmpnt-cb-provider-toggle\" href=\"#\" data-borlabs-cookie-show-provider-information role=\"button\">Mehr Informationen<\/a> <\/div>\n<div class=\"brlbs-cmpnt-cb-buttons\"> <a class=\"brlbs-cmpnt-cb-btn\" href=\"#\" data-borlabs-cookie-unblock role=\"button\">Inhalt entsperren<\/a> <a class=\"brlbs-cmpnt-cb-btn\" href=\"#\" data-borlabs-cookie-accept-service role=\"button\" style=\"display: inherit\">Erforderlichen Service akzeptieren und Inhalte entsperren<\/a> <\/div>\n<\/p><\/div>\n<\/p><\/div>\n<\/div>\n<\/div>\n<\/div>\n<hr \/>\n<h3>Mehr zu den SSCP Edelstahl-Linearmotoren<\/h3>\n<div class=\"row download\">\n<div class=\"col-md-4\">\n<ul>\n<li>Details zu den SSCP-Motoren<\/li>\n<li>Anwendungsberichte<\/li>\n<li>Funktionsweise im Detail<\/li>\n<\/ul>\n<p><a class=\"button\" href=\"https:\/\/linmot.com\/de\/produkte\/inox-motoren\/linearmotoren-sscp\/\" rel=\"noopener\">Zur Produktseite<\/a><br \/>\n<\/div>\n<div class=\"col-md-4\">\n<ul>\n<li>Datenbl\u00e4tter<\/li>\n<li>Installationsanleitungen<\/li>\n<li>Software<\/li>\n<\/ul>\n<p><a class=\"button\" href=\"https:\/\/shop.linmot.com\/D\/linearmotoren\/linearmotoren-inox.htm\" rel=\"noopener\">Zum e-Katalog<\/a><br \/>\n<\/div>\n<div class=\"col-md-4\">\n<ul>\n<li>Videos: Anwendungsbeispiele<\/li>\n<li>Videos: Demonstrationen<\/li>\n<li>Videos: Abf\u00fcllen<\/li>\n<\/ul>\n<p><a class=\"button\" href=\"https:\/\/www.youtube.com\/watch?v=r7LjYjADTD0&amp;list=PLR_bmqMbOMGfdNDk2NmeQatyzWRGq7AHG\" rel=\"noopener\">Zur Youtube-Playlist<\/a><br \/>\n<\/div>\n<\/div>\n<hr \/>\n<h3>Branchen-Beispiele<\/h3>\n<div class=\"row\">\n<div class=\"col-md-4\">\n<a href=\"https:\/\/linmot.com\/de\/branchen\/lebensmittel\/\">Lebensmittel<\/a><br \/>\n<img loading=\"lazy\" decoding=\"async\" class=\"size-full wp-image-1975\" src=\"https:\/\/linmot.com\/de\/wp-content\/uploads\/sites\/2\/2021\/07\/icon-food.png\" alt=\"\" width=\"71\" height=\"39\" \/><br \/>\n<\/div>\n<div class=\"col-md-4\">\n<a href=\"https:\/\/linmot.com\/de\/branchen\/medizin-pharma\/\">Medizin &amp; Pharma<\/a><br \/>\n<img loading=\"lazy\" decoding=\"async\" class=\"alignnone wp-image-2020 size-full\" src=\"https:\/\/linmot.com\/de\/wp-content\/uploads\/sites\/2\/2021\/07\/icon-pharma.jpg\" alt=\"\" width=\"63\" height=\"48\" \/><br \/>\n<\/div>\n<div class=\"col-md-4\">\n<a href=\"https:\/\/linmot.com\/de\/branchen\/lebensmittel\/\">Getr\u00e4nkeindustrie<\/a><br \/>\n<img loading=\"lazy\" decoding=\"async\" class=\"alignnone wp-image-2021 size-full\" src=\"https:\/\/linmot.com\/de\/wp-content\/uploads\/sites\/2\/2021\/07\/icon-food-beverage.png\" alt=\"\" width=\"92\" height=\"40\" \/><br \/>\n<\/div>\n<\/div>\n<hr \/>\n<h3>Weitere Produkte<\/h3>\n<div class=\"row\">\n<div class=\"col-md-4\">\n<p><strong>Linearmodul Edelstahl SM01<\/strong><\/p>\n<img loading=\"lazy\" decoding=\"async\" class=\"alignnone wp-image-2083 size-full\" src=\"https:\/\/linmot.com\/de\/wp-content\/uploads\/sites\/2\/2021\/07\/Linearmodule-edelstahl-SM01.jpg\" alt=\"\" width=\"300\" height=\"199\" \/>\n<p>Die SM01-Linearmodule sind komplette Antriebsl\u00f6sungen bestehend aus Linearf\u00fchrung mit integrierten LinMot Linearmotoren und optional angebauten vertikalen Lastausgleichselementen \u00abMagSpring\u00bb.<\/p>\n<p><a class=\"button\" href=\"https:\/\/linmot.com\/de\/?page_id=2081&amp;preview=true\" target=\"_same\" rel=\"noopener\">Zum Produkt<\/a><\/p>\n<\/div>\n<div class=\"col-md-4\">\n<p><strong>Hubdreh-Motoren<\/strong><\/p>\n<img loading=\"lazy\" decoding=\"async\" class=\"alignnone size-full wp-image-1740\" src=\"https:\/\/linmot.com\/de\/wp-content\/uploads\/sites\/2\/2021\/05\/Hubdreh-Motoren-Produkteuebersicht.jpg\" alt=\"\" width=\"300\" height=\"199\" \/>\n<p>Die Hubdreh-Motoren von LinMot zeichnen sich durch eine ausgezeichnete Flexibilit\u00e4t, Dynamik und Geschwindigkeit aus. Mit ihnen lassen sich sowohl Linear-, wie auch Rotationsbewegungen realisieren.<\/p>\n<p><a class=\"button\" href=\"https:\/\/linmot.com\/de\/produkte\/hubdreh-motoren-uebersicht\" target=\"_same\" rel=\"noopener\">Zum Produkt<\/a><\/p>\n<\/div>\n<div class=\"col-md-4\">\n<p><strong>Servo Drives<\/strong><\/p>\n<img loading=\"lazy\" decoding=\"async\" class=\"alignnone size-full wp-image-1746\" src=\"https:\/\/linmot.com\/de\/wp-content\/uploads\/sites\/2\/2021\/05\/Servo-Drives-Produkteuebersicht.jpg\" alt=\"\" width=\"300\" height=\"199\" \/>\n<p>LinMot Servo Drive sind kompakte Positioniersteuerungen mit einem oder mehreren Leistungsteilen zur Ansteuerung der Motoren sowie einem intelligenten Steuerteil mit integrierter Positionsregelung. Das Steuerteil \u00fcbernimmt s\u00e4mtliche antriebsbezogenen Regel- und \u00dcberwachungsfunktionen.<\/p>\n<p><a class=\"button\" href=\"https:\/\/linmot.com\/de\/produkte\/servo-drives\" target=\"_same\" rel=\"noopener\">Zum Produkt<\/a><\/p>\n<\/div>\n<\/div>\n<hr \/>\n<h3>Fragen zu den SSCP Edelstahl-Motoren?<\/h3>\n<div class=\"row download\">\n<div class=\"col-md-8\">\n<p class=\"bodytext\">Wir stehen Ihnen f\u00fcr Fragen rund um die Edelstahl-Motoren gerne zur Verf\u00fcgung.<br \/>\nMelden Sie sich hierf\u00fcr \u00fcber das folgende Formular bei uns oder rufen Sie uns an unter:<\/p>\n<p class=\"bodytext\">Tel: +49 (0)201 858940 0<\/p>\n<p class=\"bodytext\">Das LinMot-Team<\/p>\n<\/div>\n<div class=\"col-md-4\">\n\n<div class=\"wpcf7 no-js\" id=\"wpcf7-f1617-o1\" lang=\"de-DE\" dir=\"ltr\" data-wpcf7-id=\"1617\">\n<div class=\"screen-reader-response\"><p role=\"status\" aria-live=\"polite\" aria-atomic=\"true\"><\/p> <ul><\/ul><\/div>\n<form action=\"\/de\/wp-json\/wp\/v2\/pages\/2077#wpcf7-f1617-o1\" method=\"post\" class=\"wpcf7-form init\" aria-label=\"Kontaktformular\" novalidate=\"novalidate\" data-status=\"init\">\n<fieldset class=\"hidden-fields-container\"><input type=\"hidden\" name=\"_wpcf7\" value=\"1617\" \/><input type=\"hidden\" name=\"_wpcf7_version\" value=\"6.1.5\" \/><input type=\"hidden\" name=\"_wpcf7_locale\" value=\"de_DE\" \/><input type=\"hidden\" name=\"_wpcf7_unit_tag\" value=\"wpcf7-f1617-o1\" \/><input type=\"hidden\" name=\"_wpcf7_container_post\" value=\"0\" \/><input type=\"hidden\" name=\"_wpcf7_posted_data_hash\" value=\"\" \/><input type=\"hidden\" name=\"_wpcf7_recaptcha_response\" value=\"\" \/>\n<\/fieldset>\n<label> Ihr Name<br>\n    <span class=\"wpcf7-form-control-wrap\" data-name=\"your-name\"><input size=\"40\" maxlength=\"400\" class=\"wpcf7-form-control wpcf7-text wpcf7-validates-as-required\" aria-required=\"true\" aria-invalid=\"false\" value=\"\" type=\"text\" name=\"your-name\" \/><\/span> <\/label>\n<br>\n<label> Ihre Firma<br>\n    <span class=\"wpcf7-form-control-wrap\" data-name=\"your-company\"><input size=\"40\" maxlength=\"400\" class=\"wpcf7-form-control wpcf7-text wpcf7-validates-as-required\" aria-required=\"true\" aria-invalid=\"false\" value=\"\" type=\"text\" name=\"your-company\" \/><\/span> <\/label>\n<br>\n<label> Postleitzahl<br>\n    <span class=\"wpcf7-form-control-wrap\" data-name=\"your-plz\"><input class=\"wpcf7-form-control wpcf7-number wpcf7-validates-as-required wpcf7-validates-as-number\" aria-required=\"true\" aria-invalid=\"false\" value=\"\" type=\"number\" name=\"your-plz\" \/><\/span> <\/label>\n<br>\n<label> Land<br>\n    <span class=\"wpcf7-form-control-wrap\" data-name=\"your-country\"><input size=\"40\" maxlength=\"400\" class=\"wpcf7-form-control wpcf7-text wpcf7-validates-as-required\" aria-required=\"true\" aria-invalid=\"false\" value=\"\" type=\"text\" name=\"your-country\" \/><\/span> <\/label>\n<br>\n<label> Telefonnummer<br>\n    <span class=\"wpcf7-form-control-wrap\" data-name=\"your-telephone\"><input size=\"40\" maxlength=\"400\" class=\"wpcf7-form-control wpcf7-tel wpcf7-text wpcf7-validates-as-tel\" aria-invalid=\"false\" value=\"\" type=\"tel\" name=\"your-telephone\" \/><\/span> <\/label>\n<br>\n<label> E-Mail-Adresse<br>\n    <span class=\"wpcf7-form-control-wrap\" data-name=\"your-email\"><input size=\"40\" maxlength=\"400\" class=\"wpcf7-form-control wpcf7-email wpcf7-validates-as-required wpcf7-text wpcf7-validates-as-email\" aria-required=\"true\" aria-invalid=\"false\" value=\"\" type=\"email\" name=\"your-email\" \/><\/span> <\/label>\n<br>\n<label> Ihre Frage<br>\n    <span class=\"wpcf7-form-control-wrap\" data-name=\"your-message\"><textarea cols=\"40\" rows=\"10\" maxlength=\"2000\" class=\"wpcf7-form-control wpcf7-textarea\" aria-invalid=\"false\" name=\"your-message\"><\/textarea><\/span> <\/label>\n<br>\n<input class=\"wpcf7-form-control wpcf7-submit has-spinner\" type=\"submit\" value=\"Senden\" \/><div class=\"wpcf7-response-output\" aria-hidden=\"true\"><\/div>\n<\/form>\n<\/div>\n\n<\/div>\n<\/div>\n","protected":false},"excerpt":{"rendered":"<p>Die intelligente Konstruktion der Linearmotoren SSCP erm\u00f6glicht eine maximale Leistungsdichte bei niedrigem Platzbedarf. Das Edelstahlgeh\u00e4use der Linearmotoren verleiht den Motoren eine extrem hohe Best\u00e4ndigkeit gegen Reinigungsmittel und anderen Umwelteinfl\u00fcssen. Die Motoren kommen zum Einsatz, wenn wertvollen Kaffee ger\u00f6stet, k\u00f6stliches Biere abgef\u00fcllt, leckere Backwaren herstellt oder Fleischerzeugnisse verpackt werden. Mehr zu den SSCP Edelstahl-Linearmotoren Branchen-Beispiele Weitere [&hellip;]<\/p>\n","protected":false},"author":9,"featured_media":0,"parent":0,"menu_order":88,"comment_status":"closed","ping_status":"closed","template":"","meta":{"_acf_changed":false,"footnotes":""},"class_list":["post-2077","page","type-page","status-publish","hentry"],"acf":[],"yoast_head":"<!-- This site is optimized with the Yoast SEO Premium plugin v20.9 (Yoast SEO v27.3) - https:\/\/yoast.com\/product\/yoast-seo-premium-wordpress\/ -->\n<title>Cleveres Design trifft Performance \u2013 Edelstahmotoren SSCP<\/title>\n<meta name=\"description\" content=\"Die intelligente Konstruktion der Linearmotoren SSCP erm\u00f6glicht eine maximale Leistungsdichte bei niedrigem Platzbedarf.\" \/>\n<meta name=\"robots\" content=\"index, follow, max-snippet:-1, max-image-preview:large, max-video-preview:-1\" \/>\n<link rel=\"canonical\" href=\"https:\/\/linmot.com\/de\/ein-cleveres-design-mit-enormer-performance-edelstahl-linearmotoren-sscp\/\" \/>\n<meta property=\"og:locale\" content=\"de_DE\" \/>\n<meta property=\"og:type\" content=\"article\" \/>\n<meta property=\"og:title\" content=\"Cleveres Design trifft Performance \u2013 Edelstahmotoren SSCP\" \/>\n<meta property=\"og:description\" content=\"Die intelligente Konstruktion der Linearmotoren SSCP erm\u00f6glicht eine maximale Leistungsdichte bei niedrigem Platzbedarf.\" \/>\n<meta property=\"og:url\" content=\"https:\/\/linmot.com\/de\/ein-cleveres-design-mit-enormer-performance-edelstahl-linearmotoren-sscp\/\" \/>\n<meta property=\"og:site_name\" content=\"LinMot &amp; MagSpring - Deutsch\" \/>\n<meta property=\"article:modified_time\" content=\"2023-05-22T13:40:51+00:00\" \/>\n<meta property=\"og:image\" content=\"https:\/\/linmot.com\/de\/wp-content\/uploads\/sites\/2\/2021\/05\/LinMot-Firmengebaeude.jpg\" \/>\n\t<meta property=\"og:image:width\" content=\"560\" \/>\n\t<meta property=\"og:image:height\" content=\"282\" \/>\n\t<meta property=\"og:image:type\" content=\"image\/jpeg\" \/>\n<meta name=\"twitter:card\" content=\"summary_large_image\" \/>\n<meta name=\"twitter:title\" content=\"Cleveres Design trifft Performance \u2013 Edelstahmotoren SSCP\" \/>\n<meta name=\"twitter:description\" content=\"Die intelligente Konstruktion der Linearmotoren SSCP erm\u00f6glicht eine maximale Leistungsdichte bei niedrigem Platzbedarf.\" \/>\n<meta name=\"twitter:image\" content=\"https:\/\/linmot.com\/de\/wp-content\/uploads\/sites\/2\/2021\/05\/LinMot-Firmengebaeude.jpg\" \/>\n<meta name=\"twitter:label1\" content=\"Gesch\u00e4tzte Lesezeit\" \/>\n\t<meta name=\"twitter:data1\" content=\"3 Minuten\" \/>\n<script type=\"application\/ld+json\" class=\"yoast-schema-graph\">{\"@context\":\"https:\\\/\\\/schema.org\",\"@graph\":[{\"@type\":\"WebPage\",\"@id\":\"https:\\\/\\\/linmot.com\\\/de\\\/ein-cleveres-design-mit-enormer-performance-edelstahl-linearmotoren-sscp\\\/\",\"url\":\"https:\\\/\\\/linmot.com\\\/de\\\/ein-cleveres-design-mit-enormer-performance-edelstahl-linearmotoren-sscp\\\/\",\"name\":\"Cleveres Design trifft Performance \u2013 Edelstahmotoren SSCP\",\"isPartOf\":{\"@id\":\"https:\\\/\\\/linmot.com\\\/de\\\/#website\"},\"primaryImageOfPage\":{\"@id\":\"https:\\\/\\\/linmot.com\\\/de\\\/ein-cleveres-design-mit-enormer-performance-edelstahl-linearmotoren-sscp\\\/#primaryimage\"},\"image\":{\"@id\":\"https:\\\/\\\/linmot.com\\\/de\\\/ein-cleveres-design-mit-enormer-performance-edelstahl-linearmotoren-sscp\\\/#primaryimage\"},\"thumbnailUrl\":\"https:\\\/\\\/linmot.com\\\/de\\\/wp-content\\\/uploads\\\/sites\\\/2\\\/2021\\\/07\\\/icon-food.png\",\"datePublished\":\"2021-07-29T11:47:56+00:00\",\"dateModified\":\"2023-05-22T13:40:51+00:00\",\"description\":\"Die intelligente Konstruktion der Linearmotoren SSCP erm\u00f6glicht eine maximale Leistungsdichte bei niedrigem Platzbedarf.\",\"breadcrumb\":{\"@id\":\"https:\\\/\\\/linmot.com\\\/de\\\/ein-cleveres-design-mit-enormer-performance-edelstahl-linearmotoren-sscp\\\/#breadcrumb\"},\"inLanguage\":\"de\",\"potentialAction\":[{\"@type\":\"ReadAction\",\"target\":[\"https:\\\/\\\/linmot.com\\\/de\\\/ein-cleveres-design-mit-enormer-performance-edelstahl-linearmotoren-sscp\\\/\"]}]},{\"@type\":\"ImageObject\",\"inLanguage\":\"de\",\"@id\":\"https:\\\/\\\/linmot.com\\\/de\\\/ein-cleveres-design-mit-enormer-performance-edelstahl-linearmotoren-sscp\\\/#primaryimage\",\"url\":\"https:\\\/\\\/linmot.com\\\/de\\\/wp-content\\\/uploads\\\/sites\\\/2\\\/2021\\\/07\\\/icon-food.png\",\"contentUrl\":\"https:\\\/\\\/linmot.com\\\/de\\\/wp-content\\\/uploads\\\/sites\\\/2\\\/2021\\\/07\\\/icon-food.png\",\"width\":71,\"height\":39,\"caption\":\"Icon f\u00fcr Lebensmittelbranche\"},{\"@type\":\"BreadcrumbList\",\"@id\":\"https:\\\/\\\/linmot.com\\\/de\\\/ein-cleveres-design-mit-enormer-performance-edelstahl-linearmotoren-sscp\\\/#breadcrumb\",\"itemListElement\":[{\"@type\":\"ListItem\",\"position\":1,\"name\":\"LinMot\",\"item\":\"https:\\\/\\\/linmot.com\\\/de\\\/\"},{\"@type\":\"ListItem\",\"position\":2,\"name\":\"Ein cleveres Design mit enormer Performance \u2013 Edelstahl Linearmotoren SSCP\"}]},{\"@type\":\"WebSite\",\"@id\":\"https:\\\/\\\/linmot.com\\\/de\\\/#website\",\"url\":\"https:\\\/\\\/linmot.com\\\/de\\\/\",\"name\":\"LinMot & MagSpring - Industrielle Linearmotoren\",\"description\":\"Hochwertigen Linearmotoren und Linearmotorsystemen\",\"publisher\":{\"@id\":\"https:\\\/\\\/linmot.com\\\/de\\\/#organization\"},\"potentialAction\":[{\"@type\":\"SearchAction\",\"target\":{\"@type\":\"EntryPoint\",\"urlTemplate\":\"https:\\\/\\\/linmot.com\\\/de\\\/?s={search_term_string}\"},\"query-input\":{\"@type\":\"PropertyValueSpecification\",\"valueRequired\":true,\"valueName\":\"search_term_string\"}}],\"inLanguage\":\"de\"},{\"@type\":\"Organization\",\"@id\":\"https:\\\/\\\/linmot.com\\\/de\\\/#organization\",\"name\":\"NTI AG - LinMot & MagSpring\",\"url\":\"https:\\\/\\\/linmot.com\\\/de\\\/\",\"logo\":{\"@type\":\"ImageObject\",\"inLanguage\":\"de\",\"@id\":\"https:\\\/\\\/linmot.com\\\/de\\\/#\\\/schema\\\/logo\\\/image\\\/\",\"url\":\"https:\\\/\\\/linmot.com\\\/de\\\/wp-content\\\/uploads\\\/sites\\\/2\\\/2022\\\/01\\\/social-logo.jpg\",\"contentUrl\":\"https:\\\/\\\/linmot.com\\\/de\\\/wp-content\\\/uploads\\\/sites\\\/2\\\/2022\\\/01\\\/social-logo.jpg\",\"width\":800,\"height\":500,\"caption\":\"NTI AG - LinMot & MagSpring\"},\"image\":{\"@id\":\"https:\\\/\\\/linmot.com\\\/de\\\/#\\\/schema\\\/logo\\\/image\\\/\"},\"sameAs\":[\"https:\\\/\\\/www.linkedin.com\\\/company\\\/nti-ag-linmot-magspring\",\"https:\\\/\\\/www.youtube.com\\\/user\\\/LinMotEurope\",\"https:\\\/\\\/www.xing.com\\\/pages\\\/linmot-magspring\"]}]}<\/script>\n<!-- \/ Yoast SEO Premium plugin. -->","yoast_head_json":{"title":"Cleveres Design trifft Performance \u2013 Edelstahmotoren SSCP","description":"Die intelligente Konstruktion der Linearmotoren SSCP erm\u00f6glicht eine maximale Leistungsdichte bei niedrigem Platzbedarf.","robots":{"index":"index","follow":"follow","max-snippet":"max-snippet:-1","max-image-preview":"max-image-preview:large","max-video-preview":"max-video-preview:-1"},"canonical":"https:\/\/linmot.com\/de\/ein-cleveres-design-mit-enormer-performance-edelstahl-linearmotoren-sscp\/","og_locale":"de_DE","og_type":"article","og_title":"Cleveres Design trifft Performance \u2013 Edelstahmotoren SSCP","og_description":"Die intelligente Konstruktion der Linearmotoren SSCP erm\u00f6glicht eine maximale Leistungsdichte bei niedrigem Platzbedarf.","og_url":"https:\/\/linmot.com\/de\/ein-cleveres-design-mit-enormer-performance-edelstahl-linearmotoren-sscp\/","og_site_name":"LinMot &amp; MagSpring - Deutsch","article_modified_time":"2023-05-22T13:40:51+00:00","og_image":[{"width":560,"height":282,"url":"https:\/\/linmot.com\/de\/wp-content\/uploads\/sites\/2\/2021\/05\/LinMot-Firmengebaeude.jpg","type":"image\/jpeg"}],"twitter_card":"summary_large_image","twitter_title":"Cleveres Design trifft Performance \u2013 Edelstahmotoren SSCP","twitter_description":"Die intelligente Konstruktion der Linearmotoren SSCP erm\u00f6glicht eine maximale Leistungsdichte bei niedrigem Platzbedarf.","twitter_image":"https:\/\/linmot.com\/de\/wp-content\/uploads\/sites\/2\/2021\/05\/LinMot-Firmengebaeude.jpg","twitter_misc":{"Gesch\u00e4tzte Lesezeit":"3 Minuten"},"schema":{"@context":"https:\/\/schema.org","@graph":[{"@type":"WebPage","@id":"https:\/\/linmot.com\/de\/ein-cleveres-design-mit-enormer-performance-edelstahl-linearmotoren-sscp\/","url":"https:\/\/linmot.com\/de\/ein-cleveres-design-mit-enormer-performance-edelstahl-linearmotoren-sscp\/","name":"Cleveres Design trifft Performance \u2013 Edelstahmotoren SSCP","isPartOf":{"@id":"https:\/\/linmot.com\/de\/#website"},"primaryImageOfPage":{"@id":"https:\/\/linmot.com\/de\/ein-cleveres-design-mit-enormer-performance-edelstahl-linearmotoren-sscp\/#primaryimage"},"image":{"@id":"https:\/\/linmot.com\/de\/ein-cleveres-design-mit-enormer-performance-edelstahl-linearmotoren-sscp\/#primaryimage"},"thumbnailUrl":"https:\/\/linmot.com\/de\/wp-content\/uploads\/sites\/2\/2021\/07\/icon-food.png","datePublished":"2021-07-29T11:47:56+00:00","dateModified":"2023-05-22T13:40:51+00:00","description":"Die intelligente Konstruktion der Linearmotoren SSCP erm\u00f6glicht eine maximale Leistungsdichte bei niedrigem Platzbedarf.","breadcrumb":{"@id":"https:\/\/linmot.com\/de\/ein-cleveres-design-mit-enormer-performance-edelstahl-linearmotoren-sscp\/#breadcrumb"},"inLanguage":"de","potentialAction":[{"@type":"ReadAction","target":["https:\/\/linmot.com\/de\/ein-cleveres-design-mit-enormer-performance-edelstahl-linearmotoren-sscp\/"]}]},{"@type":"ImageObject","inLanguage":"de","@id":"https:\/\/linmot.com\/de\/ein-cleveres-design-mit-enormer-performance-edelstahl-linearmotoren-sscp\/#primaryimage","url":"https:\/\/linmot.com\/de\/wp-content\/uploads\/sites\/2\/2021\/07\/icon-food.png","contentUrl":"https:\/\/linmot.com\/de\/wp-content\/uploads\/sites\/2\/2021\/07\/icon-food.png","width":71,"height":39,"caption":"Icon f\u00fcr Lebensmittelbranche"},{"@type":"BreadcrumbList","@id":"https:\/\/linmot.com\/de\/ein-cleveres-design-mit-enormer-performance-edelstahl-linearmotoren-sscp\/#breadcrumb","itemListElement":[{"@type":"ListItem","position":1,"name":"LinMot","item":"https:\/\/linmot.com\/de\/"},{"@type":"ListItem","position":2,"name":"Ein cleveres Design mit enormer Performance \u2013 Edelstahl Linearmotoren SSCP"}]},{"@type":"WebSite","@id":"https:\/\/linmot.com\/de\/#website","url":"https:\/\/linmot.com\/de\/","name":"LinMot & MagSpring - Industrielle Linearmotoren","description":"Hochwertigen Linearmotoren und Linearmotorsystemen","publisher":{"@id":"https:\/\/linmot.com\/de\/#organization"},"potentialAction":[{"@type":"SearchAction","target":{"@type":"EntryPoint","urlTemplate":"https:\/\/linmot.com\/de\/?s={search_term_string}"},"query-input":{"@type":"PropertyValueSpecification","valueRequired":true,"valueName":"search_term_string"}}],"inLanguage":"de"},{"@type":"Organization","@id":"https:\/\/linmot.com\/de\/#organization","name":"NTI AG - LinMot & MagSpring","url":"https:\/\/linmot.com\/de\/","logo":{"@type":"ImageObject","inLanguage":"de","@id":"https:\/\/linmot.com\/de\/#\/schema\/logo\/image\/","url":"https:\/\/linmot.com\/de\/wp-content\/uploads\/sites\/2\/2022\/01\/social-logo.jpg","contentUrl":"https:\/\/linmot.com\/de\/wp-content\/uploads\/sites\/2\/2022\/01\/social-logo.jpg","width":800,"height":500,"caption":"NTI AG - LinMot & MagSpring"},"image":{"@id":"https:\/\/linmot.com\/de\/#\/schema\/logo\/image\/"},"sameAs":["https:\/\/www.linkedin.com\/company\/nti-ag-linmot-magspring","https:\/\/www.youtube.com\/user\/LinMotEurope","https:\/\/www.xing.com\/pages\/linmot-magspring"]}]}},"_links":{"self":[{"href":"https:\/\/linmot.com\/de\/wp-json\/wp\/v2\/pages\/2077","targetHints":{"allow":["GET"]}}],"collection":[{"href":"https:\/\/linmot.com\/de\/wp-json\/wp\/v2\/pages"}],"about":[{"href":"https:\/\/linmot.com\/de\/wp-json\/wp\/v2\/types\/page"}],"author":[{"embeddable":true,"href":"https:\/\/linmot.com\/de\/wp-json\/wp\/v2\/users\/9"}],"replies":[{"embeddable":true,"href":"https:\/\/linmot.com\/de\/wp-json\/wp\/v2\/comments?post=2077"}],"version-history":[{"count":14,"href":"https:\/\/linmot.com\/de\/wp-json\/wp\/v2\/pages\/2077\/revisions"}],"predecessor-version":[{"id":4354,"href":"https:\/\/linmot.com\/de\/wp-json\/wp\/v2\/pages\/2077\/revisions\/4354"}],"wp:attachment":[{"href":"https:\/\/linmot.com\/de\/wp-json\/wp\/v2\/media?parent=2077"}],"curies":[{"name":"wp","href":"https:\/\/api.w.org\/{rel}","templated":true}]}}